{"id":48,"date":"2025-12-24T03:25:25","date_gmt":"2025-12-24T03:25:25","guid":{"rendered":"https:\/\/www.impacttesting.net\/?page_id=48"},"modified":"2025-12-24T05:48:32","modified_gmt":"2025-12-24T05:48:32","slug":"pendulum-impact-tester","status":"publish","type":"page","link":"https:\/\/www.impacttesting.net\/lt\/pendulum-impact-tester\/","title":{"rendered":"PIT-01 \u0161vytuoklinis sm\u016bginis testeris"},"content":{"rendered":"<section class=\"section\" id=\"section_1986315326\">\n\t\t<div class=\"bg section-bg fill bg-fill  bg-loaded\" >\n\n\t\t\t\n\t\t\t\n\t\t\t\n\n\t\t<\/div>\n\n\t\t\n\n\t\t<div class=\"section-content relative\">\n\t\t\t\n\n<div class=\"row\"  id=\"row-1940899335\">\n\n\n\t<div id=\"col-415900015\" class=\"col small-12 large-12\"  >\n\t\t\t\t<div class=\"col-inner\" style=\"background-color:rgb(92, 171, 188);\" >\n\t\t\t\n\t\t\t\n\n<div class=\"row\"  id=\"row-937955903\">\n\n\n\t<div id=\"col-1821836520\" class=\"col small-12 large-12\"  >\n\t\t\t\t<div class=\"col-inner\"  >\n\t\t\t\n\t\t\t\n\n\t<div id=\"text-3831349040\" class=\"text\">\n\t\t\n\n<h1>PIT-01 \u0161vytuoklinis sm\u016bgiavimo testeris<\/h1>\n\t\t\n<style>\n#text-3831349040 {\n  font-size: 1.5rem;\n  text-align: center;\n}\n<\/style>\n\t<\/div>\n\t\n\n\t\t<\/div>\n\t\t\t\t\n<style>\n#col-1821836520 > .col-inner {\n  padding: 50px 10px 10px 10px;\n}\n<\/style>\n\t<\/div>\n\n\t\n\n<\/div>\n<div class=\"row align-middle align-center\"  id=\"row-1712437262\">\n\n\n\t<div id=\"col-2066586952\" class=\"col medium-11 small-12 large-11\"  >\n\t\t\t\t<div class=\"col-inner\"  >\n\t\t\t\n\t\t\t\n\n<div class=\"row align-middle align-center\"  id=\"row-2108897408\">\n\n\n\t<div id=\"col-1835157025\" class=\"col medium-7 small-12 large-7\"  >\n\t\t\t\t<div class=\"col-inner\"  >\n\t\t\t\n\t\t\t\n\n<div class=\"row\"  id=\"row-67209165\">\n\n\n\t<div id=\"col-1832444291\" class=\"col small-12 large-12\"  >\n\t\t\t\t<div class=\"col-inner text-center\"  >\n\t\t\t\n\t\t\t\n\n\t<div id=\"text-1758595879\" class=\"text\">\n\t\t\n\n<p>Svetain\u0117 <strong>\u0161vytuoklinis sm\u016bgio testeris<\/strong> matuojamas med\u017eiagos atsparumas staigiems sm\u016bgiams, fiksuojant energij\u0105, kurios reikia ply\u0161imui ar prasiskverbimui sukelti. <a href=\"https:\/\/www.impacttesting.net\/lt\/astm-d3420\/\"><strong>ASTM D3420<\/strong><\/a> pateikiamas standartizuotas plastikini\u0173 pl\u0117veli\u0173 atsparumo sm\u016bgiams vertinimo metodas, u\u017etikrinantis nuosekli\u0105 kokyb\u0117s kontrol\u0119 ir med\u017eiagos apib\u016bdinim\u0105. Da\u017eniausiai testuojamos \u0161ios med\u017eiagos <strong>plastikin\u0117s pl\u0117vel\u0117s, laminatai, kompozitai, pl\u0117vel\u0117s ir popierius, naudojami pakuot\u0117ms.<\/strong>, automobili\u0173 ir statybos srityse.<\/p>\n\t\t\n<style>\n#text-1758595879 {\n  color: rgb(0, 0, 0);\n}\n#text-1758595879 > * {\n  color: rgb(0, 0, 0);\n}\n<\/style>\n\t<\/div>\n\t\n\n\t\t<\/div>\n\t\t\t\t\t<\/div>\n\n\t\n\n\t<div id=\"col-360650178\" class=\"col small-12 large-12\"  >\n\t\t\t\t<div class=\"col-inner text-center\"  >\n\t\t\t\n\t\t\t\n\n<a href=\"https:\/\/www.impacttesting.net\/lt\/contact-us\/\" class=\"button primary is-outline\"  style=\"border-radius:99px;\">\n    <span>Susisiekite su mumis<\/span>\n  <i class=\"icon-chat\" aria-hidden=\"true\" ><\/i><\/a>\n\n\n\n\t\t<\/div>\n\t\t\t\t\t<\/div>\n\n\t\n\n<\/div>\n\n\t\t<\/div>\n\t\t\t\t\t<\/div>\n\n\t\n\n\t<div id=\"col-1656989633\" class=\"col medium-4 small-12 large-4\"  >\n\t\t\t\t<div class=\"col-inner\"  >\n\t\t\t\n\t\t\t\n\n<div class=\"row\"  id=\"row-933690206\">\n\n\n\t<div id=\"col-560482781\" class=\"col small-12 large-12\"  >\n\t\t\t\t<div class=\"col-inner\"  >\n\t\t\t\n\t\t\t\n\n\t<div class=\"img has-hover x md-x lg-x y md-y lg-y\" id=\"image_521920198\">\n\t\t\t\t\t\t\t\t<div class=\"img-inner dark\" >\n\t\t\t<img decoding=\"async\" width=\"728\" height=\"800\" src=\"https:\/\/www.impacttesting.net\/wp-content\/uploads\/2025\/12\/Pendulum-Impact-Tester-ASTM-D3420-amp-Spencer-Impact-Test-Impact-Testing-728x800.webp\" class=\"attachment-large size-large\" alt=\"\u0160vytuoklinis sm\u016bgio testeris - ASTM D3420 ir Spencerio sm\u016bgio testas - Sm\u016bgio testavimas\" srcset=\"https:\/\/www.impacttesting.net\/wp-content\/uploads\/2025\/12\/Pendulum-Impact-Tester-ASTM-D3420-amp-Spencer-Impact-Test-Impact-Testing-728x800.webp 728w, https:\/\/www.impacttesting.net\/wp-content\/uploads\/2025\/12\/Pendulum-Impact-Tester-ASTM-D3420-amp-Spencer-Impact-Test-Impact-Testing-364x400.webp 364w, https:\/\/www.impacttesting.net\/wp-content\/uploads\/2025\/12\/Pendulum-Impact-Tester-ASTM-D3420-amp-Spencer-Impact-Test-Impact-Testing-768x844.webp 768w, https:\/\/www.impacttesting.net\/wp-content\/uploads\/2025\/12\/Pendulum-Impact-Tester-ASTM-D3420-amp-Spencer-Impact-Test-Impact-Testing-1397x1536.webp 1397w, https:\/\/www.impacttesting.net\/wp-content\/uploads\/2025\/12\/Pendulum-Impact-Tester-ASTM-D3420-amp-Spencer-Impact-Test-Impact-Testing.webp 1558w\" sizes=\"(max-width: 728px) 100vw, 728px\" \/>\t\t\t\t\t\t\n\t\t\t\t\t<\/div>\n\t\t\t\t\t\t\t\t\n<style>\n#image_521920198 {\n  width: 100%;\n}\n<\/style>\n\t<\/div>\n\t\n\n\n\t\t<\/div>\n\t\t\t\t\t<\/div>\n\n\t\n\n<\/div>\n\n\t\t<\/div>\n\t\t\t\t\t<\/div>\n\n\t\n\n<\/div>\n\n\t\t<\/div>\n\t\t\t\t\t<\/div>\n\n\t\n\n<\/div>\n\n\t\t<\/div>\n\t\t\t\t\t<\/div>\n\n\t\n\n\n<style>\n#row-1940899335 > .col > .col-inner {\n  border-radius: 25px;\n}\n<\/style>\n<\/div>\n\n\t\t<\/div>\n\n\t\t\n<style>\n#section_1986315326 {\n  padding-top: 30px;\n  padding-bottom: 30px;\n}\n<\/style>\n\t<\/section>\n\t\n\t<section class=\"section\" id=\"section_225093268\">\n\t\t<div class=\"bg section-bg fill bg-fill  bg-loaded\" >\n\n\t\t\t\n\t\t\t\n\t\t\t\n\n\t\t<\/div>\n\n\t\t\n\n\t\t<div class=\"section-content relative\">\n\t\t\t\n\n<div class=\"row\"  id=\"row-1402370928\">\n\n\n\t<div id=\"col-1026068694\" class=\"col small-12 large-12\"  >\n\t\t\t\t<div class=\"col-inner\"  >\n\t\t\t\n\t\t\t\n\n<div class=\"row\"  id=\"row-708176784\">\n\n\n\t<div id=\"col-1318372140\" class=\"col small-12 large-12\"  >\n\t\t\t\t<div class=\"col-inner\"  >\n\t\t\t\n\t\t\t\n\n<div class=\"row\"  id=\"row-1458349450\">\n\n\n\t<div id=\"col-771219837\" class=\"col small-12 large-12\"  >\n\t\t\t\t<div class=\"col-inner\"  >\n\t\t\t\n\t\t\t\n\n\t<div id=\"text-2730351146\" class=\"text\">\n\t\t\n\n<h2>Kaip veikia \u0161vytuoklinis sm\u016bgio testeris<\/h2>\n\t\t\n<style>\n#text-2730351146 {\n  font-size: 1.3rem;\n  text-align: center;\n}\n<\/style>\n\t<\/div>\n\t\n<p>Svetain\u0117 <strong>PIT-01 \u0161vytuoklinis sm\u016bgiavimo testeris<\/strong> pagal <strong>Impacttesting.net<\/strong> skirtas tiksliems ir pakartojamiems atsparumo sm\u016bgiams matavimams atlikti. Bandymo procesas apima:<\/p>\n\n\t\t<\/div>\n\t\t\t\t\t<\/div>\n\n\t\n\n<\/div>\n<div class=\"row align-middle\"  id=\"row-539058301\">\n\n\n\t<div id=\"col-1914721690\" class=\"col medium-6 small-12 large-6\"  >\n\t\t\t\t<div class=\"col-inner\"  >\n\t\t\t\n\t\t\t\n\n<ol>\n<li>M\u0117ginio paruo\u0161imas: Parenkamas vienodo storio ir konsistencijos m\u0117ginys.<\/li>\n<li>Bandini\u0173 fiksavimas: Pl\u0117vel\u0117 pritvirtinama naudojant pneumatin\u0119 prispaudimo sistem\u0105.<\/li>\n<li>\u0160vytuokl\u0117s i\u0161leidimas: \u0160vytuokl\u0117 su smogiam\u0105ja galvute automati\u0161kai paleid\u017eiama i\u0161 i\u0161 anksto nustatyto auk\u0161\u010dio.<\/li>\n<li>Poveikio vertinimas: \u012era\u0161oma sm\u016bgio metu med\u017eiagos sugerta energija.<\/li>\n<li>Duomen\u0173 analiz\u0117: Rezultatai rodomi skaitmenin\u0117je s\u0105sajoje, o pasirinktinai galima naudoti mikrotpausdintuv\u0105, kad b\u016bt\u0173 galima nedelsiant pateikti ataskait\u0105.<\/li>\n<\/ol>\n\n\t\t<\/div>\n\t\t\t\t\t<\/div>\n\n\t\n\n\t<div id=\"col-1654510248\" class=\"col medium-6 small-12 large-6\"  >\n\t\t\t\t<div class=\"col-inner\"  >\n\t\t\t\n\t\t\t\n\n<div class=\"video video-fit mb\" style=\"padding-top:56.25%;\"><iframe title=\"ASTM D3420 \u0161vytuokl\u0117s sm\u016bginis testeris plastikini\u0173 pl\u0117veli\u0173 lak\u0161t\u0173 sm\u016bginiam testeriui\" width=\"1020\" height=\"574\" src=\"https:\/\/www.youtube.com\/embed\/vEx4esxMESw?feature=oembed\" frameborder=\"0\" allow=\"accelerometer; autoplay; clipboard-write; encrypted-media; gyroscope; picture-in-picture; web-share\" referrerpolicy=\"strict-origin-when-cross-origin\" allowfullscreen><\/iframe><\/div>\n\n\n\t\t<\/div>\n\t\t\t\t\t<\/div>\n\n\t\n\n<\/div>\n\n\t\t<\/div>\n\t\t\t\t\t<\/div>\n\n\t\n\n<\/div>\n\n\t\t<\/div>\n\t\t\t\t\t<\/div>\n\n\t\n\n<\/div>\n<div class=\"row\"  id=\"row-1326398123\">\n\n\n\t<div id=\"col-1988158249\" class=\"col small-12 large-12\"  >\n\t\t\t\t<div class=\"col-inner\"  >\n\t\t\t\n\t\t\t\n\n<div class=\"row\"  id=\"row-528141400\">\n\n\n\t<div id=\"col-1339297017\" class=\"col small-12 large-12\"  >\n\t\t\t\t<div class=\"col-inner\"  >\n\t\t\t\n\t\t\t\n\n\t<div id=\"text-4101063718\" class=\"text\">\n\t\t\n\n<h2>ASTM D3420 ir Spencerio sm\u016bgio bandymas<\/h2>\n\t\t\n<style>\n#text-4101063718 {\n  font-size: 1.3rem;\n  text-align: center;\n}\n<\/style>\n\t<\/div>\n\t\n\n\t\t<\/div>\n\t\t\t\t\t<\/div>\n\n\t\n\n\t<div id=\"col-1053314135\" class=\"col small-12 large-12\"  >\n\t\t\t\t<div class=\"col-inner\"  >\n\t\t\t\n\t\t\t\n\n<h3>ASTM D3420 - Plastikin\u0117s pl\u0117vel\u0117s atsparumo \u0161vytuokl\u0117s sm\u016bgiams bandymo metodas<\/h3>\n<p><a href=\"https:\/\/www.impacttesting.net\/lt\/astm-d3420\/\">ASTM D3420<\/a> nurodo metod\u0105, kaip nustatyti <strong>plastikini\u0173 pl\u0117veli\u0173 atsparumas sm\u016bgiams<\/strong> matuojant energij\u0105, kurios reikia, kad \u0161vytuoklinis smogtuvas prasiskverbt\u0173 pro bandin\u012f. \u0160is bandymas yra skirtas med\u017eiagos dinaminei tempimo elgsenai didelio tempimo grei\u010dio s\u0105lygomis nustatyti, tod\u0117l jis labai svarbus vertinant pakuo\u010di\u0173 med\u017eiagas.<\/p>\n<p>Pagrindiniai ASTM D3420 standarto aspektai:<\/p>\n<p>Energijos nuostoli\u0173, patiriam\u0173 d\u0117l \u0161vytuoklinio zondo sm\u016bgio \u012f bandin\u012f, matavimas.<br \/>Dvi proced\u016bros (A ir B), besiskirian\u010dios imties dyd\u017eiu, su <strong>B proced\u016bra, da\u017enai vadinama Spencerio sm\u016bgio bandymu<\/strong>.<br \/>Svarbus naudojant, kai reikia didelio atsparumo sm\u016bgiams, pvz., maisto ir vaist\u0173 pakuo\u010di\u0173 pl\u0117vel\u0117se.<\/p>\n<h3>Spencerio sm\u016bgio testas: Specializuotas variantas<\/h3>\n<p>Svetain\u0117 <strong>Spencerio sm\u016bgio testas<\/strong> tai ASTM D3420 standarto variantas, paprastai siejamas su <strong>B proced\u016bra<\/strong>, kuriame naudojamas <strong>89 mm skersmens bandini\u0173 spaustuvas<\/strong>. \u0160is metodas pla\u010diai taikomas vertinant lanks\u010dioms pakuot\u0117ms naudojamas pl\u0117veles, u\u017etikrinant, kad med\u017eiagos atlaikyt\u0173 mechanin\u0119 apkrov\u0105 ir nesuply\u0161t\u0173 ar nepradurt\u0173.<\/p>\n\n\t\t<\/div>\n\t\t\t\t\t<\/div>\n\n\t\n\n<\/div>\n\n\t\t<\/div>\n\t\t\t\t\t<\/div>\n\n\t\n\n<\/div>\n<div class=\"row\"  id=\"row-1283508789\">\n\n\n\t<div id=\"col-1184320988\" class=\"col small-12 large-12\"  >\n\t\t\t\t<div class=\"col-inner\"  >\n\t\t\t\n\t\t\t\n\n<div class=\"row\"  id=\"row-307268095\">\n\n\n\t<div id=\"col-1550326586\" class=\"col small-12 large-12\"  >\n\t\t\t\t<div class=\"col-inner\"  >\n\t\t\t\n\t\t\t\n\n\t<div id=\"text-1740079908\" class=\"text\">\n\t\t\n\n<h2>PIT-01 \u0161vytuoklinis sm\u016bgiavimo testeris<\/h2>\n\t\t\n<style>\n#text-1740079908 {\n  font-size: 1.3rem;\n  text-align: center;\n}\n<\/style>\n\t<\/div>\n\t\n\n\t\t<\/div>\n\t\t\t\t\t<\/div>\n\n\t\n\n<\/div>\n<div class=\"row\"  id=\"row-2099111068\">\n\n\n\t<div id=\"col-607808462\" class=\"col medium-6 small-12 large-6\"  >\n\t\t\t\t<div class=\"col-inner\"  >\n\t\t\t\n\t\t\t\n\n<h3>Pagrindin\u0117s savyb\u0117s:<\/h3>\n<p>Cell Instruments' PIT-01 \u0161vytuoklinis sm\u016bginis testeris pasi\u017eymi pa\u017eangiomis funkcijomis, skirtomis labai tiksliems med\u017eiag\u0173 bandymams:<\/p>\n<ul>\n<li>PLC valdymas ir HMI jutiklinis ekranas, kad b\u016bt\u0173 lengva valdyti.<\/li>\n<li>Pneumatinis bandini\u0173 prispaudimas, u\u017etikrinantis stabil\u0173 pad\u0117ties nustatym\u0105.<\/li>\n<li>Automatinis \u0161vytuokl\u0117s atleidimas, kad b\u016bt\u0173 galima atlikti nuosekl\u0173 sm\u016bgio bandym\u0105.<\/li>\n<li>Duomen\u0173 automatin\u0117 statistika ir mikroprinteris - efektyviam rezultat\u0173 dokumentavimui.<\/li>\n<li>Tikslus kampo matavimas, kad b\u016bt\u0173 galima atlikti tikslius energijos skai\u010diavimus.<\/li>\n<li>RS232 prievadas ir programin\u0117 \u012franga (pasirinktinai), skirta pa\u017eangiai duomen\u0173 analizei.<\/li>\n<\/ul>\n\n\t\t<\/div>\n\t\t\t\t\t<\/div>\n\n\t\n\n\t<div id=\"col-1979801950\" class=\"col medium-6 small-12 large-6\"  >\n\t\t\t\t<div class=\"col-inner\"  >\n\t\t\t\n\t\t\t\n\n<h3>Technin\u0117s specifikacijos:<\/h3>\n<table width=\"360\">\n<tbody>\n<tr>\n<td style=\"text-align: center;\" width=\"143\">Poveikio energija<\/td>\n<td style=\"text-align: center;\" width=\"217\">1 J, 2 J, 3 J<\/td>\n<\/tr>\n<tr>\n<td style=\"text-align: center;\" width=\"143\">Rezoliucija<\/td>\n<td style=\"text-align: center;\" width=\"217\">\u00a00.001 J<\/td>\n<\/tr>\n<tr>\n<td style=\"text-align: center;\" width=\"143\">Sm\u016bgio galvut\u0117s dydis<\/td>\n<td style=\"text-align: center;\" width=\"217\">\u042425,4, \u042419, \u042412,7 mm\u00a0<\/td>\n<\/tr>\n<tr>\n<td style=\"text-align: center;\" width=\"143\">Bandini\u0173 spaustukas<\/td>\n<td style=\"text-align: center;\" width=\"217\">Pneumatinis spaustukas<\/td>\n<\/tr>\n<tr>\n<td style=\"text-align: center;\" width=\"143\">Spaustuko skersmuo<\/td>\n<td style=\"text-align: center;\" width=\"217\">\u042489 mm, \u042460 mm<\/td>\n<\/tr>\n<tr>\n<td style=\"text-align: center;\" width=\"143\">Duj\u0173 tiekimas<\/td>\n<td style=\"text-align: center;\" width=\"217\">0,6 MPa \u03a66 mm PU vamzd\u017eiai<\/td>\n<\/tr>\n<tr>\n<td style=\"text-align: center;\" width=\"143\">Pavyzd\u017eio dydis<\/td>\n<td style=\"text-align: center;\" width=\"217\">100*100 mm arba F100 mm<\/td>\n<\/tr>\n<tr>\n<td style=\"text-align: center;\" width=\"143\">Maitinimo \u0161altinis\u00a0<\/td>\n<td style=\"text-align: center;\" width=\"217\">110~220V 50Hz kintamosios srov\u0117s \u012ftampa<\/td>\n<\/tr>\n<\/tbody>\n<\/table>\n\n\t\t<\/div>\n\t\t\t\t\t<\/div>\n\n\t\n\n<\/div>\n\n\t\t<\/div>\n\t\t\t\t\t<\/div>\n\n\t\n\n<\/div>\n\n\t\t<\/div>\n\n\t\t\n<style>\n#section_225093268 {\n  padding-top: 30px;\n  padding-bottom: 30px;\n}\n<\/style>\n\t<\/section>\n\t\n\t<section class=\"section\" id=\"section_551571761\">\n\t\t<div class=\"bg section-bg fill bg-fill  bg-loaded\" >\n\n\t\t\t\n\t\t\t\n\t\t\t\n\n\t\t<\/div>\n\n\t\t\n\n\t\t<div class=\"section-content relative\">\n\t\t\t\n\n<div class=\"row\"  id=\"row-293414660\">\n\n\n\t<div id=\"col-744066311\" class=\"col small-12 large-12\"  >\n\t\t\t\t<div class=\"col-inner\"  >\n\t\t\t\n\t\t\t\n\n<div class=\"row align-equal align-center\"  id=\"row-757443047\">\n\n\n\t<div id=\"col-1391088290\" class=\"col small-12 large-12\"  >\n\t\t\t\t<div class=\"col-inner\"  >\n\t\t\t\n\t\t\t\n\n\t<div id=\"text-1855786604\" class=\"text\">\n\t\t\n\n<h2>Kod\u0117l verta rinktis Impacttesting.net<br \/>PIT-01 \u0161vytuoklinis sm\u016bgiavimo testeris<\/h2>\n\t\t\n<style>\n#text-1855786604 {\n  font-size: 1.4rem;\n  text-align: center;\n}\n<\/style>\n\t<\/div>\n\t\n\n\t\t<\/div>\n\t\t\t\t\t<\/div>\n\n\t\n\n\t<div id=\"col-1685453341\" class=\"col medium-6 small-12 large-6\"  >\n\t\t\t\t<div class=\"col-inner text-center\"  >\n\t\t\t\n\t\t\t\n\n\t<div id=\"text-2654018447\" class=\"text\">\n\t\t\n\n<p>Integruojant <strong>\u0161vytuoklinis sm\u016bginis bandymas<\/strong> \u012f kokyb\u0117s kontrol\u0117s procesus, galite padidinti gamini\u0173 ilgaam\u017ei\u0161kum\u0105 ir atitikt\u012f pramon\u0117s standartams. <strong>Impacttesting.net<\/strong> teikia moderniausius sprendimus, atitinkan\u010dius j\u016bs\u0173 med\u017eiag\u0173 bandym\u0173 poreikius.<\/p>\n\t\t\n<style>\n#text-2654018447 {\n  font-size: 1.1rem;\n  line-height: 2;\n}\n<\/style>\n\t<\/div>\n\t\n<a href=\"https:\/\/www.impacttesting.net\/lt\/contact-us\/\" class=\"button primary is-outline\"  style=\"border-radius:99px;\">\n    <span>Susisiekite su mumis<\/span>\n  <i class=\"icon-chat\" aria-hidden=\"true\" ><\/i><\/a>\n\n\n\n\t\t<\/div>\n\t\t\t\t\t<\/div>\n\n\t\n\n\t<div id=\"col-1012973932\" class=\"col medium-4 small-12 large-4\"  >\n\t\t\t\t<div class=\"col-inner text-center\"  >\n\t\t\t\n\t\t\t\n\n\n<div class=\"wpcf7 no-js\" id=\"wpcf7-f10-o1\" lang=\"en-US\" dir=\"ltr\" data-wpcf7-id=\"10\">\n<div class=\"screen-reader-response\"><p role=\"status\" aria-live=\"polite\" aria-atomic=\"true\"><\/p> <ul><\/ul><\/div>\n<form action=\"\/lt\/wp-json\/wp\/v2\/pages\/48#wpcf7-f10-o1\" method=\"post\" class=\"wpcf7-form init\" aria-label=\"Contact form\" novalidate=\"novalidate\" data-status=\"init\" data-trp-original-action=\"\/lt\/wp-json\/wp\/v2\/pages\/48#wpcf7-f10-o1\">\n<fieldset class=\"hidden-fields-container\"><input type=\"hidden\" name=\"_wpcf7\" value=\"10\" \/><input type=\"hidden\" name=\"_wpcf7_version\" value=\"6.1.4\" \/><input type=\"hidden\" name=\"_wpcf7_locale\" value=\"en_US\" \/><input type=\"hidden\" name=\"_wpcf7_unit_tag\" value=\"wpcf7-f10-o1\" \/><input type=\"hidden\" name=\"_wpcf7_container_post\" value=\"0\" \/><input type=\"hidden\" name=\"_wpcf7_posted_data_hash\" value=\"\" \/><input type=\"hidden\" name=\"_wpcf7_recaptcha_response\" value=\"\" \/>\n<\/fieldset>\n<p><span class=\"wpcf7-form-control-wrap\" data-name=\"Name\"><input size=\"40\" maxlength=\"400\" class=\"wpcf7-form-control wpcf7-text\" aria-invalid=\"false\" placeholder=\"J\u016bs\u0173 vardas ir pavard\u0117\" value=\"\" type=\"text\" name=\"Name\" \/><\/span><br \/>\n<span class=\"wpcf7-form-control-wrap\" data-name=\"Comapany\"><input size=\"40\" maxlength=\"400\" class=\"wpcf7-form-control wpcf7-text\" aria-invalid=\"false\" placeholder=\"J\u016bs\u0173 \u012fmon\u0117\" value=\"\" type=\"text\" name=\"Comapany\" \/><\/span><br \/>\n<span class=\"wpcf7-form-control-wrap\" data-name=\"Email\"><input size=\"40\" maxlength=\"400\" class=\"wpcf7-form-control wpcf7-email wpcf7-validates-as-required wpcf7-text wpcf7-validates-as-email\" aria-required=\"true\" aria-invalid=\"false\" placeholder=\"J\u016bs\u0173 el. pa\u0161tas*\" value=\"\" type=\"email\" name=\"Email\" \/><\/span><br \/>\n<span class=\"wpcf7-form-control-wrap\" data-name=\"Message\"><textarea cols=\"40\" rows=\"10\" maxlength=\"2000\" class=\"wpcf7-form-control wpcf7-textarea\" aria-invalid=\"false\" placeholder=\"\u017dinut\u0117\" name=\"Message\"><\/textarea><\/span>\n<\/p>\n<p><input class=\"wpcf7-form-control wpcf7-submit has-spinner\" type=\"submit\" value=\"Pateikti\" \/>\n<\/p><div class=\"wpcf7-response-output\" aria-hidden=\"true\"><\/div>\n<input type=\"hidden\" name=\"trp-form-language\" value=\"lt\"\/><\/form>\n<\/div>\n\n\n\n\t\t<\/div>\n\t\t\t\t\t<\/div>\n\n\t\n\n<\/div>\n\n\t\t<\/div>\n\t\t\t\t\t<\/div>\n\n\t\n\n<\/div>\n\n\t\t<\/div>\n\n\t\t\n<style>\n#section_551571761 {\n  padding-top: 30px;\n  padding-bottom: 30px;\n  background-color: rgb(232, 234, 241);\n}\n<\/style>\n\t<\/section>","protected":false},"excerpt":{"rendered":"","protected":false},"author":1,"featured_media":0,"parent":0,"menu_order":0,"comment_status":"closed","ping_status":"closed","template":"page-blank.php","meta":{"footnotes":""},"class_list":["post-48","page","type-page","status-publish","hentry"],"_links":{"self":[{"href":"https:\/\/www.impacttesting.net\/lt\/wp-json\/wp\/v2\/pages\/48","targetHints":{"allow":["GET"]}}],"collection":[{"href":"https:\/\/www.impacttesting.net\/lt\/wp-json\/wp\/v2\/pages"}],"about":[{"href":"https:\/\/www.impacttesting.net\/lt\/wp-json\/wp\/v2\/types\/page"}],"author":[{"embeddable":true,"href":"https:\/\/www.impacttesting.net\/lt\/wp-json\/wp\/v2\/users\/1"}],"replies":[{"embeddable":true,"href":"https:\/\/www.impacttesting.net\/lt\/wp-json\/wp\/v2\/comments?post=48"}],"version-history":[{"count":5,"href":"https:\/\/www.impacttesting.net\/lt\/wp-json\/wp\/v2\/pages\/48\/revisions"}],"predecessor-version":[{"id":72,"href":"https:\/\/www.impacttesting.net\/lt\/wp-json\/wp\/v2\/pages\/48\/revisions\/72"}],"wp:attachment":[{"href":"https:\/\/www.impacttesting.net\/lt\/wp-json\/wp\/v2\/media?parent=48"}],"curies":[{"name":"wp","href":"https:\/\/api.w.org\/{rel}","templated":true}]}}