{"id":57,"date":"2025-12-24T05:15:35","date_gmt":"2025-12-24T05:15:35","guid":{"rendered":"https:\/\/www.impacttesting.net\/?page_id=57"},"modified":"2025-12-24T05:44:13","modified_gmt":"2025-12-24T05:44:13","slug":"ansi-z87-1","status":"publish","type":"page","link":"https:\/\/www.impacttesting.net\/it\/ansi-z87-1\/","title":{"rendered":"ANSI Z87.1"},"content":{"rendered":"<section class=\"section\" id=\"section_606256404\">\n\t\t<div class=\"bg section-bg fill bg-fill  bg-loaded\" >\n\n\t\t\t\n\t\t\t\n\t\t\t\n\n\t\t<\/div>\n\n\t\t\n\n\t\t<div class=\"section-content relative\">\n\t\t\t\n\n<div class=\"row\"  id=\"row-11480249\">\n\n\n\t<div id=\"col-1916502701\" class=\"col small-12 large-12\"  >\n\t\t\t\t<div class=\"col-inner\" style=\"background-color:rgb(92, 171, 188);\" >\n\t\t\t\n\t\t\t\n\n<div class=\"row\"  id=\"row-696104407\">\n\n\n\t<div id=\"col-49165192\" class=\"col small-12 large-12\"  >\n\t\t\t\t<div class=\"col-inner\"  >\n\t\t\t\n\t\t\t\n\n\t<div id=\"text-216866769\" class=\"text\">\n\t\t\n\n<h1>ANSI Z87.1<\/h1>\n\t\t\n<style>\n#text-216866769 {\n  font-size: 1.5rem;\n  text-align: center;\n}\n<\/style>\n\t<\/div>\n\t\n\t<div id=\"text-2670738963\" class=\"text\">\n\t\t\n\n<h2>Test di caduta della palla per gli occhiali di sicurezza<\/h2>\n\t\t\n<style>\n#text-2670738963 {\n  text-align: center;\n}\n<\/style>\n\t<\/div>\n\t\n\n\t\t<\/div>\n\t\t\t\t\n<style>\n#col-49165192 > .col-inner {\n  padding: 50px 10px 10px 10px;\n}\n<\/style>\n\t<\/div>\n\n\t\n\n<\/div>\n<div class=\"row align-middle align-center\"  id=\"row-864895483\">\n\n\n\t<div id=\"col-995633869\" class=\"col medium-11 small-12 large-11\"  >\n\t\t\t\t<div class=\"col-inner\"  >\n\t\t\t\n\t\t\t\n\n<div class=\"row align-center\"  id=\"row-1057258232\">\n\n\n\t<div id=\"col-1917459008\" class=\"col medium-7 small-12 large-7\"  >\n\t\t\t\t<div class=\"col-inner\"  >\n\t\t\t\n\t\t\t\n\n<div class=\"row\"  id=\"row-590104198\">\n\n\n\t<div id=\"col-597454561\" class=\"col small-12 large-12\"  >\n\t\t\t\t<div class=\"col-inner text-center\"  >\n\t\t\t\n\t\t\t\n\n\t<div id=\"text-1826667590\" class=\"text\">\n\t\t\n\n<p><strong>ANSI Z87.1<\/strong> \u00e8 uno standard fondamentale sviluppato dall'American National Standards Institute (ANSI) in collaborazione con l'International Safety Equipment Association (ISEA). Delinea le specifiche di prestazione e i criteri di prova per gli occhiali protettivi in ambito lavorativo ed educativo. Questo standard garantisce che <strong>occhiali di sicurezza, maschere e schermi per il viso<\/strong> in grado di resistere a potenziali pericoli quali urti, radiazioni non ionizzanti ed esposizione chimica.<\/p>\n\t\t\n<style>\n#text-1826667590 {\n  color: rgb(0, 0, 0);\n}\n#text-1826667590 > * {\n  color: rgb(0, 0, 0);\n}\n<\/style>\n\t<\/div>\n\t\n\n\t\t<\/div>\n\t\t\t\t\t<\/div>\n\n\t\n\n\t<div id=\"col-1689143669\" class=\"col small-12 large-12\"  >\n\t\t\t\t<div class=\"col-inner text-center\"  >\n\t\t\t\n\t\t\t\n\n<a href=\"https:\/\/www.impacttesting.net\/it\/contact-us\/\" class=\"button primary is-outline\"  style=\"border-radius:99px;\">\n    <span>Contatto<\/span>\n  <i class=\"icon-chat\" aria-hidden=\"true\" ><\/i><\/a>\n\n\n\n\t\t<\/div>\n\t\t\t\t\t<\/div>\n\n\t\n\n<\/div>\n\n\t\t<\/div>\n\t\t\t\t\t<\/div>\n\n\t\n\n\t<div id=\"col-948412464\" class=\"col medium-4 small-12 large-4\"  >\n\t\t\t\t<div class=\"col-inner\"  >\n\t\t\t\n\t\t\t\n\n<div class=\"row\"  id=\"row-863457334\">\n\n\n\t<div id=\"col-36326819\" class=\"col small-12 large-12\"  >\n\t\t\t\t<div class=\"col-inner\"  >\n\t\t\t\n\t\t\t\n\n\t<div class=\"img has-hover x md-x lg-x y md-y lg-y\" id=\"image_1427551201\">\n\t\t<a class=\"\" href=\"https:\/\/www.impacttesting.net\/it\/ball-drop-tester\/\" target=\"_blank\" rel=\"noopener\" >\t\t\t\t\t\t<div class=\"img-inner dark\" >\n\t\t\t<img decoding=\"async\" width=\"600\" height=\"440\" src=\"https:\/\/www.impacttesting.net\/wp-content\/uploads\/2025\/12\/ANSI-Z87.1-Drop-Ball-Test-for-Safety-Glasses.webp\" class=\"attachment-large size-large\" alt=\"ANSI Z87.1 Test di caduta della palla per occhiali di sicurezza\" srcset=\"https:\/\/www.impacttesting.net\/wp-content\/uploads\/2025\/12\/ANSI-Z87.1-Drop-Ball-Test-for-Safety-Glasses.webp 600w, https:\/\/www.impacttesting.net\/wp-content\/uploads\/2025\/12\/ANSI-Z87.1-Drop-Ball-Test-for-Safety-Glasses-545x400.webp 545w\" sizes=\"(max-width: 600px) 100vw, 600px\" \/>\t\t\t\t\t\t\n\t\t\t\t\t<\/div>\n\t\t\t\t\t\t<\/a>\t\t\n<style>\n#image_1427551201 {\n  width: 100%;\n}\n<\/style>\n\t<\/div>\n\t\n\n\n\t\t<\/div>\n\t\t\t\t\t<\/div>\n\n\t\n\n<\/div>\n\n\t\t<\/div>\n\t\t\t\t\t<\/div>\n\n\t\n\n<\/div>\n\n\t\t<\/div>\n\t\t\t\t\t<\/div>\n\n\t\n\n<\/div>\n\n\t\t<\/div>\n\t\t\t\t\t<\/div>\n\n\t\n\n\n<style>\n#row-11480249 > .col > .col-inner {\n  border-radius: 25px;\n}\n<\/style>\n<\/div>\n\n\t\t<\/div>\n\n\t\t\n<style>\n#section_606256404 {\n  padding-top: 30px;\n  padding-bottom: 30px;\n}\n<\/style>\n\t<\/section>\n\t\n\t<section class=\"section\" id=\"section_642123104\">\n\t\t<div class=\"bg section-bg fill bg-fill  bg-loaded\" >\n\n\t\t\t\n\t\t\t\n\t\t\t\n\n\t\t<\/div>\n\n\t\t\n\n\t\t<div class=\"section-content relative\">\n\t\t\t\n\n<div class=\"row\"  id=\"row-8511190\">\n\n\n\t<div id=\"col-915579199\" class=\"col small-12 large-12\"  >\n\t\t\t\t<div class=\"col-inner\"  >\n\t\t\t\n\t\t\t\n\n<div class=\"row\"  id=\"row-427290509\">\n\n\n\t<div id=\"col-1212065330\" class=\"col small-12 large-12\"  >\n\t\t\t\t<div class=\"col-inner\"  >\n\t\t\t\n\t\t\t\n\n<div class=\"row\"  id=\"row-1969778094\">\n\n\n\t<div id=\"col-478004330\" class=\"col small-12 large-12\"  >\n\t\t\t\t<div class=\"col-inner\"  >\n\t\t\t\n\t\t\t\n\n\t<div id=\"text-2761912542\" class=\"text\">\n\t\t\n\n<h2>ANSI Z87.1 Test di caduta della palla per occhiali di sicurezza<\/h2>\n\t\t\n<style>\n#text-2761912542 {\n  font-size: 1.3rem;\n  text-align: center;\n}\n<\/style>\n\t<\/div>\n\t\n<p data-pm-slice=\"1 1 &#091;&#093;\">Una delle valutazioni fondamentali delineate nella norma ANSI Z87.1 \u00e8 la <strong>test di caduta della palla per gli occhiali di sicurezza<\/strong>. Questa procedura \u00e8 fondamentale per verificare la resistenza agli urti delle lenti utilizzate nei dispositivi di protezione individuale (DPI).<\/p>\n\n\t\t<\/div>\n\t\t\t\t\t<\/div>\n\n\t\n\n<\/div>\n<div class=\"row\"  id=\"row-1615655714\">\n\n\n\t<div id=\"col-298114299\" class=\"col medium-6 small-12 large-6\"  >\n\t\t\t\t<div class=\"col-inner\"  >\n\t\t\t\n\t\t\t\n\n<h3>Scopo e principi del test<\/h3>\n<p>Lo scopo del test di caduta \u00e8 quello di simulare gli scenari reali in cui gli occhiali di sicurezza possono essere sottoposti a un impatto improvviso. Il test valuta se il materiale della lente \u00e8 in grado di assorbire e distribuire l'energia senza frantumarsi o penetrare, salvaguardando cos\u00ec gli occhi di chi la indossa.<\/p>\n\t<div class=\"img has-hover x md-x lg-x y md-y lg-y\" id=\"image_816754095\">\n\t\t\t\t\t\t\t\t<div class=\"img-inner dark\" >\n\t\t\t<img decoding=\"async\" width=\"600\" height=\"200\" src=\"https:\/\/www.impacttesting.net\/wp-content\/uploads\/2025\/12\/ANSI-Z87.1.webp\" class=\"attachment-large size-large\" alt=\"ANSI Z87.1\" \/>\t\t\t\t\t\t\n\t\t\t\t\t<\/div>\n\t\t\t\t\t\t\t\t\n<style>\n#image_816754095 {\n  width: 85%;\n}\n<\/style>\n\t<\/div>\n\t\n\n\n\t\t<\/div>\n\t\t\t\t\t<\/div>\n\n\t\n\n\t<div id=\"col-202440234\" class=\"col medium-6 small-12 large-6\"  >\n\t\t\t\t<div class=\"col-inner\"  >\n\t\t\t\n\t\t\t\n\n<h3>Come viene eseguito il test<\/h3>\n<p>Secondo la sezione 9.6 della norma ANSI Z87.1:<\/p>\n<ul>\n<li>Si utilizza una sfera d'acciaio del diametro di 25,4 mm (1,0 pollici) e del peso di 68 g (2,4 oz).<\/li>\n<li>La palla viene lasciata cadere da un'altezza di 127 cm (50 pollici) sulla lente posizionata su una forma rigida della testa, che imita la struttura del volto umano.<\/li>\n<li>Dopo l'impatto, la lente deve rimanere intatta, senza incrinature o penetrazioni.<\/li>\n<li>Ogni combinazione di materiale e rivestimento deve essere testata su quattro dispositivi, per garantire una coerenza affidabile.<\/li>\n<\/ul>\n\n\t\t<\/div>\n\t\t\t\t\t<\/div>\n\n\t\n\n<\/div>\n\n\t\t<\/div>\n\t\t\t\t\t<\/div>\n\n\t\n\n<\/div>\n\n\t\t<\/div>\n\t\t\t\t\t<\/div>\n\n\t\n\n<\/div>\n<div class=\"row\"  id=\"row-122602980\">\n\n\n\t<div id=\"col-1429183311\" class=\"col small-12 large-12\"  >\n\t\t\t\t<div class=\"col-inner\"  >\n\t\t\t\n\t\t\t\n\n<div class=\"row\"  id=\"row-989935150\">\n\n\n\t<div id=\"col-355424979\" class=\"col small-12 large-12\"  >\n\t\t\t\t<div class=\"col-inner\"  >\n\t\t\t\n\t\t\t\n\n\t<div id=\"text-3286825184\" class=\"text\">\n\t\t\n\n<h2>Attrezzatura per il test della palla a caduta<\/h2>\n\t\t\n<style>\n#text-3286825184 {\n  font-size: 1.3rem;\n  text-align: center;\n}\n<\/style>\n\t<\/div>\n\t\n\n\t\t<\/div>\n\t\t\t\t\t<\/div>\n\n\t\n\n<\/div>\n<div class=\"row align-middle\"  id=\"row-1359096345\">\n\n\n\t<div id=\"col-1908788272\" class=\"col medium-6 small-12 large-6\"  >\n\t\t\t\t<div class=\"col-inner\"  >\n\t\t\t\n\t\t\t\n\n<p>Per ottenere test ripetibili e affidabili, sono necessarie apparecchiature specializzate. L'FBT-01 <a href=\"https:\/\/www.impacttesting.net\/it\/ball-drop-tester\/\"><strong>Tester di caduta della palla<\/strong><\/a> di Cell Instruments \u00e8 progettato per soddisfare e superare questo standard. Offre:<\/p>\n<ul>\n<li>Sgancio elettromagnetico di precisione per un'energia d'impatto costante.<\/li>\n<li>Altezza d'impatto e specifiche della sfera regolabili per una configurazione versatile dei test.<\/li>\n<li>Touchscreen HMI e controllo PLC per una stabilit\u00e0 di prova di livello industriale.<\/li>\n<\/ul>\n<p>Questo lo rende ideale per i produttori di occhiali protettivi, <strong>Dipartimenti di controllo qualit\u00e0 dei DPI<\/strong>, e <strong>laboratori di analisi di terze parti<\/strong> che richiedono prove d'urto conformi alle norme ANSI.<\/p>\n\n\t\t<\/div>\n\t\t\t\t\t<\/div>\n\n\t\n\n\t<div id=\"col-1433777380\" class=\"col medium-6 small-12 large-6\"  >\n\t\t\t\t<div class=\"col-inner\"  >\n\t\t\t\n\t\t\t\n\n\t<div class=\"img has-hover x md-x lg-x y md-y lg-y\" id=\"image_2069519995\">\n\t\t<a class=\"\" href=\"https:\/\/www.impacttesting.net\/it\/ball-drop-tester\/\" >\t\t\t\t\t\t<div class=\"img-inner dark\" >\n\t\t\t<img decoding=\"async\" width=\"600\" height=\"440\" src=\"https:\/\/www.impacttesting.net\/wp-content\/uploads\/2025\/12\/ANSI-Z87.1-Drop-Ball-Test-for-Safety-Glasses.webp\" class=\"attachment-large size-large\" alt=\"ANSI Z87.1 Test di caduta della palla per occhiali di sicurezza\" srcset=\"https:\/\/www.impacttesting.net\/wp-content\/uploads\/2025\/12\/ANSI-Z87.1-Drop-Ball-Test-for-Safety-Glasses.webp 600w, https:\/\/www.impacttesting.net\/wp-content\/uploads\/2025\/12\/ANSI-Z87.1-Drop-Ball-Test-for-Safety-Glasses-545x400.webp 545w\" sizes=\"(max-width: 600px) 100vw, 600px\" \/>\t\t\t\t\t\t\n\t\t\t\t\t<\/div>\n\t\t\t\t\t\t<\/a>\t\t\n<style>\n#image_2069519995 {\n  width: 100%;\n}\n<\/style>\n\t<\/div>\n\t\n\n\n\t\t<\/div>\n\t\t\t\t\t<\/div>\n\n\t\n\n<\/div>\n\n\t\t<\/div>\n\t\t\t\t\t<\/div>\n\n\t\n\n<\/div>\n\n\t\t<\/div>\n\n\t\t\n<style>\n#section_642123104 {\n  padding-top: 30px;\n  padding-bottom: 30px;\n}\n<\/style>\n\t<\/section>\n\t\n\t<section class=\"section\" id=\"section_829792972\">\n\t\t<div class=\"bg section-bg fill bg-fill  bg-loaded\" >\n\n\t\t\t\n\t\t\t\n\t\t\t\n\n\t\t<\/div>\n\n\t\t\n\n\t\t<div class=\"section-content relative\">\n\t\t\t\n\n<div class=\"row\"  id=\"row-137974915\">\n\n\n\t<div id=\"col-1563178462\" class=\"col small-12 large-12\"  >\n\t\t\t\t<div class=\"col-inner\"  >\n\t\t\t\n\t\t\t\n\n<div class=\"row align-equal align-center\"  id=\"row-925439147\">\n\n\n\t<div id=\"col-545355261\" class=\"col small-12 large-12\"  >\n\t\t\t\t<div class=\"col-inner\"  >\n\t\t\t\n\t\t\t\n\n\t<div id=\"text-3653252227\" class=\"text\">\n\t\t\n\n<h2>Perch\u00e9 scegliere Impacttesting.net<br \/>FBT-01 Tester per palline a caduta<\/h2>\n\t\t\n<style>\n#text-3653252227 {\n  font-size: 1.4rem;\n  text-align: center;\n}\n<\/style>\n\t<\/div>\n\t\n\n\t\t<\/div>\n\t\t\t\t\t<\/div>\n\n\t\n\n\t<div id=\"col-170223525\" class=\"col medium-6 small-12 large-6\"  >\n\t\t\t\t<div class=\"col-inner text-center\"  >\n\t\t\t\n\t\t\t\n\n\t<div id=\"text-705664284\" class=\"text\">\n\t\t\n\n<p>Aderire a <a href=\"https:\/\/www.impacttesting.net\/it\/ansi-z87-1\/\"><strong>ANSI Z87.1<\/strong><\/a> attraverso un affidabile test di caduta garantisce che gli occhiali di sicurezza siano in grado di resistere ai rischi industriali di tutti i giorni. Con le soluzioni avanzate di Cell Instruments, come la <strong>FBT-01<\/strong>Il sistema \u00e8 in grado di garantire la conformit\u00e0 e la capacit\u00e0 di protezione del prodotto.<\/p>\n<p>Lasciate che Cell Instruments sia il vostro partner nel raggiungimento dell'eccellenza nelle prove sui materiali e nella conformit\u00e0 alla norma ANSI Z87.1.<\/p>\n\t\t\n<style>\n#text-705664284 {\n  font-size: 1.1rem;\n  line-height: 2;\n}\n<\/style>\n\t<\/div>\n\t\n<a href=\"https:\/\/www.impacttesting.net\/it\/contact-us\/\" class=\"button primary is-outline\"  style=\"border-radius:99px;\">\n    <span>Contatto<\/span>\n  <i class=\"icon-chat\" aria-hidden=\"true\" ><\/i><\/a>\n\n\n\n\t\t<\/div>\n\t\t\t\t\t<\/div>\n\n\t\n\n\t<div id=\"col-650313238\" class=\"col medium-4 small-12 large-4\"  >\n\t\t\t\t<div class=\"col-inner text-center\"  >\n\t\t\t\n\t\t\t\n\n\n<div class=\"wpcf7 no-js\" id=\"wpcf7-f10-o1\" lang=\"en-US\" dir=\"ltr\" data-wpcf7-id=\"10\">\n<div class=\"screen-reader-response\"><p role=\"status\" aria-live=\"polite\" aria-atomic=\"true\"><\/p> <ul><\/ul><\/div>\n<form action=\"\/it\/wp-json\/wp\/v2\/pages\/57#wpcf7-f10-o1\" method=\"post\" class=\"wpcf7-form init\" aria-label=\"Contact form\" novalidate=\"novalidate\" data-status=\"init\" data-trp-original-action=\"\/it\/wp-json\/wp\/v2\/pages\/57#wpcf7-f10-o1\">\n<fieldset class=\"hidden-fields-container\"><input type=\"hidden\" name=\"_wpcf7\" value=\"10\" \/><input type=\"hidden\" name=\"_wpcf7_version\" value=\"6.1.4\" \/><input type=\"hidden\" name=\"_wpcf7_locale\" value=\"en_US\" \/><input type=\"hidden\" name=\"_wpcf7_unit_tag\" value=\"wpcf7-f10-o1\" \/><input type=\"hidden\" name=\"_wpcf7_container_post\" value=\"0\" \/><input type=\"hidden\" name=\"_wpcf7_posted_data_hash\" value=\"\" \/><input type=\"hidden\" name=\"_wpcf7_recaptcha_response\" value=\"\" \/>\n<\/fieldset>\n<p><span class=\"wpcf7-form-control-wrap\" data-name=\"Name\"><input size=\"40\" maxlength=\"400\" class=\"wpcf7-form-control wpcf7-text\" aria-invalid=\"false\" placeholder=\"Il tuo nome\" value=\"\" type=\"text\" name=\"Name\" \/><\/span><br \/>\n<span class=\"wpcf7-form-control-wrap\" data-name=\"Comapany\"><input size=\"40\" maxlength=\"400\" class=\"wpcf7-form-control wpcf7-text\" aria-invalid=\"false\" placeholder=\"La vostra azienda\" value=\"\" type=\"text\" name=\"Comapany\" \/><\/span><br \/>\n<span class=\"wpcf7-form-control-wrap\" data-name=\"Email\"><input size=\"40\" maxlength=\"400\" class=\"wpcf7-form-control wpcf7-email wpcf7-validates-as-required wpcf7-text wpcf7-validates-as-email\" aria-required=\"true\" aria-invalid=\"false\" placeholder=\"Il tuo indirizzo e-mail*\" value=\"\" type=\"email\" name=\"Email\" \/><\/span><br \/>\n<span class=\"wpcf7-form-control-wrap\" data-name=\"Message\"><textarea cols=\"40\" rows=\"10\" maxlength=\"2000\" class=\"wpcf7-form-control wpcf7-textarea\" aria-invalid=\"false\" placeholder=\"Messaggio\" name=\"Message\"><\/textarea><\/span>\n<\/p>\n<p><input class=\"wpcf7-form-control wpcf7-submit has-spinner\" type=\"submit\" value=\"Invia\" \/>\n<\/p><div class=\"wpcf7-response-output\" aria-hidden=\"true\"><\/div>\n<input type=\"hidden\" name=\"trp-form-language\" value=\"it\"\/><\/form>\n<\/div>\n\n\n\n\t\t<\/div>\n\t\t\t\t\t<\/div>\n\n\t\n\n<\/div>\n\n\t\t<\/div>\n\t\t\t\t\t<\/div>\n\n\t\n\n<\/div>\n\n\t\t<\/div>\n\n\t\t\n<style>\n#section_829792972 {\n  padding-top: 30px;\n  padding-bottom: 30px;\n  background-color: rgb(232, 234, 241);\n}\n<\/style>\n\t<\/section>","protected":false},"excerpt":{"rendered":"","protected":false},"author":1,"featured_media":0,"parent":0,"menu_order":0,"comment_status":"closed","ping_status":"closed","template":"page-blank.php","meta":{"footnotes":""},"class_list":["post-57","page","type-page","status-publish","hentry"],"_links":{"self":[{"href":"https:\/\/www.impacttesting.net\/it\/wp-json\/wp\/v2\/pages\/57","targetHints":{"allow":["GET"]}}],"collection":[{"href":"https:\/\/www.impacttesting.net\/it\/wp-json\/wp\/v2\/pages"}],"about":[{"href":"https:\/\/www.impacttesting.net\/it\/wp-json\/wp\/v2\/types\/page"}],"author":[{"embeddable":true,"href":"https:\/\/www.impacttesting.net\/it\/wp-json\/wp\/v2\/users\/1"}],"replies":[{"embeddable":true,"href":"https:\/\/www.impacttesting.net\/it\/wp-json\/wp\/v2\/comments?post=57"}],"version-history":[{"count":4,"href":"https:\/\/www.impacttesting.net\/it\/wp-json\/wp\/v2\/pages\/57\/revisions"}],"predecessor-version":[{"id":68,"href":"https:\/\/www.impacttesting.net\/it\/wp-json\/wp\/v2\/pages\/57\/revisions\/68"}],"wp:attachment":[{"href":"https:\/\/www.impacttesting.net\/it\/wp-json\/wp\/v2\/media?parent=57"}],"curies":[{"name":"wp","href":"https:\/\/api.w.org\/{rel}","templated":true}]}}