{"id":85,"date":"2025-12-24T07:51:49","date_gmt":"2025-12-24T07:51:49","guid":{"rendered":"https:\/\/www.impacttesting.net\/?page_id=85"},"modified":"2025-12-24T07:51:49","modified_gmt":"2025-12-24T07:51:49","slug":"iso-7765-1","status":"publish","type":"page","link":"https:\/\/www.impacttesting.net\/hu\/iso-7765-1\/","title":{"rendered":"ISO 7765-1"},"content":{"rendered":"<section class=\"section\" id=\"section_903182283\">\n\t\t<div class=\"bg section-bg fill bg-fill  bg-loaded\" >\n\n\t\t\t\n\t\t\t\n\t\t\t\n\n\t\t<\/div>\n\n\t\t\n\n\t\t<div class=\"section-content relative\">\n\t\t\t\n\n<div class=\"row\"  id=\"row-621452979\">\n\n\n\t<div id=\"col-188571401\" class=\"col small-12 large-12\"  >\n\t\t\t\t<div class=\"col-inner\" style=\"background-color:rgb(92, 171, 188);\" >\n\t\t\t\n\t\t\t\n\n<div class=\"row\"  id=\"row-95613188\">\n\n\n\t<div id=\"col-345166014\" class=\"col small-12 large-12\"  >\n\t\t\t\t<div class=\"col-inner\"  >\n\t\t\t\n\t\t\t\n\n\t<div id=\"text-3116324813\" class=\"text\">\n\t\t\n\n<h1>ISO 7765-1<\/h1>\n\t\t\n<style>\n#text-3116324813 {\n  font-size: 1.5rem;\n  text-align: center;\n}\n<\/style>\n\t<\/div>\n\t\n\t<div id=\"text-627122092\" class=\"text\">\n\t\t\n\n<h2>Szabadon es\u0151 dart m\u00f3dszer<\/h2>\n\t\t\n<style>\n#text-627122092 {\n  text-align: center;\n}\n<\/style>\n\t<\/div>\n\t\n\n\t\t<\/div>\n\t\t\t\t\n<style>\n#col-345166014 > .col-inner {\n  padding: 50px 10px 10px 10px;\n}\n<\/style>\n\t<\/div>\n\n\t\n\n<\/div>\n<div class=\"row align-middle align-center\"  id=\"row-653385991\">\n\n\n\t<div id=\"col-780411567\" class=\"col medium-11 small-12 large-11\"  >\n\t\t\t\t<div class=\"col-inner\"  >\n\t\t\t\n\t\t\t\n\n<div class=\"row align-center\"  id=\"row-25924635\">\n\n\n\t<div id=\"col-1017163244\" class=\"col medium-7 small-12 large-7\"  >\n\t\t\t\t<div class=\"col-inner\"  >\n\t\t\t\n\t\t\t\n\n<div class=\"row\"  id=\"row-2090542664\">\n\n\n\t<div id=\"col-471011793\" class=\"col small-12 large-12\"  >\n\t\t\t\t<div class=\"col-inner text-center\"  >\n\t\t\t\n\t\t\t\n\n\t<div id=\"text-808837027\" class=\"text\">\n\t\t\n\n<p>A  elfogad\u00e1sa <a href=\"https:\/\/www.impacttesting.net\/hu\/iso-7765-1\/\"><strong>ISO 7765-1<\/strong><\/a> \u00e9s a <strong>szabadon es\u0151 dart m\u00f3dszer<\/strong> lehet\u0151v\u00e9 teszi az anyag- \u00e9s csomagol\u00e1si szakemberek sz\u00e1m\u00e1ra, hogy pontosan \u00e9rt\u00e9kelj\u00e9k a <strong>dart \u00fct\u00e9s\u00e1ll\u00f3s\u00e1g<\/strong>, biztos\u00edtva, hogy a f\u00f3li\u00e1k megfeleljenek a tart\u00f3ss\u00e1gi \u00e9s biztons\u00e1gi el\u0151\u00edr\u00e1soknak. <strong>ISO 7765-1<\/strong> ide\u00e1lis a csomagol\u00e1sban, mez\u0151gazdas\u00e1gban, orvosi \u00e9s ipari alkalmaz\u00e1sokban haszn\u00e1lt m\u0171anyag f\u00f3li\u00e1khoz \u00e9s f\u00f3lialapokhoz.<\/p>\n\t\t\n<style>\n#text-808837027 {\n  color: rgb(0, 0, 0);\n}\n#text-808837027 > * {\n  color: rgb(0, 0, 0);\n}\n<\/style>\n\t<\/div>\n\t\n\n\t\t<\/div>\n\t\t\t\t\t<\/div>\n\n\t\n\n\t<div id=\"col-1569039832\" class=\"col small-12 large-12\"  >\n\t\t\t\t<div class=\"col-inner text-center\"  >\n\t\t\t\n\t\t\t\n\n<a href=\"https:\/\/www.impacttesting.net\/hu\/contact-us\/\" class=\"button primary is-outline\"  style=\"border-radius:99px;\">\n    <span>Kapcsolatfelv\u00e9tel<\/span>\n  <i class=\"icon-chat\" aria-hidden=\"true\" ><\/i><\/a>\n\n\n\n\t\t<\/div>\n\t\t\t\t\t<\/div>\n\n\t\n\n<\/div>\n\n\t\t<\/div>\n\t\t\t\t\t<\/div>\n\n\t\n\n\t<div id=\"col-1743299457\" class=\"col medium-4 small-12 large-4\"  >\n\t\t\t\t<div class=\"col-inner\"  >\n\t\t\t\n\t\t\t\n\n<div class=\"row\"  id=\"row-918257303\">\n\n\n\t<div id=\"col-1694492620\" class=\"col small-12 large-12\"  >\n\t\t\t\t<div class=\"col-inner\"  >\n\t\t\t\n\t\t\t\n\n\t<div class=\"img has-hover x md-x lg-x y md-y lg-y\" id=\"image_1570737906\">\n\t\t\t\t\t\t\t\t<div class=\"img-inner dark\" >\n\t\t\t<img decoding=\"async\" width=\"600\" height=\"440\" src=\"https:\/\/www.impacttesting.net\/wp-content\/uploads\/2025\/12\/ISO-7765-1-Free-Falling-Dart-Method.webp\" class=\"attachment-large size-large\" alt=\"ISO 7765-1 Szabadon zuhan\u00f3 d\u00e1rda m\u00f3dszer\" srcset=\"https:\/\/www.impacttesting.net\/wp-content\/uploads\/2025\/12\/ISO-7765-1-Free-Falling-Dart-Method.webp 600w, https:\/\/www.impacttesting.net\/wp-content\/uploads\/2025\/12\/ISO-7765-1-Free-Falling-Dart-Method-545x400.webp 545w\" sizes=\"(max-width: 600px) 100vw, 600px\" \/>\t\t\t\t\t\t\n\t\t\t\t\t<\/div>\n\t\t\t\t\t\t\t\t\n<style>\n#image_1570737906 {\n  width: 100%;\n}\n<\/style>\n\t<\/div>\n\t\n\n\n\t\t<\/div>\n\t\t\t\t\t<\/div>\n\n\t\n\n<\/div>\n\n\t\t<\/div>\n\t\t\t\t\t<\/div>\n\n\t\n\n<\/div>\n\n\t\t<\/div>\n\t\t\t\t\t<\/div>\n\n\t\n\n<\/div>\n\n\t\t<\/div>\n\t\t\t\t\t<\/div>\n\n\t\n\n\n<style>\n#row-621452979 > .col > .col-inner {\n  border-radius: 25px;\n}\n<\/style>\n<\/div>\n\n\t\t<\/div>\n\n\t\t\n<style>\n#section_903182283 {\n  padding-top: 30px;\n  padding-bottom: 30px;\n}\n<\/style>\n\t<\/section>\n\t\n\t<section class=\"section\" id=\"section_532158\">\n\t\t<div class=\"bg section-bg fill bg-fill  bg-loaded\" >\n\n\t\t\t\n\t\t\t\n\t\t\t\n\n\t\t<\/div>\n\n\t\t\n\n\t\t<div class=\"section-content relative\">\n\t\t\t\n\n<div class=\"row\"  id=\"row-1651258356\">\n\n\n\t<div id=\"col-586463626\" class=\"col small-12 large-12\"  >\n\t\t\t\t<div class=\"col-inner\"  >\n\t\t\t\n\t\t\t\n\n<div class=\"row\"  id=\"row-1348133416\">\n\n\n\t<div id=\"col-1596939542\" class=\"col small-12 large-12\"  >\n\t\t\t\t<div class=\"col-inner\"  >\n\t\t\t\n\t\t\t\n\n\t<div id=\"text-1770662879\" class=\"text\">\n\t\t\n\n<h2>Az ISO 7765-1 \u00e9s jelent\u0151s\u00e9ge<\/h2>\n\t\t\n<style>\n#text-1770662879 {\n  font-size: 1.3rem;\n  text-align: center;\n}\n<\/style>\n\t<\/div>\n\t\n\n\t\t<\/div>\n\t\t\t\t\t<\/div>\n\n\t\n\n\t<div id=\"col-910386893\" class=\"col small-12 large-12\"  >\n\t\t\t\t<div class=\"col-inner\"  >\n\t\t\t\n\t\t\t\n\n<p>A k\u00f6vetkez\u0151k meg\u00e9rt\u00e9se \u00e9s v\u00e9grehajt\u00e1sa <strong>ISO 7765-1<\/strong> kulcsfontoss\u00e1g\u00fa a m\u0171anyag f\u00f3li\u00e1kkal \u00e9s rugalmas anyagokkal dolgoz\u00f3 szakemberek sz\u00e1m\u00e1ra. Ez a nemzetk\u00f6zi szabv\u00e1ny meghat\u00e1rozza az elj\u00e1r\u00e1st a <strong>dart \u00fct\u00e9s\u00e1ll\u00f3s\u00e1g<\/strong> egy m\u0171anyag f\u00f3lia seg\u00edts\u00e9g\u00e9vel <strong>szabadon es\u0151 dart m\u00f3dszer<\/strong>, egy alapvet\u0151 min\u0151s\u00e9gellen\u0151rz\u00e9si vizsg\u00e1lat. A m\u00f3dszer pontos alkalmaz\u00e1sa seg\u00edt a gy\u00e1rt\u00f3knak felm\u00e9rni, hogy az anyagok mennyire k\u00e9pesek ellen\u00e1llni az \u00fct\u00e9shat\u00e1soknak - ez a tart\u00f3ss\u00e1g \u00e9s a val\u00f3s alkalmaz\u00e1sokban ny\u00fajtott teljes\u00edtm\u00e9ny mutat\u00f3ja. Az olyan ipar\u00e1gak sz\u00e1m\u00e1ra, mint a csomagol\u00e1s, a gy\u00f3gyszeripar, az elektronika \u00e9s az \u00e9lelmiszeripar, az ISO 7765-1 szabv\u00e1ny betart\u00e1sa biztos\u00edtja a megb\u00edzhat\u00f3s\u00e1got, a k\u00f6vetkezetess\u00e9get \u00e9s a glob\u00e1lis szabv\u00e1nyoknak val\u00f3 megfelel\u00e9st.<\/p>\n\n\t\t<\/div>\n\t\t\t\t\t<\/div>\n\n\t\n\n<\/div>\n\n\t\t<\/div>\n\t\t\t\t\t<\/div>\n\n\t\n\n<\/div>\n<div class=\"row\"  id=\"row-377417644\">\n\n\n\t<div id=\"col-476164036\" class=\"col small-12 large-12\"  >\n\t\t\t\t<div class=\"col-inner\"  >\n\t\t\t\n\t\t\t\n\n<div class=\"row\"  id=\"row-1039122554\">\n\n\n\t<div id=\"col-1137003617\" class=\"col small-12 large-12\"  >\n\t\t\t\t<div class=\"col-inner\"  >\n\t\t\t\n\t\t\t\n\n<div class=\"row\"  id=\"row-174087506\">\n\n\n\t<div id=\"col-259033719\" class=\"col small-12 large-12\"  >\n\t\t\t\t<div class=\"col-inner\"  >\n\t\t\t\n\t\t\t\n\n\t<div id=\"text-68021360\" class=\"text\">\n\t\t\n\n<h2>A Free Falling Dart m\u00f3dszer meg\u00e9rt\u00e9se<\/h2>\n\t\t\n<style>\n#text-68021360 {\n  font-size: 1.3rem;\n  text-align: center;\n}\n<\/style>\n\t<\/div>\n\t\n\n\t\t<\/div>\n\t\t\t\t\t<\/div>\n\n\t\n\n<\/div>\n<div class=\"row align-middle\"  id=\"row-1047104671\">\n\n\n\t<div id=\"col-1328567559\" class=\"col medium-7 small-12 large-7\"  >\n\t\t\t\t<div class=\"col-inner\"  >\n\t\t\t\n\t\t\t\n\n<div><strong>ISO 7765-1<\/strong> meghat\u00e1roz egy vizsg\u00e1lati m\u00f3dszert, amellyel meghat\u00e1rozhat\u00f3 a m\u0171anyag f\u00f3li\u00e1kban egy szabadon zuhan\u00f3 d\u00e1rda becsap\u00f3d\u00e1sa \u00e1ltal okozott t\u00f6nkremenetelhez sz\u00fcks\u00e9ges energia. A vizsg\u00e1lat meghat\u00e1rozza a <strong>\u00fctk\u00f6z\u00e9ses hiba t\u00f6mege<\/strong>, amelyet \u00fagy hat\u00e1roztak meg, mint a szabv\u00e1nyos\u00edtott k\u00f6r\u00fclm\u00e9nyek k\u00f6z\u00f6tt a pr\u00f3batestek 50% t\u00f6meg\u00e9nek meghib\u00e1sod\u00e1s\u00e1t okoz\u00f3 d\u00e1rdat\u00f6meg.<\/div>\n<div>K\u00e9t f\u0151 elj\u00e1r\u00e1s l\u00e9tezik:<\/div>\n<ul>\n<li><strong>A m\u00f3dszer<\/strong> egy <strong>38 mm<\/strong> \u00e1tm\u00e9r\u0151j\u0171 ny\u00edlvessz\u0151 <strong>0,66 m\u00e9ter<\/strong>.<\/li>\n<li><strong>B m\u00f3dszer<\/strong> alkalmaz egy <strong>50 mm<\/strong> \u00e1tm\u00e9r\u0151j\u0171 ny\u00edlvessz\u0151 <strong>1,5 m\u00e9ter<\/strong>.<\/li>\n<\/ul>\n<p>Mindegyik m\u00f3dszer k\u00fcl\u00f6nb\u00f6z\u0151 anyagt\u00edpusokra \u00e9s -vastags\u00e1gokra vonatkozik, \u00e9s a kapott eredm\u00e9nyek nem felcser\u00e9lhet\u0151k egym\u00e1ssal.<\/p>\n\n\t\t<\/div>\n\t\t\t\t\t<\/div>\n\n\t\n\n\t<div id=\"col-2097884551\" class=\"col medium-5 small-12 large-5\"  >\n\t\t\t\t<div class=\"col-inner\"  >\n\t\t\t\n\t\t\t\n\n\t<div class=\"img has-hover x md-x lg-x y md-y lg-y\" id=\"image_809609284\">\n\t\t<a class=\"\" href=\"https:\/\/www.impacttesting.net\/hu\/falling-dart-impact-tester\/\" >\t\t\t\t\t\t<div class=\"img-inner dark\" >\n\t\t\t<img decoding=\"async\" width=\"600\" height=\"440\" src=\"https:\/\/www.impacttesting.net\/wp-content\/uploads\/2025\/12\/ISO-7765-1-Free-Falling-Dart-Method.webp\" class=\"attachment-large size-large\" alt=\"ISO 7765-1 Szabadon zuhan\u00f3 d\u00e1rda m\u00f3dszer\" srcset=\"https:\/\/www.impacttesting.net\/wp-content\/uploads\/2025\/12\/ISO-7765-1-Free-Falling-Dart-Method.webp 600w, https:\/\/www.impacttesting.net\/wp-content\/uploads\/2025\/12\/ISO-7765-1-Free-Falling-Dart-Method-545x400.webp 545w\" sizes=\"(max-width: 600px) 100vw, 600px\" \/>\t\t\t\t\t\t\n\t\t\t\t\t<\/div>\n\t\t\t\t\t\t<\/a>\t\t\n<style>\n#image_809609284 {\n  width: 100%;\n}\n<\/style>\n\t<\/div>\n\t\n\n\n\t\t<\/div>\n\t\t\t\t\t<\/div>\n\n\t\n\n<\/div>\n\n\t\t<\/div>\n\t\t\t\t\t<\/div>\n\n\t\n\n<\/div>\n\n\t\t<\/div>\n\t\t\t\t\t<\/div>\n\n\t\n\n<\/div>\n<div class=\"row\"  id=\"row-1880019641\">\n\n\n\t<div id=\"col-859914622\" class=\"col small-12 large-12\"  >\n\t\t\t\t<div class=\"col-inner\"  >\n\t\t\t\n\t\t\t\n\n<div class=\"row\"  id=\"row-695746777\">\n\n\n\t<div id=\"col-339039533\" class=\"col small-12 large-12\"  >\n\t\t\t\t<div class=\"col-inner\"  >\n\t\t\t\n\t\t\t\n\n\t<div id=\"text-1082662763\" class=\"text\">\n\t\t\n\n<h2>Szabadon es\u0151 dart m\u00f3dszer: Dart Drop m\u00f3dszer: Fontoss\u00e1g \u00e9s elj\u00e1r\u00e1s<\/h2>\n\t\t\n<style>\n#text-1082662763 {\n  font-size: 1.3rem;\n  text-align: center;\n}\n<\/style>\n\t<\/div>\n\t\n\n\t\t<\/div>\n\t\t\t\t\t<\/div>\n\n\t\n\n<\/div>\n<div class=\"row\"  id=\"row-144340604\">\n\n\n\t<div id=\"col-798406442\" class=\"col medium-6 small-12 large-6\"  >\n\t\t\t\t<div class=\"col-inner\"  >\n\t\t\t\n\t\t\t\n\n<h3>Teszt el\u0151k\u00e9sz\u00edt\u00e9s<\/h3>\n<p>A vizsg\u00e1lat elv\u00e9gz\u00e9se el\u0151tt:<\/p>\n<ul>\n<li><strong>\u00c1llapot mint\u00e1k<\/strong> 23\u00b0C \u00b1 2\u00b0C-on \u00e9s 50% \u00b1 5% RH-on legal\u00e1bb 40 \u00f3r\u00e1n kereszt\u00fcl.<\/li>\n<li>V\u00e1lassza ki a mint\u00e1kat <strong>egyenletes vastags\u00e1g<\/strong> (\u00b110% a n\u00e9vlegeshez k\u00e9pest).<\/li>\n<li>Haszn\u00e1lja a  c\u00edmet. <strong>30 vagy t\u00f6bb minta<\/strong> a statisztikai relevancia biztos\u00edt\u00e1sa \u00e9rdek\u00e9ben.<\/li>\n<\/ul>\n\n\t\t<\/div>\n\t\t\t\t\t<\/div>\n\n\t\n\n\t<div id=\"col-1591984266\" class=\"col medium-6 small-12 large-6\"  >\n\t\t\t\t<div class=\"col-inner\"  >\n\t\t\t\n\t\t\t\n\n<h3>Felszerel\u00e9si k\u00f6vetelm\u00e9nyek<\/h3>\n<div>A szabv\u00e1nyos vizsg\u00e1lati elrendez\u00e9s a k\u00f6vetkez\u0151ket tartalmazza:<\/div>\n<ul>\n<li>A <strong>f\u00e9lg\u00f6mb alak\u00fa fej\u0171 d\u00e1rda<\/strong> \u00e9s elt\u00e1vol\u00edthat\u00f3 n\u00f6vekm\u00e9nyes s\u00falyok.<\/li>\n<li>Egy <strong>elektrom\u00e1gnes vagy mechanikus<\/strong> kiold\u00f3 mechanizmus a szab\u00e1lyozott cseppent\u00e9shez.<\/li>\n<li>A <strong>k\u00e9tr\u00e9szes szor\u00edt\u00f3rendszer<\/strong> hogy a mint\u00e1t szil\u00e1rdan tartsa.<\/li>\n<li>A <strong>mikrom\u00e9ter<\/strong> a pontos vastags\u00e1gm\u00e9r\u00e9shez.<\/li>\n<li><strong>Biztons\u00e1gi \u00e1rny\u00e9kol\u00e1s<\/strong> a felhaszn\u00e1l\u00f3k \u00e9s a k\u00e9sz\u00fcl\u00e9k v\u00e9delme \u00e9rdek\u00e9ben.<\/li>\n<\/ul>\n\n\t\t<\/div>\n\t\t\t\t\t<\/div>\n\n\t\n\n<\/div>\n<div class=\"row align-middle\"  id=\"row-1587852739\">\n\n\n\t<div id=\"col-1178968061\" class=\"col small-12 large-12\"  >\n\t\t\t\t<div class=\"col-inner\"  >\n\t\t\t\n\t\t\t\n\n\t<div id=\"text-1464261037\" class=\"text\">\n\t\t\n\n<h3>A Dart \u00fct\u00e9s\u00e1ll\u00f3s\u00e1gi teszt v\u00e9grehajt\u00e1sa<\/h3>\n\t\t\n<style>\n#text-1464261037 {\n  text-align: center;\n}\n<\/style>\n\t<\/div>\n\t\n\n\t\t<\/div>\n\t\t\t\t\t<\/div>\n\n\t\n\n\t<div id=\"col-801818732\" class=\"col medium-6 small-12 large-6\"  >\n\t\t\t\t<div class=\"col-inner\"  >\n\t\t\t\n\t\t\t\n\n<h4>1. V\u00e1lassza ki a vizsg\u00e1lati m\u00f3dszert (A vagy B):<\/h4>\n<ul>\n<li><strong>A m\u00f3dszer<\/strong>: 38 mm-es d\u00e1rda, 0,66 m-es es\u00e9si magass\u00e1g.<\/li>\n<li><strong>B m\u00f3dszer<\/strong>: 50 mm-es dart, 1,5 m-es es\u00e9si magass\u00e1g.<\/li>\n<\/ul>\n<h4>2. A minta el\u0151k\u00e9sz\u00edt\u00e9se \u00e9s r\u00f6gz\u00edt\u00e9se:<\/h4>\n<p>Gy\u0151z\u0151dj\u00f6n meg r\u00f3la, hogy a f\u00f3lia gy\u0171r\u0151d\u00e9sek n\u00e9lk\u00fcl, laposan fekszik. Sz\u00fcks\u00e9g eset\u00e9n haszn\u00e1ljon cs\u00fasz\u00e1sg\u00e1tl\u00f3 int\u00e9zked\u00e9seket, p\u00e9ld\u00e1ul kr\u00f3kuszrostot vagy csiszol\u00f3pap\u00edrt.<\/p>\n<h4>3. \u00c1ll\u00edtsa be a Dart \u00e9s az inkrement\u00e1lis s\u00falyokat:<\/h4>\n<p>Kezdje egy ismert t\u00f6meggel, \u00e9s n\u00f6velje vagy cs\u00f6kkentse azt a meghib\u00e1sod\u00e1si eredm\u00e9nyek alapj\u00e1n, am\u00edg meg nem hat\u00e1rozza az 50% meghib\u00e1sod\u00e1si ar\u00e1ny\u00e1t.<\/p>\n\n\t\t<\/div>\n\t\t\t\t\t<\/div>\n\n\t\n\n\t<div id=\"col-1845895664\" class=\"col medium-6 small-12 large-6\"  >\n\t\t\t\t<div class=\"col-inner\"  >\n\t\t\t\n\t\t\t\n\n<div class=\"video video-fit mb\" style=\"padding-top:56.25%;\"><iframe title=\"zuhan\u00f3 dart \u00fct\u00e9svizsg\u00e1lat lemezes f\u00f3li\u00e1n \u00e9s lemezen A. \u00e9s B. m\u00f3dszer ASTM D1709 ISO 7765-1\" width=\"1020\" height=\"574\" src=\"https:\/\/www.youtube.com\/embed\/a3_9M0x3w7U?feature=oembed\" frameborder=\"0\" allow=\"accelerometer; autoplay; clipboard-write; encrypted-media; gyroscope; picture-in-picture; web-share\" referrerpolicy=\"strict-origin-when-cross-origin\" allowfullscreen><\/iframe><\/div>\n\n\n\t\t<\/div>\n\t\t\t\t\t<\/div>\n\n\t\n\n\t<div id=\"col-317201974\" class=\"col small-12 large-12\"  >\n\t\t\t\t<div class=\"col-inner\"  >\n\t\t\t\n\t\t\t\n\n<h4>4. Engedje el a Dartot:<\/h4>\n<p>Az elektrom\u00e1gnessel vagy a l\u00e9gkiold\u00f3val f\u00fcgg\u0151legesen dobja le a ny\u00edlvessz\u0151t a minta k\u00f6zep\u00e9re.<\/p>\n<h4>5. Jegyezze fel az eredm\u00e9nyt:<\/h4>\n<p>Jegyezze meg, hogy a minta meghib\u00e1sodik (\u00e1tsz\u00far\u00f3dik vagy megreped) vagy t\u00fal\u00e9li. Folytassa mindaddig, am\u00edg statisztikailag ki nem tudja sz\u00e1m\u00edtani az \u00fct\u00e9s okozta t\u00f6nkremeneteli t\u00f6meget.<\/p>\n<h4>6. Elemezze az eredm\u00e9nyeket:<\/h4>\n<p>\u00c9rt\u00e9kelje az eredm\u00e9nyeket a minta vastags\u00e1g\u00e1nak, az anyag konzisztenci\u00e1j\u00e1nak \u00e9s a hibaar\u00e1nynak a figyelembev\u00e9tel\u00e9vel. Az ISO 7765-1 eredm\u00e9nyei hasznosak lehetnek az anyagok \u00f6sszehasonl\u00edt\u00e1s\u00e1hoz, de nem szabad normaliz\u00e1lni a k\u00fcl\u00f6nb\u00f6z\u0151 vastags\u00e1gok k\u00f6z\u00f6tt.<\/p>\n\n\t\t<\/div>\n\t\t\t\t\t<\/div>\n\n\t\n\n<\/div>\n\n\t\t<\/div>\n\t\t\t\t\t<\/div>\n\n\t\n\n<\/div>\n\n\t\t<\/div>\n\n\t\t\n<style>\n#section_532158 {\n  padding-top: 30px;\n  padding-bottom: 30px;\n}\n<\/style>\n\t<\/section>\n\t\n\t<section class=\"section\" id=\"section_1740041678\">\n\t\t<div class=\"bg section-bg fill bg-fill  bg-loaded\" >\n\n\t\t\t\n\t\t\t\n\t\t\t\n\n\t\t<\/div>\n\n\t\t\n\n\t\t<div class=\"section-content relative\">\n\t\t\t\n\n<div class=\"row\"  id=\"row-438170371\">\n\n\n\t<div id=\"col-1044973693\" class=\"col small-12 large-12\"  >\n\t\t\t\t<div class=\"col-inner\"  >\n\t\t\t\n\t\t\t\n\n<div class=\"row align-center\"  id=\"row-1341780798\">\n\n\n\t<div id=\"col-1599107525\" class=\"col small-12 large-12\"  >\n\t\t\t\t<div class=\"col-inner\"  >\n\t\t\t\n\t\t\t\n\n\t<div id=\"text-3483594514\" class=\"text\">\n\t\t\n\n<h2>Mi\u00e9rt v\u00e1lassza az Impacttesting.net<br \/>FDT-01 Dart Drop Tester<\/h2>\n\t\t\n<style>\n#text-3483594514 {\n  font-size: 1.4rem;\n  text-align: center;\n}\n<\/style>\n\t<\/div>\n\t\n\n\t\t<\/div>\n\t\t\t\t\t<\/div>\n\n\t\n\n\t<div id=\"col-491463920\" class=\"col small-12 large-12\"  >\n\t\t\t\t<div class=\"col-inner\"  >\n\t\t\t\n\t\t\t\n\n<p>A pontoss\u00e1g, az ism\u00e9telhet\u0151s\u00e9g \u00e9s a k\u00f6vetkez\u0151knek val\u00f3 megfelel\u00e9s biztos\u00edt\u00e1sa \u00e9rdek\u00e9ben <strong>ISO 7765-1<\/strong>, javasoljuk a <strong>FDT-01 <a href=\"https:\/\/www.impacttesting.net\/hu\/falling-dart-impact-tester\/\">Dart \u00fct\u00e9sm\u00e9r\u0151 <\/a><\/strong>a <strong>Impacttesting.net<\/strong>.<\/p>\n\n\t\t<\/div>\n\t\t\t\t\t<\/div>\n\n\t\n\n\t<div id=\"col-1338813702\" class=\"col medium-7 small-12 large-7\"  >\n\t\t\t\t<div class=\"col-inner text-center\"  >\n\t\t\t\n\t\t\t\n\n\t<div id=\"text-800609993\" class=\"text\">\n\t\t\n\n<p class=\"\" data-start=\"4386\" data-end=\"4422\">Pontos dart cseppmagass\u00e1g be\u00e1ll\u00edt\u00e1sa.<br \/>K\u00f6nny\u0171 mintadarab r\u00f6gz\u00edt\u00e9s pneumatikus bilincsekkel.<br \/>Val\u00f3s idej\u0171 hat\u00e1sadatok gy\u0171jt\u00e9se \u00e9s elemz\u00e9se.<br \/>Megfelel\u00e9s mind az A, mind a B m\u00f3dszernek.<\/p>\n\t\t\n<style>\n#text-800609993 {\n  font-size: 1.1rem;\n  line-height: 1.3;\n}\n<\/style>\n\t<\/div>\n\t\n\t<div id=\"text-2264414915\" class=\"text\">\n\t\t\n\n<p class=\"\" data-start=\"4676\" data-end=\"4874\">Fejlett biztons\u00e1gi funkci\u00f3i \u00e9s digit\u00e1lis vez\u00e9rl\u00e9se minimaliz\u00e1lja az emberi hib\u00e1t, \u00e9s megb\u00edzhat\u00f3, reproduk\u00e1lhat\u00f3 eredm\u00e9nyeket biztos\u00edt, \u00edgy a csomagol\u00f3f\u00f3lia-gy\u00e1rt\u00f3k, feldolgoz\u00f3k \u00e9s min\u0151s\u00e9gellen\u0151rz\u0151 laborat\u00f3riumok sz\u00e1m\u00e1ra a legmegfelel\u0151bb.<\/p>\n\t\t\n<style>\n#text-2264414915 {\n  font-size: 1.1rem;\n}\n<\/style>\n\t<\/div>\n\t\n<a href=\"https:\/\/www.impacttesting.net\/hu\/contact-us\/\" class=\"button primary is-outline\"  style=\"border-radius:99px;\">\n    <span>Kapcsolatfelv\u00e9tel<\/span>\n  <i class=\"icon-chat\" aria-hidden=\"true\" ><\/i><\/a>\n\n\n\n\t\t<\/div>\n\t\t\t\t\t<\/div>\n\n\t\n\n\t<div id=\"col-79219733\" class=\"col medium-4 small-12 large-4\"  >\n\t\t\t\t<div class=\"col-inner text-center\"  >\n\t\t\t\n\t\t\t\n\n\n<div class=\"wpcf7 no-js\" id=\"wpcf7-f10-o1\" lang=\"en-US\" dir=\"ltr\" data-wpcf7-id=\"10\">\n<div class=\"screen-reader-response\"><p role=\"status\" aria-live=\"polite\" aria-atomic=\"true\"><\/p> <ul><\/ul><\/div>\n<form action=\"\/hu\/wp-json\/wp\/v2\/pages\/85#wpcf7-f10-o1\" method=\"post\" class=\"wpcf7-form init\" aria-label=\"Contact form\" novalidate=\"novalidate\" data-status=\"init\" data-trp-original-action=\"\/hu\/wp-json\/wp\/v2\/pages\/85#wpcf7-f10-o1\">\n<fieldset class=\"hidden-fields-container\"><input type=\"hidden\" name=\"_wpcf7\" value=\"10\" \/><input type=\"hidden\" name=\"_wpcf7_version\" value=\"6.1.4\" \/><input type=\"hidden\" name=\"_wpcf7_locale\" value=\"en_US\" \/><input type=\"hidden\" name=\"_wpcf7_unit_tag\" value=\"wpcf7-f10-o1\" \/><input type=\"hidden\" name=\"_wpcf7_container_post\" value=\"0\" \/><input type=\"hidden\" name=\"_wpcf7_posted_data_hash\" value=\"\" \/><input type=\"hidden\" name=\"_wpcf7_recaptcha_response\" value=\"\" \/>\n<\/fieldset>\n<p><span class=\"wpcf7-form-control-wrap\" data-name=\"Name\"><input size=\"40\" maxlength=\"400\" class=\"wpcf7-form-control wpcf7-text\" aria-invalid=\"false\" placeholder=\"Az \u00d6n neve\" value=\"\" type=\"text\" name=\"Name\" \/><\/span><br \/>\n<span class=\"wpcf7-form-control-wrap\" data-name=\"Comapany\"><input size=\"40\" maxlength=\"400\" class=\"wpcf7-form-control wpcf7-text\" aria-invalid=\"false\" placeholder=\"Az \u00d6n c\u00e9ge\" value=\"\" type=\"text\" name=\"Comapany\" \/><\/span><br \/>\n<span class=\"wpcf7-form-control-wrap\" data-name=\"Email\"><input size=\"40\" maxlength=\"400\" class=\"wpcf7-form-control wpcf7-email wpcf7-validates-as-required wpcf7-text wpcf7-validates-as-email\" aria-required=\"true\" aria-invalid=\"false\" placeholder=\"Az \u00d6n e-mail c\u00edme*\" value=\"\" type=\"email\" name=\"Email\" \/><\/span><br \/>\n<span class=\"wpcf7-form-control-wrap\" data-name=\"Message\"><textarea cols=\"40\" rows=\"10\" maxlength=\"2000\" class=\"wpcf7-form-control wpcf7-textarea\" aria-invalid=\"false\" placeholder=\"\u00dczenet\" name=\"Message\"><\/textarea><\/span>\n<\/p>\n<p><input class=\"wpcf7-form-control wpcf7-submit has-spinner\" type=\"submit\" value=\"K\u00fcldje be a\" \/>\n<\/p><div class=\"wpcf7-response-output\" aria-hidden=\"true\"><\/div>\n<input type=\"hidden\" name=\"trp-form-language\" value=\"hu\"\/><\/form>\n<\/div>\n\n\n\n\t\t<\/div>\n\t\t\t\t\t<\/div>\n\n\t\n\n<\/div>\n\n\t\t<\/div>\n\t\t\t\t\t<\/div>\n\n\t\n\n<\/div>\n\n\t\t<\/div>\n\n\t\t\n<style>\n#section_1740041678 {\n  padding-top: 30px;\n  padding-bottom: 30px;\n  background-color: rgb(232, 234, 241);\n}\n<\/style>\n\t<\/section>","protected":false},"excerpt":{"rendered":"","protected":false},"author":1,"featured_media":0,"parent":0,"menu_order":0,"comment_status":"closed","ping_status":"closed","template":"page-blank.php","meta":{"footnotes":""},"class_list":["post-85","page","type-page","status-publish","hentry"],"_links":{"self":[{"href":"https:\/\/www.impacttesting.net\/hu\/wp-json\/wp\/v2\/pages\/85","targetHints":{"allow":["GET"]}}],"collection":[{"href":"https:\/\/www.impacttesting.net\/hu\/wp-json\/wp\/v2\/pages"}],"about":[{"href":"https:\/\/www.impacttesting.net\/hu\/wp-json\/wp\/v2\/types\/page"}],"author":[{"embeddable":true,"href":"https:\/\/www.impacttesting.net\/hu\/wp-json\/wp\/v2\/users\/1"}],"replies":[{"embeddable":true,"href":"https:\/\/www.impacttesting.net\/hu\/wp-json\/wp\/v2\/comments?post=85"}],"version-history":[{"count":2,"href":"https:\/\/www.impacttesting.net\/hu\/wp-json\/wp\/v2\/pages\/85\/revisions"}],"predecessor-version":[{"id":87,"href":"https:\/\/www.impacttesting.net\/hu\/wp-json\/wp\/v2\/pages\/85\/revisions\/87"}],"wp:attachment":[{"href":"https:\/\/www.impacttesting.net\/hu\/wp-json\/wp\/v2\/media?parent=85"}],"curies":[{"name":"wp","href":"https:\/\/api.w.org\/{rel}","templated":true}]}}