{"id":74,"date":"2025-12-24T06:33:06","date_gmt":"2025-12-24T06:33:06","guid":{"rendered":"https:\/\/www.impacttesting.net\/?page_id=74"},"modified":"2025-12-24T06:33:06","modified_gmt":"2025-12-24T06:33:06","slug":"ball-drop-tester","status":"publish","type":"page","link":"https:\/\/www.impacttesting.net\/hu\/ball-drop-tester\/","title":{"rendered":"FBT-01 goly\u00f3csepp-tesztel\u0151"},"content":{"rendered":"<section class=\"section\" id=\"section_1632169798\">\n\t\t<div class=\"bg section-bg fill bg-fill  bg-loaded\" >\n\n\t\t\t\n\t\t\t\n\t\t\t\n\n\t\t<\/div>\n\n\t\t\n\n\t\t<div class=\"section-content relative\">\n\t\t\t\n\n<div class=\"row\"  id=\"row-148697476\">\n\n\n\t<div id=\"col-98004747\" class=\"col small-12 large-12\"  >\n\t\t\t\t<div class=\"col-inner\" style=\"background-color:rgb(92, 171, 188);\" >\n\t\t\t\n\t\t\t\n\n<div class=\"row\"  id=\"row-1823048860\">\n\n\n\t<div id=\"col-1973239526\" class=\"col small-12 large-12\"  >\n\t\t\t\t<div class=\"col-inner\"  >\n\t\t\t\n\t\t\t\n\n\t<div id=\"text-3389445228\" class=\"text\">\n\t\t\n\n<h1>FBT-01 goly\u00f3csepp-tesztel\u0151<\/h1>\n\t\t\n<style>\n#text-3389445228 {\n  font-size: 1.5rem;\n  text-align: center;\n}\n<\/style>\n\t<\/div>\n\t\n\n\t\t<\/div>\n\t\t\t\t\n<style>\n#col-1973239526 > .col-inner {\n  padding: 50px 10px 10px 10px;\n}\n<\/style>\n\t<\/div>\n\n\t\n\n<\/div>\n<div class=\"row align-middle align-center\"  id=\"row-123603979\">\n\n\n\t<div id=\"col-1188545312\" class=\"col medium-11 small-12 large-11\"  >\n\t\t\t\t<div class=\"col-inner\"  >\n\t\t\t\n\t\t\t\n\n<div class=\"row align-middle align-center\"  id=\"row-793002231\">\n\n\n\t<div id=\"col-1085049898\" class=\"col medium-7 small-12 large-7\"  >\n\t\t\t\t<div class=\"col-inner\"  >\n\t\t\t\n\t\t\t\n\n<div class=\"row\"  id=\"row-17996808\">\n\n\n\t<div id=\"col-275597059\" class=\"col small-12 large-12\"  >\n\t\t\t\t<div class=\"col-inner text-center\"  >\n\t\t\t\n\t\t\t\n\n\t<div id=\"text-1171180976\" class=\"text\">\n\t\t\n\n<p>A <a href=\"https:\/\/www.impacttesting.net\/hu\/ball-drop-tester\/\"><strong>labda csepp teszter<\/strong><\/a> alapvet\u0151 fontoss\u00e1g\u00fa eszk\u00f6z, amelyet az olyan anyagok \u00fct\u00e9s\u00e1ll\u00f3s\u00e1g\u00e1nak \u00e9rt\u00e9kel\u00e9s\u00e9re haszn\u00e1lnak, mint a m\u0171anyag lapok, f\u00f3li\u00e1k \u00e9s v\u00e9d\u0151szem\u00fcvegek. Ez a vizsg\u00e1lat kulcsfontoss\u00e1g\u00fa az olyan ipar\u00e1gakban, mint a csomagol\u00f3ipar, az aut\u00f3ipar \u00e9s a biztons\u00e1gi berendez\u00e9sek gy\u00e1rt\u00e1sa, mivel biztos\u00edtja, hogy az anyagok jelent\u0151s k\u00e1rosod\u00e1s n\u00e9lk\u00fcl ellen\u00e1lljanak a k\u00fcls\u0151 er\u0151knek.<\/p>\n\t\t\n<style>\n#text-1171180976 {\n  color: rgb(0, 0, 0);\n}\n#text-1171180976 > * {\n  color: rgb(0, 0, 0);\n}\n<\/style>\n\t<\/div>\n\t\n\n\t\t<\/div>\n\t\t\t\t\t<\/div>\n\n\t\n\n\t<div id=\"col-2100940035\" class=\"col small-12 large-12\"  >\n\t\t\t\t<div class=\"col-inner text-center\"  >\n\t\t\t\n\t\t\t\n\n<a href=\"https:\/\/www.impacttesting.net\/hu\/contact-us\/\" class=\"button primary is-outline\"  style=\"border-radius:99px;\">\n    <span>Kapcsolatfelv\u00e9tel<\/span>\n  <i class=\"icon-chat\" aria-hidden=\"true\" ><\/i><\/a>\n\n\n\n\t\t<\/div>\n\t\t\t\t\t<\/div>\n\n\t\n\n<\/div>\n\n\t\t<\/div>\n\t\t\t\t\t<\/div>\n\n\t\n\n\t<div id=\"col-1809116112\" class=\"col medium-3 small-12 large-3\"  >\n\t\t\t\t<div class=\"col-inner\"  >\n\t\t\t\n\t\t\t\n\n<div class=\"row\"  id=\"row-678221276\">\n\n\n\t<div id=\"col-1156778884\" class=\"col small-12 large-12\"  >\n\t\t\t\t<div class=\"col-inner text-center\"  >\n\t\t\t\n\t\t\t\n\n\t<div class=\"img has-hover x md-x lg-x y md-y lg-y\" id=\"image_1697558999\">\n\t\t\t\t\t\t\t\t<div class=\"img-inner dark\" >\n\t\t\t<img decoding=\"async\" width=\"318\" height=\"800\" src=\"https:\/\/www.impacttesting.net\/wp-content\/uploads\/2025\/12\/Ball-Drop-Tester-Ball-Impact-Test-for-Safety-Glasses-318x800.webp\" class=\"attachment-large size-large\" alt=\"Ball Drop Tester - goly\u00f3 \u00fctk\u00f6z\u00e9si teszt a v\u00e9d\u0151szem\u00fcvegekhez\" srcset=\"https:\/\/www.impacttesting.net\/wp-content\/uploads\/2025\/12\/Ball-Drop-Tester-Ball-Impact-Test-for-Safety-Glasses-318x800.webp 318w, https:\/\/www.impacttesting.net\/wp-content\/uploads\/2025\/12\/Ball-Drop-Tester-Ball-Impact-Test-for-Safety-Glasses-159x400.webp 159w, https:\/\/www.impacttesting.net\/wp-content\/uploads\/2025\/12\/Ball-Drop-Tester-Ball-Impact-Test-for-Safety-Glasses-768x1934.webp 768w, https:\/\/www.impacttesting.net\/wp-content\/uploads\/2025\/12\/Ball-Drop-Tester-Ball-Impact-Test-for-Safety-Glasses-610x1536.webp 610w, https:\/\/www.impacttesting.net\/wp-content\/uploads\/2025\/12\/Ball-Drop-Tester-Ball-Impact-Test-for-Safety-Glasses-813x2048.webp 813w, https:\/\/www.impacttesting.net\/wp-content\/uploads\/2025\/12\/Ball-Drop-Tester-Ball-Impact-Test-for-Safety-Glasses-scaled.webp 1017w\" sizes=\"(max-width: 318px) 100vw, 318px\" \/>\t\t\t\t\t\t\n\t\t\t\t\t<\/div>\n\t\t\t\t\t\t\t\t\n<style>\n#image_1697558999 {\n  width: 80%;\n}\n<\/style>\n\t<\/div>\n\t\n\n\n\t\t<\/div>\n\t\t\t\t\t<\/div>\n\n\t\n\n<\/div>\n\n\t\t<\/div>\n\t\t\t\t\t<\/div>\n\n\t\n\n<\/div>\n\n\t\t<\/div>\n\t\t\t\t\t<\/div>\n\n\t\n\n<\/div>\n\n\t\t<\/div>\n\t\t\t\t\t<\/div>\n\n\t\n\n\n<style>\n#row-148697476 > .col > .col-inner {\n  border-radius: 25px;\n}\n<\/style>\n<\/div>\n\n\t\t<\/div>\n\n\t\t\n<style>\n#section_1632169798 {\n  padding-top: 30px;\n  padding-bottom: 30px;\n}\n<\/style>\n\t<\/section>\n\t\n\t<section class=\"section\" id=\"section_1430647645\">\n\t\t<div class=\"bg section-bg fill bg-fill  bg-loaded\" >\n\n\t\t\t\n\t\t\t\n\t\t\t\n\n\t\t<\/div>\n\n\t\t\n\n\t\t<div class=\"section-content relative\">\n\t\t\t\n\n<div class=\"row\"  id=\"row-1412029937\">\n\n\n\t<div id=\"col-872326779\" class=\"col small-12 large-12\"  >\n\t\t\t\t<div class=\"col-inner\"  >\n\t\t\t\n\t\t\t\n\n<div class=\"row\"  id=\"row-1474500228\">\n\n\n\t<div id=\"col-119705996\" class=\"col small-12 large-12\"  >\n\t\t\t\t<div class=\"col-inner\"  >\n\t\t\t\n\t\t\t\n\n<div class=\"row align-middle align-center\"  id=\"row-1485066069\">\n\n\n\t<div id=\"col-320940684\" class=\"col medium-5 small-12 large-5\"  >\n\t\t\t\t<div class=\"col-inner text-center\"  >\n\t\t\t\n\t\t\t\n\n\t<div class=\"img has-hover x md-x lg-x y md-y lg-y\" id=\"image_1903479195\">\n\t\t\t\t\t\t\t\t<div class=\"img-inner dark\" >\n\t\t\t<img decoding=\"async\" width=\"600\" height=\"720\" src=\"https:\/\/www.impacttesting.net\/wp-content\/uploads\/2025\/12\/Ball-Drop-Tester.webp\" class=\"attachment-large size-large\" alt=\"Ball Drop Tester\" srcset=\"https:\/\/www.impacttesting.net\/wp-content\/uploads\/2025\/12\/Ball-Drop-Tester.webp 600w, https:\/\/www.impacttesting.net\/wp-content\/uploads\/2025\/12\/Ball-Drop-Tester-333x400.webp 333w\" sizes=\"(max-width: 600px) 100vw, 600px\" \/>\t\t\t\t\t\t\n\t\t\t\t\t<\/div>\n\t\t\t\t\t\t\t\t\n<style>\n#image_1903479195 {\n  width: 100%;\n}\n<\/style>\n\t<\/div>\n\t\n\n\n\t\t<\/div>\n\t\t\t\t\t<\/div>\n\n\t\n\n\t<div id=\"col-576622778\" class=\"col medium-7 small-12 large-7\"  >\n\t\t\t\t<div class=\"col-inner text-left\"  >\n\t\t\t\n\t\t\t\n\n\t<div id=\"text-968153017\" class=\"text\">\n\t\t\n\n<h2>A Ball Drop Tester meg\u00e9rt\u00e9se<\/h2>\n\t\t\n<style>\n#text-968153017 {\n  font-size: 1.3rem;\n  text-align: left;\n}\n<\/style>\n\t<\/div>\n\t\n<p>A k\u00e9sz\u00fcl\u00e9k \u00fagy m\u0171k\u00f6dik, hogy egy meghat\u00e1rozott t\u00f6meg\u0171 \u00e9s \u00e1tm\u00e9r\u0151j\u0171 ac\u00e9lgoly\u00f3t egy el\u0151re meghat\u00e1rozott magass\u00e1gb\u00f3l a pr\u00f3badarabra dobnak. A s\u00e9r\u00fcl\u00e9s vagy deform\u00e1ci\u00f3 m\u00e9rt\u00e9k\u00e9t elemzik az \u00fct\u00e9s\u00e1ll\u00f3s\u00e1g \u00e9rt\u00e9kel\u00e9s\u00e9hez. Ez a vizsg\u00e1lat k\u00fcl\u00f6n\u00f6sen fontos az olyan biztons\u00e1gi szabv\u00e1nyoknak val\u00f3 megfelel\u00e9s szempontj\u00e1b\u00f3l, mint p\u00e9ld\u00e1ul a k\u00f6vetkez\u0151k <strong><a href=\"https:\/\/www.impacttesting.net\/hu\/ansi-z87-1\/\">ANSI Z87.1<\/a> \u00fct\u00e9svizsg\u00e1lat<\/strong>.<\/p>\n<a href=\"https:\/\/www.impacttesting.net\/hu\/contact-us\/\" class=\"button primary is-outline\"  style=\"border-radius:99px;\">\n    <span>Kapcsolatfelv\u00e9tel<\/span>\n  <\/a>\n\n\n\n\t\t<\/div>\n\t\t\t\t\t<\/div>\n\n\t\n\n<\/div>\n\n\t\t<\/div>\n\t\t\t\t\t<\/div>\n\n\t\n\n<\/div>\n\n\t\t<\/div>\n\t\t\t\t\t<\/div>\n\n\t\n\n<\/div>\n<div class=\"row\"  id=\"row-1648063036\">\n\n\n\t<div id=\"col-1871182133\" class=\"col small-12 large-12\"  >\n\t\t\t\t<div class=\"col-inner\"  >\n\t\t\t\n\t\t\t\n\n<div class=\"row\"  id=\"row-1641881059\">\n\n\n\t<div id=\"col-2116312609\" class=\"col small-12 large-12\"  >\n\t\t\t\t<div class=\"col-inner\"  >\n\t\t\t\n\t\t\t\n\n\t<div id=\"text-3251020653\" class=\"text\">\n\t\t\n\n<h2>ANSI Z87.1 \u00fctk\u00f6z\u00e9si teszt: F\u0151bb k\u00f6vetelm\u00e9nyek<\/h2>\n\t\t\n<style>\n#text-3251020653 {\n  font-size: 1.3rem;\n  text-align: center;\n}\n<\/style>\n\t<\/div>\n\t\n\n\t\t<\/div>\n\t\t\t\t\t<\/div>\n\n\t\n\n<\/div>\n<div class=\"row align-middle align-center\"  id=\"row-436408198\">\n\n\n\t<div id=\"col-782112790\" class=\"col medium-7 small-12 large-7\"  >\n\t\t\t\t<div class=\"col-inner\"  >\n\t\t\t\n\t\t\t\n\n<p>A <strong>ANSI Z87.1 \u00fct\u00e9svizsg\u00e1lat<\/strong> egy szabv\u00e1nyos\u00edtott m\u00f3dszer, amelyet a v\u00e9d\u0151szem\u00fcvegek \u00fct\u00e9s\u00e1ll\u00f3s\u00e1g\u00e1nak \u00e9rt\u00e9kel\u00e9s\u00e9re terveztek. A vizsg\u00e1lat c\u00e9lja annak biztos\u00edt\u00e1sa, hogy a v\u00e9d\u0151szem\u00fcvegek, v\u00e9d\u0151szem\u00fcvegek \u00e9s arcv\u00e9d\u0151k megfeleljenek a felhaszn\u00e1l\u00f3k nagy sebess\u00e9g\u0171 l\u00f6ved\u00e9kekt\u0151l val\u00f3 v\u00e9delm\u00e9re vonatkoz\u00f3 minim\u00e1lis biztons\u00e1gi k\u00f6vetelm\u00e9nyeknek.<\/p>\n<h3>Vizsg\u00e1l\u00f3berendez\u00e9s \u00e9s be\u00e1ll\u00edt\u00e1s<\/h3>\n<ul>\n<li>Egy merev fejform\u00e1t haszn\u00e1lnak a pr\u00f3badarab arccal felfel\u00e9 ford\u00edtott helyzetben t\u00f6rt\u00e9n\u0151 r\u00f6gz\u00edt\u00e9s\u00e9re.<\/li>\n<li>A <strong>25,4 mm (1,0 h\u00fcvelyk) \u00e1tm\u00e9r\u0151j\u0171 ac\u00e9lgoly\u00f3<\/strong>, m\u00e9rlegelve <strong>68 g (2,4 oz)<\/strong>, a l\u00f6ved\u00e9kk\u00e9nt szolg\u00e1l.<\/li>\n<li>Az ac\u00e9lgoly\u00f3t egy <strong>magass\u00e1ga 127 cm (50 in.)<\/strong> egy vezetett cs\u00f6v\u00f6n kereszt\u00fcl.<\/li>\n<li>A fejforma alapj\u00e1nak t\u00f6mege legal\u00e1bb <strong>30 kg (66 font)<\/strong> a stabilit\u00e1s biztos\u00edt\u00e1sa \u00e9rdek\u00e9ben a tesztel\u00e9s sor\u00e1n.<\/li>\n<\/ul>\n<h3>Vizsg\u00e1lati elj\u00e1r\u00e1s<\/h3>\n<ol>\n<li>A pr\u00f3badarabot biztons\u00e1gosan r\u00f6gz\u00edtik a fejform\u00e1ra, ami a val\u00f3s haszn\u00e1lati k\u00f6r\u00fclm\u00e9nyeket ut\u00e1nozza.<\/li>\n<li>A megfelel\u0151 igaz\u00edt\u00e1s fenntart\u00e1sa \u00e9rdek\u00e9ben a minta m\u00f6g\u00e9 egy t\u00e1maszt\u00f3t\u00f6mb\u00f6t helyez\u00fcnk.<\/li>\n<li>Az ac\u00e9lgoly\u00f3t a lencs\u00e9re vagy az anyagfel\u00fcletre dobj\u00e1k a szemk\u00f6rny\u00e9kkel egy vonalban.<\/li>\n<li>A vizsg\u00e1latot n\u00e9gyszer ism\u00e9telj\u00fck meg a lencse k\u00fcl\u00f6nb\u00f6z\u0151 pontjain a pontoss\u00e1g \u00e9rdek\u00e9ben.<\/li>\n<li>Az \u00fct\u00e9s okozta s\u00e9r\u00fcl\u00e9seket elemzik annak meg\u00e1llap\u00edt\u00e1sa \u00e9rdek\u00e9ben, hogy az anyag megfelel-e a biztons\u00e1gi krit\u00e9riumoknak.<\/li>\n<\/ol>\n\n\t\t<\/div>\n\t\t\t\t\t<\/div>\n\n\t\n\n\t<div id=\"col-1912615186\" class=\"col medium-4 small-12 large-4\"  >\n\t\t\t\t<div class=\"col-inner\"  >\n\t\t\t\n\t\t\t\n\n<div class=\"video video-fit mb\" style=\"padding-top:200%;\"><iframe title=\"Zuhan\u00f3 goly\u00f3 \u00fct\u00e9svizsg\u00e1l\u00f3 k\u00e9sz\u00fcl\u00e9k m\u0171anyag f\u00f3li\u00e1khoz \u00e9s lemezekhez\" width=\"563\" height=\"1000\" src=\"https:\/\/www.youtube.com\/embed\/AvdivZPwIxc?feature=oembed\" frameborder=\"0\" allow=\"accelerometer; autoplay; clipboard-write; encrypted-media; gyroscope; picture-in-picture; web-share\" referrerpolicy=\"strict-origin-when-cross-origin\" allowfullscreen><\/iframe><\/div>\n\n\n\t\t<\/div>\n\t\t\t\t\t<\/div>\n\n\t\n\n<\/div>\n\n\t\t<\/div>\n\t\t\t\t\t<\/div>\n\n\t\n\n<\/div>\n<div class=\"row\"  id=\"row-599529448\">\n\n\n\t<div id=\"col-71770236\" class=\"col small-12 large-12\"  >\n\t\t\t\t<div class=\"col-inner\"  >\n\t\t\t\n\t\t\t\n\n<div class=\"row\"  id=\"row-1566155209\">\n\n\n\t<div id=\"col-1150370910\" class=\"col small-12 large-12\"  >\n\t\t\t\t<div class=\"col-inner\"  >\n\t\t\t\n\t\t\t\n\n\t<div id=\"text-3433577391\" class=\"text\">\n\t\t\n\n<h2>FBT-01 Es\u0151ny\u00edl \u00fct\u00e9sm\u00e9r\u0151<\/h2>\n\t\t\n<style>\n#text-3433577391 {\n  font-size: 1.3rem;\n  text-align: center;\n}\n<\/style>\n\t<\/div>\n\t\n\n\t\t<\/div>\n\t\t\t\t\t<\/div>\n\n\t\n\n<\/div>\n<div class=\"row align-middle align-center\"  id=\"row-773299748\">\n\n\n\t<div id=\"col-833323557\" class=\"col medium-6 small-12 large-6\"  >\n\t\t\t\t<div class=\"col-inner\"  >\n\t\t\t\n\t\t\t\n\n<h3>Kulcsfontoss\u00e1g\u00fa jellemz\u0151k:<\/h3>\n<ul>\n<li><strong>\u00c1ll\u00edthat\u00f3 \u00fctk\u00f6z\u00e9si magass\u00e1g<\/strong> testreszabott tesztel\u00e9si forgat\u00f3k\u00f6nyvekhez<\/li>\n<li><strong>T\u00f6bbf\u00e9le goly\u00f3m\u00e9ret opci\u00f3<\/strong> v\u00e1ltozatos tesztel\u00e9si alkalmaz\u00e1sokhoz<\/li>\n<li><strong>Elektrom\u00e1gneses goly\u00f3s felf\u00fcggeszt\u00e9s<\/strong> a pontos kiold\u00e1si id\u0151z\u00edt\u00e9shez<\/li>\n<li><strong>Pneumatikus mintaszor\u00edt\u00f3<\/strong> a mint\u00e1k biztons\u00e1gos elhelyez\u00e9s\u00e9hez<\/li>\n<li><strong>T\u00f6bb egys\u00e9gb\u0151l \u00e1ll\u00f3 teszteredm\u00e9ny kijelz\u0151<\/strong> az adatok egyszer\u0171 \u00e9rtelmez\u00e9se \u00e9rdek\u00e9ben<\/li>\n<li><strong>Integr\u00e1lt mikronyomtat\u00f3<\/strong> a helysz\u00edni eredm\u00e9nydokument\u00e1ci\u00f3hoz<\/li>\n<li><strong>Opcion\u00e1lis professzion\u00e1lis szoftver<\/strong> fejlett adatelemz\u00e9shez<\/li>\n<\/ul>\n\n\t\t<\/div>\n\t\t\t\t\t<\/div>\n\n\t\n\n\t<div id=\"col-790691538\" class=\"col medium-6 small-12 large-6\"  >\n\t\t\t\t<div class=\"col-inner\"  >\n\t\t\t\n\t\t\t\n\n<h3>M\u0171szaki specifik\u00e1ci\u00f3k:<\/h3>\n<ul>\n<li><strong>\u00dct\u00e9smagass\u00e1g<\/strong>: 300 mm-t\u0151l 600 mm-ig \u00e1ll\u00edthat\u00f3 (sz\u00fcks\u00e9g szerint b\u0151v\u00edthet\u0151)<\/li>\n<li><strong>Goly\u00f3 \u00e1tm\u00e9r\u0151k<\/strong>: 23 mm, 25 mm, 28,6 mm, 38,1 mm, 50,8 mm<\/li>\n<li><strong>Pontoss\u00e1g<\/strong>: 0.1g (0.1J)<\/li>\n<li><strong>Minta m\u00e9rete<\/strong>: Minimum 150 mm x 150 mm<\/li>\n<li><strong>G\u00e1zell\u00e1t\u00e1s<\/strong>: 0,6 MPa PU cs\u0151 (\u03a68 mm)<\/li>\n<li><strong>T\u00e1pegys\u00e9g<\/strong>: AC 110~220V, 50Hz<\/li>\n<\/ul>\n\n\t\t<\/div>\n\t\t\t\t\t<\/div>\n\n\t\n\n<\/div>\n\n\t\t<\/div>\n\t\t\t\t\t<\/div>\n\n\t\n\n<\/div>\n<div class=\"row\"  id=\"row-768635433\">\n\n\n\t<div id=\"col-2084465630\" class=\"col small-12 large-12\"  >\n\t\t\t\t<div class=\"col-inner\"  >\n\t\t\t\n\t\t\t\n\n<div class=\"row\"  id=\"row-590999835\">\n\n\n\t<div id=\"col-738466985\" class=\"col small-12 large-12\"  >\n\t\t\t\t<div class=\"col-inner\"  >\n\t\t\t\n\t\t\t\n\n\t<div id=\"text-1201214217\" class=\"text\">\n\t\t\n\n<h2>Labda\u00fctk\u00f6z\u00e9ses vizsg\u00e1lat: Az eredm\u00e9nyeket befoly\u00e1sol\u00f3 t\u00e9nyez\u0151k<\/h2>\n\t\t\n<style>\n#text-1201214217 {\n  font-size: 1.3rem;\n  text-align: center;\n}\n<\/style>\n\t<\/div>\n\t\n\n\t\t<\/div>\n\t\t\t\t\t<\/div>\n\n\t\n\n\t<div id=\"col-905392698\" class=\"col small-12 large-12\"  >\n\t\t\t\t<div class=\"col-inner\"  >\n\t\t\t\n\t\t\t\n\n<p>A labda\u00fctk\u00f6z\u00e9ses vizsg\u00e1lat azt m\u00e9ri, hogy az anyagok mennyire ellen\u00e1llnak egy zuhan\u00f3 t\u00e1rgy er\u0151teljes \u00e9rintkez\u00e9s\u00e9nek. A teszteredm\u00e9nyeket t\u00f6bb t\u00e9nyez\u0151 befoly\u00e1solja:<\/p>\n<h4>1. Cseppmagass\u00e1g<\/h4>\n<p>A nagyobb zuhan\u00e1si magass\u00e1gok nagyobb \u00fctk\u00f6z\u00e9si energi\u00e1t gener\u00e1lnak, ami sz\u00e9ls\u0151s\u00e9gesebb val\u00f3s forgat\u00f3k\u00f6nyveket szimul\u00e1l.<\/p>\n<h4>2. Goly\u00f3 m\u00e9rete \u00e9s t\u00f6mege<\/h4>\n<p>A nagyobb \u00e9s nehezebb goly\u00f3k nagyobb er\u0151t fejtenek ki \u00fctk\u00f6z\u00e9skor, ami befoly\u00e1solja, hogy mennyire deform\u00e1l\u00f3dik vagy t\u00f6rik az anyag.<\/p>\n<h4>3. Anyagi tulajdons\u00e1gok<\/h4>\n<p>A sz\u00edv\u00f3ss\u00e1g, a vastags\u00e1g \u00e9s a rugalmass\u00e1g mind hozz\u00e1j\u00e1rulnak ahhoz, hogy egy anyag hogyan nyeli el \u00e9s oszlatja el az \u00fctk\u00f6z\u00e9si energi\u00e1t.<\/p>\n\n\t\t<\/div>\n\t\t\t\t\t<\/div>\n\n\t\n\n<\/div>\n\n\t\t<\/div>\n\t\t\t\t\t<\/div>\n\n\t\n\n<\/div>\n\n\t\t<\/div>\n\n\t\t\n<style>\n#section_1430647645 {\n  padding-top: 30px;\n  padding-bottom: 30px;\n}\n<\/style>\n\t<\/section>\n\t\n\t<section class=\"section\" id=\"section_630915412\">\n\t\t<div class=\"bg section-bg fill bg-fill  bg-loaded\" >\n\n\t\t\t\n\t\t\t\n\t\t\t\n\n\t\t<\/div>\n\n\t\t\n\n\t\t<div class=\"section-content relative\">\n\t\t\t\n\n<div class=\"row\"  id=\"row-1141029796\">\n\n\n\t<div id=\"col-1001424029\" class=\"col small-12 large-12\"  >\n\t\t\t\t<div class=\"col-inner\"  >\n\t\t\t\n\t\t\t\n\n<div class=\"row align-equal align-center\"  id=\"row-41886129\">\n\n\n\t<div id=\"col-1732156737\" class=\"col small-12 large-12\"  >\n\t\t\t\t<div class=\"col-inner\"  >\n\t\t\t\n\t\t\t\n\n\t<div id=\"text-1069443169\" class=\"text\">\n\t\t\n\n<h2>Mi\u00e9rt v\u00e1lassza az Impacttesting.net<br \/>FBT-01 goly\u00f3csepp-tesztel\u0151<\/h2>\n\t\t\n<style>\n#text-1069443169 {\n  font-size: 1.4rem;\n  text-align: center;\n}\n<\/style>\n\t<\/div>\n\t\n\n\t\t<\/div>\n\t\t\t\t\t<\/div>\n\n\t\n\n\t<div id=\"col-536755488\" class=\"col medium-6 small-12 large-6\"  >\n\t\t\t\t<div class=\"col-inner text-center\"  >\n\t\t\t\n\t\t\t\n\n\t<div id=\"text-3699512733\" class=\"text\">\n\t\t\n\n<p>A <strong>labda csepp teszter<\/strong> kritikus eszk\u00f6z a gy\u00e1rt\u00f3k \u00e9s a min\u0151s\u00e9gellen\u0151rz\u00e9ssel foglalkoz\u00f3 szakemberek sz\u00e1m\u00e1ra. Seg\u00edt biztos\u00edtani, hogy az anyagok megfeleljenek az \u00fct\u00e9s\u00e1ll\u00f3s\u00e1gi k\u00f6vetelm\u00e9nyeknek, \u00edgy biztos\u00edtva a term\u00e9k tart\u00f3ss\u00e1g\u00e1ba \u00e9s a felhaszn\u00e1l\u00f3k biztons\u00e1g\u00e1ba vetett bizalmat. Ak\u00e1r a v\u00e9d\u0151szem\u00fcvegek tesztel\u00e9se <a href=\"https:\/\/www.impacttesting.net\/hu\/ansi-z87-1\/\"><strong>ANSI Z87.1 szabv\u00e1nyok<\/strong><\/a> vagy \u00e1ltal\u00e1nos <strong>labda\u00fct\u00e9ses vizsg\u00e1latok<\/strong>, ez a m\u00f3dszer l\u00e9tfontoss\u00e1g\u00fa szerepet j\u00e1tszik az anyagteljes\u00edtm\u00e9ny \u00e9rt\u00e9kel\u00e9s\u00e9ben.<\/p>\n\t\t\n<style>\n#text-3699512733 {\n  font-size: 1.1rem;\n  line-height: 2;\n}\n<\/style>\n\t<\/div>\n\t\n<a href=\"https:\/\/www.impacttesting.net\/hu\/contact-us\/\" class=\"button primary is-outline\"  style=\"border-radius:99px;\">\n    <span>Kapcsolatfelv\u00e9tel<\/span>\n  <i class=\"icon-chat\" aria-hidden=\"true\" ><\/i><\/a>\n\n\n\n\t\t<\/div>\n\t\t\t\t\t<\/div>\n\n\t\n\n\t<div id=\"col-1171619082\" class=\"col medium-4 small-12 large-4\"  >\n\t\t\t\t<div class=\"col-inner text-center\"  >\n\t\t\t\n\t\t\t\n\n\n<div class=\"wpcf7 no-js\" id=\"wpcf7-f10-o1\" lang=\"en-US\" dir=\"ltr\" data-wpcf7-id=\"10\">\n<div class=\"screen-reader-response\"><p role=\"status\" aria-live=\"polite\" aria-atomic=\"true\"><\/p> <ul><\/ul><\/div>\n<form action=\"\/hu\/wp-json\/wp\/v2\/pages\/74#wpcf7-f10-o1\" method=\"post\" class=\"wpcf7-form init\" aria-label=\"Contact form\" novalidate=\"novalidate\" data-status=\"init\" data-trp-original-action=\"\/hu\/wp-json\/wp\/v2\/pages\/74#wpcf7-f10-o1\">\n<fieldset class=\"hidden-fields-container\"><input type=\"hidden\" name=\"_wpcf7\" value=\"10\" \/><input type=\"hidden\" name=\"_wpcf7_version\" value=\"6.1.4\" \/><input type=\"hidden\" name=\"_wpcf7_locale\" value=\"en_US\" \/><input type=\"hidden\" name=\"_wpcf7_unit_tag\" value=\"wpcf7-f10-o1\" \/><input type=\"hidden\" name=\"_wpcf7_container_post\" value=\"0\" \/><input type=\"hidden\" name=\"_wpcf7_posted_data_hash\" value=\"\" \/><input type=\"hidden\" name=\"_wpcf7_recaptcha_response\" value=\"\" \/>\n<\/fieldset>\n<p><span class=\"wpcf7-form-control-wrap\" data-name=\"Name\"><input size=\"40\" maxlength=\"400\" class=\"wpcf7-form-control wpcf7-text\" aria-invalid=\"false\" placeholder=\"Az \u00d6n neve\" value=\"\" type=\"text\" name=\"Name\" \/><\/span><br \/>\n<span class=\"wpcf7-form-control-wrap\" data-name=\"Comapany\"><input size=\"40\" maxlength=\"400\" class=\"wpcf7-form-control wpcf7-text\" aria-invalid=\"false\" placeholder=\"Az \u00d6n c\u00e9ge\" value=\"\" type=\"text\" name=\"Comapany\" \/><\/span><br \/>\n<span class=\"wpcf7-form-control-wrap\" data-name=\"Email\"><input size=\"40\" maxlength=\"400\" class=\"wpcf7-form-control wpcf7-email wpcf7-validates-as-required wpcf7-text wpcf7-validates-as-email\" aria-required=\"true\" aria-invalid=\"false\" placeholder=\"Az \u00d6n e-mail c\u00edme*\" value=\"\" type=\"email\" name=\"Email\" \/><\/span><br \/>\n<span class=\"wpcf7-form-control-wrap\" data-name=\"Message\"><textarea cols=\"40\" rows=\"10\" maxlength=\"2000\" class=\"wpcf7-form-control wpcf7-textarea\" aria-invalid=\"false\" placeholder=\"\u00dczenet\" name=\"Message\"><\/textarea><\/span>\n<\/p>\n<p><input class=\"wpcf7-form-control wpcf7-submit has-spinner\" type=\"submit\" value=\"K\u00fcldje be a\" \/>\n<\/p><div class=\"wpcf7-response-output\" aria-hidden=\"true\"><\/div>\n<input type=\"hidden\" name=\"trp-form-language\" value=\"hu\"\/><\/form>\n<\/div>\n\n\n\n\t\t<\/div>\n\t\t\t\t\t<\/div>\n\n\t\n\n<\/div>\n\n\t\t<\/div>\n\t\t\t\t\t<\/div>\n\n\t\n\n<\/div>\n\n\t\t<\/div>\n\n\t\t\n<style>\n#section_630915412 {\n  padding-top: 30px;\n  padding-bottom: 30px;\n  background-color: rgb(232, 234, 241);\n}\n<\/style>\n\t<\/section>","protected":false},"excerpt":{"rendered":"","protected":false},"author":1,"featured_media":0,"parent":0,"menu_order":0,"comment_status":"closed","ping_status":"closed","template":"page-blank.php","meta":{"footnotes":""},"class_list":["post-74","page","type-page","status-publish","hentry"],"_links":{"self":[{"href":"https:\/\/www.impacttesting.net\/hu\/wp-json\/wp\/v2\/pages\/74","targetHints":{"allow":["GET"]}}],"collection":[{"href":"https:\/\/www.impacttesting.net\/hu\/wp-json\/wp\/v2\/pages"}],"about":[{"href":"https:\/\/www.impacttesting.net\/hu\/wp-json\/wp\/v2\/types\/page"}],"author":[{"embeddable":true,"href":"https:\/\/www.impacttesting.net\/hu\/wp-json\/wp\/v2\/users\/1"}],"replies":[{"embeddable":true,"href":"https:\/\/www.impacttesting.net\/hu\/wp-json\/wp\/v2\/comments?post=74"}],"version-history":[{"count":2,"href":"https:\/\/www.impacttesting.net\/hu\/wp-json\/wp\/v2\/pages\/74\/revisions"}],"predecessor-version":[{"id":78,"href":"https:\/\/www.impacttesting.net\/hu\/wp-json\/wp\/v2\/pages\/74\/revisions\/78"}],"wp:attachment":[{"href":"https:\/\/www.impacttesting.net\/hu\/wp-json\/wp\/v2\/media?parent=74"}],"curies":[{"name":"wp","href":"https:\/\/api.w.org\/{rel}","templated":true}]}}