{"id":66,"date":"2025-12-24T05:51:29","date_gmt":"2025-12-24T05:51:29","guid":{"rendered":"https:\/\/www.impacttesting.net\/?page_id=66"},"modified":"2025-12-24T05:51:29","modified_gmt":"2025-12-24T05:51:29","slug":"astm-d1709","status":"publish","type":"page","link":"https:\/\/www.impacttesting.net\/hu\/astm-d1709\/","title":{"rendered":"ASTM D1709"},"content":{"rendered":"<section class=\"section\" id=\"section_1569700810\">\n\t\t<div class=\"bg section-bg fill bg-fill  bg-loaded\" >\n\n\t\t\t\n\t\t\t\n\t\t\t\n\n\t\t<\/div>\n\n\t\t\n\n\t\t<div class=\"section-content relative\">\n\t\t\t\n\n<div class=\"row\"  id=\"row-340894996\">\n\n\n\t<div id=\"col-1156371537\" class=\"col small-12 large-12\"  >\n\t\t\t\t<div class=\"col-inner\" style=\"background-color:rgb(92, 171, 188);\" >\n\t\t\t\n\t\t\t\n\n<div class=\"row\"  id=\"row-1883146029\">\n\n\n\t<div id=\"col-292143408\" class=\"col small-12 large-12\"  >\n\t\t\t\t<div class=\"col-inner\"  >\n\t\t\t\n\t\t\t\n\n\t<div id=\"text-1258253386\" class=\"text\">\n\t\t\n\n<h1>ASTM D1709<\/h1>\n\t\t\n<style>\n#text-1258253386 {\n  font-size: 1.5rem;\n  text-align: center;\n}\n<\/style>\n\t<\/div>\n\t\n\t<div id=\"text-3465586885\" class=\"text\">\n\t\t\n\n<h2>Dart cseppvizsg\u00e1lati m\u00f3dszer m\u0171anyag f\u00f3li\u00e1ra<\/h2>\n\t\t\n<style>\n#text-3465586885 {\n  text-align: center;\n}\n<\/style>\n\t<\/div>\n\t\n\n\t\t<\/div>\n\t\t\t\t\n<style>\n#col-292143408 > .col-inner {\n  padding: 50px 10px 10px 10px;\n}\n<\/style>\n\t<\/div>\n\n\t\n\n<\/div>\n<div class=\"row align-middle align-center\"  id=\"row-1712735016\">\n\n\n\t<div id=\"col-238392150\" class=\"col medium-11 small-12 large-11\"  >\n\t\t\t\t<div class=\"col-inner\"  >\n\t\t\t\n\t\t\t\n\n<div class=\"row align-center\"  id=\"row-2030418099\">\n\n\n\t<div id=\"col-742385032\" class=\"col medium-7 small-12 large-7\"  >\n\t\t\t\t<div class=\"col-inner\"  >\n\t\t\t\n\t\t\t\n\n<div class=\"row\"  id=\"row-1343074953\">\n\n\n\t<div id=\"col-1295295715\" class=\"col small-12 large-12\"  >\n\t\t\t\t<div class=\"col-inner text-center\"  >\n\t\t\t\n\t\t\t\n\n\t<div id=\"text-1805886113\" class=\"text\">\n\t\t\n\n<p>A <strong>ASTM D1709 dart cseppteszt<\/strong> a m\u0171anyag f\u00f3li\u00e1k \u00e9s hasonl\u00f3 anyagok \u00fct\u00e9s\u00e1ll\u00f3s\u00e1g\u00e1nak \u00e9rt\u00e9kel\u00e9s\u00e9re szolg\u00e1l\u00f3 alapvet\u0151 fontoss\u00e1g\u00fa m\u00f3dszer. A szabv\u00e1nyos elj\u00e1r\u00e1sok betart\u00e1s\u00e1val, a megfelel\u0151 vizsg\u00e1lati m\u00f3dszer kiv\u00e1laszt\u00e1s\u00e1val \u00e9s olyan megb\u00edzhat\u00f3 berendez\u00e9sek haszn\u00e1lat\u00e1val, mint a <strong>FDT-01 az Impacttesting.net-t\u0151l<\/strong>, biztos\u00edthatja a k\u00f6vetkezetes min\u0151s\u00e9get \u00e9s az ipari szabv\u00e1nyoknak val\u00f3 megfelel\u00e9st.<\/p>\n\t\t\n<style>\n#text-1805886113 {\n  color: rgb(0, 0, 0);\n}\n#text-1805886113 > * {\n  color: rgb(0, 0, 0);\n}\n<\/style>\n\t<\/div>\n\t\n\n\t\t<\/div>\n\t\t\t\t\t<\/div>\n\n\t\n\n\t<div id=\"col-1964904677\" class=\"col small-12 large-12\"  >\n\t\t\t\t<div class=\"col-inner text-center\"  >\n\t\t\t\n\t\t\t\n\n<a href=\"https:\/\/www.impacttesting.net\/hu\/contact-us\/\" class=\"button primary is-outline\"  style=\"border-radius:99px;\">\n    <span>Kapcsolatfelv\u00e9tel<\/span>\n  <i class=\"icon-chat\" aria-hidden=\"true\" ><\/i><\/a>\n\n\n\n\t\t<\/div>\n\t\t\t\t\t<\/div>\n\n\t\n\n<\/div>\n\n\t\t<\/div>\n\t\t\t\t\t<\/div>\n\n\t\n\n\t<div id=\"col-1986600090\" class=\"col medium-4 small-12 large-4\"  >\n\t\t\t\t<div class=\"col-inner\"  >\n\t\t\t\n\t\t\t\n\n<div class=\"row\"  id=\"row-1406979427\">\n\n\n\t<div id=\"col-390284717\" class=\"col small-12 large-12\"  >\n\t\t\t\t<div class=\"col-inner\"  >\n\t\t\t\n\t\t\t\n\n\t<div class=\"img has-hover x md-x lg-x y md-y lg-y\" id=\"image_2000804320\">\n\t\t\t\t\t\t\t\t<div class=\"img-inner dark\" >\n\t\t\t<img decoding=\"async\" width=\"600\" height=\"440\" src=\"https:\/\/www.impacttesting.net\/wp-content\/uploads\/2025\/12\/ASTM-D1709-Dart-Drop-Test-Method-for-Plastic-Film.webp\" class=\"attachment-large size-large\" alt=\"ASTM D1709 Dart cseppvizsg\u00e1lati m\u00f3dszer m\u0171anyag f\u00f3li\u00e1khoz\" srcset=\"https:\/\/www.impacttesting.net\/wp-content\/uploads\/2025\/12\/ASTM-D1709-Dart-Drop-Test-Method-for-Plastic-Film.webp 600w, https:\/\/www.impacttesting.net\/wp-content\/uploads\/2025\/12\/ASTM-D1709-Dart-Drop-Test-Method-for-Plastic-Film-545x400.webp 545w\" sizes=\"(max-width: 600px) 100vw, 600px\" \/>\t\t\t\t\t\t\n\t\t\t\t\t<\/div>\n\t\t\t\t\t\t\t\t\n<style>\n#image_2000804320 {\n  width: 100%;\n}\n<\/style>\n\t<\/div>\n\t\n\n\n\t\t<\/div>\n\t\t\t\t\t<\/div>\n\n\t\n\n<\/div>\n\n\t\t<\/div>\n\t\t\t\t\t<\/div>\n\n\t\n\n<\/div>\n\n\t\t<\/div>\n\t\t\t\t\t<\/div>\n\n\t\n\n<\/div>\n\n\t\t<\/div>\n\t\t\t\t\t<\/div>\n\n\t\n\n\n<style>\n#row-340894996 > .col > .col-inner {\n  border-radius: 25px;\n}\n<\/style>\n<\/div>\n\n\t\t<\/div>\n\n\t\t\n<style>\n#section_1569700810 {\n  padding-top: 30px;\n  padding-bottom: 30px;\n}\n<\/style>\n\t<\/section>\n\t\n\t<section class=\"section\" id=\"section_2043326339\">\n\t\t<div class=\"bg section-bg fill bg-fill  bg-loaded\" >\n\n\t\t\t\n\t\t\t\n\t\t\t\n\n\t\t<\/div>\n\n\t\t\n\n\t\t<div class=\"section-content relative\">\n\t\t\t\n\n<div class=\"row\"  id=\"row-1667912124\">\n\n\n\t<div id=\"col-1144205162\" class=\"col small-12 large-12\"  >\n\t\t\t\t<div class=\"col-inner\"  >\n\t\t\t\n\t\t\t\n\n<div class=\"row\"  id=\"row-1645214971\">\n\n\n\t<div id=\"col-2095844475\" class=\"col small-12 large-12\"  >\n\t\t\t\t<div class=\"col-inner\"  >\n\t\t\t\n\t\t\t\n\n\t<div id=\"text-1825523095\" class=\"text\">\n\t\t\n\n<h2>ASTM D1709 \u00e9s annak jelent\u0151s\u00e9ge<\/h2>\n\t\t\n<style>\n#text-1825523095 {\n  font-size: 1.3rem;\n  text-align: center;\n}\n<\/style>\n\t<\/div>\n\t\n\n\t\t<\/div>\n\t\t\t\t\t<\/div>\n\n\t\n\n\t<div id=\"col-774466488\" class=\"col small-12 large-12\"  >\n\t\t\t\t<div class=\"col-inner\"  >\n\t\t\t\n\t\t\t\n\n<p>A rugalmas csomagol\u00f3anyagok, k\u00fcl\u00f6n\u00f6sen a m\u0171anyag f\u00f3li\u00e1k min\u0151s\u00e9gbiztos\u00edt\u00e1s\u00e1ban az ASTM D1709 szabv\u00e1ny l\u00e9tfontoss\u00e1g\u00fa szerepet j\u00e1tszik. Ez a nemzetk\u00f6zi szabv\u00e1ny meghat\u00e1rozza a <strong>Dart cseppvizsg\u00e1lati m\u00f3dszer<\/strong>, amely a m\u0171anyag f\u00f3li\u00e1k \u00fct\u00e9s\u00e1ll\u00f3s\u00e1g\u00e1t \u00fagy \u00e9rt\u00e9keli, hogy meghat\u00e1rozza azt az energi\u00e1t, amely egy s\u00falyozott d\u00e1rda r\u00f6gz\u00edtett magass\u00e1gb\u00f3l t\u00f6rt\u00e9n\u0151 leejt\u00e9sekor a meghib\u00e1sod\u00e1shoz sz\u00fcks\u00e9ges. Az eredm\u00e9nyek alapvet\u0151 fontoss\u00e1g\u00faak a term\u00e9k teljes\u00edtm\u00e9ny\u00e9nek biztos\u00edt\u00e1s\u00e1hoz a sz\u00e1ll\u00edt\u00e1s, kezel\u00e9s \u00e9s haszn\u00e1lat sor\u00e1n. A gy\u00e1rt\u00f3k, a min\u0151s\u00e9gellen\u0151rz\u00e9ssel foglalkoz\u00f3 szakemberek \u00e9s a polimerf\u00f3li\u00e1kkal dolgoz\u00f3 laborat\u00f3riumok sz\u00e1m\u00e1ra az ASTM D1709 szabv\u00e1ny meg\u00e9rt\u00e9se \u00e9s alkalmaz\u00e1sa biztos\u00edtja a teljes\u00edtm\u00e9nyszabv\u00e1nyoknak val\u00f3 megfelel\u00e9st \u00e9s a gy\u00e1rt\u00e1s k\u00f6vetkezetess\u00e9g\u00e9t.<\/p>\n\n\t\t<\/div>\n\t\t\t\t\t<\/div>\n\n\t\n\n<\/div>\n\n\t\t<\/div>\n\t\t\t\t\t<\/div>\n\n\t\n\n<\/div>\n<div class=\"row\"  id=\"row-1025075797\">\n\n\n\t<div id=\"col-1565218164\" class=\"col small-12 large-12\"  >\n\t\t\t\t<div class=\"col-inner\"  >\n\t\t\t\n\t\t\t\n\n<div class=\"row\"  id=\"row-564577568\">\n\n\n\t<div id=\"col-608088043\" class=\"col small-12 large-12\"  >\n\t\t\t\t<div class=\"col-inner\"  >\n\t\t\t\n\t\t\t\n\n<div class=\"row\"  id=\"row-1497331279\">\n\n\n\t<div id=\"col-1466309298\" class=\"col small-12 large-12\"  >\n\t\t\t\t<div class=\"col-inner\"  >\n\t\t\t\n\t\t\t\n\n\t<div id=\"text-3211111407\" class=\"text\">\n\t\t\n\n<h2>A Dart cseppvizsg\u00e1lati m\u00f3dszer meg\u00e9rt\u00e9se<\/h2>\n\t\t\n<style>\n#text-3211111407 {\n  font-size: 1.3rem;\n  text-align: center;\n}\n<\/style>\n\t<\/div>\n\t\n\n\t\t<\/div>\n\t\t\t\t\t<\/div>\n\n\t\n\n<\/div>\n<div class=\"row align-middle\"  id=\"row-1045296493\">\n\n\n\t<div id=\"col-940173287\" class=\"col medium-7 small-12 large-7\"  >\n\t\t\t\t<div class=\"col-inner\"  >\n\t\t\t\n\t\t\t\n\n<p>A <strong>dart drop teszt<\/strong> az ASTM D1709 szabv\u00e1ny szerint egy f\u00e9lg\u00f6mbfej\u0171 ny\u00edlvessz\u0151t dobnak egy befogott f\u00f3liap\u00e9ld\u00e1nyra, hogy meghat\u00e1rozz\u00e1k azt a s\u00falyt, amely a vizsg\u00e1lt pr\u00f3batestek 50% meghib\u00e1sod\u00e1s\u00e1t okozza. A vizsg\u00e1lat az \u00fct\u00e9s\u00e1ll\u00f3s\u00e1g mennyis\u00e9gi m\u00e9r\u00e9s\u00e9t biztos\u00edtja.<\/p>\n<p>K\u00e9t els\u0151dleges vizsg\u00e1lati m\u00f3dszer l\u00e9tezik:<\/p>\n<ul>\n<li><strong>A m\u00f3dszer<\/strong>: 38,10 mm \u00e1tm\u00e9r\u0151j\u0171, 0,66 m-r\u0151l ledobott ny\u00edlvessz\u0151t haszn\u00e1l.<\/li>\n<li><strong>B m\u00f3dszer<\/strong>: 50,80 mm \u00e1tm\u00e9r\u0151j\u0171, 1,52 m-r\u0151l ledobott ny\u00edlvessz\u0151t haszn\u00e1l.<\/li>\n<\/ul>\n<p>Mindegyik m\u00f3dszer k\u00fcl\u00f6nb\u00f6z\u0151 filmt\u00edpusokhoz \u00e9s teljes\u00edtm\u00e9nyk\u00fcsz\u00f6b\u00f6kh\u00f6z alkalmas. Az A. m\u00f3dszer k\u00f6nnyebb vagy v\u00e9konyabb f\u00f3li\u00e1k eset\u00e9ben haszn\u00e1latosabb, m\u00edg a B. m\u00f3dszert akkor alkalmazz\u00e1k, ha nagyobb energi\u00e1j\u00fa behat\u00e1s v\u00e1rhat\u00f3.<\/p>\n\n\t\t<\/div>\n\t\t\t\t\t<\/div>\n\n\t\n\n\t<div id=\"col-771517265\" class=\"col medium-5 small-12 large-5\"  >\n\t\t\t\t<div class=\"col-inner\"  >\n\t\t\t\n\t\t\t\n\n\t<div class=\"img has-hover x md-x lg-x y md-y lg-y\" id=\"image_708297508\">\n\t\t\t\t\t\t\t\t<div class=\"img-inner dark\" >\n\t\t\t<img decoding=\"async\" width=\"600\" height=\"440\" src=\"https:\/\/www.impacttesting.net\/wp-content\/uploads\/2025\/12\/ASTM-D1709-Dart-Drop-Test-Method-for-Plastic-Film.webp\" class=\"attachment-large size-large\" alt=\"ASTM D1709 Dart cseppvizsg\u00e1lati m\u00f3dszer m\u0171anyag f\u00f3li\u00e1khoz\" srcset=\"https:\/\/www.impacttesting.net\/wp-content\/uploads\/2025\/12\/ASTM-D1709-Dart-Drop-Test-Method-for-Plastic-Film.webp 600w, https:\/\/www.impacttesting.net\/wp-content\/uploads\/2025\/12\/ASTM-D1709-Dart-Drop-Test-Method-for-Plastic-Film-545x400.webp 545w\" sizes=\"(max-width: 600px) 100vw, 600px\" \/>\t\t\t\t\t\t\n\t\t\t\t\t<\/div>\n\t\t\t\t\t\t\t\t\n<style>\n#image_708297508 {\n  width: 100%;\n}\n<\/style>\n\t<\/div>\n\t\n\n\n\t\t<\/div>\n\t\t\t\t\t<\/div>\n\n\t\n\n<\/div>\n\n\t\t<\/div>\n\t\t\t\t\t<\/div>\n\n\t\n\n<\/div>\n\n\t\t<\/div>\n\t\t\t\t\t<\/div>\n\n\t\n\n<\/div>\n<div class=\"row\"  id=\"row-595777685\">\n\n\n\t<div id=\"col-53329752\" class=\"col small-12 large-12\"  >\n\t\t\t\t<div class=\"col-inner\"  >\n\t\t\t\n\t\t\t\n\n<div class=\"row\"  id=\"row-1535490039\">\n\n\n\t<div id=\"col-490404290\" class=\"col small-12 large-12\"  >\n\t\t\t\t<div class=\"col-inner\"  >\n\t\t\t\n\t\t\t\n\n\t<div id=\"text-2925507637\" class=\"text\">\n\t\t\n\n<h2>A Dart \u00fctk\u00f6z\u00e9svizsg\u00e1lati elj\u00e1r\u00e1s legfontosabb l\u00e9p\u00e9sei<\/h2>\n\t\t\n<style>\n#text-2925507637 {\n  font-size: 1.3rem;\n  text-align: center;\n}\n<\/style>\n\t<\/div>\n\t\n\n\t\t<\/div>\n\t\t\t\t\t<\/div>\n\n\t\n\n<\/div>\n<div class=\"row\"  id=\"row-1425459609\">\n\n\n\t<div id=\"col-1844220516\" class=\"col medium-6 small-12 large-6\"  >\n\t\t\t\t<div class=\"col-inner\"  >\n\t\t\t\n\t\t\t\n\n<h3>A vizsg\u00e1lati minta el\u0151k\u00e9sz\u00edt\u00e9se<\/h3>\n<ul>\n<li><strong>M\u00e9ret \u00e9s min\u0151s\u00e9g<\/strong>: Gy\u0151z\u0151dj\u00f6n meg r\u00f3la, hogy a mint\u00e1k el\u00e9g nagyok ahhoz, hogy t\u00falny\u00faljanak a bilincsen, \u00e9s ne legyenek l\u00e1that\u00f3 hib\u00e1k, p\u00e9ld\u00e1ul t\u0171lyukak vagy r\u00e1ncok.<\/li>\n<li><strong>Mintav\u00e9telez\u00e9s<\/strong>: Vegyen olyan mint\u00e1kat, amelyek reprezentat\u00edvak a teljes filmgy\u00e1rt\u00e1si t\u00e9telre n\u00e9zve.<\/li>\n<li><strong>Kondicion\u00e1l\u00e1s<\/strong>: Vizsg\u00e1lat el\u0151tt minden mint\u00e1t legal\u00e1bb 40 \u00f3r\u00e1n \u00e1t 23 \u00b1 2 \u00b0C-on \u00e9s 50 \u00b1 10% relat\u00edv p\u00e1ratartalom mellett kell kondicion\u00e1lni az ASTM D618 szabv\u00e1nyban le\u00edrtak szerint.<\/li>\n<\/ul>\n\n\t\t<\/div>\n\t\t\t\t\t<\/div>\n\n\t\n\n\t<div id=\"col-1390617633\" class=\"col medium-6 small-12 large-6\"  >\n\t\t\t\t<div class=\"col-inner\"  >\n\t\t\t\n\t\t\t\n\n<h3>K\u00e9sz\u00fcl\u00e9k be\u00e1ll\u00edt\u00e1sa<\/h3>\n<ul>\n<li>Haszn\u00e1ljon egy j\u00f3v\u00e1hagyott dart csepptesztel\u0151t, mint p\u00e9ld\u00e1ul a <strong>FDT-01 az Impacttesting.net-t\u0151l<\/strong>, amely mind az A, mind a B m\u00f3dszert t\u00e1mogatja, prec\u00edz dart kiold\u00f3 mechanizmusokkal.<\/li>\n<li>V\u00e1lassza ki \u00e9s ellen\u0151rizze a dartfejet, hogy biztos\u00edtsa, hogy nincs rajta karcol\u00e1s vagy hiba.<\/li>\n<li>A cseppmagass\u00e1got pontosan \u00e1ll\u00edtsa be a v\u00e1lasztott vizsg\u00e1lati m\u00f3dszer alapj\u00e1n.<\/li>\n<li>Gy\u0151z\u0151dj\u00f6n meg arr\u00f3l, hogy a d\u00e1rda kiold\u00e1sa a befogott minta k\u00f6zep\u00e9re hat, \u00e9s hogy nem t\u00f6rt\u00e9nik cs\u00fasz\u00e1s.<\/li>\n<\/ul>\n\n\t\t<\/div>\n\t\t\t\t\t<\/div>\n\n\t\n\n<\/div>\n<div class=\"row align-middle\"  id=\"row-1217407784\">\n\n\n\t<div id=\"col-836626872\" class=\"col medium-8 small-12 large-8\"  >\n\t\t\t\t<div class=\"col-inner\"  >\n\t\t\t\n\t\t\t\n\n<h3>Dart Drop vizsg\u00e1lati technik\u00e1k<\/h3>\n<p>Az ASTM D1709 szerint k\u00e9t f\u0151 vizsg\u00e1lati m\u00f3dszer l\u00e9tezik:<\/p>\n<h4>L\u00e9pcs\u0151zetes m\u00f3dszer<\/h4>\n<ul>\n<li>Haszn\u00e1ljon egys\u00e9ges s\u00falyn\u00f6veked\u00e9st (\u0394W).<\/li>\n<li>Minden egyes pr\u00f3badarab ut\u00e1n n\u00f6velje vagy cs\u00f6kkentse a dart s\u00faly\u00e1t a hiba eredm\u00e9ny\u00e9t\u0151l f\u00fcgg\u0151en.<\/li>\n<li>A vizsg\u00e1lat addig folytat\u00f3dik, am\u00edg 10 hiba (X) \u00e9s 10 nem hiba (0) nem k\u00f6vetkezik be.<\/li>\n<li>Sz\u00e1m\u00edtsa ki a t\u00f6nkremeneteli s\u00falyt (WF) a l\u00e9pcs\u0151zetes m\u00f3dszer k\u00e9plet\u00e9vel:<br \/><strong>WF = W0 + \u0394W(N\/A - 0,5)<\/strong><br \/>Hol:<br \/><strong>W<sub>0<\/sub> <\/strong> a kezdeti s\u00faly<br \/><strong>\u0394W<\/strong> a n\u00f6vekm\u00e9ny<br \/><strong>N<\/strong> az \u00f6sszes hiba (10)<br \/><strong>A<\/strong> a meghib\u00e1sodott pr\u00f3batestek index\u00e9rt\u00e9keinek \u00f6sszege<\/li>\n<\/ul>\n<h4>Alternat\u00edv m\u00f3dszer<\/h4>\n<ul>\n<li>Haszn\u00e1ljon egy fix dart s\u00falyt egy mintacsoporthoz (\u00e1ltal\u00e1ban 10).<\/li>\n<li>V\u00e1ltoztassa a dart s\u00faly\u00e1t a csoportok k\u00f6z\u00f6tt.<\/li>\n<li>Hat\u00e1rozza meg a hibak\u00fcsz\u00f6b\u00f6t \u00e1br\u00e1zolt adatok vagy mozg\u00f3\u00e1tlagok seg\u00edts\u00e9g\u00e9vel.<\/li>\n<\/ul>\n<p>Ezt a megk\u00f6zel\u00edt\u00e9st gyakran alkalmazz\u00e1k a<strong> rutinszer\u0171 min\u0151s\u00e9gellen\u0151rz\u00e9s<\/strong> a gyors ellen\u0151rz\u00e9sekhez.<\/p>\n\n\t\t<\/div>\n\t\t\t\t\t<\/div>\n\n\t\n\n\t<div id=\"col-288206328\" class=\"col medium-4 small-12 large-4\"  >\n\t\t\t\t<div class=\"col-inner\"  >\n\t\t\t\n\t\t\t\n\n<div class=\"video video-fit mb\" style=\"padding-top:200%;\"><iframe title=\"Zuhan\u00f3 goly\u00f3 \u00fct\u00e9svizsg\u00e1l\u00f3 k\u00e9sz\u00fcl\u00e9k m\u0171anyag f\u00f3li\u00e1khoz \u00e9s lemezekhez\" width=\"563\" height=\"1000\" src=\"https:\/\/www.youtube.com\/embed\/AvdivZPwIxc?feature=oembed\" frameborder=\"0\" allow=\"accelerometer; autoplay; clipboard-write; encrypted-media; gyroscope; picture-in-picture; web-share\" referrerpolicy=\"strict-origin-when-cross-origin\" allowfullscreen><\/iframe><\/div>\n\n\n\t\t<\/div>\n\t\t\t\t\t<\/div>\n\n\t\n\n<\/div>\n\n\t\t<\/div>\n\t\t\t\t\t<\/div>\n\n\t\n\n<\/div>\n<div class=\"row\"  id=\"row-1274544459\">\n\n\n\t<div id=\"col-1065943893\" class=\"col small-12 large-12\"  >\n\t\t\t\t<div class=\"col-inner\"  >\n\t\t\t\n\t\t\t\n\n<div class=\"row\"  id=\"row-374200241\">\n\n\n\t<div id=\"col-1082139230\" class=\"col small-12 large-12\"  >\n\t\t\t\t<div class=\"col-inner\"  >\n\t\t\t\n\t\t\t\n\n\t<div id=\"text-4288279894\" class=\"text\">\n\t\t\n\n<h2>Gyakori probl\u00e9m\u00e1k \u00e9s megold\u00e1sok<\/h2>\n\t\t\n<style>\n#text-4288279894 {\n  font-size: 1.3rem;\n  text-align: center;\n}\n<\/style>\n\t<\/div>\n\t\n\n\t\t<\/div>\n\t\t\t\t\t<\/div>\n\n\t\n\n\t<div id=\"col-648966187\" class=\"col small-12 large-12\"  >\n\t\t\t\t<div class=\"col-inner\"  >\n\t\t\t\n\t\t\t\n\n\t<div id=\"text-2325659726\" class=\"text\">\n\t\t\n\n<p><strong>A minta elcs\u00fasz\u00e1sa<\/strong>: Haszn\u00e1ljon megfelel\u0151 bilincseket \u00e9s fel\u00fcletkezel\u00e9st (pl. krokodilv\u00e1szon), hogy megakad\u00e1lyozza az \u00fctk\u00f6z\u00e9s k\u00f6zbeni elmozdul\u00e1st.<\/p>\n<p><strong>Ellentmond\u00e1sos eredm\u00e9nyek<\/strong>: Ellen\u0151rizze a k\u00f6rnyezeti felt\u00e9teleket, a dart igaz\u00edt\u00e1s\u00e1t \u00e9s a minta el\u0151k\u00e9sz\u00edt\u00e9s\u00e9t az ism\u00e9telhet\u0151s\u00e9g biztos\u00edt\u00e1sa \u00e9rdek\u00e9ben.<\/p>\n<p><strong>Dart visszapattan\u00e1s<\/strong>: A t\u00f6bbsz\u00f6r\u00f6s \u00e9rintkez\u00e9s \u00e9s az esetleges fel\u00fcleti s\u00e9r\u00fcl\u00e9sek elker\u00fcl\u00e9se \u00e9rdek\u00e9ben mindig kapja el a ny\u00edlvessz\u0151t a tal\u00e1lat ut\u00e1n.<\/p>\n\t\t\n<style>\n#text-2325659726 {\n  text-align: center;\n}\n<\/style>\n\t<\/div>\n\t\n\n\t\t<\/div>\n\t\t\t\t\t<\/div>\n\n\t\n\n<\/div>\n\n\t\t<\/div>\n\t\t\t\t\t<\/div>\n\n\t\n\n<\/div>\n\n\t\t<\/div>\n\n\t\t\n<style>\n#section_2043326339 {\n  padding-top: 30px;\n  padding-bottom: 30px;\n}\n<\/style>\n\t<\/section>\n\t\n\t<section class=\"section\" id=\"section_1980117287\">\n\t\t<div class=\"bg section-bg fill bg-fill  bg-loaded\" >\n\n\t\t\t\n\t\t\t\n\t\t\t\n\n\t\t<\/div>\n\n\t\t\n\n\t\t<div class=\"section-content relative\">\n\t\t\t\n\n<div class=\"row\"  id=\"row-408621701\">\n\n\n\t<div id=\"col-282863714\" class=\"col small-12 large-12\"  >\n\t\t\t\t<div class=\"col-inner\"  >\n\t\t\t\n\t\t\t\n\n<div class=\"row align-center\"  id=\"row-1711597044\">\n\n\n\t<div id=\"col-2036024417\" class=\"col small-12 large-12\"  >\n\t\t\t\t<div class=\"col-inner\"  >\n\t\t\t\n\t\t\t\n\n\t<div id=\"text-3411244485\" class=\"text\">\n\t\t\n\n<h2>Mi\u00e9rt v\u00e1lassza az Impacttesting.net<br \/>FDT-01 Dart Drop Tester<\/h2>\n\t\t\n<style>\n#text-3411244485 {\n  font-size: 1.4rem;\n  text-align: center;\n}\n<\/style>\n\t<\/div>\n\t\n\n\t\t<\/div>\n\t\t\t\t\t<\/div>\n\n\t\n\n\t<div id=\"col-513409327\" class=\"col small-12 large-12\"  >\n\t\t\t\t<div class=\"col-inner\"  >\n\t\t\t\n\t\t\t\n\n<p>A <strong>FDT-01 <a href=\"https:\/\/www.impacttesting.net\/hu\/falling-dart-impact-tester\/\">Dart \u00fct\u00e9sm\u00e9r\u0151<\/a><\/strong> a  c\u00edmr\u0151l <a href=\"https:\/\/www.impacttesting.net\/hu\/\">Impacttesting.net<\/a> kifejezetten a pontos \u00e9s hat\u00e9kony tesztel\u00e9shez tervezt\u00e9k. <a href=\"https:\/\/www.impacttesting.net\/hu\/astm-d1709\/\"><strong>ASTM D1709<\/strong><\/a>. Ez a m\u0171szer:<\/p>\n\n\t\t<\/div>\n\t\t\t\t\t<\/div>\n\n\t\n\n\t<div id=\"col-1691140427\" class=\"col medium-7 small-12 large-7\"  >\n\t\t\t\t<div class=\"col-inner text-center\"  >\n\t\t\t\n\t\t\t\n\n\t<div id=\"text-679613539\" class=\"text\">\n\t\t\n\n<p>T\u00e1mogatja mind az A, mind a B m\u00f3dszert<br \/>Pontos cseppmagass\u00e1g-be\u00e1ll\u00edt\u00e1s \u00e9s dart kiold\u00e1s<br \/>Digit\u00e1lis vez\u00e9rl\u00e9st \u00e9s adatgy\u0171jt\u00e9st k\u00edn\u00e1l a megb\u00edzhat\u00f3 eredm\u00e9nyk\u00f6vet\u00e9shez<br \/>Intuit\u00edv kezel\u0151fel\u00fclettel \u00e9s massz\u00edv fel\u00e9p\u00edt\u00e9ssel n\u00f6veli a termel\u00e9kenys\u00e9get<\/p>\n\t\t\n<style>\n#text-679613539 {\n  font-size: 1.1rem;\n  line-height: 1.3;\n}\n<\/style>\n\t<\/div>\n\t\n\t<div id=\"text-1718822586\" class=\"text\">\n\t\t\n\n<p>Szak\u00e9rtelm\u00fcnk <strong>csomagol\u00f3anyagok vizsg\u00e1lata<\/strong>a testreszabhat\u00f3 funkci\u00f3kkal \u00e9s az automatiz\u00e1l\u00e1si t\u00e1mogat\u00e1ssal kombin\u00e1lva az FDT-01 t\u00f6k\u00e9letes v\u00e1laszt\u00e1s laborat\u00f3riumok, gy\u00e1rt\u00f3sorok \u00e9s ellen\u0151rz\u0151 \u00fcgyn\u00f6ks\u00e9gek sz\u00e1m\u00e1ra.<\/p>\n\t\t\n<style>\n#text-1718822586 {\n  font-size: 1.1rem;\n}\n<\/style>\n\t<\/div>\n\t\n<a href=\"https:\/\/www.impacttesting.net\/hu\/contact-us\/\" class=\"button primary is-outline\"  style=\"border-radius:99px;\">\n    <span>Kapcsolatfelv\u00e9tel<\/span>\n  <i class=\"icon-chat\" aria-hidden=\"true\" ><\/i><\/a>\n\n\n\n\t\t<\/div>\n\t\t\t\t\t<\/div>\n\n\t\n\n\t<div id=\"col-1188721595\" class=\"col medium-4 small-12 large-4\"  >\n\t\t\t\t<div class=\"col-inner text-center\"  >\n\t\t\t\n\t\t\t\n\n\n<div class=\"wpcf7 no-js\" id=\"wpcf7-f10-o1\" lang=\"en-US\" dir=\"ltr\" data-wpcf7-id=\"10\">\n<div class=\"screen-reader-response\"><p role=\"status\" aria-live=\"polite\" aria-atomic=\"true\"><\/p> <ul><\/ul><\/div>\n<form action=\"\/hu\/wp-json\/wp\/v2\/pages\/66#wpcf7-f10-o1\" method=\"post\" class=\"wpcf7-form init\" aria-label=\"Contact form\" novalidate=\"novalidate\" data-status=\"init\" data-trp-original-action=\"\/hu\/wp-json\/wp\/v2\/pages\/66#wpcf7-f10-o1\">\n<fieldset class=\"hidden-fields-container\"><input type=\"hidden\" name=\"_wpcf7\" value=\"10\" \/><input type=\"hidden\" name=\"_wpcf7_version\" value=\"6.1.4\" \/><input type=\"hidden\" name=\"_wpcf7_locale\" value=\"en_US\" \/><input type=\"hidden\" name=\"_wpcf7_unit_tag\" value=\"wpcf7-f10-o1\" \/><input type=\"hidden\" name=\"_wpcf7_container_post\" value=\"0\" \/><input type=\"hidden\" name=\"_wpcf7_posted_data_hash\" value=\"\" \/><input type=\"hidden\" name=\"_wpcf7_recaptcha_response\" value=\"\" \/>\n<\/fieldset>\n<p><span class=\"wpcf7-form-control-wrap\" data-name=\"Name\"><input size=\"40\" maxlength=\"400\" class=\"wpcf7-form-control wpcf7-text\" aria-invalid=\"false\" placeholder=\"Az \u00d6n neve\" value=\"\" type=\"text\" name=\"Name\" \/><\/span><br \/>\n<span class=\"wpcf7-form-control-wrap\" data-name=\"Comapany\"><input size=\"40\" maxlength=\"400\" class=\"wpcf7-form-control wpcf7-text\" aria-invalid=\"false\" placeholder=\"Az \u00d6n c\u00e9ge\" value=\"\" type=\"text\" name=\"Comapany\" \/><\/span><br \/>\n<span class=\"wpcf7-form-control-wrap\" data-name=\"Email\"><input size=\"40\" maxlength=\"400\" class=\"wpcf7-form-control wpcf7-email wpcf7-validates-as-required wpcf7-text wpcf7-validates-as-email\" aria-required=\"true\" aria-invalid=\"false\" placeholder=\"Az \u00d6n e-mail c\u00edme*\" value=\"\" type=\"email\" name=\"Email\" \/><\/span><br \/>\n<span class=\"wpcf7-form-control-wrap\" data-name=\"Message\"><textarea cols=\"40\" rows=\"10\" maxlength=\"2000\" class=\"wpcf7-form-control wpcf7-textarea\" aria-invalid=\"false\" placeholder=\"\u00dczenet\" name=\"Message\"><\/textarea><\/span>\n<\/p>\n<p><input class=\"wpcf7-form-control wpcf7-submit has-spinner\" type=\"submit\" value=\"K\u00fcldje be a\" \/>\n<\/p><div class=\"wpcf7-response-output\" aria-hidden=\"true\"><\/div>\n<input type=\"hidden\" name=\"trp-form-language\" value=\"hu\"\/><\/form>\n<\/div>\n\n\n\n\t\t<\/div>\n\t\t\t\t\t<\/div>\n\n\t\n\n<\/div>\n\n\t\t<\/div>\n\t\t\t\t\t<\/div>\n\n\t\n\n<\/div>\n\n\t\t<\/div>\n\n\t\t\n<style>\n#section_1980117287 {\n  padding-top: 30px;\n  padding-bottom: 30px;\n  background-color: rgb(232, 234, 241);\n}\n<\/style>\n\t<\/section>","protected":false},"excerpt":{"rendered":"","protected":false},"author":1,"featured_media":0,"parent":0,"menu_order":0,"comment_status":"closed","ping_status":"closed","template":"page-blank.php","meta":{"footnotes":""},"class_list":["post-66","page","type-page","status-publish","hentry"],"_links":{"self":[{"href":"https:\/\/www.impacttesting.net\/hu\/wp-json\/wp\/v2\/pages\/66","targetHints":{"allow":["GET"]}}],"collection":[{"href":"https:\/\/www.impacttesting.net\/hu\/wp-json\/wp\/v2\/pages"}],"about":[{"href":"https:\/\/www.impacttesting.net\/hu\/wp-json\/wp\/v2\/types\/page"}],"author":[{"embeddable":true,"href":"https:\/\/www.impacttesting.net\/hu\/wp-json\/wp\/v2\/users\/1"}],"replies":[{"embeddable":true,"href":"https:\/\/www.impacttesting.net\/hu\/wp-json\/wp\/v2\/comments?post=66"}],"version-history":[{"count":1,"href":"https:\/\/www.impacttesting.net\/hu\/wp-json\/wp\/v2\/pages\/66\/revisions"}],"predecessor-version":[{"id":73,"href":"https:\/\/www.impacttesting.net\/hu\/wp-json\/wp\/v2\/pages\/66\/revisions\/73"}],"wp:attachment":[{"href":"https:\/\/www.impacttesting.net\/hu\/wp-json\/wp\/v2\/media?parent=66"}],"curies":[{"name":"wp","href":"https:\/\/api.w.org\/{rel}","templated":true}]}}