{"id":59,"date":"2025-12-24T05:33:37","date_gmt":"2025-12-24T05:33:37","guid":{"rendered":"https:\/\/www.impacttesting.net\/?page_id=59"},"modified":"2025-12-24T06:11:16","modified_gmt":"2025-12-24T06:11:16","slug":"astm-d3420","status":"publish","type":"page","link":"https:\/\/www.impacttesting.net\/hu\/astm-d3420\/","title":{"rendered":"ASTM D3420"},"content":{"rendered":"<section class=\"section\" id=\"section_1662219806\">\n\t\t<div class=\"bg section-bg fill bg-fill  bg-loaded\" >\n\n\t\t\t\n\t\t\t\n\t\t\t\n\n\t\t<\/div>\n\n\t\t\n\n\t\t<div class=\"section-content relative\">\n\t\t\t\n\n<div class=\"row\"  id=\"row-1239818689\">\n\n\n\t<div id=\"col-617568899\" class=\"col small-12 large-12\"  >\n\t\t\t\t<div class=\"col-inner\" style=\"background-color:rgb(92, 171, 188);\" >\n\t\t\t\n\t\t\t\n\n<div class=\"row\"  id=\"row-2015432493\">\n\n\n\t<div id=\"col-1787399134\" class=\"col small-12 large-12\"  >\n\t\t\t\t<div class=\"col-inner\"  >\n\t\t\t\n\t\t\t\n\n\t<div id=\"text-4024430871\" class=\"text\">\n\t\t\n\n<h1>ASTM D1709<\/h1>\n\t\t\n<style>\n#text-4024430871 {\n  font-size: 1.5rem;\n  text-align: center;\n}\n<\/style>\n\t<\/div>\n\t\n\t<div id=\"text-1080688115\" class=\"text\">\n\t\t\n\n<h2>A m\u0171anyag film ing\u00e1s \u00fct\u00e9s\u00e1ll\u00f3s\u00e1ga<\/h2>\n\t\t\n<style>\n#text-1080688115 {\n  text-align: center;\n}\n<\/style>\n\t<\/div>\n\t\n\n\t\t<\/div>\n\t\t\t\t\n<style>\n#col-1787399134 > .col-inner {\n  padding: 50px 10px 10px 10px;\n}\n<\/style>\n\t<\/div>\n\n\t\n\n<\/div>\n<div class=\"row align-middle align-center\"  id=\"row-932235603\">\n\n\n\t<div id=\"col-933368254\" class=\"col medium-11 small-12 large-11\"  >\n\t\t\t\t<div class=\"col-inner\"  >\n\t\t\t\n\t\t\t\n\n<div class=\"row align-middle align-center\"  id=\"row-1797823409\">\n\n\n\t<div id=\"col-1804966313\" class=\"col medium-7 small-12 large-7\"  >\n\t\t\t\t<div class=\"col-inner\"  >\n\t\t\t\n\t\t\t\n\n<div class=\"row\"  id=\"row-189912101\">\n\n\n\t<div id=\"col-1775741749\" class=\"col small-12 large-12\"  >\n\t\t\t\t<div class=\"col-inner text-center\"  >\n\t\t\t\n\t\t\t\n\n\t<div id=\"text-2781775685\" class=\"text\">\n\t\t\n\n<p>Az \u00fct\u00e9s\u00e1ll\u00f3s\u00e1g l\u00e9tfontoss\u00e1g\u00fa szerepet j\u00e1tszik egy anyag tart\u00f3ss\u00e1g\u00e1nak \u00e9s hirtelen ig\u00e9nybev\u00e9tel alatti teljes\u00edtm\u00e9ny\u00e9nek \u00e9rt\u00e9kel\u00e9s\u00e9ben. <a href=\"https:\/\/www.impacttesting.net\/hu\/astm-d3420\/\"><strong>ASTM D3420<\/strong><\/a>, a szabv\u00e1nyos vizsg\u00e1lati m\u00f3dszer a <strong>A m\u0171anyag film ing\u00e1s \u00fct\u00e9s\u00e1ll\u00f3s\u00e1ga<\/strong>, alapvet\u0151 viszony\u00edt\u00e1si alapot biztos\u00edt a m\u0171anyag f\u00f3li\u00e1k sz\u00edv\u00f3ss\u00e1g\u00e1nak meghat\u00e1roz\u00e1s\u00e1hoz. Ez a m\u00f3dszer k\u00fcl\u00f6n\u00f6sen \u00e9rt\u00e9kes a csomagol\u00f3m\u00e9rn\u00f6k\u00f6k, anyagtud\u00f3sok \u00e9s min\u0151s\u00e9gellen\u0151rz\u00e9si szakemberek sz\u00e1m\u00e1ra, akik biztos\u00edtani szeretn\u00e9k, hogy a f\u00f3li\u00e1k megfeleljenek az alkalmaz\u00e1sspecifikus teljes\u00edtm\u00e9nyk\u00f6vetelm\u00e9nyeknek.<\/p>\n\t\t\n<style>\n#text-2781775685 {\n  color: rgb(0, 0, 0);\n}\n#text-2781775685 > * {\n  color: rgb(0, 0, 0);\n}\n<\/style>\n\t<\/div>\n\t\n\n\t\t<\/div>\n\t\t\t\t\t<\/div>\n\n\t\n\n\t<div id=\"col-1394841766\" class=\"col small-12 large-12\"  >\n\t\t\t\t<div class=\"col-inner text-center\"  >\n\t\t\t\n\t\t\t\n\n<a href=\"https:\/\/www.impacttesting.net\/hu\/contact-us\/\" class=\"button primary is-outline\"  style=\"border-radius:99px;\">\n    <span>Kapcsolatfelv\u00e9tel<\/span>\n  <i class=\"icon-chat\" aria-hidden=\"true\" ><\/i><\/a>\n\n\n\n\t\t<\/div>\n\t\t\t\t\t<\/div>\n\n\t\n\n<\/div>\n\n\t\t<\/div>\n\t\t\t\t\t<\/div>\n\n\t\n\n\t<div id=\"col-1720286604\" class=\"col medium-5 small-12 large-5\"  >\n\t\t\t\t<div class=\"col-inner\"  >\n\t\t\t\n\t\t\t\n\n<div class=\"row\"  id=\"row-490024420\">\n\n\n\t<div id=\"col-866468257\" class=\"col small-12 large-12\"  >\n\t\t\t\t<div class=\"col-inner\"  >\n\t\t\t\n\t\t\t\n\n\t<div class=\"img has-hover x md-x lg-x y md-y lg-y\" id=\"image_1702038888\">\n\t\t<a class=\"\" href=\"https:\/\/www.impacttesting.net\/hu\/falling-dart-impact-tester\/\" >\t\t\t\t\t\t<div class=\"img-inner dark\" >\n\t\t\t<img decoding=\"async\" width=\"600\" height=\"440\" src=\"https:\/\/www.impacttesting.net\/wp-content\/uploads\/2025\/12\/ASTM-D3420-Pendulum-Impact-Resistance-of-Plastic-Film.webp\" class=\"attachment-large size-large\" alt=\"ASTM D3420 M\u0171anyag f\u00f3lia ing\u00e1s \u00fct\u00e9s\u00e1ll\u00f3s\u00e1ga\" srcset=\"https:\/\/www.impacttesting.net\/wp-content\/uploads\/2025\/12\/ASTM-D3420-Pendulum-Impact-Resistance-of-Plastic-Film.webp 600w, https:\/\/www.impacttesting.net\/wp-content\/uploads\/2025\/12\/ASTM-D3420-Pendulum-Impact-Resistance-of-Plastic-Film-545x400.webp 545w\" sizes=\"(max-width: 600px) 100vw, 600px\" \/>\t\t\t\t\t\t\n\t\t\t\t\t<\/div>\n\t\t\t\t\t\t<\/a>\t\t\n<style>\n#image_1702038888 {\n  width: 100%;\n}\n<\/style>\n\t<\/div>\n\t\n\n\n\t\t<\/div>\n\t\t\t\t\t<\/div>\n\n\t\n\n<\/div>\n\n\t\t<\/div>\n\t\t\t\t\t<\/div>\n\n\t\n\n<\/div>\n\n\t\t<\/div>\n\t\t\t\t\t<\/div>\n\n\t\n\n<\/div>\n\n\t\t<\/div>\n\t\t\t\t\t<\/div>\n\n\t\n\n\n<style>\n#row-1239818689 > .col > .col-inner {\n  border-radius: 25px;\n}\n<\/style>\n<\/div>\n\n\t\t<\/div>\n\n\t\t\n<style>\n#section_1662219806 {\n  padding-top: 30px;\n  padding-bottom: 30px;\n}\n<\/style>\n\t<\/section>\n\t\n\t<section class=\"section\" id=\"section_1294939281\">\n\t\t<div class=\"bg section-bg fill bg-fill  bg-loaded\" >\n\n\t\t\t\n\t\t\t\n\t\t\t\n\n\t\t<\/div>\n\n\t\t\n\n\t\t<div class=\"section-content relative\">\n\t\t\t\n\n<div class=\"row\"  id=\"row-393240371\">\n\n\n\t<div id=\"col-169349805\" class=\"col small-12 large-12\"  >\n\t\t\t\t<div class=\"col-inner\"  >\n\t\t\t\n\t\t\t\n\n<div class=\"row\"  id=\"row-1419397077\">\n\n\n\t<div id=\"col-938404104\" class=\"col small-12 large-12\"  >\n\t\t\t\t<div class=\"col-inner\"  >\n\t\t\t\n\t\t\t\n\n\t<div id=\"text-270456360\" class=\"text\">\n\t\t\n\n<h2>ASTM D3420 \u00e9s annak jelent\u0151s\u00e9ge<\/h2>\n\t\t\n<style>\n#text-270456360 {\n  font-size: 1.3rem;\n  text-align: center;\n}\n<\/style>\n\t<\/div>\n\t\n\n\t\t<\/div>\n\t\t\t\t\t<\/div>\n\n\t\n\n\t<div id=\"col-631923019\" class=\"col small-12 large-12\"  >\n\t\t\t\t<div class=\"col-inner\"  >\n\t\t\t\n\t\t\t\n\n<p>Az ASTM D3420 szabv\u00e1ny meghat\u00e1rozza a m\u0171anyag f\u00f3liamint\u00e1k \u00e1tlyukaszt\u00e1s\u00e1hoz sz\u00fcks\u00e9ges energia m\u00e9r\u00e9s\u00e9nek m\u00f3dszer\u00e9t ing\u00e1s k\u00e9sz\u00fcl\u00e9kkel. Az inga kinetikus energi\u00e1ja ut\u00e1nozza a val\u00f3s er\u0151ket, amelyekkel a f\u00f3lia tal\u00e1lkozhat, p\u00e9ld\u00e1ul csomagol\u00e1s, sz\u00e1ll\u00edt\u00e1s vagy kezel\u00e9s sor\u00e1n. Az eredm\u00e9ny a f\u00f3lia dinamikus szak\u00edt\u00f3 viselked\u00e9s\u00e9t t\u00fckr\u00f6zi, ami a statikus szak\u00edt\u00f3vizsg\u00e1latokn\u00e1l val\u00f3s\u00e1gh\u0171bb \u00e9rt\u00e9kel\u00e9st biztos\u00edt.<\/p>\n\n\t\t<\/div>\n\t\t\t\t\t<\/div>\n\n\t\n\n\t<div id=\"col-1996429744\" class=\"col small-12 large-12\"  >\n\t\t\t\t<div class=\"col-inner\"  >\n\t\t\t\n\t\t\t\n\n\t<div id=\"text-3350691011\" class=\"text\">\n\t\t\n\n<h3>ASTM D3420 - ASTM szabv\u00e1nyok a m\u0171anyagok \u00fct\u00e9svizsg\u00e1lat\u00e1hoz<\/h3>\n\t\t\n<style>\n#text-3350691011 {\n  text-align: center;\n}\n<\/style>\n\t<\/div>\n\t\n\n\t\t<\/div>\n\t\t\t\t\t<\/div>\n\n\t\n\n\t<div id=\"col-621741651\" class=\"col small-12 large-12\"  >\n\t\t\t\t<div class=\"col-inner\"  >\n\t\t\t\n\t\t\t\n\n<p>Az ASTM D3420 kifejezetten a k\u00f6vetkez\u0151kre \u00f6sszpontos\u00edt <strong>leng\u0151 \u00fct\u00e9s\u00e1ll\u00f3s\u00e1g<\/strong>, \u00edgy ez az egyik legjelent\u0151sebb <strong>A m\u0171anyagok \u00fct\u00e9svizsg\u00e1lat\u00e1ra vonatkoz\u00f3 ASTM-szabv\u00e1nyok<\/strong>. M\u00edg m\u00e1s m\u00f3dszerek, mint az ASTM D1709 vagy a D4272 hasonl\u00f3 tulajdons\u00e1gokat vizsg\u00e1lnak, a D3420 k\u00fcl\u00f6n\u00f6sen el\u0151ny\u00f6s, mert:<\/p>\n<ul>\n<li>Lehet\u0151v\u00e9 teszi a dinamikus vizsg\u00e1latot nagyobb terhel\u00e9si sebess\u00e9ggel.<\/li>\n<li>K\u00e9t vizsg\u00e1lati elj\u00e1r\u00e1st k\u00edn\u00e1l (A \u00e9s B elj\u00e1r\u00e1s), k\u00fcl\u00f6nb\u00f6z\u0151 minta- \u00e9s szondam\u00e9retekkel.<\/li>\n<li>Energiaalap\u00fa eredm\u00e9nyeket ad, amelyek betekint\u00e9st ny\u00fajtanak mind a hiba keletkez\u00e9s\u00e9be, mind a terjed\u00e9s\u00e9be.<\/li>\n<\/ul>\n<p>Ezt a szabv\u00e1nyt sz\u00e9les k\u00f6rben haszn\u00e1lj\u00e1k a k\u00f6vetkez\u0151 anyagokb\u00f3l k\u00e9sz\u00fclt filmek \u00e9rt\u00e9kel\u00e9s\u00e9re <strong>polietil\u00e9n, polipropil\u00e9n, PET<\/strong>, \u00e9s m\u00e1s gyakori csomagol\u00f3anyagok.<\/p>\n\n\t\t<\/div>\n\t\t\t\t\t<\/div>\n\n\t\n\n<\/div>\n\n\t\t<\/div>\n\t\t\t\t\t<\/div>\n\n\t\n\n<\/div>\n<div class=\"row\"  id=\"row-599202016\">\n\n\n\t<div id=\"col-825431012\" class=\"col small-12 large-12\"  >\n\t\t\t\t<div class=\"col-inner\"  >\n\t\t\t\n\t\t\t\n\n<div class=\"row\"  id=\"row-185231242\">\n\n\n\t<div id=\"col-92435706\" class=\"col small-12 large-12\"  >\n\t\t\t\t<div class=\"col-inner\"  >\n\t\t\t\n\t\t\t\n\n\t<div id=\"text-2608190708\" class=\"text\">\n\t\t\n\n<h2>Kapcsol\u00f3d\u00f3 ing\u00e1s \u00fctk\u00f6z\u00e9sm\u00e9r\u0151<\/h2>\n\t\t\n<style>\n#text-2608190708 {\n  font-size: 1.3rem;\n  text-align: center;\n}\n<\/style>\n\t<\/div>\n\t\n\n\t\t<\/div>\n\t\t\t\t\t<\/div>\n\n\t\n\n<\/div>\n<div class=\"row\"  id=\"row-741541771\">\n\n\n\t<div id=\"col-50156607\" class=\"col medium-6 small-12 large-6\"  >\n\t\t\t\t<div class=\"col-inner\"  >\n\t\t\t\n\t\t\t\n\n<h3>Vizsg\u00e1l\u00f3berendez\u00e9s \u00e9s be\u00e1ll\u00edt\u00e1s<\/h3>\n<p>Az ASTM D3420 szabv\u00e1ny szerinti vizsg\u00e1latok elv\u00e9gz\u00e9s\u00e9hez kalibr\u00e1lt inga\u00fctk\u00f6z\u00e9sm\u00e9r\u0151re van sz\u00fcks\u00e9ge. A <a href=\"https:\/\/www.impacttesting.net\/hu\/pendulum-impact-tester\/\"><strong>PIT-01 ing\u00e1s \u00fct\u00e9sm\u00e9r\u0151<\/strong><\/a> a  c\u00edmr\u0151l <strong>Cell Instruments<\/strong> kiv\u00e1l\u00f3 megold\u00e1s, amely teljes m\u00e9rt\u00e9kben megfelel az ASTM D3420 k\u00f6vetelm\u00e9nyeinek \u00e9s k\u00edn\u00e1l:<\/p>\n<ul>\n<li>Nagy pontoss\u00e1g\u00fa energiam\u00e9r\u00e9s (0,5 J \u00e9s 5,0 J k\u00f6z\u00f6tt)<\/li>\n<li>V\u00e1laszthat\u00f3 s\u00falyok a rugalmas vizsg\u00e1lati tartom\u00e1nyokhoz<\/li>\n<li>Digit\u00e1lis kijelz\u0151 az adatok egyszer\u0171 r\u00f6gz\u00edt\u00e9se \u00e9rdek\u00e9ben<\/li>\n<li>K\u00e9t cser\u00e9lhet\u0151 \u00fct\u0151fej az A elj\u00e1r\u00e1shoz (60 mm-es ny\u00edl\u00e1s) \u00e9s a B elj\u00e1r\u00e1shoz (89 mm-es ny\u00edl\u00e1s)<\/li>\n<\/ul>\n<p>A tesztel\u0151t a nagyobb energi\u00e1j\u00fa vizsg\u00e1latokhoz megfelel\u0151 r\u00f6gz\u00edt\u00e9ssel ell\u00e1tott, v\u00edzszintes fel\u00fcletre kell szerelni.<\/p>\n\n\t\t<\/div>\n\t\t\t\t\t<\/div>\n\n\t\n\n\t<div id=\"col-1158994361\" class=\"col medium-6 small-12 large-6\"  >\n\t\t\t\t<div class=\"col-inner\"  >\n\t\t\t\n\t\t\t\n\n<h3>Minta el\u0151k\u00e9sz\u00edt\u00e9s \u00e9s kondicion\u00e1l\u00e1s<\/h3>\n<p>A mint\u00e1k megfelel\u0151 el\u0151k\u00e9sz\u00edt\u00e9se pontos \u00e9s megism\u00e9telhet\u0151 eredm\u00e9nyeket biztos\u00edt. K\u00f6vesse az al\u00e1bbi l\u00e9p\u00e9seket:<\/p>\n<ul>\n<li><strong>Minta t\u00edpusa<\/strong>: Haszn\u00e1ljon k\u00f6r vagy n\u00e9gyzet alak\u00fa filmmint\u00e1kat - 100 mm \u00e1tm\u00e9r\u0151j\u0171 vagy 100\u00d7100 mm.<\/li>\n<li><strong>Vastags\u00e1g<\/strong>: M\u00e9rje meg mikrom\u00e9terrel 0,00125 mm pontoss\u00e1ggal.<\/li>\n<li><strong>Kondicion\u00e1l\u00e1s<\/strong>: A pr\u00f3batesteket 23 \u00b1 2 \u00b0C-on \u00e9s 50 \u00b1 10% relat\u00edv p\u00e1ratartalom mellett (az ASTM D618 szabv\u00e1ny szerint) legal\u00e1bb 40 \u00f3r\u00e1n kereszt\u00fcl el\u0151kondicion\u00e1lni kell.<\/li>\n<\/ul>\n<p>Biztos\u00edtani kell, hogy a mint\u00e1k <strong>mentes a r\u00e1ncokt\u00f3l, hib\u00e1kt\u00f3l vagy egyenetlen vastags\u00e1gt\u00f3l<\/strong>, ami torz\u00edthatja az eredm\u00e9nyeket.<\/p>\n\n\t\t<\/div>\n\t\t\t\t\t<\/div>\n\n\t\n\n<\/div>\n\n\t\t<\/div>\n\t\t\t\t\t<\/div>\n\n\t\n\n<\/div>\n<div class=\"row\"  id=\"row-913035441\">\n\n\n\t<div id=\"col-598378409\" class=\"col small-12 large-12\"  >\n\t\t\t\t<div class=\"col-inner\"  >\n\t\t\t\n\t\t\t\n\n<div class=\"row\"  id=\"row-453989764\">\n\n\n\t<div id=\"col-540748811\" class=\"col small-12 large-12\"  >\n\t\t\t\t<div class=\"col-inner\"  >\n\t\t\t\n\t\t\t\n\n<div class=\"row\"  id=\"row-152148776\">\n\n\n\t<div id=\"col-2109540375\" class=\"col small-12 large-12\"  >\n\t\t\t\t<div class=\"col-inner\"  >\n\t\t\t\n\t\t\t\n\n\t<div id=\"text-211163724\" class=\"text\">\n\t\t\n\n<h2>Az inga\u00fctk\u00f6z\u00e9s vizsg\u00e1lati elj\u00e1r\u00e1s\u00e1nak \u00e1ttekint\u00e9se<\/h2>\n\t\t\n<style>\n#text-211163724 {\n  font-size: 1.3rem;\n  text-align: center;\n}\n<\/style>\n\t<\/div>\n\t\n\n\t\t<\/div>\n\t\t\t\t\t<\/div>\n\n\t\n\n<\/div>\n<div class=\"row align-bottom align-center\"  id=\"row-2034311197\">\n\n\n\t<div id=\"col-1392480443\" class=\"col medium-7 small-12 large-7\"  >\n\t\t\t\t<div class=\"col-inner\"  >\n\t\t\t\n\t\t\t\n\n<ol>\n<li><strong>R\u00f6gz\u00edtse a mint\u00e1t<\/strong> k\u00e9t k\u00f6r alak\u00fa lemez k\u00f6z\u00f6tt.<\/li>\n<li><strong>Emelje fel \u00e9s reteszelje az ing\u00e1t<\/strong> a kiindul\u00e1si helyzet\u00e9be.<\/li>\n<li><strong>A kijelz\u0151 null\u00e1z\u00e1sa<\/strong> \u00e9s ellen\u0151rizze a megfelel\u0151 igaz\u00edt\u00e1st.<\/li>\n<li><strong>Engedje el az ing\u00e1t<\/strong> hogy a minta k\u00f6zep\u00e9be \u00fctk\u00f6zz\u00f6n.<\/li>\n<li><strong>Energia\u00e9rt\u00e9k leolvas\u00e1sa<\/strong> a digit\u00e1lis vagy anal\u00f3g t\u00e1rcs\u00e1r\u00f3l.<\/li>\n<\/ol>\n<p>Ism\u00e9telje meg ezt a vizsg\u00e1latot legal\u00e1bb \u00f6t mint\u00e1n, hogy \u00e1tlag\u00e9rt\u00e9ket kapjon a jelent\u00e9shez.<\/p>\n<p>Megjegyz\u00e9s: Ha az inga nem sz\u00farja \u00e1t a f\u00f3li\u00e1t, n\u00f6velje az \u00fct\u00e9si energi\u00e1t seg\u00e9ds\u00falyok hozz\u00e1ad\u00e1s\u00e1val vagy v\u00e9konyabb minta haszn\u00e1lat\u00e1val.<\/p>\n\n\t\t<\/div>\n\t\t\t\t\t<\/div>\n\n\t\n\n\t<div id=\"col-99285438\" class=\"col medium-5 small-12 large-5\"  >\n\t\t\t\t<div class=\"col-inner\"  >\n\t\t\t\n\t\t\t\n\n<div class=\"video video-fit mb\" style=\"padding-top:56.25%;\"><iframe title=\"ASTM D3420 ing\u00e1s \u00fct\u00e9sm\u00e9r\u0151 m\u0171anyag f\u00f3li\u00e1khoz lapok \u00fct\u00e9sm\u00e9r\u0151je\" width=\"1020\" height=\"574\" src=\"https:\/\/www.youtube.com\/embed\/vEx4esxMESw?feature=oembed\" frameborder=\"0\" allow=\"accelerometer; autoplay; clipboard-write; encrypted-media; gyroscope; picture-in-picture; web-share\" referrerpolicy=\"strict-origin-when-cross-origin\" allowfullscreen><\/iframe><\/div>\n\n\n\t\t<\/div>\n\t\t\t\t\t<\/div>\n\n\t\n\n<\/div>\n\n\t\t<\/div>\n\t\t\t\t\t<\/div>\n\n\t\n\n<\/div>\n\n\t\t<\/div>\n\t\t\t\t\t<\/div>\n\n\t\n\n<\/div>\n<div class=\"row\"  id=\"row-930209081\">\n\n\n\t<div id=\"col-1343174129\" class=\"col small-12 large-12\"  >\n\t\t\t\t<div class=\"col-inner\"  >\n\t\t\t\n\t\t\t\n\n<div class=\"row\"  id=\"row-474705586\">\n\n\n\t<div id=\"col-1277243877\" class=\"col small-12 large-12\"  >\n\t\t\t\t<div class=\"col-inner\"  >\n\t\t\t\n\t\t\t\n\n<div class=\"row\"  id=\"row-1660323837\">\n\n\n\t<div id=\"col-620511849\" class=\"col small-12 large-12\"  >\n\t\t\t\t<div class=\"col-inner\"  >\n\t\t\t\n\t\t\t\n\n\t<div id=\"text-3667017947\" class=\"text\">\n\t\t\n\n<h2>Az adatok \u00e9rtelmez\u00e9se \u00e9s az eredm\u00e9nyek elemz\u00e9se<\/h2>\n\t\t\n<style>\n#text-3667017947 {\n  font-size: 1.3rem;\n  text-align: center;\n}\n<\/style>\n\t<\/div>\n\t\n\n\t\t<\/div>\n\t\t\t\t\t<\/div>\n\n\t\n\n<\/div>\n<div class=\"row align-middle align-center\"  id=\"row-489438448\">\n\n\n\t<div id=\"col-695792967\" class=\"col medium-5 small-12 large-5\"  >\n\t\t\t\t<div class=\"col-inner\"  >\n\t\t\t\n\t\t\t\n\n<ol>\n<li>A v\u00e9geredm\u00e9ny a f\u00f3lia \u00e1tsz\u00far\u00e1s\u00e1hoz sz\u00fcks\u00e9ges energi\u00e1t (joule-ban) mutatja. Ez az anyag \u00fct\u00e9s\u00e1ll\u00f3s\u00e1g\u00e1nak k\u00f6zvetlen m\u00e9r\u0151sz\u00e1ma. A magasabb \u00e9rt\u00e9kek kem\u00e9nyebb f\u00f3li\u00e1kat jeleznek.<\/li>\n<li>Anyagok vagy t\u00e9telek \u00f6sszehasonl\u00edt\u00e1sakor elengedhetetlen a k\u00f6vetkezetes vastags\u00e1g, a k\u00f6rnyezeti felt\u00e9telek \u00e9s a szor\u00edt\u00f3be\u00e1ll\u00edt\u00e1sok biztos\u00edt\u00e1sa a v\u00e1ltoz\u00e9konys\u00e1g kik\u00fcsz\u00f6b\u00f6l\u00e9se \u00e9rdek\u00e9ben.<\/li>\n<\/ol>\n\n\t\t<\/div>\n\t\t\t\t\t<\/div>\n\n\t\n\n\t<div id=\"col-43986133\" class=\"col medium-5 small-12 large-5\"  >\n\t\t\t\t<div class=\"col-inner\"  >\n\t\t\t\n\t\t\t\n\n\t<div class=\"img has-hover x md-x lg-x y md-y lg-y\" id=\"image_1853110543\">\n\t\t\t\t\t\t\t\t<div class=\"img-inner dark\" >\n\t\t\t<img decoding=\"async\" width=\"600\" height=\"440\" src=\"https:\/\/www.impacttesting.net\/wp-content\/uploads\/2025\/12\/ASTM-D3420-Pendulum-Impact-Resistance-of-Plastic-Film.webp\" class=\"attachment-large size-large\" alt=\"ASTM D3420 M\u0171anyag f\u00f3lia ing\u00e1s \u00fct\u00e9s\u00e1ll\u00f3s\u00e1ga\" srcset=\"https:\/\/www.impacttesting.net\/wp-content\/uploads\/2025\/12\/ASTM-D3420-Pendulum-Impact-Resistance-of-Plastic-Film.webp 600w, https:\/\/www.impacttesting.net\/wp-content\/uploads\/2025\/12\/ASTM-D3420-Pendulum-Impact-Resistance-of-Plastic-Film-545x400.webp 545w\" sizes=\"(max-width: 600px) 100vw, 600px\" \/>\t\t\t\t\t\t\n\t\t\t\t\t<\/div>\n\t\t\t\t\t\t\t\t\n<style>\n#image_1853110543 {\n  width: 100%;\n}\n<\/style>\n\t<\/div>\n\t\n\n\n\t\t<\/div>\n\t\t\t\t\t<\/div>\n\n\t\n\n<\/div>\n\n\t\t<\/div>\n\t\t\t\t\t<\/div>\n\n\t\n\n<\/div>\n\n\t\t<\/div>\n\t\t\t\t\t<\/div>\n\n\t\n\n<\/div>\n\n\t\t<\/div>\n\n\t\t\n<style>\n#section_1294939281 {\n  padding-top: 30px;\n  padding-bottom: 30px;\n}\n<\/style>\n\t<\/section>\n\t\n\t<section class=\"section\" id=\"section_1040343199\">\n\t\t<div class=\"bg section-bg fill bg-fill  bg-loaded\" >\n\n\t\t\t\n\t\t\t\n\t\t\t\n\n\t\t<\/div>\n\n\t\t\n\n\t\t<div class=\"section-content relative\">\n\t\t\t\n\n<div class=\"row\"  id=\"row-1237670859\">\n\n\n\t<div id=\"col-660596946\" class=\"col small-12 large-12\"  >\n\t\t\t\t<div class=\"col-inner\"  >\n\t\t\t\n\t\t\t\n\n<div class=\"row align-center\"  id=\"row-1978445868\">\n\n\n\t<div id=\"col-1587658739\" class=\"col small-12 large-12\"  >\n\t\t\t\t<div class=\"col-inner\"  >\n\t\t\t\n\t\t\t\n\n\t<div id=\"text-3685972193\" class=\"text\">\n\t\t\n\n<h2>Mi\u00e9rt v\u00e1lassza az Impacttesting.net<br \/>PIT-01 ing\u00e1s \u00fct\u00e9sm\u00e9r\u0151<\/h2>\n\t\t\n<style>\n#text-3685972193 {\n  font-size: 1.4rem;\n  text-align: center;\n}\n<\/style>\n\t<\/div>\n\t\n\n\t\t<\/div>\n\t\t\t\t\t<\/div>\n\n\t\n\n\t<div id=\"col-616371088\" class=\"col small-12 large-12\"  >\n\t\t\t\t<div class=\"col-inner\"  >\n\t\t\t\n\t\t\t\n\n<p>A <a href=\"https:\/\/www.impacttesting.net\/hu\/pendulum-impact-tester\/\"><strong>PIT-01 ing\u00e1s \u00fct\u00e9sm\u00e9r\u0151<\/strong><\/a> a Impacttesting.net fejlett m\u00e9rn\u00f6ki \u00e9s felhaszn\u00e1l\u00f3bar\u00e1t fel\u00fclete ide\u00e1lis a k\u00f6vetkez\u0151kh\u00f6z:<\/p>\n\n\t\t<\/div>\n\t\t\t\t\t<\/div>\n\n\t\n\n\t<div id=\"col-1296146153\" class=\"col medium-7 small-12 large-7\"  >\n\t\t\t\t<div class=\"col-inner text-center\"  >\n\t\t\t\n\t\t\t\n\n\t<div id=\"text-2681095407\" class=\"text\">\n\t\t\n\n<p>Csomagol\u00f3f\u00f3lia min\u0151s\u00e9gellen\u0151rz\u00e9s<br \/>Laborat\u00f3riumi K+F vizsg\u00e1latok<br \/>Megfelel\u00e9s a <a href=\"https:\/\/www.impacttesting.net\/hu\/astm-d3420\/\"><strong>ASTM D3420<\/strong><\/a> \u00e9s a kapcsol\u00f3d\u00f3 szabv\u00e1nyok<\/p>\n\t\t\n<style>\n#text-2681095407 {\n  font-size: 1.1rem;\n  line-height: 1.3;\n}\n<\/style>\n\t<\/div>\n\t\n\t<div id=\"text-2019764180\" class=\"text\">\n\t\t\n\n<p>A PIT-01 bevezet\u00e9s\u00e9vel a felhaszn\u00e1l\u00f3k bizalmat kapnak a <strong>pontoss\u00e1g, megism\u00e9telhet\u0151s\u00e9g \u00e9s hat\u00e9konys\u00e1g<\/strong> a hat\u00e1svizsg\u00e1lati elj\u00e1r\u00e1sokr\u00f3l.<\/p>\n\t\t\n<style>\n#text-2019764180 {\n  font-size: 1.1rem;\n}\n<\/style>\n\t<\/div>\n\t\n<a href=\"https:\/\/www.impacttesting.net\/hu\/contact-us\/\" class=\"button primary is-outline\"  style=\"border-radius:99px;\">\n    <span>Kapcsolatfelv\u00e9tel<\/span>\n  <i class=\"icon-chat\" aria-hidden=\"true\" ><\/i><\/a>\n\n\n\n\t\t<\/div>\n\t\t\t\t\t<\/div>\n\n\t\n\n\t<div id=\"col-1156091316\" class=\"col medium-4 small-12 large-4\"  >\n\t\t\t\t<div class=\"col-inner text-center\"  >\n\t\t\t\n\t\t\t\n\n\n<div class=\"wpcf7 no-js\" id=\"wpcf7-f10-o1\" lang=\"en-US\" dir=\"ltr\" data-wpcf7-id=\"10\">\n<div class=\"screen-reader-response\"><p role=\"status\" aria-live=\"polite\" aria-atomic=\"true\"><\/p> <ul><\/ul><\/div>\n<form action=\"\/hu\/wp-json\/wp\/v2\/pages\/59#wpcf7-f10-o1\" method=\"post\" class=\"wpcf7-form init\" aria-label=\"Contact form\" novalidate=\"novalidate\" data-status=\"init\" data-trp-original-action=\"\/hu\/wp-json\/wp\/v2\/pages\/59#wpcf7-f10-o1\">\n<fieldset class=\"hidden-fields-container\"><input type=\"hidden\" name=\"_wpcf7\" value=\"10\" \/><input type=\"hidden\" name=\"_wpcf7_version\" value=\"6.1.4\" \/><input type=\"hidden\" name=\"_wpcf7_locale\" value=\"en_US\" \/><input type=\"hidden\" name=\"_wpcf7_unit_tag\" value=\"wpcf7-f10-o1\" \/><input type=\"hidden\" name=\"_wpcf7_container_post\" value=\"0\" \/><input type=\"hidden\" name=\"_wpcf7_posted_data_hash\" value=\"\" \/><input type=\"hidden\" name=\"_wpcf7_recaptcha_response\" value=\"\" \/>\n<\/fieldset>\n<p><span class=\"wpcf7-form-control-wrap\" data-name=\"Name\"><input size=\"40\" maxlength=\"400\" class=\"wpcf7-form-control wpcf7-text\" aria-invalid=\"false\" placeholder=\"Az \u00d6n neve\" value=\"\" type=\"text\" name=\"Name\" \/><\/span><br \/>\n<span class=\"wpcf7-form-control-wrap\" data-name=\"Comapany\"><input size=\"40\" maxlength=\"400\" class=\"wpcf7-form-control wpcf7-text\" aria-invalid=\"false\" placeholder=\"Az \u00d6n c\u00e9ge\" value=\"\" type=\"text\" name=\"Comapany\" \/><\/span><br \/>\n<span class=\"wpcf7-form-control-wrap\" data-name=\"Email\"><input size=\"40\" maxlength=\"400\" class=\"wpcf7-form-control wpcf7-email wpcf7-validates-as-required wpcf7-text wpcf7-validates-as-email\" aria-required=\"true\" aria-invalid=\"false\" placeholder=\"Az \u00d6n e-mail c\u00edme*\" value=\"\" type=\"email\" name=\"Email\" \/><\/span><br \/>\n<span class=\"wpcf7-form-control-wrap\" data-name=\"Message\"><textarea cols=\"40\" rows=\"10\" maxlength=\"2000\" class=\"wpcf7-form-control wpcf7-textarea\" aria-invalid=\"false\" placeholder=\"\u00dczenet\" name=\"Message\"><\/textarea><\/span>\n<\/p>\n<p><input class=\"wpcf7-form-control wpcf7-submit has-spinner\" type=\"submit\" value=\"K\u00fcldje be a\" \/>\n<\/p><div class=\"wpcf7-response-output\" aria-hidden=\"true\"><\/div>\n<input type=\"hidden\" name=\"trp-form-language\" value=\"hu\"\/><\/form>\n<\/div>\n\n\n\n\t\t<\/div>\n\t\t\t\t\t<\/div>\n\n\t\n\n<\/div>\n\n\t\t<\/div>\n\t\t\t\t\t<\/div>\n\n\t\n\n<\/div>\n\n\t\t<\/div>\n\n\t\t\n<style>\n#section_1040343199 {\n  padding-top: 30px;\n  padding-bottom: 30px;\n  background-color: rgb(232, 234, 241);\n}\n<\/style>\n\t<\/section>","protected":false},"excerpt":{"rendered":"","protected":false},"author":1,"featured_media":0,"parent":0,"menu_order":0,"comment_status":"closed","ping_status":"closed","template":"page-blank.php","meta":{"footnotes":""},"class_list":["post-59","page","type-page","status-publish","hentry"],"_links":{"self":[{"href":"https:\/\/www.impacttesting.net\/hu\/wp-json\/wp\/v2\/pages\/59","targetHints":{"allow":["GET"]}}],"collection":[{"href":"https:\/\/www.impacttesting.net\/hu\/wp-json\/wp\/v2\/pages"}],"about":[{"href":"https:\/\/www.impacttesting.net\/hu\/wp-json\/wp\/v2\/types\/page"}],"author":[{"embeddable":true,"href":"https:\/\/www.impacttesting.net\/hu\/wp-json\/wp\/v2\/users\/1"}],"replies":[{"embeddable":true,"href":"https:\/\/www.impacttesting.net\/hu\/wp-json\/wp\/v2\/comments?post=59"}],"version-history":[{"count":5,"href":"https:\/\/www.impacttesting.net\/hu\/wp-json\/wp\/v2\/pages\/59\/revisions"}],"predecessor-version":[{"id":75,"href":"https:\/\/www.impacttesting.net\/hu\/wp-json\/wp\/v2\/pages\/59\/revisions\/75"}],"wp:attachment":[{"href":"https:\/\/www.impacttesting.net\/hu\/wp-json\/wp\/v2\/media?parent=59"}],"curies":[{"name":"wp","href":"https:\/\/api.w.org\/{rel}","templated":true}]}}