{"id":57,"date":"2025-12-24T05:15:35","date_gmt":"2025-12-24T05:15:35","guid":{"rendered":"https:\/\/www.impacttesting.net\/?page_id=57"},"modified":"2025-12-24T05:44:13","modified_gmt":"2025-12-24T05:44:13","slug":"ansi-z87-1","status":"publish","type":"page","link":"https:\/\/www.impacttesting.net\/hu\/ansi-z87-1\/","title":{"rendered":"ANSI Z87.1"},"content":{"rendered":"<section class=\"section\" id=\"section_696027018\">\n\t\t<div class=\"bg section-bg fill bg-fill  bg-loaded\" >\n\n\t\t\t\n\t\t\t\n\t\t\t\n\n\t\t<\/div>\n\n\t\t\n\n\t\t<div class=\"section-content relative\">\n\t\t\t\n\n<div class=\"row\"  id=\"row-62049239\">\n\n\n\t<div id=\"col-484293862\" class=\"col small-12 large-12\"  >\n\t\t\t\t<div class=\"col-inner\" style=\"background-color:rgb(92, 171, 188);\" >\n\t\t\t\n\t\t\t\n\n<div class=\"row\"  id=\"row-35619923\">\n\n\n\t<div id=\"col-1244945080\" class=\"col small-12 large-12\"  >\n\t\t\t\t<div class=\"col-inner\"  >\n\t\t\t\n\t\t\t\n\n\t<div id=\"text-175401222\" class=\"text\">\n\t\t\n\n<h1>ANSI Z87.1<\/h1>\n\t\t\n<style>\n#text-175401222 {\n  font-size: 1.5rem;\n  text-align: center;\n}\n<\/style>\n\t<\/div>\n\t\n\t<div id=\"text-975982132\" class=\"text\">\n\t\t\n\n<h2>Cseppgoly\u00f3 teszt a v\u00e9d\u0151szem\u00fcvegekhez<\/h2>\n\t\t\n<style>\n#text-975982132 {\n  text-align: center;\n}\n<\/style>\n\t<\/div>\n\t\n\n\t\t<\/div>\n\t\t\t\t\n<style>\n#col-1244945080 > .col-inner {\n  padding: 50px 10px 10px 10px;\n}\n<\/style>\n\t<\/div>\n\n\t\n\n<\/div>\n<div class=\"row align-middle align-center\"  id=\"row-501673546\">\n\n\n\t<div id=\"col-1511108865\" class=\"col medium-11 small-12 large-11\"  >\n\t\t\t\t<div class=\"col-inner\"  >\n\t\t\t\n\t\t\t\n\n<div class=\"row align-center\"  id=\"row-1144037459\">\n\n\n\t<div id=\"col-532239573\" class=\"col medium-7 small-12 large-7\"  >\n\t\t\t\t<div class=\"col-inner\"  >\n\t\t\t\n\t\t\t\n\n<div class=\"row\"  id=\"row-1571662757\">\n\n\n\t<div id=\"col-2106593339\" class=\"col small-12 large-12\"  >\n\t\t\t\t<div class=\"col-inner text-center\"  >\n\t\t\t\n\t\t\t\n\n\t<div id=\"text-1429288319\" class=\"text\">\n\t\t\n\n<p><strong>ANSI Z87.1<\/strong> az Amerikai Nemzeti Szabv\u00e1ny\u00fcgyi Int\u00e9zet (ANSI) \u00e1ltal a Nemzetk\u00f6zi Biztons\u00e1gi Felszerel\u00e9si Sz\u00f6vets\u00e9ggel (ISEA) egy\u00fcttm\u0171k\u00f6dve kidolgozott kritikus fontoss\u00e1g\u00fa szabv\u00e1ny. A szabv\u00e1ny a munkahelyi \u00e9s oktat\u00e1si k\u00f6rnyezetben haszn\u00e1lt v\u00e9d\u0151szem\u00fcvegek teljes\u00edtm\u00e9ny\u00e9re vonatkoz\u00f3 el\u0151\u00edr\u00e1sokat \u00e9s vizsg\u00e1lati krit\u00e9riumokat hat\u00e1rozza meg. Ez a szabv\u00e1ny biztos\u00edtja, hogy <strong>v\u00e9d\u0151szem\u00fcvegek, v\u00e9d\u0151szem\u00fcvegek \u00e9s arcv\u00e9d\u0151k<\/strong> ellen\u00e1ll az olyan potenci\u00e1lis vesz\u00e9lyeknek, mint az \u00fct\u00e9s, a nem ioniz\u00e1l\u00f3 sug\u00e1rz\u00e1s \u00e9s a vegyi expoz\u00edci\u00f3.<\/p>\n\t\t\n<style>\n#text-1429288319 {\n  color: rgb(0, 0, 0);\n}\n#text-1429288319 > * {\n  color: rgb(0, 0, 0);\n}\n<\/style>\n\t<\/div>\n\t\n\n\t\t<\/div>\n\t\t\t\t\t<\/div>\n\n\t\n\n\t<div id=\"col-1915140021\" class=\"col small-12 large-12\"  >\n\t\t\t\t<div class=\"col-inner text-center\"  >\n\t\t\t\n\t\t\t\n\n<a href=\"https:\/\/www.impacttesting.net\/hu\/contact-us\/\" class=\"button primary is-outline\"  style=\"border-radius:99px;\">\n    <span>Kapcsolatfelv\u00e9tel<\/span>\n  <i class=\"icon-chat\" aria-hidden=\"true\" ><\/i><\/a>\n\n\n\n\t\t<\/div>\n\t\t\t\t\t<\/div>\n\n\t\n\n<\/div>\n\n\t\t<\/div>\n\t\t\t\t\t<\/div>\n\n\t\n\n\t<div id=\"col-1432789089\" class=\"col medium-4 small-12 large-4\"  >\n\t\t\t\t<div class=\"col-inner\"  >\n\t\t\t\n\t\t\t\n\n<div class=\"row\"  id=\"row-1667720984\">\n\n\n\t<div id=\"col-1700705815\" class=\"col small-12 large-12\"  >\n\t\t\t\t<div class=\"col-inner\"  >\n\t\t\t\n\t\t\t\n\n\t<div class=\"img has-hover x md-x lg-x y md-y lg-y\" id=\"image_567057854\">\n\t\t<a class=\"\" href=\"https:\/\/www.impacttesting.net\/hu\/ball-drop-tester\/\" target=\"_blank\" rel=\"noopener\" >\t\t\t\t\t\t<div class=\"img-inner dark\" >\n\t\t\t<img decoding=\"async\" width=\"600\" height=\"440\" src=\"https:\/\/www.impacttesting.net\/wp-content\/uploads\/2025\/12\/ANSI-Z87.1-Drop-Ball-Test-for-Safety-Glasses.webp\" class=\"attachment-large size-large\" alt=\"ANSI Z87.1 Cseppgoly\u00f3 teszt a v\u00e9d\u0151szem\u00fcvegekhez\" srcset=\"https:\/\/www.impacttesting.net\/wp-content\/uploads\/2025\/12\/ANSI-Z87.1-Drop-Ball-Test-for-Safety-Glasses.webp 600w, https:\/\/www.impacttesting.net\/wp-content\/uploads\/2025\/12\/ANSI-Z87.1-Drop-Ball-Test-for-Safety-Glasses-545x400.webp 545w\" sizes=\"(max-width: 600px) 100vw, 600px\" \/>\t\t\t\t\t\t\n\t\t\t\t\t<\/div>\n\t\t\t\t\t\t<\/a>\t\t\n<style>\n#image_567057854 {\n  width: 100%;\n}\n<\/style>\n\t<\/div>\n\t\n\n\n\t\t<\/div>\n\t\t\t\t\t<\/div>\n\n\t\n\n<\/div>\n\n\t\t<\/div>\n\t\t\t\t\t<\/div>\n\n\t\n\n<\/div>\n\n\t\t<\/div>\n\t\t\t\t\t<\/div>\n\n\t\n\n<\/div>\n\n\t\t<\/div>\n\t\t\t\t\t<\/div>\n\n\t\n\n\n<style>\n#row-62049239 > .col > .col-inner {\n  border-radius: 25px;\n}\n<\/style>\n<\/div>\n\n\t\t<\/div>\n\n\t\t\n<style>\n#section_696027018 {\n  padding-top: 30px;\n  padding-bottom: 30px;\n}\n<\/style>\n\t<\/section>\n\t\n\t<section class=\"section\" id=\"section_566377433\">\n\t\t<div class=\"bg section-bg fill bg-fill  bg-loaded\" >\n\n\t\t\t\n\t\t\t\n\t\t\t\n\n\t\t<\/div>\n\n\t\t\n\n\t\t<div class=\"section-content relative\">\n\t\t\t\n\n<div class=\"row\"  id=\"row-823697652\">\n\n\n\t<div id=\"col-95671661\" class=\"col small-12 large-12\"  >\n\t\t\t\t<div class=\"col-inner\"  >\n\t\t\t\n\t\t\t\n\n<div class=\"row\"  id=\"row-1489270598\">\n\n\n\t<div id=\"col-569370009\" class=\"col small-12 large-12\"  >\n\t\t\t\t<div class=\"col-inner\"  >\n\t\t\t\n\t\t\t\n\n<div class=\"row\"  id=\"row-351600515\">\n\n\n\t<div id=\"col-1256702255\" class=\"col small-12 large-12\"  >\n\t\t\t\t<div class=\"col-inner\"  >\n\t\t\t\n\t\t\t\n\n\t<div id=\"text-3007562175\" class=\"text\">\n\t\t\n\n<h2>ANSI Z87.1 Cseppgoly\u00f3 teszt a v\u00e9d\u0151szem\u00fcvegekhez<\/h2>\n\t\t\n<style>\n#text-3007562175 {\n  font-size: 1.3rem;\n  text-align: center;\n}\n<\/style>\n\t<\/div>\n\t\n<p data-pm-slice=\"1 1 &#091;&#093;\">Az ANSI Z87.1 szabv\u00e1nyban felv\u00e1zolt egyik alapvet\u0151 \u00e9rt\u00e9kel\u00e9s a <strong>drop ball teszt a v\u00e9d\u0151szem\u00fcvegekhez<\/strong>. Ez az elj\u00e1r\u00e1s alapvet\u0151 fontoss\u00e1g\u00fa az egy\u00e9ni v\u00e9d\u0151felszerel\u00e9sben (PPE) haszn\u00e1lt lencs\u00e9k \u00fct\u00e9s\u00e1ll\u00f3s\u00e1g\u00e1nak ellen\u0151rz\u00e9s\u00e9hez.<\/p>\n\n\t\t<\/div>\n\t\t\t\t\t<\/div>\n\n\t\n\n<\/div>\n<div class=\"row\"  id=\"row-93207134\">\n\n\n\t<div id=\"col-179515217\" class=\"col medium-6 small-12 large-6\"  >\n\t\t\t\t<div class=\"col-inner\"  >\n\t\t\t\n\t\t\t\n\n<h3>A vizsg\u00e1lat c\u00e9lja \u00e9s alapelvei<\/h3>\n<p>A drop ball teszt c\u00e9lja, hogy szimul\u00e1lja azokat a val\u00f3s helyzeteket, amikor a v\u00e9d\u0151szem\u00fcvegek hirtelen \u00fct\u00e9snek lehetnek kit\u00e9ve. \u00c9rt\u00e9keli, hogy a lencse anyaga k\u00e9pes-e elnyelni \u00e9s eloszlatni az energi\u00e1t an\u00e9lk\u00fcl, hogy \u00f6sszet\u00f6rne vagy \u00e1thatolna, \u00e9s ez\u00e1ltal megv\u00e9di visel\u0151je szem\u00e9t.<\/p>\n\t<div class=\"img has-hover x md-x lg-x y md-y lg-y\" id=\"image_156866447\">\n\t\t\t\t\t\t\t\t<div class=\"img-inner dark\" >\n\t\t\t<img decoding=\"async\" width=\"600\" height=\"200\" src=\"https:\/\/www.impacttesting.net\/wp-content\/uploads\/2025\/12\/ANSI-Z87.1.webp\" class=\"attachment-large size-large\" alt=\"ANSI Z87.1\" \/>\t\t\t\t\t\t\n\t\t\t\t\t<\/div>\n\t\t\t\t\t\t\t\t\n<style>\n#image_156866447 {\n  width: 85%;\n}\n<\/style>\n\t<\/div>\n\t\n\n\n\t\t<\/div>\n\t\t\t\t\t<\/div>\n\n\t\n\n\t<div id=\"col-831672112\" class=\"col medium-6 small-12 large-6\"  >\n\t\t\t\t<div class=\"col-inner\"  >\n\t\t\t\n\t\t\t\n\n<h3>A vizsg\u00e1lat elv\u00e9gz\u00e9s\u00e9nek m\u00f3dja<\/h3>\n<p>Az ANSI Z87.1 szabv\u00e1ny 9.6. szakasza szerint:<\/p>\n<ul>\n<li>Egy 25,4 mm \u00e1tm\u00e9r\u0151j\u0171 (1,0 h\u00fcvelyk) \u00e9s 68 g t\u00f6meg\u0171 ac\u00e9lgoly\u00f3t haszn\u00e1lnak.<\/li>\n<li>A labd\u00e1t 127 cm (50 h\u00fcvelyk) magass\u00e1gb\u00f3l az emberi arcszerkezetet ut\u00e1nz\u00f3 merev fejform\u00e1n elhelyezett lencs\u00e9re dobj\u00e1k.<\/li>\n<li>Az \u00fctk\u00f6z\u00e9s ut\u00e1n a lencs\u00e9nek s\u00e9rtetlennek kell maradnia, \u00e9s nem szabad reped\u00e9st vagy behatol\u00e1st mutatnia.<\/li>\n<li>Minden anyag- \u00e9s bevonatkombin\u00e1ci\u00f3t n\u00e9gy eszk\u00f6z\u00f6n kell tesztelni, biztos\u00edtva a megb\u00edzhat\u00f3 konzisztenci\u00e1t.<\/li>\n<\/ul>\n\n\t\t<\/div>\n\t\t\t\t\t<\/div>\n\n\t\n\n<\/div>\n\n\t\t<\/div>\n\t\t\t\t\t<\/div>\n\n\t\n\n<\/div>\n\n\t\t<\/div>\n\t\t\t\t\t<\/div>\n\n\t\n\n<\/div>\n<div class=\"row\"  id=\"row-507017267\">\n\n\n\t<div id=\"col-1367576858\" class=\"col small-12 large-12\"  >\n\t\t\t\t<div class=\"col-inner\"  >\n\t\t\t\n\t\t\t\n\n<div class=\"row\"  id=\"row-1200256752\">\n\n\n\t<div id=\"col-1335558281\" class=\"col small-12 large-12\"  >\n\t\t\t\t<div class=\"col-inner\"  >\n\t\t\t\n\t\t\t\n\n\t<div id=\"text-2872123644\" class=\"text\">\n\t\t\n\n<h2>Drop Ball tesztberendez\u00e9s<\/h2>\n\t\t\n<style>\n#text-2872123644 {\n  font-size: 1.3rem;\n  text-align: center;\n}\n<\/style>\n\t<\/div>\n\t\n\n\t\t<\/div>\n\t\t\t\t\t<\/div>\n\n\t\n\n<\/div>\n<div class=\"row align-middle\"  id=\"row-1385012864\">\n\n\n\t<div id=\"col-950270948\" class=\"col medium-6 small-12 large-6\"  >\n\t\t\t\t<div class=\"col-inner\"  >\n\t\t\t\n\t\t\t\n\n<p>A megism\u00e9telhet\u0151 \u00e9s megb\u00edzhat\u00f3 tesztel\u00e9shez speci\u00e1lis berendez\u00e9sekre van sz\u00fcks\u00e9g. Az FBT-01 <a href=\"https:\/\/www.impacttesting.net\/hu\/ball-drop-tester\/\"><strong>Ball Drop Tester<\/strong><\/a> Az Cell Instruments term\u00e9keit \u00fagy tervezt\u00e9k, hogy megfeleljenek \u00e9s meghaladj\u00e1k ezt a szabv\u00e1nyt. Ezt k\u00edn\u00e1lja:<\/p>\n<ul>\n<li>Prec\u00edzi\u00f3s elektrom\u00e1gneses goly\u00f3kiold\u00f3 az egyenletes \u00fct\u00e9si energia \u00e9rdek\u00e9ben.<\/li>\n<li>\u00c1ll\u00edthat\u00f3 \u00fctk\u00f6z\u00e9si magass\u00e1g \u00e9s labda specifik\u00e1ci\u00f3k a sokoldal\u00fa vizsg\u00e1lati be\u00e1ll\u00edt\u00e1sokhoz.<\/li>\n<li>HMI \u00e9rint\u0151k\u00e9perny\u0151 \u00e9s PLC-vez\u00e9rl\u00e9s az ipari szint\u0171 vizsg\u00e1lati stabilit\u00e1s \u00e9rdek\u00e9ben.<\/li>\n<\/ul>\n<p>Ez\u00e1ltal ide\u00e1lis a v\u00e9d\u0151szem\u00fcveggy\u00e1rt\u00f3k sz\u00e1m\u00e1ra, <strong>PPE min\u0151s\u00e9gellen\u0151rz\u00e9si oszt\u00e1lyok<\/strong>, \u00e9s <strong>harmadik f\u00e9lt\u0151l sz\u00e1rmaz\u00f3 vizsg\u00e1lati laborat\u00f3riumok<\/strong> amelyek az ANSI-nek megfelel\u0151 \u00fct\u00e9svizsg\u00e1latot ig\u00e9nyelnek.<\/p>\n\n\t\t<\/div>\n\t\t\t\t\t<\/div>\n\n\t\n\n\t<div id=\"col-1378460125\" class=\"col medium-6 small-12 large-6\"  >\n\t\t\t\t<div class=\"col-inner\"  >\n\t\t\t\n\t\t\t\n\n\t<div class=\"img has-hover x md-x lg-x y md-y lg-y\" id=\"image_474579082\">\n\t\t<a class=\"\" href=\"https:\/\/www.impacttesting.net\/hu\/ball-drop-tester\/\" >\t\t\t\t\t\t<div class=\"img-inner dark\" >\n\t\t\t<img decoding=\"async\" width=\"600\" height=\"440\" src=\"https:\/\/www.impacttesting.net\/wp-content\/uploads\/2025\/12\/ANSI-Z87.1-Drop-Ball-Test-for-Safety-Glasses.webp\" class=\"attachment-large size-large\" alt=\"ANSI Z87.1 Cseppgoly\u00f3 teszt a v\u00e9d\u0151szem\u00fcvegekhez\" srcset=\"https:\/\/www.impacttesting.net\/wp-content\/uploads\/2025\/12\/ANSI-Z87.1-Drop-Ball-Test-for-Safety-Glasses.webp 600w, https:\/\/www.impacttesting.net\/wp-content\/uploads\/2025\/12\/ANSI-Z87.1-Drop-Ball-Test-for-Safety-Glasses-545x400.webp 545w\" sizes=\"(max-width: 600px) 100vw, 600px\" \/>\t\t\t\t\t\t\n\t\t\t\t\t<\/div>\n\t\t\t\t\t\t<\/a>\t\t\n<style>\n#image_474579082 {\n  width: 100%;\n}\n<\/style>\n\t<\/div>\n\t\n\n\n\t\t<\/div>\n\t\t\t\t\t<\/div>\n\n\t\n\n<\/div>\n\n\t\t<\/div>\n\t\t\t\t\t<\/div>\n\n\t\n\n<\/div>\n\n\t\t<\/div>\n\n\t\t\n<style>\n#section_566377433 {\n  padding-top: 30px;\n  padding-bottom: 30px;\n}\n<\/style>\n\t<\/section>\n\t\n\t<section class=\"section\" id=\"section_484942729\">\n\t\t<div class=\"bg section-bg fill bg-fill  bg-loaded\" >\n\n\t\t\t\n\t\t\t\n\t\t\t\n\n\t\t<\/div>\n\n\t\t\n\n\t\t<div class=\"section-content relative\">\n\t\t\t\n\n<div class=\"row\"  id=\"row-491918675\">\n\n\n\t<div id=\"col-1820403271\" class=\"col small-12 large-12\"  >\n\t\t\t\t<div class=\"col-inner\"  >\n\t\t\t\n\t\t\t\n\n<div class=\"row align-equal align-center\"  id=\"row-598094485\">\n\n\n\t<div id=\"col-692254483\" class=\"col small-12 large-12\"  >\n\t\t\t\t<div class=\"col-inner\"  >\n\t\t\t\n\t\t\t\n\n\t<div id=\"text-1422910615\" class=\"text\">\n\t\t\n\n<h2>Mi\u00e9rt v\u00e1lassza az Impacttesting.net<br \/>FBT-01 Drop Ball tesztel\u0151<\/h2>\n\t\t\n<style>\n#text-1422910615 {\n  font-size: 1.4rem;\n  text-align: center;\n}\n<\/style>\n\t<\/div>\n\t\n\n\t\t<\/div>\n\t\t\t\t\t<\/div>\n\n\t\n\n\t<div id=\"col-1690322237\" class=\"col medium-6 small-12 large-6\"  >\n\t\t\t\t<div class=\"col-inner text-center\"  >\n\t\t\t\n\t\t\t\n\n\t<div id=\"text-978021698\" class=\"text\">\n\t\t\n\n<p>A k\u00f6vetkez\u0151k betart\u00e1sa <a href=\"https:\/\/www.impacttesting.net\/hu\/ansi-z87-1\/\"><strong>ANSI Z87.1<\/strong><\/a> a megb\u00edzhat\u00f3 csepplabda-tesztek r\u00e9v\u00e9n biztos\u00edtja, hogy a v\u00e9d\u0151szem\u00fcvegek ellen\u00e1lljanak a mindennapi ipari vesz\u00e9lyeknek. Az Cell Instruments fejlett megold\u00e1saival, mint p\u00e9ld\u00e1ul a <strong>FBT-01<\/strong>, \u00d6n bizalmat nyer a term\u00e9k megfelel\u0151s\u00e9g\u00e9vel \u00e9s v\u00e9delmi k\u00e9pess\u00e9g\u00e9vel kapcsolatban.<\/p>\n<p>Az Cell Instruments legyen az \u00d6n partnere a kiv\u00e1l\u00f3s\u00e1g el\u00e9r\u00e9s\u00e9ben az anyagvizsg\u00e1lat \u00e9s az ANSI Z87.1 szabv\u00e1nynak val\u00f3 megfelel\u00e9s ter\u00e9n.<\/p>\n\t\t\n<style>\n#text-978021698 {\n  font-size: 1.1rem;\n  line-height: 2;\n}\n<\/style>\n\t<\/div>\n\t\n<a href=\"https:\/\/www.impacttesting.net\/hu\/contact-us\/\" class=\"button primary is-outline\"  style=\"border-radius:99px;\">\n    <span>Kapcsolatfelv\u00e9tel<\/span>\n  <i class=\"icon-chat\" aria-hidden=\"true\" ><\/i><\/a>\n\n\n\n\t\t<\/div>\n\t\t\t\t\t<\/div>\n\n\t\n\n\t<div id=\"col-1546561600\" class=\"col medium-4 small-12 large-4\"  >\n\t\t\t\t<div class=\"col-inner text-center\"  >\n\t\t\t\n\t\t\t\n\n\n<div class=\"wpcf7 no-js\" id=\"wpcf7-f10-o1\" lang=\"en-US\" dir=\"ltr\" data-wpcf7-id=\"10\">\n<div class=\"screen-reader-response\"><p role=\"status\" aria-live=\"polite\" aria-atomic=\"true\"><\/p> <ul><\/ul><\/div>\n<form action=\"\/hu\/wp-json\/wp\/v2\/pages\/57#wpcf7-f10-o1\" method=\"post\" class=\"wpcf7-form init\" aria-label=\"Contact form\" novalidate=\"novalidate\" data-status=\"init\" data-trp-original-action=\"\/hu\/wp-json\/wp\/v2\/pages\/57#wpcf7-f10-o1\">\n<fieldset class=\"hidden-fields-container\"><input type=\"hidden\" name=\"_wpcf7\" value=\"10\" \/><input type=\"hidden\" name=\"_wpcf7_version\" value=\"6.1.4\" \/><input type=\"hidden\" name=\"_wpcf7_locale\" value=\"en_US\" \/><input type=\"hidden\" name=\"_wpcf7_unit_tag\" value=\"wpcf7-f10-o1\" \/><input type=\"hidden\" name=\"_wpcf7_container_post\" value=\"0\" \/><input type=\"hidden\" name=\"_wpcf7_posted_data_hash\" value=\"\" \/><input type=\"hidden\" name=\"_wpcf7_recaptcha_response\" value=\"\" \/>\n<\/fieldset>\n<p><span class=\"wpcf7-form-control-wrap\" data-name=\"Name\"><input size=\"40\" maxlength=\"400\" class=\"wpcf7-form-control wpcf7-text\" aria-invalid=\"false\" placeholder=\"Az \u00d6n neve\" value=\"\" type=\"text\" name=\"Name\" \/><\/span><br \/>\n<span class=\"wpcf7-form-control-wrap\" data-name=\"Comapany\"><input size=\"40\" maxlength=\"400\" class=\"wpcf7-form-control wpcf7-text\" aria-invalid=\"false\" placeholder=\"Az \u00d6n c\u00e9ge\" value=\"\" type=\"text\" name=\"Comapany\" \/><\/span><br \/>\n<span class=\"wpcf7-form-control-wrap\" data-name=\"Email\"><input size=\"40\" maxlength=\"400\" class=\"wpcf7-form-control wpcf7-email wpcf7-validates-as-required wpcf7-text wpcf7-validates-as-email\" aria-required=\"true\" aria-invalid=\"false\" placeholder=\"Az \u00d6n e-mail c\u00edme*\" value=\"\" type=\"email\" name=\"Email\" \/><\/span><br \/>\n<span class=\"wpcf7-form-control-wrap\" data-name=\"Message\"><textarea cols=\"40\" rows=\"10\" maxlength=\"2000\" class=\"wpcf7-form-control wpcf7-textarea\" aria-invalid=\"false\" placeholder=\"\u00dczenet\" name=\"Message\"><\/textarea><\/span>\n<\/p>\n<p><input class=\"wpcf7-form-control wpcf7-submit has-spinner\" type=\"submit\" value=\"K\u00fcldje be a\" \/>\n<\/p><div class=\"wpcf7-response-output\" aria-hidden=\"true\"><\/div>\n<input type=\"hidden\" name=\"trp-form-language\" value=\"hu\"\/><\/form>\n<\/div>\n\n\n\n\t\t<\/div>\n\t\t\t\t\t<\/div>\n\n\t\n\n<\/div>\n\n\t\t<\/div>\n\t\t\t\t\t<\/div>\n\n\t\n\n<\/div>\n\n\t\t<\/div>\n\n\t\t\n<style>\n#section_484942729 {\n  padding-top: 30px;\n  padding-bottom: 30px;\n  background-color: rgb(232, 234, 241);\n}\n<\/style>\n\t<\/section>","protected":false},"excerpt":{"rendered":"","protected":false},"author":1,"featured_media":0,"parent":0,"menu_order":0,"comment_status":"closed","ping_status":"closed","template":"page-blank.php","meta":{"footnotes":""},"class_list":["post-57","page","type-page","status-publish","hentry"],"_links":{"self":[{"href":"https:\/\/www.impacttesting.net\/hu\/wp-json\/wp\/v2\/pages\/57","targetHints":{"allow":["GET"]}}],"collection":[{"href":"https:\/\/www.impacttesting.net\/hu\/wp-json\/wp\/v2\/pages"}],"about":[{"href":"https:\/\/www.impacttesting.net\/hu\/wp-json\/wp\/v2\/types\/page"}],"author":[{"embeddable":true,"href":"https:\/\/www.impacttesting.net\/hu\/wp-json\/wp\/v2\/users\/1"}],"replies":[{"embeddable":true,"href":"https:\/\/www.impacttesting.net\/hu\/wp-json\/wp\/v2\/comments?post=57"}],"version-history":[{"count":4,"href":"https:\/\/www.impacttesting.net\/hu\/wp-json\/wp\/v2\/pages\/57\/revisions"}],"predecessor-version":[{"id":68,"href":"https:\/\/www.impacttesting.net\/hu\/wp-json\/wp\/v2\/pages\/57\/revisions\/68"}],"wp:attachment":[{"href":"https:\/\/www.impacttesting.net\/hu\/wp-json\/wp\/v2\/media?parent=57"}],"curies":[{"name":"wp","href":"https:\/\/api.w.org\/{rel}","templated":true}]}}