{"id":48,"date":"2025-12-24T03:25:25","date_gmt":"2025-12-24T03:25:25","guid":{"rendered":"https:\/\/www.impacttesting.net\/?page_id=48"},"modified":"2025-12-24T05:48:32","modified_gmt":"2025-12-24T05:48:32","slug":"pendulum-impact-tester","status":"publish","type":"page","link":"https:\/\/www.impacttesting.net\/hu\/pendulum-impact-tester\/","title":{"rendered":"PIT-01 ing\u00e1s \u00fct\u00e9sm\u00e9r\u0151"},"content":{"rendered":"<section class=\"section\" id=\"section_1493101840\">\n\t\t<div class=\"bg section-bg fill bg-fill  bg-loaded\" >\n\n\t\t\t\n\t\t\t\n\t\t\t\n\n\t\t<\/div>\n\n\t\t\n\n\t\t<div class=\"section-content relative\">\n\t\t\t\n\n<div class=\"row\"  id=\"row-697455985\">\n\n\n\t<div id=\"col-1854334468\" class=\"col small-12 large-12\"  >\n\t\t\t\t<div class=\"col-inner\" style=\"background-color:rgb(92, 171, 188);\" >\n\t\t\t\n\t\t\t\n\n<div class=\"row\"  id=\"row-744715109\">\n\n\n\t<div id=\"col-1961536765\" class=\"col small-12 large-12\"  >\n\t\t\t\t<div class=\"col-inner\"  >\n\t\t\t\n\t\t\t\n\n\t<div id=\"text-426038070\" class=\"text\">\n\t\t\n\n<h1>PIT-01 ing\u00e1s \u00fct\u00e9sm\u00e9r\u0151<\/h1>\n\t\t\n<style>\n#text-426038070 {\n  font-size: 1.5rem;\n  text-align: center;\n}\n<\/style>\n\t<\/div>\n\t\n\n\t\t<\/div>\n\t\t\t\t\n<style>\n#col-1961536765 > .col-inner {\n  padding: 50px 10px 10px 10px;\n}\n<\/style>\n\t<\/div>\n\n\t\n\n<\/div>\n<div class=\"row align-middle align-center\"  id=\"row-202270141\">\n\n\n\t<div id=\"col-934220867\" class=\"col medium-11 small-12 large-11\"  >\n\t\t\t\t<div class=\"col-inner\"  >\n\t\t\t\n\t\t\t\n\n<div class=\"row align-middle align-center\"  id=\"row-359023159\">\n\n\n\t<div id=\"col-1194846022\" class=\"col medium-7 small-12 large-7\"  >\n\t\t\t\t<div class=\"col-inner\"  >\n\t\t\t\n\t\t\t\n\n<div class=\"row\"  id=\"row-236171822\">\n\n\n\t<div id=\"col-1715322675\" class=\"col small-12 large-12\"  >\n\t\t\t\t<div class=\"col-inner text-center\"  >\n\t\t\t\n\t\t\t\n\n\t<div id=\"text-527979187\" class=\"text\">\n\t\t\n\n<p>A <strong>ing\u00e1s \u00fct\u00e9sm\u00e9r\u0151<\/strong> egy anyag hirtelen \u00fct\u00e9sekkel szembeni ellen\u00e1ll\u00f3 k\u00e9pess\u00e9g\u00e9t m\u00e9ri a szakad\u00e1shoz vagy behatol\u00e1shoz sz\u00fcks\u00e9ges energia r\u00f6gz\u00edt\u00e9s\u00e9vel. <a href=\"https:\/\/www.impacttesting.net\/hu\/astm-d3420\/\"><strong>ASTM D3420<\/strong><\/a> szabv\u00e1nyos\u00edtott m\u00f3dszert biztos\u00edt a m\u0171anyag f\u00f3li\u00e1k \u00fct\u00e9s\u00e1ll\u00f3s\u00e1g\u00e1nak \u00e9rt\u00e9kel\u00e9s\u00e9re, biztos\u00edtva a k\u00f6vetkezetes min\u0151s\u00e9gellen\u0151rz\u00e9st \u00e9s anyagjellemz\u00e9st. Az \u00e1ltal\u00e1nosan vizsg\u00e1lt anyagok a k\u00f6vetkez\u0151k <strong>m\u0171anyag f\u00f3li\u00e1k, lamin\u00e1tumok, kompozitok, f\u00f3li\u00e1k \u00e9s a csomagol\u00e1sban haszn\u00e1lt pap\u00edr<\/strong>, aut\u00f3ipari \u00e9s \u00e9p\u00edt\u0151ipari alkalmaz\u00e1sok.<\/p>\n\t\t\n<style>\n#text-527979187 {\n  color: rgb(0, 0, 0);\n}\n#text-527979187 > * {\n  color: rgb(0, 0, 0);\n}\n<\/style>\n\t<\/div>\n\t\n\n\t\t<\/div>\n\t\t\t\t\t<\/div>\n\n\t\n\n\t<div id=\"col-1130247172\" class=\"col small-12 large-12\"  >\n\t\t\t\t<div class=\"col-inner text-center\"  >\n\t\t\t\n\t\t\t\n\n<a href=\"https:\/\/www.impacttesting.net\/hu\/contact-us\/\" class=\"button primary is-outline\"  style=\"border-radius:99px;\">\n    <span>Kapcsolatfelv\u00e9tel<\/span>\n  <i class=\"icon-chat\" aria-hidden=\"true\" ><\/i><\/a>\n\n\n\n\t\t<\/div>\n\t\t\t\t\t<\/div>\n\n\t\n\n<\/div>\n\n\t\t<\/div>\n\t\t\t\t\t<\/div>\n\n\t\n\n\t<div id=\"col-1474154052\" class=\"col medium-4 small-12 large-4\"  >\n\t\t\t\t<div class=\"col-inner\"  >\n\t\t\t\n\t\t\t\n\n<div class=\"row\"  id=\"row-537054188\">\n\n\n\t<div id=\"col-49819842\" class=\"col small-12 large-12\"  >\n\t\t\t\t<div class=\"col-inner\"  >\n\t\t\t\n\t\t\t\n\n\t<div class=\"img has-hover x md-x lg-x y md-y lg-y\" id=\"image_1359307865\">\n\t\t\t\t\t\t\t\t<div class=\"img-inner dark\" >\n\t\t\t<img decoding=\"async\" width=\"728\" height=\"800\" src=\"https:\/\/www.impacttesting.net\/wp-content\/uploads\/2025\/12\/Pendulum-Impact-Tester-ASTM-D3420-amp-Spencer-Impact-Test-Impact-Testing-728x800.webp\" class=\"attachment-large size-large\" alt=\"Ing\u00e1s \u00fct\u00e9svizsg\u00e1lat - ASTM D3420 &amp; Spencer \u00fct\u00e9svizsg\u00e1lat - \u00dct\u00e9svizsg\u00e1lat\" srcset=\"https:\/\/www.impacttesting.net\/wp-content\/uploads\/2025\/12\/Pendulum-Impact-Tester-ASTM-D3420-amp-Spencer-Impact-Test-Impact-Testing-728x800.webp 728w, https:\/\/www.impacttesting.net\/wp-content\/uploads\/2025\/12\/Pendulum-Impact-Tester-ASTM-D3420-amp-Spencer-Impact-Test-Impact-Testing-364x400.webp 364w, https:\/\/www.impacttesting.net\/wp-content\/uploads\/2025\/12\/Pendulum-Impact-Tester-ASTM-D3420-amp-Spencer-Impact-Test-Impact-Testing-768x844.webp 768w, https:\/\/www.impacttesting.net\/wp-content\/uploads\/2025\/12\/Pendulum-Impact-Tester-ASTM-D3420-amp-Spencer-Impact-Test-Impact-Testing-1397x1536.webp 1397w, https:\/\/www.impacttesting.net\/wp-content\/uploads\/2025\/12\/Pendulum-Impact-Tester-ASTM-D3420-amp-Spencer-Impact-Test-Impact-Testing.webp 1558w\" sizes=\"(max-width: 728px) 100vw, 728px\" \/>\t\t\t\t\t\t\n\t\t\t\t\t<\/div>\n\t\t\t\t\t\t\t\t\n<style>\n#image_1359307865 {\n  width: 100%;\n}\n<\/style>\n\t<\/div>\n\t\n\n\n\t\t<\/div>\n\t\t\t\t\t<\/div>\n\n\t\n\n<\/div>\n\n\t\t<\/div>\n\t\t\t\t\t<\/div>\n\n\t\n\n<\/div>\n\n\t\t<\/div>\n\t\t\t\t\t<\/div>\n\n\t\n\n<\/div>\n\n\t\t<\/div>\n\t\t\t\t\t<\/div>\n\n\t\n\n\n<style>\n#row-697455985 > .col > .col-inner {\n  border-radius: 25px;\n}\n<\/style>\n<\/div>\n\n\t\t<\/div>\n\n\t\t\n<style>\n#section_1493101840 {\n  padding-top: 30px;\n  padding-bottom: 30px;\n}\n<\/style>\n\t<\/section>\n\t\n\t<section class=\"section\" id=\"section_301428351\">\n\t\t<div class=\"bg section-bg fill bg-fill  bg-loaded\" >\n\n\t\t\t\n\t\t\t\n\t\t\t\n\n\t\t<\/div>\n\n\t\t\n\n\t\t<div class=\"section-content relative\">\n\t\t\t\n\n<div class=\"row\"  id=\"row-192812480\">\n\n\n\t<div id=\"col-2041458772\" class=\"col small-12 large-12\"  >\n\t\t\t\t<div class=\"col-inner\"  >\n\t\t\t\n\t\t\t\n\n<div class=\"row\"  id=\"row-1896315320\">\n\n\n\t<div id=\"col-1378685454\" class=\"col small-12 large-12\"  >\n\t\t\t\t<div class=\"col-inner\"  >\n\t\t\t\n\t\t\t\n\n<div class=\"row\"  id=\"row-1396621558\">\n\n\n\t<div id=\"col-548649820\" class=\"col small-12 large-12\"  >\n\t\t\t\t<div class=\"col-inner\"  >\n\t\t\t\n\t\t\t\n\n\t<div id=\"text-3910075386\" class=\"text\">\n\t\t\n\n<h2>Hogyan m\u0171k\u00f6dik az ing\u00e1s \u00fct\u00e9sm\u00e9r\u0151<\/h2>\n\t\t\n<style>\n#text-3910075386 {\n  font-size: 1.3rem;\n  text-align: center;\n}\n<\/style>\n\t<\/div>\n\t\n<p>A <strong>PIT-01 ing\u00e1s \u00fct\u00e9sm\u00e9r\u0151<\/strong> a <strong>Impacttesting.net<\/strong> \u00fagy tervezt\u00e9k, hogy pontos \u00e9s megism\u00e9telhet\u0151 \u00fct\u00e9s\u00e1ll\u00f3s\u00e1gi m\u00e9r\u00e9seket biztos\u00edtson. A vizsg\u00e1lati folyamat a k\u00f6vetkez\u0151ket foglalja mag\u00e1ban:<\/p>\n\n\t\t<\/div>\n\t\t\t\t\t<\/div>\n\n\t\n\n<\/div>\n<div class=\"row align-middle\"  id=\"row-332745333\">\n\n\n\t<div id=\"col-949976141\" class=\"col medium-6 small-12 large-6\"  >\n\t\t\t\t<div class=\"col-inner\"  >\n\t\t\t\n\t\t\t\n\n<ol>\n<li>Minta el\u0151k\u00e9sz\u00edt\u00e9se: Egyenletes vastags\u00e1g\u00fa \u00e9s konzisztenci\u00e1j\u00fa mint\u00e1t v\u00e1lasztunk.<\/li>\n<li>Minta r\u00f6gz\u00edt\u00e9se: A f\u00f3lia r\u00f6gz\u00edt\u00e9se pneumatikus r\u00f6gz\u00edt\u0151 rendszerrel t\u00f6rt\u00e9nik.<\/li>\n<li>Pendulum kiad\u00e1s: Az \u00fctk\u00f6z\u0151fejjel ell\u00e1tott inga el\u0151re meghat\u00e1rozott magass\u00e1gb\u00f3l automatikusan kiold\u00f3dik.<\/li>\n<li>Hat\u00e1sm\u00e9r\u00e9s: Az anyag \u00e1ltal \u00fctk\u00f6z\u00e9skor elnyelt energi\u00e1t r\u00f6gz\u00edtik.<\/li>\n<li>Adatelemz\u00e9s: Az eredm\u00e9nyek digit\u00e1lis fel\u00fcleten jelennek meg, az azonnali jelent\u00e9shez opcion\u00e1lis mikronyomtat\u00f3val.<\/li>\n<\/ol>\n\n\t\t<\/div>\n\t\t\t\t\t<\/div>\n\n\t\n\n\t<div id=\"col-1367742984\" class=\"col medium-6 small-12 large-6\"  >\n\t\t\t\t<div class=\"col-inner\"  >\n\t\t\t\n\t\t\t\n\n<div class=\"video video-fit mb\" style=\"padding-top:56.25%;\"><iframe title=\"ASTM D3420 ing\u00e1s \u00fct\u00e9sm\u00e9r\u0151 m\u0171anyag f\u00f3li\u00e1khoz lapok \u00fct\u00e9sm\u00e9r\u0151je\" width=\"1020\" height=\"574\" src=\"https:\/\/www.youtube.com\/embed\/vEx4esxMESw?feature=oembed\" frameborder=\"0\" allow=\"accelerometer; autoplay; clipboard-write; encrypted-media; gyroscope; picture-in-picture; web-share\" referrerpolicy=\"strict-origin-when-cross-origin\" allowfullscreen><\/iframe><\/div>\n\n\n\t\t<\/div>\n\t\t\t\t\t<\/div>\n\n\t\n\n<\/div>\n\n\t\t<\/div>\n\t\t\t\t\t<\/div>\n\n\t\n\n<\/div>\n\n\t\t<\/div>\n\t\t\t\t\t<\/div>\n\n\t\n\n<\/div>\n<div class=\"row\"  id=\"row-1127496994\">\n\n\n\t<div id=\"col-266352284\" class=\"col small-12 large-12\"  >\n\t\t\t\t<div class=\"col-inner\"  >\n\t\t\t\n\t\t\t\n\n<div class=\"row\"  id=\"row-616226612\">\n\n\n\t<div id=\"col-1064934695\" class=\"col small-12 large-12\"  >\n\t\t\t\t<div class=\"col-inner\"  >\n\t\t\t\n\t\t\t\n\n\t<div id=\"text-618427018\" class=\"text\">\n\t\t\n\n<h2>ASTM D3420 \u00e9s Spencer \u00fct\u00e9svizsg\u00e1lat<\/h2>\n\t\t\n<style>\n#text-618427018 {\n  font-size: 1.3rem;\n  text-align: center;\n}\n<\/style>\n\t<\/div>\n\t\n\n\t\t<\/div>\n\t\t\t\t\t<\/div>\n\n\t\n\n\t<div id=\"col-1232179956\" class=\"col small-12 large-12\"  >\n\t\t\t\t<div class=\"col-inner\"  >\n\t\t\t\n\t\t\t\n\n<h3>ASTM D3420 - Vizsg\u00e1lati m\u00f3dszer a m\u0171anyag f\u00f3lia leng\u0151 \u00fct\u00e9s\u00e1ll\u00f3s\u00e1g\u00e1nak vizsg\u00e1lat\u00e1ra<\/h3>\n<p><a href=\"https:\/\/www.impacttesting.net\/hu\/astm-d3420\/\">ASTM D3420<\/a> meghat\u00e1rozza az al\u00e1bbiak meghat\u00e1roz\u00e1s\u00e1nak m\u00f3dszer\u00e9t <strong>m\u0171anyag f\u00f3li\u00e1k \u00fct\u00e9s\u00e1ll\u00f3s\u00e1ga<\/strong> az inga\u00fctk\u00f6z\u0151nek a pr\u00f3badarabon val\u00f3 \u00e1thatol\u00e1s\u00e1hoz sz\u00fcks\u00e9ges energia m\u00e9r\u00e9s\u00e9vel. A vizsg\u00e1lat c\u00e9lja, hogy betekint\u00e9st ny\u00fajtson az anyag dinamikus szak\u00edt\u00f3 viselked\u00e9s\u00e9be nagy ig\u00e9nybev\u00e9teli sebess\u00e9g\u0171 k\u00f6r\u00fclm\u00e9nyek k\u00f6z\u00f6tt, ami a csomagol\u00f3anyagok \u00e9rt\u00e9kel\u00e9s\u00e9hez n\u00e9lk\u00fcl\u00f6zhetetlen.<\/p>\n<p>Az ASTM D3420 legfontosabb szempontjai a k\u00f6vetkez\u0151k:<\/p>\n<p>Az ing\u00e1s szonda pr\u00f3batestre t\u00f6rt\u00e9n\u0151 \u00fctk\u00f6z\u00e9s\u00e9b\u0151l ered\u0151 energiavesztes\u00e9g m\u00e9r\u00e9se.<br \/>K\u00e9t elj\u00e1r\u00e1s (A \u00e9s B), amelyek k\u00fcl\u00f6nb\u00f6znek a mintanagys\u00e1gban, \u00e9s amelyekben <strong>B elj\u00e1r\u00e1s, amelyet gyakran Spencer-\u00fctk\u00f6z\u00e9svizsg\u00e1latnak is neveznek.<\/strong>.<br \/>Jelent\u0151s\u00e9ge a nagy \u00fct\u00e9s\u00e1ll\u00f3s\u00e1got ig\u00e9nyl\u0151 alkalmaz\u00e1sokban, p\u00e9ld\u00e1ul az \u00e9lelmiszer- \u00e9s gy\u00f3gyszeripari csomagol\u00f3f\u00f3li\u00e1kn\u00e1l.<\/p>\n<h3>Spencer Impact Test: Speci\u00e1lis vari\u00e1ci\u00f3<\/h3>\n<p>A <strong>Spencer \u00fctk\u00f6z\u00e9si teszt<\/strong> az ASTM D3420 egy v\u00e1ltozata, amely jellemz\u0151en a k\u00f6vetkez\u0151kh\u00f6z kapcsol\u00f3dik <strong>B elj\u00e1r\u00e1s<\/strong>, amely egy <strong>89 mm \u00e1tm\u00e9r\u0151j\u0171 pr\u00f3batest-fog\u00f3<\/strong>. Ezt a m\u00f3dszert sz\u00e9les k\u00f6rben alkalmazz\u00e1k a rugalmas csomagol\u00e1sban haszn\u00e1lt f\u00f3li\u00e1k \u00e9rt\u00e9kel\u00e9s\u00e9re, biztos\u00edtva, hogy az anyagok szakad\u00e1s vagy kilyukad\u00e1s n\u00e9lk\u00fcl ellen\u00e1lljanak a mechanikai ig\u00e9nybev\u00e9telnek.<\/p>\n\n\t\t<\/div>\n\t\t\t\t\t<\/div>\n\n\t\n\n<\/div>\n\n\t\t<\/div>\n\t\t\t\t\t<\/div>\n\n\t\n\n<\/div>\n<div class=\"row\"  id=\"row-1019738711\">\n\n\n\t<div id=\"col-1323136719\" class=\"col small-12 large-12\"  >\n\t\t\t\t<div class=\"col-inner\"  >\n\t\t\t\n\t\t\t\n\n<div class=\"row\"  id=\"row-117752956\">\n\n\n\t<div id=\"col-1816342813\" class=\"col small-12 large-12\"  >\n\t\t\t\t<div class=\"col-inner\"  >\n\t\t\t\n\t\t\t\n\n\t<div id=\"text-3581666247\" class=\"text\">\n\t\t\n\n<h2>PIT-01 ing\u00e1s \u00fct\u00e9sm\u00e9r\u0151<\/h2>\n\t\t\n<style>\n#text-3581666247 {\n  font-size: 1.3rem;\n  text-align: center;\n}\n<\/style>\n\t<\/div>\n\t\n\n\t\t<\/div>\n\t\t\t\t\t<\/div>\n\n\t\n\n<\/div>\n<div class=\"row\"  id=\"row-1122238100\">\n\n\n\t<div id=\"col-169952429\" class=\"col medium-6 small-12 large-6\"  >\n\t\t\t\t<div class=\"col-inner\"  >\n\t\t\t\n\t\t\t\n\n<h3>Kulcsfontoss\u00e1g\u00fa jellemz\u0151k:<\/h3>\n<p>Az Cell Instruments' PIT-01 ing\u00e1s \u00fct\u0151pr\u00f3ba fejlett funkci\u00f3kat k\u00edn\u00e1l a nagy pontoss\u00e1g\u00fa anyagvizsg\u00e1lathoz:<\/p>\n<ul>\n<li>PLC vez\u00e9rl\u00e9s \u00e9s HMI \u00e9rint\u0151k\u00e9perny\u0151 a k\u00f6nny\u0171 kezelhet\u0151s\u00e9g \u00e9rdek\u00e9ben.<\/li>\n<li>Pneumatikus mintar\u00f6gz\u00edt\u00e9s a stabil poz\u00edcion\u00e1l\u00e1s \u00e9rdek\u00e9ben.<\/li>\n<li>Automatikus inga kiold\u00e1s a k\u00f6vetkezetes \u00fct\u00e9svizsg\u00e1lathoz.<\/li>\n<li>Adatok automatikus statisztik\u00e1ja \u00e9s mikronyomtat\u00f3 a hat\u00e9kony eredm\u00e9nydokument\u00e1ci\u00f3hoz.<\/li>\n<li>Pontos sz\u00f6gm\u00e9r\u00e9s a pontos energiasz\u00e1m\u00edt\u00e1sokhoz.<\/li>\n<li>RS232 port \u00e9s szoftver (opcion\u00e1lis) a fejlett adatelemz\u00e9shez.<\/li>\n<\/ul>\n\n\t\t<\/div>\n\t\t\t\t\t<\/div>\n\n\t\n\n\t<div id=\"col-570379872\" class=\"col medium-6 small-12 large-6\"  >\n\t\t\t\t<div class=\"col-inner\"  >\n\t\t\t\n\t\t\t\n\n<h3>M\u0171szaki specifik\u00e1ci\u00f3k:<\/h3>\n<table width=\"360\">\n<tbody>\n<tr>\n<td style=\"text-align: center;\" width=\"143\">Hat\u00e1sos energia<\/td>\n<td style=\"text-align: center;\" width=\"217\">1 J, 2 J, 3 J<\/td>\n<\/tr>\n<tr>\n<td style=\"text-align: center;\" width=\"143\">Felbont\u00e1s<\/td>\n<td style=\"text-align: center;\" width=\"217\">\u00a00.001 J<\/td>\n<\/tr>\n<tr>\n<td style=\"text-align: center;\" width=\"143\">\u00dct\u0151fej m\u00e9rete<\/td>\n<td style=\"text-align: center;\" width=\"217\">\u042425,4, \u042419, \u042412,7 mm\u00a0<\/td>\n<\/tr>\n<tr>\n<td style=\"text-align: center;\" width=\"143\">Mintap\u00e9ld\u00e1ny bilincs<\/td>\n<td style=\"text-align: center;\" width=\"217\">Pneumatikus bilincs<\/td>\n<\/tr>\n<tr>\n<td style=\"text-align: center;\" width=\"143\">R\u00f6gz\u00edt\u0151 \u00e1tm\u00e9r\u0151je<\/td>\n<td style=\"text-align: center;\" width=\"217\">\u042489 mm, \u042460 mm<\/td>\n<\/tr>\n<tr>\n<td style=\"text-align: center;\" width=\"143\">G\u00e1zell\u00e1t\u00e1s<\/td>\n<td style=\"text-align: center;\" width=\"217\">0,6 MPa \u03a66 mm PU cs\u0151<\/td>\n<\/tr>\n<tr>\n<td style=\"text-align: center;\" width=\"143\">Minta m\u00e9rete<\/td>\n<td style=\"text-align: center;\" width=\"217\">100*100 mm vagy \u0424100 mm<\/td>\n<\/tr>\n<tr>\n<td style=\"text-align: center;\" width=\"143\">T\u00e1pegys\u00e9g\u00a0<\/td>\n<td style=\"text-align: center;\" width=\"217\">AC 110~220V 50Hz<\/td>\n<\/tr>\n<\/tbody>\n<\/table>\n\n\t\t<\/div>\n\t\t\t\t\t<\/div>\n\n\t\n\n<\/div>\n\n\t\t<\/div>\n\t\t\t\t\t<\/div>\n\n\t\n\n<\/div>\n\n\t\t<\/div>\n\n\t\t\n<style>\n#section_301428351 {\n  padding-top: 30px;\n  padding-bottom: 30px;\n}\n<\/style>\n\t<\/section>\n\t\n\t<section class=\"section\" id=\"section_1216736292\">\n\t\t<div class=\"bg section-bg fill bg-fill  bg-loaded\" >\n\n\t\t\t\n\t\t\t\n\t\t\t\n\n\t\t<\/div>\n\n\t\t\n\n\t\t<div class=\"section-content relative\">\n\t\t\t\n\n<div class=\"row\"  id=\"row-1909965156\">\n\n\n\t<div id=\"col-1920381313\" class=\"col small-12 large-12\"  >\n\t\t\t\t<div class=\"col-inner\"  >\n\t\t\t\n\t\t\t\n\n<div class=\"row align-equal align-center\"  id=\"row-1262408414\">\n\n\n\t<div id=\"col-362248907\" class=\"col small-12 large-12\"  >\n\t\t\t\t<div class=\"col-inner\"  >\n\t\t\t\n\t\t\t\n\n\t<div id=\"text-250622540\" class=\"text\">\n\t\t\n\n<h2>Mi\u00e9rt v\u00e1lassza az Impacttesting.net<br \/>PIT-01 ing\u00e1s \u00fct\u00e9sm\u00e9r\u0151<\/h2>\n\t\t\n<style>\n#text-250622540 {\n  font-size: 1.4rem;\n  text-align: center;\n}\n<\/style>\n\t<\/div>\n\t\n\n\t\t<\/div>\n\t\t\t\t\t<\/div>\n\n\t\n\n\t<div id=\"col-1743014399\" class=\"col medium-6 small-12 large-6\"  >\n\t\t\t\t<div class=\"col-inner text-center\"  >\n\t\t\t\n\t\t\t\n\n\t<div id=\"text-1353528995\" class=\"text\">\n\t\t\n\n<p>Az\u00e1ltal, hogy integr\u00e1ljuk <strong>inga\u00fctk\u00f6z\u00e9ses vizsg\u00e1lat<\/strong> min\u0151s\u00e9gellen\u0151rz\u00e9si folyamatokba, jav\u00edthatja a term\u00e9kek tart\u00f3ss\u00e1g\u00e1t \u00e9s az ipari szabv\u00e1nyoknak val\u00f3 megfelel\u00e9st. <strong>Impacttesting.net<\/strong> korszer\u0171 megold\u00e1sokat k\u00edn\u00e1l az \u00d6n anyagvizsg\u00e1lati ig\u00e9nyeinek kiel\u00e9g\u00edt\u00e9s\u00e9re.<\/p>\n\t\t\n<style>\n#text-1353528995 {\n  font-size: 1.1rem;\n  line-height: 2;\n}\n<\/style>\n\t<\/div>\n\t\n<a href=\"https:\/\/www.impacttesting.net\/hu\/contact-us\/\" class=\"button primary is-outline\"  style=\"border-radius:99px;\">\n    <span>Kapcsolatfelv\u00e9tel<\/span>\n  <i class=\"icon-chat\" aria-hidden=\"true\" ><\/i><\/a>\n\n\n\n\t\t<\/div>\n\t\t\t\t\t<\/div>\n\n\t\n\n\t<div id=\"col-405040380\" class=\"col medium-4 small-12 large-4\"  >\n\t\t\t\t<div class=\"col-inner text-center\"  >\n\t\t\t\n\t\t\t\n\n\n<div class=\"wpcf7 no-js\" id=\"wpcf7-f10-o1\" lang=\"en-US\" dir=\"ltr\" data-wpcf7-id=\"10\">\n<div class=\"screen-reader-response\"><p role=\"status\" aria-live=\"polite\" aria-atomic=\"true\"><\/p> <ul><\/ul><\/div>\n<form action=\"\/hu\/wp-json\/wp\/v2\/pages\/48#wpcf7-f10-o1\" method=\"post\" class=\"wpcf7-form init\" aria-label=\"Contact form\" novalidate=\"novalidate\" data-status=\"init\" data-trp-original-action=\"\/hu\/wp-json\/wp\/v2\/pages\/48#wpcf7-f10-o1\">\n<fieldset class=\"hidden-fields-container\"><input type=\"hidden\" name=\"_wpcf7\" value=\"10\" \/><input type=\"hidden\" name=\"_wpcf7_version\" value=\"6.1.4\" \/><input type=\"hidden\" name=\"_wpcf7_locale\" value=\"en_US\" \/><input type=\"hidden\" name=\"_wpcf7_unit_tag\" value=\"wpcf7-f10-o1\" \/><input type=\"hidden\" name=\"_wpcf7_container_post\" value=\"0\" \/><input type=\"hidden\" name=\"_wpcf7_posted_data_hash\" value=\"\" \/><input type=\"hidden\" name=\"_wpcf7_recaptcha_response\" value=\"\" \/>\n<\/fieldset>\n<p><span class=\"wpcf7-form-control-wrap\" data-name=\"Name\"><input size=\"40\" maxlength=\"400\" class=\"wpcf7-form-control wpcf7-text\" aria-invalid=\"false\" placeholder=\"Az \u00d6n neve\" value=\"\" type=\"text\" name=\"Name\" \/><\/span><br \/>\n<span class=\"wpcf7-form-control-wrap\" data-name=\"Comapany\"><input size=\"40\" maxlength=\"400\" class=\"wpcf7-form-control wpcf7-text\" aria-invalid=\"false\" placeholder=\"Az \u00d6n c\u00e9ge\" value=\"\" type=\"text\" name=\"Comapany\" \/><\/span><br \/>\n<span class=\"wpcf7-form-control-wrap\" data-name=\"Email\"><input size=\"40\" maxlength=\"400\" class=\"wpcf7-form-control wpcf7-email wpcf7-validates-as-required wpcf7-text wpcf7-validates-as-email\" aria-required=\"true\" aria-invalid=\"false\" placeholder=\"Az \u00d6n e-mail c\u00edme*\" value=\"\" type=\"email\" name=\"Email\" \/><\/span><br \/>\n<span class=\"wpcf7-form-control-wrap\" data-name=\"Message\"><textarea cols=\"40\" rows=\"10\" maxlength=\"2000\" class=\"wpcf7-form-control wpcf7-textarea\" aria-invalid=\"false\" placeholder=\"\u00dczenet\" name=\"Message\"><\/textarea><\/span>\n<\/p>\n<p><input class=\"wpcf7-form-control wpcf7-submit has-spinner\" type=\"submit\" value=\"K\u00fcldje be a\" \/>\n<\/p><div class=\"wpcf7-response-output\" aria-hidden=\"true\"><\/div>\n<input type=\"hidden\" name=\"trp-form-language\" value=\"hu\"\/><\/form>\n<\/div>\n\n\n\n\t\t<\/div>\n\t\t\t\t\t<\/div>\n\n\t\n\n<\/div>\n\n\t\t<\/div>\n\t\t\t\t\t<\/div>\n\n\t\n\n<\/div>\n\n\t\t<\/div>\n\n\t\t\n<style>\n#section_1216736292 {\n  padding-top: 30px;\n  padding-bottom: 30px;\n  background-color: rgb(232, 234, 241);\n}\n<\/style>\n\t<\/section>","protected":false},"excerpt":{"rendered":"","protected":false},"author":1,"featured_media":0,"parent":0,"menu_order":0,"comment_status":"closed","ping_status":"closed","template":"page-blank.php","meta":{"footnotes":""},"class_list":["post-48","page","type-page","status-publish","hentry"],"_links":{"self":[{"href":"https:\/\/www.impacttesting.net\/hu\/wp-json\/wp\/v2\/pages\/48","targetHints":{"allow":["GET"]}}],"collection":[{"href":"https:\/\/www.impacttesting.net\/hu\/wp-json\/wp\/v2\/pages"}],"about":[{"href":"https:\/\/www.impacttesting.net\/hu\/wp-json\/wp\/v2\/types\/page"}],"author":[{"embeddable":true,"href":"https:\/\/www.impacttesting.net\/hu\/wp-json\/wp\/v2\/users\/1"}],"replies":[{"embeddable":true,"href":"https:\/\/www.impacttesting.net\/hu\/wp-json\/wp\/v2\/comments?post=48"}],"version-history":[{"count":5,"href":"https:\/\/www.impacttesting.net\/hu\/wp-json\/wp\/v2\/pages\/48\/revisions"}],"predecessor-version":[{"id":72,"href":"https:\/\/www.impacttesting.net\/hu\/wp-json\/wp\/v2\/pages\/48\/revisions\/72"}],"wp:attachment":[{"href":"https:\/\/www.impacttesting.net\/hu\/wp-json\/wp\/v2\/media?parent=48"}],"curies":[{"name":"wp","href":"https:\/\/api.w.org\/{rel}","templated":true}]}}