{"id":85,"date":"2025-12-24T07:51:49","date_gmt":"2025-12-24T07:51:49","guid":{"rendered":"https:\/\/www.impacttesting.net\/?page_id=85"},"modified":"2025-12-24T07:51:49","modified_gmt":"2025-12-24T07:51:49","slug":"iso-7765-1","status":"publish","type":"page","link":"https:\/\/www.impacttesting.net\/fr\/iso-7765-1\/","title":{"rendered":"ISO 7765-1"},"content":{"rendered":"<section class=\"section\" id=\"section_1646396167\">\n\t\t<div class=\"bg section-bg fill bg-fill  bg-loaded\" >\n\n\t\t\t\n\t\t\t\n\t\t\t\n\n\t\t<\/div>\n\n\t\t\n\n\t\t<div class=\"section-content relative\">\n\t\t\t\n\n<div class=\"row\"  id=\"row-799032984\">\n\n\n\t<div id=\"col-509152510\" class=\"col small-12 large-12\"  >\n\t\t\t\t<div class=\"col-inner\" style=\"background-color:rgb(92, 171, 188);\" >\n\t\t\t\n\t\t\t\n\n<div class=\"row\"  id=\"row-1370294707\">\n\n\n\t<div id=\"col-805833207\" class=\"col small-12 large-12\"  >\n\t\t\t\t<div class=\"col-inner\"  >\n\t\t\t\n\t\t\t\n\n\t<div id=\"text-1013365491\" class=\"text\">\n\t\t\n\n<h1>ISO 7765-1<\/h1>\n\t\t\n<style>\n#text-1013365491 {\n  font-size: 1.5rem;\n  text-align: center;\n}\n<\/style>\n\t<\/div>\n\t\n\t<div id=\"text-2690636648\" class=\"text\">\n\t\t\n\n<h2>M\u00e9thode des fl\u00e9chettes en chute libre<\/h2>\n\t\t\n<style>\n#text-2690636648 {\n  text-align: center;\n}\n<\/style>\n\t<\/div>\n\t\n\n\t\t<\/div>\n\t\t\t\t\n<style>\n#col-805833207 > .col-inner {\n  padding: 50px 10px 10px 10px;\n}\n<\/style>\n\t<\/div>\n\n\t\n\n<\/div>\n<div class=\"row align-middle align-center\"  id=\"row-694885684\">\n\n\n\t<div id=\"col-678613689\" class=\"col medium-11 small-12 large-11\"  >\n\t\t\t\t<div class=\"col-inner\"  >\n\t\t\t\n\t\t\t\n\n<div class=\"row align-center\"  id=\"row-417878608\">\n\n\n\t<div id=\"col-1979303196\" class=\"col medium-7 small-12 large-7\"  >\n\t\t\t\t<div class=\"col-inner\"  >\n\t\t\t\n\t\t\t\n\n<div class=\"row\"  id=\"row-1597016061\">\n\n\n\t<div id=\"col-1840333700\" class=\"col small-12 large-12\"  >\n\t\t\t\t<div class=\"col-inner text-center\"  >\n\t\t\t\n\t\t\t\n\n\t<div id=\"text-1081213313\" class=\"text\">\n\t\t\n\n<p>Adopter <a href=\"https:\/\/www.impacttesting.net\/fr\/iso-7765-1\/\"><strong>ISO 7765-1<\/strong><\/a> et en utilisant le <strong>m\u00e9thode de la fl\u00e9chette en chute libre<\/strong> permet aux professionnels des mat\u00e9riaux et de l'emballage d'\u00e9valuer avec pr\u00e9cision la qualit\u00e9 de l'emballage. <strong>r\u00e9sistance \u00e0 l'impact des fl\u00e9chettes<\/strong>Les films doivent \u00eatre con\u00e7us de mani\u00e8re \u00e0 ce qu'ils r\u00e9pondent aux normes de durabilit\u00e9 et de s\u00e9curit\u00e9. <strong>ISO 7765-1<\/strong> est id\u00e9al pour les films et feuilles plastiques utilis\u00e9s dans l'emballage, l'agriculture, la m\u00e9decine et les applications industrielles.<\/p>\n\t\t\n<style>\n#text-1081213313 {\n  color: rgb(0, 0, 0);\n}\n#text-1081213313 > * {\n  color: rgb(0, 0, 0);\n}\n<\/style>\n\t<\/div>\n\t\n\n\t\t<\/div>\n\t\t\t\t\t<\/div>\n\n\t\n\n\t<div id=\"col-588517658\" class=\"col small-12 large-12\"  >\n\t\t\t\t<div class=\"col-inner text-center\"  >\n\t\t\t\n\t\t\t\n\n<a href=\"https:\/\/www.impacttesting.net\/fr\/contact-us\/\" class=\"button primary is-outline\"  style=\"border-radius:99px;\">\n    <span>Nous contacter<\/span>\n  <i class=\"icon-chat\" aria-hidden=\"true\" ><\/i><\/a>\n\n\n\n\t\t<\/div>\n\t\t\t\t\t<\/div>\n\n\t\n\n<\/div>\n\n\t\t<\/div>\n\t\t\t\t\t<\/div>\n\n\t\n\n\t<div id=\"col-1457224621\" class=\"col medium-4 small-12 large-4\"  >\n\t\t\t\t<div class=\"col-inner\"  >\n\t\t\t\n\t\t\t\n\n<div class=\"row\"  id=\"row-1731308724\">\n\n\n\t<div id=\"col-119083619\" class=\"col small-12 large-12\"  >\n\t\t\t\t<div class=\"col-inner\"  >\n\t\t\t\n\t\t\t\n\n\t<div class=\"img has-hover x md-x lg-x y md-y lg-y\" id=\"image_899335884\">\n\t\t\t\t\t\t\t\t<div class=\"img-inner dark\" >\n\t\t\t<img decoding=\"async\" width=\"600\" height=\"440\" src=\"https:\/\/www.impacttesting.net\/wp-content\/uploads\/2025\/12\/ISO-7765-1-Free-Falling-Dart-Method.webp\" class=\"attachment-large size-large\" alt=\"ISO 7765-1 M\u00e9thode des fl\u00e9chettes en chute libre\" srcset=\"https:\/\/www.impacttesting.net\/wp-content\/uploads\/2025\/12\/ISO-7765-1-Free-Falling-Dart-Method.webp 600w, https:\/\/www.impacttesting.net\/wp-content\/uploads\/2025\/12\/ISO-7765-1-Free-Falling-Dart-Method-545x400.webp 545w\" sizes=\"(max-width: 600px) 100vw, 600px\" \/>\t\t\t\t\t\t\n\t\t\t\t\t<\/div>\n\t\t\t\t\t\t\t\t\n<style>\n#image_899335884 {\n  width: 100%;\n}\n<\/style>\n\t<\/div>\n\t\n\n\n\t\t<\/div>\n\t\t\t\t\t<\/div>\n\n\t\n\n<\/div>\n\n\t\t<\/div>\n\t\t\t\t\t<\/div>\n\n\t\n\n<\/div>\n\n\t\t<\/div>\n\t\t\t\t\t<\/div>\n\n\t\n\n<\/div>\n\n\t\t<\/div>\n\t\t\t\t\t<\/div>\n\n\t\n\n\n<style>\n#row-799032984 > .col > .col-inner {\n  border-radius: 25px;\n}\n<\/style>\n<\/div>\n\n\t\t<\/div>\n\n\t\t\n<style>\n#section_1646396167 {\n  padding-top: 30px;\n  padding-bottom: 30px;\n}\n<\/style>\n\t<\/section>\n\t\n\t<section class=\"section\" id=\"section_1137242226\">\n\t\t<div class=\"bg section-bg fill bg-fill  bg-loaded\" >\n\n\t\t\t\n\t\t\t\n\t\t\t\n\n\t\t<\/div>\n\n\t\t\n\n\t\t<div class=\"section-content relative\">\n\t\t\t\n\n<div class=\"row\"  id=\"row-1260111876\">\n\n\n\t<div id=\"col-2080372853\" class=\"col small-12 large-12\"  >\n\t\t\t\t<div class=\"col-inner\"  >\n\t\t\t\n\t\t\t\n\n<div class=\"row\"  id=\"row-380655615\">\n\n\n\t<div id=\"col-653890993\" class=\"col small-12 large-12\"  >\n\t\t\t\t<div class=\"col-inner\"  >\n\t\t\t\n\t\t\t\n\n\t<div id=\"text-93300303\" class=\"text\">\n\t\t\n\n<h2>ISO 7765-1 et son importance<\/h2>\n\t\t\n<style>\n#text-93300303 {\n  font-size: 1.3rem;\n  text-align: center;\n}\n<\/style>\n\t<\/div>\n\t\n\n\t\t<\/div>\n\t\t\t\t\t<\/div>\n\n\t\n\n\t<div id=\"col-734686058\" class=\"col small-12 large-12\"  >\n\t\t\t\t<div class=\"col-inner\"  >\n\t\t\t\n\t\t\t\n\n<p>Comprendre et mettre en \u0153uvre <strong>ISO 7765-1<\/strong> est cruciale pour les professionnels qui travaillent avec des films plastiques et des mat\u00e9riaux souples. Cette norme internationale d\u00e9crit la proc\u00e9dure \u00e0 suivre pour d\u00e9terminer l'aptitude \u00e0 l'emploi des films plastiques et des mat\u00e9riaux souples. <strong>r\u00e9sistance \u00e0 l'impact des fl\u00e9chettes<\/strong> d'un film plastique \u00e0 l'aide de la <strong>m\u00e9thode de la fl\u00e9chette en chute libre<\/strong>Le test de r\u00e9sistance aux chocs est un test de contr\u00f4le de la qualit\u00e9 essentiel. L'application pr\u00e9cise de cette m\u00e9thode aide les fabricants \u00e0 \u00e9valuer la capacit\u00e9 des mat\u00e9riaux \u00e0 r\u00e9sister aux charges d'impact, ce qui est un indicateur de durabilit\u00e9 et de performance dans les applications r\u00e9elles. Pour des secteurs tels que l'emballage, les produits pharmaceutiques, l'\u00e9lectronique et l'alimentation, l'adh\u00e9sion \u00e0 la norme ISO 7765-1 garantit la fiabilit\u00e9, la coh\u00e9rence et la conformit\u00e9 aux normes mondiales.<\/p>\n\n\t\t<\/div>\n\t\t\t\t\t<\/div>\n\n\t\n\n<\/div>\n\n\t\t<\/div>\n\t\t\t\t\t<\/div>\n\n\t\n\n<\/div>\n<div class=\"row\"  id=\"row-1760556651\">\n\n\n\t<div id=\"col-601585117\" class=\"col small-12 large-12\"  >\n\t\t\t\t<div class=\"col-inner\"  >\n\t\t\t\n\t\t\t\n\n<div class=\"row\"  id=\"row-1225236700\">\n\n\n\t<div id=\"col-411600796\" class=\"col small-12 large-12\"  >\n\t\t\t\t<div class=\"col-inner\"  >\n\t\t\t\n\t\t\t\n\n<div class=\"row\"  id=\"row-1862568572\">\n\n\n\t<div id=\"col-29435040\" class=\"col small-12 large-12\"  >\n\t\t\t\t<div class=\"col-inner\"  >\n\t\t\t\n\t\t\t\n\n\t<div id=\"text-3545564561\" class=\"text\">\n\t\t\n\n<h2>Comprendre la m\u00e9thode des fl\u00e9chettes en chute libre<\/h2>\n\t\t\n<style>\n#text-3545564561 {\n  font-size: 1.3rem;\n  text-align: center;\n}\n<\/style>\n\t<\/div>\n\t\n\n\t\t<\/div>\n\t\t\t\t\t<\/div>\n\n\t\n\n<\/div>\n<div class=\"row align-middle\"  id=\"row-66398568\">\n\n\n\t<div id=\"col-935863530\" class=\"col medium-7 small-12 large-7\"  >\n\t\t\t\t<div class=\"col-inner\"  >\n\t\t\t\n\t\t\t\n\n<div><strong>ISO 7765-1<\/strong> sp\u00e9cifie une m\u00e9thode d'essai pour d\u00e9terminer l'\u00e9nergie n\u00e9cessaire pour provoquer la rupture des films plastiques par l'impact d'une fl\u00e9chette en chute libre. L'essai identifie la <strong>masse de l'impact de la d\u00e9faillance<\/strong>d\u00e9finie comme la masse de fl\u00e9chettes provoquant la rupture de 50% d'\u00e9prouvettes dans des conditions normalis\u00e9es.<\/div>\n<div>Il existe deux proc\u00e9dures principales :<\/div>\n<ul>\n<li><strong>M\u00e9thode A<\/strong> utilise un <strong>38 mm<\/strong> diam\u00e8tre de la fl\u00e9chette l\u00e2ch\u00e9e de <strong>0,66 m\u00e8tre<\/strong>.<\/li>\n<li><strong>M\u00e9thode B<\/strong> emploie un <strong>50 mm<\/strong> diam\u00e8tre de la fl\u00e9chette l\u00e2ch\u00e9e de <strong>1,5 m\u00e8tre<\/strong>.<\/li>\n<\/ul>\n<p>Chaque m\u00e9thode s'adresse \u00e0 des types de mat\u00e9riaux et \u00e0 des \u00e9paisseurs diff\u00e9rentes, et les r\u00e9sultats obtenus ne sont pas interchangeables.<\/p>\n\n\t\t<\/div>\n\t\t\t\t\t<\/div>\n\n\t\n\n\t<div id=\"col-417681055\" class=\"col medium-5 small-12 large-5\"  >\n\t\t\t\t<div class=\"col-inner\"  >\n\t\t\t\n\t\t\t\n\n\t<div class=\"img has-hover x md-x lg-x y md-y lg-y\" id=\"image_811405433\">\n\t\t<a class=\"\" href=\"https:\/\/www.impacttesting.net\/fr\/falling-dart-impact-tester\/\" >\t\t\t\t\t\t<div class=\"img-inner dark\" >\n\t\t\t<img decoding=\"async\" width=\"600\" height=\"440\" src=\"https:\/\/www.impacttesting.net\/wp-content\/uploads\/2025\/12\/ISO-7765-1-Free-Falling-Dart-Method.webp\" class=\"attachment-large size-large\" alt=\"ISO 7765-1 M\u00e9thode des fl\u00e9chettes en chute libre\" srcset=\"https:\/\/www.impacttesting.net\/wp-content\/uploads\/2025\/12\/ISO-7765-1-Free-Falling-Dart-Method.webp 600w, https:\/\/www.impacttesting.net\/wp-content\/uploads\/2025\/12\/ISO-7765-1-Free-Falling-Dart-Method-545x400.webp 545w\" sizes=\"(max-width: 600px) 100vw, 600px\" \/>\t\t\t\t\t\t\n\t\t\t\t\t<\/div>\n\t\t\t\t\t\t<\/a>\t\t\n<style>\n#image_811405433 {\n  width: 100%;\n}\n<\/style>\n\t<\/div>\n\t\n\n\n\t\t<\/div>\n\t\t\t\t\t<\/div>\n\n\t\n\n<\/div>\n\n\t\t<\/div>\n\t\t\t\t\t<\/div>\n\n\t\n\n<\/div>\n\n\t\t<\/div>\n\t\t\t\t\t<\/div>\n\n\t\n\n<\/div>\n<div class=\"row\"  id=\"row-1725881268\">\n\n\n\t<div id=\"col-426556831\" class=\"col small-12 large-12\"  >\n\t\t\t\t<div class=\"col-inner\"  >\n\t\t\t\n\t\t\t\n\n<div class=\"row\"  id=\"row-1341504559\">\n\n\n\t<div id=\"col-1814136715\" class=\"col small-12 large-12\"  >\n\t\t\t\t<div class=\"col-inner\"  >\n\t\t\t\n\t\t\t\n\n\t<div id=\"text-2736202112\" class=\"text\">\n\t\t\n\n<h2>M\u00e9thode des fl\u00e9chettes en chute libre : Importance et proc\u00e9dure<\/h2>\n\t\t\n<style>\n#text-2736202112 {\n  font-size: 1.3rem;\n  text-align: center;\n}\n<\/style>\n\t<\/div>\n\t\n\n\t\t<\/div>\n\t\t\t\t\t<\/div>\n\n\t\n\n<\/div>\n<div class=\"row\"  id=\"row-412549934\">\n\n\n\t<div id=\"col-2034774757\" class=\"col medium-6 small-12 large-6\"  >\n\t\t\t\t<div class=\"col-inner\"  >\n\t\t\t\n\t\t\t\n\n<h3>Pr\u00e9paration du test<\/h3>\n<p>Avant d'effectuer le test :<\/p>\n<ul>\n<li><strong>Sp\u00e9cimens d'\u00e9tat<\/strong> \u00e0 23\u00b0C \u00b1 2\u00b0C et 50% \u00b1 5% RH pendant au moins 40 heures.<\/li>\n<li>S\u00e9lectionner les sp\u00e9cimens ayant <strong>\u00e9paisseur uniforme<\/strong> (\u00b110% de la valeur nominale).<\/li>\n<li>Utilisation <strong>30 \u00e9chantillons ou plus<\/strong> afin de garantir la pertinence statistique.<\/li>\n<\/ul>\n\n\t\t<\/div>\n\t\t\t\t\t<\/div>\n\n\t\n\n\t<div id=\"col-48258835\" class=\"col medium-6 small-12 large-6\"  >\n\t\t\t\t<div class=\"col-inner\"  >\n\t\t\t\n\t\t\t\n\n<h3>Exigences en mati\u00e8re d'\u00e9quipement<\/h3>\n<div>Une configuration de test standard comprend<\/div>\n<ul>\n<li>A <strong>fl\u00e9chette \u00e0 t\u00eate h\u00e9misph\u00e9rique<\/strong> et des poids incr\u00e9mentaux amovibles.<\/li>\n<li>Un <strong>\u00e9lectro-aimant ou m\u00e9canique<\/strong> m\u00e9canisme de lib\u00e9ration pour une chute contr\u00f4l\u00e9e.<\/li>\n<li>A <strong>syst\u00e8me de serrage en deux parties<\/strong> pour maintenir fermement l'\u00e9chantillon.<\/li>\n<li>A <strong>microm\u00e8tre<\/strong> pour une mesure pr\u00e9cise de l'\u00e9paisseur.<\/li>\n<li><strong>Blindage de s\u00e9curit\u00e9<\/strong> pour prot\u00e9ger les utilisateurs et l'appareil.<\/li>\n<\/ul>\n\n\t\t<\/div>\n\t\t\t\t\t<\/div>\n\n\t\n\n<\/div>\n<div class=\"row align-middle\"  id=\"row-1181173944\">\n\n\n\t<div id=\"col-1204417477\" class=\"col small-12 large-12\"  >\n\t\t\t\t<div class=\"col-inner\"  >\n\t\t\t\n\t\t\t\n\n\t<div id=\"text-1312356686\" class=\"text\">\n\t\t\n\n<h3>Ex\u00e9cution du test de r\u00e9sistance \u00e0 l'impact des fl\u00e9chettes<\/h3>\n\t\t\n<style>\n#text-1312356686 {\n  text-align: center;\n}\n<\/style>\n\t<\/div>\n\t\n\n\t\t<\/div>\n\t\t\t\t\t<\/div>\n\n\t\n\n\t<div id=\"col-1549470989\" class=\"col medium-6 small-12 large-6\"  >\n\t\t\t\t<div class=\"col-inner\"  >\n\t\t\t\n\t\t\t\n\n<h4>1. Choisir la m\u00e9thode d'essai (A ou B) :<\/h4>\n<ul>\n<li><strong>M\u00e9thode A<\/strong>: Fl\u00e9chette de 38 mm, hauteur de chute de 0,66 m.<\/li>\n<li><strong>M\u00e9thode B<\/strong>: Fl\u00e9chette de 50 mm, hauteur de chute de 1,5 m.<\/li>\n<\/ul>\n<h4>2. Pr\u00e9parer et fixer l'\u00e9chantillon :<\/h4>\n<p>Veillez \u00e0 ce que le film soit plat et sans plis. Si n\u00e9cessaire, utilisez des mesures antid\u00e9rapantes telles qu'une toile de crocus ou du papier abrasif.<\/p>\n<h4>3. R\u00e9glez les poids des fl\u00e9chettes et des incr\u00e9ments :<\/h4>\n<p>Commencer avec une masse connue et l'augmenter ou la diminuer en fonction des r\u00e9sultats d'\u00e9chec jusqu'\u00e0 ce que le taux d'\u00e9chec de la 50% soit d\u00e9termin\u00e9.<\/p>\n\n\t\t<\/div>\n\t\t\t\t\t<\/div>\n\n\t\n\n\t<div id=\"col-1330384940\" class=\"col medium-6 small-12 large-6\"  >\n\t\t\t\t<div class=\"col-inner\"  >\n\t\t\t\n\t\t\t\n\n<div class=\"video video-fit mb\" style=\"padding-top:56.25%;\"><iframe title=\"Testeur d&#039;impact \u00e0 fl\u00e9chettes tombantes sur film et feuille plastique M\u00e9thode A et M\u00e9thode B ASTM D1709 ISO 7765-1\" width=\"1020\" height=\"574\" src=\"https:\/\/www.youtube.com\/embed\/a3_9M0x3w7U?feature=oembed\" frameborder=\"0\" allow=\"accelerometer; autoplay; clipboard-write; encrypted-media; gyroscope; picture-in-picture; web-share\" referrerpolicy=\"strict-origin-when-cross-origin\" allowfullscreen><\/iframe><\/div>\n\n\n\t\t<\/div>\n\t\t\t\t\t<\/div>\n\n\t\n\n\t<div id=\"col-424614810\" class=\"col small-12 large-12\"  >\n\t\t\t\t<div class=\"col-inner\"  >\n\t\t\t\n\t\t\t\n\n<h4>4. Rel\u00e2chez la fl\u00e9chette :<\/h4>\n<p>Utilisez l'\u00e9lectro-aimant ou l'air-release pour faire tomber la fl\u00e9chette verticalement au centre de l'\u00e9chantillon.<\/p>\n<h4>5. Enregistrer le r\u00e9sultat :<\/h4>\n<p>Notez si l'\u00e9chantillon se rompt (perc\u00e9 ou rompu) ou s'il survit. Continuez jusqu'\u00e0 ce que vous puissiez calculer statistiquement la masse de rupture par impact.<\/p>\n<h4>6. Analyser les r\u00e9sultats :<\/h4>\n<p>\u00c9valuer les r\u00e9sultats en tenant compte de l'\u00e9paisseur de l'\u00e9chantillon, de la consistance du mat\u00e9riau et du taux de d\u00e9faillance. Les r\u00e9sultats de la norme ISO 7765-1 peuvent \u00eatre utiles pour la comparaison des mat\u00e9riaux, mais ne doivent pas \u00eatre normalis\u00e9s en fonction des diff\u00e9rentes \u00e9paisseurs.<\/p>\n\n\t\t<\/div>\n\t\t\t\t\t<\/div>\n\n\t\n\n<\/div>\n\n\t\t<\/div>\n\t\t\t\t\t<\/div>\n\n\t\n\n<\/div>\n\n\t\t<\/div>\n\n\t\t\n<style>\n#section_1137242226 {\n  padding-top: 30px;\n  padding-bottom: 30px;\n}\n<\/style>\n\t<\/section>\n\t\n\t<section class=\"section\" id=\"section_160781685\">\n\t\t<div class=\"bg section-bg fill bg-fill  bg-loaded\" >\n\n\t\t\t\n\t\t\t\n\t\t\t\n\n\t\t<\/div>\n\n\t\t\n\n\t\t<div class=\"section-content relative\">\n\t\t\t\n\n<div class=\"row\"  id=\"row-398004241\">\n\n\n\t<div id=\"col-1067766443\" class=\"col small-12 large-12\"  >\n\t\t\t\t<div class=\"col-inner\"  >\n\t\t\t\n\t\t\t\n\n<div class=\"row align-center\"  id=\"row-478569603\">\n\n\n\t<div id=\"col-534955080\" class=\"col small-12 large-12\"  >\n\t\t\t\t<div class=\"col-inner\"  >\n\t\t\t\n\t\t\t\n\n\t<div id=\"text-1300918012\" class=\"text\">\n\t\t\n\n<h2>Pourquoi choisir Impacttesting.net ?<br \/>FDT-01 Testeur de fl\u00e9chettes<\/h2>\n\t\t\n<style>\n#text-1300918012 {\n  font-size: 1.4rem;\n  text-align: center;\n}\n<\/style>\n\t<\/div>\n\t\n\n\t\t<\/div>\n\t\t\t\t\t<\/div>\n\n\t\n\n\t<div id=\"col-753108517\" class=\"col small-12 large-12\"  >\n\t\t\t\t<div class=\"col-inner\"  >\n\t\t\t\n\t\t\t\n\n<p>Pour garantir la pr\u00e9cision, la r\u00e9p\u00e9tabilit\u00e9 et la conformit\u00e9 avec les normes de l <strong>ISO 7765-1<\/strong>nous recommandons l'utilisation de l'outil <strong>FDT-01 <a href=\"https:\/\/www.impacttesting.net\/fr\/falling-dart-impact-tester\/\">Testeur d'impact Dart <\/a><\/strong>par <strong>Impacttesting.net<\/strong>.<\/p>\n\n\t\t<\/div>\n\t\t\t\t\t<\/div>\n\n\t\n\n\t<div id=\"col-1936043033\" class=\"col medium-7 small-12 large-7\"  >\n\t\t\t\t<div class=\"col-inner text-center\"  >\n\t\t\t\n\t\t\t\n\n\t<div id=\"text-3676679013\" class=\"text\">\n\t\t\n\n<p class=\"\" data-start=\"4386\" data-end=\"4422\">R\u00e9glage pr\u00e9cis de la hauteur de chute des fl\u00e9chettes.<br \/>Montage facile des \u00e9chantillons avec des pinces pneumatiques.<br \/>Collecte et analyse des donn\u00e9es d'impact en temps r\u00e9el.<br \/>Respect de la m\u00e9thode A et de la m\u00e9thode B.<\/p>\n\t\t\n<style>\n#text-3676679013 {\n  font-size: 1.1rem;\n  line-height: 1.3;\n}\n<\/style>\n\t<\/div>\n\t\n\t<div id=\"text-3674626936\" class=\"text\">\n\t\t\n\n<p class=\"\" data-start=\"4676\" data-end=\"4874\">Ses fonctions de s\u00e9curit\u00e9 avanc\u00e9es et ses commandes num\u00e9riques minimisent l'erreur humaine et garantissent des r\u00e9sultats fiables et reproductibles, ce qui en fait un outil de choix pour les producteurs de films d'emballage, les transformateurs et les laboratoires de contr\u00f4le de la qualit\u00e9.<\/p>\n\t\t\n<style>\n#text-3674626936 {\n  font-size: 1.1rem;\n}\n<\/style>\n\t<\/div>\n\t\n<a href=\"https:\/\/www.impacttesting.net\/fr\/contact-us\/\" class=\"button primary is-outline\"  style=\"border-radius:99px;\">\n    <span>Nous contacter<\/span>\n  <i class=\"icon-chat\" aria-hidden=\"true\" ><\/i><\/a>\n\n\n\n\t\t<\/div>\n\t\t\t\t\t<\/div>\n\n\t\n\n\t<div id=\"col-2007268147\" class=\"col medium-4 small-12 large-4\"  >\n\t\t\t\t<div class=\"col-inner text-center\"  >\n\t\t\t\n\t\t\t\n\n\n<div class=\"wpcf7 no-js\" id=\"wpcf7-f10-o1\" lang=\"en-US\" dir=\"ltr\" data-wpcf7-id=\"10\">\n<div class=\"screen-reader-response\"><p role=\"status\" aria-live=\"polite\" aria-atomic=\"true\"><\/p> <ul><\/ul><\/div>\n<form action=\"\/fr\/wp-json\/wp\/v2\/pages\/85#wpcf7-f10-o1\" method=\"post\" class=\"wpcf7-form init\" aria-label=\"Contact form\" novalidate=\"novalidate\" data-status=\"init\" data-trp-original-action=\"\/fr\/wp-json\/wp\/v2\/pages\/85#wpcf7-f10-o1\">\n<fieldset class=\"hidden-fields-container\"><input type=\"hidden\" name=\"_wpcf7\" value=\"10\" \/><input type=\"hidden\" name=\"_wpcf7_version\" value=\"6.1.4\" \/><input type=\"hidden\" name=\"_wpcf7_locale\" value=\"en_US\" \/><input type=\"hidden\" name=\"_wpcf7_unit_tag\" value=\"wpcf7-f10-o1\" \/><input type=\"hidden\" name=\"_wpcf7_container_post\" value=\"0\" \/><input type=\"hidden\" name=\"_wpcf7_posted_data_hash\" value=\"\" \/><input type=\"hidden\" name=\"_wpcf7_recaptcha_response\" value=\"\" \/>\n<\/fieldset>\n<p><span class=\"wpcf7-form-control-wrap\" data-name=\"Name\"><input size=\"40\" maxlength=\"400\" class=\"wpcf7-form-control wpcf7-text\" aria-invalid=\"false\" placeholder=\"Votre nom\" value=\"\" type=\"text\" name=\"Name\" \/><\/span><br \/>\n<span class=\"wpcf7-form-control-wrap\" data-name=\"Comapany\"><input size=\"40\" maxlength=\"400\" class=\"wpcf7-form-control wpcf7-text\" aria-invalid=\"false\" placeholder=\"Votre entreprise\" value=\"\" type=\"text\" name=\"Comapany\" \/><\/span><br \/>\n<span class=\"wpcf7-form-control-wrap\" data-name=\"Email\"><input size=\"40\" maxlength=\"400\" class=\"wpcf7-form-control wpcf7-email wpcf7-validates-as-required wpcf7-text wpcf7-validates-as-email\" aria-required=\"true\" aria-invalid=\"false\" placeholder=\"Votre courriel*\" value=\"\" type=\"email\" name=\"Email\" \/><\/span><br \/>\n<span class=\"wpcf7-form-control-wrap\" data-name=\"Message\"><textarea cols=\"40\" rows=\"10\" maxlength=\"2000\" class=\"wpcf7-form-control wpcf7-textarea\" aria-invalid=\"false\" placeholder=\"Message\" name=\"Message\"><\/textarea><\/span>\n<\/p>\n<p><input class=\"wpcf7-form-control wpcf7-submit has-spinner\" type=\"submit\" value=\"Soumettre\" \/>\n<\/p><div class=\"wpcf7-response-output\" aria-hidden=\"true\"><\/div>\n<input type=\"hidden\" name=\"trp-form-language\" value=\"fr\"\/><\/form>\n<\/div>\n\n\n\n\t\t<\/div>\n\t\t\t\t\t<\/div>\n\n\t\n\n<\/div>\n\n\t\t<\/div>\n\t\t\t\t\t<\/div>\n\n\t\n\n<\/div>\n\n\t\t<\/div>\n\n\t\t\n<style>\n#section_160781685 {\n  padding-top: 30px;\n  padding-bottom: 30px;\n  background-color: rgb(232, 234, 241);\n}\n<\/style>\n\t<\/section>","protected":false},"excerpt":{"rendered":"","protected":false},"author":1,"featured_media":0,"parent":0,"menu_order":0,"comment_status":"closed","ping_status":"closed","template":"page-blank.php","meta":{"footnotes":""},"class_list":["post-85","page","type-page","status-publish","hentry"],"_links":{"self":[{"href":"https:\/\/www.impacttesting.net\/fr\/wp-json\/wp\/v2\/pages\/85","targetHints":{"allow":["GET"]}}],"collection":[{"href":"https:\/\/www.impacttesting.net\/fr\/wp-json\/wp\/v2\/pages"}],"about":[{"href":"https:\/\/www.impacttesting.net\/fr\/wp-json\/wp\/v2\/types\/page"}],"author":[{"embeddable":true,"href":"https:\/\/www.impacttesting.net\/fr\/wp-json\/wp\/v2\/users\/1"}],"replies":[{"embeddable":true,"href":"https:\/\/www.impacttesting.net\/fr\/wp-json\/wp\/v2\/comments?post=85"}],"version-history":[{"count":2,"href":"https:\/\/www.impacttesting.net\/fr\/wp-json\/wp\/v2\/pages\/85\/revisions"}],"predecessor-version":[{"id":87,"href":"https:\/\/www.impacttesting.net\/fr\/wp-json\/wp\/v2\/pages\/85\/revisions\/87"}],"wp:attachment":[{"href":"https:\/\/www.impacttesting.net\/fr\/wp-json\/wp\/v2\/media?parent=85"}],"curies":[{"name":"wp","href":"https:\/\/api.w.org\/{rel}","templated":true}]}}