{"id":59,"date":"2025-12-24T05:33:37","date_gmt":"2025-12-24T05:33:37","guid":{"rendered":"https:\/\/www.impacttesting.net\/?page_id=59"},"modified":"2025-12-24T06:11:16","modified_gmt":"2025-12-24T06:11:16","slug":"astm-d3420","status":"publish","type":"page","link":"https:\/\/www.impacttesting.net\/fr\/astm-d3420\/","title":{"rendered":"ASTM D3420"},"content":{"rendered":"<section class=\"section\" id=\"section_680358621\">\n\t\t<div class=\"bg section-bg fill bg-fill  bg-loaded\" >\n\n\t\t\t\n\t\t\t\n\t\t\t\n\n\t\t<\/div>\n\n\t\t\n\n\t\t<div class=\"section-content relative\">\n\t\t\t\n\n<div class=\"row\"  id=\"row-1188707429\">\n\n\n\t<div id=\"col-652809141\" class=\"col small-12 large-12\"  >\n\t\t\t\t<div class=\"col-inner\" style=\"background-color:rgb(92, 171, 188);\" >\n\t\t\t\n\t\t\t\n\n<div class=\"row\"  id=\"row-1144114186\">\n\n\n\t<div id=\"col-81057758\" class=\"col small-12 large-12\"  >\n\t\t\t\t<div class=\"col-inner\"  >\n\t\t\t\n\t\t\t\n\n\t<div id=\"text-4190224553\" class=\"text\">\n\t\t\n\n<h1>ASTM D1709<\/h1>\n\t\t\n<style>\n#text-4190224553 {\n  font-size: 1.5rem;\n  text-align: center;\n}\n<\/style>\n\t<\/div>\n\t\n\t<div id=\"text-634303884\" class=\"text\">\n\t\t\n\n<h2>R\u00e9sistance au choc pendulaire d'un film plastique<\/h2>\n\t\t\n<style>\n#text-634303884 {\n  text-align: center;\n}\n<\/style>\n\t<\/div>\n\t\n\n\t\t<\/div>\n\t\t\t\t\n<style>\n#col-81057758 > .col-inner {\n  padding: 50px 10px 10px 10px;\n}\n<\/style>\n\t<\/div>\n\n\t\n\n<\/div>\n<div class=\"row align-middle align-center\"  id=\"row-1267164051\">\n\n\n\t<div id=\"col-666387624\" class=\"col medium-11 small-12 large-11\"  >\n\t\t\t\t<div class=\"col-inner\"  >\n\t\t\t\n\t\t\t\n\n<div class=\"row align-middle align-center\"  id=\"row-33824901\">\n\n\n\t<div id=\"col-940042956\" class=\"col medium-7 small-12 large-7\"  >\n\t\t\t\t<div class=\"col-inner\"  >\n\t\t\t\n\t\t\t\n\n<div class=\"row\"  id=\"row-1223188895\">\n\n\n\t<div id=\"col-769899316\" class=\"col small-12 large-12\"  >\n\t\t\t\t<div class=\"col-inner text-center\"  >\n\t\t\t\n\t\t\t\n\n\t<div id=\"text-2882555683\" class=\"text\">\n\t\t\n\n<p>La r\u00e9sistance aux chocs joue un r\u00f4le essentiel dans l'\u00e9valuation de la durabilit\u00e9 et des performances d'un mat\u00e9riau soumis \u00e0 des contraintes soudaines. <a href=\"https:\/\/www.impacttesting.net\/fr\/astm-d3420\/\"><strong>ASTM D3420<\/strong><\/a>la m\u00e9thode d'essai normalis\u00e9e pour les <strong>R\u00e9sistance au choc pendulaire d'un film plastique<\/strong>Le test de r\u00e9sistance \u00e0 l'abrasion, le test de r\u00e9sistance \u00e0 la traction et le test de r\u00e9sistance \u00e0 l'usure, constituent une r\u00e9f\u00e9rence essentielle pour d\u00e9terminer la r\u00e9sistance des films plastiques. Cette m\u00e9thode est particuli\u00e8rement pr\u00e9cieuse pour les ing\u00e9nieurs en emballage, les sp\u00e9cialistes des mat\u00e9riaux et les professionnels du contr\u00f4le de la qualit\u00e9 qui veulent s'assurer que les films r\u00e9pondent aux exigences de performance propres \u00e0 chaque application.<\/p>\n\t\t\n<style>\n#text-2882555683 {\n  color: rgb(0, 0, 0);\n}\n#text-2882555683 > * {\n  color: rgb(0, 0, 0);\n}\n<\/style>\n\t<\/div>\n\t\n\n\t\t<\/div>\n\t\t\t\t\t<\/div>\n\n\t\n\n\t<div id=\"col-483348586\" class=\"col small-12 large-12\"  >\n\t\t\t\t<div class=\"col-inner text-center\"  >\n\t\t\t\n\t\t\t\n\n<a href=\"https:\/\/www.impacttesting.net\/fr\/contact-us\/\" class=\"button primary is-outline\"  style=\"border-radius:99px;\">\n    <span>Nous contacter<\/span>\n  <i class=\"icon-chat\" aria-hidden=\"true\" ><\/i><\/a>\n\n\n\n\t\t<\/div>\n\t\t\t\t\t<\/div>\n\n\t\n\n<\/div>\n\n\t\t<\/div>\n\t\t\t\t\t<\/div>\n\n\t\n\n\t<div id=\"col-530142600\" class=\"col medium-5 small-12 large-5\"  >\n\t\t\t\t<div class=\"col-inner\"  >\n\t\t\t\n\t\t\t\n\n<div class=\"row\"  id=\"row-783430679\">\n\n\n\t<div id=\"col-298064535\" class=\"col small-12 large-12\"  >\n\t\t\t\t<div class=\"col-inner\"  >\n\t\t\t\n\t\t\t\n\n\t<div class=\"img has-hover x md-x lg-x y md-y lg-y\" id=\"image_1519522090\">\n\t\t<a class=\"\" href=\"https:\/\/www.impacttesting.net\/fr\/falling-dart-impact-tester\/\" >\t\t\t\t\t\t<div class=\"img-inner dark\" >\n\t\t\t<img decoding=\"async\" width=\"600\" height=\"440\" src=\"https:\/\/www.impacttesting.net\/wp-content\/uploads\/2025\/12\/ASTM-D3420-Pendulum-Impact-Resistance-of-Plastic-Film.webp\" class=\"attachment-large size-large\" alt=\"ASTM D3420 R\u00e9sistance \u00e0 l&#039;impact du pendule d&#039;un film plastique\" srcset=\"https:\/\/www.impacttesting.net\/wp-content\/uploads\/2025\/12\/ASTM-D3420-Pendulum-Impact-Resistance-of-Plastic-Film.webp 600w, https:\/\/www.impacttesting.net\/wp-content\/uploads\/2025\/12\/ASTM-D3420-Pendulum-Impact-Resistance-of-Plastic-Film-545x400.webp 545w\" sizes=\"(max-width: 600px) 100vw, 600px\" \/>\t\t\t\t\t\t\n\t\t\t\t\t<\/div>\n\t\t\t\t\t\t<\/a>\t\t\n<style>\n#image_1519522090 {\n  width: 100%;\n}\n<\/style>\n\t<\/div>\n\t\n\n\n\t\t<\/div>\n\t\t\t\t\t<\/div>\n\n\t\n\n<\/div>\n\n\t\t<\/div>\n\t\t\t\t\t<\/div>\n\n\t\n\n<\/div>\n\n\t\t<\/div>\n\t\t\t\t\t<\/div>\n\n\t\n\n<\/div>\n\n\t\t<\/div>\n\t\t\t\t\t<\/div>\n\n\t\n\n\n<style>\n#row-1188707429 > .col > .col-inner {\n  border-radius: 25px;\n}\n<\/style>\n<\/div>\n\n\t\t<\/div>\n\n\t\t\n<style>\n#section_680358621 {\n  padding-top: 30px;\n  padding-bottom: 30px;\n}\n<\/style>\n\t<\/section>\n\t\n\t<section class=\"section\" id=\"section_1015342740\">\n\t\t<div class=\"bg section-bg fill bg-fill  bg-loaded\" >\n\n\t\t\t\n\t\t\t\n\t\t\t\n\n\t\t<\/div>\n\n\t\t\n\n\t\t<div class=\"section-content relative\">\n\t\t\t\n\n<div class=\"row\"  id=\"row-1224423115\">\n\n\n\t<div id=\"col-459985446\" class=\"col small-12 large-12\"  >\n\t\t\t\t<div class=\"col-inner\"  >\n\t\t\t\n\t\t\t\n\n<div class=\"row\"  id=\"row-1445933432\">\n\n\n\t<div id=\"col-196932707\" class=\"col small-12 large-12\"  >\n\t\t\t\t<div class=\"col-inner\"  >\n\t\t\t\n\t\t\t\n\n\t<div id=\"text-2987188924\" class=\"text\">\n\t\t\n\n<h2>ASTM D3420 et son importance<\/h2>\n\t\t\n<style>\n#text-2987188924 {\n  font-size: 1.3rem;\n  text-align: center;\n}\n<\/style>\n\t<\/div>\n\t\n\n\t\t<\/div>\n\t\t\t\t\t<\/div>\n\n\t\n\n\t<div id=\"col-1875156586\" class=\"col small-12 large-12\"  >\n\t\t\t\t<div class=\"col-inner\"  >\n\t\t\t\n\t\t\t\n\n<p>La norme ASTM D3420 d\u00e9finit une m\u00e9thode pour mesurer l'\u00e9nergie n\u00e9cessaire \u00e0 la perforation d'un \u00e9chantillon de film plastique \u00e0 l'aide d'un pendule. L'\u00e9nergie cin\u00e9tique du pendule reproduit les forces r\u00e9elles qu'un film peut rencontrer, par exemple lors de l'emballage, de l'exp\u00e9dition ou de la manipulation. Le r\u00e9sultat refl\u00e8te le comportement dynamique du film \u00e0 la traction, fournissant une \u00e9valuation plus r\u00e9aliste que les essais de traction statiques.<\/p>\n\n\t\t<\/div>\n\t\t\t\t\t<\/div>\n\n\t\n\n\t<div id=\"col-1813341792\" class=\"col small-12 large-12\"  >\n\t\t\t\t<div class=\"col-inner\"  >\n\t\t\t\n\t\t\t\n\n\t<div id=\"text-267654242\" class=\"text\">\n\t\t\n\n<h3>ASTM D3420 - Normes ASTM pour les essais d'impact des plastiques<\/h3>\n\t\t\n<style>\n#text-267654242 {\n  text-align: center;\n}\n<\/style>\n\t<\/div>\n\t\n\n\t\t<\/div>\n\t\t\t\t\t<\/div>\n\n\t\n\n\t<div id=\"col-1067086734\" class=\"col small-12 large-12\"  >\n\t\t\t\t<div class=\"col-inner\"  >\n\t\t\t\n\t\t\t\n\n<p>L'ASTM D3420 se concentre sp\u00e9cifiquement sur <strong>r\u00e9sistance \u00e0 l'impact du pendule<\/strong>ce qui en fait l'une des plus pertinentes <strong>Normes ASTM pour les essais d'impact des plastiques<\/strong>. Alors que d'autres m\u00e9thodes comme ASTM D1709 ou D4272 testent des propri\u00e9t\u00e9s similaires, D3420 est particuli\u00e8rement avantageux parce que :<\/p>\n<ul>\n<li>Il permet de r\u00e9aliser des essais dynamiques \u00e0 des taux de d\u00e9formation plus \u00e9lev\u00e9s.<\/li>\n<li>Il propose deux proc\u00e9dures d'essai (proc\u00e9dure A et proc\u00e9dure B) avec diff\u00e9rentes tailles d'\u00e9chantillons et de sondes.<\/li>\n<li>Il fournit des r\u00e9sultats bas\u00e9s sur l'\u00e9nergie, ce qui permet de mieux comprendre l'initiation et la propagation des d\u00e9faillances.<\/li>\n<\/ul>\n<p>Cette norme est largement utilis\u00e9e pour \u00e9valuer les films fabriqu\u00e9s \u00e0 partir de <strong>poly\u00e9thyl\u00e8ne, polypropyl\u00e8ne, PET<\/strong>et d'autres mat\u00e9riaux d'emballage courants.<\/p>\n\n\t\t<\/div>\n\t\t\t\t\t<\/div>\n\n\t\n\n<\/div>\n\n\t\t<\/div>\n\t\t\t\t\t<\/div>\n\n\t\n\n<\/div>\n<div class=\"row\"  id=\"row-1609420877\">\n\n\n\t<div id=\"col-1589767611\" class=\"col small-12 large-12\"  >\n\t\t\t\t<div class=\"col-inner\"  >\n\t\t\t\n\t\t\t\n\n<div class=\"row\"  id=\"row-341190427\">\n\n\n\t<div id=\"col-655536052\" class=\"col small-12 large-12\"  >\n\t\t\t\t<div class=\"col-inner\"  >\n\t\t\t\n\t\t\t\n\n\t<div id=\"text-543751119\" class=\"text\">\n\t\t\n\n<h2>Testeur d'impact \u00e0 pendule connexe<\/h2>\n\t\t\n<style>\n#text-543751119 {\n  font-size: 1.3rem;\n  text-align: center;\n}\n<\/style>\n\t<\/div>\n\t\n\n\t\t<\/div>\n\t\t\t\t\t<\/div>\n\n\t\n\n<\/div>\n<div class=\"row\"  id=\"row-1356731094\">\n\n\n\t<div id=\"col-447159113\" class=\"col medium-6 small-12 large-6\"  >\n\t\t\t\t<div class=\"col-inner\"  >\n\t\t\t\n\t\t\t\n\n<h3>Appareils d'essai et configuration<\/h3>\n<p>Pour r\u00e9aliser les essais ASTM D3420, vous aurez besoin d'un testeur d'impact \u00e0 pendule calibr\u00e9. Le <a href=\"https:\/\/www.impacttesting.net\/fr\/pendulum-impact-tester\/\"><strong>PIT-01 Testeur d'impact \u00e0 pendule<\/strong><\/a> de <strong>Cell Instruments<\/strong> est une excellente solution qui r\u00e9pond parfaitement aux exigences de la norme ASTM D3420 et qui offre.. :<\/p>\n<ul>\n<li>Mesure d'\u00e9nergie de haute pr\u00e9cision (0,5 J \u00e0 5,0 J)<\/li>\n<li>Poids en option pour des gammes d'essais flexibles<\/li>\n<li>Lecture num\u00e9rique pour faciliter la saisie des donn\u00e9es<\/li>\n<li>Deux t\u00eates d'impact interchangeables pour la proc\u00e9dure A (ouverture de 60 mm) et la proc\u00e9dure B (ouverture de 89 mm)<\/li>\n<\/ul>\n<p>Le testeur doit \u00eatre mont\u00e9 sur une surface plane avec un ancrage appropri\u00e9 pour les tests \u00e0 haute \u00e9nergie.<\/p>\n\n\t\t<\/div>\n\t\t\t\t\t<\/div>\n\n\t\n\n\t<div id=\"col-782257555\" class=\"col medium-6 small-12 large-6\"  >\n\t\t\t\t<div class=\"col-inner\"  >\n\t\t\t\n\t\t\t\n\n<h3>Pr\u00e9paration et conditionnement des \u00e9chantillons<\/h3>\n<p>Une pr\u00e9paration correcte des \u00e9chantillons permet d'obtenir des r\u00e9sultats pr\u00e9cis et reproductibles. Suivez les \u00e9tapes suivantes :<\/p>\n<ul>\n<li><strong>Type de sp\u00e9cimen<\/strong>: Utiliser des \u00e9chantillons de films circulaires ou carr\u00e9s de 100 mm de diam\u00e8tre ou de 100\u00d7100 mm.<\/li>\n<li><strong>\u00c9paisseur<\/strong>: Mesurer \u00e0 0,00125 mm pr\u00e8s \u00e0 l'aide d'un microm\u00e8tre.<\/li>\n<li><strong>Conditionnement<\/strong>: Pr\u00e9conditionner les \u00e9chantillons \u00e0 23 \u00b1 2\u00b0C et 50 \u00b1 10% d'humidit\u00e9 relative (selon ASTM D618) pendant au moins 40 heures.<\/li>\n<\/ul>\n<p>S'assurer que les sp\u00e9cimens sont <strong>exempts de plis, de d\u00e9fauts ou d'irr\u00e9gularit\u00e9s d'\u00e9paisseur<\/strong>ce qui pourrait fausser les r\u00e9sultats.<\/p>\n\n\t\t<\/div>\n\t\t\t\t\t<\/div>\n\n\t\n\n<\/div>\n\n\t\t<\/div>\n\t\t\t\t\t<\/div>\n\n\t\n\n<\/div>\n<div class=\"row\"  id=\"row-1829653304\">\n\n\n\t<div id=\"col-443377092\" class=\"col small-12 large-12\"  >\n\t\t\t\t<div class=\"col-inner\"  >\n\t\t\t\n\t\t\t\n\n<div class=\"row\"  id=\"row-878932280\">\n\n\n\t<div id=\"col-228549147\" class=\"col small-12 large-12\"  >\n\t\t\t\t<div class=\"col-inner\"  >\n\t\t\t\n\t\t\t\n\n<div class=\"row\"  id=\"row-42403848\">\n\n\n\t<div id=\"col-1812188870\" class=\"col small-12 large-12\"  >\n\t\t\t\t<div class=\"col-inner\"  >\n\t\t\t\n\t\t\t\n\n\t<div id=\"text-3579184069\" class=\"text\">\n\t\t\n\n<h2>Aper\u00e7u de la proc\u00e9dure d'essai d'impact du pendule<\/h2>\n\t\t\n<style>\n#text-3579184069 {\n  font-size: 1.3rem;\n  text-align: center;\n}\n<\/style>\n\t<\/div>\n\t\n\n\t\t<\/div>\n\t\t\t\t\t<\/div>\n\n\t\n\n<\/div>\n<div class=\"row align-bottom align-center\"  id=\"row-632238170\">\n\n\n\t<div id=\"col-247106687\" class=\"col medium-7 small-12 large-7\"  >\n\t\t\t\t<div class=\"col-inner\"  >\n\t\t\t\n\t\t\t\n\n<ol>\n<li><strong>Pincez l'\u00e9chantillon<\/strong> entre deux plaques circulaires.<\/li>\n<li><strong>Lever et verrouiller le pendule<\/strong> \u00e0 sa position de d\u00e9part.<\/li>\n<li><strong>Remise \u00e0 z\u00e9ro de l'affichage<\/strong> et v\u00e9rifiez que l'alignement est correct.<\/li>\n<li><strong>Rel\u00e2cher le pendule<\/strong> d'impacter le centre de l'\u00e9chantillon.<\/li>\n<li><strong>Lire la valeur \u00e9nerg\u00e9tique<\/strong> \u00e0 partir du cadran num\u00e9rique ou analogique.<\/li>\n<\/ol>\n<p>R\u00e9p\u00e9ter cet essai sur au moins cinq sp\u00e9cimens afin d'obtenir une valeur moyenne \u00e0 rapporter.<\/p>\n<p>Remarque : si le pendule ne parvient pas \u00e0 percer le film, augmentez l'\u00e9nergie d'impact en ajoutant des poids auxiliaires ou en utilisant un \u00e9chantillon plus fin.<\/p>\n\n\t\t<\/div>\n\t\t\t\t\t<\/div>\n\n\t\n\n\t<div id=\"col-1378113699\" class=\"col medium-5 small-12 large-5\"  >\n\t\t\t\t<div class=\"col-inner\"  >\n\t\t\t\n\t\t\t\n\n<div class=\"video video-fit mb\" style=\"padding-top:56.25%;\"><iframe title=\"Testeur d&#039;impact \u00e0 pendule ASTM D3420 pour films plastiques Testeur d&#039;impact de feuilles\" width=\"1020\" height=\"574\" src=\"https:\/\/www.youtube.com\/embed\/vEx4esxMESw?feature=oembed\" frameborder=\"0\" allow=\"accelerometer; autoplay; clipboard-write; encrypted-media; gyroscope; picture-in-picture; web-share\" referrerpolicy=\"strict-origin-when-cross-origin\" allowfullscreen><\/iframe><\/div>\n\n\n\t\t<\/div>\n\t\t\t\t\t<\/div>\n\n\t\n\n<\/div>\n\n\t\t<\/div>\n\t\t\t\t\t<\/div>\n\n\t\n\n<\/div>\n\n\t\t<\/div>\n\t\t\t\t\t<\/div>\n\n\t\n\n<\/div>\n<div class=\"row\"  id=\"row-730986902\">\n\n\n\t<div id=\"col-1067467252\" class=\"col small-12 large-12\"  >\n\t\t\t\t<div class=\"col-inner\"  >\n\t\t\t\n\t\t\t\n\n<div class=\"row\"  id=\"row-2140630183\">\n\n\n\t<div id=\"col-1851886071\" class=\"col small-12 large-12\"  >\n\t\t\t\t<div class=\"col-inner\"  >\n\t\t\t\n\t\t\t\n\n<div class=\"row\"  id=\"row-782286781\">\n\n\n\t<div id=\"col-933629984\" class=\"col small-12 large-12\"  >\n\t\t\t\t<div class=\"col-inner\"  >\n\t\t\t\n\t\t\t\n\n\t<div id=\"text-4027935738\" class=\"text\">\n\t\t\n\n<h2>Interpr\u00e9tation des donn\u00e9es et analyse des r\u00e9sultats<\/h2>\n\t\t\n<style>\n#text-4027935738 {\n  font-size: 1.3rem;\n  text-align: center;\n}\n<\/style>\n\t<\/div>\n\t\n\n\t\t<\/div>\n\t\t\t\t\t<\/div>\n\n\t\n\n<\/div>\n<div class=\"row align-middle align-center\"  id=\"row-393025141\">\n\n\n\t<div id=\"col-162624353\" class=\"col medium-5 small-12 large-5\"  >\n\t\t\t\t<div class=\"col-inner\"  >\n\t\t\t\n\t\t\t\n\n<ol>\n<li>Le r\u00e9sultat final repr\u00e9sente l'\u00e9nergie (en joules) n\u00e9cessaire pour percer le film. Il s'agit d'une mesure directe de la r\u00e9sistance \u00e0 l'impact du mat\u00e9riau. Des valeurs \u00e9lev\u00e9es indiquent des films plus r\u00e9sistants.<\/li>\n<li>Lorsque l'on compare des mat\u00e9riaux ou des lots, il est essentiel de s'assurer que l'\u00e9paisseur, les conditions environnementales et les r\u00e9glages des pinces sont coh\u00e9rents afin d'\u00e9liminer la variabilit\u00e9.<\/li>\n<\/ol>\n\n\t\t<\/div>\n\t\t\t\t\t<\/div>\n\n\t\n\n\t<div id=\"col-1822949808\" class=\"col medium-5 small-12 large-5\"  >\n\t\t\t\t<div class=\"col-inner\"  >\n\t\t\t\n\t\t\t\n\n\t<div class=\"img has-hover x md-x lg-x y md-y lg-y\" id=\"image_1054589858\">\n\t\t\t\t\t\t\t\t<div class=\"img-inner dark\" >\n\t\t\t<img decoding=\"async\" width=\"600\" height=\"440\" src=\"https:\/\/www.impacttesting.net\/wp-content\/uploads\/2025\/12\/ASTM-D3420-Pendulum-Impact-Resistance-of-Plastic-Film.webp\" class=\"attachment-large size-large\" alt=\"ASTM D3420 R\u00e9sistance \u00e0 l&#039;impact du pendule d&#039;un film plastique\" srcset=\"https:\/\/www.impacttesting.net\/wp-content\/uploads\/2025\/12\/ASTM-D3420-Pendulum-Impact-Resistance-of-Plastic-Film.webp 600w, https:\/\/www.impacttesting.net\/wp-content\/uploads\/2025\/12\/ASTM-D3420-Pendulum-Impact-Resistance-of-Plastic-Film-545x400.webp 545w\" sizes=\"(max-width: 600px) 100vw, 600px\" \/>\t\t\t\t\t\t\n\t\t\t\t\t<\/div>\n\t\t\t\t\t\t\t\t\n<style>\n#image_1054589858 {\n  width: 100%;\n}\n<\/style>\n\t<\/div>\n\t\n\n\n\t\t<\/div>\n\t\t\t\t\t<\/div>\n\n\t\n\n<\/div>\n\n\t\t<\/div>\n\t\t\t\t\t<\/div>\n\n\t\n\n<\/div>\n\n\t\t<\/div>\n\t\t\t\t\t<\/div>\n\n\t\n\n<\/div>\n\n\t\t<\/div>\n\n\t\t\n<style>\n#section_1015342740 {\n  padding-top: 30px;\n  padding-bottom: 30px;\n}\n<\/style>\n\t<\/section>\n\t\n\t<section class=\"section\" id=\"section_1504940578\">\n\t\t<div class=\"bg section-bg fill bg-fill  bg-loaded\" >\n\n\t\t\t\n\t\t\t\n\t\t\t\n\n\t\t<\/div>\n\n\t\t\n\n\t\t<div class=\"section-content relative\">\n\t\t\t\n\n<div class=\"row\"  id=\"row-1529980687\">\n\n\n\t<div id=\"col-500871719\" class=\"col small-12 large-12\"  >\n\t\t\t\t<div class=\"col-inner\"  >\n\t\t\t\n\t\t\t\n\n<div class=\"row align-center\"  id=\"row-1977138125\">\n\n\n\t<div id=\"col-1277228662\" class=\"col small-12 large-12\"  >\n\t\t\t\t<div class=\"col-inner\"  >\n\t\t\t\n\t\t\t\n\n\t<div id=\"text-120617758\" class=\"text\">\n\t\t\n\n<h2>Pourquoi choisir Impacttesting.net ?<br \/>PIT-01 Testeur d'impact \u00e0 pendule<\/h2>\n\t\t\n<style>\n#text-120617758 {\n  font-size: 1.4rem;\n  text-align: center;\n}\n<\/style>\n\t<\/div>\n\t\n\n\t\t<\/div>\n\t\t\t\t\t<\/div>\n\n\t\n\n\t<div id=\"col-410014122\" class=\"col small-12 large-12\"  >\n\t\t\t\t<div class=\"col-inner\"  >\n\t\t\t\n\t\t\t\n\n<p>Le <a href=\"https:\/\/www.impacttesting.net\/fr\/pendulum-impact-tester\/\"><strong>PIT-01 Testeur d'impact \u00e0 pendule<\/strong><\/a> d'Impacttesting.net est dot\u00e9 d'une ing\u00e9nierie avanc\u00e9e et d'une interface conviviale, ce qui en fait un outil id\u00e9al pour l'\u00e9valuation des risques :<\/p>\n\n\t\t<\/div>\n\t\t\t\t\t<\/div>\n\n\t\n\n\t<div id=\"col-394010358\" class=\"col medium-7 small-12 large-7\"  >\n\t\t\t\t<div class=\"col-inner text-center\"  >\n\t\t\t\n\t\t\t\n\n\t<div id=\"text-3524059896\" class=\"text\">\n\t\t\n\n<p>Contr\u00f4le de la qualit\u00e9 des films d'emballage<br \/>Essais de R&amp;D en laboratoire<br \/>Conformit\u00e9 avec <a href=\"https:\/\/www.impacttesting.net\/fr\/astm-d3420\/\"><strong>ASTM D3420<\/strong><\/a> et normes connexes<\/p>\n\t\t\n<style>\n#text-3524059896 {\n  font-size: 1.1rem;\n  line-height: 1.3;\n}\n<\/style>\n\t<\/div>\n\t\n\t<div id=\"text-3581755950\" class=\"text\">\n\t\t\n\n<p>En adoptant la norme PIT-01, les utilisateurs ont confiance dans le syst\u00e8me de gestion de l'information de l'UE. <strong>la pr\u00e9cision, la r\u00e9p\u00e9tabilit\u00e9 et l'efficacit\u00e9<\/strong> de leurs processus de tests d'impact.<\/p>\n\t\t\n<style>\n#text-3581755950 {\n  font-size: 1.1rem;\n}\n<\/style>\n\t<\/div>\n\t\n<a href=\"https:\/\/www.impacttesting.net\/fr\/contact-us\/\" class=\"button primary is-outline\"  style=\"border-radius:99px;\">\n    <span>Nous contacter<\/span>\n  <i class=\"icon-chat\" aria-hidden=\"true\" ><\/i><\/a>\n\n\n\n\t\t<\/div>\n\t\t\t\t\t<\/div>\n\n\t\n\n\t<div id=\"col-385946246\" class=\"col medium-4 small-12 large-4\"  >\n\t\t\t\t<div class=\"col-inner text-center\"  >\n\t\t\t\n\t\t\t\n\n\n<div class=\"wpcf7 no-js\" id=\"wpcf7-f10-o1\" lang=\"en-US\" dir=\"ltr\" data-wpcf7-id=\"10\">\n<div class=\"screen-reader-response\"><p role=\"status\" aria-live=\"polite\" aria-atomic=\"true\"><\/p> <ul><\/ul><\/div>\n<form action=\"\/fr\/wp-json\/wp\/v2\/pages\/59#wpcf7-f10-o1\" method=\"post\" class=\"wpcf7-form init\" aria-label=\"Contact form\" novalidate=\"novalidate\" data-status=\"init\" data-trp-original-action=\"\/fr\/wp-json\/wp\/v2\/pages\/59#wpcf7-f10-o1\">\n<fieldset class=\"hidden-fields-container\"><input type=\"hidden\" name=\"_wpcf7\" value=\"10\" \/><input type=\"hidden\" name=\"_wpcf7_version\" value=\"6.1.4\" \/><input type=\"hidden\" name=\"_wpcf7_locale\" value=\"en_US\" \/><input type=\"hidden\" name=\"_wpcf7_unit_tag\" value=\"wpcf7-f10-o1\" \/><input type=\"hidden\" name=\"_wpcf7_container_post\" value=\"0\" \/><input type=\"hidden\" name=\"_wpcf7_posted_data_hash\" value=\"\" \/><input type=\"hidden\" name=\"_wpcf7_recaptcha_response\" value=\"\" \/>\n<\/fieldset>\n<p><span class=\"wpcf7-form-control-wrap\" data-name=\"Name\"><input size=\"40\" maxlength=\"400\" class=\"wpcf7-form-control wpcf7-text\" aria-invalid=\"false\" placeholder=\"Votre nom\" value=\"\" type=\"text\" name=\"Name\" \/><\/span><br \/>\n<span class=\"wpcf7-form-control-wrap\" data-name=\"Comapany\"><input size=\"40\" maxlength=\"400\" class=\"wpcf7-form-control wpcf7-text\" aria-invalid=\"false\" placeholder=\"Votre entreprise\" value=\"\" type=\"text\" name=\"Comapany\" \/><\/span><br \/>\n<span class=\"wpcf7-form-control-wrap\" data-name=\"Email\"><input size=\"40\" maxlength=\"400\" class=\"wpcf7-form-control wpcf7-email wpcf7-validates-as-required wpcf7-text wpcf7-validates-as-email\" aria-required=\"true\" aria-invalid=\"false\" placeholder=\"Votre courriel*\" value=\"\" type=\"email\" name=\"Email\" \/><\/span><br \/>\n<span class=\"wpcf7-form-control-wrap\" data-name=\"Message\"><textarea cols=\"40\" rows=\"10\" maxlength=\"2000\" class=\"wpcf7-form-control wpcf7-textarea\" aria-invalid=\"false\" placeholder=\"Message\" name=\"Message\"><\/textarea><\/span>\n<\/p>\n<p><input class=\"wpcf7-form-control wpcf7-submit has-spinner\" type=\"submit\" value=\"Soumettre\" \/>\n<\/p><div class=\"wpcf7-response-output\" aria-hidden=\"true\"><\/div>\n<input type=\"hidden\" name=\"trp-form-language\" value=\"fr\"\/><\/form>\n<\/div>\n\n\n\n\t\t<\/div>\n\t\t\t\t\t<\/div>\n\n\t\n\n<\/div>\n\n\t\t<\/div>\n\t\t\t\t\t<\/div>\n\n\t\n\n<\/div>\n\n\t\t<\/div>\n\n\t\t\n<style>\n#section_1504940578 {\n  padding-top: 30px;\n  padding-bottom: 30px;\n  background-color: rgb(232, 234, 241);\n}\n<\/style>\n\t<\/section>","protected":false},"excerpt":{"rendered":"","protected":false},"author":1,"featured_media":0,"parent":0,"menu_order":0,"comment_status":"closed","ping_status":"closed","template":"page-blank.php","meta":{"footnotes":""},"class_list":["post-59","page","type-page","status-publish","hentry"],"_links":{"self":[{"href":"https:\/\/www.impacttesting.net\/fr\/wp-json\/wp\/v2\/pages\/59","targetHints":{"allow":["GET"]}}],"collection":[{"href":"https:\/\/www.impacttesting.net\/fr\/wp-json\/wp\/v2\/pages"}],"about":[{"href":"https:\/\/www.impacttesting.net\/fr\/wp-json\/wp\/v2\/types\/page"}],"author":[{"embeddable":true,"href":"https:\/\/www.impacttesting.net\/fr\/wp-json\/wp\/v2\/users\/1"}],"replies":[{"embeddable":true,"href":"https:\/\/www.impacttesting.net\/fr\/wp-json\/wp\/v2\/comments?post=59"}],"version-history":[{"count":5,"href":"https:\/\/www.impacttesting.net\/fr\/wp-json\/wp\/v2\/pages\/59\/revisions"}],"predecessor-version":[{"id":75,"href":"https:\/\/www.impacttesting.net\/fr\/wp-json\/wp\/v2\/pages\/59\/revisions\/75"}],"wp:attachment":[{"href":"https:\/\/www.impacttesting.net\/fr\/wp-json\/wp\/v2\/media?parent=59"}],"curies":[{"name":"wp","href":"https:\/\/api.w.org\/{rel}","templated":true}]}}