{"id":57,"date":"2025-12-24T05:15:35","date_gmt":"2025-12-24T05:15:35","guid":{"rendered":"https:\/\/www.impacttesting.net\/?page_id=57"},"modified":"2025-12-24T05:44:13","modified_gmt":"2025-12-24T05:44:13","slug":"ansi-z87-1","status":"publish","type":"page","link":"https:\/\/www.impacttesting.net\/fr\/ansi-z87-1\/","title":{"rendered":"ANSI Z87.1"},"content":{"rendered":"<section class=\"section\" id=\"section_487482659\">\n\t\t<div class=\"bg section-bg fill bg-fill  bg-loaded\" >\n\n\t\t\t\n\t\t\t\n\t\t\t\n\n\t\t<\/div>\n\n\t\t\n\n\t\t<div class=\"section-content relative\">\n\t\t\t\n\n<div class=\"row\"  id=\"row-678274265\">\n\n\n\t<div id=\"col-878442176\" class=\"col small-12 large-12\"  >\n\t\t\t\t<div class=\"col-inner\" style=\"background-color:rgb(92, 171, 188);\" >\n\t\t\t\n\t\t\t\n\n<div class=\"row\"  id=\"row-328032173\">\n\n\n\t<div id=\"col-1443454796\" class=\"col small-12 large-12\"  >\n\t\t\t\t<div class=\"col-inner\"  >\n\t\t\t\n\t\t\t\n\n\t<div id=\"text-3984309706\" class=\"text\">\n\t\t\n\n<h1>ANSI Z87.1<\/h1>\n\t\t\n<style>\n#text-3984309706 {\n  font-size: 1.5rem;\n  text-align: center;\n}\n<\/style>\n\t<\/div>\n\t\n\t<div id=\"text-3951956917\" class=\"text\">\n\t\t\n\n<h2>Test de chute pour les lunettes de s\u00e9curit\u00e9<\/h2>\n\t\t\n<style>\n#text-3951956917 {\n  text-align: center;\n}\n<\/style>\n\t<\/div>\n\t\n\n\t\t<\/div>\n\t\t\t\t\n<style>\n#col-1443454796 > .col-inner {\n  padding: 50px 10px 10px 10px;\n}\n<\/style>\n\t<\/div>\n\n\t\n\n<\/div>\n<div class=\"row align-middle align-center\"  id=\"row-990088042\">\n\n\n\t<div id=\"col-676551633\" class=\"col medium-11 small-12 large-11\"  >\n\t\t\t\t<div class=\"col-inner\"  >\n\t\t\t\n\t\t\t\n\n<div class=\"row align-center\"  id=\"row-1393479128\">\n\n\n\t<div id=\"col-1137768054\" class=\"col medium-7 small-12 large-7\"  >\n\t\t\t\t<div class=\"col-inner\"  >\n\t\t\t\n\t\t\t\n\n<div class=\"row\"  id=\"row-1729835377\">\n\n\n\t<div id=\"col-282402436\" class=\"col small-12 large-12\"  >\n\t\t\t\t<div class=\"col-inner text-center\"  >\n\t\t\t\n\t\t\t\n\n\t<div id=\"text-169915286\" class=\"text\">\n\t\t\n\n<p><strong>ANSI Z87.1<\/strong> est une norme essentielle \u00e9labor\u00e9e par l'American National Standards Institute (ANSI) en collaboration avec l'International Safety Equipment Association (ISEA). Elle d\u00e9finit les sp\u00e9cifications de performance et les crit\u00e8res de test des lunettes de protection dans les environnements professionnels et \u00e9ducatifs. Cette norme garantit que <strong>lunettes de s\u00e9curit\u00e9, lunettes de protection et \u00e9crans faciaux<\/strong> peuvent r\u00e9sister \u00e0 des risques potentiels tels que les chocs, les rayonnements non ionisants et l'exposition \u00e0 des produits chimiques.<\/p>\n\t\t\n<style>\n#text-169915286 {\n  color: rgb(0, 0, 0);\n}\n#text-169915286 > * {\n  color: rgb(0, 0, 0);\n}\n<\/style>\n\t<\/div>\n\t\n\n\t\t<\/div>\n\t\t\t\t\t<\/div>\n\n\t\n\n\t<div id=\"col-119251172\" class=\"col small-12 large-12\"  >\n\t\t\t\t<div class=\"col-inner text-center\"  >\n\t\t\t\n\t\t\t\n\n<a href=\"https:\/\/www.impacttesting.net\/fr\/contact-us\/\" class=\"button primary is-outline\"  style=\"border-radius:99px;\">\n    <span>Nous contacter<\/span>\n  <i class=\"icon-chat\" aria-hidden=\"true\" ><\/i><\/a>\n\n\n\n\t\t<\/div>\n\t\t\t\t\t<\/div>\n\n\t\n\n<\/div>\n\n\t\t<\/div>\n\t\t\t\t\t<\/div>\n\n\t\n\n\t<div id=\"col-638237089\" class=\"col medium-4 small-12 large-4\"  >\n\t\t\t\t<div class=\"col-inner\"  >\n\t\t\t\n\t\t\t\n\n<div class=\"row\"  id=\"row-1380657949\">\n\n\n\t<div id=\"col-648856063\" class=\"col small-12 large-12\"  >\n\t\t\t\t<div class=\"col-inner\"  >\n\t\t\t\n\t\t\t\n\n\t<div class=\"img has-hover x md-x lg-x y md-y lg-y\" id=\"image_1116562881\">\n\t\t<a class=\"\" href=\"https:\/\/www.impacttesting.net\/fr\/ball-drop-tester\/\" target=\"_blank\" rel=\"noopener\" >\t\t\t\t\t\t<div class=\"img-inner dark\" >\n\t\t\t<img decoding=\"async\" width=\"600\" height=\"440\" src=\"https:\/\/www.impacttesting.net\/wp-content\/uploads\/2025\/12\/ANSI-Z87.1-Drop-Ball-Test-for-Safety-Glasses.webp\" class=\"attachment-large size-large\" alt=\"ANSI Z87.1 Drop Ball Test for Safety Glasses (Test de chute pour les lunettes de s\u00e9curit\u00e9)\" srcset=\"https:\/\/www.impacttesting.net\/wp-content\/uploads\/2025\/12\/ANSI-Z87.1-Drop-Ball-Test-for-Safety-Glasses.webp 600w, https:\/\/www.impacttesting.net\/wp-content\/uploads\/2025\/12\/ANSI-Z87.1-Drop-Ball-Test-for-Safety-Glasses-545x400.webp 545w\" sizes=\"(max-width: 600px) 100vw, 600px\" \/>\t\t\t\t\t\t\n\t\t\t\t\t<\/div>\n\t\t\t\t\t\t<\/a>\t\t\n<style>\n#image_1116562881 {\n  width: 100%;\n}\n<\/style>\n\t<\/div>\n\t\n\n\n\t\t<\/div>\n\t\t\t\t\t<\/div>\n\n\t\n\n<\/div>\n\n\t\t<\/div>\n\t\t\t\t\t<\/div>\n\n\t\n\n<\/div>\n\n\t\t<\/div>\n\t\t\t\t\t<\/div>\n\n\t\n\n<\/div>\n\n\t\t<\/div>\n\t\t\t\t\t<\/div>\n\n\t\n\n\n<style>\n#row-678274265 > .col > .col-inner {\n  border-radius: 25px;\n}\n<\/style>\n<\/div>\n\n\t\t<\/div>\n\n\t\t\n<style>\n#section_487482659 {\n  padding-top: 30px;\n  padding-bottom: 30px;\n}\n<\/style>\n\t<\/section>\n\t\n\t<section class=\"section\" id=\"section_1454244427\">\n\t\t<div class=\"bg section-bg fill bg-fill  bg-loaded\" >\n\n\t\t\t\n\t\t\t\n\t\t\t\n\n\t\t<\/div>\n\n\t\t\n\n\t\t<div class=\"section-content relative\">\n\t\t\t\n\n<div class=\"row\"  id=\"row-580325851\">\n\n\n\t<div id=\"col-1317850843\" class=\"col small-12 large-12\"  >\n\t\t\t\t<div class=\"col-inner\"  >\n\t\t\t\n\t\t\t\n\n<div class=\"row\"  id=\"row-393461916\">\n\n\n\t<div id=\"col-1297460211\" class=\"col small-12 large-12\"  >\n\t\t\t\t<div class=\"col-inner\"  >\n\t\t\t\n\t\t\t\n\n<div class=\"row\"  id=\"row-1473693783\">\n\n\n\t<div id=\"col-2066724352\" class=\"col small-12 large-12\"  >\n\t\t\t\t<div class=\"col-inner\"  >\n\t\t\t\n\t\t\t\n\n\t<div id=\"text-3218374516\" class=\"text\">\n\t\t\n\n<h2>ANSI Z87.1 Drop Ball Test for Safety Glasses (Test de chute pour les lunettes de s\u00e9curit\u00e9)<\/h2>\n\t\t\n<style>\n#text-3218374516 {\n  font-size: 1.3rem;\n  text-align: center;\n}\n<\/style>\n\t<\/div>\n\t\n<p data-pm-slice=\"1 1 &#091;&#093;\">L'une des \u00e9valuations fondamentales d\u00e9crites dans la norme ANSI Z87.1 est l'\u00e9valuation de la qualit\u00e9 de l'air. <strong>test de chute de balle pour les lunettes de s\u00e9curit\u00e9<\/strong>. Cette proc\u00e9dure est essentielle pour v\u00e9rifier la r\u00e9sistance \u00e0 l'impact des lentilles utilis\u00e9es dans les \u00e9quipements de protection individuelle (EPI).<\/p>\n\n\t\t<\/div>\n\t\t\t\t\t<\/div>\n\n\t\n\n<\/div>\n<div class=\"row\"  id=\"row-1995587076\">\n\n\n\t<div id=\"col-1919314186\" class=\"col medium-6 small-12 large-6\"  >\n\t\t\t\t<div class=\"col-inner\"  >\n\t\t\t\n\t\t\t\n\n<h3>Objectif et principes du test<\/h3>\n<p>L'objectif du test \"drop ball\" est de simuler des sc\u00e9narios r\u00e9els dans lesquels les lunettes de s\u00e9curit\u00e9 peuvent \u00eatre soumises \u00e0 un impact soudain. Il permet d'\u00e9valuer si le mat\u00e9riau du verre peut absorber et r\u00e9partir l'\u00e9nergie sans \u00e9clater ni p\u00e9n\u00e9trer, prot\u00e9geant ainsi les yeux du porteur.<\/p>\n\t<div class=\"img has-hover x md-x lg-x y md-y lg-y\" id=\"image_1814198438\">\n\t\t\t\t\t\t\t\t<div class=\"img-inner dark\" >\n\t\t\t<img decoding=\"async\" width=\"600\" height=\"200\" src=\"https:\/\/www.impacttesting.net\/wp-content\/uploads\/2025\/12\/ANSI-Z87.1.webp\" class=\"attachment-large size-large\" alt=\"ANSI Z87.1\" \/>\t\t\t\t\t\t\n\t\t\t\t\t<\/div>\n\t\t\t\t\t\t\t\t\n<style>\n#image_1814198438 {\n  width: 85%;\n}\n<\/style>\n\t<\/div>\n\t\n\n\n\t\t<\/div>\n\t\t\t\t\t<\/div>\n\n\t\n\n\t<div id=\"col-1798526405\" class=\"col medium-6 small-12 large-6\"  >\n\t\t\t\t<div class=\"col-inner\"  >\n\t\t\t\n\t\t\t\n\n<h3>Comment le test est-il effectu\u00e9 ?<\/h3>\n<p>Conform\u00e9ment \u00e0 la section 9.6 de la norme ANSI Z87.1 :<\/p>\n<ul>\n<li>Une bille d'acier de 25,4 mm de diam\u00e8tre (1,0 pouce) et pesant 68 g (2,4 oz) est utilis\u00e9e.<\/li>\n<li>La balle est l\u00e2ch\u00e9e d'une hauteur de 127 cm sur l'objectif plac\u00e9 sur une t\u00eate artificielle rigide, qui imite la structure du visage humain.<\/li>\n<li>La lentille doit rester intacte, sans fissure ni p\u00e9n\u00e9tration, apr\u00e8s l'impact.<\/li>\n<li>Chaque combinaison de mat\u00e9riaux et de rev\u00eatements doit \u00eatre test\u00e9e sur quatre appareils, ce qui garantit une coh\u00e9rence fiable.<\/li>\n<\/ul>\n\n\t\t<\/div>\n\t\t\t\t\t<\/div>\n\n\t\n\n<\/div>\n\n\t\t<\/div>\n\t\t\t\t\t<\/div>\n\n\t\n\n<\/div>\n\n\t\t<\/div>\n\t\t\t\t\t<\/div>\n\n\t\n\n<\/div>\n<div class=\"row\"  id=\"row-569810755\">\n\n\n\t<div id=\"col-1185782388\" class=\"col small-12 large-12\"  >\n\t\t\t\t<div class=\"col-inner\"  >\n\t\t\t\n\t\t\t\n\n<div class=\"row\"  id=\"row-489475109\">\n\n\n\t<div id=\"col-538661823\" class=\"col small-12 large-12\"  >\n\t\t\t\t<div class=\"col-inner\"  >\n\t\t\t\n\t\t\t\n\n\t<div id=\"text-2471671819\" class=\"text\">\n\t\t\n\n<h2>\u00c9quipement de test de la balle de chute<\/h2>\n\t\t\n<style>\n#text-2471671819 {\n  font-size: 1.3rem;\n  text-align: center;\n}\n<\/style>\n\t<\/div>\n\t\n\n\t\t<\/div>\n\t\t\t\t\t<\/div>\n\n\t\n\n<\/div>\n<div class=\"row align-middle\"  id=\"row-845720987\">\n\n\n\t<div id=\"col-1106445546\" class=\"col medium-6 small-12 large-6\"  >\n\t\t\t\t<div class=\"col-inner\"  >\n\t\t\t\n\t\t\t\n\n<p>Pour r\u00e9aliser des tests reproductibles et fiables, un \u00e9quipement sp\u00e9cialis\u00e9 est n\u00e9cessaire. Le FBT-01 <a href=\"https:\/\/www.impacttesting.net\/fr\/ball-drop-tester\/\"><strong>Testeur de chute de balles<\/strong><\/a> de Cell Instruments est con\u00e7u pour r\u00e9pondre \u00e0 cette norme et la d\u00e9passer. Il offre :<\/p>\n<ul>\n<li>D\u00e9clenchement \u00e9lectromagn\u00e9tique de pr\u00e9cision de la bille pour une \u00e9nergie d'impact constante.<\/li>\n<li>Hauteur d'impact et caract\u00e9ristiques de la bille r\u00e9glables pour des configurations d'essai polyvalentes.<\/li>\n<li>\u00c9cran tactile HMI et contr\u00f4le PLC pour une stabilit\u00e9 de test de niveau industriel.<\/li>\n<\/ul>\n<p>Il est donc id\u00e9al pour les fabricants de lunettes de protection, <strong>Services de contr\u00f4le de la qualit\u00e9 des EPI<\/strong>et <strong>laboratoires d'essai tiers<\/strong> qui n\u00e9cessitent des tests d'impact conformes \u00e0 la norme ANSI.<\/p>\n\n\t\t<\/div>\n\t\t\t\t\t<\/div>\n\n\t\n\n\t<div id=\"col-569702689\" class=\"col medium-6 small-12 large-6\"  >\n\t\t\t\t<div class=\"col-inner\"  >\n\t\t\t\n\t\t\t\n\n\t<div class=\"img has-hover x md-x lg-x y md-y lg-y\" id=\"image_1142869558\">\n\t\t<a class=\"\" href=\"https:\/\/www.impacttesting.net\/fr\/ball-drop-tester\/\" >\t\t\t\t\t\t<div class=\"img-inner dark\" >\n\t\t\t<img decoding=\"async\" width=\"600\" height=\"440\" src=\"https:\/\/www.impacttesting.net\/wp-content\/uploads\/2025\/12\/ANSI-Z87.1-Drop-Ball-Test-for-Safety-Glasses.webp\" class=\"attachment-large size-large\" alt=\"ANSI Z87.1 Drop Ball Test for Safety Glasses (Test de chute pour les lunettes de s\u00e9curit\u00e9)\" srcset=\"https:\/\/www.impacttesting.net\/wp-content\/uploads\/2025\/12\/ANSI-Z87.1-Drop-Ball-Test-for-Safety-Glasses.webp 600w, https:\/\/www.impacttesting.net\/wp-content\/uploads\/2025\/12\/ANSI-Z87.1-Drop-Ball-Test-for-Safety-Glasses-545x400.webp 545w\" sizes=\"(max-width: 600px) 100vw, 600px\" \/>\t\t\t\t\t\t\n\t\t\t\t\t<\/div>\n\t\t\t\t\t\t<\/a>\t\t\n<style>\n#image_1142869558 {\n  width: 100%;\n}\n<\/style>\n\t<\/div>\n\t\n\n\n\t\t<\/div>\n\t\t\t\t\t<\/div>\n\n\t\n\n<\/div>\n\n\t\t<\/div>\n\t\t\t\t\t<\/div>\n\n\t\n\n<\/div>\n\n\t\t<\/div>\n\n\t\t\n<style>\n#section_1454244427 {\n  padding-top: 30px;\n  padding-bottom: 30px;\n}\n<\/style>\n\t<\/section>\n\t\n\t<section class=\"section\" id=\"section_200036717\">\n\t\t<div class=\"bg section-bg fill bg-fill  bg-loaded\" >\n\n\t\t\t\n\t\t\t\n\t\t\t\n\n\t\t<\/div>\n\n\t\t\n\n\t\t<div class=\"section-content relative\">\n\t\t\t\n\n<div class=\"row\"  id=\"row-614715206\">\n\n\n\t<div id=\"col-2025516171\" class=\"col small-12 large-12\"  >\n\t\t\t\t<div class=\"col-inner\"  >\n\t\t\t\n\t\t\t\n\n<div class=\"row align-equal align-center\"  id=\"row-1620420929\">\n\n\n\t<div id=\"col-1287163305\" class=\"col small-12 large-12\"  >\n\t\t\t\t<div class=\"col-inner\"  >\n\t\t\t\n\t\t\t\n\n\t<div id=\"text-2950133641\" class=\"text\">\n\t\t\n\n<h2>Pourquoi choisir Impacttesting.net ?<br \/>FBT-01 Testeur de balles de chute<\/h2>\n\t\t\n<style>\n#text-2950133641 {\n  font-size: 1.4rem;\n  text-align: center;\n}\n<\/style>\n\t<\/div>\n\t\n\n\t\t<\/div>\n\t\t\t\t\t<\/div>\n\n\t\n\n\t<div id=\"col-1583915237\" class=\"col medium-6 small-12 large-6\"  >\n\t\t\t\t<div class=\"col-inner text-center\"  >\n\t\t\t\n\t\t\t\n\n\t<div id=\"text-796408210\" class=\"text\">\n\t\t\n\n<p>Adh\u00e9rer \u00e0 <a href=\"https:\/\/www.impacttesting.net\/fr\/ansi-z87-1\/\"><strong>ANSI Z87.1<\/strong><\/a> gr\u00e2ce \u00e0 des tests fiables de type \"drop ball\", garantit que les lunettes de s\u00e9curit\u00e9 peuvent r\u00e9sister aux risques industriels quotidiens. Gr\u00e2ce aux solutions avanc\u00e9es de Cell Instruments, telles que le <strong>FBT-01<\/strong>Gr\u00e2ce \u00e0 ce syst\u00e8me, vous pouvez avoir confiance dans la conformit\u00e9 et la capacit\u00e9 de protection de votre produit.<\/p>\n<p>Faites de Cell Instruments votre partenaire pour atteindre l'excellence en mati\u00e8re d'essais de mat\u00e9riaux et de conformit\u00e9 \u00e0 la norme ANSI Z87.1.<\/p>\n\t\t\n<style>\n#text-796408210 {\n  font-size: 1.1rem;\n  line-height: 2;\n}\n<\/style>\n\t<\/div>\n\t\n<a href=\"https:\/\/www.impacttesting.net\/fr\/contact-us\/\" class=\"button primary is-outline\"  style=\"border-radius:99px;\">\n    <span>Nous contacter<\/span>\n  <i class=\"icon-chat\" aria-hidden=\"true\" ><\/i><\/a>\n\n\n\n\t\t<\/div>\n\t\t\t\t\t<\/div>\n\n\t\n\n\t<div id=\"col-813355689\" class=\"col medium-4 small-12 large-4\"  >\n\t\t\t\t<div class=\"col-inner text-center\"  >\n\t\t\t\n\t\t\t\n\n\n<div class=\"wpcf7 no-js\" id=\"wpcf7-f10-o1\" lang=\"en-US\" dir=\"ltr\" data-wpcf7-id=\"10\">\n<div class=\"screen-reader-response\"><p role=\"status\" aria-live=\"polite\" aria-atomic=\"true\"><\/p> <ul><\/ul><\/div>\n<form action=\"\/fr\/wp-json\/wp\/v2\/pages\/57#wpcf7-f10-o1\" method=\"post\" class=\"wpcf7-form init\" aria-label=\"Contact form\" novalidate=\"novalidate\" data-status=\"init\" data-trp-original-action=\"\/fr\/wp-json\/wp\/v2\/pages\/57#wpcf7-f10-o1\">\n<fieldset class=\"hidden-fields-container\"><input type=\"hidden\" name=\"_wpcf7\" value=\"10\" \/><input type=\"hidden\" name=\"_wpcf7_version\" value=\"6.1.4\" \/><input type=\"hidden\" name=\"_wpcf7_locale\" value=\"en_US\" \/><input type=\"hidden\" name=\"_wpcf7_unit_tag\" value=\"wpcf7-f10-o1\" \/><input type=\"hidden\" name=\"_wpcf7_container_post\" value=\"0\" \/><input type=\"hidden\" name=\"_wpcf7_posted_data_hash\" value=\"\" \/><input type=\"hidden\" name=\"_wpcf7_recaptcha_response\" value=\"\" \/>\n<\/fieldset>\n<p><span class=\"wpcf7-form-control-wrap\" data-name=\"Name\"><input size=\"40\" maxlength=\"400\" class=\"wpcf7-form-control wpcf7-text\" aria-invalid=\"false\" placeholder=\"Votre nom\" value=\"\" type=\"text\" name=\"Name\" \/><\/span><br \/>\n<span class=\"wpcf7-form-control-wrap\" data-name=\"Comapany\"><input size=\"40\" maxlength=\"400\" class=\"wpcf7-form-control wpcf7-text\" aria-invalid=\"false\" placeholder=\"Votre entreprise\" value=\"\" type=\"text\" name=\"Comapany\" \/><\/span><br \/>\n<span class=\"wpcf7-form-control-wrap\" data-name=\"Email\"><input size=\"40\" maxlength=\"400\" class=\"wpcf7-form-control wpcf7-email wpcf7-validates-as-required wpcf7-text wpcf7-validates-as-email\" aria-required=\"true\" aria-invalid=\"false\" placeholder=\"Votre courriel*\" value=\"\" type=\"email\" name=\"Email\" \/><\/span><br \/>\n<span class=\"wpcf7-form-control-wrap\" data-name=\"Message\"><textarea cols=\"40\" rows=\"10\" maxlength=\"2000\" class=\"wpcf7-form-control wpcf7-textarea\" aria-invalid=\"false\" placeholder=\"Message\" name=\"Message\"><\/textarea><\/span>\n<\/p>\n<p><input class=\"wpcf7-form-control wpcf7-submit has-spinner\" type=\"submit\" value=\"Soumettre\" \/>\n<\/p><div class=\"wpcf7-response-output\" aria-hidden=\"true\"><\/div>\n<input type=\"hidden\" name=\"trp-form-language\" value=\"fr\"\/><\/form>\n<\/div>\n\n\n\n\t\t<\/div>\n\t\t\t\t\t<\/div>\n\n\t\n\n<\/div>\n\n\t\t<\/div>\n\t\t\t\t\t<\/div>\n\n\t\n\n<\/div>\n\n\t\t<\/div>\n\n\t\t\n<style>\n#section_200036717 {\n  padding-top: 30px;\n  padding-bottom: 30px;\n  background-color: rgb(232, 234, 241);\n}\n<\/style>\n\t<\/section>","protected":false},"excerpt":{"rendered":"","protected":false},"author":1,"featured_media":0,"parent":0,"menu_order":0,"comment_status":"closed","ping_status":"closed","template":"page-blank.php","meta":{"footnotes":""},"class_list":["post-57","page","type-page","status-publish","hentry"],"_links":{"self":[{"href":"https:\/\/www.impacttesting.net\/fr\/wp-json\/wp\/v2\/pages\/57","targetHints":{"allow":["GET"]}}],"collection":[{"href":"https:\/\/www.impacttesting.net\/fr\/wp-json\/wp\/v2\/pages"}],"about":[{"href":"https:\/\/www.impacttesting.net\/fr\/wp-json\/wp\/v2\/types\/page"}],"author":[{"embeddable":true,"href":"https:\/\/www.impacttesting.net\/fr\/wp-json\/wp\/v2\/users\/1"}],"replies":[{"embeddable":true,"href":"https:\/\/www.impacttesting.net\/fr\/wp-json\/wp\/v2\/comments?post=57"}],"version-history":[{"count":4,"href":"https:\/\/www.impacttesting.net\/fr\/wp-json\/wp\/v2\/pages\/57\/revisions"}],"predecessor-version":[{"id":68,"href":"https:\/\/www.impacttesting.net\/fr\/wp-json\/wp\/v2\/pages\/57\/revisions\/68"}],"wp:attachment":[{"href":"https:\/\/www.impacttesting.net\/fr\/wp-json\/wp\/v2\/media?parent=57"}],"curies":[{"name":"wp","href":"https:\/\/api.w.org\/{rel}","templated":true}]}}