{"id":48,"date":"2025-12-24T03:25:25","date_gmt":"2025-12-24T03:25:25","guid":{"rendered":"https:\/\/www.impacttesting.net\/?page_id=48"},"modified":"2025-12-24T05:48:32","modified_gmt":"2025-12-24T05:48:32","slug":"pendulum-impact-tester","status":"publish","type":"page","link":"https:\/\/www.impacttesting.net\/fr\/pendulum-impact-tester\/","title":{"rendered":"PIT-01 Testeur d'impact \u00e0 pendule"},"content":{"rendered":"<section class=\"section\" id=\"section_1609680938\">\n\t\t<div class=\"bg section-bg fill bg-fill  bg-loaded\" >\n\n\t\t\t\n\t\t\t\n\t\t\t\n\n\t\t<\/div>\n\n\t\t\n\n\t\t<div class=\"section-content relative\">\n\t\t\t\n\n<div class=\"row\"  id=\"row-1553304857\">\n\n\n\t<div id=\"col-1593810042\" class=\"col small-12 large-12\"  >\n\t\t\t\t<div class=\"col-inner\" style=\"background-color:rgb(92, 171, 188);\" >\n\t\t\t\n\t\t\t\n\n<div class=\"row\"  id=\"row-1520598518\">\n\n\n\t<div id=\"col-1460625106\" class=\"col small-12 large-12\"  >\n\t\t\t\t<div class=\"col-inner\"  >\n\t\t\t\n\t\t\t\n\n\t<div id=\"text-12495983\" class=\"text\">\n\t\t\n\n<h1>PIT-01 Testeur d'impact \u00e0 pendule<\/h1>\n\t\t\n<style>\n#text-12495983 {\n  font-size: 1.5rem;\n  text-align: center;\n}\n<\/style>\n\t<\/div>\n\t\n\n\t\t<\/div>\n\t\t\t\t\n<style>\n#col-1460625106 > .col-inner {\n  padding: 50px 10px 10px 10px;\n}\n<\/style>\n\t<\/div>\n\n\t\n\n<\/div>\n<div class=\"row align-middle align-center\"  id=\"row-626251515\">\n\n\n\t<div id=\"col-2136084909\" class=\"col medium-11 small-12 large-11\"  >\n\t\t\t\t<div class=\"col-inner\"  >\n\t\t\t\n\t\t\t\n\n<div class=\"row align-middle align-center\"  id=\"row-447042049\">\n\n\n\t<div id=\"col-1103946305\" class=\"col medium-7 small-12 large-7\"  >\n\t\t\t\t<div class=\"col-inner\"  >\n\t\t\t\n\t\t\t\n\n<div class=\"row\"  id=\"row-560433226\">\n\n\n\t<div id=\"col-2033646087\" class=\"col small-12 large-12\"  >\n\t\t\t\t<div class=\"col-inner text-center\"  >\n\t\t\t\n\t\t\t\n\n\t<div id=\"text-560185654\" class=\"text\">\n\t\t\n\n<p>Le <strong>Appareil d'essai d'impact \u00e0 pendule<\/strong> mesure la capacit\u00e9 d'un mat\u00e9riau \u00e0 r\u00e9sister \u00e0 des impacts soudains en enregistrant l'\u00e9nergie n\u00e9cessaire pour provoquer une rupture ou une p\u00e9n\u00e9tration. <a href=\"https:\/\/www.impacttesting.net\/fr\/astm-d3420\/\"><strong>ASTM D3420<\/strong><\/a> fournit une m\u00e9thode normalis\u00e9e pour \u00e9valuer la r\u00e9sistance \u00e0 l'impact des films plastiques, garantissant un contr\u00f4le de qualit\u00e9 coh\u00e9rent et la caract\u00e9risation des mat\u00e9riaux. Les mat\u00e9riaux couramment test\u00e9s sont les suivants <strong>les films plastiques, les lamin\u00e9s, les composites, les feuilles et le papier utilis\u00e9s dans l'emballage<\/strong>Les applications dans le domaine de la construction, de l'automobile et de la construction.<\/p>\n\t\t\n<style>\n#text-560185654 {\n  color: rgb(0, 0, 0);\n}\n#text-560185654 > * {\n  color: rgb(0, 0, 0);\n}\n<\/style>\n\t<\/div>\n\t\n\n\t\t<\/div>\n\t\t\t\t\t<\/div>\n\n\t\n\n\t<div id=\"col-1207725694\" class=\"col small-12 large-12\"  >\n\t\t\t\t<div class=\"col-inner text-center\"  >\n\t\t\t\n\t\t\t\n\n<a href=\"https:\/\/www.impacttesting.net\/fr\/contact-us\/\" class=\"button primary is-outline\"  style=\"border-radius:99px;\">\n    <span>Nous contacter<\/span>\n  <i class=\"icon-chat\" aria-hidden=\"true\" ><\/i><\/a>\n\n\n\n\t\t<\/div>\n\t\t\t\t\t<\/div>\n\n\t\n\n<\/div>\n\n\t\t<\/div>\n\t\t\t\t\t<\/div>\n\n\t\n\n\t<div id=\"col-2075145740\" class=\"col medium-4 small-12 large-4\"  >\n\t\t\t\t<div class=\"col-inner\"  >\n\t\t\t\n\t\t\t\n\n<div class=\"row\"  id=\"row-2005924077\">\n\n\n\t<div id=\"col-2011962152\" class=\"col small-12 large-12\"  >\n\t\t\t\t<div class=\"col-inner\"  >\n\t\t\t\n\t\t\t\n\n\t<div class=\"img has-hover x md-x lg-x y md-y lg-y\" id=\"image_1168660732\">\n\t\t\t\t\t\t\t\t<div class=\"img-inner dark\" >\n\t\t\t<img decoding=\"async\" width=\"728\" height=\"800\" src=\"https:\/\/www.impacttesting.net\/wp-content\/uploads\/2025\/12\/Pendulum-Impact-Tester-ASTM-D3420-amp-Spencer-Impact-Test-Impact-Testing-728x800.webp\" class=\"attachment-large size-large\" alt=\"Test d&#039;impact pendulaire - ASTM D3420 &amp; Spencer Impact Test - Test d&#039;impact\" srcset=\"https:\/\/www.impacttesting.net\/wp-content\/uploads\/2025\/12\/Pendulum-Impact-Tester-ASTM-D3420-amp-Spencer-Impact-Test-Impact-Testing-728x800.webp 728w, https:\/\/www.impacttesting.net\/wp-content\/uploads\/2025\/12\/Pendulum-Impact-Tester-ASTM-D3420-amp-Spencer-Impact-Test-Impact-Testing-364x400.webp 364w, https:\/\/www.impacttesting.net\/wp-content\/uploads\/2025\/12\/Pendulum-Impact-Tester-ASTM-D3420-amp-Spencer-Impact-Test-Impact-Testing-768x844.webp 768w, https:\/\/www.impacttesting.net\/wp-content\/uploads\/2025\/12\/Pendulum-Impact-Tester-ASTM-D3420-amp-Spencer-Impact-Test-Impact-Testing-1397x1536.webp 1397w, https:\/\/www.impacttesting.net\/wp-content\/uploads\/2025\/12\/Pendulum-Impact-Tester-ASTM-D3420-amp-Spencer-Impact-Test-Impact-Testing.webp 1558w\" sizes=\"(max-width: 728px) 100vw, 728px\" \/>\t\t\t\t\t\t\n\t\t\t\t\t<\/div>\n\t\t\t\t\t\t\t\t\n<style>\n#image_1168660732 {\n  width: 100%;\n}\n<\/style>\n\t<\/div>\n\t\n\n\n\t\t<\/div>\n\t\t\t\t\t<\/div>\n\n\t\n\n<\/div>\n\n\t\t<\/div>\n\t\t\t\t\t<\/div>\n\n\t\n\n<\/div>\n\n\t\t<\/div>\n\t\t\t\t\t<\/div>\n\n\t\n\n<\/div>\n\n\t\t<\/div>\n\t\t\t\t\t<\/div>\n\n\t\n\n\n<style>\n#row-1553304857 > .col > .col-inner {\n  border-radius: 25px;\n}\n<\/style>\n<\/div>\n\n\t\t<\/div>\n\n\t\t\n<style>\n#section_1609680938 {\n  padding-top: 30px;\n  padding-bottom: 30px;\n}\n<\/style>\n\t<\/section>\n\t\n\t<section class=\"section\" id=\"section_538452338\">\n\t\t<div class=\"bg section-bg fill bg-fill  bg-loaded\" >\n\n\t\t\t\n\t\t\t\n\t\t\t\n\n\t\t<\/div>\n\n\t\t\n\n\t\t<div class=\"section-content relative\">\n\t\t\t\n\n<div class=\"row\"  id=\"row-1362003115\">\n\n\n\t<div id=\"col-2048912592\" class=\"col small-12 large-12\"  >\n\t\t\t\t<div class=\"col-inner\"  >\n\t\t\t\n\t\t\t\n\n<div class=\"row\"  id=\"row-1272195447\">\n\n\n\t<div id=\"col-1405207063\" class=\"col small-12 large-12\"  >\n\t\t\t\t<div class=\"col-inner\"  >\n\t\t\t\n\t\t\t\n\n<div class=\"row\"  id=\"row-1635605025\">\n\n\n\t<div id=\"col-1072613522\" class=\"col small-12 large-12\"  >\n\t\t\t\t<div class=\"col-inner\"  >\n\t\t\t\n\t\t\t\n\n\t<div id=\"text-3387060997\" class=\"text\">\n\t\t\n\n<h2>Fonctionnement du testeur d'impact \u00e0 pendule<\/h2>\n\t\t\n<style>\n#text-3387060997 {\n  font-size: 1.3rem;\n  text-align: center;\n}\n<\/style>\n\t<\/div>\n\t\n<p>Le <strong>PIT-01 Testeur d'impact \u00e0 pendule<\/strong> par <strong>Impacttesting.net<\/strong> est con\u00e7u pour fournir des mesures pr\u00e9cises et r\u00e9p\u00e9tables de la r\u00e9sistance aux chocs. Le processus d'essai comprend<\/p>\n\n\t\t<\/div>\n\t\t\t\t\t<\/div>\n\n\t\n\n<\/div>\n<div class=\"row align-middle\"  id=\"row-1167232275\">\n\n\n\t<div id=\"col-1881945819\" class=\"col medium-6 small-12 large-6\"  >\n\t\t\t\t<div class=\"col-inner\"  >\n\t\t\t\n\t\t\t\n\n<ol>\n<li>Pr\u00e9paration de l'\u00e9chantillon : Un \u00e9chantillon d'\u00e9paisseur et de consistance uniformes est s\u00e9lectionn\u00e9.<\/li>\n<li>Serrage de l'\u00e9chantillon : Le film est fix\u00e9 en place \u00e0 l'aide d'un syst\u00e8me de serrage pneumatique.<\/li>\n<li>Lib\u00e9ration du pendule : Le pendule, \u00e9quip\u00e9 d'une t\u00eate d'impact, est automatiquement lib\u00e9r\u00e9 \u00e0 partir d'une hauteur pr\u00e9d\u00e9finie.<\/li>\n<li>Mesure de l'impact : L'\u00e9nergie absorb\u00e9e par le mat\u00e9riau lors de l'impact est enregistr\u00e9e.<\/li>\n<li>Analyse des donn\u00e9es : Les r\u00e9sultats sont affich\u00e9s sur une interface num\u00e9rique, avec une micro-imprimante en option pour un rapport imm\u00e9diat.<\/li>\n<\/ol>\n\n\t\t<\/div>\n\t\t\t\t\t<\/div>\n\n\t\n\n\t<div id=\"col-160584065\" class=\"col medium-6 small-12 large-6\"  >\n\t\t\t\t<div class=\"col-inner\"  >\n\t\t\t\n\t\t\t\n\n<div class=\"video video-fit mb\" style=\"padding-top:56.25%;\"><iframe title=\"Testeur d&#039;impact \u00e0 pendule ASTM D3420 pour films plastiques Testeur d&#039;impact de feuilles\" width=\"1020\" height=\"574\" src=\"https:\/\/www.youtube.com\/embed\/vEx4esxMESw?feature=oembed\" frameborder=\"0\" allow=\"accelerometer; autoplay; clipboard-write; encrypted-media; gyroscope; picture-in-picture; web-share\" referrerpolicy=\"strict-origin-when-cross-origin\" allowfullscreen><\/iframe><\/div>\n\n\n\t\t<\/div>\n\t\t\t\t\t<\/div>\n\n\t\n\n<\/div>\n\n\t\t<\/div>\n\t\t\t\t\t<\/div>\n\n\t\n\n<\/div>\n\n\t\t<\/div>\n\t\t\t\t\t<\/div>\n\n\t\n\n<\/div>\n<div class=\"row\"  id=\"row-1490730215\">\n\n\n\t<div id=\"col-2100536885\" class=\"col small-12 large-12\"  >\n\t\t\t\t<div class=\"col-inner\"  >\n\t\t\t\n\t\t\t\n\n<div class=\"row\"  id=\"row-2051893516\">\n\n\n\t<div id=\"col-1252247128\" class=\"col small-12 large-12\"  >\n\t\t\t\t<div class=\"col-inner\"  >\n\t\t\t\n\t\t\t\n\n\t<div id=\"text-2361345310\" class=\"text\">\n\t\t\n\n<h2>ASTM D3420 et test d'impact Spencer<\/h2>\n\t\t\n<style>\n#text-2361345310 {\n  font-size: 1.3rem;\n  text-align: center;\n}\n<\/style>\n\t<\/div>\n\t\n\n\t\t<\/div>\n\t\t\t\t\t<\/div>\n\n\t\n\n\t<div id=\"col-810015386\" class=\"col small-12 large-12\"  >\n\t\t\t\t<div class=\"col-inner\"  >\n\t\t\t\n\t\t\t\n\n<h3>ASTM D3420 - M\u00e9thode de test pour la r\u00e9sistance \u00e0 l'impact d'un pendule sur un film plastique<\/h3>\n<p><a href=\"https:\/\/www.impacttesting.net\/fr\/astm-d3420\/\">ASTM D3420<\/a> sp\u00e9cifie une m\u00e9thode pour d\u00e9terminer la <strong>la r\u00e9sistance \u00e0 l'impact des films plastiques<\/strong> en mesurant l'\u00e9nergie n\u00e9cessaire \u00e0 la p\u00e9n\u00e9tration d'une \u00e9prouvette par un impacteur pendulaire. L'essai est con\u00e7u pour fournir des informations sur le comportement dynamique en traction d'un mat\u00e9riau dans des conditions de taux de d\u00e9formation \u00e9lev\u00e9, ce qui le rend essentiel pour l'\u00e9valuation des mat\u00e9riaux d'emballage.<\/p>\n<p>Les principaux aspects de l'ASTM D3420 sont les suivants :<\/p>\n<p>Mesure de la perte d'\u00e9nergie due \u00e0 l'impact d'une sonde pendulaire sur l'\u00e9prouvette.<br \/>Deux proc\u00e9dures (A et B) diff\u00e9rant par la taille de l'\u00e9chantillon, avec <strong>Proc\u00e9dure B, souvent appel\u00e9e essai d'impact Spencer<\/strong>.<br \/>Importance dans les applications n\u00e9cessitant une r\u00e9sistance \u00e9lev\u00e9e aux chocs, telles que les films d'emballage alimentaire et pharmaceutique.<\/p>\n<h3>Test d'impact Spencer : Une variante sp\u00e9cialis\u00e9e<\/h3>\n<p>Le <strong>Test d'impact Spencer<\/strong> est une variante de la norme ASTM D3420, typiquement associ\u00e9e \u00e0 la norme <strong>Proc\u00e9dure B<\/strong>qui utilise un <strong>Pince \u00e0 \u00e9chantillons de 89 mm de diam\u00e8tre<\/strong>. Cette m\u00e9thode est largement utilis\u00e9e pour \u00e9valuer les films utilis\u00e9s dans les emballages souples, afin de s'assurer que les mat\u00e9riaux peuvent r\u00e9sister aux contraintes m\u00e9caniques sans se d\u00e9chirer ou se perforer.<\/p>\n\n\t\t<\/div>\n\t\t\t\t\t<\/div>\n\n\t\n\n<\/div>\n\n\t\t<\/div>\n\t\t\t\t\t<\/div>\n\n\t\n\n<\/div>\n<div class=\"row\"  id=\"row-340398146\">\n\n\n\t<div id=\"col-873964664\" class=\"col small-12 large-12\"  >\n\t\t\t\t<div class=\"col-inner\"  >\n\t\t\t\n\t\t\t\n\n<div class=\"row\"  id=\"row-1807910459\">\n\n\n\t<div id=\"col-347503198\" class=\"col small-12 large-12\"  >\n\t\t\t\t<div class=\"col-inner\"  >\n\t\t\t\n\t\t\t\n\n\t<div id=\"text-3146348435\" class=\"text\">\n\t\t\n\n<h2>PIT-01 Testeur d'impact \u00e0 pendule<\/h2>\n\t\t\n<style>\n#text-3146348435 {\n  font-size: 1.3rem;\n  text-align: center;\n}\n<\/style>\n\t<\/div>\n\t\n\n\t\t<\/div>\n\t\t\t\t\t<\/div>\n\n\t\n\n<\/div>\n<div class=\"row\"  id=\"row-787608688\">\n\n\n\t<div id=\"col-370677108\" class=\"col medium-6 small-12 large-6\"  >\n\t\t\t\t<div class=\"col-inner\"  >\n\t\t\t\n\t\t\t\n\n<h3>Caract\u00e9ristiques principales :<\/h3>\n<p>Le testeur d'impact \u00e0 pendule PIT-01 de Cell Instruments offre des caract\u00e9ristiques avanc\u00e9es pour des essais de mat\u00e9riaux de haute pr\u00e9cision :<\/p>\n<ul>\n<li>Contr\u00f4le PLC et \u00e9cran tactile HMI pour une utilisation facile.<\/li>\n<li>Serrage pneumatique des \u00e9chantillons pour assurer un positionnement stable.<\/li>\n<li>D\u00e9clenchement automatique du pendule pour des essais d'impact coh\u00e9rents.<\/li>\n<li>Auto-Statistique des donn\u00e9es et micro-imprimante pour une documentation efficace des r\u00e9sultats.<\/li>\n<li>Mesure pr\u00e9cise de l'angle pour des calculs \u00e9nerg\u00e9tiques exacts.<\/li>\n<li>Port RS232 et logiciel (en option) pour une analyse avanc\u00e9e des donn\u00e9es.<\/li>\n<\/ul>\n\n\t\t<\/div>\n\t\t\t\t\t<\/div>\n\n\t\n\n\t<div id=\"col-2041644030\" class=\"col medium-6 small-12 large-6\"  >\n\t\t\t\t<div class=\"col-inner\"  >\n\t\t\t\n\t\t\t\n\n<h3>Sp\u00e9cifications techniques :<\/h3>\n<table width=\"360\">\n<tbody>\n<tr>\n<td style=\"text-align: center;\" width=\"143\">\u00c9nergie d'impact<\/td>\n<td style=\"text-align: center;\" width=\"217\">1 J, 2 J, 3 J<\/td>\n<\/tr>\n<tr>\n<td style=\"text-align: center;\" width=\"143\">R\u00e9solution<\/td>\n<td style=\"text-align: center;\" width=\"217\">\u00a00.001 J<\/td>\n<\/tr>\n<tr>\n<td style=\"text-align: center;\" width=\"143\">Taille de la t\u00eate d'impact<\/td>\n<td style=\"text-align: center;\" width=\"217\">\u042425.4, \u042419, \u042412.7 mm\u00a0<\/td>\n<\/tr>\n<tr>\n<td style=\"text-align: center;\" width=\"143\">Pince \u00e0 sp\u00e9cimen<\/td>\n<td style=\"text-align: center;\" width=\"217\">Pince pneumatique<\/td>\n<\/tr>\n<tr>\n<td style=\"text-align: center;\" width=\"143\">Diam\u00e8tre de la pince<\/td>\n<td style=\"text-align: center;\" width=\"217\">\u042489 mm, \u042460 mm<\/td>\n<\/tr>\n<tr>\n<td style=\"text-align: center;\" width=\"143\">Approvisionnement en gaz<\/td>\n<td style=\"text-align: center;\" width=\"217\">0,6 MPa \u03a66 mm Tubes PU<\/td>\n<\/tr>\n<tr>\n<td style=\"text-align: center;\" width=\"143\">Taille de l'\u00e9chantillon<\/td>\n<td style=\"text-align: center;\" width=\"217\">100*100 mm ou \u0424100 mm<\/td>\n<\/tr>\n<tr>\n<td style=\"text-align: center;\" width=\"143\">Alimentation \u00e9lectrique\u00a0<\/td>\n<td style=\"text-align: center;\" width=\"217\">AC 110~220V 50Hz<\/td>\n<\/tr>\n<\/tbody>\n<\/table>\n\n\t\t<\/div>\n\t\t\t\t\t<\/div>\n\n\t\n\n<\/div>\n\n\t\t<\/div>\n\t\t\t\t\t<\/div>\n\n\t\n\n<\/div>\n\n\t\t<\/div>\n\n\t\t\n<style>\n#section_538452338 {\n  padding-top: 30px;\n  padding-bottom: 30px;\n}\n<\/style>\n\t<\/section>\n\t\n\t<section class=\"section\" id=\"section_1006119288\">\n\t\t<div class=\"bg section-bg fill bg-fill  bg-loaded\" >\n\n\t\t\t\n\t\t\t\n\t\t\t\n\n\t\t<\/div>\n\n\t\t\n\n\t\t<div class=\"section-content relative\">\n\t\t\t\n\n<div class=\"row\"  id=\"row-771286153\">\n\n\n\t<div id=\"col-968073676\" class=\"col small-12 large-12\"  >\n\t\t\t\t<div class=\"col-inner\"  >\n\t\t\t\n\t\t\t\n\n<div class=\"row align-equal align-center\"  id=\"row-884683088\">\n\n\n\t<div id=\"col-1698753194\" class=\"col small-12 large-12\"  >\n\t\t\t\t<div class=\"col-inner\"  >\n\t\t\t\n\t\t\t\n\n\t<div id=\"text-2096159726\" class=\"text\">\n\t\t\n\n<h2>Pourquoi choisir Impacttesting.net ?<br \/>PIT-01 Testeur d'impact \u00e0 pendule<\/h2>\n\t\t\n<style>\n#text-2096159726 {\n  font-size: 1.4rem;\n  text-align: center;\n}\n<\/style>\n\t<\/div>\n\t\n\n\t\t<\/div>\n\t\t\t\t\t<\/div>\n\n\t\n\n\t<div id=\"col-377601515\" class=\"col medium-6 small-12 large-6\"  >\n\t\t\t\t<div class=\"col-inner text-center\"  >\n\t\t\t\n\t\t\t\n\n\t<div id=\"text-2678453654\" class=\"text\">\n\t\t\n\n<p>En int\u00e9grant <strong>essai d'impact du pendule<\/strong> dans vos processus de contr\u00f4le de la qualit\u00e9, vous pouvez am\u00e9liorer la durabilit\u00e9 de vos produits et leur conformit\u00e9 aux normes industrielles. <strong>Impacttesting.net<\/strong> fournit des solutions de pointe pour r\u00e9pondre \u00e0 vos besoins en mati\u00e8re d'essais de mat\u00e9riaux.<\/p>\n\t\t\n<style>\n#text-2678453654 {\n  font-size: 1.1rem;\n  line-height: 2;\n}\n<\/style>\n\t<\/div>\n\t\n<a href=\"https:\/\/www.impacttesting.net\/fr\/contact-us\/\" class=\"button primary is-outline\"  style=\"border-radius:99px;\">\n    <span>Nous contacter<\/span>\n  <i class=\"icon-chat\" aria-hidden=\"true\" ><\/i><\/a>\n\n\n\n\t\t<\/div>\n\t\t\t\t\t<\/div>\n\n\t\n\n\t<div id=\"col-1519870785\" class=\"col medium-4 small-12 large-4\"  >\n\t\t\t\t<div class=\"col-inner text-center\"  >\n\t\t\t\n\t\t\t\n\n\n<div class=\"wpcf7 no-js\" id=\"wpcf7-f10-o1\" lang=\"en-US\" dir=\"ltr\" data-wpcf7-id=\"10\">\n<div class=\"screen-reader-response\"><p role=\"status\" aria-live=\"polite\" aria-atomic=\"true\"><\/p> <ul><\/ul><\/div>\n<form action=\"\/fr\/wp-json\/wp\/v2\/pages\/48#wpcf7-f10-o1\" method=\"post\" class=\"wpcf7-form init\" aria-label=\"Contact form\" novalidate=\"novalidate\" data-status=\"init\" data-trp-original-action=\"\/fr\/wp-json\/wp\/v2\/pages\/48#wpcf7-f10-o1\">\n<fieldset class=\"hidden-fields-container\"><input type=\"hidden\" name=\"_wpcf7\" value=\"10\" \/><input type=\"hidden\" name=\"_wpcf7_version\" value=\"6.1.4\" \/><input type=\"hidden\" name=\"_wpcf7_locale\" value=\"en_US\" \/><input type=\"hidden\" name=\"_wpcf7_unit_tag\" value=\"wpcf7-f10-o1\" \/><input type=\"hidden\" name=\"_wpcf7_container_post\" value=\"0\" \/><input type=\"hidden\" name=\"_wpcf7_posted_data_hash\" value=\"\" \/><input type=\"hidden\" name=\"_wpcf7_recaptcha_response\" value=\"\" \/>\n<\/fieldset>\n<p><span class=\"wpcf7-form-control-wrap\" data-name=\"Name\"><input size=\"40\" maxlength=\"400\" class=\"wpcf7-form-control wpcf7-text\" aria-invalid=\"false\" placeholder=\"Votre nom\" value=\"\" type=\"text\" name=\"Name\" \/><\/span><br \/>\n<span class=\"wpcf7-form-control-wrap\" data-name=\"Comapany\"><input size=\"40\" maxlength=\"400\" class=\"wpcf7-form-control wpcf7-text\" aria-invalid=\"false\" placeholder=\"Votre entreprise\" value=\"\" type=\"text\" name=\"Comapany\" \/><\/span><br \/>\n<span class=\"wpcf7-form-control-wrap\" data-name=\"Email\"><input size=\"40\" maxlength=\"400\" class=\"wpcf7-form-control wpcf7-email wpcf7-validates-as-required wpcf7-text wpcf7-validates-as-email\" aria-required=\"true\" aria-invalid=\"false\" placeholder=\"Votre courriel*\" value=\"\" type=\"email\" name=\"Email\" \/><\/span><br \/>\n<span class=\"wpcf7-form-control-wrap\" data-name=\"Message\"><textarea cols=\"40\" rows=\"10\" maxlength=\"2000\" class=\"wpcf7-form-control wpcf7-textarea\" aria-invalid=\"false\" placeholder=\"Message\" name=\"Message\"><\/textarea><\/span>\n<\/p>\n<p><input class=\"wpcf7-form-control wpcf7-submit has-spinner\" type=\"submit\" value=\"Soumettre\" \/>\n<\/p><div class=\"wpcf7-response-output\" aria-hidden=\"true\"><\/div>\n<input type=\"hidden\" name=\"trp-form-language\" value=\"fr\"\/><\/form>\n<\/div>\n\n\n\n\t\t<\/div>\n\t\t\t\t\t<\/div>\n\n\t\n\n<\/div>\n\n\t\t<\/div>\n\t\t\t\t\t<\/div>\n\n\t\n\n<\/div>\n\n\t\t<\/div>\n\n\t\t\n<style>\n#section_1006119288 {\n  padding-top: 30px;\n  padding-bottom: 30px;\n  background-color: rgb(232, 234, 241);\n}\n<\/style>\n\t<\/section>","protected":false},"excerpt":{"rendered":"","protected":false},"author":1,"featured_media":0,"parent":0,"menu_order":0,"comment_status":"closed","ping_status":"closed","template":"page-blank.php","meta":{"footnotes":""},"class_list":["post-48","page","type-page","status-publish","hentry"],"_links":{"self":[{"href":"https:\/\/www.impacttesting.net\/fr\/wp-json\/wp\/v2\/pages\/48","targetHints":{"allow":["GET"]}}],"collection":[{"href":"https:\/\/www.impacttesting.net\/fr\/wp-json\/wp\/v2\/pages"}],"about":[{"href":"https:\/\/www.impacttesting.net\/fr\/wp-json\/wp\/v2\/types\/page"}],"author":[{"embeddable":true,"href":"https:\/\/www.impacttesting.net\/fr\/wp-json\/wp\/v2\/users\/1"}],"replies":[{"embeddable":true,"href":"https:\/\/www.impacttesting.net\/fr\/wp-json\/wp\/v2\/comments?post=48"}],"version-history":[{"count":5,"href":"https:\/\/www.impacttesting.net\/fr\/wp-json\/wp\/v2\/pages\/48\/revisions"}],"predecessor-version":[{"id":72,"href":"https:\/\/www.impacttesting.net\/fr\/wp-json\/wp\/v2\/pages\/48\/revisions\/72"}],"wp:attachment":[{"href":"https:\/\/www.impacttesting.net\/fr\/wp-json\/wp\/v2\/media?parent=48"}],"curies":[{"name":"wp","href":"https:\/\/api.w.org\/{rel}","templated":true}]}}