{"id":85,"date":"2025-12-24T07:51:49","date_gmt":"2025-12-24T07:51:49","guid":{"rendered":"https:\/\/www.impacttesting.net\/?page_id=85"},"modified":"2025-12-24T07:51:49","modified_gmt":"2025-12-24T07:51:49","slug":"iso-7765-1","status":"publish","type":"page","link":"https:\/\/www.impacttesting.net\/fi\/iso-7765-1\/","title":{"rendered":"ISO 7765-1"},"content":{"rendered":"<section class=\"section\" id=\"section_1577015287\">\n\t\t<div class=\"bg section-bg fill bg-fill  bg-loaded\" >\n\n\t\t\t\n\t\t\t\n\t\t\t\n\n\t\t<\/div>\n\n\t\t\n\n\t\t<div class=\"section-content relative\">\n\t\t\t\n\n<div class=\"row\"  id=\"row-1459956935\">\n\n\n\t<div id=\"col-989648706\" class=\"col small-12 large-12\"  >\n\t\t\t\t<div class=\"col-inner\" style=\"background-color:rgb(92, 171, 188);\" >\n\t\t\t\n\t\t\t\n\n<div class=\"row\"  id=\"row-1467058221\">\n\n\n\t<div id=\"col-176719263\" class=\"col small-12 large-12\"  >\n\t\t\t\t<div class=\"col-inner\"  >\n\t\t\t\n\t\t\t\n\n\t<div id=\"text-4276897728\" class=\"text\">\n\t\t\n\n<h1>ISO 7765-1<\/h1>\n\t\t\n<style>\n#text-4276897728 {\n  font-size: 1.5rem;\n  text-align: center;\n}\n<\/style>\n\t<\/div>\n\t\n\t<div id=\"text-1427299542\" class=\"text\">\n\t\t\n\n<h2>Vapaasti putoavan tikan menetelm\u00e4<\/h2>\n\t\t\n<style>\n#text-1427299542 {\n  text-align: center;\n}\n<\/style>\n\t<\/div>\n\t\n\n\t\t<\/div>\n\t\t\t\t\n<style>\n#col-176719263 > .col-inner {\n  padding: 50px 10px 10px 10px;\n}\n<\/style>\n\t<\/div>\n\n\t\n\n<\/div>\n<div class=\"row align-middle align-center\"  id=\"row-1239628898\">\n\n\n\t<div id=\"col-1972479436\" class=\"col medium-11 small-12 large-11\"  >\n\t\t\t\t<div class=\"col-inner\"  >\n\t\t\t\n\t\t\t\n\n<div class=\"row align-center\"  id=\"row-70620007\">\n\n\n\t<div id=\"col-1464318696\" class=\"col medium-7 small-12 large-7\"  >\n\t\t\t\t<div class=\"col-inner\"  >\n\t\t\t\n\t\t\t\n\n<div class=\"row\"  id=\"row-1214365069\">\n\n\n\t<div id=\"col-240794362\" class=\"col small-12 large-12\"  >\n\t\t\t\t<div class=\"col-inner text-center\"  >\n\t\t\t\n\t\t\t\n\n\t<div id=\"text-1744129722\" class=\"text\">\n\t\t\n\n<p>Hyv\u00e4ksyminen <a href=\"https:\/\/www.impacttesting.net\/fi\/iso-7765-1\/\"><strong>ISO 7765-1<\/strong><\/a> ja k\u00e4ytt\u00e4m\u00e4ll\u00e4 <strong>vapaasti putoavan tikan menetelm\u00e4<\/strong> antaa materiaali- ja pakkausalan ammattilaisille mahdollisuuden arvioida tarkasti <strong>tikan iskunkest\u00e4vyys<\/strong>ja varmistaa, ett\u00e4 kalvot t\u00e4ytt\u00e4v\u00e4t kest\u00e4vyys- ja turvallisuusvaatimukset. <strong>ISO 7765-1<\/strong> on ihanteellinen muovikalvoille ja -levyille, joita k\u00e4ytet\u00e4\u00e4n pakkauksissa, maataloudessa, l\u00e4\u00e4ketieteellisiss\u00e4 ja teollisissa sovelluksissa.<\/p>\n\t\t\n<style>\n#text-1744129722 {\n  color: rgb(0, 0, 0);\n}\n#text-1744129722 > * {\n  color: rgb(0, 0, 0);\n}\n<\/style>\n\t<\/div>\n\t\n\n\t\t<\/div>\n\t\t\t\t\t<\/div>\n\n\t\n\n\t<div id=\"col-1872155719\" class=\"col small-12 large-12\"  >\n\t\t\t\t<div class=\"col-inner text-center\"  >\n\t\t\t\n\t\t\t\n\n<a href=\"https:\/\/www.impacttesting.net\/fi\/contact-us\/\" class=\"button primary is-outline\"  style=\"border-radius:99px;\">\n    <span>Ota yhteytt\u00e4<\/span>\n  <i class=\"icon-chat\" aria-hidden=\"true\" ><\/i><\/a>\n\n\n\n\t\t<\/div>\n\t\t\t\t\t<\/div>\n\n\t\n\n<\/div>\n\n\t\t<\/div>\n\t\t\t\t\t<\/div>\n\n\t\n\n\t<div id=\"col-404518914\" class=\"col medium-4 small-12 large-4\"  >\n\t\t\t\t<div class=\"col-inner\"  >\n\t\t\t\n\t\t\t\n\n<div class=\"row\"  id=\"row-235446529\">\n\n\n\t<div id=\"col-944067546\" class=\"col small-12 large-12\"  >\n\t\t\t\t<div class=\"col-inner\"  >\n\t\t\t\n\t\t\t\n\n\t<div class=\"img has-hover x md-x lg-x y md-y lg-y\" id=\"image_1234758487\">\n\t\t\t\t\t\t\t\t<div class=\"img-inner dark\" >\n\t\t\t<img decoding=\"async\" width=\"600\" height=\"440\" src=\"https:\/\/www.impacttesting.net\/wp-content\/uploads\/2025\/12\/ISO-7765-1-Free-Falling-Dart-Method.webp\" class=\"attachment-large size-large\" alt=\"ISO 7765-1 Vapaasti putoavan tikan menetelm\u00e4\" srcset=\"https:\/\/www.impacttesting.net\/wp-content\/uploads\/2025\/12\/ISO-7765-1-Free-Falling-Dart-Method.webp 600w, https:\/\/www.impacttesting.net\/wp-content\/uploads\/2025\/12\/ISO-7765-1-Free-Falling-Dart-Method-545x400.webp 545w\" sizes=\"(max-width: 600px) 100vw, 600px\" \/>\t\t\t\t\t\t\n\t\t\t\t\t<\/div>\n\t\t\t\t\t\t\t\t\n<style>\n#image_1234758487 {\n  width: 100%;\n}\n<\/style>\n\t<\/div>\n\t\n\n\n\t\t<\/div>\n\t\t\t\t\t<\/div>\n\n\t\n\n<\/div>\n\n\t\t<\/div>\n\t\t\t\t\t<\/div>\n\n\t\n\n<\/div>\n\n\t\t<\/div>\n\t\t\t\t\t<\/div>\n\n\t\n\n<\/div>\n\n\t\t<\/div>\n\t\t\t\t\t<\/div>\n\n\t\n\n\n<style>\n#row-1459956935 > .col > .col-inner {\n  border-radius: 25px;\n}\n<\/style>\n<\/div>\n\n\t\t<\/div>\n\n\t\t\n<style>\n#section_1577015287 {\n  padding-top: 30px;\n  padding-bottom: 30px;\n}\n<\/style>\n\t<\/section>\n\t\n\t<section class=\"section\" id=\"section_1267723360\">\n\t\t<div class=\"bg section-bg fill bg-fill  bg-loaded\" >\n\n\t\t\t\n\t\t\t\n\t\t\t\n\n\t\t<\/div>\n\n\t\t\n\n\t\t<div class=\"section-content relative\">\n\t\t\t\n\n<div class=\"row\"  id=\"row-412918620\">\n\n\n\t<div id=\"col-1535502605\" class=\"col small-12 large-12\"  >\n\t\t\t\t<div class=\"col-inner\"  >\n\t\t\t\n\t\t\t\n\n<div class=\"row\"  id=\"row-1768969308\">\n\n\n\t<div id=\"col-1693945559\" class=\"col small-12 large-12\"  >\n\t\t\t\t<div class=\"col-inner\"  >\n\t\t\t\n\t\t\t\n\n\t<div id=\"text-2060545398\" class=\"text\">\n\t\t\n\n<h2>ISO 7765-1 ja sen merkitys<\/h2>\n\t\t\n<style>\n#text-2060545398 {\n  font-size: 1.3rem;\n  text-align: center;\n}\n<\/style>\n\t<\/div>\n\t\n\n\t\t<\/div>\n\t\t\t\t\t<\/div>\n\n\t\n\n\t<div id=\"col-651657003\" class=\"col small-12 large-12\"  >\n\t\t\t\t<div class=\"col-inner\"  >\n\t\t\t\n\t\t\t\n\n<p>Ymm\u00e4rt\u00e4minen ja t\u00e4yt\u00e4nt\u00f6\u00f6npano <strong>ISO 7765-1<\/strong> on ratkaisevan t\u00e4rke\u00e4\u00e4 muovikalvojen ja joustavien materiaalien parissa ty\u00f6skenteleville ammattilaisille. T\u00e4ss\u00e4 kansainv\u00e4lisess\u00e4 standardissa kuvataan menettely, jolla m\u00e4\u00e4ritet\u00e4\u00e4n <strong>tikan iskunkest\u00e4vyys<\/strong> muovikalvosta k\u00e4ytt\u00e4en <strong>vapaasti putoavan tikan menetelm\u00e4<\/strong>, olennainen laadunvalvontatesti. Menetelm\u00e4n tarkka soveltaminen auttaa valmistajia arvioimaan, kuinka hyvin materiaalit kest\u00e4v\u00e4t iskukuormitusta - t\u00e4m\u00e4 on kest\u00e4vyyden ja suorituskyvyn indikaattori todellisissa sovelluksissa. ISO 7765-1 -standardin noudattaminen varmistaa pakkaus-, l\u00e4\u00e4ke-, elektroniikka- ja elintarviketeollisuudessa luotettavuuden, johdonmukaisuuden ja maailmanlaajuisten standardien noudattamisen.<\/p>\n\n\t\t<\/div>\n\t\t\t\t\t<\/div>\n\n\t\n\n<\/div>\n\n\t\t<\/div>\n\t\t\t\t\t<\/div>\n\n\t\n\n<\/div>\n<div class=\"row\"  id=\"row-759255784\">\n\n\n\t<div id=\"col-347826619\" class=\"col small-12 large-12\"  >\n\t\t\t\t<div class=\"col-inner\"  >\n\t\t\t\n\t\t\t\n\n<div class=\"row\"  id=\"row-1789291428\">\n\n\n\t<div id=\"col-746834020\" class=\"col small-12 large-12\"  >\n\t\t\t\t<div class=\"col-inner\"  >\n\t\t\t\n\t\t\t\n\n<div class=\"row\"  id=\"row-831646601\">\n\n\n\t<div id=\"col-1186684070\" class=\"col small-12 large-12\"  >\n\t\t\t\t<div class=\"col-inner\"  >\n\t\t\t\n\t\t\t\n\n\t<div id=\"text-579505816\" class=\"text\">\n\t\t\n\n<h2>Vapaasti putoavan tikan menetelm\u00e4n ymm\u00e4rt\u00e4minen<\/h2>\n\t\t\n<style>\n#text-579505816 {\n  font-size: 1.3rem;\n  text-align: center;\n}\n<\/style>\n\t<\/div>\n\t\n\n\t\t<\/div>\n\t\t\t\t\t<\/div>\n\n\t\n\n<\/div>\n<div class=\"row align-middle\"  id=\"row-1315230349\">\n\n\n\t<div id=\"col-482307448\" class=\"col medium-7 small-12 large-7\"  >\n\t\t\t\t<div class=\"col-inner\"  >\n\t\t\t\n\t\t\t\n\n<div><strong>ISO 7765-1<\/strong> m\u00e4\u00e4ritell\u00e4\u00e4n testimenetelm\u00e4, jolla m\u00e4\u00e4ritet\u00e4\u00e4n energia, joka tarvitaan muovikalvojen rikkoutumiseen vapaasti putoavan tikan iskusta. Testiss\u00e4 m\u00e4\u00e4ritet\u00e4\u00e4n <strong>iskuvika massa<\/strong>, joka on m\u00e4\u00e4ritelty tikan massaksi, joka aiheuttaa 50% testikappaleiden pett\u00e4misen standardoiduissa olosuhteissa.<\/div>\n<div>Menettelyj\u00e4 on kaksi:<\/div>\n<ul>\n<li><strong>Menetelm\u00e4 A<\/strong> k\u00e4ytt\u00e4\u00e4 <strong>38 mm<\/strong> halkaisijaltaan nuolta, joka pudotetaan <strong>0,66 metri\u00e4<\/strong>.<\/li>\n<li><strong>Menetelm\u00e4 B<\/strong> k\u00e4ytt\u00e4\u00e4 <strong>50 mm<\/strong> halkaisijaltaan nuolta, joka pudotetaan <strong>1,5 metri\u00e4<\/strong>.<\/li>\n<\/ul>\n<p>Kukin menetelm\u00e4 soveltuu eri materiaalityypeille ja -paksuuksille, eiv\u00e4tk\u00e4 saadut tulokset ole kesken\u00e4\u00e4n vaihdettavissa.<\/p>\n\n\t\t<\/div>\n\t\t\t\t\t<\/div>\n\n\t\n\n\t<div id=\"col-836363532\" class=\"col medium-5 small-12 large-5\"  >\n\t\t\t\t<div class=\"col-inner\"  >\n\t\t\t\n\t\t\t\n\n\t<div class=\"img has-hover x md-x lg-x y md-y lg-y\" id=\"image_1952986138\">\n\t\t<a class=\"\" href=\"https:\/\/www.impacttesting.net\/fi\/falling-dart-impact-tester\/\" >\t\t\t\t\t\t<div class=\"img-inner dark\" >\n\t\t\t<img decoding=\"async\" width=\"600\" height=\"440\" src=\"https:\/\/www.impacttesting.net\/wp-content\/uploads\/2025\/12\/ISO-7765-1-Free-Falling-Dart-Method.webp\" class=\"attachment-large size-large\" alt=\"ISO 7765-1 Vapaasti putoavan tikan menetelm\u00e4\" srcset=\"https:\/\/www.impacttesting.net\/wp-content\/uploads\/2025\/12\/ISO-7765-1-Free-Falling-Dart-Method.webp 600w, https:\/\/www.impacttesting.net\/wp-content\/uploads\/2025\/12\/ISO-7765-1-Free-Falling-Dart-Method-545x400.webp 545w\" sizes=\"(max-width: 600px) 100vw, 600px\" \/>\t\t\t\t\t\t\n\t\t\t\t\t<\/div>\n\t\t\t\t\t\t<\/a>\t\t\n<style>\n#image_1952986138 {\n  width: 100%;\n}\n<\/style>\n\t<\/div>\n\t\n\n\n\t\t<\/div>\n\t\t\t\t\t<\/div>\n\n\t\n\n<\/div>\n\n\t\t<\/div>\n\t\t\t\t\t<\/div>\n\n\t\n\n<\/div>\n\n\t\t<\/div>\n\t\t\t\t\t<\/div>\n\n\t\n\n<\/div>\n<div class=\"row\"  id=\"row-1190814304\">\n\n\n\t<div id=\"col-1611090717\" class=\"col small-12 large-12\"  >\n\t\t\t\t<div class=\"col-inner\"  >\n\t\t\t\n\t\t\t\n\n<div class=\"row\"  id=\"row-1309522246\">\n\n\n\t<div id=\"col-495087423\" class=\"col small-12 large-12\"  >\n\t\t\t\t<div class=\"col-inner\"  >\n\t\t\t\n\t\t\t\n\n\t<div id=\"text-2788739563\" class=\"text\">\n\t\t\n\n<h2>Vapaasti putoavan tikan menetelm\u00e4: Dart Drop -menetelm\u00e4: Merkitys ja menettely<\/h2>\n\t\t\n<style>\n#text-2788739563 {\n  font-size: 1.3rem;\n  text-align: center;\n}\n<\/style>\n\t<\/div>\n\t\n\n\t\t<\/div>\n\t\t\t\t\t<\/div>\n\n\t\n\n<\/div>\n<div class=\"row\"  id=\"row-1046702745\">\n\n\n\t<div id=\"col-345193511\" class=\"col medium-6 small-12 large-6\"  >\n\t\t\t\t<div class=\"col-inner\"  >\n\t\t\t\n\t\t\t\n\n<h3>Testin valmistelu<\/h3>\n<p>Ennen testin suorittamista:<\/p>\n<ul>\n<li><strong>Kunnon\u00e4ytteet<\/strong> 23 \u00b0C \u00b1 2 \u00b0C:ssa ja 50% \u00b1 5% RH:ssa v\u00e4hint\u00e4\u00e4n 40 tunnin ajan.<\/li>\n<li>Valitse n\u00e4ytteet, joilla on <strong>tasainen paksuus<\/strong> (\u00b110% nimellisarvosta).<\/li>\n<li>K\u00e4yt\u00e4 <strong>30 tai enemm\u00e4n n\u00e4ytteit\u00e4<\/strong> tilastollisen relevanssin varmistamiseksi.<\/li>\n<\/ul>\n\n\t\t<\/div>\n\t\t\t\t\t<\/div>\n\n\t\n\n\t<div id=\"col-1945332323\" class=\"col medium-6 small-12 large-6\"  >\n\t\t\t\t<div class=\"col-inner\"  >\n\t\t\t\n\t\t\t\n\n<h3>Laitteita koskevat vaatimukset<\/h3>\n<div>Vakiotestiasennukseen kuuluu:<\/div>\n<ul>\n<li>A <strong>tikka, jossa on puolipallon muotoinen p\u00e4\u00e4<\/strong> ja irrotettavat lis\u00e4painot.<\/li>\n<li>An <strong>s\u00e4hk\u00f6magneetti tai mekaaninen<\/strong> vapautusmekanismi valvottua pudotusta varten.<\/li>\n<li>A <strong>kaksiosainen kiinnitysj\u00e4rjestelm\u00e4<\/strong> pit\u00e4m\u00e4\u00e4n n\u00e4ytett\u00e4 tukevasti.<\/li>\n<li>A <strong>mikrometri<\/strong> tarkkaa paksuuden mittausta varten.<\/li>\n<li><strong>Turvasuojaus<\/strong> k\u00e4ytt\u00e4jien ja laitteen suojelemiseksi.<\/li>\n<\/ul>\n\n\t\t<\/div>\n\t\t\t\t\t<\/div>\n\n\t\n\n<\/div>\n<div class=\"row align-middle\"  id=\"row-973189833\">\n\n\n\t<div id=\"col-723202291\" class=\"col small-12 large-12\"  >\n\t\t\t\t<div class=\"col-inner\"  >\n\t\t\t\n\t\t\t\n\n\t<div id=\"text-3278878854\" class=\"text\">\n\t\t\n\n<h3>Tikan iskunkest\u00e4vyystestin suorittaminen<\/h3>\n\t\t\n<style>\n#text-3278878854 {\n  text-align: center;\n}\n<\/style>\n\t<\/div>\n\t\n\n\t\t<\/div>\n\t\t\t\t\t<\/div>\n\n\t\n\n\t<div id=\"col-737391955\" class=\"col medium-6 small-12 large-6\"  >\n\t\t\t\t<div class=\"col-inner\"  >\n\t\t\t\n\t\t\t\n\n<h4>1. Valitse testimenetelm\u00e4 (A tai B):<\/h4>\n<ul>\n<li><strong>Menetelm\u00e4 A<\/strong>: 38 mm:n tikka, pudotuskorkeus 0,66 m.<\/li>\n<li><strong>Menetelm\u00e4 B<\/strong>: 50 mm tikka, 1,5 m pudotuskorkeus.<\/li>\n<\/ul>\n<h4>2. N\u00e4ytteen valmistelu ja kiinnitt\u00e4minen:<\/h4>\n<p>Varmista, ett\u00e4 kalvo on tasainen ilman ryppyj\u00e4. K\u00e4yt\u00e4 tarvittaessa liukastumista est\u00e4vi\u00e4 keinoja, kuten krookuskangasta tai hiomapaperia.<\/p>\n<h4>3. Aseta tikka- ja inkrementaalipainot:<\/h4>\n<p>Aloita tunnetulla massalla ja lis\u00e4\u00e4 tai v\u00e4henn\u00e4 sit\u00e4 vikaantumistulosten perusteella, kunnes 50%:n vikaantumisaste on m\u00e4\u00e4ritetty.<\/p>\n\n\t\t<\/div>\n\t\t\t\t\t<\/div>\n\n\t\n\n\t<div id=\"col-397532980\" class=\"col medium-6 small-12 large-6\"  >\n\t\t\t\t<div class=\"col-inner\"  >\n\t\t\t\n\t\t\t\n\n<div class=\"video video-fit mb\" style=\"padding-top:56.25%;\"><iframe title=\"putoavan tikan iskutestauslaite muovikalvoille ja -levyille Menetelm\u00e4 A ja menetelm\u00e4 B ASTM D1709 ISO 7765-1\" width=\"1020\" height=\"574\" src=\"https:\/\/www.youtube.com\/embed\/a3_9M0x3w7U?feature=oembed\" frameborder=\"0\" allow=\"accelerometer; autoplay; clipboard-write; encrypted-media; gyroscope; picture-in-picture; web-share\" referrerpolicy=\"strict-origin-when-cross-origin\" allowfullscreen><\/iframe><\/div>\n\n\n\t\t<\/div>\n\t\t\t\t\t<\/div>\n\n\t\n\n\t<div id=\"col-840001015\" class=\"col small-12 large-12\"  >\n\t\t\t\t<div class=\"col-inner\"  >\n\t\t\t\n\t\t\t\n\n<h4>4. Vapauta tikka:<\/h4>\n<p>Pudota tikka s\u00e4hk\u00f6magneetilla tai ilmalaukaisimella pystysuoraan n\u00e4ytteen keskelle.<\/p>\n<h4>5. Kirjaa tulos:<\/h4>\n<p>Merkitse, pett\u00e4\u00e4k\u00f6 n\u00e4yte (l\u00e4vistyyk\u00f6 tai repeytyyk\u00f6 se) vai selvi\u00e4\u00e4k\u00f6 se hengiss\u00e4. Jatka, kunnes voit laskea tilastollisesti iskuvian massan.<\/p>\n<h4>6. Analysoi tulokset:<\/h4>\n<p>Arvioi tulokset ottaen huomioon n\u00e4ytteen paksuus, materiaalin koostumus ja vikaantumisaste. ISO 7765-1 -standardin mukaiset tulokset voivat olla hy\u00f6dyllisi\u00e4 materiaalien vertailussa, mutta niit\u00e4 ei pit\u00e4isi normalisoida eri paksuuksien v\u00e4lill\u00e4.<\/p>\n\n\t\t<\/div>\n\t\t\t\t\t<\/div>\n\n\t\n\n<\/div>\n\n\t\t<\/div>\n\t\t\t\t\t<\/div>\n\n\t\n\n<\/div>\n\n\t\t<\/div>\n\n\t\t\n<style>\n#section_1267723360 {\n  padding-top: 30px;\n  padding-bottom: 30px;\n}\n<\/style>\n\t<\/section>\n\t\n\t<section class=\"section\" id=\"section_90773375\">\n\t\t<div class=\"bg section-bg fill bg-fill  bg-loaded\" >\n\n\t\t\t\n\t\t\t\n\t\t\t\n\n\t\t<\/div>\n\n\t\t\n\n\t\t<div class=\"section-content relative\">\n\t\t\t\n\n<div class=\"row\"  id=\"row-340206874\">\n\n\n\t<div id=\"col-1670089437\" class=\"col small-12 large-12\"  >\n\t\t\t\t<div class=\"col-inner\"  >\n\t\t\t\n\t\t\t\n\n<div class=\"row align-center\"  id=\"row-1212375322\">\n\n\n\t<div id=\"col-1542253456\" class=\"col small-12 large-12\"  >\n\t\t\t\t<div class=\"col-inner\"  >\n\t\t\t\n\t\t\t\n\n\t<div id=\"text-1420446073\" class=\"text\">\n\t\t\n\n<h2>Miksi valita Impacttesting.netin<br \/>FDT-01 Nuolen pudotustesteri<\/h2>\n\t\t\n<style>\n#text-1420446073 {\n  font-size: 1.4rem;\n  text-align: center;\n}\n<\/style>\n\t<\/div>\n\t\n\n\t\t<\/div>\n\t\t\t\t\t<\/div>\n\n\t\n\n\t<div id=\"col-906694153\" class=\"col small-12 large-12\"  >\n\t\t\t\t<div class=\"col-inner\"  >\n\t\t\t\n\t\t\t\n\n<p>Tarkkuuden, toistettavuuden ja seuraavien vaatimusten noudattamisen varmistamiseksi <strong>ISO 7765-1<\/strong>, suosittelemme <strong>FDT-01 <a href=\"https:\/\/www.impacttesting.net\/fi\/falling-dart-impact-tester\/\">Tikka iskutesteri <\/a><\/strong>by <strong>Impacttesting.net<\/strong>.<\/p>\n\n\t\t<\/div>\n\t\t\t\t\t<\/div>\n\n\t\n\n\t<div id=\"col-1357487210\" class=\"col medium-7 small-12 large-7\"  >\n\t\t\t\t<div class=\"col-inner text-center\"  >\n\t\t\t\n\t\t\t\n\n\t<div id=\"text-2074159562\" class=\"text\">\n\t\t\n\n<p class=\"\" data-start=\"4386\" data-end=\"4422\">Tarkka tikan pudotuskorkeuden s\u00e4\u00e4t\u00f6.<br \/>Helppo n\u00e4ytteen kiinnitys pneumaattisilla kiinnittimill\u00e4.<br \/>Reaaliaikainen vaikutustietojen keruu ja analysointi.<br \/>Sek\u00e4 menetelm\u00e4n A ett\u00e4 menetelm\u00e4n B noudattaminen.<\/p>\n\t\t\n<style>\n#text-2074159562 {\n  font-size: 1.1rem;\n  line-height: 1.3;\n}\n<\/style>\n\t<\/div>\n\t\n\t<div id=\"text-1957872055\" class=\"text\">\n\t\t\n\n<p class=\"\" data-start=\"4676\" data-end=\"4874\">Sen kehittyneet turvaominaisuudet ja digitaaliset ohjaukset minimoivat inhimilliset virheet ja varmistavat luotettavat, toistettavat tulokset, mik\u00e4 tekee siit\u00e4 suositun pakkauskalvojen tuottajille, muuntajille ja laadunvalvontalaboratorioille.<\/p>\n\t\t\n<style>\n#text-1957872055 {\n  font-size: 1.1rem;\n}\n<\/style>\n\t<\/div>\n\t\n<a href=\"https:\/\/www.impacttesting.net\/fi\/contact-us\/\" class=\"button primary is-outline\"  style=\"border-radius:99px;\">\n    <span>Ota yhteytt\u00e4<\/span>\n  <i class=\"icon-chat\" aria-hidden=\"true\" ><\/i><\/a>\n\n\n\n\t\t<\/div>\n\t\t\t\t\t<\/div>\n\n\t\n\n\t<div id=\"col-1112408969\" class=\"col medium-4 small-12 large-4\"  >\n\t\t\t\t<div class=\"col-inner text-center\"  >\n\t\t\t\n\t\t\t\n\n\n<div class=\"wpcf7 no-js\" id=\"wpcf7-f10-o1\" lang=\"en-US\" dir=\"ltr\" data-wpcf7-id=\"10\">\n<div class=\"screen-reader-response\"><p role=\"status\" aria-live=\"polite\" aria-atomic=\"true\"><\/p> <ul><\/ul><\/div>\n<form action=\"\/fi\/wp-json\/wp\/v2\/pages\/85#wpcf7-f10-o1\" method=\"post\" class=\"wpcf7-form init\" aria-label=\"Contact form\" novalidate=\"novalidate\" data-status=\"init\" data-trp-original-action=\"\/fi\/wp-json\/wp\/v2\/pages\/85#wpcf7-f10-o1\">\n<fieldset class=\"hidden-fields-container\"><input type=\"hidden\" name=\"_wpcf7\" value=\"10\" \/><input type=\"hidden\" name=\"_wpcf7_version\" value=\"6.1.4\" \/><input type=\"hidden\" name=\"_wpcf7_locale\" value=\"en_US\" \/><input type=\"hidden\" name=\"_wpcf7_unit_tag\" value=\"wpcf7-f10-o1\" \/><input type=\"hidden\" name=\"_wpcf7_container_post\" value=\"0\" \/><input type=\"hidden\" name=\"_wpcf7_posted_data_hash\" value=\"\" \/><input type=\"hidden\" name=\"_wpcf7_recaptcha_response\" value=\"\" \/>\n<\/fieldset>\n<p><span class=\"wpcf7-form-control-wrap\" data-name=\"Name\"><input size=\"40\" maxlength=\"400\" class=\"wpcf7-form-control wpcf7-text\" aria-invalid=\"false\" placeholder=\"Nimesi\" value=\"\" type=\"text\" name=\"Name\" \/><\/span><br \/>\n<span class=\"wpcf7-form-control-wrap\" data-name=\"Comapany\"><input size=\"40\" maxlength=\"400\" class=\"wpcf7-form-control wpcf7-text\" aria-invalid=\"false\" placeholder=\"Yrityksenne\" value=\"\" type=\"text\" name=\"Comapany\" \/><\/span><br \/>\n<span class=\"wpcf7-form-control-wrap\" data-name=\"Email\"><input size=\"40\" maxlength=\"400\" class=\"wpcf7-form-control wpcf7-email wpcf7-validates-as-required wpcf7-text wpcf7-validates-as-email\" aria-required=\"true\" aria-invalid=\"false\" placeholder=\"S\u00e4hk\u00f6postiosoitteesi*\" value=\"\" type=\"email\" name=\"Email\" \/><\/span><br \/>\n<span class=\"wpcf7-form-control-wrap\" data-name=\"Message\"><textarea cols=\"40\" rows=\"10\" maxlength=\"2000\" class=\"wpcf7-form-control wpcf7-textarea\" aria-invalid=\"false\" placeholder=\"Viesti\" name=\"Message\"><\/textarea><\/span>\n<\/p>\n<p><input class=\"wpcf7-form-control wpcf7-submit has-spinner\" type=\"submit\" value=\"L\u00e4het\u00e4\" \/>\n<\/p><div class=\"wpcf7-response-output\" aria-hidden=\"true\"><\/div>\n<input type=\"hidden\" name=\"trp-form-language\" value=\"fi\"\/><\/form>\n<\/div>\n\n\n\n\t\t<\/div>\n\t\t\t\t\t<\/div>\n\n\t\n\n<\/div>\n\n\t\t<\/div>\n\t\t\t\t\t<\/div>\n\n\t\n\n<\/div>\n\n\t\t<\/div>\n\n\t\t\n<style>\n#section_90773375 {\n  padding-top: 30px;\n  padding-bottom: 30px;\n  background-color: rgb(232, 234, 241);\n}\n<\/style>\n\t<\/section>","protected":false},"excerpt":{"rendered":"","protected":false},"author":1,"featured_media":0,"parent":0,"menu_order":0,"comment_status":"closed","ping_status":"closed","template":"page-blank.php","meta":{"footnotes":""},"class_list":["post-85","page","type-page","status-publish","hentry"],"_links":{"self":[{"href":"https:\/\/www.impacttesting.net\/fi\/wp-json\/wp\/v2\/pages\/85","targetHints":{"allow":["GET"]}}],"collection":[{"href":"https:\/\/www.impacttesting.net\/fi\/wp-json\/wp\/v2\/pages"}],"about":[{"href":"https:\/\/www.impacttesting.net\/fi\/wp-json\/wp\/v2\/types\/page"}],"author":[{"embeddable":true,"href":"https:\/\/www.impacttesting.net\/fi\/wp-json\/wp\/v2\/users\/1"}],"replies":[{"embeddable":true,"href":"https:\/\/www.impacttesting.net\/fi\/wp-json\/wp\/v2\/comments?post=85"}],"version-history":[{"count":2,"href":"https:\/\/www.impacttesting.net\/fi\/wp-json\/wp\/v2\/pages\/85\/revisions"}],"predecessor-version":[{"id":87,"href":"https:\/\/www.impacttesting.net\/fi\/wp-json\/wp\/v2\/pages\/85\/revisions\/87"}],"wp:attachment":[{"href":"https:\/\/www.impacttesting.net\/fi\/wp-json\/wp\/v2\/media?parent=85"}],"curies":[{"name":"wp","href":"https:\/\/api.w.org\/{rel}","templated":true}]}}