{"id":74,"date":"2025-12-24T06:33:06","date_gmt":"2025-12-24T06:33:06","guid":{"rendered":"https:\/\/www.impacttesting.net\/?page_id=74"},"modified":"2025-12-24T06:33:06","modified_gmt":"2025-12-24T06:33:06","slug":"ball-drop-tester","status":"publish","type":"page","link":"https:\/\/www.impacttesting.net\/fi\/ball-drop-tester\/","title":{"rendered":"FBT-01 Pallon pudotustesteri"},"content":{"rendered":"<section class=\"section\" id=\"section_1347895332\">\n\t\t<div class=\"bg section-bg fill bg-fill  bg-loaded\" >\n\n\t\t\t\n\t\t\t\n\t\t\t\n\n\t\t<\/div>\n\n\t\t\n\n\t\t<div class=\"section-content relative\">\n\t\t\t\n\n<div class=\"row\"  id=\"row-1068057269\">\n\n\n\t<div id=\"col-26899232\" class=\"col small-12 large-12\"  >\n\t\t\t\t<div class=\"col-inner\" style=\"background-color:rgb(92, 171, 188);\" >\n\t\t\t\n\t\t\t\n\n<div class=\"row\"  id=\"row-611123420\">\n\n\n\t<div id=\"col-1944448091\" class=\"col small-12 large-12\"  >\n\t\t\t\t<div class=\"col-inner\"  >\n\t\t\t\n\t\t\t\n\n\t<div id=\"text-1480496249\" class=\"text\">\n\t\t\n\n<h1>FBT-01 Pallon pudotustesteri<\/h1>\n\t\t\n<style>\n#text-1480496249 {\n  font-size: 1.5rem;\n  text-align: center;\n}\n<\/style>\n\t<\/div>\n\t\n\n\t\t<\/div>\n\t\t\t\t\n<style>\n#col-1944448091 > .col-inner {\n  padding: 50px 10px 10px 10px;\n}\n<\/style>\n\t<\/div>\n\n\t\n\n<\/div>\n<div class=\"row align-middle align-center\"  id=\"row-1377930021\">\n\n\n\t<div id=\"col-1467170458\" class=\"col medium-11 small-12 large-11\"  >\n\t\t\t\t<div class=\"col-inner\"  >\n\t\t\t\n\t\t\t\n\n<div class=\"row align-middle align-center\"  id=\"row-462967001\">\n\n\n\t<div id=\"col-2085158252\" class=\"col medium-7 small-12 large-7\"  >\n\t\t\t\t<div class=\"col-inner\"  >\n\t\t\t\n\t\t\t\n\n<div class=\"row\"  id=\"row-156635809\">\n\n\n\t<div id=\"col-1174837677\" class=\"col small-12 large-12\"  >\n\t\t\t\t<div class=\"col-inner text-center\"  >\n\t\t\t\n\t\t\t\n\n\t<div id=\"text-1072462580\" class=\"text\">\n\t\t\n\n<p>The <a href=\"https:\/\/www.impacttesting.net\/fi\/ball-drop-tester\/\"><strong>pallon pudotustesteri<\/strong><\/a> on t\u00e4rke\u00e4 v\u00e4line, jota k\u00e4ytet\u00e4\u00e4n materiaalien, kuten muovilevyjen, kalvojen ja suojalasien iskunkest\u00e4vyyden arviointiin. T\u00e4m\u00e4 testi on ratkaisevan t\u00e4rke\u00e4 esimerkiksi pakkaus-, auto- ja turvalaitteiden valmistuksen kaltaisilla teollisuudenaloilla, koska sill\u00e4 varmistetaan, ett\u00e4 materiaalit kest\u00e4v\u00e4t ulkoisia voimia ilman merkitt\u00e4vi\u00e4 vaurioita.<\/p>\n\t\t\n<style>\n#text-1072462580 {\n  color: rgb(0, 0, 0);\n}\n#text-1072462580 > * {\n  color: rgb(0, 0, 0);\n}\n<\/style>\n\t<\/div>\n\t\n\n\t\t<\/div>\n\t\t\t\t\t<\/div>\n\n\t\n\n\t<div id=\"col-1793506994\" class=\"col small-12 large-12\"  >\n\t\t\t\t<div class=\"col-inner text-center\"  >\n\t\t\t\n\t\t\t\n\n<a href=\"https:\/\/www.impacttesting.net\/fi\/contact-us\/\" class=\"button primary is-outline\"  style=\"border-radius:99px;\">\n    <span>Ota yhteytt\u00e4<\/span>\n  <i class=\"icon-chat\" aria-hidden=\"true\" ><\/i><\/a>\n\n\n\n\t\t<\/div>\n\t\t\t\t\t<\/div>\n\n\t\n\n<\/div>\n\n\t\t<\/div>\n\t\t\t\t\t<\/div>\n\n\t\n\n\t<div id=\"col-1265435365\" class=\"col medium-3 small-12 large-3\"  >\n\t\t\t\t<div class=\"col-inner\"  >\n\t\t\t\n\t\t\t\n\n<div class=\"row\"  id=\"row-1356766103\">\n\n\n\t<div id=\"col-1310539778\" class=\"col small-12 large-12\"  >\n\t\t\t\t<div class=\"col-inner text-center\"  >\n\t\t\t\n\t\t\t\n\n\t<div class=\"img has-hover x md-x lg-x y md-y lg-y\" id=\"image_831442083\">\n\t\t\t\t\t\t\t\t<div class=\"img-inner dark\" >\n\t\t\t<img decoding=\"async\" width=\"318\" height=\"800\" src=\"https:\/\/www.impacttesting.net\/wp-content\/uploads\/2025\/12\/Ball-Drop-Tester-Ball-Impact-Test-for-Safety-Glasses-318x800.webp\" class=\"attachment-large size-large\" alt=\"Ball Drop Tester - suojalasien palloniskutesti - Ball Impact Test for Suojalasit\" srcset=\"https:\/\/www.impacttesting.net\/wp-content\/uploads\/2025\/12\/Ball-Drop-Tester-Ball-Impact-Test-for-Safety-Glasses-318x800.webp 318w, https:\/\/www.impacttesting.net\/wp-content\/uploads\/2025\/12\/Ball-Drop-Tester-Ball-Impact-Test-for-Safety-Glasses-159x400.webp 159w, https:\/\/www.impacttesting.net\/wp-content\/uploads\/2025\/12\/Ball-Drop-Tester-Ball-Impact-Test-for-Safety-Glasses-768x1934.webp 768w, https:\/\/www.impacttesting.net\/wp-content\/uploads\/2025\/12\/Ball-Drop-Tester-Ball-Impact-Test-for-Safety-Glasses-610x1536.webp 610w, https:\/\/www.impacttesting.net\/wp-content\/uploads\/2025\/12\/Ball-Drop-Tester-Ball-Impact-Test-for-Safety-Glasses-813x2048.webp 813w, https:\/\/www.impacttesting.net\/wp-content\/uploads\/2025\/12\/Ball-Drop-Tester-Ball-Impact-Test-for-Safety-Glasses-scaled.webp 1017w\" sizes=\"(max-width: 318px) 100vw, 318px\" \/>\t\t\t\t\t\t\n\t\t\t\t\t<\/div>\n\t\t\t\t\t\t\t\t\n<style>\n#image_831442083 {\n  width: 80%;\n}\n<\/style>\n\t<\/div>\n\t\n\n\n\t\t<\/div>\n\t\t\t\t\t<\/div>\n\n\t\n\n<\/div>\n\n\t\t<\/div>\n\t\t\t\t\t<\/div>\n\n\t\n\n<\/div>\n\n\t\t<\/div>\n\t\t\t\t\t<\/div>\n\n\t\n\n<\/div>\n\n\t\t<\/div>\n\t\t\t\t\t<\/div>\n\n\t\n\n\n<style>\n#row-1068057269 > .col > .col-inner {\n  border-radius: 25px;\n}\n<\/style>\n<\/div>\n\n\t\t<\/div>\n\n\t\t\n<style>\n#section_1347895332 {\n  padding-top: 30px;\n  padding-bottom: 30px;\n}\n<\/style>\n\t<\/section>\n\t\n\t<section class=\"section\" id=\"section_1213711206\">\n\t\t<div class=\"bg section-bg fill bg-fill  bg-loaded\" >\n\n\t\t\t\n\t\t\t\n\t\t\t\n\n\t\t<\/div>\n\n\t\t\n\n\t\t<div class=\"section-content relative\">\n\t\t\t\n\n<div class=\"row\"  id=\"row-1072711448\">\n\n\n\t<div id=\"col-992205142\" class=\"col small-12 large-12\"  >\n\t\t\t\t<div class=\"col-inner\"  >\n\t\t\t\n\t\t\t\n\n<div class=\"row\"  id=\"row-1440192078\">\n\n\n\t<div id=\"col-1072203362\" class=\"col small-12 large-12\"  >\n\t\t\t\t<div class=\"col-inner\"  >\n\t\t\t\n\t\t\t\n\n<div class=\"row align-middle align-center\"  id=\"row-954817063\">\n\n\n\t<div id=\"col-280252334\" class=\"col medium-5 small-12 large-5\"  >\n\t\t\t\t<div class=\"col-inner text-center\"  >\n\t\t\t\n\t\t\t\n\n\t<div class=\"img has-hover x md-x lg-x y md-y lg-y\" id=\"image_1373230213\">\n\t\t\t\t\t\t\t\t<div class=\"img-inner dark\" >\n\t\t\t<img decoding=\"async\" width=\"600\" height=\"720\" src=\"https:\/\/www.impacttesting.net\/wp-content\/uploads\/2025\/12\/Ball-Drop-Tester.webp\" class=\"attachment-large size-large\" alt=\"Pallon pudotustestaaja\" srcset=\"https:\/\/www.impacttesting.net\/wp-content\/uploads\/2025\/12\/Ball-Drop-Tester.webp 600w, https:\/\/www.impacttesting.net\/wp-content\/uploads\/2025\/12\/Ball-Drop-Tester-333x400.webp 333w\" sizes=\"(max-width: 600px) 100vw, 600px\" \/>\t\t\t\t\t\t\n\t\t\t\t\t<\/div>\n\t\t\t\t\t\t\t\t\n<style>\n#image_1373230213 {\n  width: 100%;\n}\n<\/style>\n\t<\/div>\n\t\n\n\n\t\t<\/div>\n\t\t\t\t\t<\/div>\n\n\t\n\n\t<div id=\"col-354637134\" class=\"col medium-7 small-12 large-7\"  >\n\t\t\t\t<div class=\"col-inner text-left\"  >\n\t\t\t\n\t\t\t\n\n\t<div id=\"text-1535914805\" class=\"text\">\n\t\t\n\n<h2>Ball Drop -testauslaitteen ymm\u00e4rt\u00e4minen<\/h2>\n\t\t\n<style>\n#text-1535914805 {\n  font-size: 1.3rem;\n  text-align: left;\n}\n<\/style>\n\t<\/div>\n\t\n<p>Laite toimii pudottamalla tietyn massan ja halkaisijan omaava ter\u00e4spallo ennalta m\u00e4\u00e4r\u00e4tyst\u00e4 korkeudesta testikappaleen p\u00e4\u00e4lle. Vaurio- tai muodonmuutosaste analysoidaan iskunkest\u00e4vyyden arvioimiseksi. T\u00e4m\u00e4 testi on erityisen t\u00e4rke\u00e4 turvallisuusstandardien, kuten seuraavien standardien, noudattamisessa <strong><a href=\"https:\/\/www.impacttesting.net\/fi\/ansi-z87-1\/\">ANSI Z87.1<\/a> iskukoe<\/strong>.<\/p>\n<a href=\"https:\/\/www.impacttesting.net\/fi\/contact-us\/\" class=\"button primary is-outline\"  style=\"border-radius:99px;\">\n    <span>Ota yhteytt\u00e4<\/span>\n  <\/a>\n\n\n\n\t\t<\/div>\n\t\t\t\t\t<\/div>\n\n\t\n\n<\/div>\n\n\t\t<\/div>\n\t\t\t\t\t<\/div>\n\n\t\n\n<\/div>\n\n\t\t<\/div>\n\t\t\t\t\t<\/div>\n\n\t\n\n<\/div>\n<div class=\"row\"  id=\"row-2049601530\">\n\n\n\t<div id=\"col-1745853744\" class=\"col small-12 large-12\"  >\n\t\t\t\t<div class=\"col-inner\"  >\n\t\t\t\n\t\t\t\n\n<div class=\"row\"  id=\"row-83843392\">\n\n\n\t<div id=\"col-2062459176\" class=\"col small-12 large-12\"  >\n\t\t\t\t<div class=\"col-inner\"  >\n\t\t\t\n\t\t\t\n\n\t<div id=\"text-466436765\" class=\"text\">\n\t\t\n\n<h2>ANSI Z87.1 Iskutesti: T\u00e4rkeimm\u00e4t vaatimukset<\/h2>\n\t\t\n<style>\n#text-466436765 {\n  font-size: 1.3rem;\n  text-align: center;\n}\n<\/style>\n\t<\/div>\n\t\n\n\t\t<\/div>\n\t\t\t\t\t<\/div>\n\n\t\n\n<\/div>\n<div class=\"row align-middle align-center\"  id=\"row-198934289\">\n\n\n\t<div id=\"col-1695323840\" class=\"col medium-7 small-12 large-7\"  >\n\t\t\t\t<div class=\"col-inner\"  >\n\t\t\t\n\t\t\t\n\n<p>The <strong>ANSI Z87.1 iskutesti<\/strong> on standardoitu menetelm\u00e4, jonka tarkoituksena on arvioida suojalasien iskunkest\u00e4vyytt\u00e4. T\u00e4m\u00e4n testin tarkoituksena on varmistaa, ett\u00e4 suojalasit, suojalasit ja kasvonsuojat t\u00e4ytt\u00e4v\u00e4t turvallisuutta koskevat v\u00e4himm\u00e4isvaatimukset, jotka suojaavat k\u00e4ytt\u00e4ji\u00e4 suurnopeuksisilta ammuksilta.<\/p>\n<h3>Testauslaitteet ja -asetukset<\/h3>\n<ul>\n<li>J\u00e4ykk\u00e4\u00e4 p\u00e4\u00e4t\u00e4 k\u00e4ytet\u00e4\u00e4n kiinnitt\u00e4m\u00e4\u00e4n testikappale kasvot yl\u00f6sp\u00e4in -asentoon.<\/li>\n<li>A <strong>halkaisijaltaan 25,4 mm (1,0 tuumaa) ter\u00e4skuula<\/strong>, punnitus <strong>68 g (2,4 oz)<\/strong>toimii ammuksena.<\/li>\n<li>Ter\u00e4spallo vapautetaan <strong>korkeus 127 cm (50 in.)<\/strong> ohjatun putken kautta.<\/li>\n<li>P\u00e4\u00e4n muotin pohjan massa on v\u00e4hint\u00e4\u00e4n seuraava <strong>30 kg (66 lb)<\/strong> vakauden varmistamiseksi testauksen aikana.<\/li>\n<\/ul>\n<h3>Testimenettely<\/h3>\n<ol>\n<li>Testikappale on kiinnitetty tukevasti p\u00e4\u00e4tyyn, mik\u00e4 j\u00e4ljittelee todellisia k\u00e4ytt\u00f6olosuhteita.<\/li>\n<li>N\u00e4ytteen taakse asetetaan tukip\u00f6lkky, joka pit\u00e4\u00e4 n\u00e4ytteen oikeassa linjassa.<\/li>\n<li>Ter\u00e4spallo pudotetaan linssin tai materiaalin pinnalle silm\u00e4n alueen suuntaisesti.<\/li>\n<li>Testi toistetaan nelj\u00e4 kertaa linssin eri kohdista tarkkuuden varmistamiseksi.<\/li>\n<li>T\u00f6rm\u00e4ysvaurio analysoidaan sen m\u00e4\u00e4ritt\u00e4miseksi, t\u00e4ytt\u00e4\u00e4k\u00f6 materiaali turvallisuuskriteerit.<\/li>\n<\/ol>\n\n\t\t<\/div>\n\t\t\t\t\t<\/div>\n\n\t\n\n\t<div id=\"col-1532916510\" class=\"col medium-4 small-12 large-4\"  >\n\t\t\t\t<div class=\"col-inner\"  >\n\t\t\t\n\t\t\t\n\n<div class=\"video video-fit mb\" style=\"padding-top:200%;\"><iframe title=\"Muovikalvojen ja -levyjen putoavan pallon iskutestauslaite\" width=\"563\" height=\"1000\" src=\"https:\/\/www.youtube.com\/embed\/AvdivZPwIxc?feature=oembed\" frameborder=\"0\" allow=\"accelerometer; autoplay; clipboard-write; encrypted-media; gyroscope; picture-in-picture; web-share\" referrerpolicy=\"strict-origin-when-cross-origin\" allowfullscreen><\/iframe><\/div>\n\n\n\t\t<\/div>\n\t\t\t\t\t<\/div>\n\n\t\n\n<\/div>\n\n\t\t<\/div>\n\t\t\t\t\t<\/div>\n\n\t\n\n<\/div>\n<div class=\"row\"  id=\"row-1941805449\">\n\n\n\t<div id=\"col-350810758\" class=\"col small-12 large-12\"  >\n\t\t\t\t<div class=\"col-inner\"  >\n\t\t\t\n\t\t\t\n\n<div class=\"row\"  id=\"row-432183370\">\n\n\n\t<div id=\"col-1515179857\" class=\"col small-12 large-12\"  >\n\t\t\t\t<div class=\"col-inner\"  >\n\t\t\t\n\t\t\t\n\n\t<div id=\"text-3555435131\" class=\"text\">\n\t\t\n\n<h2>FBT-01 putoavan tikan iskutesteri<\/h2>\n\t\t\n<style>\n#text-3555435131 {\n  font-size: 1.3rem;\n  text-align: center;\n}\n<\/style>\n\t<\/div>\n\t\n\n\t\t<\/div>\n\t\t\t\t\t<\/div>\n\n\t\n\n<\/div>\n<div class=\"row align-middle align-center\"  id=\"row-2048155977\">\n\n\n\t<div id=\"col-921509555\" class=\"col medium-6 small-12 large-6\"  >\n\t\t\t\t<div class=\"col-inner\"  >\n\t\t\t\n\t\t\t\n\n<h3>T\u00e4rkeimm\u00e4t ominaisuudet:<\/h3>\n<ul>\n<li><strong>S\u00e4\u00e4dett\u00e4v\u00e4 iskun korkeus<\/strong> r\u00e4\u00e4t\u00e4l\u00f6ityj\u00e4 testausskenaarioita varten<\/li>\n<li><strong>Useita pallokokovaihtoehtoja<\/strong> erilaisiin testaussovelluksiin<\/li>\n<li><strong>S\u00e4hk\u00f6magneettinen pallojousitus<\/strong> tarkkaa vapauttamisen ajoitusta varten<\/li>\n<li><strong>Pneumaattinen n\u00e4ytteen kiinnitys<\/strong> n\u00e4ytteen turvalliseen asettamiseen<\/li>\n<li><strong>Usean yksik\u00f6n testitulosten n\u00e4ytt\u00f6<\/strong> tietojen tulkinnan helpottamiseksi<\/li>\n<li><strong>Integroitu mikro-tulostin<\/strong> paikan p\u00e4\u00e4ll\u00e4 tapahtuvaa tulosten dokumentointia varten<\/li>\n<li><strong>Valinnainen ammattimainen ohjelmisto<\/strong> kehittyneeseen data-analyysiin<\/li>\n<\/ul>\n\n\t\t<\/div>\n\t\t\t\t\t<\/div>\n\n\t\n\n\t<div id=\"col-1468008327\" class=\"col medium-6 small-12 large-6\"  >\n\t\t\t\t<div class=\"col-inner\"  >\n\t\t\t\n\t\t\t\n\n<h3>Tekniset tiedot:<\/h3>\n<ul>\n<li><strong>Iskun korkeus<\/strong>: S\u00e4\u00e4dett\u00e4viss\u00e4 300 mm:st\u00e4 600 mm:iin (laajennettavissa tarpeen mukaan).<\/li>\n<li><strong>Pallon halkaisijat<\/strong>: 23 mm, 25 mm, 28.6 mm, 38.1 mm, 50.8 mm<\/li>\n<li><strong>Tarkkuus<\/strong>: 0.1g (0.1J)<\/li>\n<li><strong>N\u00e4ytteen koko<\/strong>: V\u00e4hint\u00e4\u00e4n 150 mm x 150 mm<\/li>\n<li><strong>Kaasun toimitus<\/strong>: 0,6 MPa PU-putki (\u03a68 mm)<\/li>\n<li><strong>Virtal\u00e4hde<\/strong>: AC 110~220V, 50Hz<\/li>\n<\/ul>\n\n\t\t<\/div>\n\t\t\t\t\t<\/div>\n\n\t\n\n<\/div>\n\n\t\t<\/div>\n\t\t\t\t\t<\/div>\n\n\t\n\n<\/div>\n<div class=\"row\"  id=\"row-943110725\">\n\n\n\t<div id=\"col-807389892\" class=\"col small-12 large-12\"  >\n\t\t\t\t<div class=\"col-inner\"  >\n\t\t\t\n\t\t\t\n\n<div class=\"row\"  id=\"row-1630780123\">\n\n\n\t<div id=\"col-177870152\" class=\"col small-12 large-12\"  >\n\t\t\t\t<div class=\"col-inner\"  >\n\t\t\t\n\t\t\t\n\n\t<div id=\"text-3775193736\" class=\"text\">\n\t\t\n\n<h2>Pallon iskutesti: Tuloksiin vaikuttavat tekij\u00e4t<\/h2>\n\t\t\n<style>\n#text-3775193736 {\n  font-size: 1.3rem;\n  text-align: center;\n}\n<\/style>\n\t<\/div>\n\t\n\n\t\t<\/div>\n\t\t\t\t\t<\/div>\n\n\t\n\n\t<div id=\"col-777851269\" class=\"col small-12 large-12\"  >\n\t\t\t\t<div class=\"col-inner\"  >\n\t\t\t\n\t\t\t\n\n<p>Pallon iskutestiss\u00e4 mitataan, kuinka hyvin materiaalit kest\u00e4v\u00e4t voimakasta kosketusta putoavan esineen kanssa. Testituloksiin vaikuttavat useat tekij\u00e4t:<\/p>\n<h4>1. Pudotuskorkeus<\/h4>\n<p>Suuremmat pudotuskorkeudet synnytt\u00e4v\u00e4t suuremman iskuenergian, mik\u00e4 simuloi \u00e4\u00e4rimm\u00e4isempi\u00e4 todellisia skenaarioita.<\/p>\n<h4>2. Pallon koko ja massa<\/h4>\n<p>Suuremmat ja painavammat pallot aiheuttavat iskiess\u00e4\u00e4n suuremman voiman, joka vaikuttaa siihen, kuinka paljon materiaali muotoutuu tai murtuu.<\/p>\n<h4>3. Materiaalin ominaisuudet<\/h4>\n<p>Sitkeys, paksuus ja elastisuus vaikuttavat kaikki siihen, miten materiaali vaimentaa ja hajottaa iskuenergiaa.<\/p>\n\n\t\t<\/div>\n\t\t\t\t\t<\/div>\n\n\t\n\n<\/div>\n\n\t\t<\/div>\n\t\t\t\t\t<\/div>\n\n\t\n\n<\/div>\n\n\t\t<\/div>\n\n\t\t\n<style>\n#section_1213711206 {\n  padding-top: 30px;\n  padding-bottom: 30px;\n}\n<\/style>\n\t<\/section>\n\t\n\t<section class=\"section\" id=\"section_701797352\">\n\t\t<div class=\"bg section-bg fill bg-fill  bg-loaded\" >\n\n\t\t\t\n\t\t\t\n\t\t\t\n\n\t\t<\/div>\n\n\t\t\n\n\t\t<div class=\"section-content relative\">\n\t\t\t\n\n<div class=\"row\"  id=\"row-853208377\">\n\n\n\t<div id=\"col-843415167\" class=\"col small-12 large-12\"  >\n\t\t\t\t<div class=\"col-inner\"  >\n\t\t\t\n\t\t\t\n\n<div class=\"row align-equal align-center\"  id=\"row-1728032040\">\n\n\n\t<div id=\"col-1874183705\" class=\"col small-12 large-12\"  >\n\t\t\t\t<div class=\"col-inner\"  >\n\t\t\t\n\t\t\t\n\n\t<div id=\"text-3312105926\" class=\"text\">\n\t\t\n\n<h2>Miksi valita Impacttesting.netin<br \/>FBT-01 Pallon pudotustesteri<\/h2>\n\t\t\n<style>\n#text-3312105926 {\n  font-size: 1.4rem;\n  text-align: center;\n}\n<\/style>\n\t<\/div>\n\t\n\n\t\t<\/div>\n\t\t\t\t\t<\/div>\n\n\t\n\n\t<div id=\"col-1121071025\" class=\"col medium-6 small-12 large-6\"  >\n\t\t\t\t<div class=\"col-inner text-center\"  >\n\t\t\t\n\t\t\t\n\n\t<div id=\"text-3379641398\" class=\"text\">\n\t\t\n\n<p>The <strong>pallon pudotustesteri<\/strong> on kriittinen ty\u00f6kalu valmistajille ja laadunvalvonnan ammattilaisille. Sen avulla voidaan varmistaa, ett\u00e4 materiaalit t\u00e4ytt\u00e4v\u00e4t iskunkest\u00e4vyysvaatimukset, mik\u00e4 antaa varmuuden tuotteen kest\u00e4vyydest\u00e4 ja k\u00e4ytt\u00e4jien turvallisuudesta. Testataanpa suojalaseja sitten <a href=\"https:\/\/www.impacttesting.net\/fi\/ansi-z87-1\/\"><strong>ANSI Z87.1 -standardit<\/strong><\/a> tai yleisen <strong>pallon iskukokeet<\/strong>T\u00e4ll\u00e4 menetelm\u00e4ll\u00e4 on t\u00e4rke\u00e4 rooli materiaalin suorituskyvyn arvioinnissa.<\/p>\n\t\t\n<style>\n#text-3379641398 {\n  font-size: 1.1rem;\n  line-height: 2;\n}\n<\/style>\n\t<\/div>\n\t\n<a href=\"https:\/\/www.impacttesting.net\/fi\/contact-us\/\" class=\"button primary is-outline\"  style=\"border-radius:99px;\">\n    <span>Ota yhteytt\u00e4<\/span>\n  <i class=\"icon-chat\" aria-hidden=\"true\" ><\/i><\/a>\n\n\n\n\t\t<\/div>\n\t\t\t\t\t<\/div>\n\n\t\n\n\t<div id=\"col-35313146\" class=\"col medium-4 small-12 large-4\"  >\n\t\t\t\t<div class=\"col-inner text-center\"  >\n\t\t\t\n\t\t\t\n\n\n<div class=\"wpcf7 no-js\" id=\"wpcf7-f10-o1\" lang=\"en-US\" dir=\"ltr\" data-wpcf7-id=\"10\">\n<div class=\"screen-reader-response\"><p role=\"status\" aria-live=\"polite\" aria-atomic=\"true\"><\/p> <ul><\/ul><\/div>\n<form action=\"\/fi\/wp-json\/wp\/v2\/pages\/74#wpcf7-f10-o1\" method=\"post\" class=\"wpcf7-form init\" aria-label=\"Contact form\" novalidate=\"novalidate\" data-status=\"init\" data-trp-original-action=\"\/fi\/wp-json\/wp\/v2\/pages\/74#wpcf7-f10-o1\">\n<fieldset class=\"hidden-fields-container\"><input type=\"hidden\" name=\"_wpcf7\" value=\"10\" \/><input type=\"hidden\" name=\"_wpcf7_version\" value=\"6.1.4\" \/><input type=\"hidden\" name=\"_wpcf7_locale\" value=\"en_US\" \/><input type=\"hidden\" name=\"_wpcf7_unit_tag\" value=\"wpcf7-f10-o1\" \/><input type=\"hidden\" name=\"_wpcf7_container_post\" value=\"0\" \/><input type=\"hidden\" name=\"_wpcf7_posted_data_hash\" value=\"\" \/><input type=\"hidden\" name=\"_wpcf7_recaptcha_response\" value=\"\" \/>\n<\/fieldset>\n<p><span class=\"wpcf7-form-control-wrap\" data-name=\"Name\"><input size=\"40\" maxlength=\"400\" class=\"wpcf7-form-control wpcf7-text\" aria-invalid=\"false\" placeholder=\"Nimesi\" value=\"\" type=\"text\" name=\"Name\" \/><\/span><br \/>\n<span class=\"wpcf7-form-control-wrap\" data-name=\"Comapany\"><input size=\"40\" maxlength=\"400\" class=\"wpcf7-form-control wpcf7-text\" aria-invalid=\"false\" placeholder=\"Yrityksenne\" value=\"\" type=\"text\" name=\"Comapany\" \/><\/span><br \/>\n<span class=\"wpcf7-form-control-wrap\" data-name=\"Email\"><input size=\"40\" maxlength=\"400\" class=\"wpcf7-form-control wpcf7-email wpcf7-validates-as-required wpcf7-text wpcf7-validates-as-email\" aria-required=\"true\" aria-invalid=\"false\" placeholder=\"S\u00e4hk\u00f6postiosoitteesi*\" value=\"\" type=\"email\" name=\"Email\" \/><\/span><br \/>\n<span class=\"wpcf7-form-control-wrap\" data-name=\"Message\"><textarea cols=\"40\" rows=\"10\" maxlength=\"2000\" class=\"wpcf7-form-control wpcf7-textarea\" aria-invalid=\"false\" placeholder=\"Viesti\" name=\"Message\"><\/textarea><\/span>\n<\/p>\n<p><input class=\"wpcf7-form-control wpcf7-submit has-spinner\" type=\"submit\" value=\"L\u00e4het\u00e4\" \/>\n<\/p><div class=\"wpcf7-response-output\" aria-hidden=\"true\"><\/div>\n<input type=\"hidden\" name=\"trp-form-language\" value=\"fi\"\/><\/form>\n<\/div>\n\n\n\n\t\t<\/div>\n\t\t\t\t\t<\/div>\n\n\t\n\n<\/div>\n\n\t\t<\/div>\n\t\t\t\t\t<\/div>\n\n\t\n\n<\/div>\n\n\t\t<\/div>\n\n\t\t\n<style>\n#section_701797352 {\n  padding-top: 30px;\n  padding-bottom: 30px;\n  background-color: rgb(232, 234, 241);\n}\n<\/style>\n\t<\/section>","protected":false},"excerpt":{"rendered":"","protected":false},"author":1,"featured_media":0,"parent":0,"menu_order":0,"comment_status":"closed","ping_status":"closed","template":"page-blank.php","meta":{"footnotes":""},"class_list":["post-74","page","type-page","status-publish","hentry"],"_links":{"self":[{"href":"https:\/\/www.impacttesting.net\/fi\/wp-json\/wp\/v2\/pages\/74","targetHints":{"allow":["GET"]}}],"collection":[{"href":"https:\/\/www.impacttesting.net\/fi\/wp-json\/wp\/v2\/pages"}],"about":[{"href":"https:\/\/www.impacttesting.net\/fi\/wp-json\/wp\/v2\/types\/page"}],"author":[{"embeddable":true,"href":"https:\/\/www.impacttesting.net\/fi\/wp-json\/wp\/v2\/users\/1"}],"replies":[{"embeddable":true,"href":"https:\/\/www.impacttesting.net\/fi\/wp-json\/wp\/v2\/comments?post=74"}],"version-history":[{"count":2,"href":"https:\/\/www.impacttesting.net\/fi\/wp-json\/wp\/v2\/pages\/74\/revisions"}],"predecessor-version":[{"id":78,"href":"https:\/\/www.impacttesting.net\/fi\/wp-json\/wp\/v2\/pages\/74\/revisions\/78"}],"wp:attachment":[{"href":"https:\/\/www.impacttesting.net\/fi\/wp-json\/wp\/v2\/media?parent=74"}],"curies":[{"name":"wp","href":"https:\/\/api.w.org\/{rel}","templated":true}]}}