{"id":59,"date":"2025-12-24T05:33:37","date_gmt":"2025-12-24T05:33:37","guid":{"rendered":"https:\/\/www.impacttesting.net\/?page_id=59"},"modified":"2025-12-24T06:11:16","modified_gmt":"2025-12-24T06:11:16","slug":"astm-d3420","status":"publish","type":"page","link":"https:\/\/www.impacttesting.net\/fi\/astm-d3420\/","title":{"rendered":"ASTM D3420"},"content":{"rendered":"<section class=\"section\" id=\"section_793691449\">\n\t\t<div class=\"bg section-bg fill bg-fill  bg-loaded\" >\n\n\t\t\t\n\t\t\t\n\t\t\t\n\n\t\t<\/div>\n\n\t\t\n\n\t\t<div class=\"section-content relative\">\n\t\t\t\n\n<div class=\"row\"  id=\"row-1860361546\">\n\n\n\t<div id=\"col-1069886196\" class=\"col small-12 large-12\"  >\n\t\t\t\t<div class=\"col-inner\" style=\"background-color:rgb(92, 171, 188);\" >\n\t\t\t\n\t\t\t\n\n<div class=\"row\"  id=\"row-2133531360\">\n\n\n\t<div id=\"col-858176837\" class=\"col small-12 large-12\"  >\n\t\t\t\t<div class=\"col-inner\"  >\n\t\t\t\n\t\t\t\n\n\t<div id=\"text-1378833696\" class=\"text\">\n\t\t\n\n<h1>ASTM D1709<\/h1>\n\t\t\n<style>\n#text-1378833696 {\n  font-size: 1.5rem;\n  text-align: center;\n}\n<\/style>\n\t<\/div>\n\t\n\t<div id=\"text-1563092230\" class=\"text\">\n\t\t\n\n<h2>Muovikalvon heilurin iskunkest\u00e4vyys<\/h2>\n\t\t\n<style>\n#text-1563092230 {\n  text-align: center;\n}\n<\/style>\n\t<\/div>\n\t\n\n\t\t<\/div>\n\t\t\t\t\n<style>\n#col-858176837 > .col-inner {\n  padding: 50px 10px 10px 10px;\n}\n<\/style>\n\t<\/div>\n\n\t\n\n<\/div>\n<div class=\"row align-middle align-center\"  id=\"row-2066140915\">\n\n\n\t<div id=\"col-1380880325\" class=\"col medium-11 small-12 large-11\"  >\n\t\t\t\t<div class=\"col-inner\"  >\n\t\t\t\n\t\t\t\n\n<div class=\"row align-middle align-center\"  id=\"row-1720985084\">\n\n\n\t<div id=\"col-252904193\" class=\"col medium-7 small-12 large-7\"  >\n\t\t\t\t<div class=\"col-inner\"  >\n\t\t\t\n\t\t\t\n\n<div class=\"row\"  id=\"row-699392796\">\n\n\n\t<div id=\"col-132411376\" class=\"col small-12 large-12\"  >\n\t\t\t\t<div class=\"col-inner text-center\"  >\n\t\t\t\n\t\t\t\n\n\t<div id=\"text-4045433214\" class=\"text\">\n\t\t\n\n<p>Iskunkest\u00e4vyydell\u00e4 on t\u00e4rke\u00e4 rooli arvioitaessa materiaalin kest\u00e4vyytt\u00e4 ja suorituskyky\u00e4 \u00e4killisess\u00e4 rasituksessa. <a href=\"https:\/\/www.impacttesting.net\/fi\/astm-d3420\/\"><strong>ASTM D3420<\/strong><\/a>, standarditestimenetelm\u00e4 <strong>Muovikalvon heilurin iskunkest\u00e4vyys<\/strong>on t\u00e4rke\u00e4 vertailukohta muovikalvojen sitkeyden m\u00e4\u00e4ritt\u00e4miseksi. Menetelm\u00e4 on erityisen arvokas pakkausinsin\u00f6\u00f6reille, materiaalitutkijoille ja laadunvalvonnan ammattilaisille, jotka haluavat varmistaa, ett\u00e4 kalvot t\u00e4ytt\u00e4v\u00e4t sovelluskohtaiset suorituskykyvaatimukset.<\/p>\n\t\t\n<style>\n#text-4045433214 {\n  color: rgb(0, 0, 0);\n}\n#text-4045433214 > * {\n  color: rgb(0, 0, 0);\n}\n<\/style>\n\t<\/div>\n\t\n\n\t\t<\/div>\n\t\t\t\t\t<\/div>\n\n\t\n\n\t<div id=\"col-1235691902\" class=\"col small-12 large-12\"  >\n\t\t\t\t<div class=\"col-inner text-center\"  >\n\t\t\t\n\t\t\t\n\n<a href=\"https:\/\/www.impacttesting.net\/fi\/contact-us\/\" class=\"button primary is-outline\"  style=\"border-radius:99px;\">\n    <span>Ota yhteytt\u00e4<\/span>\n  <i class=\"icon-chat\" aria-hidden=\"true\" ><\/i><\/a>\n\n\n\n\t\t<\/div>\n\t\t\t\t\t<\/div>\n\n\t\n\n<\/div>\n\n\t\t<\/div>\n\t\t\t\t\t<\/div>\n\n\t\n\n\t<div id=\"col-156890503\" class=\"col medium-5 small-12 large-5\"  >\n\t\t\t\t<div class=\"col-inner\"  >\n\t\t\t\n\t\t\t\n\n<div class=\"row\"  id=\"row-1257700332\">\n\n\n\t<div id=\"col-1073366265\" class=\"col small-12 large-12\"  >\n\t\t\t\t<div class=\"col-inner\"  >\n\t\t\t\n\t\t\t\n\n\t<div class=\"img has-hover x md-x lg-x y md-y lg-y\" id=\"image_1411775522\">\n\t\t<a class=\"\" href=\"https:\/\/www.impacttesting.net\/fi\/falling-dart-impact-tester\/\" >\t\t\t\t\t\t<div class=\"img-inner dark\" >\n\t\t\t<img decoding=\"async\" width=\"600\" height=\"440\" src=\"https:\/\/www.impacttesting.net\/wp-content\/uploads\/2025\/12\/ASTM-D3420-Pendulum-Impact-Resistance-of-Plastic-Film.webp\" class=\"attachment-large size-large\" alt=\"ASTM D3420 Muovikalvon heilurin iskunkest\u00e4vyys\" srcset=\"https:\/\/www.impacttesting.net\/wp-content\/uploads\/2025\/12\/ASTM-D3420-Pendulum-Impact-Resistance-of-Plastic-Film.webp 600w, https:\/\/www.impacttesting.net\/wp-content\/uploads\/2025\/12\/ASTM-D3420-Pendulum-Impact-Resistance-of-Plastic-Film-545x400.webp 545w\" sizes=\"(max-width: 600px) 100vw, 600px\" \/>\t\t\t\t\t\t\n\t\t\t\t\t<\/div>\n\t\t\t\t\t\t<\/a>\t\t\n<style>\n#image_1411775522 {\n  width: 100%;\n}\n<\/style>\n\t<\/div>\n\t\n\n\n\t\t<\/div>\n\t\t\t\t\t<\/div>\n\n\t\n\n<\/div>\n\n\t\t<\/div>\n\t\t\t\t\t<\/div>\n\n\t\n\n<\/div>\n\n\t\t<\/div>\n\t\t\t\t\t<\/div>\n\n\t\n\n<\/div>\n\n\t\t<\/div>\n\t\t\t\t\t<\/div>\n\n\t\n\n\n<style>\n#row-1860361546 > .col > .col-inner {\n  border-radius: 25px;\n}\n<\/style>\n<\/div>\n\n\t\t<\/div>\n\n\t\t\n<style>\n#section_793691449 {\n  padding-top: 30px;\n  padding-bottom: 30px;\n}\n<\/style>\n\t<\/section>\n\t\n\t<section class=\"section\" id=\"section_1774144569\">\n\t\t<div class=\"bg section-bg fill bg-fill  bg-loaded\" >\n\n\t\t\t\n\t\t\t\n\t\t\t\n\n\t\t<\/div>\n\n\t\t\n\n\t\t<div class=\"section-content relative\">\n\t\t\t\n\n<div class=\"row\"  id=\"row-1273905953\">\n\n\n\t<div id=\"col-1013648073\" class=\"col small-12 large-12\"  >\n\t\t\t\t<div class=\"col-inner\"  >\n\t\t\t\n\t\t\t\n\n<div class=\"row\"  id=\"row-1277543144\">\n\n\n\t<div id=\"col-1135745895\" class=\"col small-12 large-12\"  >\n\t\t\t\t<div class=\"col-inner\"  >\n\t\t\t\n\t\t\t\n\n\t<div id=\"text-2213826205\" class=\"text\">\n\t\t\n\n<h2>ASTM D3420 ja sen merkitys<\/h2>\n\t\t\n<style>\n#text-2213826205 {\n  font-size: 1.3rem;\n  text-align: center;\n}\n<\/style>\n\t<\/div>\n\t\n\n\t\t<\/div>\n\t\t\t\t\t<\/div>\n\n\t\n\n\t<div id=\"col-1728083419\" class=\"col small-12 large-12\"  >\n\t\t\t\t<div class=\"col-inner\"  >\n\t\t\t\n\t\t\t\n\n<p>Standardissa ASTM D3420 m\u00e4\u00e4ritell\u00e4\u00e4n menetelm\u00e4, jolla mitataan muovikalvon\u00e4ytteen puhkaisemiseen tarvittava energia heilurilaitteella. Heilurin liike-energia j\u00e4ljittelee todellisia voimia, joita kalvo voi kohdata esimerkiksi pakkaamisen, kuljetuksen tai k\u00e4sittelyn aikana. Tulos kuvastaa kalvon dynaamista vetok\u00e4ytt\u00e4ytymist\u00e4, mik\u00e4 antaa realistisemman arvion kuin staattiset vetokokeet.<\/p>\n\n\t\t<\/div>\n\t\t\t\t\t<\/div>\n\n\t\n\n\t<div id=\"col-1179622658\" class=\"col small-12 large-12\"  >\n\t\t\t\t<div class=\"col-inner\"  >\n\t\t\t\n\t\t\t\n\n\t<div id=\"text-2348141567\" class=\"text\">\n\t\t\n\n<h3>ASTM D3420 - ASTM-standardit muovien iskunkest\u00e4vyystestausta varten<\/h3>\n\t\t\n<style>\n#text-2348141567 {\n  text-align: center;\n}\n<\/style>\n\t<\/div>\n\t\n\n\t\t<\/div>\n\t\t\t\t\t<\/div>\n\n\t\n\n\t<div id=\"col-1622739991\" class=\"col small-12 large-12\"  >\n\t\t\t\t<div class=\"col-inner\"  >\n\t\t\t\n\t\t\t\n\n<p>ASTM D3420 keskittyy erityisesti <strong>heilurin iskunkest\u00e4vyys<\/strong>, mik\u00e4 tekee siit\u00e4 yhden t\u00e4rkeimmist\u00e4 <strong>Muovien iskunkest\u00e4vyyden testausta koskevat ASTM-standardit<\/strong>. Vaikka muilla menetelmill\u00e4, kuten ASTM D1709 tai D4272, testataan samankaltaisia ominaisuuksia, D3420 on erityisen edullinen, koska:<\/p>\n<ul>\n<li>Se mahdollistaa dynaamisen testauksen suuremmilla rasitusnopeuksilla.<\/li>\n<li>Se tarjoaa kaksi testausmenettely\u00e4 (menettely A ja menettely B), joissa on eri kokoiset n\u00e4ytteet ja koettimet.<\/li>\n<li>Se antaa energiaan perustuvia tuloksia, jotka antavat tietoa sek\u00e4 vian alkamisesta ett\u00e4 levi\u00e4misest\u00e4.<\/li>\n<\/ul>\n<p>T\u00e4t\u00e4 standardia k\u00e4ytet\u00e4\u00e4n laajalti arvioitaessa kalvoja, jotka on valmistettu seuraavista materiaaleista <strong>polyeteeni, polypropeeni, PET<\/strong>ja muut tavanomaiset pakkausmateriaalit.<\/p>\n\n\t\t<\/div>\n\t\t\t\t\t<\/div>\n\n\t\n\n<\/div>\n\n\t\t<\/div>\n\t\t\t\t\t<\/div>\n\n\t\n\n<\/div>\n<div class=\"row\"  id=\"row-1323533713\">\n\n\n\t<div id=\"col-2114861403\" class=\"col small-12 large-12\"  >\n\t\t\t\t<div class=\"col-inner\"  >\n\t\t\t\n\t\t\t\n\n<div class=\"row\"  id=\"row-939094416\">\n\n\n\t<div id=\"col-236163606\" class=\"col small-12 large-12\"  >\n\t\t\t\t<div class=\"col-inner\"  >\n\t\t\t\n\t\t\t\n\n\t<div id=\"text-2051064206\" class=\"text\">\n\t\t\n\n<h2>Liittyv\u00e4t Pendulum Impact Tester<\/h2>\n\t\t\n<style>\n#text-2051064206 {\n  font-size: 1.3rem;\n  text-align: center;\n}\n<\/style>\n\t<\/div>\n\t\n\n\t\t<\/div>\n\t\t\t\t\t<\/div>\n\n\t\n\n<\/div>\n<div class=\"row\"  id=\"row-229462144\">\n\n\n\t<div id=\"col-1118285850\" class=\"col medium-6 small-12 large-6\"  >\n\t\t\t\t<div class=\"col-inner\"  >\n\t\t\t\n\t\t\t\n\n<h3>Testauslaitteet ja -asetukset<\/h3>\n<p>ASTM D3420 -testien tekemiseen tarvitaan kalibroitu heiluri-iskumittari. . <a href=\"https:\/\/www.impacttesting.net\/fi\/pendulum-impact-tester\/\"><strong>PIT-01 heiluri-iskutesteri<\/strong><\/a> osoitteesta <strong>Cell Instruments<\/strong> on erinomainen ratkaisu, joka t\u00e4ytt\u00e4\u00e4 t\u00e4ysin ASTM D3420:n vaatimukset ja tarjoaa:<\/p>\n<ul>\n<li>Tarkka energiamittaus (0,5 J - 5,0 J)<\/li>\n<li>Valinnaiset painot joustavia testausalueita varten<\/li>\n<li>Digitaalinen lukema helpottaa tietojen tallentamista<\/li>\n<li>Kaksi vaihdettavaa iskup\u00e4\u00e4t\u00e4 menettely\u00e4 A (60 mm:n aukko) ja menettely\u00e4 B (89 mm:n aukko) varten.<\/li>\n<\/ul>\n<p>Testaaja on asennettava tasaiselle pinnalle ja kiinnitett\u00e4v\u00e4 kunnolla korkeamman energian testej\u00e4 varten.<\/p>\n\n\t\t<\/div>\n\t\t\t\t\t<\/div>\n\n\t\n\n\t<div id=\"col-2090169834\" class=\"col medium-6 small-12 large-6\"  >\n\t\t\t\t<div class=\"col-inner\"  >\n\t\t\t\n\t\t\t\n\n<h3>N\u00e4ytteen valmistelu ja k\u00e4sittely<\/h3>\n<p>N\u00e4ytteiden asianmukainen valmistelu takaa tarkat ja toistettavat tulokset. Noudata seuraavia ohjeita:<\/p>\n<ul>\n<li><strong>N\u00e4ytetyyppi<\/strong>: K\u00e4yt\u00e4 py\u00f6reit\u00e4 tai neli\u00f6nmuotoisia kalvon\u00e4ytteit\u00e4, joiden halkaisija on 100 mm tai 100 \u00d7 100 mm.<\/li>\n<li><strong>Paksuus<\/strong>: Mittaa mikrometrill\u00e4 0,00125 mm:n tarkkuudella.<\/li>\n<li><strong>Ehdollistaminen<\/strong>: Esivalmistellaan n\u00e4ytteet 23 \u00b1 2 \u00b0C:ssa ja 50 \u00b1 10%:n suhteellisessa kosteudessa (ASTM D618:n mukaan) v\u00e4hint\u00e4\u00e4n 40 tunnin ajan.<\/li>\n<\/ul>\n<p>Varmista, ett\u00e4 n\u00e4ytteet ovat <strong>vailla taitteita, vikoja tai ep\u00e4tasaista paksuutta.<\/strong>mik\u00e4 voi v\u00e4\u00e4rist\u00e4\u00e4 tuloksia.<\/p>\n\n\t\t<\/div>\n\t\t\t\t\t<\/div>\n\n\t\n\n<\/div>\n\n\t\t<\/div>\n\t\t\t\t\t<\/div>\n\n\t\n\n<\/div>\n<div class=\"row\"  id=\"row-1982368070\">\n\n\n\t<div id=\"col-1937112701\" class=\"col small-12 large-12\"  >\n\t\t\t\t<div class=\"col-inner\"  >\n\t\t\t\n\t\t\t\n\n<div class=\"row\"  id=\"row-827527436\">\n\n\n\t<div id=\"col-813101946\" class=\"col small-12 large-12\"  >\n\t\t\t\t<div class=\"col-inner\"  >\n\t\t\t\n\t\t\t\n\n<div class=\"row\"  id=\"row-1533008230\">\n\n\n\t<div id=\"col-523626518\" class=\"col small-12 large-12\"  >\n\t\t\t\t<div class=\"col-inner\"  >\n\t\t\t\n\t\t\t\n\n\t<div id=\"text-730014812\" class=\"text\">\n\t\t\n\n<h2>Yleiskatsaus heiluri-iskutestausmenettelyyn<\/h2>\n\t\t\n<style>\n#text-730014812 {\n  font-size: 1.3rem;\n  text-align: center;\n}\n<\/style>\n\t<\/div>\n\t\n\n\t\t<\/div>\n\t\t\t\t\t<\/div>\n\n\t\n\n<\/div>\n<div class=\"row align-bottom align-center\"  id=\"row-211621187\">\n\n\n\t<div id=\"col-2015317127\" class=\"col medium-7 small-12 large-7\"  >\n\t\t\t\t<div class=\"col-inner\"  >\n\t\t\t\n\t\t\t\n\n<ol>\n<li><strong>Kiinnit\u00e4 n\u00e4yte<\/strong> kahden py\u00f6re\u00e4n levyn v\u00e4liss\u00e4.<\/li>\n<li><strong>Nosta ja lukitse heiluri<\/strong> alkuasentoonsa.<\/li>\n<li><strong>Nollaa lukema<\/strong> ja tarkista, ett\u00e4 se on oikein kohdistettu.<\/li>\n<li><strong>Vapauta heiluri<\/strong> iske\u00e4 n\u00e4ytteen keskelle.<\/li>\n<li><strong>Lue energia-arvo<\/strong> digitaalisesta tai analogisesta valitsimesta.<\/li>\n<\/ol>\n<p>Testi toistetaan v\u00e4hint\u00e4\u00e4n viidelle n\u00e4ytteelle, jotta saadaan keskiarvo raportointia varten.<\/p>\n<p>Huomautus: Jos heiluri ei l\u00e4vist\u00e4 kalvoa, lis\u00e4\u00e4 iskuenergiaa lis\u00e4\u00e4m\u00e4ll\u00e4 lis\u00e4painoja tai k\u00e4ytt\u00e4m\u00e4ll\u00e4 ohuempaa n\u00e4ytett\u00e4.<\/p>\n\n\t\t<\/div>\n\t\t\t\t\t<\/div>\n\n\t\n\n\t<div id=\"col-1247394720\" class=\"col medium-5 small-12 large-5\"  >\n\t\t\t\t<div class=\"col-inner\"  >\n\t\t\t\n\t\t\t\n\n<div class=\"video video-fit mb\" style=\"padding-top:56.25%;\"><iframe title=\"ASTM D3420 heiluri iskunkest\u00e4vyysmittari muovikalvoille Levyt iskunkest\u00e4vyysmittari\" width=\"1020\" height=\"574\" src=\"https:\/\/www.youtube.com\/embed\/vEx4esxMESw?feature=oembed\" frameborder=\"0\" allow=\"accelerometer; autoplay; clipboard-write; encrypted-media; gyroscope; picture-in-picture; web-share\" referrerpolicy=\"strict-origin-when-cross-origin\" allowfullscreen><\/iframe><\/div>\n\n\n\t\t<\/div>\n\t\t\t\t\t<\/div>\n\n\t\n\n<\/div>\n\n\t\t<\/div>\n\t\t\t\t\t<\/div>\n\n\t\n\n<\/div>\n\n\t\t<\/div>\n\t\t\t\t\t<\/div>\n\n\t\n\n<\/div>\n<div class=\"row\"  id=\"row-702149538\">\n\n\n\t<div id=\"col-1790146284\" class=\"col small-12 large-12\"  >\n\t\t\t\t<div class=\"col-inner\"  >\n\t\t\t\n\t\t\t\n\n<div class=\"row\"  id=\"row-363307032\">\n\n\n\t<div id=\"col-1440515574\" class=\"col small-12 large-12\"  >\n\t\t\t\t<div class=\"col-inner\"  >\n\t\t\t\n\t\t\t\n\n<div class=\"row\"  id=\"row-1514272946\">\n\n\n\t<div id=\"col-354538290\" class=\"col small-12 large-12\"  >\n\t\t\t\t<div class=\"col-inner\"  >\n\t\t\t\n\t\t\t\n\n\t<div id=\"text-349075890\" class=\"text\">\n\t\t\n\n<h2>Tietojen tulkinta ja tulosten analysointi<\/h2>\n\t\t\n<style>\n#text-349075890 {\n  font-size: 1.3rem;\n  text-align: center;\n}\n<\/style>\n\t<\/div>\n\t\n\n\t\t<\/div>\n\t\t\t\t\t<\/div>\n\n\t\n\n<\/div>\n<div class=\"row align-middle align-center\"  id=\"row-1532766423\">\n\n\n\t<div id=\"col-1731795541\" class=\"col medium-5 small-12 large-5\"  >\n\t\t\t\t<div class=\"col-inner\"  >\n\t\t\t\n\t\t\t\n\n<ol>\n<li>Lopputulos edustaa energiaa (jouleina), joka tarvitaan kalvon l\u00e4vist\u00e4miseen. T\u00e4m\u00e4 on suora mittari materiaalin iskunkest\u00e4vyydelle. Suuremmat arvot osoittavat kovempia kalvoja.<\/li>\n<li>Materiaaleja tai eri\u00e4 vertailtaessa on eritt\u00e4in t\u00e4rke\u00e4\u00e4 varmistaa, ett\u00e4 paksuus, ymp\u00e4rist\u00f6olosuhteet ja puristinasetukset ovat yhdenmukaiset vaihtelun poistamiseksi.<\/li>\n<\/ol>\n\n\t\t<\/div>\n\t\t\t\t\t<\/div>\n\n\t\n\n\t<div id=\"col-1799335066\" class=\"col medium-5 small-12 large-5\"  >\n\t\t\t\t<div class=\"col-inner\"  >\n\t\t\t\n\t\t\t\n\n\t<div class=\"img has-hover x md-x lg-x y md-y lg-y\" id=\"image_1957290554\">\n\t\t\t\t\t\t\t\t<div class=\"img-inner dark\" >\n\t\t\t<img decoding=\"async\" width=\"600\" height=\"440\" src=\"https:\/\/www.impacttesting.net\/wp-content\/uploads\/2025\/12\/ASTM-D3420-Pendulum-Impact-Resistance-of-Plastic-Film.webp\" class=\"attachment-large size-large\" alt=\"ASTM D3420 Muovikalvon heilurin iskunkest\u00e4vyys\" srcset=\"https:\/\/www.impacttesting.net\/wp-content\/uploads\/2025\/12\/ASTM-D3420-Pendulum-Impact-Resistance-of-Plastic-Film.webp 600w, https:\/\/www.impacttesting.net\/wp-content\/uploads\/2025\/12\/ASTM-D3420-Pendulum-Impact-Resistance-of-Plastic-Film-545x400.webp 545w\" sizes=\"(max-width: 600px) 100vw, 600px\" \/>\t\t\t\t\t\t\n\t\t\t\t\t<\/div>\n\t\t\t\t\t\t\t\t\n<style>\n#image_1957290554 {\n  width: 100%;\n}\n<\/style>\n\t<\/div>\n\t\n\n\n\t\t<\/div>\n\t\t\t\t\t<\/div>\n\n\t\n\n<\/div>\n\n\t\t<\/div>\n\t\t\t\t\t<\/div>\n\n\t\n\n<\/div>\n\n\t\t<\/div>\n\t\t\t\t\t<\/div>\n\n\t\n\n<\/div>\n\n\t\t<\/div>\n\n\t\t\n<style>\n#section_1774144569 {\n  padding-top: 30px;\n  padding-bottom: 30px;\n}\n<\/style>\n\t<\/section>\n\t\n\t<section class=\"section\" id=\"section_2116582381\">\n\t\t<div class=\"bg section-bg fill bg-fill  bg-loaded\" >\n\n\t\t\t\n\t\t\t\n\t\t\t\n\n\t\t<\/div>\n\n\t\t\n\n\t\t<div class=\"section-content relative\">\n\t\t\t\n\n<div class=\"row\"  id=\"row-376555301\">\n\n\n\t<div id=\"col-1463487831\" class=\"col small-12 large-12\"  >\n\t\t\t\t<div class=\"col-inner\"  >\n\t\t\t\n\t\t\t\n\n<div class=\"row align-center\"  id=\"row-611234143\">\n\n\n\t<div id=\"col-234163116\" class=\"col small-12 large-12\"  >\n\t\t\t\t<div class=\"col-inner\"  >\n\t\t\t\n\t\t\t\n\n\t<div id=\"text-3654769586\" class=\"text\">\n\t\t\n\n<h2>Miksi valita Impacttesting.netin<br \/>PIT-01 heiluri-iskutesteri<\/h2>\n\t\t\n<style>\n#text-3654769586 {\n  font-size: 1.4rem;\n  text-align: center;\n}\n<\/style>\n\t<\/div>\n\t\n\n\t\t<\/div>\n\t\t\t\t\t<\/div>\n\n\t\n\n\t<div id=\"col-647788421\" class=\"col small-12 large-12\"  >\n\t\t\t\t<div class=\"col-inner\"  >\n\t\t\t\n\t\t\t\n\n<p>The <a href=\"https:\/\/www.impacttesting.net\/fi\/pendulum-impact-tester\/\"><strong>PIT-01 heiluri-iskutesteri<\/strong><\/a> Impacttesting.netin kehittynyt tekniikka ja k\u00e4ytt\u00e4j\u00e4yst\u00e4v\u00e4llinen k\u00e4ytt\u00f6liittym\u00e4 tekev\u00e4t siit\u00e4 ihanteellisen:<\/p>\n\n\t\t<\/div>\n\t\t\t\t\t<\/div>\n\n\t\n\n\t<div id=\"col-2129206660\" class=\"col medium-7 small-12 large-7\"  >\n\t\t\t\t<div class=\"col-inner text-center\"  >\n\t\t\t\n\t\t\t\n\n\t<div id=\"text-2003358915\" class=\"text\">\n\t\t\n\n<p>Pakkauskalvon laadunvalvonta<br \/>T&amp;K-laboratoriotestaus<br \/>Vaatimustenmukaisuus <a href=\"https:\/\/www.impacttesting.net\/fi\/astm-d3420\/\"><strong>ASTM D3420<\/strong><\/a> ja niihin liittyv\u00e4t standardit<\/p>\n\t\t\n<style>\n#text-2003358915 {\n  font-size: 1.1rem;\n  line-height: 1.3;\n}\n<\/style>\n\t<\/div>\n\t\n\t<div id=\"text-476555267\" class=\"text\">\n\t\t\n\n<p>Ottamalla k\u00e4ytt\u00f6\u00f6n PIT-01:n k\u00e4ytt\u00e4j\u00e4t saavat luottamuksen siihen, ett\u00e4 <strong>tarkkuus, toistettavuus ja tehokkuus<\/strong> vaikutusten testausprosesseista.<\/p>\n\t\t\n<style>\n#text-476555267 {\n  font-size: 1.1rem;\n}\n<\/style>\n\t<\/div>\n\t\n<a href=\"https:\/\/www.impacttesting.net\/fi\/contact-us\/\" class=\"button primary is-outline\"  style=\"border-radius:99px;\">\n    <span>Ota yhteytt\u00e4<\/span>\n  <i class=\"icon-chat\" aria-hidden=\"true\" ><\/i><\/a>\n\n\n\n\t\t<\/div>\n\t\t\t\t\t<\/div>\n\n\t\n\n\t<div id=\"col-1857228218\" class=\"col medium-4 small-12 large-4\"  >\n\t\t\t\t<div class=\"col-inner text-center\"  >\n\t\t\t\n\t\t\t\n\n\n<div class=\"wpcf7 no-js\" id=\"wpcf7-f10-o1\" lang=\"en-US\" dir=\"ltr\" data-wpcf7-id=\"10\">\n<div class=\"screen-reader-response\"><p role=\"status\" aria-live=\"polite\" aria-atomic=\"true\"><\/p> <ul><\/ul><\/div>\n<form action=\"\/fi\/wp-json\/wp\/v2\/pages\/59#wpcf7-f10-o1\" method=\"post\" class=\"wpcf7-form init\" aria-label=\"Contact form\" novalidate=\"novalidate\" data-status=\"init\" data-trp-original-action=\"\/fi\/wp-json\/wp\/v2\/pages\/59#wpcf7-f10-o1\">\n<fieldset class=\"hidden-fields-container\"><input type=\"hidden\" name=\"_wpcf7\" value=\"10\" \/><input type=\"hidden\" name=\"_wpcf7_version\" value=\"6.1.4\" \/><input type=\"hidden\" name=\"_wpcf7_locale\" value=\"en_US\" \/><input type=\"hidden\" name=\"_wpcf7_unit_tag\" value=\"wpcf7-f10-o1\" \/><input type=\"hidden\" name=\"_wpcf7_container_post\" value=\"0\" \/><input type=\"hidden\" name=\"_wpcf7_posted_data_hash\" value=\"\" \/><input type=\"hidden\" name=\"_wpcf7_recaptcha_response\" value=\"\" \/>\n<\/fieldset>\n<p><span class=\"wpcf7-form-control-wrap\" data-name=\"Name\"><input size=\"40\" maxlength=\"400\" class=\"wpcf7-form-control wpcf7-text\" aria-invalid=\"false\" placeholder=\"Nimesi\" value=\"\" type=\"text\" name=\"Name\" \/><\/span><br \/>\n<span class=\"wpcf7-form-control-wrap\" data-name=\"Comapany\"><input size=\"40\" maxlength=\"400\" class=\"wpcf7-form-control wpcf7-text\" aria-invalid=\"false\" placeholder=\"Yrityksenne\" value=\"\" type=\"text\" name=\"Comapany\" \/><\/span><br \/>\n<span class=\"wpcf7-form-control-wrap\" data-name=\"Email\"><input size=\"40\" maxlength=\"400\" class=\"wpcf7-form-control wpcf7-email wpcf7-validates-as-required wpcf7-text wpcf7-validates-as-email\" aria-required=\"true\" aria-invalid=\"false\" placeholder=\"S\u00e4hk\u00f6postiosoitteesi*\" value=\"\" type=\"email\" name=\"Email\" \/><\/span><br \/>\n<span class=\"wpcf7-form-control-wrap\" data-name=\"Message\"><textarea cols=\"40\" rows=\"10\" maxlength=\"2000\" class=\"wpcf7-form-control wpcf7-textarea\" aria-invalid=\"false\" placeholder=\"Viesti\" name=\"Message\"><\/textarea><\/span>\n<\/p>\n<p><input class=\"wpcf7-form-control wpcf7-submit has-spinner\" type=\"submit\" value=\"L\u00e4het\u00e4\" \/>\n<\/p><div class=\"wpcf7-response-output\" aria-hidden=\"true\"><\/div>\n<input type=\"hidden\" name=\"trp-form-language\" value=\"fi\"\/><\/form>\n<\/div>\n\n\n\n\t\t<\/div>\n\t\t\t\t\t<\/div>\n\n\t\n\n<\/div>\n\n\t\t<\/div>\n\t\t\t\t\t<\/div>\n\n\t\n\n<\/div>\n\n\t\t<\/div>\n\n\t\t\n<style>\n#section_2116582381 {\n  padding-top: 30px;\n  padding-bottom: 30px;\n  background-color: rgb(232, 234, 241);\n}\n<\/style>\n\t<\/section>","protected":false},"excerpt":{"rendered":"","protected":false},"author":1,"featured_media":0,"parent":0,"menu_order":0,"comment_status":"closed","ping_status":"closed","template":"page-blank.php","meta":{"footnotes":""},"class_list":["post-59","page","type-page","status-publish","hentry"],"_links":{"self":[{"href":"https:\/\/www.impacttesting.net\/fi\/wp-json\/wp\/v2\/pages\/59","targetHints":{"allow":["GET"]}}],"collection":[{"href":"https:\/\/www.impacttesting.net\/fi\/wp-json\/wp\/v2\/pages"}],"about":[{"href":"https:\/\/www.impacttesting.net\/fi\/wp-json\/wp\/v2\/types\/page"}],"author":[{"embeddable":true,"href":"https:\/\/www.impacttesting.net\/fi\/wp-json\/wp\/v2\/users\/1"}],"replies":[{"embeddable":true,"href":"https:\/\/www.impacttesting.net\/fi\/wp-json\/wp\/v2\/comments?post=59"}],"version-history":[{"count":5,"href":"https:\/\/www.impacttesting.net\/fi\/wp-json\/wp\/v2\/pages\/59\/revisions"}],"predecessor-version":[{"id":75,"href":"https:\/\/www.impacttesting.net\/fi\/wp-json\/wp\/v2\/pages\/59\/revisions\/75"}],"wp:attachment":[{"href":"https:\/\/www.impacttesting.net\/fi\/wp-json\/wp\/v2\/media?parent=59"}],"curies":[{"name":"wp","href":"https:\/\/api.w.org\/{rel}","templated":true}]}}