{"id":48,"date":"2025-12-24T03:25:25","date_gmt":"2025-12-24T03:25:25","guid":{"rendered":"https:\/\/www.impacttesting.net\/?page_id=48"},"modified":"2025-12-24T05:48:32","modified_gmt":"2025-12-24T05:48:32","slug":"pendulum-impact-tester","status":"publish","type":"page","link":"https:\/\/www.impacttesting.net\/fi\/pendulum-impact-tester\/","title":{"rendered":"PIT-01 heiluri-iskutesteri"},"content":{"rendered":"<section class=\"section\" id=\"section_1669880209\">\n\t\t<div class=\"bg section-bg fill bg-fill  bg-loaded\" >\n\n\t\t\t\n\t\t\t\n\t\t\t\n\n\t\t<\/div>\n\n\t\t\n\n\t\t<div class=\"section-content relative\">\n\t\t\t\n\n<div class=\"row\"  id=\"row-865757548\">\n\n\n\t<div id=\"col-933973796\" class=\"col small-12 large-12\"  >\n\t\t\t\t<div class=\"col-inner\" style=\"background-color:rgb(92, 171, 188);\" >\n\t\t\t\n\t\t\t\n\n<div class=\"row\"  id=\"row-1295020065\">\n\n\n\t<div id=\"col-643846546\" class=\"col small-12 large-12\"  >\n\t\t\t\t<div class=\"col-inner\"  >\n\t\t\t\n\t\t\t\n\n\t<div id=\"text-1915897496\" class=\"text\">\n\t\t\n\n<h1>PIT-01 heiluri-iskutesteri<\/h1>\n\t\t\n<style>\n#text-1915897496 {\n  font-size: 1.5rem;\n  text-align: center;\n}\n<\/style>\n\t<\/div>\n\t\n\n\t\t<\/div>\n\t\t\t\t\n<style>\n#col-643846546 > .col-inner {\n  padding: 50px 10px 10px 10px;\n}\n<\/style>\n\t<\/div>\n\n\t\n\n<\/div>\n<div class=\"row align-middle align-center\"  id=\"row-958841733\">\n\n\n\t<div id=\"col-1446597976\" class=\"col medium-11 small-12 large-11\"  >\n\t\t\t\t<div class=\"col-inner\"  >\n\t\t\t\n\t\t\t\n\n<div class=\"row align-middle align-center\"  id=\"row-1811053505\">\n\n\n\t<div id=\"col-444542115\" class=\"col medium-7 small-12 large-7\"  >\n\t\t\t\t<div class=\"col-inner\"  >\n\t\t\t\n\t\t\t\n\n<div class=\"row\"  id=\"row-1767818506\">\n\n\n\t<div id=\"col-22063026\" class=\"col small-12 large-12\"  >\n\t\t\t\t<div class=\"col-inner text-center\"  >\n\t\t\t\n\t\t\t\n\n\t<div id=\"text-371092788\" class=\"text\">\n\t\t\n\n<p>The <strong>heiluri-iskutesteri<\/strong> mittaa materiaalin kyky\u00e4 vastustaa \u00e4killisi\u00e4 iskuja tallentamalla energian, joka tarvitaan repe\u00e4m\u00e4n tai tunkeutumisen aiheuttamiseen. <a href=\"https:\/\/www.impacttesting.net\/fi\/astm-d3420\/\"><strong>ASTM D3420<\/strong><\/a> tarjoaa standardoidun menetelm\u00e4n muovikalvojen iskunkest\u00e4vyyden arvioimiseksi, mik\u00e4 takaa johdonmukaisen laadunvalvonnan ja materiaalin karakterisoinnin. Yleisesti testattuja materiaaleja ovat <strong>muovikalvot, laminaatit, komposiitit, kalvot ja paperi, joita k\u00e4ytet\u00e4\u00e4n pakkauksissa.<\/strong>, auto- ja rakennussovellukset.<\/p>\n\t\t\n<style>\n#text-371092788 {\n  color: rgb(0, 0, 0);\n}\n#text-371092788 > * {\n  color: rgb(0, 0, 0);\n}\n<\/style>\n\t<\/div>\n\t\n\n\t\t<\/div>\n\t\t\t\t\t<\/div>\n\n\t\n\n\t<div id=\"col-72556185\" class=\"col small-12 large-12\"  >\n\t\t\t\t<div class=\"col-inner text-center\"  >\n\t\t\t\n\t\t\t\n\n<a href=\"https:\/\/www.impacttesting.net\/fi\/contact-us\/\" class=\"button primary is-outline\"  style=\"border-radius:99px;\">\n    <span>Ota yhteytt\u00e4<\/span>\n  <i class=\"icon-chat\" aria-hidden=\"true\" ><\/i><\/a>\n\n\n\n\t\t<\/div>\n\t\t\t\t\t<\/div>\n\n\t\n\n<\/div>\n\n\t\t<\/div>\n\t\t\t\t\t<\/div>\n\n\t\n\n\t<div id=\"col-2101197330\" class=\"col medium-4 small-12 large-4\"  >\n\t\t\t\t<div class=\"col-inner\"  >\n\t\t\t\n\t\t\t\n\n<div class=\"row\"  id=\"row-1979951576\">\n\n\n\t<div id=\"col-844538692\" class=\"col small-12 large-12\"  >\n\t\t\t\t<div class=\"col-inner\"  >\n\t\t\t\n\t\t\t\n\n\t<div class=\"img has-hover x md-x lg-x y md-y lg-y\" id=\"image_122134739\">\n\t\t\t\t\t\t\t\t<div class=\"img-inner dark\" >\n\t\t\t<img decoding=\"async\" width=\"728\" height=\"800\" src=\"https:\/\/www.impacttesting.net\/wp-content\/uploads\/2025\/12\/Pendulum-Impact-Tester-ASTM-D3420-amp-Spencer-Impact-Test-Impact-Testing-728x800.webp\" class=\"attachment-large size-large\" alt=\"Heiluri-iskutesti - ASTM D3420 &amp; Spencer Impact Test - Iskutestaus - Iskutestaus\" srcset=\"https:\/\/www.impacttesting.net\/wp-content\/uploads\/2025\/12\/Pendulum-Impact-Tester-ASTM-D3420-amp-Spencer-Impact-Test-Impact-Testing-728x800.webp 728w, https:\/\/www.impacttesting.net\/wp-content\/uploads\/2025\/12\/Pendulum-Impact-Tester-ASTM-D3420-amp-Spencer-Impact-Test-Impact-Testing-364x400.webp 364w, https:\/\/www.impacttesting.net\/wp-content\/uploads\/2025\/12\/Pendulum-Impact-Tester-ASTM-D3420-amp-Spencer-Impact-Test-Impact-Testing-768x844.webp 768w, https:\/\/www.impacttesting.net\/wp-content\/uploads\/2025\/12\/Pendulum-Impact-Tester-ASTM-D3420-amp-Spencer-Impact-Test-Impact-Testing-1397x1536.webp 1397w, https:\/\/www.impacttesting.net\/wp-content\/uploads\/2025\/12\/Pendulum-Impact-Tester-ASTM-D3420-amp-Spencer-Impact-Test-Impact-Testing.webp 1558w\" sizes=\"(max-width: 728px) 100vw, 728px\" \/>\t\t\t\t\t\t\n\t\t\t\t\t<\/div>\n\t\t\t\t\t\t\t\t\n<style>\n#image_122134739 {\n  width: 100%;\n}\n<\/style>\n\t<\/div>\n\t\n\n\n\t\t<\/div>\n\t\t\t\t\t<\/div>\n\n\t\n\n<\/div>\n\n\t\t<\/div>\n\t\t\t\t\t<\/div>\n\n\t\n\n<\/div>\n\n\t\t<\/div>\n\t\t\t\t\t<\/div>\n\n\t\n\n<\/div>\n\n\t\t<\/div>\n\t\t\t\t\t<\/div>\n\n\t\n\n\n<style>\n#row-865757548 > .col > .col-inner {\n  border-radius: 25px;\n}\n<\/style>\n<\/div>\n\n\t\t<\/div>\n\n\t\t\n<style>\n#section_1669880209 {\n  padding-top: 30px;\n  padding-bottom: 30px;\n}\n<\/style>\n\t<\/section>\n\t\n\t<section class=\"section\" id=\"section_665712196\">\n\t\t<div class=\"bg section-bg fill bg-fill  bg-loaded\" >\n\n\t\t\t\n\t\t\t\n\t\t\t\n\n\t\t<\/div>\n\n\t\t\n\n\t\t<div class=\"section-content relative\">\n\t\t\t\n\n<div class=\"row\"  id=\"row-654802070\">\n\n\n\t<div id=\"col-772498378\" class=\"col small-12 large-12\"  >\n\t\t\t\t<div class=\"col-inner\"  >\n\t\t\t\n\t\t\t\n\n<div class=\"row\"  id=\"row-1804924397\">\n\n\n\t<div id=\"col-747722349\" class=\"col small-12 large-12\"  >\n\t\t\t\t<div class=\"col-inner\"  >\n\t\t\t\n\t\t\t\n\n<div class=\"row\"  id=\"row-1273232168\">\n\n\n\t<div id=\"col-717180436\" class=\"col small-12 large-12\"  >\n\t\t\t\t<div class=\"col-inner\"  >\n\t\t\t\n\t\t\t\n\n\t<div id=\"text-1546234747\" class=\"text\">\n\t\t\n\n<h2>Miten heiluri-iskutesteri toimii<\/h2>\n\t\t\n<style>\n#text-1546234747 {\n  font-size: 1.3rem;\n  text-align: center;\n}\n<\/style>\n\t<\/div>\n\t\n<p>The <strong>PIT-01 heiluri-iskutesteri<\/strong> by <strong>Impacttesting.net<\/strong> on suunniteltu tuottamaan tarkkoja ja toistettavia iskunkest\u00e4vyysmittauksia. Testausprosessiin kuuluu:<\/p>\n\n\t\t<\/div>\n\t\t\t\t\t<\/div>\n\n\t\n\n<\/div>\n<div class=\"row align-middle\"  id=\"row-1137893506\">\n\n\n\t<div id=\"col-1958529473\" class=\"col medium-6 small-12 large-6\"  >\n\t\t\t\t<div class=\"col-inner\"  >\n\t\t\t\n\t\t\t\n\n<ol>\n<li>N\u00e4ytteen valmistelu: N\u00e4yte valitaan paksuudeltaan ja koostumukseltaan tasainen.<\/li>\n<li>N\u00e4ytteen kiinnitys: Kalvo kiinnitet\u00e4\u00e4n paikalleen pneumaattisella kiinnitysj\u00e4rjestelm\u00e4ll\u00e4.<\/li>\n<li>Heilurin vapauttaminen: Heiluri, joka on varustettu iskup\u00e4\u00e4ll\u00e4, vapautuu automaattisesti ennalta m\u00e4\u00e4ritellyst\u00e4 korkeudesta.<\/li>\n<li>Vaikutusten mittaaminen: Materiaalin iskun yhteydess\u00e4 absorboima energia kirjataan.<\/li>\n<li>Tietojen analysointi: Tulokset n\u00e4ytet\u00e4\u00e4n digitaalisessa k\u00e4ytt\u00f6liittym\u00e4ss\u00e4, jossa on valinnainen mikrotulostin v\u00e4lit\u00f6nt\u00e4 raportointia varten.<\/li>\n<\/ol>\n\n\t\t<\/div>\n\t\t\t\t\t<\/div>\n\n\t\n\n\t<div id=\"col-339482263\" class=\"col medium-6 small-12 large-6\"  >\n\t\t\t\t<div class=\"col-inner\"  >\n\t\t\t\n\t\t\t\n\n<div class=\"video video-fit mb\" style=\"padding-top:56.25%;\"><iframe title=\"ASTM D3420 heiluri iskunkest\u00e4vyysmittari muovikalvoille Levyt iskunkest\u00e4vyysmittari\" width=\"1020\" height=\"574\" src=\"https:\/\/www.youtube.com\/embed\/vEx4esxMESw?feature=oembed\" frameborder=\"0\" allow=\"accelerometer; autoplay; clipboard-write; encrypted-media; gyroscope; picture-in-picture; web-share\" referrerpolicy=\"strict-origin-when-cross-origin\" allowfullscreen><\/iframe><\/div>\n\n\n\t\t<\/div>\n\t\t\t\t\t<\/div>\n\n\t\n\n<\/div>\n\n\t\t<\/div>\n\t\t\t\t\t<\/div>\n\n\t\n\n<\/div>\n\n\t\t<\/div>\n\t\t\t\t\t<\/div>\n\n\t\n\n<\/div>\n<div class=\"row\"  id=\"row-2084351770\">\n\n\n\t<div id=\"col-21481097\" class=\"col small-12 large-12\"  >\n\t\t\t\t<div class=\"col-inner\"  >\n\t\t\t\n\t\t\t\n\n<div class=\"row\"  id=\"row-445462124\">\n\n\n\t<div id=\"col-108675860\" class=\"col small-12 large-12\"  >\n\t\t\t\t<div class=\"col-inner\"  >\n\t\t\t\n\t\t\t\n\n\t<div id=\"text-852156031\" class=\"text\">\n\t\t\n\n<h2>ASTM D3420 ja Spencerin iskutesti<\/h2>\n\t\t\n<style>\n#text-852156031 {\n  font-size: 1.3rem;\n  text-align: center;\n}\n<\/style>\n\t<\/div>\n\t\n\n\t\t<\/div>\n\t\t\t\t\t<\/div>\n\n\t\n\n\t<div id=\"col-1223639256\" class=\"col small-12 large-12\"  >\n\t\t\t\t<div class=\"col-inner\"  >\n\t\t\t\n\t\t\t\n\n<h3>ASTM D3420 - Testimenetelm\u00e4 muovikalvon heilurin iskunkest\u00e4vyydelle<\/h3>\n<p><a href=\"https:\/\/www.impacttesting.net\/fi\/astm-d3420\/\">ASTM D3420<\/a> m\u00e4\u00e4ritell\u00e4\u00e4n menetelm\u00e4, jolla m\u00e4\u00e4ritet\u00e4\u00e4n <strong>muovikalvojen iskunkest\u00e4vyys<\/strong> mittaamalla energiaa, joka tarvitaan heiluri-iskulaitteen l\u00e4p\u00e4isemiseen testikappaleen l\u00e4pi. Testi on suunniteltu antamaan tietoa materiaalin dynaamisesta vetok\u00e4ytt\u00e4ytymisest\u00e4 suurissa rasitusnopeusolosuhteissa, mik\u00e4 tekee siit\u00e4 olennaisen t\u00e4rke\u00e4n pakkausmateriaalien arvioinnissa.<\/p>\n<p>ASTM D3420:n keskeisi\u00e4 n\u00e4k\u00f6kohtia ovat:<\/p>\n<p>Mitataan energiah\u00e4vi\u00f6, joka aiheutuu heilurikoettimen iskusta testikappaleeseen.<br \/>Kaksi menettely\u00e4 (A ja B), joiden otoskoko on erilainen, ja joissa on <strong>Menettely B, josta k\u00e4ytet\u00e4\u00e4n usein nimityst\u00e4 Spencerin iskukoe.<\/strong>.<br \/>T\u00e4rke\u00e4 sovelluksissa, joissa vaaditaan suurta iskunkest\u00e4vyytt\u00e4, kuten elintarvike- ja l\u00e4\u00e4kepakkauskalvoissa.<\/p>\n<h3>Spencerin iskukoe: Erikoistunut muunnelma<\/h3>\n<p>The <strong>Spencerin iskutesti<\/strong> on ASTM D3420 -standardin muunnos, joka liittyy tyypillisesti seuraaviin tuotteisiin <strong>Menettely B<\/strong>, joka k\u00e4ytt\u00e4\u00e4 <strong>89 mm halkaisijaltaan oleva n\u00e4ytteen kiinnitin<\/strong>. Menetelm\u00e4\u00e4 k\u00e4ytet\u00e4\u00e4n laajalti joustavissa pakkauksissa k\u00e4ytett\u00e4vien kalvojen arvioinnissa, jolla varmistetaan, ett\u00e4 materiaalit kest\u00e4v\u00e4t mekaanista rasitusta repe\u00e4m\u00e4tt\u00e4 tai puhkeamatta.<\/p>\n\n\t\t<\/div>\n\t\t\t\t\t<\/div>\n\n\t\n\n<\/div>\n\n\t\t<\/div>\n\t\t\t\t\t<\/div>\n\n\t\n\n<\/div>\n<div class=\"row\"  id=\"row-40585291\">\n\n\n\t<div id=\"col-1057448560\" class=\"col small-12 large-12\"  >\n\t\t\t\t<div class=\"col-inner\"  >\n\t\t\t\n\t\t\t\n\n<div class=\"row\"  id=\"row-1445395969\">\n\n\n\t<div id=\"col-366206036\" class=\"col small-12 large-12\"  >\n\t\t\t\t<div class=\"col-inner\"  >\n\t\t\t\n\t\t\t\n\n\t<div id=\"text-2076596815\" class=\"text\">\n\t\t\n\n<h2>PIT-01 heiluri-iskutesteri<\/h2>\n\t\t\n<style>\n#text-2076596815 {\n  font-size: 1.3rem;\n  text-align: center;\n}\n<\/style>\n\t<\/div>\n\t\n\n\t\t<\/div>\n\t\t\t\t\t<\/div>\n\n\t\n\n<\/div>\n<div class=\"row\"  id=\"row-206349875\">\n\n\n\t<div id=\"col-29681167\" class=\"col medium-6 small-12 large-6\"  >\n\t\t\t\t<div class=\"col-inner\"  >\n\t\t\t\n\t\t\t\n\n<h3>T\u00e4rkeimm\u00e4t ominaisuudet:<\/h3>\n<p>Cell Instruments' PIT-01 Pendulum Impact Tester tarjoaa edistyksellisi\u00e4 ominaisuuksia materiaalien tarkkaan testaamiseen:<\/p>\n<ul>\n<li>PLC-ohjaus ja HMI-kosketusn\u00e4ytt\u00f6 helppoa k\u00e4ytt\u00f6\u00e4 varten.<\/li>\n<li>Pneumaattinen n\u00e4ytteen kiinnitys vakaan asemoinnin varmistamiseksi.<\/li>\n<li>Automaattinen heilurin laukaisu johdonmukaista iskunkest\u00e4vyytt\u00e4 varten.<\/li>\n<li>Automaattiset tilastotiedot ja mikrotulostin tehokkaaseen tulosten dokumentointiin.<\/li>\n<li>Tarkka kulmamittaus tarkkoja energialaskelmia varten.<\/li>\n<li>RS232-portti ja ohjelmisto (lis\u00e4varuste) edistynytt\u00e4 tietojen analysointia varten.<\/li>\n<\/ul>\n\n\t\t<\/div>\n\t\t\t\t\t<\/div>\n\n\t\n\n\t<div id=\"col-1198911724\" class=\"col medium-6 small-12 large-6\"  >\n\t\t\t\t<div class=\"col-inner\"  >\n\t\t\t\n\t\t\t\n\n<h3>Tekniset tiedot:<\/h3>\n<table width=\"360\">\n<tbody>\n<tr>\n<td style=\"text-align: center;\" width=\"143\">Vaikutusenergia<\/td>\n<td style=\"text-align: center;\" width=\"217\">1 J, 2 J, 3 J<\/td>\n<\/tr>\n<tr>\n<td style=\"text-align: center;\" width=\"143\">P\u00e4\u00e4t\u00f6slauselma<\/td>\n<td style=\"text-align: center;\" width=\"217\">\u00a00.001 J<\/td>\n<\/tr>\n<tr>\n<td style=\"text-align: center;\" width=\"143\">Iskup\u00e4\u00e4n koko<\/td>\n<td style=\"text-align: center;\" width=\"217\">\u042425,4, \u042419, \u042412,7 mm, \u042425,4, \u042419, \u042412,7 mm.\u00a0<\/td>\n<\/tr>\n<tr>\n<td style=\"text-align: center;\" width=\"143\">N\u00e4ytteen kiinnitin<\/td>\n<td style=\"text-align: center;\" width=\"217\">Pneumaattinen puristin<\/td>\n<\/tr>\n<tr>\n<td style=\"text-align: center;\" width=\"143\">Puristimen halkaisija<\/td>\n<td style=\"text-align: center;\" width=\"217\">\u042489 mm, \u042460 mm<\/td>\n<\/tr>\n<tr>\n<td style=\"text-align: center;\" width=\"143\">Kaasun toimitus<\/td>\n<td style=\"text-align: center;\" width=\"217\">0,6 MPa \u03a66 mm PU-putki<\/td>\n<\/tr>\n<tr>\n<td style=\"text-align: center;\" width=\"143\">N\u00e4ytteen koko<\/td>\n<td style=\"text-align: center;\" width=\"217\">100*100 mm tai \u0424100 mm<\/td>\n<\/tr>\n<tr>\n<td style=\"text-align: center;\" width=\"143\">Virtal\u00e4hde\u00a0<\/td>\n<td style=\"text-align: center;\" width=\"217\">AC 110~220V 50Hz<\/td>\n<\/tr>\n<\/tbody>\n<\/table>\n\n\t\t<\/div>\n\t\t\t\t\t<\/div>\n\n\t\n\n<\/div>\n\n\t\t<\/div>\n\t\t\t\t\t<\/div>\n\n\t\n\n<\/div>\n\n\t\t<\/div>\n\n\t\t\n<style>\n#section_665712196 {\n  padding-top: 30px;\n  padding-bottom: 30px;\n}\n<\/style>\n\t<\/section>\n\t\n\t<section class=\"section\" id=\"section_137747389\">\n\t\t<div class=\"bg section-bg fill bg-fill  bg-loaded\" >\n\n\t\t\t\n\t\t\t\n\t\t\t\n\n\t\t<\/div>\n\n\t\t\n\n\t\t<div class=\"section-content relative\">\n\t\t\t\n\n<div class=\"row\"  id=\"row-1824247868\">\n\n\n\t<div id=\"col-1409190873\" class=\"col small-12 large-12\"  >\n\t\t\t\t<div class=\"col-inner\"  >\n\t\t\t\n\t\t\t\n\n<div class=\"row align-equal align-center\"  id=\"row-1548805166\">\n\n\n\t<div id=\"col-627398023\" class=\"col small-12 large-12\"  >\n\t\t\t\t<div class=\"col-inner\"  >\n\t\t\t\n\t\t\t\n\n\t<div id=\"text-1575829053\" class=\"text\">\n\t\t\n\n<h2>Miksi valita Impacttesting.netin<br \/>PIT-01 heiluri-iskutesteri<\/h2>\n\t\t\n<style>\n#text-1575829053 {\n  font-size: 1.4rem;\n  text-align: center;\n}\n<\/style>\n\t<\/div>\n\t\n\n\t\t<\/div>\n\t\t\t\t\t<\/div>\n\n\t\n\n\t<div id=\"col-67883944\" class=\"col medium-6 small-12 large-6\"  >\n\t\t\t\t<div class=\"col-inner text-center\"  >\n\t\t\t\n\t\t\t\n\n\t<div id=\"text-2048382117\" class=\"text\">\n\t\t\n\n<p>Integroimalla <strong>heiluri-iskutestaus<\/strong> laadunvalvontaprosesseihin, voit parantaa tuotteiden kest\u00e4vyytt\u00e4 ja noudattaa alan standardeja. <strong>Impacttesting.net<\/strong> tarjoaa huipputeknisi\u00e4 ratkaisuja materiaalien testaustarpeisiin.<\/p>\n\t\t\n<style>\n#text-2048382117 {\n  font-size: 1.1rem;\n  line-height: 2;\n}\n<\/style>\n\t<\/div>\n\t\n<a href=\"https:\/\/www.impacttesting.net\/fi\/contact-us\/\" class=\"button primary is-outline\"  style=\"border-radius:99px;\">\n    <span>Ota yhteytt\u00e4<\/span>\n  <i class=\"icon-chat\" aria-hidden=\"true\" ><\/i><\/a>\n\n\n\n\t\t<\/div>\n\t\t\t\t\t<\/div>\n\n\t\n\n\t<div id=\"col-1613967028\" class=\"col medium-4 small-12 large-4\"  >\n\t\t\t\t<div class=\"col-inner text-center\"  >\n\t\t\t\n\t\t\t\n\n\n<div class=\"wpcf7 no-js\" id=\"wpcf7-f10-o1\" lang=\"en-US\" dir=\"ltr\" data-wpcf7-id=\"10\">\n<div class=\"screen-reader-response\"><p role=\"status\" aria-live=\"polite\" aria-atomic=\"true\"><\/p> <ul><\/ul><\/div>\n<form action=\"\/fi\/wp-json\/wp\/v2\/pages\/48#wpcf7-f10-o1\" method=\"post\" class=\"wpcf7-form init\" aria-label=\"Contact form\" novalidate=\"novalidate\" data-status=\"init\" data-trp-original-action=\"\/fi\/wp-json\/wp\/v2\/pages\/48#wpcf7-f10-o1\">\n<fieldset class=\"hidden-fields-container\"><input type=\"hidden\" name=\"_wpcf7\" value=\"10\" \/><input type=\"hidden\" name=\"_wpcf7_version\" value=\"6.1.4\" \/><input type=\"hidden\" name=\"_wpcf7_locale\" value=\"en_US\" \/><input type=\"hidden\" name=\"_wpcf7_unit_tag\" value=\"wpcf7-f10-o1\" \/><input type=\"hidden\" name=\"_wpcf7_container_post\" value=\"0\" \/><input type=\"hidden\" name=\"_wpcf7_posted_data_hash\" value=\"\" \/><input type=\"hidden\" name=\"_wpcf7_recaptcha_response\" value=\"\" \/>\n<\/fieldset>\n<p><span class=\"wpcf7-form-control-wrap\" data-name=\"Name\"><input size=\"40\" maxlength=\"400\" class=\"wpcf7-form-control wpcf7-text\" aria-invalid=\"false\" placeholder=\"Nimesi\" value=\"\" type=\"text\" name=\"Name\" \/><\/span><br \/>\n<span class=\"wpcf7-form-control-wrap\" data-name=\"Comapany\"><input size=\"40\" maxlength=\"400\" class=\"wpcf7-form-control wpcf7-text\" aria-invalid=\"false\" placeholder=\"Yrityksenne\" value=\"\" type=\"text\" name=\"Comapany\" \/><\/span><br \/>\n<span class=\"wpcf7-form-control-wrap\" data-name=\"Email\"><input size=\"40\" maxlength=\"400\" class=\"wpcf7-form-control wpcf7-email wpcf7-validates-as-required wpcf7-text wpcf7-validates-as-email\" aria-required=\"true\" aria-invalid=\"false\" placeholder=\"S\u00e4hk\u00f6postiosoitteesi*\" value=\"\" type=\"email\" name=\"Email\" \/><\/span><br \/>\n<span class=\"wpcf7-form-control-wrap\" data-name=\"Message\"><textarea cols=\"40\" rows=\"10\" maxlength=\"2000\" class=\"wpcf7-form-control wpcf7-textarea\" aria-invalid=\"false\" placeholder=\"Viesti\" name=\"Message\"><\/textarea><\/span>\n<\/p>\n<p><input class=\"wpcf7-form-control wpcf7-submit has-spinner\" type=\"submit\" value=\"L\u00e4het\u00e4\" \/>\n<\/p><div class=\"wpcf7-response-output\" aria-hidden=\"true\"><\/div>\n<input type=\"hidden\" name=\"trp-form-language\" value=\"fi\"\/><\/form>\n<\/div>\n\n\n\n\t\t<\/div>\n\t\t\t\t\t<\/div>\n\n\t\n\n<\/div>\n\n\t\t<\/div>\n\t\t\t\t\t<\/div>\n\n\t\n\n<\/div>\n\n\t\t<\/div>\n\n\t\t\n<style>\n#section_137747389 {\n  padding-top: 30px;\n  padding-bottom: 30px;\n  background-color: rgb(232, 234, 241);\n}\n<\/style>\n\t<\/section>","protected":false},"excerpt":{"rendered":"","protected":false},"author":1,"featured_media":0,"parent":0,"menu_order":0,"comment_status":"closed","ping_status":"closed","template":"page-blank.php","meta":{"footnotes":""},"class_list":["post-48","page","type-page","status-publish","hentry"],"_links":{"self":[{"href":"https:\/\/www.impacttesting.net\/fi\/wp-json\/wp\/v2\/pages\/48","targetHints":{"allow":["GET"]}}],"collection":[{"href":"https:\/\/www.impacttesting.net\/fi\/wp-json\/wp\/v2\/pages"}],"about":[{"href":"https:\/\/www.impacttesting.net\/fi\/wp-json\/wp\/v2\/types\/page"}],"author":[{"embeddable":true,"href":"https:\/\/www.impacttesting.net\/fi\/wp-json\/wp\/v2\/users\/1"}],"replies":[{"embeddable":true,"href":"https:\/\/www.impacttesting.net\/fi\/wp-json\/wp\/v2\/comments?post=48"}],"version-history":[{"count":5,"href":"https:\/\/www.impacttesting.net\/fi\/wp-json\/wp\/v2\/pages\/48\/revisions"}],"predecessor-version":[{"id":72,"href":"https:\/\/www.impacttesting.net\/fi\/wp-json\/wp\/v2\/pages\/48\/revisions\/72"}],"wp:attachment":[{"href":"https:\/\/www.impacttesting.net\/fi\/wp-json\/wp\/v2\/media?parent=48"}],"curies":[{"name":"wp","href":"https:\/\/api.w.org\/{rel}","templated":true}]}}