{"id":85,"date":"2025-12-24T07:51:49","date_gmt":"2025-12-24T07:51:49","guid":{"rendered":"https:\/\/www.impacttesting.net\/?page_id=85"},"modified":"2025-12-24T07:51:49","modified_gmt":"2025-12-24T07:51:49","slug":"iso-7765-1","status":"publish","type":"page","link":"https:\/\/www.impacttesting.net\/et\/iso-7765-1\/","title":{"rendered":"ISO 7765-1"},"content":{"rendered":"<section class=\"section\" id=\"section_284840813\">\n\t\t<div class=\"bg section-bg fill bg-fill  bg-loaded\" >\n\n\t\t\t\n\t\t\t\n\t\t\t\n\n\t\t<\/div>\n\n\t\t\n\n\t\t<div class=\"section-content relative\">\n\t\t\t\n\n<div class=\"row\"  id=\"row-2032183592\">\n\n\n\t<div id=\"col-454696935\" class=\"col small-12 large-12\"  >\n\t\t\t\t<div class=\"col-inner\" style=\"background-color:rgb(92, 171, 188);\" >\n\t\t\t\n\t\t\t\n\n<div class=\"row\"  id=\"row-952282372\">\n\n\n\t<div id=\"col-184633234\" class=\"col small-12 large-12\"  >\n\t\t\t\t<div class=\"col-inner\"  >\n\t\t\t\n\t\t\t\n\n\t<div id=\"text-2603174468\" class=\"text\">\n\t\t\n\n<h1>ISO 7765-1<\/h1>\n\t\t\n<style>\n#text-2603174468 {\n  font-size: 1.5rem;\n  text-align: center;\n}\n<\/style>\n\t<\/div>\n\t\n\t<div id=\"text-1002471073\" class=\"text\">\n\t\t\n\n<h2>Vabalt langeva noole meetod<\/h2>\n\t\t\n<style>\n#text-1002471073 {\n  text-align: center;\n}\n<\/style>\n\t<\/div>\n\t\n\n\t\t<\/div>\n\t\t\t\t\n<style>\n#col-184633234 > .col-inner {\n  padding: 50px 10px 10px 10px;\n}\n<\/style>\n\t<\/div>\n\n\t\n\n<\/div>\n<div class=\"row align-middle align-center\"  id=\"row-1948173074\">\n\n\n\t<div id=\"col-1704525087\" class=\"col medium-11 small-12 large-11\"  >\n\t\t\t\t<div class=\"col-inner\"  >\n\t\t\t\n\t\t\t\n\n<div class=\"row align-center\"  id=\"row-1541311029\">\n\n\n\t<div id=\"col-1383953729\" class=\"col medium-7 small-12 large-7\"  >\n\t\t\t\t<div class=\"col-inner\"  >\n\t\t\t\n\t\t\t\n\n<div class=\"row\"  id=\"row-743127689\">\n\n\n\t<div id=\"col-1520264560\" class=\"col small-12 large-12\"  >\n\t\t\t\t<div class=\"col-inner text-center\"  >\n\t\t\t\n\t\t\t\n\n\t<div id=\"text-299501798\" class=\"text\">\n\t\t\n\n<p>Vastuv\u00f5tmine <a href=\"https:\/\/www.impacttesting.net\/et\/iso-7765-1\/\"><strong>ISO 7765-1<\/strong><\/a> ja kasutades <strong>vabalt langeva noole meetod<\/strong> annab materjali- ja pakendispetsialistidele v\u00f5imaluse t\u00e4pselt hinnata <strong>l\u00f6\u00f6gikindlus<\/strong>, tagades, et kiled vastavad vastupidavus- ja ohutusstandarditele. <strong>ISO 7765-1<\/strong> sobib ideaalselt plastkilede ja -lehtede jaoks, mida kasutatakse pakendamisel, p\u00f5llumajanduses, meditsiinis ja t\u00f6\u00f6stuses.<\/p>\n\t\t\n<style>\n#text-299501798 {\n  color: rgb(0, 0, 0);\n}\n#text-299501798 > * {\n  color: rgb(0, 0, 0);\n}\n<\/style>\n\t<\/div>\n\t\n\n\t\t<\/div>\n\t\t\t\t\t<\/div>\n\n\t\n\n\t<div id=\"col-1153767706\" class=\"col small-12 large-12\"  >\n\t\t\t\t<div class=\"col-inner text-center\"  >\n\t\t\t\n\t\t\t\n\n<a href=\"https:\/\/www.impacttesting.net\/et\/contact-us\/\" class=\"button primary is-outline\"  style=\"border-radius:99px;\">\n    <span>V\u00f5tke meiega \u00fchendust<\/span>\n  <i class=\"icon-chat\" aria-hidden=\"true\" ><\/i><\/a>\n\n\n\n\t\t<\/div>\n\t\t\t\t\t<\/div>\n\n\t\n\n<\/div>\n\n\t\t<\/div>\n\t\t\t\t\t<\/div>\n\n\t\n\n\t<div id=\"col-1107822830\" class=\"col medium-4 small-12 large-4\"  >\n\t\t\t\t<div class=\"col-inner\"  >\n\t\t\t\n\t\t\t\n\n<div class=\"row\"  id=\"row-1661205727\">\n\n\n\t<div id=\"col-2069591683\" class=\"col small-12 large-12\"  >\n\t\t\t\t<div class=\"col-inner\"  >\n\t\t\t\n\t\t\t\n\n\t<div class=\"img has-hover x md-x lg-x y md-y lg-y\" id=\"image_999651143\">\n\t\t\t\t\t\t\t\t<div class=\"img-inner dark\" >\n\t\t\t<img decoding=\"async\" width=\"600\" height=\"440\" src=\"https:\/\/www.impacttesting.net\/wp-content\/uploads\/2025\/12\/ISO-7765-1-Free-Falling-Dart-Method.webp\" class=\"attachment-large size-large\" alt=\"ISO 7765-1 Vabalt langeva noole meetod\" srcset=\"https:\/\/www.impacttesting.net\/wp-content\/uploads\/2025\/12\/ISO-7765-1-Free-Falling-Dart-Method.webp 600w, https:\/\/www.impacttesting.net\/wp-content\/uploads\/2025\/12\/ISO-7765-1-Free-Falling-Dart-Method-545x400.webp 545w\" sizes=\"(max-width: 600px) 100vw, 600px\" \/>\t\t\t\t\t\t\n\t\t\t\t\t<\/div>\n\t\t\t\t\t\t\t\t\n<style>\n#image_999651143 {\n  width: 100%;\n}\n<\/style>\n\t<\/div>\n\t\n\n\n\t\t<\/div>\n\t\t\t\t\t<\/div>\n\n\t\n\n<\/div>\n\n\t\t<\/div>\n\t\t\t\t\t<\/div>\n\n\t\n\n<\/div>\n\n\t\t<\/div>\n\t\t\t\t\t<\/div>\n\n\t\n\n<\/div>\n\n\t\t<\/div>\n\t\t\t\t\t<\/div>\n\n\t\n\n\n<style>\n#row-2032183592 > .col > .col-inner {\n  border-radius: 25px;\n}\n<\/style>\n<\/div>\n\n\t\t<\/div>\n\n\t\t\n<style>\n#section_284840813 {\n  padding-top: 30px;\n  padding-bottom: 30px;\n}\n<\/style>\n\t<\/section>\n\t\n\t<section class=\"section\" id=\"section_990627389\">\n\t\t<div class=\"bg section-bg fill bg-fill  bg-loaded\" >\n\n\t\t\t\n\t\t\t\n\t\t\t\n\n\t\t<\/div>\n\n\t\t\n\n\t\t<div class=\"section-content relative\">\n\t\t\t\n\n<div class=\"row\"  id=\"row-1605578474\">\n\n\n\t<div id=\"col-1517020371\" class=\"col small-12 large-12\"  >\n\t\t\t\t<div class=\"col-inner\"  >\n\t\t\t\n\t\t\t\n\n<div class=\"row\"  id=\"row-671501960\">\n\n\n\t<div id=\"col-332898338\" class=\"col small-12 large-12\"  >\n\t\t\t\t<div class=\"col-inner\"  >\n\t\t\t\n\t\t\t\n\n\t<div id=\"text-2546248410\" class=\"text\">\n\t\t\n\n<h2>ISO 7765-1 ja selle t\u00e4htsus<\/h2>\n\t\t\n<style>\n#text-2546248410 {\n  font-size: 1.3rem;\n  text-align: center;\n}\n<\/style>\n\t<\/div>\n\t\n\n\t\t<\/div>\n\t\t\t\t\t<\/div>\n\n\t\n\n\t<div id=\"col-619448407\" class=\"col small-12 large-12\"  >\n\t\t\t\t<div class=\"col-inner\"  >\n\t\t\t\n\t\t\t\n\n<p>M\u00f5istmine ja rakendamine <strong>ISO 7765-1<\/strong> on oluline plastkilede ja paindlike materjalidega t\u00f6\u00f6tavate spetsialistide jaoks. Selles rahvusvahelises standardis kirjeldatakse menetlust, mille abil m\u00e4\u00e4ratakse kindlaks <strong>l\u00f6\u00f6gikindlus<\/strong> plastkilest, kasutades <strong>vabalt langeva noole meetod<\/strong>, mis on oluline kvaliteedikontrolli test. Selle meetodi t\u00e4pne rakendamine aitab tootjatel hinnata, kui h\u00e4sti materjal peab vastu l\u00f6\u00f6kkoormusele - see on vastupidavuse ja toimivuse n\u00e4itaja tegelikes rakendustes. Sellistes t\u00f6\u00f6stusharudes nagu pakendid, farmaatsiatooted, elektroonika ja toiduained tagab ISO 7765-1 j\u00e4rgimine usaldusv\u00e4\u00e4rsuse, j\u00e4rjepidevuse ja vastavuse \u00fclemaailmsetele standarditele.<\/p>\n\n\t\t<\/div>\n\t\t\t\t\t<\/div>\n\n\t\n\n<\/div>\n\n\t\t<\/div>\n\t\t\t\t\t<\/div>\n\n\t\n\n<\/div>\n<div class=\"row\"  id=\"row-1921856870\">\n\n\n\t<div id=\"col-1000828732\" class=\"col small-12 large-12\"  >\n\t\t\t\t<div class=\"col-inner\"  >\n\t\t\t\n\t\t\t\n\n<div class=\"row\"  id=\"row-1233304883\">\n\n\n\t<div id=\"col-1368704112\" class=\"col small-12 large-12\"  >\n\t\t\t\t<div class=\"col-inner\"  >\n\t\t\t\n\t\t\t\n\n<div class=\"row\"  id=\"row-1276004039\">\n\n\n\t<div id=\"col-1702543292\" class=\"col small-12 large-12\"  >\n\t\t\t\t<div class=\"col-inner\"  >\n\t\t\t\n\t\t\t\n\n\t<div id=\"text-2112437345\" class=\"text\">\n\t\t\n\n<h2>Vabalt langeva noole meetodi m\u00f5istmine<\/h2>\n\t\t\n<style>\n#text-2112437345 {\n  font-size: 1.3rem;\n  text-align: center;\n}\n<\/style>\n\t<\/div>\n\t\n\n\t\t<\/div>\n\t\t\t\t\t<\/div>\n\n\t\n\n<\/div>\n<div class=\"row align-middle\"  id=\"row-1984046194\">\n\n\n\t<div id=\"col-729040165\" class=\"col medium-7 small-12 large-7\"  >\n\t\t\t\t<div class=\"col-inner\"  >\n\t\t\t\n\t\t\t\n\n<div><strong>ISO 7765-1<\/strong> m\u00e4\u00e4rab kindlaks katsemeetodi, millega m\u00e4\u00e4ratakse kindlaks energia, mis on vajalik, et vabalt langeva noole l\u00f6\u00f6gi tagaj\u00e4rjel tekiks plastkilede purunemine. Katsega m\u00e4\u00e4ratakse kindlaks <strong>l\u00f6\u00f6gikahjustuse mass<\/strong>, mis on m\u00e4\u00e4ratletud kui torkemass, mis p\u00f5hjustab 50% katsekehade l\u00e4bikukkumise standardiseeritud tingimustes.<\/div>\n<div>On kaks peamist menetlust:<\/div>\n<ul>\n<li><strong>Meetod A<\/strong> kasutab <strong>38 mm<\/strong> l\u00e4bim\u00f5\u00f5duga tikand, mis on langenud <strong>0,66 meetrit<\/strong>.<\/li>\n<li><strong>Meetod B<\/strong> kasutab <strong>50 mm<\/strong> l\u00e4bim\u00f5\u00f5duga tikand, mis on langenud <strong>1,5 meetrit<\/strong>.<\/li>\n<\/ul>\n<p>Iga meetod on m\u00f5eldud erinevate materjalit\u00fc\u00fcpide ja paksuste jaoks ning saadud tulemused ei ole omavahel asendatavad.<\/p>\n\n\t\t<\/div>\n\t\t\t\t\t<\/div>\n\n\t\n\n\t<div id=\"col-1235664003\" class=\"col medium-5 small-12 large-5\"  >\n\t\t\t\t<div class=\"col-inner\"  >\n\t\t\t\n\t\t\t\n\n\t<div class=\"img has-hover x md-x lg-x y md-y lg-y\" id=\"image_210911657\">\n\t\t<a class=\"\" href=\"https:\/\/www.impacttesting.net\/et\/falling-dart-impact-tester\/\" >\t\t\t\t\t\t<div class=\"img-inner dark\" >\n\t\t\t<img decoding=\"async\" width=\"600\" height=\"440\" src=\"https:\/\/www.impacttesting.net\/wp-content\/uploads\/2025\/12\/ISO-7765-1-Free-Falling-Dart-Method.webp\" class=\"attachment-large size-large\" alt=\"ISO 7765-1 Vabalt langeva noole meetod\" srcset=\"https:\/\/www.impacttesting.net\/wp-content\/uploads\/2025\/12\/ISO-7765-1-Free-Falling-Dart-Method.webp 600w, https:\/\/www.impacttesting.net\/wp-content\/uploads\/2025\/12\/ISO-7765-1-Free-Falling-Dart-Method-545x400.webp 545w\" sizes=\"(max-width: 600px) 100vw, 600px\" \/>\t\t\t\t\t\t\n\t\t\t\t\t<\/div>\n\t\t\t\t\t\t<\/a>\t\t\n<style>\n#image_210911657 {\n  width: 100%;\n}\n<\/style>\n\t<\/div>\n\t\n\n\n\t\t<\/div>\n\t\t\t\t\t<\/div>\n\n\t\n\n<\/div>\n\n\t\t<\/div>\n\t\t\t\t\t<\/div>\n\n\t\n\n<\/div>\n\n\t\t<\/div>\n\t\t\t\t\t<\/div>\n\n\t\n\n<\/div>\n<div class=\"row\"  id=\"row-525789910\">\n\n\n\t<div id=\"col-492347574\" class=\"col small-12 large-12\"  >\n\t\t\t\t<div class=\"col-inner\"  >\n\t\t\t\n\t\t\t\n\n<div class=\"row\"  id=\"row-1896383363\">\n\n\n\t<div id=\"col-414392924\" class=\"col small-12 large-12\"  >\n\t\t\t\t<div class=\"col-inner\"  >\n\t\t\t\n\t\t\t\n\n\t<div id=\"text-1699764812\" class=\"text\">\n\t\t\n\n<h2>Vabalt langeva noole meetod: Olulisus ja protseduurid<\/h2>\n\t\t\n<style>\n#text-1699764812 {\n  font-size: 1.3rem;\n  text-align: center;\n}\n<\/style>\n\t<\/div>\n\t\n\n\t\t<\/div>\n\t\t\t\t\t<\/div>\n\n\t\n\n<\/div>\n<div class=\"row\"  id=\"row-2050365461\">\n\n\n\t<div id=\"col-57034451\" class=\"col medium-6 small-12 large-6\"  >\n\t\t\t\t<div class=\"col-inner\"  >\n\t\t\t\n\t\t\t\n\n<h3>Testi ettevalmistamine<\/h3>\n<p>Enne testi l\u00e4biviimist:<\/p>\n<ul>\n<li><strong>Konditsiooniproovid<\/strong> temperatuuril 23\u00b0C \u00b1 2\u00b0C ja 50% \u00b1 5% RH v\u00e4hemalt 40 tundi.<\/li>\n<li>Valige proovid, millel on <strong>\u00fchtlane paksus<\/strong> (\u00b110% nimiv\u00e4\u00e4rtusest).<\/li>\n<li>Kasutage <strong>30 v\u00f5i enam proovi<\/strong> statistilise asjakohasuse tagamiseks.<\/li>\n<\/ul>\n\n\t\t<\/div>\n\t\t\t\t\t<\/div>\n\n\t\n\n\t<div id=\"col-584043979\" class=\"col medium-6 small-12 large-6\"  >\n\t\t\t\t<div class=\"col-inner\"  >\n\t\t\t\n\t\t\t\n\n<h3>N\u00f5uded seadmetele<\/h3>\n<div>Standardne katseseadeldis sisaldab:<\/div>\n<ul>\n<li>A <strong>poolkerakujulise peaga nool<\/strong> ja eemaldatavad lisaraskused.<\/li>\n<li>An <strong>elektromagnet v\u00f5i mehaaniline<\/strong> kontrollitud tilkumise vabastamismehhanism.<\/li>\n<li>A <strong>kaheosaline klambers\u00fcsteem<\/strong> et hoida n\u00e4idist kindlalt kinni.<\/li>\n<li>A <strong>mikromeeter<\/strong> t\u00e4pseks paksuse m\u00f5\u00f5tmiseks.<\/li>\n<li><strong>Ohutuskaitse<\/strong> kaitsta kasutajaid ja seadmeid.<\/li>\n<\/ul>\n\n\t\t<\/div>\n\t\t\t\t\t<\/div>\n\n\t\n\n<\/div>\n<div class=\"row align-middle\"  id=\"row-1824887205\">\n\n\n\t<div id=\"col-2113198799\" class=\"col small-12 large-12\"  >\n\t\t\t\t<div class=\"col-inner\"  >\n\t\t\t\n\t\t\t\n\n\t<div id=\"text-3165385514\" class=\"text\">\n\t\t\n\n<h3>Noolte l\u00f6\u00f6gikindluskatse l\u00e4biviimine<\/h3>\n\t\t\n<style>\n#text-3165385514 {\n  text-align: center;\n}\n<\/style>\n\t<\/div>\n\t\n\n\t\t<\/div>\n\t\t\t\t\t<\/div>\n\n\t\n\n\t<div id=\"col-823422022\" class=\"col medium-6 small-12 large-6\"  >\n\t\t\t\t<div class=\"col-inner\"  >\n\t\t\t\n\t\t\t\n\n<h4>1. Valige katsemeetod (A v\u00f5i B):<\/h4>\n<ul>\n<li><strong>Meetod A<\/strong>: 38 mm nool, 0,66 m k\u00f5rgus.<\/li>\n<li><strong>Meetod B<\/strong>: 50 mm nool, 1,5 m k\u00f5rgune kukkumise k\u00f5rgus.<\/li>\n<\/ul>\n<h4>2. Valmistage n\u00e4idis ette ja klammerdage see:<\/h4>\n<p>Veenduge, et kile on lame ja kortsudeta. Vajaduse korral kasutage libisemisvastaseid meetmeid, n\u00e4iteks krookusepaberit v\u00f5i abrasiivset paberit.<\/p>\n<h4>3. Seadistage tiku- ja inkrementaalkaalud:<\/h4>\n<p>Alustage teadaoleva massiga ja suurendage v\u00f5i v\u00e4hendage seda rikete tulemuste p\u00f5hjal, kuni on kindlaks tehtud 50% rikete arv.<\/p>\n\n\t\t<\/div>\n\t\t\t\t\t<\/div>\n\n\t\n\n\t<div id=\"col-802248736\" class=\"col medium-6 small-12 large-6\"  >\n\t\t\t\t<div class=\"col-inner\"  >\n\t\t\t\n\t\t\t\n\n<div class=\"video video-fit mb\" style=\"padding-top:56.25%;\"><iframe title=\"langeva tiku l\u00f6\u00f6gikatsekeha plastikfooliumile ja -lehtedele Meetod A ja meetod B ASTM D1709 ISO 7765-1\" width=\"1020\" height=\"574\" src=\"https:\/\/www.youtube.com\/embed\/a3_9M0x3w7U?feature=oembed\" frameborder=\"0\" allow=\"accelerometer; autoplay; clipboard-write; encrypted-media; gyroscope; picture-in-picture; web-share\" referrerpolicy=\"strict-origin-when-cross-origin\" allowfullscreen><\/iframe><\/div>\n\n\n\t\t<\/div>\n\t\t\t\t\t<\/div>\n\n\t\n\n\t<div id=\"col-1146567392\" class=\"col small-12 large-12\"  >\n\t\t\t\t<div class=\"col-inner\"  >\n\t\t\t\n\t\t\t\n\n<h4>4. Vabastage Tikk:<\/h4>\n<p>Kasutage elektromagnetit v\u00f5i \u00f5huvabastust, et lasta tikand vertikaalselt proovi keskele.<\/p>\n<h4>5. Salvestage tulemused:<\/h4>\n<p>M\u00e4rkige, kas n\u00e4idis eba\u00f5nnestub (l\u00e4bil\u00f5igatud v\u00f5i rebenenud) v\u00f5i j\u00e4\u00e4b ellu. J\u00e4tkake, kuni saate statistiliselt v\u00e4lja arvutada l\u00f6\u00f6gikahjustuse massi.<\/p>\n<h4>6. Anal\u00fc\u00fcsige tulemusi:<\/h4>\n<p>Hinnake tulemusi, v\u00f5ttes arvesse proovi paksust, materjali konsistentsi ja vigade arvu. ISO 7765-1 tulemused v\u00f5ivad olla kasulikud materjalide v\u00f5rdlemiseks, kuid neid ei tohiks normida erinevate paksuste puhul.<\/p>\n\n\t\t<\/div>\n\t\t\t\t\t<\/div>\n\n\t\n\n<\/div>\n\n\t\t<\/div>\n\t\t\t\t\t<\/div>\n\n\t\n\n<\/div>\n\n\t\t<\/div>\n\n\t\t\n<style>\n#section_990627389 {\n  padding-top: 30px;\n  padding-bottom: 30px;\n}\n<\/style>\n\t<\/section>\n\t\n\t<section class=\"section\" id=\"section_827918432\">\n\t\t<div class=\"bg section-bg fill bg-fill  bg-loaded\" >\n\n\t\t\t\n\t\t\t\n\t\t\t\n\n\t\t<\/div>\n\n\t\t\n\n\t\t<div class=\"section-content relative\">\n\t\t\t\n\n<div class=\"row\"  id=\"row-509476156\">\n\n\n\t<div id=\"col-697926758\" class=\"col small-12 large-12\"  >\n\t\t\t\t<div class=\"col-inner\"  >\n\t\t\t\n\t\t\t\n\n<div class=\"row align-center\"  id=\"row-767380308\">\n\n\n\t<div id=\"col-277767336\" class=\"col small-12 large-12\"  >\n\t\t\t\t<div class=\"col-inner\"  >\n\t\t\t\n\t\t\t\n\n\t<div id=\"text-4182188631\" class=\"text\">\n\t\t\n\n<h2>Miks valida Impacttesting.net'i<br \/>FDT-01 Dart Drop Tester<\/h2>\n\t\t\n<style>\n#text-4182188631 {\n  font-size: 1.4rem;\n  text-align: center;\n}\n<\/style>\n\t<\/div>\n\t\n\n\t\t<\/div>\n\t\t\t\t\t<\/div>\n\n\t\n\n\t<div id=\"col-1141752065\" class=\"col small-12 large-12\"  >\n\t\t\t\t<div class=\"col-inner\"  >\n\t\t\t\n\t\t\t\n\n<p>T\u00e4psuse, korratavuse ja vastavuse tagamiseks <strong>ISO 7765-1<\/strong>, soovitame <strong>FDT-01 <a href=\"https:\/\/www.impacttesting.net\/et\/falling-dart-impact-tester\/\">Dart Impact Tester <\/a><\/strong>poolt <strong>Impacttesting.net<\/strong>.<\/p>\n\n\t\t<\/div>\n\t\t\t\t\t<\/div>\n\n\t\n\n\t<div id=\"col-924447998\" class=\"col medium-7 small-12 large-7\"  >\n\t\t\t\t<div class=\"col-inner text-center\"  >\n\t\t\t\n\t\t\t\n\n\t<div id=\"text-3865823034\" class=\"text\">\n\t\t\n\n<p class=\"\" data-start=\"4386\" data-end=\"4422\">T\u00e4pne tikut\u00e4he k\u00f5rguse reguleerimine.<br \/>Lihtne proovi kinnitamine pneumaatiliste klambritega.<br \/>Reaalajas toimuv m\u00f5juandmete kogumine ja anal\u00fc\u00fcs.<br \/>Vastavus nii meetodile A kui ka meetodile B.<\/p>\n\t\t\n<style>\n#text-3865823034 {\n  font-size: 1.1rem;\n  line-height: 1.3;\n}\n<\/style>\n\t<\/div>\n\t\n\t<div id=\"text-1495081464\" class=\"text\">\n\t\t\n\n<p class=\"\" data-start=\"4676\" data-end=\"4874\">Selle t\u00e4iustatud turvaelemendid ja digitaalne juhtimine minimeerivad inimlikud vead ja tagavad usaldusv\u00e4\u00e4rsed, korratavad tulemused, mist\u00f5ttu on see parim valik pakendikile tootjate, t\u00f6\u00f6tlejate ja kvaliteedikontrolli laborite jaoks.<\/p>\n\t\t\n<style>\n#text-1495081464 {\n  font-size: 1.1rem;\n}\n<\/style>\n\t<\/div>\n\t\n<a href=\"https:\/\/www.impacttesting.net\/et\/contact-us\/\" class=\"button primary is-outline\"  style=\"border-radius:99px;\">\n    <span>V\u00f5tke meiega \u00fchendust<\/span>\n  <i class=\"icon-chat\" aria-hidden=\"true\" ><\/i><\/a>\n\n\n\n\t\t<\/div>\n\t\t\t\t\t<\/div>\n\n\t\n\n\t<div id=\"col-1570057901\" class=\"col medium-4 small-12 large-4\"  >\n\t\t\t\t<div class=\"col-inner text-center\"  >\n\t\t\t\n\t\t\t\n\n\n<div class=\"wpcf7 no-js\" id=\"wpcf7-f10-o1\" lang=\"en-US\" dir=\"ltr\" data-wpcf7-id=\"10\">\n<div class=\"screen-reader-response\"><p role=\"status\" aria-live=\"polite\" aria-atomic=\"true\"><\/p> <ul><\/ul><\/div>\n<form action=\"\/et\/wp-json\/wp\/v2\/pages\/85#wpcf7-f10-o1\" method=\"post\" class=\"wpcf7-form init\" aria-label=\"Contact form\" novalidate=\"novalidate\" data-status=\"init\" data-trp-original-action=\"\/et\/wp-json\/wp\/v2\/pages\/85#wpcf7-f10-o1\">\n<fieldset class=\"hidden-fields-container\"><input type=\"hidden\" name=\"_wpcf7\" value=\"10\" \/><input type=\"hidden\" name=\"_wpcf7_version\" value=\"6.1.4\" \/><input type=\"hidden\" name=\"_wpcf7_locale\" value=\"en_US\" \/><input type=\"hidden\" name=\"_wpcf7_unit_tag\" value=\"wpcf7-f10-o1\" \/><input type=\"hidden\" name=\"_wpcf7_container_post\" value=\"0\" \/><input type=\"hidden\" name=\"_wpcf7_posted_data_hash\" value=\"\" \/><input type=\"hidden\" name=\"_wpcf7_recaptcha_response\" value=\"\" \/>\n<\/fieldset>\n<p><span class=\"wpcf7-form-control-wrap\" data-name=\"Name\"><input size=\"40\" maxlength=\"400\" class=\"wpcf7-form-control wpcf7-text\" aria-invalid=\"false\" placeholder=\"Teie nimi\" value=\"\" type=\"text\" name=\"Name\" \/><\/span><br \/>\n<span class=\"wpcf7-form-control-wrap\" data-name=\"Comapany\"><input size=\"40\" maxlength=\"400\" class=\"wpcf7-form-control wpcf7-text\" aria-invalid=\"false\" placeholder=\"Teie ettev\u00f5te\" value=\"\" type=\"text\" name=\"Comapany\" \/><\/span><br \/>\n<span class=\"wpcf7-form-control-wrap\" data-name=\"Email\"><input size=\"40\" maxlength=\"400\" class=\"wpcf7-form-control wpcf7-email wpcf7-validates-as-required wpcf7-text wpcf7-validates-as-email\" aria-required=\"true\" aria-invalid=\"false\" placeholder=\"Teie e-post*\" value=\"\" type=\"email\" name=\"Email\" \/><\/span><br \/>\n<span class=\"wpcf7-form-control-wrap\" data-name=\"Message\"><textarea cols=\"40\" rows=\"10\" maxlength=\"2000\" class=\"wpcf7-form-control wpcf7-textarea\" aria-invalid=\"false\" placeholder=\"S\u00f5num\" name=\"Message\"><\/textarea><\/span>\n<\/p>\n<p><input class=\"wpcf7-form-control wpcf7-submit has-spinner\" type=\"submit\" value=\"Esita\" \/>\n<\/p><div class=\"wpcf7-response-output\" aria-hidden=\"true\"><\/div>\n<input type=\"hidden\" name=\"trp-form-language\" value=\"et\"\/><\/form>\n<\/div>\n\n\n\n\t\t<\/div>\n\t\t\t\t\t<\/div>\n\n\t\n\n<\/div>\n\n\t\t<\/div>\n\t\t\t\t\t<\/div>\n\n\t\n\n<\/div>\n\n\t\t<\/div>\n\n\t\t\n<style>\n#section_827918432 {\n  padding-top: 30px;\n  padding-bottom: 30px;\n  background-color: rgb(232, 234, 241);\n}\n<\/style>\n\t<\/section>","protected":false},"excerpt":{"rendered":"","protected":false},"author":1,"featured_media":0,"parent":0,"menu_order":0,"comment_status":"closed","ping_status":"closed","template":"page-blank.php","meta":{"footnotes":""},"class_list":["post-85","page","type-page","status-publish","hentry"],"_links":{"self":[{"href":"https:\/\/www.impacttesting.net\/et\/wp-json\/wp\/v2\/pages\/85","targetHints":{"allow":["GET"]}}],"collection":[{"href":"https:\/\/www.impacttesting.net\/et\/wp-json\/wp\/v2\/pages"}],"about":[{"href":"https:\/\/www.impacttesting.net\/et\/wp-json\/wp\/v2\/types\/page"}],"author":[{"embeddable":true,"href":"https:\/\/www.impacttesting.net\/et\/wp-json\/wp\/v2\/users\/1"}],"replies":[{"embeddable":true,"href":"https:\/\/www.impacttesting.net\/et\/wp-json\/wp\/v2\/comments?post=85"}],"version-history":[{"count":2,"href":"https:\/\/www.impacttesting.net\/et\/wp-json\/wp\/v2\/pages\/85\/revisions"}],"predecessor-version":[{"id":87,"href":"https:\/\/www.impacttesting.net\/et\/wp-json\/wp\/v2\/pages\/85\/revisions\/87"}],"wp:attachment":[{"href":"https:\/\/www.impacttesting.net\/et\/wp-json\/wp\/v2\/media?parent=85"}],"curies":[{"name":"wp","href":"https:\/\/api.w.org\/{rel}","templated":true}]}}