{"id":79,"date":"2025-12-24T07:35:25","date_gmt":"2025-12-24T07:35:25","guid":{"rendered":"https:\/\/www.impacttesting.net\/?page_id=79"},"modified":"2025-12-24T07:35:25","modified_gmt":"2025-12-24T07:35:25","slug":"falling-dart-impact-tester","status":"publish","type":"page","link":"https:\/\/www.impacttesting.net\/et\/falling-dart-impact-tester\/","title":{"rendered":"FDT-01 kukkuva t\u00fcki l\u00f6\u00f6gi tester"},"content":{"rendered":"<section class=\"section\" id=\"section_1463017770\">\n\t\t<div class=\"bg section-bg fill bg-fill  bg-loaded\" >\n\n\t\t\t\n\t\t\t\n\t\t\t\n\n\t\t<\/div>\n\n\t\t\n\n\t\t<div class=\"section-content relative\">\n\t\t\t\n\n<div class=\"row\"  id=\"row-1934445090\">\n\n\n\t<div id=\"col-2125965744\" class=\"col small-12 large-12\"  >\n\t\t\t\t<div class=\"col-inner\" style=\"background-color:rgb(92, 171, 188);\" >\n\t\t\t\n\t\t\t\n\n<div class=\"row\"  id=\"row-277254180\">\n\n\n\t<div id=\"col-533392546\" class=\"col small-12 large-12\"  >\n\t\t\t\t<div class=\"col-inner\"  >\n\t\t\t\n\t\t\t\n\n\t<div id=\"text-1603250090\" class=\"text\">\n\t\t\n\n<h1>FDT-01 kukkuva t\u00fcki l\u00f6\u00f6gi tester<\/h1>\n\t\t\n<style>\n#text-1603250090 {\n  font-size: 1.5rem;\n  text-align: center;\n}\n<\/style>\n\t<\/div>\n\t\n\n\t\t<\/div>\n\t\t\t\t\n<style>\n#col-533392546 > .col-inner {\n  padding: 50px 10px 10px 10px;\n}\n<\/style>\n\t<\/div>\n\n\t\n\n<\/div>\n<div class=\"row align-middle align-center\"  id=\"row-2071761956\">\n\n\n\t<div id=\"col-874516729\" class=\"col medium-11 small-12 large-11\"  >\n\t\t\t\t<div class=\"col-inner\"  >\n\t\t\t\n\t\t\t\n\n<div class=\"row align-middle align-center\"  id=\"row-1555508452\">\n\n\n\t<div id=\"col-214401494\" class=\"col medium-7 small-12 large-7\"  >\n\t\t\t\t<div class=\"col-inner\"  >\n\t\t\t\n\t\t\t\n\n<div class=\"row\"  id=\"row-1528396894\">\n\n\n\t<div id=\"col-35159122\" class=\"col small-12 large-12\"  >\n\t\t\t\t<div class=\"col-inner text-center\"  >\n\t\t\t\n\t\t\t\n\n\t<div id=\"text-2568163505\" class=\"text\">\n\t\t\n\n<p>The <a href=\"https:\/\/www.impacttesting.net\/et\/falling-dart-impact-tester\/\"><strong>kukkuva tiku l\u00f6\u00f6gikatsekeha<\/strong><\/a> on spetsiaalne seade, mida kasutatakse alla 1 mm paksuste plastkilede, komposiitmaterjalide, kilede ja paberi l\u00f6\u00f6gitugevuse hindamiseks. Selle katsega hinnatakse materjali vastupidavust l\u00f6\u00f6gile, m\u00e4\u00e4rates energia, mis on vajalik, et p\u00f5hjustada purunemist kontrollitud tingimustes. Seda kasutatakse laialdaselt pakendi-, toidu-, farmaatsia- ja elektroonikat\u00f6\u00f6stuses, et tagada toote vastupidavus ja toimivus.<\/p>\n\t\t\n<style>\n#text-2568163505 {\n  color: rgb(0, 0, 0);\n}\n#text-2568163505 > * {\n  color: rgb(0, 0, 0);\n}\n<\/style>\n\t<\/div>\n\t\n\n\t\t<\/div>\n\t\t\t\t\t<\/div>\n\n\t\n\n\t<div id=\"col-2123101368\" class=\"col small-12 large-12\"  >\n\t\t\t\t<div class=\"col-inner text-center\"  >\n\t\t\t\n\t\t\t\n\n<a href=\"https:\/\/www.impacttesting.net\/et\/contact-us\/\" class=\"button primary is-outline\"  style=\"border-radius:99px;\">\n    <span>V\u00f5tke meiega \u00fchendust<\/span>\n  <i class=\"icon-chat\" aria-hidden=\"true\" ><\/i><\/a>\n\n\n\n\t\t<\/div>\n\t\t\t\t\t<\/div>\n\n\t\n\n<\/div>\n\n\t\t<\/div>\n\t\t\t\t\t<\/div>\n\n\t\n\n\t<div id=\"col-1899685099\" class=\"col medium-3 small-12 large-3\"  >\n\t\t\t\t<div class=\"col-inner\"  >\n\t\t\t\n\t\t\t\n\n<div class=\"row\"  id=\"row-1294521109\">\n\n\n\t<div id=\"col-180576308\" class=\"col small-12 large-12\"  >\n\t\t\t\t<div class=\"col-inner text-center\"  >\n\t\t\t\n\t\t\t\n\n\t<div class=\"img has-hover x md-x lg-x y md-y lg-y\" id=\"image_1847044441\">\n\t\t\t\t\t\t\t\t<div class=\"img-inner dark\" >\n\t\t\t<img decoding=\"async\" width=\"374\" height=\"800\" src=\"https:\/\/www.impacttesting.net\/wp-content\/uploads\/2025\/12\/Falling-Dart-Impact-Tester-for-Plastic-Film-ASTM-D1709-374x800.webp\" class=\"attachment-large size-large\" alt=\"Langev torkev l\u00f6\u00f6gikatsekeha plastkile ASTM D1709\" srcset=\"https:\/\/www.impacttesting.net\/wp-content\/uploads\/2025\/12\/Falling-Dart-Impact-Tester-for-Plastic-Film-ASTM-D1709-374x800.webp 374w, https:\/\/www.impacttesting.net\/wp-content\/uploads\/2025\/12\/Falling-Dart-Impact-Tester-for-Plastic-Film-ASTM-D1709-187x400.webp 187w, https:\/\/www.impacttesting.net\/wp-content\/uploads\/2025\/12\/Falling-Dart-Impact-Tester-for-Plastic-Film-ASTM-D1709-768x1643.webp 768w, https:\/\/www.impacttesting.net\/wp-content\/uploads\/2025\/12\/Falling-Dart-Impact-Tester-for-Plastic-Film-ASTM-D1709-718x1536.webp 718w, https:\/\/www.impacttesting.net\/wp-content\/uploads\/2025\/12\/Falling-Dart-Impact-Tester-for-Plastic-Film-ASTM-D1709-957x2048.webp 957w, https:\/\/www.impacttesting.net\/wp-content\/uploads\/2025\/12\/Falling-Dart-Impact-Tester-for-Plastic-Film-ASTM-D1709-scaled.webp 1196w\" sizes=\"(max-width: 374px) 100vw, 374px\" \/>\t\t\t\t\t\t\n\t\t\t\t\t<\/div>\n\t\t\t\t\t\t\t\t\n<style>\n#image_1847044441 {\n  width: 100%;\n}\n<\/style>\n\t<\/div>\n\t\n\n\n\t\t<\/div>\n\t\t\t\t\t<\/div>\n\n\t\n\n<\/div>\n\n\t\t<\/div>\n\t\t\t\t\t<\/div>\n\n\t\n\n<\/div>\n\n\t\t<\/div>\n\t\t\t\t\t<\/div>\n\n\t\n\n<\/div>\n\n\t\t<\/div>\n\t\t\t\t\t<\/div>\n\n\t\n\n\n<style>\n#row-1934445090 > .col > .col-inner {\n  border-radius: 25px;\n}\n<\/style>\n<\/div>\n\n\t\t<\/div>\n\n\t\t\n<style>\n#section_1463017770 {\n  padding-top: 30px;\n  padding-bottom: 30px;\n}\n<\/style>\n\t<\/section>\n\t\n\t<section class=\"section\" id=\"section_1134224998\">\n\t\t<div class=\"bg section-bg fill bg-fill  bg-loaded\" >\n\n\t\t\t\n\t\t\t\n\t\t\t\n\n\t\t<\/div>\n\n\t\t\n\n\t\t<div class=\"section-content relative\">\n\t\t\t\n\n<div class=\"row\"  id=\"row-1665949574\">\n\n\n\t<div id=\"col-1474308539\" class=\"col small-12 large-12\"  >\n\t\t\t\t<div class=\"col-inner\"  >\n\t\t\t\n\t\t\t\n\n<div class=\"row\"  id=\"row-839218424\">\n\n\n\t<div id=\"col-1654630979\" class=\"col small-12 large-12\"  >\n\t\t\t\t<div class=\"col-inner\"  >\n\t\t\t\n\t\t\t\n\n<div class=\"row align-middle align-center\"  id=\"row-1696508277\">\n\n\n\t<div id=\"col-1487388716\" class=\"col medium-3 small-12 large-3\"  >\n\t\t\t\t<div class=\"col-inner\"  >\n\t\t\t\n\t\t\t\n\n\t<div class=\"img has-hover x md-x lg-x y md-y lg-y\" id=\"image_616584763\">\n\t\t\t\t\t\t\t\t<div class=\"img-inner dark\" >\n\t\t\t<img decoding=\"async\" width=\"314\" height=\"800\" src=\"https:\/\/www.impacttesting.net\/wp-content\/uploads\/2025\/12\/Falling-Dart-Impact-Tester-for-Plastic-Film-ISO-7765-1-314x800.webp\" class=\"attachment-large size-large\" alt=\"ISO 7765-1 plastikfooliumi l\u00f6\u00f6gikatseklaas ISO 7765-1\" srcset=\"https:\/\/www.impacttesting.net\/wp-content\/uploads\/2025\/12\/Falling-Dart-Impact-Tester-for-Plastic-Film-ISO-7765-1-314x800.webp 314w, https:\/\/www.impacttesting.net\/wp-content\/uploads\/2025\/12\/Falling-Dart-Impact-Tester-for-Plastic-Film-ISO-7765-1-157x400.webp 157w, https:\/\/www.impacttesting.net\/wp-content\/uploads\/2025\/12\/Falling-Dart-Impact-Tester-for-Plastic-Film-ISO-7765-1-768x1956.webp 768w, https:\/\/www.impacttesting.net\/wp-content\/uploads\/2025\/12\/Falling-Dart-Impact-Tester-for-Plastic-Film-ISO-7765-1-603x1536.webp 603w, https:\/\/www.impacttesting.net\/wp-content\/uploads\/2025\/12\/Falling-Dart-Impact-Tester-for-Plastic-Film-ISO-7765-1-804x2048.webp 804w, https:\/\/www.impacttesting.net\/wp-content\/uploads\/2025\/12\/Falling-Dart-Impact-Tester-for-Plastic-Film-ISO-7765-1-scaled.webp 1005w\" sizes=\"(max-width: 314px) 100vw, 314px\" \/>\t\t\t\t\t\t\n\t\t\t\t\t<\/div>\n\t\t\t\t\t\t\t\t\n<style>\n#image_616584763 {\n  width: 100%;\n}\n<\/style>\n\t<\/div>\n\t\n\n\n\t\t<\/div>\n\t\t\t\t\n<style>\n#col-1487388716 > .col-inner {\n  padding: 0px 30px 0px 0px;\n}\n<\/style>\n\t<\/div>\n\n\t\n\n\t<div id=\"col-541062172\" class=\"col medium-7 small-12 large-7\"  >\n\t\t\t\t<div class=\"col-inner\"  >\n\t\t\t\n\t\t\t\n\n\t<div id=\"text-3998753186\" class=\"text\">\n\t\t\n\n<h2>Kuidas toimib vabalt langeva noole test<\/h2>\n\t\t\n<style>\n#text-3998753186 {\n  font-size: 1.3rem;\n  text-align: left;\n}\n<\/style>\n\t<\/div>\n\t\n<p>The <strong>vabalt langeva noole katse<\/strong> h\u00f5lmab j\u00e4rgmisi etappe:<\/p>\n<ol>\n<li>Kileproov on kindlalt kinnitatud.<\/li>\n<li>Ettem\u00e4\u00e4ratud kaaluga nool riputatakse elektromagnetiliselt.<\/li>\n<li>Nool lastakse v\u00e4lja kontrollitud k\u00f5rguselt.<\/li>\n<li>L\u00f6\u00f6gitugevus registreeritakse mitmete katsete positiivsete\/languslike tulemuste p\u00f5hjal.<\/li>\n<li>S\u00fcsteem arvutab materjali l\u00f6\u00f6gikindluse grammides v\u00f5i d\u017eaulides.<\/li>\n<\/ol>\n<a href=\"https:\/\/www.impacttesting.net\/et\/contact-us\/\" target=\"_blank\" class=\"button primary is-outline\" rel=\"noopener\"  style=\"border-radius:99px;\">\n    <span>V\u00f5tke meiega \u00fchendust<\/span>\n  <i class=\"icon-chat\" aria-hidden=\"true\" ><\/i><\/a>\n\n\n\n\t\t<\/div>\n\t\t\t\t\t<\/div>\n\n\t\n\n<\/div>\n\n\t\t<\/div>\n\t\t\t\t\t<\/div>\n\n\t\n\n<\/div>\n\n\t\t<\/div>\n\t\t\t\t\t<\/div>\n\n\t\n\n<\/div>\n<div class=\"row\"  id=\"row-454224037\">\n\n\n\t<div id=\"col-1593458442\" class=\"col small-12 large-12\"  >\n\t\t\t\t<div class=\"col-inner\"  >\n\t\t\t\n\t\t\t\n\n<div class=\"row align-middle align-center\"  id=\"row-1760488105\">\n\n\n\t<div id=\"col-647930197\" class=\"col medium-5 small-12 large-5\"  >\n\t\t\t\t<div class=\"col-inner\"  >\n\t\t\t\n\t\t\t\n\n\t<div id=\"text-1981365598\" class=\"text\">\n\t\t\n\n<h2>Langeva tiku l\u00f6\u00f6gi tester<\/h2>\n\t\t\n<style>\n#text-1981365598 {\n  font-size: 1.3rem;\n}\n<\/style>\n\t<\/div>\n\t\n<table width=\"534\">\n<tbody>\n<tr>\n<td style=\"text-align: center;\" width=\"257\">Katsemeetod Meetod<\/td>\n<td style=\"text-align: center;\" width=\"277\">A v\u00f5i meetod B (valikuline)<\/td>\n<\/tr>\n<tr>\n<td style=\"text-align: center;\" rowspan=\"2\" width=\"257\">Katse ulatus<\/td>\n<td style=\"text-align: center;\" width=\"277\">Meetod A: 50~2000g\/<\/td>\n<\/tr>\n<tr>\n<td style=\"text-align: center;\" width=\"277\">Meetod B: 300~2000g<\/td>\n<\/tr>\n<tr>\n<td style=\"text-align: center;\" rowspan=\"2\" width=\"257\">Noola l\u00e4bim\u00f5\u00f5t<\/td>\n<td style=\"text-align: center;\" width=\"277\">Meetod A: 38\u00b11mm<\/td>\n<\/tr>\n<tr>\n<td style=\"text-align: center;\" width=\"277\">Meetod B: 50\u00b11mm<\/td>\n<\/tr>\n<tr>\n<td style=\"text-align: center;\" width=\"257\">Kokkup\u00f5rke k\u00f5rgus<\/td>\n<td style=\"text-align: center;\" width=\"277\">660mm\/1500mm<\/td>\n<\/tr>\n<tr>\n<td style=\"text-align: center;\" width=\"257\">T\u00e4psus<\/td>\n<td style=\"text-align: center;\" width=\"277\">0,1g (0,1J)<\/td>\n<\/tr>\n<tr>\n<td style=\"text-align: center;\" width=\"257\">Klamber<\/td>\n<td style=\"text-align: center;\" width=\"277\">Pneumaatiline klamber<\/td>\n<\/tr>\n<tr>\n<td style=\"text-align: center;\" width=\"257\">Gaasivarustus<\/td>\n<td style=\"text-align: center;\" width=\"277\">0,6 MPa \u03a68 mm PU torud<\/td>\n<\/tr>\n<tr>\n<td style=\"text-align: center;\" width=\"257\">Proovi suurus<\/td>\n<td style=\"text-align: center;\" width=\"277\">&gt; 150 mm x 150 mm<\/td>\n<\/tr>\n<tr>\n<td style=\"text-align: center;\" width=\"257\">Toiteallikas<\/td>\n<td style=\"text-align: center;\" width=\"277\">AC 110~220V 50Hz<\/td>\n<\/tr>\n<tr>\n<td style=\"text-align: center;\" rowspan=\"2\" width=\"257\">M\u00f5\u00f5de<\/td>\n<td style=\"text-align: center;\" width=\"277\">Meetod A: 500*450*1200 mm (LWH)<\/td>\n<\/tr>\n<tr>\n<td style=\"text-align: center;\" width=\"277\">Meetod B: 500*450*2200 mm (LWH)<\/td>\n<\/tr>\n<\/tbody>\n<\/table>\n\n\t\t<\/div>\n\t\t\t\t\t<\/div>\n\n\t\n\n\t<div id=\"col-1516132632\" class=\"col medium-7 small-12 large-7\"  >\n\t\t\t\t<div class=\"col-inner text-left\"  >\n\t\t\t\n\t\t\t\n\n<div class=\"video video-fit mb\" style=\"padding-top:50%;\"><iframe title=\"langeva tiku l\u00f6\u00f6gikatsekeha plastikfooliumile ja -lehtedele Meetod A ja meetod B ASTM D1709 ISO 7765-1\" width=\"1020\" height=\"574\" src=\"https:\/\/www.youtube.com\/embed\/a3_9M0x3w7U?feature=oembed\" frameborder=\"0\" allow=\"accelerometer; autoplay; clipboard-write; encrypted-media; gyroscope; picture-in-picture; web-share\" referrerpolicy=\"strict-origin-when-cross-origin\" allowfullscreen><\/iframe><\/div>\n\n<p>Cell Instruments FDT-01 langeva t\u00fcki l\u00f6\u00f6gikindluse tester on m\u00f5eldud t\u00e4pseks ja usaldusv\u00e4\u00e4rseks l\u00f6\u00f6gikindluse testimiseks. T\u00e4helepanuv\u00e4\u00e4rsed omadused on j\u00e4rgmised:<\/p>\n<ul>\n<li><strong>PLC juhtimine ja HMI puuteekraan<\/strong> stabiilse ja kasutajas\u00f5braliku t\u00f6\u00f6 tagamiseks.<\/li>\n<li><strong>Kaks katsemeetodit (A ja B)<\/strong> erinevate materjalin\u00f5uetega.<\/li>\n<li><strong>Elektromagnetiline tikut\u00f5stuk peatamine<\/strong> t\u00e4pseks ja korratavaks testimiseks.<\/li>\n<li><strong>Pneumaatiline kinnitus<\/strong> et tagada proovi stabiilsus kokkup\u00f5rke ajal.<\/li>\n<li><strong>Automaatne katsetulemuste arvutamine<\/strong> k\u00e4sitsi tehtud vigade k\u00f5rvaldamiseks.<\/li>\n<li><strong>Sisseehitatud mikroprinter ja tarkvara integreerimine<\/strong> andmete v\u00e4ljastamise ja anal\u00fc\u00fcsi jaoks.<\/li>\n<\/ul>\n\n\t\t<\/div>\n\t\t\t\t\t<\/div>\n\n\t\n\n<\/div>\n\n\t\t<\/div>\n\t\t\t\t\t<\/div>\n\n\t\n\n<\/div>\n<div class=\"row\"  id=\"row-275641521\">\n\n\n\t<div id=\"col-1104021430\" class=\"col small-12 large-12\"  >\n\t\t\t\t<div class=\"col-inner\"  >\n\t\t\t\n\t\t\t\n\n<div class=\"row\"  id=\"row-1660924385\">\n\n\n\t<div id=\"col-1201026563\" class=\"col small-12 large-12\"  >\n\t\t\t\t<div class=\"col-inner\"  >\n\t\t\t\n\t\t\t\n\n\t<div id=\"text-375270749\" class=\"text\">\n\t\t\n\n<h2>Dart l\u00f6\u00f6gikatsete meetodid ja standardid<\/h2>\n\t\t\n<style>\n#text-375270749 {\n  font-size: 1.3rem;\n  text-align: center;\n}\n<\/style>\n\t<\/div>\n\t\n\n\t\t<\/div>\n\t\t\t\t\t<\/div>\n\n\t\n\n<\/div>\n<div class=\"row\"  id=\"row-1632387305\">\n\n\n\t<div id=\"col-724333549\" class=\"col medium-6 small-12 large-6\"  >\n\t\t\t\t<div class=\"col-inner\"  >\n\t\t\t\n\t\t\t\n\n<h3><a href=\"https:\/\/www.impacttesting.net\/et\/astm-d1709\/\">ASTM D1709<\/a> &amp; <a href=\"https:\/\/www.impacttesting.net\/et\/iso-7765-1\/\">ISO 7765-1<\/a><\/h3>\n<p>The <strong>torkekatse plastkilega<\/strong> j\u00e4rgib rahvusvaheliselt tunnustatud standardeid, nagu <strong>ASTM D1709 ja ISO 7765-1<\/strong>, tagades j\u00e4rjepidevad ja t\u00e4psed tulemused. Need standardid kirjeldavad metoodikat, mille alusel viiakse l\u00e4bi <strong>vabalt langeva noole katse<\/strong>, kus kaaluga nooleke langeb kindlaksm\u00e4\u00e4ratud k\u00f5rguselt kileproovile, m\u00e4\u00e4rates kindlaks minimaalse massi, mis on vajalik materjali purunemise p\u00f5hjustamiseks.<\/p>\n\n\t\t<\/div>\n\t\t\t\t\t<\/div>\n\n\t\n\n\t<div id=\"col-1613032010\" class=\"col medium-6 small-12 large-6\"  >\n\t\t\t\t<div class=\"col-inner\"  >\n\t\t\t\n\t\t\t\n\n<h3>Katsemeetodid: Meetod A ja meetod B<\/h3>\n<p>M\u00f5lemad <strong>ASTM D1709<\/strong> ja <strong>ISO 7765-1<\/strong> m\u00e4\u00e4ratleda kaks erinevat katsemeetodit:<\/p>\n<ul>\n<li><strong>Meetod A<\/strong>: Kasutab 38 mm l\u00e4bim\u00f5\u00f5duga tikku, mille l\u00f6\u00f6gik\u00f5rgus on 660 mm.<\/li>\n<li><strong>Meetod B<\/strong>: Kasutab 50 mm l\u00e4bim\u00f5\u00f5duga tikku ja l\u00f6\u00f6gik\u00f5rgust 1500 mm (m\u00f5nes katseseadeldises valikuline).<\/li>\n<\/ul>\n\n\t\t<\/div>\n\t\t\t\t\t<\/div>\n\n\t\n\n<\/div>\n\n\t\t<\/div>\n\t\t\t\t\t<\/div>\n\n\t\n\n<\/div>\n<div class=\"row\"  id=\"row-556940513\">\n\n\n\t<div id=\"col-1024988112\" class=\"col small-12 large-12\"  >\n\t\t\t\t<div class=\"col-inner\"  >\n\t\t\t\n\t\t\t\n\n<div class=\"row\"  id=\"row-1504066780\">\n\n\n\t<div id=\"col-1625450237\" class=\"col small-12 large-12\"  >\n\t\t\t\t<div class=\"col-inner\"  >\n\t\t\t\n\t\t\t\n\n\t<div id=\"text-224842338\" class=\"text\">\n\t\t\n\n<h2>Falling Dart Impact Testeri rakendused<\/h2>\n\t\t\n<style>\n#text-224842338 {\n  font-size: 1.3rem;\n  text-align: center;\n}\n<\/style>\n\t<\/div>\n\t\n<p>The <strong>kukkuva tiku l\u00f6\u00f6gikatsekeha<\/strong> kasutatakse laialdaselt sellistes t\u00f6\u00f6stusharudes nagu:<\/p>\n\n\t\t<\/div>\n\t\t\t\t\t<\/div>\n\n\t\n\n<\/div>\n<div class=\"row align-center row-box-shadow-3-hover\"  id=\"row-1606480744\">\n\n\n\t<div id=\"col-1517586153\" class=\"col medium-3 small-6 large-3\"  >\n\t\t\t\t<div class=\"col-inner box-shadow-5-hover\"  >\n\t\t\t\n\t\t\t\n\n\t<div class=\"box has-hover   has-hover box-default box-text-bottom\" >\n\n\t\t<div class=\"box-image\" style=\"width:90%;\">\n\t\t\t\t\t\t<div class=\"\" >\n\t\t\t\t<img decoding=\"async\" width=\"300\" height=\"300\" src=\"https:\/\/www.impacttesting.net\/wp-content\/uploads\/2025\/12\/Plastic-Packaging.webp\" class=\"attachment- size-\" alt=\"Plastpakendid\" srcset=\"https:\/\/www.impacttesting.net\/wp-content\/uploads\/2025\/12\/Plastic-Packaging.webp 300w, https:\/\/www.impacttesting.net\/wp-content\/uploads\/2025\/12\/Plastic-Packaging-280x280.webp 280w\" sizes=\"(max-width: 300px) 100vw, 300px\" \/>\t\t\t\t\t\t\t\t\t\t\t<\/div>\n\t\t\t\t\t<\/div>\n\n\t\t<div class=\"box-text text-center\" >\n\t\t\t<div class=\"box-text-inner\">\n\t\t\t\t\n\n<h3>Plastpakendid<\/h3>\n<p>Kile vastupidavuse tagamine paindlike pakendite puhul<\/p>\n\n\t\t\t<\/div>\n\t\t<\/div>\n\t<\/div>\n\t\n\n\t\t<\/div>\n\t\t\t\t\n<style>\n#col-1517586153 > .col-inner {\n  padding: 30px 0px 0px 0px;\n}\n<\/style>\n\t<\/div>\n\n\t\n\n\t<div id=\"col-1555633367\" class=\"col medium-3 small-6 large-3\"  >\n\t\t\t\t<div class=\"col-inner box-shadow-5-hover\"  >\n\t\t\t\n\t\t\t\n\n\t<div class=\"box has-hover   has-hover box-default box-text-bottom\" >\n\n\t\t<div class=\"box-image\" style=\"width:85%;\">\n\t\t\t\t\t\t<div class=\"\" >\n\t\t\t\t<img decoding=\"async\" width=\"300\" height=\"300\" src=\"https:\/\/www.impacttesting.net\/wp-content\/uploads\/2025\/12\/Medical-and-Pharmaceutical-Packaging.webp\" class=\"attachment- size-\" alt=\"Meditsiini- ja ravimipakendid\" srcset=\"https:\/\/www.impacttesting.net\/wp-content\/uploads\/2025\/12\/Medical-and-Pharmaceutical-Packaging.webp 300w, https:\/\/www.impacttesting.net\/wp-content\/uploads\/2025\/12\/Medical-and-Pharmaceutical-Packaging-280x280.webp 280w\" sizes=\"(max-width: 300px) 100vw, 300px\" \/>\t\t\t\t\t\t\t\t\t\t\t<\/div>\n\t\t\t\t\t<\/div>\n\n\t\t<div class=\"box-text text-center\" >\n\t\t\t<div class=\"box-text-inner\">\n\t\t\t\t\n\n<h3>Meditsiini- ja ravimipakendid<\/h3>\n<p>Steriilsete ja kaitsematerjalide kile tugevuse testimine<\/p>\n\n\t\t\t<\/div>\n\t\t<\/div>\n\t<\/div>\n\t\n\n\t\t<\/div>\n\t\t\t\t\n<style>\n#col-1555633367 > .col-inner {\n  padding: 30px 0px 0px 0px;\n}\n<\/style>\n\t<\/div>\n\n\t\n\n\t<div id=\"col-1973133154\" class=\"col medium-3 small-6 large-3\"  >\n\t\t\t\t<div class=\"col-inner box-shadow-5-hover\"  >\n\t\t\t\n\t\t\t\n\n\t<div class=\"box has-hover   has-hover box-default box-text-bottom\" >\n\n\t\t<div class=\"box-image\" style=\"width:85%;\">\n\t\t\t\t\t\t<div class=\"\" >\n\t\t\t\t<img decoding=\"async\" width=\"300\" height=\"300\" src=\"https:\/\/www.impacttesting.net\/wp-content\/uploads\/2025\/12\/Food-Industry.webp\" class=\"attachment- size-\" alt=\"Toiduainet\u00f6\u00f6stus\" srcset=\"https:\/\/www.impacttesting.net\/wp-content\/uploads\/2025\/12\/Food-Industry.webp 300w, https:\/\/www.impacttesting.net\/wp-content\/uploads\/2025\/12\/Food-Industry-280x280.webp 280w\" sizes=\"(max-width: 300px) 100vw, 300px\" \/>\t\t\t\t\t\t\t\t\t\t\t<\/div>\n\t\t\t\t\t<\/div>\n\n\t\t<div class=\"box-text text-center\" >\n\t\t\t<div class=\"box-text-inner\">\n\t\t\t\t\n\n<h3>Toiduainet\u00f6\u00f6stus<\/h3>\n<p>Toiduainete ladustamisel ja transportimisel kasutatavate plastkilede vastupidavuse hindamine<\/p>\n\n\t\t\t<\/div>\n\t\t<\/div>\n\t<\/div>\n\t\n\n\t\t<\/div>\n\t\t\t\t\n<style>\n#col-1973133154 > .col-inner {\n  padding: 30px 0px 0px 0px;\n}\n<\/style>\n\t<\/div>\n\n\t\n\n\t<div id=\"col-1140105944\" class=\"col medium-3 small-6 large-3\"  >\n\t\t\t\t<div class=\"col-inner box-shadow-5-hover\"  >\n\t\t\t\n\t\t\t\n\n\t<div class=\"box has-hover   has-hover box-default box-text-bottom\" >\n\n\t\t<div class=\"box-image\" style=\"width:90%;\">\n\t\t\t\t\t\t<div class=\"\" >\n\t\t\t\t<img decoding=\"async\" width=\"300\" height=\"300\" src=\"https:\/\/www.impacttesting.net\/wp-content\/uploads\/2025\/12\/Electronics-and-Consumer-Goods.webp\" class=\"attachment- size-\" alt=\"Elektroonika ja tarbekaubad\" srcset=\"https:\/\/www.impacttesting.net\/wp-content\/uploads\/2025\/12\/Electronics-and-Consumer-Goods.webp 300w, https:\/\/www.impacttesting.net\/wp-content\/uploads\/2025\/12\/Electronics-and-Consumer-Goods-280x280.webp 280w\" sizes=\"(max-width: 300px) 100vw, 300px\" \/>\t\t\t\t\t\t\t\t\t\t\t<\/div>\n\t\t\t\t\t<\/div>\n\n\t\t<div class=\"box-text text-center\" >\n\t\t\t<div class=\"box-text-inner\">\n\t\t\t\t\n\n<h3>Elektroonika ja tarbekaubad<\/h3>\n<p>Kaitsekilede ja -kattematerjalide l\u00f6\u00f6gikindluse kontrollimine<\/p>\n\n\t\t\t<\/div>\n\t\t<\/div>\n\t<\/div>\n\t\n\n\t\t<\/div>\n\t\t\t\t\n<style>\n#col-1140105944 > .col-inner {\n  padding: 30px 0px 0px 0px;\n}\n<\/style>\n\t<\/div>\n\n\t\n\n<\/div>\n\n\t\t<\/div>\n\t\t\t\t\t<\/div>\n\n\t\n\n<\/div>\n\n\t\t<\/div>\n\n\t\t\n<style>\n#section_1134224998 {\n  padding-top: 30px;\n  padding-bottom: 30px;\n}\n<\/style>\n\t<\/section>\n\t\n\t<section class=\"section\" id=\"section_1261501097\">\n\t\t<div class=\"bg section-bg fill bg-fill  bg-loaded\" >\n\n\t\t\t\n\t\t\t\n\t\t\t\n\n\t\t<\/div>\n\n\t\t\n\n\t\t<div class=\"section-content relative\">\n\t\t\t\n\n<div class=\"row\"  id=\"row-1446396609\">\n\n\n\t<div id=\"col-718821093\" class=\"col small-12 large-12\"  >\n\t\t\t\t<div class=\"col-inner\"  >\n\t\t\t\n\t\t\t\n\n<div class=\"row align-equal align-center\"  id=\"row-1780715553\">\n\n\n\t<div id=\"col-2074382838\" class=\"col small-12 large-12\"  >\n\t\t\t\t<div class=\"col-inner\"  >\n\t\t\t\n\t\t\t\n\n\t<div id=\"text-755982927\" class=\"text\">\n\t\t\n\n<h2>Miks valida Impacttesting.net'i<br \/>FDT-01 langeva t\u00fcki l\u00f6\u00f6gi tester?<\/h2>\n\t\t\n<style>\n#text-755982927 {\n  font-size: 1.4rem;\n  text-align: center;\n}\n<\/style>\n\t<\/div>\n\t\n\n\t\t<\/div>\n\t\t\t\t\t<\/div>\n\n\t\n\n\t<div id=\"col-2054245366\" class=\"col medium-8 small-12 large-8\"  >\n\t\t\t\t<div class=\"col-inner text-center\"  >\n\t\t\t\n\t\t\t\n\n\t<div id=\"text-406984677\" class=\"text\">\n\t\t\n\n<p>Vastavus <strong>ASTM D1709 &amp; ISO 7765-1<\/strong> t\u00e4pne ja standardiseeritud testimine.<br \/>T\u00e4iustatud <strong>automatiseerimine ja kasutusmugavus<\/strong> PLC ja puuteekraani kasutajaliidese kaudu.<br \/><strong>Usaldusv\u00e4\u00e4rsed tulemused<\/strong> suure t\u00e4psusega l\u00f6\u00f6gim\u00f5\u00f5tmine.<br \/><strong>Kohandatavad valikud<\/strong> ainulaadsete materjalikatsete jaoks.<\/p>\n\t\t\n<style>\n#text-406984677 {\n  font-size: 1.1rem;\n  line-height: 2;\n}\n<\/style>\n\t<\/div>\n\t\n<a href=\"https:\/\/www.impacttesting.net\/et\/contact-us\/\" class=\"button primary is-outline\"  style=\"border-radius:99px;\">\n    <span>V\u00f5tke meiega \u00fchendust<\/span>\n  <i class=\"icon-chat\" aria-hidden=\"true\" ><\/i><\/a>\n\n\n\n\t\t<\/div>\n\t\t\t\t\t<\/div>\n\n\t\n\n\t<div id=\"col-1691725005\" class=\"col medium-4 small-12 large-4\"  >\n\t\t\t\t<div class=\"col-inner text-center\"  >\n\t\t\t\n\t\t\t\n\n\n<div class=\"wpcf7 no-js\" id=\"wpcf7-f10-o1\" lang=\"en-US\" dir=\"ltr\" data-wpcf7-id=\"10\">\n<div class=\"screen-reader-response\"><p role=\"status\" aria-live=\"polite\" aria-atomic=\"true\"><\/p> <ul><\/ul><\/div>\n<form action=\"\/et\/wp-json\/wp\/v2\/pages\/79#wpcf7-f10-o1\" method=\"post\" class=\"wpcf7-form init\" aria-label=\"Contact form\" novalidate=\"novalidate\" data-status=\"init\" data-trp-original-action=\"\/et\/wp-json\/wp\/v2\/pages\/79#wpcf7-f10-o1\">\n<fieldset class=\"hidden-fields-container\"><input type=\"hidden\" name=\"_wpcf7\" value=\"10\" \/><input type=\"hidden\" name=\"_wpcf7_version\" value=\"6.1.4\" \/><input type=\"hidden\" name=\"_wpcf7_locale\" value=\"en_US\" \/><input type=\"hidden\" name=\"_wpcf7_unit_tag\" value=\"wpcf7-f10-o1\" \/><input type=\"hidden\" name=\"_wpcf7_container_post\" value=\"0\" \/><input type=\"hidden\" name=\"_wpcf7_posted_data_hash\" value=\"\" \/><input type=\"hidden\" name=\"_wpcf7_recaptcha_response\" value=\"\" \/>\n<\/fieldset>\n<p><span class=\"wpcf7-form-control-wrap\" data-name=\"Name\"><input size=\"40\" maxlength=\"400\" class=\"wpcf7-form-control wpcf7-text\" aria-invalid=\"false\" placeholder=\"Teie nimi\" value=\"\" type=\"text\" name=\"Name\" \/><\/span><br \/>\n<span class=\"wpcf7-form-control-wrap\" data-name=\"Comapany\"><input size=\"40\" maxlength=\"400\" class=\"wpcf7-form-control wpcf7-text\" aria-invalid=\"false\" placeholder=\"Teie ettev\u00f5te\" value=\"\" type=\"text\" name=\"Comapany\" \/><\/span><br \/>\n<span class=\"wpcf7-form-control-wrap\" data-name=\"Email\"><input size=\"40\" maxlength=\"400\" class=\"wpcf7-form-control wpcf7-email wpcf7-validates-as-required wpcf7-text wpcf7-validates-as-email\" aria-required=\"true\" aria-invalid=\"false\" placeholder=\"Teie e-post*\" value=\"\" type=\"email\" name=\"Email\" \/><\/span><br \/>\n<span class=\"wpcf7-form-control-wrap\" data-name=\"Message\"><textarea cols=\"40\" rows=\"10\" maxlength=\"2000\" class=\"wpcf7-form-control wpcf7-textarea\" aria-invalid=\"false\" placeholder=\"S\u00f5num\" name=\"Message\"><\/textarea><\/span>\n<\/p>\n<p><input class=\"wpcf7-form-control wpcf7-submit has-spinner\" type=\"submit\" value=\"Esita\" \/>\n<\/p><div class=\"wpcf7-response-output\" aria-hidden=\"true\"><\/div>\n<input type=\"hidden\" name=\"trp-form-language\" value=\"et\"\/><\/form>\n<\/div>\n\n\n\n\t\t<\/div>\n\t\t\t\t\t<\/div>\n\n\t\n\n<\/div>\n\n\t\t<\/div>\n\t\t\t\t\t<\/div>\n\n\t\n\n<\/div>\n\n\t\t<\/div>\n\n\t\t\n<style>\n#section_1261501097 {\n  padding-top: 30px;\n  padding-bottom: 30px;\n  background-color: rgb(232, 234, 241);\n}\n<\/style>\n\t<\/section>","protected":false},"excerpt":{"rendered":"","protected":false},"author":1,"featured_media":0,"parent":0,"menu_order":0,"comment_status":"closed","ping_status":"closed","template":"page-blank.php","meta":{"footnotes":""},"class_list":["post-79","page","type-page","status-publish","hentry"],"_links":{"self":[{"href":"https:\/\/www.impacttesting.net\/et\/wp-json\/wp\/v2\/pages\/79","targetHints":{"allow":["GET"]}}],"collection":[{"href":"https:\/\/www.impacttesting.net\/et\/wp-json\/wp\/v2\/pages"}],"about":[{"href":"https:\/\/www.impacttesting.net\/et\/wp-json\/wp\/v2\/types\/page"}],"author":[{"embeddable":true,"href":"https:\/\/www.impacttesting.net\/et\/wp-json\/wp\/v2\/users\/1"}],"replies":[{"embeddable":true,"href":"https:\/\/www.impacttesting.net\/et\/wp-json\/wp\/v2\/comments?post=79"}],"version-history":[{"count":2,"href":"https:\/\/www.impacttesting.net\/et\/wp-json\/wp\/v2\/pages\/79\/revisions"}],"predecessor-version":[{"id":84,"href":"https:\/\/www.impacttesting.net\/et\/wp-json\/wp\/v2\/pages\/79\/revisions\/84"}],"wp:attachment":[{"href":"https:\/\/www.impacttesting.net\/et\/wp-json\/wp\/v2\/media?parent=79"}],"curies":[{"name":"wp","href":"https:\/\/api.w.org\/{rel}","templated":true}]}}