{"id":74,"date":"2025-12-24T06:33:06","date_gmt":"2025-12-24T06:33:06","guid":{"rendered":"https:\/\/www.impacttesting.net\/?page_id=74"},"modified":"2025-12-24T06:33:06","modified_gmt":"2025-12-24T06:33:06","slug":"ball-drop-tester","status":"publish","type":"page","link":"https:\/\/www.impacttesting.net\/et\/ball-drop-tester\/","title":{"rendered":"FBT-01 Ball Drop Tester"},"content":{"rendered":"<section class=\"section\" id=\"section_186350198\">\n\t\t<div class=\"bg section-bg fill bg-fill  bg-loaded\" >\n\n\t\t\t\n\t\t\t\n\t\t\t\n\n\t\t<\/div>\n\n\t\t\n\n\t\t<div class=\"section-content relative\">\n\t\t\t\n\n<div class=\"row\"  id=\"row-852071946\">\n\n\n\t<div id=\"col-1558735985\" class=\"col small-12 large-12\"  >\n\t\t\t\t<div class=\"col-inner\" style=\"background-color:rgb(92, 171, 188);\" >\n\t\t\t\n\t\t\t\n\n<div class=\"row\"  id=\"row-1512608363\">\n\n\n\t<div id=\"col-1975858679\" class=\"col small-12 large-12\"  >\n\t\t\t\t<div class=\"col-inner\"  >\n\t\t\t\n\t\t\t\n\n\t<div id=\"text-3432922481\" class=\"text\">\n\t\t\n\n<h1>FBT-01 Ball Drop Tester<\/h1>\n\t\t\n<style>\n#text-3432922481 {\n  font-size: 1.5rem;\n  text-align: center;\n}\n<\/style>\n\t<\/div>\n\t\n\n\t\t<\/div>\n\t\t\t\t\n<style>\n#col-1975858679 > .col-inner {\n  padding: 50px 10px 10px 10px;\n}\n<\/style>\n\t<\/div>\n\n\t\n\n<\/div>\n<div class=\"row align-middle align-center\"  id=\"row-76489607\">\n\n\n\t<div id=\"col-993499922\" class=\"col medium-11 small-12 large-11\"  >\n\t\t\t\t<div class=\"col-inner\"  >\n\t\t\t\n\t\t\t\n\n<div class=\"row align-middle align-center\"  id=\"row-637860810\">\n\n\n\t<div id=\"col-1350812449\" class=\"col medium-7 small-12 large-7\"  >\n\t\t\t\t<div class=\"col-inner\"  >\n\t\t\t\n\t\t\t\n\n<div class=\"row\"  id=\"row-2130382299\">\n\n\n\t<div id=\"col-1487189117\" class=\"col small-12 large-12\"  >\n\t\t\t\t<div class=\"col-inner text-center\"  >\n\t\t\t\n\t\t\t\n\n\t<div id=\"text-3243441502\" class=\"text\">\n\t\t\n\n<p>The <a href=\"https:\/\/www.impacttesting.net\/et\/ball-drop-tester\/\"><strong>palli langetamise tester<\/strong><\/a> on oluline vahend, mida kasutatakse selliste materjalide nagu plastikplaadid, kiled ja kaitseprillid l\u00f6\u00f6gikindluse hindamiseks. See katse on v\u00e4ga oluline sellistes t\u00f6\u00f6stusharudes nagu pakendite, autot\u00f6\u00f6stus ja turvavarustuse tootmine, tagades, et materjalid suudavad vastu pidada v\u00e4listele j\u00f5ududele ilma m\u00e4rkimisv\u00e4\u00e4rsete kahjustusteta.<\/p>\n\t\t\n<style>\n#text-3243441502 {\n  color: rgb(0, 0, 0);\n}\n#text-3243441502 > * {\n  color: rgb(0, 0, 0);\n}\n<\/style>\n\t<\/div>\n\t\n\n\t\t<\/div>\n\t\t\t\t\t<\/div>\n\n\t\n\n\t<div id=\"col-619959796\" class=\"col small-12 large-12\"  >\n\t\t\t\t<div class=\"col-inner text-center\"  >\n\t\t\t\n\t\t\t\n\n<a href=\"https:\/\/www.impacttesting.net\/et\/contact-us\/\" class=\"button primary is-outline\"  style=\"border-radius:99px;\">\n    <span>V\u00f5tke meiega \u00fchendust<\/span>\n  <i class=\"icon-chat\" aria-hidden=\"true\" ><\/i><\/a>\n\n\n\n\t\t<\/div>\n\t\t\t\t\t<\/div>\n\n\t\n\n<\/div>\n\n\t\t<\/div>\n\t\t\t\t\t<\/div>\n\n\t\n\n\t<div id=\"col-442561197\" class=\"col medium-3 small-12 large-3\"  >\n\t\t\t\t<div class=\"col-inner\"  >\n\t\t\t\n\t\t\t\n\n<div class=\"row\"  id=\"row-1288201913\">\n\n\n\t<div id=\"col-309151771\" class=\"col small-12 large-12\"  >\n\t\t\t\t<div class=\"col-inner text-center\"  >\n\t\t\t\n\t\t\t\n\n\t<div class=\"img has-hover x md-x lg-x y md-y lg-y\" id=\"image_1000256050\">\n\t\t\t\t\t\t\t\t<div class=\"img-inner dark\" >\n\t\t\t<img decoding=\"async\" width=\"318\" height=\"800\" src=\"https:\/\/www.impacttesting.net\/wp-content\/uploads\/2025\/12\/Ball-Drop-Tester-Ball-Impact-Test-for-Safety-Glasses-318x800.webp\" class=\"attachment-large size-large\" alt=\"Ball Drop Tester - kaitseprillide palli kokkup\u00f5rke testimine\" srcset=\"https:\/\/www.impacttesting.net\/wp-content\/uploads\/2025\/12\/Ball-Drop-Tester-Ball-Impact-Test-for-Safety-Glasses-318x800.webp 318w, https:\/\/www.impacttesting.net\/wp-content\/uploads\/2025\/12\/Ball-Drop-Tester-Ball-Impact-Test-for-Safety-Glasses-159x400.webp 159w, https:\/\/www.impacttesting.net\/wp-content\/uploads\/2025\/12\/Ball-Drop-Tester-Ball-Impact-Test-for-Safety-Glasses-768x1934.webp 768w, https:\/\/www.impacttesting.net\/wp-content\/uploads\/2025\/12\/Ball-Drop-Tester-Ball-Impact-Test-for-Safety-Glasses-610x1536.webp 610w, https:\/\/www.impacttesting.net\/wp-content\/uploads\/2025\/12\/Ball-Drop-Tester-Ball-Impact-Test-for-Safety-Glasses-813x2048.webp 813w, https:\/\/www.impacttesting.net\/wp-content\/uploads\/2025\/12\/Ball-Drop-Tester-Ball-Impact-Test-for-Safety-Glasses-scaled.webp 1017w\" sizes=\"(max-width: 318px) 100vw, 318px\" \/>\t\t\t\t\t\t\n\t\t\t\t\t<\/div>\n\t\t\t\t\t\t\t\t\n<style>\n#image_1000256050 {\n  width: 80%;\n}\n<\/style>\n\t<\/div>\n\t\n\n\n\t\t<\/div>\n\t\t\t\t\t<\/div>\n\n\t\n\n<\/div>\n\n\t\t<\/div>\n\t\t\t\t\t<\/div>\n\n\t\n\n<\/div>\n\n\t\t<\/div>\n\t\t\t\t\t<\/div>\n\n\t\n\n<\/div>\n\n\t\t<\/div>\n\t\t\t\t\t<\/div>\n\n\t\n\n\n<style>\n#row-852071946 > .col > .col-inner {\n  border-radius: 25px;\n}\n<\/style>\n<\/div>\n\n\t\t<\/div>\n\n\t\t\n<style>\n#section_186350198 {\n  padding-top: 30px;\n  padding-bottom: 30px;\n}\n<\/style>\n\t<\/section>\n\t\n\t<section class=\"section\" id=\"section_1703129774\">\n\t\t<div class=\"bg section-bg fill bg-fill  bg-loaded\" >\n\n\t\t\t\n\t\t\t\n\t\t\t\n\n\t\t<\/div>\n\n\t\t\n\n\t\t<div class=\"section-content relative\">\n\t\t\t\n\n<div class=\"row\"  id=\"row-750481115\">\n\n\n\t<div id=\"col-1739743425\" class=\"col small-12 large-12\"  >\n\t\t\t\t<div class=\"col-inner\"  >\n\t\t\t\n\t\t\t\n\n<div class=\"row\"  id=\"row-1746033342\">\n\n\n\t<div id=\"col-286301368\" class=\"col small-12 large-12\"  >\n\t\t\t\t<div class=\"col-inner\"  >\n\t\t\t\n\t\t\t\n\n<div class=\"row align-middle align-center\"  id=\"row-689771624\">\n\n\n\t<div id=\"col-122993368\" class=\"col medium-5 small-12 large-5\"  >\n\t\t\t\t<div class=\"col-inner text-center\"  >\n\t\t\t\n\t\t\t\n\n\t<div class=\"img has-hover x md-x lg-x y md-y lg-y\" id=\"image_1095674615\">\n\t\t\t\t\t\t\t\t<div class=\"img-inner dark\" >\n\t\t\t<img decoding=\"async\" width=\"600\" height=\"720\" src=\"https:\/\/www.impacttesting.net\/wp-content\/uploads\/2025\/12\/Ball-Drop-Tester.webp\" class=\"attachment-large size-large\" alt=\"Ball Drop Tester\" srcset=\"https:\/\/www.impacttesting.net\/wp-content\/uploads\/2025\/12\/Ball-Drop-Tester.webp 600w, https:\/\/www.impacttesting.net\/wp-content\/uploads\/2025\/12\/Ball-Drop-Tester-333x400.webp 333w\" sizes=\"(max-width: 600px) 100vw, 600px\" \/>\t\t\t\t\t\t\n\t\t\t\t\t<\/div>\n\t\t\t\t\t\t\t\t\n<style>\n#image_1095674615 {\n  width: 100%;\n}\n<\/style>\n\t<\/div>\n\t\n\n\n\t\t<\/div>\n\t\t\t\t\t<\/div>\n\n\t\n\n\t<div id=\"col-1209225579\" class=\"col medium-7 small-12 large-7\"  >\n\t\t\t\t<div class=\"col-inner text-left\"  >\n\t\t\t\n\t\t\t\n\n\t<div id=\"text-3885127996\" class=\"text\">\n\t\t\n\n<h2>Ball Drop Tester'i m\u00f5istmine<\/h2>\n\t\t\n<style>\n#text-3885127996 {\n  font-size: 1.3rem;\n  text-align: left;\n}\n<\/style>\n\t<\/div>\n\t\n<p>Seade t\u00f6\u00f6tab nii, et kindlaksm\u00e4\u00e4ratud massi ja l\u00e4bim\u00f5\u00f5duga teraskuulikest kukutatakse etteantud k\u00f5rguselt katsekehale. L\u00f6\u00f6gikindluse hindamiseks anal\u00fc\u00fcsitakse vigastuse v\u00f5i deformatsiooni astet. See katse on eriti oluline selliste ohutusstandardite j\u00e4rgimisel nagu <strong><a href=\"https:\/\/www.impacttesting.net\/et\/ansi-z87-1\/\">ANSI Z87.1<\/a> l\u00f6\u00f6gikatse<\/strong>.<\/p>\n<a href=\"https:\/\/www.impacttesting.net\/et\/contact-us\/\" class=\"button primary is-outline\"  style=\"border-radius:99px;\">\n    <span>V\u00f5tke meiega \u00fchendust<\/span>\n  <\/a>\n\n\n\n\t\t<\/div>\n\t\t\t\t\t<\/div>\n\n\t\n\n<\/div>\n\n\t\t<\/div>\n\t\t\t\t\t<\/div>\n\n\t\n\n<\/div>\n\n\t\t<\/div>\n\t\t\t\t\t<\/div>\n\n\t\n\n<\/div>\n<div class=\"row\"  id=\"row-1812642312\">\n\n\n\t<div id=\"col-1383728138\" class=\"col small-12 large-12\"  >\n\t\t\t\t<div class=\"col-inner\"  >\n\t\t\t\n\t\t\t\n\n<div class=\"row\"  id=\"row-790623519\">\n\n\n\t<div id=\"col-488637606\" class=\"col small-12 large-12\"  >\n\t\t\t\t<div class=\"col-inner\"  >\n\t\t\t\n\t\t\t\n\n\t<div id=\"text-819565251\" class=\"text\">\n\t\t\n\n<h2>ANSI Z87.1 l\u00f6\u00f6kkatse: P\u00f5hin\u00f5uded<\/h2>\n\t\t\n<style>\n#text-819565251 {\n  font-size: 1.3rem;\n  text-align: center;\n}\n<\/style>\n\t<\/div>\n\t\n\n\t\t<\/div>\n\t\t\t\t\t<\/div>\n\n\t\n\n<\/div>\n<div class=\"row align-middle align-center\"  id=\"row-1174488116\">\n\n\n\t<div id=\"col-1097328090\" class=\"col medium-7 small-12 large-7\"  >\n\t\t\t\t<div class=\"col-inner\"  >\n\t\t\t\n\t\t\t\n\n<p>The <strong>ANSI Z87.1 l\u00f6\u00f6kkatse<\/strong> on standardiseeritud meetod, mis on m\u00f5eldud kaitseprillide l\u00f6\u00f6gikindluse hindamiseks. Selle katse eesm\u00e4rk on tagada, et kaitseprillid, kaitseprillid ja n\u00e4okaitsmed vastavad minimaalsetele ohutusn\u00f5uetele, et kaitsta kasutajaid suure kiirusega lenduvate m\u00fcrskude eest.<\/p>\n<h3>Katseseadmed ja seadistus<\/h3>\n<ul>\n<li>Katsekeha kinnitamiseks n\u00e4oga \u00fclespoole suunatud asendis kasutatakse j\u00e4ika peamudelit.<\/li>\n<li>A <strong>25,4 mm (1,0 tolli) l\u00e4bim\u00f5\u00f5duga teraskuuliga<\/strong>, kaaludes <strong>68 g (2,4 oz)<\/strong>, toimib m\u00fcrskuna.<\/li>\n<li>Teraskuulikest vabastatakse <strong>k\u00f5rgus 127 cm (50 tolli)<\/strong> l\u00e4bi juhitava toru.<\/li>\n<li>Peamudeli aluse mass on v\u00e4hemalt <strong>30 kg (66 lb)<\/strong> et tagada stabiilsus testimise ajal.<\/li>\n<\/ul>\n<h3>Katsemenetlus<\/h3>\n<ol>\n<li>Katsekeha on kindlalt kinnitatud peamudeli k\u00fclge, mis j\u00e4ljendab tegelikke kasutustingimusi.<\/li>\n<li>\u00d5ige joondamise s\u00e4ilitamiseks asetatakse n\u00e4idise taha tugiplokk.<\/li>\n<li>Teraskuulikest kukutatakse l\u00e4\u00e4tsele v\u00f5i materjali pinnale, mis on koosk\u00f5las silmapiirkonnaga.<\/li>\n<li>T\u00e4psuse tagamiseks korratakse testi neli korda objektiivi eri punktides.<\/li>\n<li>L\u00f6\u00f6gikahjustusi anal\u00fc\u00fcsitakse, et teha kindlaks, kas materjal vastab ohutuskriteeriumidele.<\/li>\n<\/ol>\n\n\t\t<\/div>\n\t\t\t\t\t<\/div>\n\n\t\n\n\t<div id=\"col-475431112\" class=\"col medium-4 small-12 large-4\"  >\n\t\t\t\t<div class=\"col-inner\"  >\n\t\t\t\n\t\t\t\n\n<div class=\"video video-fit mb\" style=\"padding-top:200%;\"><iframe title=\"Plastikfooliumide ja -lehtede kukkuvate pallide l\u00f6\u00f6gikatsekeha\" width=\"563\" height=\"1000\" src=\"https:\/\/www.youtube.com\/embed\/AvdivZPwIxc?feature=oembed\" frameborder=\"0\" allow=\"accelerometer; autoplay; clipboard-write; encrypted-media; gyroscope; picture-in-picture; web-share\" referrerpolicy=\"strict-origin-when-cross-origin\" allowfullscreen><\/iframe><\/div>\n\n\n\t\t<\/div>\n\t\t\t\t\t<\/div>\n\n\t\n\n<\/div>\n\n\t\t<\/div>\n\t\t\t\t\t<\/div>\n\n\t\n\n<\/div>\n<div class=\"row\"  id=\"row-263701841\">\n\n\n\t<div id=\"col-1346617134\" class=\"col small-12 large-12\"  >\n\t\t\t\t<div class=\"col-inner\"  >\n\t\t\t\n\t\t\t\n\n<div class=\"row\"  id=\"row-1184980920\">\n\n\n\t<div id=\"col-459855638\" class=\"col small-12 large-12\"  >\n\t\t\t\t<div class=\"col-inner\"  >\n\t\t\t\n\t\t\t\n\n\t<div id=\"text-2333268598\" class=\"text\">\n\t\t\n\n<h2>FBT-01 kukkuva noole l\u00f6\u00f6gi tester<\/h2>\n\t\t\n<style>\n#text-2333268598 {\n  font-size: 1.3rem;\n  text-align: center;\n}\n<\/style>\n\t<\/div>\n\t\n\n\t\t<\/div>\n\t\t\t\t\t<\/div>\n\n\t\n\n<\/div>\n<div class=\"row align-middle align-center\"  id=\"row-1602817498\">\n\n\n\t<div id=\"col-364372987\" class=\"col medium-6 small-12 large-6\"  >\n\t\t\t\t<div class=\"col-inner\"  >\n\t\t\t\n\t\t\t\n\n<h3>Peamised omadused:<\/h3>\n<ul>\n<li><strong>Reguleeritav l\u00f6\u00f6gik\u00f5rgus<\/strong> kohandatud testimisstsenaariumide jaoks<\/li>\n<li><strong>Mitu palli suuruse valikut<\/strong> mitmesuguste testimisrakenduste jaoks<\/li>\n<li><strong>Elektromagnetiline kuulidega vedrustus<\/strong> t\u00e4pne vabastamist\u00e4htaeg<\/li>\n<li><strong>Pneumaatiline proovi kinnitus<\/strong> proovi turvaliseks positsioneerimiseks<\/li>\n<li><strong>Mitme \u00fchiku katsetulemuste kuvamine<\/strong> andmete lihtsaks t\u00f5lgendamiseks<\/li>\n<li><strong>Integreeritud mikroprinter<\/strong> kohapealsete tulemuste dokumenteerimiseks<\/li>\n<li><strong>Valikuline professionaalne tarkvara<\/strong> t\u00e4iustatud andmeanal\u00fc\u00fcsi jaoks<\/li>\n<\/ul>\n\n\t\t<\/div>\n\t\t\t\t\t<\/div>\n\n\t\n\n\t<div id=\"col-213832601\" class=\"col medium-6 small-12 large-6\"  >\n\t\t\t\t<div class=\"col-inner\"  >\n\t\t\t\n\t\t\t\n\n<h3>Tehnilised andmed:<\/h3>\n<ul>\n<li><strong>Kokkup\u00f5rke k\u00f5rgus<\/strong>: Reguleeritav 300 mm kuni 600 mm (pikendatav vastavalt vajadusele)<\/li>\n<li><strong>Pallide l\u00e4bim\u00f5\u00f5dud<\/strong>: 23 mm, 25 mm, 28,6 mm, 38,1 mm, 50,8 mm<\/li>\n<li><strong>T\u00e4psus<\/strong>: 0,1g (0,1J)<\/li>\n<li><strong>Proovi suurus<\/strong>: Minimaalselt 150 mm x 150 mm<\/li>\n<li><strong>Gaasivarustus<\/strong>: 0,6 MPa PU toru (\u03a68 mm)<\/li>\n<li><strong>Toiteallikas<\/strong>: AC 110~220V, 50Hz<\/li>\n<\/ul>\n\n\t\t<\/div>\n\t\t\t\t\t<\/div>\n\n\t\n\n<\/div>\n\n\t\t<\/div>\n\t\t\t\t\t<\/div>\n\n\t\n\n<\/div>\n<div class=\"row\"  id=\"row-2005891032\">\n\n\n\t<div id=\"col-1072198634\" class=\"col small-12 large-12\"  >\n\t\t\t\t<div class=\"col-inner\"  >\n\t\t\t\n\t\t\t\n\n<div class=\"row\"  id=\"row-52028484\">\n\n\n\t<div id=\"col-1256529431\" class=\"col small-12 large-12\"  >\n\t\t\t\t<div class=\"col-inner\"  >\n\t\t\t\n\t\t\t\n\n\t<div id=\"text-2210878969\" class=\"text\">\n\t\t\n\n<h2>Palli kokkup\u00f5rke katse: Tulemusi m\u00f5jutavad tegurid<\/h2>\n\t\t\n<style>\n#text-2210878969 {\n  font-size: 1.3rem;\n  text-align: center;\n}\n<\/style>\n\t<\/div>\n\t\n\n\t\t<\/div>\n\t\t\t\t\t<\/div>\n\n\t\n\n\t<div id=\"col-1793192055\" class=\"col small-12 large-12\"  >\n\t\t\t\t<div class=\"col-inner\"  >\n\t\t\t\n\t\t\t\n\n<p>Pallide kokkup\u00f5rkekatsega m\u00f5\u00f5detakse, kui h\u00e4sti taluvad materjalid tugevat kokkupuudet langeva esemega. Katsetulemusi m\u00f5jutavad mitmed tegurid:<\/p>\n<h4>1. Pisarate k\u00f5rgus<\/h4>\n<p>Suurem kukkumisk\u00f5rgus tekitab suurema l\u00f6\u00f6gienergia, mis simuleerib \u00e4\u00e4rmuslikumaid tegelikke stsenaariume.<\/p>\n<h4>2. Pallide suurus ja mass<\/h4>\n<p>Suuremad ja raskemad kuulid avaldavad kokkup\u00f5rkel suuremat j\u00f5udu, mis m\u00f5jutab materjali deformeerumist v\u00f5i purunemist.<\/p>\n<h4>3. Materjali omadused<\/h4>\n<p>Vastupidavus, paksus ja elastsus m\u00f5jutavad seda, kuidas materjal absorbeerib ja hajutab l\u00f6\u00f6gienergiat.<\/p>\n\n\t\t<\/div>\n\t\t\t\t\t<\/div>\n\n\t\n\n<\/div>\n\n\t\t<\/div>\n\t\t\t\t\t<\/div>\n\n\t\n\n<\/div>\n\n\t\t<\/div>\n\n\t\t\n<style>\n#section_1703129774 {\n  padding-top: 30px;\n  padding-bottom: 30px;\n}\n<\/style>\n\t<\/section>\n\t\n\t<section class=\"section\" id=\"section_379848363\">\n\t\t<div class=\"bg section-bg fill bg-fill  bg-loaded\" >\n\n\t\t\t\n\t\t\t\n\t\t\t\n\n\t\t<\/div>\n\n\t\t\n\n\t\t<div class=\"section-content relative\">\n\t\t\t\n\n<div class=\"row\"  id=\"row-83927823\">\n\n\n\t<div id=\"col-1078248564\" class=\"col small-12 large-12\"  >\n\t\t\t\t<div class=\"col-inner\"  >\n\t\t\t\n\t\t\t\n\n<div class=\"row align-equal align-center\"  id=\"row-995837385\">\n\n\n\t<div id=\"col-1691525417\" class=\"col small-12 large-12\"  >\n\t\t\t\t<div class=\"col-inner\"  >\n\t\t\t\n\t\t\t\n\n\t<div id=\"text-3649280386\" class=\"text\">\n\t\t\n\n<h2>Miks valida Impacttesting.net'i<br \/>FBT-01 Ball Drop Tester<\/h2>\n\t\t\n<style>\n#text-3649280386 {\n  font-size: 1.4rem;\n  text-align: center;\n}\n<\/style>\n\t<\/div>\n\t\n\n\t\t<\/div>\n\t\t\t\t\t<\/div>\n\n\t\n\n\t<div id=\"col-1069927581\" class=\"col medium-6 small-12 large-6\"  >\n\t\t\t\t<div class=\"col-inner text-center\"  >\n\t\t\t\n\t\t\t\n\n\t<div id=\"text-2211158439\" class=\"text\">\n\t\t\n\n<p>The <strong>palli langetamise tester<\/strong> on tootjate ja kvaliteedikontrolli spetsialistide jaoks kriitiline vahend. See aitab tagada, et materjalid vastavad l\u00f6\u00f6gikindlusn\u00f5uetele, andes kindlustunde toote vastupidavuse ja kasutaja ohutuse suhtes. Kaitsesilmade testimine vastavalt <a href=\"https:\/\/www.impacttesting.net\/et\/ansi-z87-1\/\"><strong>ANSI Z87.1 standardid<\/strong><\/a> v\u00f5i \u00fcldise <strong>palli kokkup\u00f5rkekatsed<\/strong>see meetod m\u00e4ngib olulist rolli materjali toimivuse hindamisel.<\/p>\n\t\t\n<style>\n#text-2211158439 {\n  font-size: 1.1rem;\n  line-height: 2;\n}\n<\/style>\n\t<\/div>\n\t\n<a href=\"https:\/\/www.impacttesting.net\/et\/contact-us\/\" class=\"button primary is-outline\"  style=\"border-radius:99px;\">\n    <span>V\u00f5tke meiega \u00fchendust<\/span>\n  <i class=\"icon-chat\" aria-hidden=\"true\" ><\/i><\/a>\n\n\n\n\t\t<\/div>\n\t\t\t\t\t<\/div>\n\n\t\n\n\t<div id=\"col-792001841\" class=\"col medium-4 small-12 large-4\"  >\n\t\t\t\t<div class=\"col-inner text-center\"  >\n\t\t\t\n\t\t\t\n\n\n<div class=\"wpcf7 no-js\" id=\"wpcf7-f10-o1\" lang=\"en-US\" dir=\"ltr\" data-wpcf7-id=\"10\">\n<div class=\"screen-reader-response\"><p role=\"status\" aria-live=\"polite\" aria-atomic=\"true\"><\/p> <ul><\/ul><\/div>\n<form action=\"\/et\/wp-json\/wp\/v2\/pages\/74#wpcf7-f10-o1\" method=\"post\" class=\"wpcf7-form init\" aria-label=\"Contact form\" novalidate=\"novalidate\" data-status=\"init\" data-trp-original-action=\"\/et\/wp-json\/wp\/v2\/pages\/74#wpcf7-f10-o1\">\n<fieldset class=\"hidden-fields-container\"><input type=\"hidden\" name=\"_wpcf7\" value=\"10\" \/><input type=\"hidden\" name=\"_wpcf7_version\" value=\"6.1.4\" \/><input type=\"hidden\" name=\"_wpcf7_locale\" value=\"en_US\" \/><input type=\"hidden\" name=\"_wpcf7_unit_tag\" value=\"wpcf7-f10-o1\" \/><input type=\"hidden\" name=\"_wpcf7_container_post\" value=\"0\" \/><input type=\"hidden\" name=\"_wpcf7_posted_data_hash\" value=\"\" \/><input type=\"hidden\" name=\"_wpcf7_recaptcha_response\" value=\"\" \/>\n<\/fieldset>\n<p><span class=\"wpcf7-form-control-wrap\" data-name=\"Name\"><input size=\"40\" maxlength=\"400\" class=\"wpcf7-form-control wpcf7-text\" aria-invalid=\"false\" placeholder=\"Teie nimi\" value=\"\" type=\"text\" name=\"Name\" \/><\/span><br \/>\n<span class=\"wpcf7-form-control-wrap\" data-name=\"Comapany\"><input size=\"40\" maxlength=\"400\" class=\"wpcf7-form-control wpcf7-text\" aria-invalid=\"false\" placeholder=\"Teie ettev\u00f5te\" value=\"\" type=\"text\" name=\"Comapany\" \/><\/span><br \/>\n<span class=\"wpcf7-form-control-wrap\" data-name=\"Email\"><input size=\"40\" maxlength=\"400\" class=\"wpcf7-form-control wpcf7-email wpcf7-validates-as-required wpcf7-text wpcf7-validates-as-email\" aria-required=\"true\" aria-invalid=\"false\" placeholder=\"Teie e-post*\" value=\"\" type=\"email\" name=\"Email\" \/><\/span><br \/>\n<span class=\"wpcf7-form-control-wrap\" data-name=\"Message\"><textarea cols=\"40\" rows=\"10\" maxlength=\"2000\" class=\"wpcf7-form-control wpcf7-textarea\" aria-invalid=\"false\" placeholder=\"S\u00f5num\" name=\"Message\"><\/textarea><\/span>\n<\/p>\n<p><input class=\"wpcf7-form-control wpcf7-submit has-spinner\" type=\"submit\" value=\"Esita\" \/>\n<\/p><div class=\"wpcf7-response-output\" aria-hidden=\"true\"><\/div>\n<input type=\"hidden\" name=\"trp-form-language\" value=\"et\"\/><\/form>\n<\/div>\n\n\n\n\t\t<\/div>\n\t\t\t\t\t<\/div>\n\n\t\n\n<\/div>\n\n\t\t<\/div>\n\t\t\t\t\t<\/div>\n\n\t\n\n<\/div>\n\n\t\t<\/div>\n\n\t\t\n<style>\n#section_379848363 {\n  padding-top: 30px;\n  padding-bottom: 30px;\n  background-color: rgb(232, 234, 241);\n}\n<\/style>\n\t<\/section>","protected":false},"excerpt":{"rendered":"","protected":false},"author":1,"featured_media":0,"parent":0,"menu_order":0,"comment_status":"closed","ping_status":"closed","template":"page-blank.php","meta":{"footnotes":""},"class_list":["post-74","page","type-page","status-publish","hentry"],"_links":{"self":[{"href":"https:\/\/www.impacttesting.net\/et\/wp-json\/wp\/v2\/pages\/74","targetHints":{"allow":["GET"]}}],"collection":[{"href":"https:\/\/www.impacttesting.net\/et\/wp-json\/wp\/v2\/pages"}],"about":[{"href":"https:\/\/www.impacttesting.net\/et\/wp-json\/wp\/v2\/types\/page"}],"author":[{"embeddable":true,"href":"https:\/\/www.impacttesting.net\/et\/wp-json\/wp\/v2\/users\/1"}],"replies":[{"embeddable":true,"href":"https:\/\/www.impacttesting.net\/et\/wp-json\/wp\/v2\/comments?post=74"}],"version-history":[{"count":2,"href":"https:\/\/www.impacttesting.net\/et\/wp-json\/wp\/v2\/pages\/74\/revisions"}],"predecessor-version":[{"id":78,"href":"https:\/\/www.impacttesting.net\/et\/wp-json\/wp\/v2\/pages\/74\/revisions\/78"}],"wp:attachment":[{"href":"https:\/\/www.impacttesting.net\/et\/wp-json\/wp\/v2\/media?parent=74"}],"curies":[{"name":"wp","href":"https:\/\/api.w.org\/{rel}","templated":true}]}}