{"id":59,"date":"2025-12-24T05:33:37","date_gmt":"2025-12-24T05:33:37","guid":{"rendered":"https:\/\/www.impacttesting.net\/?page_id=59"},"modified":"2025-12-24T06:11:16","modified_gmt":"2025-12-24T06:11:16","slug":"astm-d3420","status":"publish","type":"page","link":"https:\/\/www.impacttesting.net\/et\/astm-d3420\/","title":{"rendered":"ASTM D3420"},"content":{"rendered":"<section class=\"section\" id=\"section_168174231\">\n\t\t<div class=\"bg section-bg fill bg-fill  bg-loaded\" >\n\n\t\t\t\n\t\t\t\n\t\t\t\n\n\t\t<\/div>\n\n\t\t\n\n\t\t<div class=\"section-content relative\">\n\t\t\t\n\n<div class=\"row\"  id=\"row-746838534\">\n\n\n\t<div id=\"col-1514411910\" class=\"col small-12 large-12\"  >\n\t\t\t\t<div class=\"col-inner\" style=\"background-color:rgb(92, 171, 188);\" >\n\t\t\t\n\t\t\t\n\n<div class=\"row\"  id=\"row-1942689459\">\n\n\n\t<div id=\"col-2105584107\" class=\"col small-12 large-12\"  >\n\t\t\t\t<div class=\"col-inner\"  >\n\t\t\t\n\t\t\t\n\n\t<div id=\"text-125205960\" class=\"text\">\n\t\t\n\n<h1>ASTM D1709<\/h1>\n\t\t\n<style>\n#text-125205960 {\n  font-size: 1.5rem;\n  text-align: center;\n}\n<\/style>\n\t<\/div>\n\t\n\t<div id=\"text-3086631697\" class=\"text\">\n\t\t\n\n<h2>Pendli l\u00f6\u00f6gikindlus plastkilest<\/h2>\n\t\t\n<style>\n#text-3086631697 {\n  text-align: center;\n}\n<\/style>\n\t<\/div>\n\t\n\n\t\t<\/div>\n\t\t\t\t\n<style>\n#col-2105584107 > .col-inner {\n  padding: 50px 10px 10px 10px;\n}\n<\/style>\n\t<\/div>\n\n\t\n\n<\/div>\n<div class=\"row align-middle align-center\"  id=\"row-64597970\">\n\n\n\t<div id=\"col-1416740731\" class=\"col medium-11 small-12 large-11\"  >\n\t\t\t\t<div class=\"col-inner\"  >\n\t\t\t\n\t\t\t\n\n<div class=\"row align-middle align-center\"  id=\"row-855542762\">\n\n\n\t<div id=\"col-1554880641\" class=\"col medium-7 small-12 large-7\"  >\n\t\t\t\t<div class=\"col-inner\"  >\n\t\t\t\n\t\t\t\n\n<div class=\"row\"  id=\"row-1103597988\">\n\n\n\t<div id=\"col-1156228998\" class=\"col small-12 large-12\"  >\n\t\t\t\t<div class=\"col-inner text-center\"  >\n\t\t\t\n\t\t\t\n\n\t<div id=\"text-2050616427\" class=\"text\">\n\t\t\n\n<p>L\u00f6\u00f6gikindlus m\u00e4ngib olulist rolli materjali vastupidavuse ja vastupidavuse hindamisel ootamatu koormuse korral. <a href=\"https:\/\/www.impacttesting.net\/et\/astm-d3420\/\"><strong>ASTM D3420<\/strong><\/a>, standardne katsemeetod <strong>Pendli l\u00f6\u00f6gikindlus plastkilest<\/strong>, on oluline v\u00f5rdlusalus plastkilede sitkuse m\u00e4\u00e4ramiseks. See meetod on eriti v\u00e4\u00e4rtuslik pakendiinseneridele, materjaliteadlastele ja kvaliteedikontrolli spetsialistidele, kes soovivad tagada, et kiled vastavad rakendusspetsiifilistele toimivusn\u00f5uetele.<\/p>\n\t\t\n<style>\n#text-2050616427 {\n  color: rgb(0, 0, 0);\n}\n#text-2050616427 > * {\n  color: rgb(0, 0, 0);\n}\n<\/style>\n\t<\/div>\n\t\n\n\t\t<\/div>\n\t\t\t\t\t<\/div>\n\n\t\n\n\t<div id=\"col-1381785078\" class=\"col small-12 large-12\"  >\n\t\t\t\t<div class=\"col-inner text-center\"  >\n\t\t\t\n\t\t\t\n\n<a href=\"https:\/\/www.impacttesting.net\/et\/contact-us\/\" class=\"button primary is-outline\"  style=\"border-radius:99px;\">\n    <span>V\u00f5tke meiega \u00fchendust<\/span>\n  <i class=\"icon-chat\" aria-hidden=\"true\" ><\/i><\/a>\n\n\n\n\t\t<\/div>\n\t\t\t\t\t<\/div>\n\n\t\n\n<\/div>\n\n\t\t<\/div>\n\t\t\t\t\t<\/div>\n\n\t\n\n\t<div id=\"col-1309051500\" class=\"col medium-5 small-12 large-5\"  >\n\t\t\t\t<div class=\"col-inner\"  >\n\t\t\t\n\t\t\t\n\n<div class=\"row\"  id=\"row-1332458233\">\n\n\n\t<div id=\"col-2050068698\" class=\"col small-12 large-12\"  >\n\t\t\t\t<div class=\"col-inner\"  >\n\t\t\t\n\t\t\t\n\n\t<div class=\"img has-hover x md-x lg-x y md-y lg-y\" id=\"image_1459644880\">\n\t\t<a class=\"\" href=\"https:\/\/www.impacttesting.net\/et\/falling-dart-impact-tester\/\" >\t\t\t\t\t\t<div class=\"img-inner dark\" >\n\t\t\t<img decoding=\"async\" width=\"600\" height=\"440\" src=\"https:\/\/www.impacttesting.net\/wp-content\/uploads\/2025\/12\/ASTM-D3420-Pendulum-Impact-Resistance-of-Plastic-Film.webp\" class=\"attachment-large size-large\" alt=\"ASTM D3420 Plastkile pendli l\u00f6\u00f6gikindlus\" srcset=\"https:\/\/www.impacttesting.net\/wp-content\/uploads\/2025\/12\/ASTM-D3420-Pendulum-Impact-Resistance-of-Plastic-Film.webp 600w, https:\/\/www.impacttesting.net\/wp-content\/uploads\/2025\/12\/ASTM-D3420-Pendulum-Impact-Resistance-of-Plastic-Film-545x400.webp 545w\" sizes=\"(max-width: 600px) 100vw, 600px\" \/>\t\t\t\t\t\t\n\t\t\t\t\t<\/div>\n\t\t\t\t\t\t<\/a>\t\t\n<style>\n#image_1459644880 {\n  width: 100%;\n}\n<\/style>\n\t<\/div>\n\t\n\n\n\t\t<\/div>\n\t\t\t\t\t<\/div>\n\n\t\n\n<\/div>\n\n\t\t<\/div>\n\t\t\t\t\t<\/div>\n\n\t\n\n<\/div>\n\n\t\t<\/div>\n\t\t\t\t\t<\/div>\n\n\t\n\n<\/div>\n\n\t\t<\/div>\n\t\t\t\t\t<\/div>\n\n\t\n\n\n<style>\n#row-746838534 > .col > .col-inner {\n  border-radius: 25px;\n}\n<\/style>\n<\/div>\n\n\t\t<\/div>\n\n\t\t\n<style>\n#section_168174231 {\n  padding-top: 30px;\n  padding-bottom: 30px;\n}\n<\/style>\n\t<\/section>\n\t\n\t<section class=\"section\" id=\"section_548362948\">\n\t\t<div class=\"bg section-bg fill bg-fill  bg-loaded\" >\n\n\t\t\t\n\t\t\t\n\t\t\t\n\n\t\t<\/div>\n\n\t\t\n\n\t\t<div class=\"section-content relative\">\n\t\t\t\n\n<div class=\"row\"  id=\"row-1777811861\">\n\n\n\t<div id=\"col-88452479\" class=\"col small-12 large-12\"  >\n\t\t\t\t<div class=\"col-inner\"  >\n\t\t\t\n\t\t\t\n\n<div class=\"row\"  id=\"row-61012089\">\n\n\n\t<div id=\"col-1300066025\" class=\"col small-12 large-12\"  >\n\t\t\t\t<div class=\"col-inner\"  >\n\t\t\t\n\t\t\t\n\n\t<div id=\"text-1669568107\" class=\"text\">\n\t\t\n\n<h2>ASTM D3420 ja selle t\u00e4htsus<\/h2>\n\t\t\n<style>\n#text-1669568107 {\n  font-size: 1.3rem;\n  text-align: center;\n}\n<\/style>\n\t<\/div>\n\t\n\n\t\t<\/div>\n\t\t\t\t\t<\/div>\n\n\t\n\n\t<div id=\"col-491616760\" class=\"col small-12 large-12\"  >\n\t\t\t\t<div class=\"col-inner\"  >\n\t\t\t\n\t\t\t\n\n<p>Standardis ASTM D3420 on m\u00e4\u00e4ratletud meetod, mille abil m\u00f5\u00f5detakse pendli abil plastkile proovi l\u00e4bitorkamiseks vajalikku energiat. Pendli kineetiline energia j\u00e4ljendab tegelikke j\u00f5ude, millega kile v\u00f5ib kokku puutuda n\u00e4iteks pakkimise, transpordi v\u00f5i k\u00e4itlemise ajal. Tulemus peegeldab kile d\u00fcnaamilist t\u00f5mbek\u00e4itumist, mis annab realistlikuma hinnangu kui staatilised t\u00f5mbekatsed.<\/p>\n\n\t\t<\/div>\n\t\t\t\t\t<\/div>\n\n\t\n\n\t<div id=\"col-1898346544\" class=\"col small-12 large-12\"  >\n\t\t\t\t<div class=\"col-inner\"  >\n\t\t\t\n\t\t\t\n\n\t<div id=\"text-3898693628\" class=\"text\">\n\t\t\n\n<h3>ASTM D3420 - ASTM standardid plastide l\u00f6\u00f6gikatsete l\u00e4biviimiseks<\/h3>\n\t\t\n<style>\n#text-3898693628 {\n  text-align: center;\n}\n<\/style>\n\t<\/div>\n\t\n\n\t\t<\/div>\n\t\t\t\t\t<\/div>\n\n\t\n\n\t<div id=\"col-800634274\" class=\"col small-12 large-12\"  >\n\t\t\t\t<div class=\"col-inner\"  >\n\t\t\t\n\t\t\t\n\n<p>ASTM D3420 keskendub konkreetselt j\u00e4rgmistele aspektidele <strong>pendli l\u00f6\u00f6gikindlus<\/strong>, mis teeb sellest \u00fche k\u00f5ige asjakohasema <strong>ASTM standardid plastide l\u00f6\u00f6gikatsete jaoks<\/strong>. Kuigi teised meetodid, nagu ASTM D1709 v\u00f5i D4272, testivad sarnaseid omadusi, on D3420 eriti kasulik, sest:<\/p>\n<ul>\n<li>See v\u00f5imaldab d\u00fcnaamilisi katseid suurema t\u00fcvenemise kiirusega.<\/li>\n<li>See pakub kahte katsemenetlust (protseduur A ja protseduur B) erinevate proovide ja sondide suurustega.<\/li>\n<li>See annab energiap\u00f5hised tulemused, mis annavad \u00fclevaate nii rikke algusest kui ka levikust.<\/li>\n<\/ul>\n<p>Seda standardit kasutatakse laialdaselt filmide hindamisel, mis on valmistatud <strong>pol\u00fcet\u00fcleen, pol\u00fcprop\u00fcleen, PET<\/strong>ja muud tavalised pakkematerjalid.<\/p>\n\n\t\t<\/div>\n\t\t\t\t\t<\/div>\n\n\t\n\n<\/div>\n\n\t\t<\/div>\n\t\t\t\t\t<\/div>\n\n\t\n\n<\/div>\n<div class=\"row\"  id=\"row-1149041878\">\n\n\n\t<div id=\"col-322592924\" class=\"col small-12 large-12\"  >\n\t\t\t\t<div class=\"col-inner\"  >\n\t\t\t\n\t\t\t\n\n<div class=\"row\"  id=\"row-1529759049\">\n\n\n\t<div id=\"col-2084118483\" class=\"col small-12 large-12\"  >\n\t\t\t\t<div class=\"col-inner\"  >\n\t\t\t\n\t\t\t\n\n\t<div id=\"text-598062358\" class=\"text\">\n\t\t\n\n<h2>Seotud pendli l\u00f6\u00f6gitestid<\/h2>\n\t\t\n<style>\n#text-598062358 {\n  font-size: 1.3rem;\n  text-align: center;\n}\n<\/style>\n\t<\/div>\n\t\n\n\t\t<\/div>\n\t\t\t\t\t<\/div>\n\n\t\n\n<\/div>\n<div class=\"row\"  id=\"row-55734969\">\n\n\n\t<div id=\"col-662828671\" class=\"col medium-6 small-12 large-6\"  >\n\t\t\t\t<div class=\"col-inner\"  >\n\t\t\t\n\t\t\t\n\n<h3>Katseseadmed ja seadistus<\/h3>\n<p>ASTM D3420 katsete l\u00e4biviimiseks on vaja kalibreeritud pendli l\u00f6\u00f6gikatsetajat. . <a href=\"https:\/\/www.impacttesting.net\/et\/pendulum-impact-tester\/\"><strong>PIT-01 Pendli l\u00f6\u00f6gi tester<\/strong><\/a> aadressilt <strong>Cell Instruments<\/strong> on suurep\u00e4rane lahendus, mis vastab t\u00e4ielikult ASTM D3420 n\u00f5uetele ja pakub:<\/p>\n<ul>\n<li>Suure t\u00e4psusega energia m\u00f5\u00f5tmine (0,5 J kuni 5,0 J)<\/li>\n<li>Valikulised kaalud paindlike testimisvahemike jaoks<\/li>\n<li>Digitaalne n\u00e4idik andmete h\u00f5lpsaks registreerimiseks<\/li>\n<li>Kaks vahetatavat l\u00f6\u00f6kpea protseduurile A (60 mm ava) ja protseduurile B (89 mm ava).<\/li>\n<\/ul>\n<p>Suurema energiaga katsete tegemiseks tuleb katseseade paigaldada tasasele pinnale, mis on korralikult kinnitatud.<\/p>\n\n\t\t<\/div>\n\t\t\t\t\t<\/div>\n\n\t\n\n\t<div id=\"col-1607370427\" class=\"col medium-6 small-12 large-6\"  >\n\t\t\t\t<div class=\"col-inner\"  >\n\t\t\t\n\t\t\t\n\n<h3>Proovide ettevalmistamine ja konditsioneerimine<\/h3>\n<p>Proovide n\u00f5uetekohane ettevalmistamine tagab t\u00e4psed ja korratavad tulemused. J\u00e4rgige j\u00e4rgmisi samme:<\/p>\n<ul>\n<li><strong>N\u00e4idise t\u00fc\u00fcp<\/strong>: Kasutage \u00fcmmargusi v\u00f5i ruudukujulisi kileproove - 100 mm l\u00e4bim\u00f5\u00f5duga v\u00f5i 100 \u00d7 100 mm.<\/li>\n<li><strong>Paksus<\/strong>: M\u00f5\u00f5tke mikromeetriga 0,00125 mm t\u00e4psusega.<\/li>\n<li><strong>Konditsioneerimine<\/strong>: Eelkliimida n\u00e4idiseid 23 \u00b1 2 \u00b0C ja 50 \u00b1 10% suhtelise \u00f5huniiskuse juures (vastavalt ASTM D618) v\u00e4hemalt 40 tundi.<\/li>\n<\/ul>\n<p>Veenduge, et proovid on <strong>ilma voltide, defektide v\u00f5i eba\u00fchtlase paksuseta<\/strong>mis v\u00f5ib tulemusi moonutada.<\/p>\n\n\t\t<\/div>\n\t\t\t\t\t<\/div>\n\n\t\n\n<\/div>\n\n\t\t<\/div>\n\t\t\t\t\t<\/div>\n\n\t\n\n<\/div>\n<div class=\"row\"  id=\"row-1701237994\">\n\n\n\t<div id=\"col-60273173\" class=\"col small-12 large-12\"  >\n\t\t\t\t<div class=\"col-inner\"  >\n\t\t\t\n\t\t\t\n\n<div class=\"row\"  id=\"row-368579660\">\n\n\n\t<div id=\"col-710678878\" class=\"col small-12 large-12\"  >\n\t\t\t\t<div class=\"col-inner\"  >\n\t\t\t\n\t\t\t\n\n<div class=\"row\"  id=\"row-177824491\">\n\n\n\t<div id=\"col-716984747\" class=\"col small-12 large-12\"  >\n\t\t\t\t<div class=\"col-inner\"  >\n\t\t\t\n\t\t\t\n\n\t<div id=\"text-2587096421\" class=\"text\">\n\t\t\n\n<h2>\u00dclevaade pendelr\u00fcnnaku katsemenetlusest<\/h2>\n\t\t\n<style>\n#text-2587096421 {\n  font-size: 1.3rem;\n  text-align: center;\n}\n<\/style>\n\t<\/div>\n\t\n\n\t\t<\/div>\n\t\t\t\t\t<\/div>\n\n\t\n\n<\/div>\n<div class=\"row align-bottom align-center\"  id=\"row-743860397\">\n\n\n\t<div id=\"col-1782455801\" class=\"col medium-7 small-12 large-7\"  >\n\t\t\t\t<div class=\"col-inner\"  >\n\t\t\t\n\t\t\t\n\n<ol>\n<li><strong>Klammerdage n\u00e4idis<\/strong> kahe \u00fcmmarguse plaadi vahel.<\/li>\n<li><strong>T\u00f5stke ja lukustage pendel<\/strong> oma l\u00e4hteasendisse.<\/li>\n<li><strong>Nullida n\u00e4idik<\/strong> ja kontrollige n\u00f5uetekohast joondamist.<\/li>\n<li><strong>Vabastage pendel<\/strong> m\u00f5jutada proovi keskkohta.<\/li>\n<li><strong>Loe energia v\u00e4\u00e4rtust<\/strong> digitaalsest v\u00f5i analoogsest valikust.<\/li>\n<\/ol>\n<p>Korrake seda katset v\u00e4hemalt viie prooviga, et saada keskmine v\u00e4\u00e4rtus aruandluse jaoks.<\/p>\n<p>M\u00e4rkus: Kui pendel ei suuda kile l\u00e4bi l\u00fc\u00fca, suurendage l\u00f6\u00f6gienergiat, lisades lisaraskusi v\u00f5i kasutades \u00f5hemat proovi.<\/p>\n\n\t\t<\/div>\n\t\t\t\t\t<\/div>\n\n\t\n\n\t<div id=\"col-1491058538\" class=\"col medium-5 small-12 large-5\"  >\n\t\t\t\t<div class=\"col-inner\"  >\n\t\t\t\n\t\t\t\n\n<div class=\"video video-fit mb\" style=\"padding-top:56.25%;\"><iframe title=\"ASTM D3420 Pendli l\u00f6\u00f6gitestid plastkilede l\u00f6\u00f6gitesti jaoks\" width=\"1020\" height=\"574\" src=\"https:\/\/www.youtube.com\/embed\/vEx4esxMESw?feature=oembed\" frameborder=\"0\" allow=\"accelerometer; autoplay; clipboard-write; encrypted-media; gyroscope; picture-in-picture; web-share\" referrerpolicy=\"strict-origin-when-cross-origin\" allowfullscreen><\/iframe><\/div>\n\n\n\t\t<\/div>\n\t\t\t\t\t<\/div>\n\n\t\n\n<\/div>\n\n\t\t<\/div>\n\t\t\t\t\t<\/div>\n\n\t\n\n<\/div>\n\n\t\t<\/div>\n\t\t\t\t\t<\/div>\n\n\t\n\n<\/div>\n<div class=\"row\"  id=\"row-683805284\">\n\n\n\t<div id=\"col-1319799679\" class=\"col small-12 large-12\"  >\n\t\t\t\t<div class=\"col-inner\"  >\n\t\t\t\n\t\t\t\n\n<div class=\"row\"  id=\"row-1461318642\">\n\n\n\t<div id=\"col-106954278\" class=\"col small-12 large-12\"  >\n\t\t\t\t<div class=\"col-inner\"  >\n\t\t\t\n\t\t\t\n\n<div class=\"row\"  id=\"row-863197043\">\n\n\n\t<div id=\"col-605186610\" class=\"col small-12 large-12\"  >\n\t\t\t\t<div class=\"col-inner\"  >\n\t\t\t\n\t\t\t\n\n\t<div id=\"text-3462862868\" class=\"text\">\n\t\t\n\n<h2>Andmete t\u00f5lgendamine ja tulemuste anal\u00fc\u00fcs<\/h2>\n\t\t\n<style>\n#text-3462862868 {\n  font-size: 1.3rem;\n  text-align: center;\n}\n<\/style>\n\t<\/div>\n\t\n\n\t\t<\/div>\n\t\t\t\t\t<\/div>\n\n\t\n\n<\/div>\n<div class=\"row align-middle align-center\"  id=\"row-1362933254\">\n\n\n\t<div id=\"col-1893330287\" class=\"col medium-5 small-12 large-5\"  >\n\t\t\t\t<div class=\"col-inner\"  >\n\t\t\t\n\t\t\t\n\n<ol>\n<li>L\u00f5pptulemus kujutab endast energiat (d\u017eaulides), mis on vajalik kile l\u00e4bistamiseks. See on materjali l\u00f6\u00f6gikindluse otsene n\u00e4itaja. Suuremad v\u00e4\u00e4rtused n\u00e4itavad tugevamat kilestikku.<\/li>\n<li>Materjalide v\u00f5i partiide v\u00f5rdlemisel on v\u00e4ga oluline tagada \u00fchtlane paksus, keskkonnatingimused ja klambrite seaded, et k\u00f5rvaldada varieeruvus.<\/li>\n<\/ol>\n\n\t\t<\/div>\n\t\t\t\t\t<\/div>\n\n\t\n\n\t<div id=\"col-570429048\" class=\"col medium-5 small-12 large-5\"  >\n\t\t\t\t<div class=\"col-inner\"  >\n\t\t\t\n\t\t\t\n\n\t<div class=\"img has-hover x md-x lg-x y md-y lg-y\" id=\"image_1242090752\">\n\t\t\t\t\t\t\t\t<div class=\"img-inner dark\" >\n\t\t\t<img decoding=\"async\" width=\"600\" height=\"440\" src=\"https:\/\/www.impacttesting.net\/wp-content\/uploads\/2025\/12\/ASTM-D3420-Pendulum-Impact-Resistance-of-Plastic-Film.webp\" class=\"attachment-large size-large\" alt=\"ASTM D3420 Plastkile pendli l\u00f6\u00f6gikindlus\" srcset=\"https:\/\/www.impacttesting.net\/wp-content\/uploads\/2025\/12\/ASTM-D3420-Pendulum-Impact-Resistance-of-Plastic-Film.webp 600w, https:\/\/www.impacttesting.net\/wp-content\/uploads\/2025\/12\/ASTM-D3420-Pendulum-Impact-Resistance-of-Plastic-Film-545x400.webp 545w\" sizes=\"(max-width: 600px) 100vw, 600px\" \/>\t\t\t\t\t\t\n\t\t\t\t\t<\/div>\n\t\t\t\t\t\t\t\t\n<style>\n#image_1242090752 {\n  width: 100%;\n}\n<\/style>\n\t<\/div>\n\t\n\n\n\t\t<\/div>\n\t\t\t\t\t<\/div>\n\n\t\n\n<\/div>\n\n\t\t<\/div>\n\t\t\t\t\t<\/div>\n\n\t\n\n<\/div>\n\n\t\t<\/div>\n\t\t\t\t\t<\/div>\n\n\t\n\n<\/div>\n\n\t\t<\/div>\n\n\t\t\n<style>\n#section_548362948 {\n  padding-top: 30px;\n  padding-bottom: 30px;\n}\n<\/style>\n\t<\/section>\n\t\n\t<section class=\"section\" id=\"section_563544053\">\n\t\t<div class=\"bg section-bg fill bg-fill  bg-loaded\" >\n\n\t\t\t\n\t\t\t\n\t\t\t\n\n\t\t<\/div>\n\n\t\t\n\n\t\t<div class=\"section-content relative\">\n\t\t\t\n\n<div class=\"row\"  id=\"row-137365117\">\n\n\n\t<div id=\"col-1833407455\" class=\"col small-12 large-12\"  >\n\t\t\t\t<div class=\"col-inner\"  >\n\t\t\t\n\t\t\t\n\n<div class=\"row align-center\"  id=\"row-148119613\">\n\n\n\t<div id=\"col-606737517\" class=\"col small-12 large-12\"  >\n\t\t\t\t<div class=\"col-inner\"  >\n\t\t\t\n\t\t\t\n\n\t<div id=\"text-1423287870\" class=\"text\">\n\t\t\n\n<h2>Miks valida Impacttesting.net'i<br \/>PIT-01 Pendli l\u00f6\u00f6gi tester<\/h2>\n\t\t\n<style>\n#text-1423287870 {\n  font-size: 1.4rem;\n  text-align: center;\n}\n<\/style>\n\t<\/div>\n\t\n\n\t\t<\/div>\n\t\t\t\t\t<\/div>\n\n\t\n\n\t<div id=\"col-1825632646\" class=\"col small-12 large-12\"  >\n\t\t\t\t<div class=\"col-inner\"  >\n\t\t\t\n\t\t\t\n\n<p>The <a href=\"https:\/\/www.impacttesting.net\/et\/pendulum-impact-tester\/\"><strong>PIT-01 Pendli l\u00f6\u00f6gi tester<\/strong><\/a> alates Impacttesting.net on arenenud tehnika ja kasutajas\u00f5bralik kasutajaliides teevad selle ideaalseks:<\/p>\n\n\t\t<\/div>\n\t\t\t\t\t<\/div>\n\n\t\n\n\t<div id=\"col-1452240982\" class=\"col medium-7 small-12 large-7\"  >\n\t\t\t\t<div class=\"col-inner text-center\"  >\n\t\t\t\n\t\t\t\n\n\t<div id=\"text-3024743419\" class=\"text\">\n\t\t\n\n<p>Pakendikile kvaliteedikontroll<br \/>Laboratoorne teadus- ja arendustegevuse testimine<br \/>Vastavus <a href=\"https:\/\/www.impacttesting.net\/et\/astm-d3420\/\"><strong>ASTM D3420<\/strong><\/a> ja sellega seotud standardid<\/p>\n\t\t\n<style>\n#text-3024743419 {\n  font-size: 1.1rem;\n  line-height: 1.3;\n}\n<\/style>\n\t<\/div>\n\t\n\t<div id=\"text-1088888987\" class=\"text\">\n\t\t\n\n<p>PIT-01 kasutusele v\u00f5tmisega saavad kasutajad usalduse, et <strong>t\u00e4psus, korratavus ja t\u00f5husus<\/strong> nende m\u00f5ju testimise protsesside kohta.<\/p>\n\t\t\n<style>\n#text-1088888987 {\n  font-size: 1.1rem;\n}\n<\/style>\n\t<\/div>\n\t\n<a href=\"https:\/\/www.impacttesting.net\/et\/contact-us\/\" class=\"button primary is-outline\"  style=\"border-radius:99px;\">\n    <span>V\u00f5tke meiega \u00fchendust<\/span>\n  <i class=\"icon-chat\" aria-hidden=\"true\" ><\/i><\/a>\n\n\n\n\t\t<\/div>\n\t\t\t\t\t<\/div>\n\n\t\n\n\t<div id=\"col-1308739665\" class=\"col medium-4 small-12 large-4\"  >\n\t\t\t\t<div class=\"col-inner text-center\"  >\n\t\t\t\n\t\t\t\n\n\n<div class=\"wpcf7 no-js\" id=\"wpcf7-f10-o1\" lang=\"en-US\" dir=\"ltr\" data-wpcf7-id=\"10\">\n<div class=\"screen-reader-response\"><p role=\"status\" aria-live=\"polite\" aria-atomic=\"true\"><\/p> <ul><\/ul><\/div>\n<form action=\"\/et\/wp-json\/wp\/v2\/pages\/59#wpcf7-f10-o1\" method=\"post\" class=\"wpcf7-form init\" aria-label=\"Contact form\" novalidate=\"novalidate\" data-status=\"init\" data-trp-original-action=\"\/et\/wp-json\/wp\/v2\/pages\/59#wpcf7-f10-o1\">\n<fieldset class=\"hidden-fields-container\"><input type=\"hidden\" name=\"_wpcf7\" value=\"10\" \/><input type=\"hidden\" name=\"_wpcf7_version\" value=\"6.1.4\" \/><input type=\"hidden\" name=\"_wpcf7_locale\" value=\"en_US\" \/><input type=\"hidden\" name=\"_wpcf7_unit_tag\" value=\"wpcf7-f10-o1\" \/><input type=\"hidden\" name=\"_wpcf7_container_post\" value=\"0\" \/><input type=\"hidden\" name=\"_wpcf7_posted_data_hash\" value=\"\" \/><input type=\"hidden\" name=\"_wpcf7_recaptcha_response\" value=\"\" \/>\n<\/fieldset>\n<p><span class=\"wpcf7-form-control-wrap\" data-name=\"Name\"><input size=\"40\" maxlength=\"400\" class=\"wpcf7-form-control wpcf7-text\" aria-invalid=\"false\" placeholder=\"Teie nimi\" value=\"\" type=\"text\" name=\"Name\" \/><\/span><br \/>\n<span class=\"wpcf7-form-control-wrap\" data-name=\"Comapany\"><input size=\"40\" maxlength=\"400\" class=\"wpcf7-form-control wpcf7-text\" aria-invalid=\"false\" placeholder=\"Teie ettev\u00f5te\" value=\"\" type=\"text\" name=\"Comapany\" \/><\/span><br \/>\n<span class=\"wpcf7-form-control-wrap\" data-name=\"Email\"><input size=\"40\" maxlength=\"400\" class=\"wpcf7-form-control wpcf7-email wpcf7-validates-as-required wpcf7-text wpcf7-validates-as-email\" aria-required=\"true\" aria-invalid=\"false\" placeholder=\"Teie e-post*\" value=\"\" type=\"email\" name=\"Email\" \/><\/span><br \/>\n<span class=\"wpcf7-form-control-wrap\" data-name=\"Message\"><textarea cols=\"40\" rows=\"10\" maxlength=\"2000\" class=\"wpcf7-form-control wpcf7-textarea\" aria-invalid=\"false\" placeholder=\"S\u00f5num\" name=\"Message\"><\/textarea><\/span>\n<\/p>\n<p><input class=\"wpcf7-form-control wpcf7-submit has-spinner\" type=\"submit\" value=\"Esita\" \/>\n<\/p><div class=\"wpcf7-response-output\" aria-hidden=\"true\"><\/div>\n<input type=\"hidden\" name=\"trp-form-language\" value=\"et\"\/><\/form>\n<\/div>\n\n\n\n\t\t<\/div>\n\t\t\t\t\t<\/div>\n\n\t\n\n<\/div>\n\n\t\t<\/div>\n\t\t\t\t\t<\/div>\n\n\t\n\n<\/div>\n\n\t\t<\/div>\n\n\t\t\n<style>\n#section_563544053 {\n  padding-top: 30px;\n  padding-bottom: 30px;\n  background-color: rgb(232, 234, 241);\n}\n<\/style>\n\t<\/section>","protected":false},"excerpt":{"rendered":"","protected":false},"author":1,"featured_media":0,"parent":0,"menu_order":0,"comment_status":"closed","ping_status":"closed","template":"page-blank.php","meta":{"footnotes":""},"class_list":["post-59","page","type-page","status-publish","hentry"],"_links":{"self":[{"href":"https:\/\/www.impacttesting.net\/et\/wp-json\/wp\/v2\/pages\/59","targetHints":{"allow":["GET"]}}],"collection":[{"href":"https:\/\/www.impacttesting.net\/et\/wp-json\/wp\/v2\/pages"}],"about":[{"href":"https:\/\/www.impacttesting.net\/et\/wp-json\/wp\/v2\/types\/page"}],"author":[{"embeddable":true,"href":"https:\/\/www.impacttesting.net\/et\/wp-json\/wp\/v2\/users\/1"}],"replies":[{"embeddable":true,"href":"https:\/\/www.impacttesting.net\/et\/wp-json\/wp\/v2\/comments?post=59"}],"version-history":[{"count":5,"href":"https:\/\/www.impacttesting.net\/et\/wp-json\/wp\/v2\/pages\/59\/revisions"}],"predecessor-version":[{"id":75,"href":"https:\/\/www.impacttesting.net\/et\/wp-json\/wp\/v2\/pages\/59\/revisions\/75"}],"wp:attachment":[{"href":"https:\/\/www.impacttesting.net\/et\/wp-json\/wp\/v2\/media?parent=59"}],"curies":[{"name":"wp","href":"https:\/\/api.w.org\/{rel}","templated":true}]}}