{"id":57,"date":"2025-12-24T05:15:35","date_gmt":"2025-12-24T05:15:35","guid":{"rendered":"https:\/\/www.impacttesting.net\/?page_id=57"},"modified":"2025-12-24T05:44:13","modified_gmt":"2025-12-24T05:44:13","slug":"ansi-z87-1","status":"publish","type":"page","link":"https:\/\/www.impacttesting.net\/et\/ansi-z87-1\/","title":{"rendered":"ANSI Z87.1"},"content":{"rendered":"<section class=\"section\" id=\"section_45207328\">\n\t\t<div class=\"bg section-bg fill bg-fill  bg-loaded\" >\n\n\t\t\t\n\t\t\t\n\t\t\t\n\n\t\t<\/div>\n\n\t\t\n\n\t\t<div class=\"section-content relative\">\n\t\t\t\n\n<div class=\"row\"  id=\"row-1243059121\">\n\n\n\t<div id=\"col-270455930\" class=\"col small-12 large-12\"  >\n\t\t\t\t<div class=\"col-inner\" style=\"background-color:rgb(92, 171, 188);\" >\n\t\t\t\n\t\t\t\n\n<div class=\"row\"  id=\"row-1777260660\">\n\n\n\t<div id=\"col-1344703265\" class=\"col small-12 large-12\"  >\n\t\t\t\t<div class=\"col-inner\"  >\n\t\t\t\n\t\t\t\n\n\t<div id=\"text-2195583934\" class=\"text\">\n\t\t\n\n<h1>ANSI Z87.1<\/h1>\n\t\t\n<style>\n#text-2195583934 {\n  font-size: 1.5rem;\n  text-align: center;\n}\n<\/style>\n\t<\/div>\n\t\n\t<div id=\"text-1197621749\" class=\"text\">\n\t\t\n\n<h2>Kaitseprillide kukkumise katse<\/h2>\n\t\t\n<style>\n#text-1197621749 {\n  text-align: center;\n}\n<\/style>\n\t<\/div>\n\t\n\n\t\t<\/div>\n\t\t\t\t\n<style>\n#col-1344703265 > .col-inner {\n  padding: 50px 10px 10px 10px;\n}\n<\/style>\n\t<\/div>\n\n\t\n\n<\/div>\n<div class=\"row align-middle align-center\"  id=\"row-1495172081\">\n\n\n\t<div id=\"col-565097526\" class=\"col medium-11 small-12 large-11\"  >\n\t\t\t\t<div class=\"col-inner\"  >\n\t\t\t\n\t\t\t\n\n<div class=\"row align-center\"  id=\"row-621932192\">\n\n\n\t<div id=\"col-369788325\" class=\"col medium-7 small-12 large-7\"  >\n\t\t\t\t<div class=\"col-inner\"  >\n\t\t\t\n\t\t\t\n\n<div class=\"row\"  id=\"row-2032256431\">\n\n\n\t<div id=\"col-1145697747\" class=\"col small-12 large-12\"  >\n\t\t\t\t<div class=\"col-inner text-center\"  >\n\t\t\t\n\t\t\t\n\n\t<div id=\"text-564851746\" class=\"text\">\n\t\t\n\n<p><strong>ANSI Z87.1<\/strong> on Ameerika Riikliku Standardiinstituudi (ANSI) koost\u00f6\u00f6s Rahvusvahelise Ohutusseadmete Assotsiatsiooniga (ISEA) v\u00e4lja t\u00f6\u00f6tatud kriitiline standard. Selles kirjeldatakse t\u00f6\u00f6- ja hariduskeskkondades kasutatavate kaitseprillide toimivusn\u00f5udeid ja katsekriteeriume. See standard tagab, et <strong>kaitseprillid, kaitseprillid ja n\u00e4okaitsmed<\/strong> peab vastu v\u00f5imalikele ohtudele, nagu l\u00f6\u00f6gid, mitteioniseeriv kiirgus ja keemiline kokkupuude.<\/p>\n\t\t\n<style>\n#text-564851746 {\n  color: rgb(0, 0, 0);\n}\n#text-564851746 > * {\n  color: rgb(0, 0, 0);\n}\n<\/style>\n\t<\/div>\n\t\n\n\t\t<\/div>\n\t\t\t\t\t<\/div>\n\n\t\n\n\t<div id=\"col-330978852\" class=\"col small-12 large-12\"  >\n\t\t\t\t<div class=\"col-inner text-center\"  >\n\t\t\t\n\t\t\t\n\n<a href=\"https:\/\/www.impacttesting.net\/et\/contact-us\/\" class=\"button primary is-outline\"  style=\"border-radius:99px;\">\n    <span>V\u00f5tke meiega \u00fchendust<\/span>\n  <i class=\"icon-chat\" aria-hidden=\"true\" ><\/i><\/a>\n\n\n\n\t\t<\/div>\n\t\t\t\t\t<\/div>\n\n\t\n\n<\/div>\n\n\t\t<\/div>\n\t\t\t\t\t<\/div>\n\n\t\n\n\t<div id=\"col-1477058058\" class=\"col medium-4 small-12 large-4\"  >\n\t\t\t\t<div class=\"col-inner\"  >\n\t\t\t\n\t\t\t\n\n<div class=\"row\"  id=\"row-216196982\">\n\n\n\t<div id=\"col-1679447248\" class=\"col small-12 large-12\"  >\n\t\t\t\t<div class=\"col-inner\"  >\n\t\t\t\n\t\t\t\n\n\t<div class=\"img has-hover x md-x lg-x y md-y lg-y\" id=\"image_1272296342\">\n\t\t<a class=\"\" href=\"https:\/\/www.impacttesting.net\/et\/ball-drop-tester\/\" target=\"_blank\" rel=\"noopener\" >\t\t\t\t\t\t<div class=\"img-inner dark\" >\n\t\t\t<img decoding=\"async\" width=\"600\" height=\"440\" src=\"https:\/\/www.impacttesting.net\/wp-content\/uploads\/2025\/12\/ANSI-Z87.1-Drop-Ball-Test-for-Safety-Glasses.webp\" class=\"attachment-large size-large\" alt=\"ANSI Z87.1 kaitseprillide kukkumiskatse\" srcset=\"https:\/\/www.impacttesting.net\/wp-content\/uploads\/2025\/12\/ANSI-Z87.1-Drop-Ball-Test-for-Safety-Glasses.webp 600w, https:\/\/www.impacttesting.net\/wp-content\/uploads\/2025\/12\/ANSI-Z87.1-Drop-Ball-Test-for-Safety-Glasses-545x400.webp 545w\" sizes=\"(max-width: 600px) 100vw, 600px\" \/>\t\t\t\t\t\t\n\t\t\t\t\t<\/div>\n\t\t\t\t\t\t<\/a>\t\t\n<style>\n#image_1272296342 {\n  width: 100%;\n}\n<\/style>\n\t<\/div>\n\t\n\n\n\t\t<\/div>\n\t\t\t\t\t<\/div>\n\n\t\n\n<\/div>\n\n\t\t<\/div>\n\t\t\t\t\t<\/div>\n\n\t\n\n<\/div>\n\n\t\t<\/div>\n\t\t\t\t\t<\/div>\n\n\t\n\n<\/div>\n\n\t\t<\/div>\n\t\t\t\t\t<\/div>\n\n\t\n\n\n<style>\n#row-1243059121 > .col > .col-inner {\n  border-radius: 25px;\n}\n<\/style>\n<\/div>\n\n\t\t<\/div>\n\n\t\t\n<style>\n#section_45207328 {\n  padding-top: 30px;\n  padding-bottom: 30px;\n}\n<\/style>\n\t<\/section>\n\t\n\t<section class=\"section\" id=\"section_1990593147\">\n\t\t<div class=\"bg section-bg fill bg-fill  bg-loaded\" >\n\n\t\t\t\n\t\t\t\n\t\t\t\n\n\t\t<\/div>\n\n\t\t\n\n\t\t<div class=\"section-content relative\">\n\t\t\t\n\n<div class=\"row\"  id=\"row-1174968564\">\n\n\n\t<div id=\"col-1376890674\" class=\"col small-12 large-12\"  >\n\t\t\t\t<div class=\"col-inner\"  >\n\t\t\t\n\t\t\t\n\n<div class=\"row\"  id=\"row-484526825\">\n\n\n\t<div id=\"col-27279376\" class=\"col small-12 large-12\"  >\n\t\t\t\t<div class=\"col-inner\"  >\n\t\t\t\n\t\t\t\n\n<div class=\"row\"  id=\"row-1916395105\">\n\n\n\t<div id=\"col-653528537\" class=\"col small-12 large-12\"  >\n\t\t\t\t<div class=\"col-inner\"  >\n\t\t\t\n\t\t\t\n\n\t<div id=\"text-2651498486\" class=\"text\">\n\t\t\n\n<h2>ANSI Z87.1 kaitseprillide kukkumiskatse<\/h2>\n\t\t\n<style>\n#text-2651498486 {\n  font-size: 1.3rem;\n  text-align: center;\n}\n<\/style>\n\t<\/div>\n\t\n<p data-pm-slice=\"1 1 &#091;&#093;\">\u00dcks ANSI Z87.1-s kirjeldatud p\u00f5hilisi hindamisi on <strong>kaitseprillide kukkumise test<\/strong>. See menetlus on oluline isikukaitsevahendites kasutatavate prilliklaaside l\u00f6\u00f6gikindluse kontrollimiseks.<\/p>\n\n\t\t<\/div>\n\t\t\t\t\t<\/div>\n\n\t\n\n<\/div>\n<div class=\"row\"  id=\"row-48435872\">\n\n\n\t<div id=\"col-1878085782\" class=\"col medium-6 small-12 large-6\"  >\n\t\t\t\t<div class=\"col-inner\"  >\n\t\t\t\n\t\t\t\n\n<h3>Katse eesm\u00e4rk ja p\u00f5him\u00f5tted<\/h3>\n<p>Pardakuuli katse eesm\u00e4rk on simuleerida tegelikke stsenaariume, kus kaitseprille v\u00f5ib tabada ootamatu l\u00f6\u00f6k. Sellega hinnatakse, kas prilliklaaside materjal suudab energiat absorbeerida ja jaotada ilma purunemise v\u00f5i l\u00e4bistamiseta, kaitstes seega kasutaja silmi.<\/p>\n\t<div class=\"img has-hover x md-x lg-x y md-y lg-y\" id=\"image_1400989361\">\n\t\t\t\t\t\t\t\t<div class=\"img-inner dark\" >\n\t\t\t<img decoding=\"async\" width=\"600\" height=\"200\" src=\"https:\/\/www.impacttesting.net\/wp-content\/uploads\/2025\/12\/ANSI-Z87.1.webp\" class=\"attachment-large size-large\" alt=\"ANSI Z87.1\" \/>\t\t\t\t\t\t\n\t\t\t\t\t<\/div>\n\t\t\t\t\t\t\t\t\n<style>\n#image_1400989361 {\n  width: 85%;\n}\n<\/style>\n\t<\/div>\n\t\n\n\n\t\t<\/div>\n\t\t\t\t\t<\/div>\n\n\t\n\n\t<div id=\"col-45189471\" class=\"col medium-6 small-12 large-6\"  >\n\t\t\t\t<div class=\"col-inner\"  >\n\t\t\t\n\t\t\t\n\n<h3>Kuidas testi tehakse<\/h3>\n<p>Vastavalt ANSI Z87.1 punktile 9.6:<\/p>\n<ul>\n<li>Kasutatakse teraskuuli l\u00e4bim\u00f5\u00f5duga 25,4 mm (1,0 tolli) ja kaaluga 68 g (2,4 untsi).<\/li>\n<li>Pall kukutatakse 127 cm (50 tolli) k\u00f5rguselt j\u00e4igale peamudelile asetatud l\u00e4\u00e4tsele, mis j\u00e4ljendab inimese n\u00e4ostruktuuri.<\/li>\n<li>Klaas peab p\u00e4rast kokkup\u00f5rget j\u00e4\u00e4ma terveks, ilma pragude v\u00f5i l\u00e4bistamiseta.<\/li>\n<li>Iga materjali ja katte kombinatsiooni tuleb katsetada neljal seadmel, et tagada usaldusv\u00e4\u00e4rne j\u00e4rjepidevus.<\/li>\n<\/ul>\n\n\t\t<\/div>\n\t\t\t\t\t<\/div>\n\n\t\n\n<\/div>\n\n\t\t<\/div>\n\t\t\t\t\t<\/div>\n\n\t\n\n<\/div>\n\n\t\t<\/div>\n\t\t\t\t\t<\/div>\n\n\t\n\n<\/div>\n<div class=\"row\"  id=\"row-1097654266\">\n\n\n\t<div id=\"col-1531666218\" class=\"col small-12 large-12\"  >\n\t\t\t\t<div class=\"col-inner\"  >\n\t\t\t\n\t\t\t\n\n<div class=\"row\"  id=\"row-1026854327\">\n\n\n\t<div id=\"col-156495763\" class=\"col small-12 large-12\"  >\n\t\t\t\t<div class=\"col-inner\"  >\n\t\t\t\n\t\t\t\n\n\t<div id=\"text-1184297593\" class=\"text\">\n\t\t\n\n<h2>Drop Ball testimise seadmed<\/h2>\n\t\t\n<style>\n#text-1184297593 {\n  font-size: 1.3rem;\n  text-align: center;\n}\n<\/style>\n\t<\/div>\n\t\n\n\t\t<\/div>\n\t\t\t\t\t<\/div>\n\n\t\n\n<\/div>\n<div class=\"row align-middle\"  id=\"row-1844956476\">\n\n\n\t<div id=\"col-1550220770\" class=\"col medium-6 small-12 large-6\"  >\n\t\t\t\t<div class=\"col-inner\"  >\n\t\t\t\n\t\t\t\n\n<p>Korduvate ja usaldusv\u00e4\u00e4rsete katsete tegemiseks on vaja eriseadmeid. FBT-01 <a href=\"https:\/\/www.impacttesting.net\/et\/ball-drop-tester\/\"><strong>Ball Drop Tester<\/strong><\/a> Cell Instruments on loodud nii, et see vastab sellele standardile ja \u00fcletab seda. See pakub:<\/p>\n<ul>\n<li>T\u00e4pne elektromagnetiline palli v\u00e4ljalaskmine \u00fchtlase l\u00f6\u00f6gienergia saavutamiseks.<\/li>\n<li>Reguleeritav l\u00f6\u00f6gik\u00f5rgus ja palli spetsifikatsioonid mitmek\u00fclgsete katseseadete jaoks.<\/li>\n<li>HMI puuteekraan ja PLC-juhtimine t\u00f6\u00f6stusklassi katsete stabiilsuse tagamiseks.<\/li>\n<\/ul>\n<p>See muudab selle ideaalseks kaitseprillide tootjate jaoks, <strong>PPE kvaliteedikontrolli osakonnad<\/strong>ja <strong>kolmanda osapoole katselaborid<\/strong> mis n\u00f5uavad ANSI-le vastavaid l\u00f6\u00f6gikatsetusi.<\/p>\n\n\t\t<\/div>\n\t\t\t\t\t<\/div>\n\n\t\n\n\t<div id=\"col-1776056871\" class=\"col medium-6 small-12 large-6\"  >\n\t\t\t\t<div class=\"col-inner\"  >\n\t\t\t\n\t\t\t\n\n\t<div class=\"img has-hover x md-x lg-x y md-y lg-y\" id=\"image_747707246\">\n\t\t<a class=\"\" href=\"https:\/\/www.impacttesting.net\/et\/ball-drop-tester\/\" >\t\t\t\t\t\t<div class=\"img-inner dark\" >\n\t\t\t<img decoding=\"async\" width=\"600\" height=\"440\" src=\"https:\/\/www.impacttesting.net\/wp-content\/uploads\/2025\/12\/ANSI-Z87.1-Drop-Ball-Test-for-Safety-Glasses.webp\" class=\"attachment-large size-large\" alt=\"ANSI Z87.1 kaitseprillide kukkumiskatse\" srcset=\"https:\/\/www.impacttesting.net\/wp-content\/uploads\/2025\/12\/ANSI-Z87.1-Drop-Ball-Test-for-Safety-Glasses.webp 600w, https:\/\/www.impacttesting.net\/wp-content\/uploads\/2025\/12\/ANSI-Z87.1-Drop-Ball-Test-for-Safety-Glasses-545x400.webp 545w\" sizes=\"(max-width: 600px) 100vw, 600px\" \/>\t\t\t\t\t\t\n\t\t\t\t\t<\/div>\n\t\t\t\t\t\t<\/a>\t\t\n<style>\n#image_747707246 {\n  width: 100%;\n}\n<\/style>\n\t<\/div>\n\t\n\n\n\t\t<\/div>\n\t\t\t\t\t<\/div>\n\n\t\n\n<\/div>\n\n\t\t<\/div>\n\t\t\t\t\t<\/div>\n\n\t\n\n<\/div>\n\n\t\t<\/div>\n\n\t\t\n<style>\n#section_1990593147 {\n  padding-top: 30px;\n  padding-bottom: 30px;\n}\n<\/style>\n\t<\/section>\n\t\n\t<section class=\"section\" id=\"section_1823054368\">\n\t\t<div class=\"bg section-bg fill bg-fill  bg-loaded\" >\n\n\t\t\t\n\t\t\t\n\t\t\t\n\n\t\t<\/div>\n\n\t\t\n\n\t\t<div class=\"section-content relative\">\n\t\t\t\n\n<div class=\"row\"  id=\"row-697981373\">\n\n\n\t<div id=\"col-177465654\" class=\"col small-12 large-12\"  >\n\t\t\t\t<div class=\"col-inner\"  >\n\t\t\t\n\t\t\t\n\n<div class=\"row align-equal align-center\"  id=\"row-48271725\">\n\n\n\t<div id=\"col-727109262\" class=\"col small-12 large-12\"  >\n\t\t\t\t<div class=\"col-inner\"  >\n\t\t\t\n\t\t\t\n\n\t<div id=\"text-1446576760\" class=\"text\">\n\t\t\n\n<h2>Miks valida Impacttesting.net'i<br \/>FBT-01 Drop Ball Tester<\/h2>\n\t\t\n<style>\n#text-1446576760 {\n  font-size: 1.4rem;\n  text-align: center;\n}\n<\/style>\n\t<\/div>\n\t\n\n\t\t<\/div>\n\t\t\t\t\t<\/div>\n\n\t\n\n\t<div id=\"col-226619438\" class=\"col medium-6 small-12 large-6\"  >\n\t\t\t\t<div class=\"col-inner text-center\"  >\n\t\t\t\n\t\t\t\n\n\t<div id=\"text-2466652229\" class=\"text\">\n\t\t\n\n<p>J\u00e4rgides <a href=\"https:\/\/www.impacttesting.net\/et\/ansi-z87-1\/\"><strong>ANSI Z87.1<\/strong><\/a> usaldusv\u00e4\u00e4rse kukkumiskuuli testimise kaudu tagab, et kaitseprillid suudavad vastu pidada igap\u00e4evastele t\u00f6\u00f6stuslikele ohtudele. Cell Instruments t\u00e4iustatud lahendustega, nagu n\u00e4iteks <strong>FBT-01<\/strong>, saavutate usalduse oma toote vastavuse ja kaitsev\u00f5ime suhtes.<\/p>\n<p>Las Cell Instruments on teie partner, et saavutada tipptasemel materjalikatsetused ja ANSI Z87.1 n\u00f5uetele vastavus.<\/p>\n\t\t\n<style>\n#text-2466652229 {\n  font-size: 1.1rem;\n  line-height: 2;\n}\n<\/style>\n\t<\/div>\n\t\n<a href=\"https:\/\/www.impacttesting.net\/et\/contact-us\/\" class=\"button primary is-outline\"  style=\"border-radius:99px;\">\n    <span>V\u00f5tke meiega \u00fchendust<\/span>\n  <i class=\"icon-chat\" aria-hidden=\"true\" ><\/i><\/a>\n\n\n\n\t\t<\/div>\n\t\t\t\t\t<\/div>\n\n\t\n\n\t<div id=\"col-2085246461\" class=\"col medium-4 small-12 large-4\"  >\n\t\t\t\t<div class=\"col-inner text-center\"  >\n\t\t\t\n\t\t\t\n\n\n<div class=\"wpcf7 no-js\" id=\"wpcf7-f10-o1\" lang=\"en-US\" dir=\"ltr\" data-wpcf7-id=\"10\">\n<div class=\"screen-reader-response\"><p role=\"status\" aria-live=\"polite\" aria-atomic=\"true\"><\/p> <ul><\/ul><\/div>\n<form action=\"\/et\/wp-json\/wp\/v2\/pages\/57#wpcf7-f10-o1\" method=\"post\" class=\"wpcf7-form init\" aria-label=\"Contact form\" novalidate=\"novalidate\" data-status=\"init\" data-trp-original-action=\"\/et\/wp-json\/wp\/v2\/pages\/57#wpcf7-f10-o1\">\n<fieldset class=\"hidden-fields-container\"><input type=\"hidden\" name=\"_wpcf7\" value=\"10\" \/><input type=\"hidden\" name=\"_wpcf7_version\" value=\"6.1.4\" \/><input type=\"hidden\" name=\"_wpcf7_locale\" value=\"en_US\" \/><input type=\"hidden\" name=\"_wpcf7_unit_tag\" value=\"wpcf7-f10-o1\" \/><input type=\"hidden\" name=\"_wpcf7_container_post\" value=\"0\" \/><input type=\"hidden\" name=\"_wpcf7_posted_data_hash\" value=\"\" \/><input type=\"hidden\" name=\"_wpcf7_recaptcha_response\" value=\"\" \/>\n<\/fieldset>\n<p><span class=\"wpcf7-form-control-wrap\" data-name=\"Name\"><input size=\"40\" maxlength=\"400\" class=\"wpcf7-form-control wpcf7-text\" aria-invalid=\"false\" placeholder=\"Teie nimi\" value=\"\" type=\"text\" name=\"Name\" \/><\/span><br \/>\n<span class=\"wpcf7-form-control-wrap\" data-name=\"Comapany\"><input size=\"40\" maxlength=\"400\" class=\"wpcf7-form-control wpcf7-text\" aria-invalid=\"false\" placeholder=\"Teie ettev\u00f5te\" value=\"\" type=\"text\" name=\"Comapany\" \/><\/span><br \/>\n<span class=\"wpcf7-form-control-wrap\" data-name=\"Email\"><input size=\"40\" maxlength=\"400\" class=\"wpcf7-form-control wpcf7-email wpcf7-validates-as-required wpcf7-text wpcf7-validates-as-email\" aria-required=\"true\" aria-invalid=\"false\" placeholder=\"Teie e-post*\" value=\"\" type=\"email\" name=\"Email\" \/><\/span><br \/>\n<span class=\"wpcf7-form-control-wrap\" data-name=\"Message\"><textarea cols=\"40\" rows=\"10\" maxlength=\"2000\" class=\"wpcf7-form-control wpcf7-textarea\" aria-invalid=\"false\" placeholder=\"S\u00f5num\" name=\"Message\"><\/textarea><\/span>\n<\/p>\n<p><input class=\"wpcf7-form-control wpcf7-submit has-spinner\" type=\"submit\" value=\"Esita\" \/>\n<\/p><div class=\"wpcf7-response-output\" aria-hidden=\"true\"><\/div>\n<input type=\"hidden\" name=\"trp-form-language\" value=\"et\"\/><\/form>\n<\/div>\n\n\n\n\t\t<\/div>\n\t\t\t\t\t<\/div>\n\n\t\n\n<\/div>\n\n\t\t<\/div>\n\t\t\t\t\t<\/div>\n\n\t\n\n<\/div>\n\n\t\t<\/div>\n\n\t\t\n<style>\n#section_1823054368 {\n  padding-top: 30px;\n  padding-bottom: 30px;\n  background-color: rgb(232, 234, 241);\n}\n<\/style>\n\t<\/section>","protected":false},"excerpt":{"rendered":"","protected":false},"author":1,"featured_media":0,"parent":0,"menu_order":0,"comment_status":"closed","ping_status":"closed","template":"page-blank.php","meta":{"footnotes":""},"class_list":["post-57","page","type-page","status-publish","hentry"],"_links":{"self":[{"href":"https:\/\/www.impacttesting.net\/et\/wp-json\/wp\/v2\/pages\/57","targetHints":{"allow":["GET"]}}],"collection":[{"href":"https:\/\/www.impacttesting.net\/et\/wp-json\/wp\/v2\/pages"}],"about":[{"href":"https:\/\/www.impacttesting.net\/et\/wp-json\/wp\/v2\/types\/page"}],"author":[{"embeddable":true,"href":"https:\/\/www.impacttesting.net\/et\/wp-json\/wp\/v2\/users\/1"}],"replies":[{"embeddable":true,"href":"https:\/\/www.impacttesting.net\/et\/wp-json\/wp\/v2\/comments?post=57"}],"version-history":[{"count":4,"href":"https:\/\/www.impacttesting.net\/et\/wp-json\/wp\/v2\/pages\/57\/revisions"}],"predecessor-version":[{"id":68,"href":"https:\/\/www.impacttesting.net\/et\/wp-json\/wp\/v2\/pages\/57\/revisions\/68"}],"wp:attachment":[{"href":"https:\/\/www.impacttesting.net\/et\/wp-json\/wp\/v2\/media?parent=57"}],"curies":[{"name":"wp","href":"https:\/\/api.w.org\/{rel}","templated":true}]}}