{"id":48,"date":"2025-12-24T03:25:25","date_gmt":"2025-12-24T03:25:25","guid":{"rendered":"https:\/\/www.impacttesting.net\/?page_id=48"},"modified":"2025-12-24T05:48:32","modified_gmt":"2025-12-24T05:48:32","slug":"pendulum-impact-tester","status":"publish","type":"page","link":"https:\/\/www.impacttesting.net\/et\/pendulum-impact-tester\/","title":{"rendered":"PIT-01 Pendli l\u00f6\u00f6gi tester"},"content":{"rendered":"<section class=\"section\" id=\"section_108353643\">\n\t\t<div class=\"bg section-bg fill bg-fill  bg-loaded\" >\n\n\t\t\t\n\t\t\t\n\t\t\t\n\n\t\t<\/div>\n\n\t\t\n\n\t\t<div class=\"section-content relative\">\n\t\t\t\n\n<div class=\"row\"  id=\"row-146225881\">\n\n\n\t<div id=\"col-1781066990\" class=\"col small-12 large-12\"  >\n\t\t\t\t<div class=\"col-inner\" style=\"background-color:rgb(92, 171, 188);\" >\n\t\t\t\n\t\t\t\n\n<div class=\"row\"  id=\"row-1416900347\">\n\n\n\t<div id=\"col-1778220049\" class=\"col small-12 large-12\"  >\n\t\t\t\t<div class=\"col-inner\"  >\n\t\t\t\n\t\t\t\n\n\t<div id=\"text-1766490357\" class=\"text\">\n\t\t\n\n<h1>PIT-01 Pendli l\u00f6\u00f6gi tester<\/h1>\n\t\t\n<style>\n#text-1766490357 {\n  font-size: 1.5rem;\n  text-align: center;\n}\n<\/style>\n\t<\/div>\n\t\n\n\t\t<\/div>\n\t\t\t\t\n<style>\n#col-1778220049 > .col-inner {\n  padding: 50px 10px 10px 10px;\n}\n<\/style>\n\t<\/div>\n\n\t\n\n<\/div>\n<div class=\"row align-middle align-center\"  id=\"row-1467278655\">\n\n\n\t<div id=\"col-955987696\" class=\"col medium-11 small-12 large-11\"  >\n\t\t\t\t<div class=\"col-inner\"  >\n\t\t\t\n\t\t\t\n\n<div class=\"row align-middle align-center\"  id=\"row-2013040574\">\n\n\n\t<div id=\"col-1201571258\" class=\"col medium-7 small-12 large-7\"  >\n\t\t\t\t<div class=\"col-inner\"  >\n\t\t\t\n\t\t\t\n\n<div class=\"row\"  id=\"row-1414055762\">\n\n\n\t<div id=\"col-1307744268\" class=\"col small-12 large-12\"  >\n\t\t\t\t<div class=\"col-inner text-center\"  >\n\t\t\t\n\t\t\t\n\n\t<div id=\"text-2529792918\" class=\"text\">\n\t\t\n\n<p>The <strong>pendli l\u00f6\u00f6gikatsekoda<\/strong> m\u00f5\u00f5dab materjali v\u00f5imet seista vastu ootamatutele l\u00f6\u00f6kidele, registreerides energia, mis on vajalik rebenemise v\u00f5i l\u00e4bitungimise tekitamiseks. <a href=\"https:\/\/www.impacttesting.net\/et\/astm-d3420\/\"><strong>ASTM D3420<\/strong><\/a> pakub standardiseeritud meetodit plastkilede l\u00f6\u00f6gikindluse hindamiseks, tagades j\u00e4rjepideva kvaliteedikontrolli ja materjali iseloomustuse. Tavaliselt katsetatakse j\u00e4rgmisi materjale <strong>plastkiled, laminaadid, komposiidid, fooliumid ja paber, mida kasutatakse pakendamisel<\/strong>, auto- ja ehitusrakendused.<\/p>\n\t\t\n<style>\n#text-2529792918 {\n  color: rgb(0, 0, 0);\n}\n#text-2529792918 > * {\n  color: rgb(0, 0, 0);\n}\n<\/style>\n\t<\/div>\n\t\n\n\t\t<\/div>\n\t\t\t\t\t<\/div>\n\n\t\n\n\t<div id=\"col-790230058\" class=\"col small-12 large-12\"  >\n\t\t\t\t<div class=\"col-inner text-center\"  >\n\t\t\t\n\t\t\t\n\n<a href=\"https:\/\/www.impacttesting.net\/et\/contact-us\/\" class=\"button primary is-outline\"  style=\"border-radius:99px;\">\n    <span>V\u00f5tke meiega \u00fchendust<\/span>\n  <i class=\"icon-chat\" aria-hidden=\"true\" ><\/i><\/a>\n\n\n\n\t\t<\/div>\n\t\t\t\t\t<\/div>\n\n\t\n\n<\/div>\n\n\t\t<\/div>\n\t\t\t\t\t<\/div>\n\n\t\n\n\t<div id=\"col-1198952201\" class=\"col medium-4 small-12 large-4\"  >\n\t\t\t\t<div class=\"col-inner\"  >\n\t\t\t\n\t\t\t\n\n<div class=\"row\"  id=\"row-1007840640\">\n\n\n\t<div id=\"col-201430308\" class=\"col small-12 large-12\"  >\n\t\t\t\t<div class=\"col-inner\"  >\n\t\t\t\n\t\t\t\n\n\t<div class=\"img has-hover x md-x lg-x y md-y lg-y\" id=\"image_1817506310\">\n\t\t\t\t\t\t\t\t<div class=\"img-inner dark\" >\n\t\t\t<img decoding=\"async\" width=\"728\" height=\"800\" src=\"https:\/\/www.impacttesting.net\/wp-content\/uploads\/2025\/12\/Pendulum-Impact-Tester-ASTM-D3420-amp-Spencer-Impact-Test-Impact-Testing-728x800.webp\" class=\"attachment-large size-large\" alt=\"Pendli l\u00f6\u00f6gitest - ASTM D3420 &amp; Spencer Impact Test - L\u00f6\u00f6gikatsed\" srcset=\"https:\/\/www.impacttesting.net\/wp-content\/uploads\/2025\/12\/Pendulum-Impact-Tester-ASTM-D3420-amp-Spencer-Impact-Test-Impact-Testing-728x800.webp 728w, https:\/\/www.impacttesting.net\/wp-content\/uploads\/2025\/12\/Pendulum-Impact-Tester-ASTM-D3420-amp-Spencer-Impact-Test-Impact-Testing-364x400.webp 364w, https:\/\/www.impacttesting.net\/wp-content\/uploads\/2025\/12\/Pendulum-Impact-Tester-ASTM-D3420-amp-Spencer-Impact-Test-Impact-Testing-768x844.webp 768w, https:\/\/www.impacttesting.net\/wp-content\/uploads\/2025\/12\/Pendulum-Impact-Tester-ASTM-D3420-amp-Spencer-Impact-Test-Impact-Testing-1397x1536.webp 1397w, https:\/\/www.impacttesting.net\/wp-content\/uploads\/2025\/12\/Pendulum-Impact-Tester-ASTM-D3420-amp-Spencer-Impact-Test-Impact-Testing.webp 1558w\" sizes=\"(max-width: 728px) 100vw, 728px\" \/>\t\t\t\t\t\t\n\t\t\t\t\t<\/div>\n\t\t\t\t\t\t\t\t\n<style>\n#image_1817506310 {\n  width: 100%;\n}\n<\/style>\n\t<\/div>\n\t\n\n\n\t\t<\/div>\n\t\t\t\t\t<\/div>\n\n\t\n\n<\/div>\n\n\t\t<\/div>\n\t\t\t\t\t<\/div>\n\n\t\n\n<\/div>\n\n\t\t<\/div>\n\t\t\t\t\t<\/div>\n\n\t\n\n<\/div>\n\n\t\t<\/div>\n\t\t\t\t\t<\/div>\n\n\t\n\n\n<style>\n#row-146225881 > .col > .col-inner {\n  border-radius: 25px;\n}\n<\/style>\n<\/div>\n\n\t\t<\/div>\n\n\t\t\n<style>\n#section_108353643 {\n  padding-top: 30px;\n  padding-bottom: 30px;\n}\n<\/style>\n\t<\/section>\n\t\n\t<section class=\"section\" id=\"section_93620765\">\n\t\t<div class=\"bg section-bg fill bg-fill  bg-loaded\" >\n\n\t\t\t\n\t\t\t\n\t\t\t\n\n\t\t<\/div>\n\n\t\t\n\n\t\t<div class=\"section-content relative\">\n\t\t\t\n\n<div class=\"row\"  id=\"row-490376685\">\n\n\n\t<div id=\"col-1637118255\" class=\"col small-12 large-12\"  >\n\t\t\t\t<div class=\"col-inner\"  >\n\t\t\t\n\t\t\t\n\n<div class=\"row\"  id=\"row-963234067\">\n\n\n\t<div id=\"col-1648723547\" class=\"col small-12 large-12\"  >\n\t\t\t\t<div class=\"col-inner\"  >\n\t\t\t\n\t\t\t\n\n<div class=\"row\"  id=\"row-1880272986\">\n\n\n\t<div id=\"col-772119544\" class=\"col small-12 large-12\"  >\n\t\t\t\t<div class=\"col-inner\"  >\n\t\t\t\n\t\t\t\n\n\t<div id=\"text-3420161814\" class=\"text\">\n\t\t\n\n<h2>Kuidas pendli l\u00f6\u00f6gi tester t\u00f6\u00f6tab<\/h2>\n\t\t\n<style>\n#text-3420161814 {\n  font-size: 1.3rem;\n  text-align: center;\n}\n<\/style>\n\t<\/div>\n\t\n<p>The <strong>PIT-01 Pendli l\u00f6\u00f6gi tester<\/strong> poolt <strong>Impacttesting.net<\/strong> on m\u00f5eldud t\u00e4psete ja korratavate l\u00f6\u00f6gikindluse m\u00f5\u00f5tmiste jaoks. Katsetusprotsess h\u00f5lmab j\u00e4rgmist:<\/p>\n\n\t\t<\/div>\n\t\t\t\t\t<\/div>\n\n\t\n\n<\/div>\n<div class=\"row align-middle\"  id=\"row-57797773\">\n\n\n\t<div id=\"col-1603413206\" class=\"col medium-6 small-12 large-6\"  >\n\t\t\t\t<div class=\"col-inner\"  >\n\t\t\t\n\t\t\t\n\n<ol>\n<li>Proovide ettevalmistamine: Valitakse \u00fchtlase paksuse ja konsistentsusega proov.<\/li>\n<li>Proovide kinnitus: Kile kinnitatakse pneumaatilise klambers\u00fcsteemi abil.<\/li>\n<li>Pendli vabastamine: Pendel, mis on varustatud l\u00f6\u00f6gipeaga, vabastatakse automaatselt etteantud k\u00f5rguselt.<\/li>\n<li>M\u00f5ju m\u00f5\u00f5tmine: Registreeritakse materjali poolt l\u00f6\u00f6gi korral neeldunud energia.<\/li>\n<li>Andmete anal\u00fc\u00fcs: Tulemused kuvatakse digitaalsel kasutajaliidesel, mille juurde on v\u00f5imalik lisada mikroprinter, mis v\u00f5imaldab kohese aruandluse koostamist.<\/li>\n<\/ol>\n\n\t\t<\/div>\n\t\t\t\t\t<\/div>\n\n\t\n\n\t<div id=\"col-1135320591\" class=\"col medium-6 small-12 large-6\"  >\n\t\t\t\t<div class=\"col-inner\"  >\n\t\t\t\n\t\t\t\n\n<div class=\"video video-fit mb\" style=\"padding-top:56.25%;\"><iframe title=\"ASTM D3420 Pendli l\u00f6\u00f6gitestid plastkilede l\u00f6\u00f6gitesti jaoks\" width=\"1020\" height=\"574\" src=\"https:\/\/www.youtube.com\/embed\/vEx4esxMESw?feature=oembed\" frameborder=\"0\" allow=\"accelerometer; autoplay; clipboard-write; encrypted-media; gyroscope; picture-in-picture; web-share\" referrerpolicy=\"strict-origin-when-cross-origin\" allowfullscreen><\/iframe><\/div>\n\n\n\t\t<\/div>\n\t\t\t\t\t<\/div>\n\n\t\n\n<\/div>\n\n\t\t<\/div>\n\t\t\t\t\t<\/div>\n\n\t\n\n<\/div>\n\n\t\t<\/div>\n\t\t\t\t\t<\/div>\n\n\t\n\n<\/div>\n<div class=\"row\"  id=\"row-2101544612\">\n\n\n\t<div id=\"col-1753930835\" class=\"col small-12 large-12\"  >\n\t\t\t\t<div class=\"col-inner\"  >\n\t\t\t\n\t\t\t\n\n<div class=\"row\"  id=\"row-1873440962\">\n\n\n\t<div id=\"col-1561477806\" class=\"col small-12 large-12\"  >\n\t\t\t\t<div class=\"col-inner\"  >\n\t\t\t\n\t\t\t\n\n\t<div id=\"text-1914469738\" class=\"text\">\n\t\t\n\n<h2>ASTM D3420 ja Spenceri l\u00f6\u00f6gikatse<\/h2>\n\t\t\n<style>\n#text-1914469738 {\n  font-size: 1.3rem;\n  text-align: center;\n}\n<\/style>\n\t<\/div>\n\t\n\n\t\t<\/div>\n\t\t\t\t\t<\/div>\n\n\t\n\n\t<div id=\"col-429298467\" class=\"col small-12 large-12\"  >\n\t\t\t\t<div class=\"col-inner\"  >\n\t\t\t\n\t\t\t\n\n<h3>ASTM D3420 - Katsemeetod plastkile pendli l\u00f6\u00f6gikindluseks<\/h3>\n<p><a href=\"https:\/\/www.impacttesting.net\/et\/astm-d3420\/\">ASTM D3420<\/a> m\u00e4\u00e4rab kindlaks meetodi, mille abil m\u00e4\u00e4ratakse kindlaks <strong>plastkilede l\u00f6\u00f6gikindlus<\/strong> m\u00f5\u00f5tes energiat, mis on vajalik pendli l\u00f6\u00f6kkatsekeha l\u00e4bistamiseks katsekehaga. Katse eesm\u00e4rk on anda teavet materjali d\u00fcnaamilise t\u00f5mbek\u00e4itumise kohta suure koormuse tingimustes, mis muudab selle oluliseks pakkematerjalide hindamisel.<\/p>\n<p>ASTM D3420 p\u00f5hiaspektid on j\u00e4rgmised:<\/p>\n<p>Energiakadude m\u00f5\u00f5tmine pendelsondi kokkup\u00f5rke t\u00f5ttu katsekehaga.<br \/>Kaks menetlust (A ja B), mis erinevad valimi suuruse poolest, kusjuures <strong>Menetlus B, mida sageli nimetatakse Spenceri l\u00f6\u00f6gikatseks.<\/strong>.<br \/>T\u00e4htsus rakendustes, mis n\u00f5uavad suurt l\u00f6\u00f6gikindlust, n\u00e4iteks toidu- ja ravimipakendite kiled.<\/p>\n<h3>Spencer Impact Test: Spetsialiseeritud variatsioon<\/h3>\n<p>The <strong>Spenceri l\u00f6\u00f6gikatse<\/strong> on standardi ASTM D3420 variant, mis on tavaliselt seotud j\u00e4rgmisega <strong>Menetlus B<\/strong>, mis kasutab <strong>89 mm l\u00e4bim\u00f5\u00f5duga prooviklamber<\/strong>. Seda meetodit kasutatakse laialdaselt paindlikes pakendites kasutatavate kilede hindamiseks, et tagada materjalide vastupidavus mehaanilisele koormusele ilma rebenemise v\u00f5i l\u00e4bil\u00f5ikamiseta.<\/p>\n\n\t\t<\/div>\n\t\t\t\t\t<\/div>\n\n\t\n\n<\/div>\n\n\t\t<\/div>\n\t\t\t\t\t<\/div>\n\n\t\n\n<\/div>\n<div class=\"row\"  id=\"row-357325221\">\n\n\n\t<div id=\"col-129147560\" class=\"col small-12 large-12\"  >\n\t\t\t\t<div class=\"col-inner\"  >\n\t\t\t\n\t\t\t\n\n<div class=\"row\"  id=\"row-1030845844\">\n\n\n\t<div id=\"col-1351998806\" class=\"col small-12 large-12\"  >\n\t\t\t\t<div class=\"col-inner\"  >\n\t\t\t\n\t\t\t\n\n\t<div id=\"text-1182544256\" class=\"text\">\n\t\t\n\n<h2>PIT-01 Pendli l\u00f6\u00f6gi tester<\/h2>\n\t\t\n<style>\n#text-1182544256 {\n  font-size: 1.3rem;\n  text-align: center;\n}\n<\/style>\n\t<\/div>\n\t\n\n\t\t<\/div>\n\t\t\t\t\t<\/div>\n\n\t\n\n<\/div>\n<div class=\"row\"  id=\"row-1173652898\">\n\n\n\t<div id=\"col-2026575893\" class=\"col medium-6 small-12 large-6\"  >\n\t\t\t\t<div class=\"col-inner\"  >\n\t\t\t\n\t\t\t\n\n<h3>Peamised omadused:<\/h3>\n<p>Cell Instruments' PIT-01 Pendulum Impact Tester pakub t\u00e4iustatud funktsioone materjalide \u00fclit\u00e4pseks katsetamiseks:<\/p>\n<ul>\n<li>PLC-juhtimine ja HMI puuteekraan lihtsaks kasutamiseks.<\/li>\n<li>Pneumaatiline proovi kinnitus, et tagada stabiilne positsioneerimine.<\/li>\n<li>Automaatne pendli vabastamine j\u00e4rjepidevaks l\u00f6\u00f6gikatsetuseks.<\/li>\n<li>Andmete automaatne statistika ja mikroprinter tulemuste t\u00f5husaks dokumenteerimiseks.<\/li>\n<li>T\u00e4pne nurga m\u00f5\u00f5tmine t\u00e4psete energiaarvutuste tegemiseks.<\/li>\n<li>RS232 port ja tarkvara (valikuline) t\u00e4iustatud andmeanal\u00fc\u00fcsi jaoks.<\/li>\n<\/ul>\n\n\t\t<\/div>\n\t\t\t\t\t<\/div>\n\n\t\n\n\t<div id=\"col-189471550\" class=\"col medium-6 small-12 large-6\"  >\n\t\t\t\t<div class=\"col-inner\"  >\n\t\t\t\n\t\t\t\n\n<h3>Tehnilised andmed:<\/h3>\n<table width=\"360\">\n<tbody>\n<tr>\n<td style=\"text-align: center;\" width=\"143\">Impact Energy<\/td>\n<td style=\"text-align: center;\" width=\"217\">1 J, 2 J, 3 J<\/td>\n<\/tr>\n<tr>\n<td style=\"text-align: center;\" width=\"143\">Resolutsioon<\/td>\n<td style=\"text-align: center;\" width=\"217\">\u00a00.001 J<\/td>\n<\/tr>\n<tr>\n<td style=\"text-align: center;\" width=\"143\">L\u00f6\u00f6gipea suurus<\/td>\n<td style=\"text-align: center;\" width=\"217\">\u042425,4, \u042419, \u042412,7 mm\u00a0<\/td>\n<\/tr>\n<tr>\n<td style=\"text-align: center;\" width=\"143\">Prooviklamber<\/td>\n<td style=\"text-align: center;\" width=\"217\">Pneumaatiline klamber<\/td>\n<\/tr>\n<tr>\n<td style=\"text-align: center;\" width=\"143\">Klambri l\u00e4bim\u00f5\u00f5t<\/td>\n<td style=\"text-align: center;\" width=\"217\">\u042489 mm, \u042460 mm<\/td>\n<\/tr>\n<tr>\n<td style=\"text-align: center;\" width=\"143\">Gaasivarustus<\/td>\n<td style=\"text-align: center;\" width=\"217\">0,6 MPa \u03a66 mm PU torud<\/td>\n<\/tr>\n<tr>\n<td style=\"text-align: center;\" width=\"143\">Proovi suurus<\/td>\n<td style=\"text-align: center;\" width=\"217\">100*100 mm v\u00f5i \u0424100 mm<\/td>\n<\/tr>\n<tr>\n<td style=\"text-align: center;\" width=\"143\">Toiteallikas\u00a0<\/td>\n<td style=\"text-align: center;\" width=\"217\">AC 110~220V 50Hz<\/td>\n<\/tr>\n<\/tbody>\n<\/table>\n\n\t\t<\/div>\n\t\t\t\t\t<\/div>\n\n\t\n\n<\/div>\n\n\t\t<\/div>\n\t\t\t\t\t<\/div>\n\n\t\n\n<\/div>\n\n\t\t<\/div>\n\n\t\t\n<style>\n#section_93620765 {\n  padding-top: 30px;\n  padding-bottom: 30px;\n}\n<\/style>\n\t<\/section>\n\t\n\t<section class=\"section\" id=\"section_135886112\">\n\t\t<div class=\"bg section-bg fill bg-fill  bg-loaded\" >\n\n\t\t\t\n\t\t\t\n\t\t\t\n\n\t\t<\/div>\n\n\t\t\n\n\t\t<div class=\"section-content relative\">\n\t\t\t\n\n<div class=\"row\"  id=\"row-308033841\">\n\n\n\t<div id=\"col-990794091\" class=\"col small-12 large-12\"  >\n\t\t\t\t<div class=\"col-inner\"  >\n\t\t\t\n\t\t\t\n\n<div class=\"row align-equal align-center\"  id=\"row-736470870\">\n\n\n\t<div id=\"col-1686331759\" class=\"col small-12 large-12\"  >\n\t\t\t\t<div class=\"col-inner\"  >\n\t\t\t\n\t\t\t\n\n\t<div id=\"text-1968348407\" class=\"text\">\n\t\t\n\n<h2>Miks valida Impacttesting.net'i<br \/>PIT-01 Pendli l\u00f6\u00f6gi tester<\/h2>\n\t\t\n<style>\n#text-1968348407 {\n  font-size: 1.4rem;\n  text-align: center;\n}\n<\/style>\n\t<\/div>\n\t\n\n\t\t<\/div>\n\t\t\t\t\t<\/div>\n\n\t\n\n\t<div id=\"col-814124487\" class=\"col medium-6 small-12 large-6\"  >\n\t\t\t\t<div class=\"col-inner text-center\"  >\n\t\t\t\n\t\t\t\n\n\t<div id=\"text-3950104120\" class=\"text\">\n\t\t\n\n<p>Integreerides <strong>pendli l\u00f6\u00f6gikatsed<\/strong> oma kvaliteedikontrolliprotsessidesse, saate suurendada toodete vastupidavust ja vastavust t\u00f6\u00f6stusstandarditele. <strong>Impacttesting.net<\/strong> pakub tipptasemel lahendusi, mis vastavad teie materjalikontrolli vajadustele.<\/p>\n\t\t\n<style>\n#text-3950104120 {\n  font-size: 1.1rem;\n  line-height: 2;\n}\n<\/style>\n\t<\/div>\n\t\n<a href=\"https:\/\/www.impacttesting.net\/et\/contact-us\/\" class=\"button primary is-outline\"  style=\"border-radius:99px;\">\n    <span>V\u00f5tke meiega \u00fchendust<\/span>\n  <i class=\"icon-chat\" aria-hidden=\"true\" ><\/i><\/a>\n\n\n\n\t\t<\/div>\n\t\t\t\t\t<\/div>\n\n\t\n\n\t<div id=\"col-2111781280\" class=\"col medium-4 small-12 large-4\"  >\n\t\t\t\t<div class=\"col-inner text-center\"  >\n\t\t\t\n\t\t\t\n\n\n<div class=\"wpcf7 no-js\" id=\"wpcf7-f10-o1\" lang=\"en-US\" dir=\"ltr\" data-wpcf7-id=\"10\">\n<div class=\"screen-reader-response\"><p role=\"status\" aria-live=\"polite\" aria-atomic=\"true\"><\/p> <ul><\/ul><\/div>\n<form action=\"\/et\/wp-json\/wp\/v2\/pages\/48#wpcf7-f10-o1\" method=\"post\" class=\"wpcf7-form init\" aria-label=\"Contact form\" novalidate=\"novalidate\" data-status=\"init\" data-trp-original-action=\"\/et\/wp-json\/wp\/v2\/pages\/48#wpcf7-f10-o1\">\n<fieldset class=\"hidden-fields-container\"><input type=\"hidden\" name=\"_wpcf7\" value=\"10\" \/><input type=\"hidden\" name=\"_wpcf7_version\" value=\"6.1.4\" \/><input type=\"hidden\" name=\"_wpcf7_locale\" value=\"en_US\" \/><input type=\"hidden\" name=\"_wpcf7_unit_tag\" value=\"wpcf7-f10-o1\" \/><input type=\"hidden\" name=\"_wpcf7_container_post\" value=\"0\" \/><input type=\"hidden\" name=\"_wpcf7_posted_data_hash\" value=\"\" \/><input type=\"hidden\" name=\"_wpcf7_recaptcha_response\" value=\"\" \/>\n<\/fieldset>\n<p><span class=\"wpcf7-form-control-wrap\" data-name=\"Name\"><input size=\"40\" maxlength=\"400\" class=\"wpcf7-form-control wpcf7-text\" aria-invalid=\"false\" placeholder=\"Teie nimi\" value=\"\" type=\"text\" name=\"Name\" \/><\/span><br \/>\n<span class=\"wpcf7-form-control-wrap\" data-name=\"Comapany\"><input size=\"40\" maxlength=\"400\" class=\"wpcf7-form-control wpcf7-text\" aria-invalid=\"false\" placeholder=\"Teie ettev\u00f5te\" value=\"\" type=\"text\" name=\"Comapany\" \/><\/span><br \/>\n<span class=\"wpcf7-form-control-wrap\" data-name=\"Email\"><input size=\"40\" maxlength=\"400\" class=\"wpcf7-form-control wpcf7-email wpcf7-validates-as-required wpcf7-text wpcf7-validates-as-email\" aria-required=\"true\" aria-invalid=\"false\" placeholder=\"Teie e-post*\" value=\"\" type=\"email\" name=\"Email\" \/><\/span><br \/>\n<span class=\"wpcf7-form-control-wrap\" data-name=\"Message\"><textarea cols=\"40\" rows=\"10\" maxlength=\"2000\" class=\"wpcf7-form-control wpcf7-textarea\" aria-invalid=\"false\" placeholder=\"S\u00f5num\" name=\"Message\"><\/textarea><\/span>\n<\/p>\n<p><input class=\"wpcf7-form-control wpcf7-submit has-spinner\" type=\"submit\" value=\"Esita\" \/>\n<\/p><div class=\"wpcf7-response-output\" aria-hidden=\"true\"><\/div>\n<input type=\"hidden\" name=\"trp-form-language\" value=\"et\"\/><\/form>\n<\/div>\n\n\n\n\t\t<\/div>\n\t\t\t\t\t<\/div>\n\n\t\n\n<\/div>\n\n\t\t<\/div>\n\t\t\t\t\t<\/div>\n\n\t\n\n<\/div>\n\n\t\t<\/div>\n\n\t\t\n<style>\n#section_135886112 {\n  padding-top: 30px;\n  padding-bottom: 30px;\n  background-color: rgb(232, 234, 241);\n}\n<\/style>\n\t<\/section>","protected":false},"excerpt":{"rendered":"","protected":false},"author":1,"featured_media":0,"parent":0,"menu_order":0,"comment_status":"closed","ping_status":"closed","template":"page-blank.php","meta":{"footnotes":""},"class_list":["post-48","page","type-page","status-publish","hentry"],"_links":{"self":[{"href":"https:\/\/www.impacttesting.net\/et\/wp-json\/wp\/v2\/pages\/48","targetHints":{"allow":["GET"]}}],"collection":[{"href":"https:\/\/www.impacttesting.net\/et\/wp-json\/wp\/v2\/pages"}],"about":[{"href":"https:\/\/www.impacttesting.net\/et\/wp-json\/wp\/v2\/types\/page"}],"author":[{"embeddable":true,"href":"https:\/\/www.impacttesting.net\/et\/wp-json\/wp\/v2\/users\/1"}],"replies":[{"embeddable":true,"href":"https:\/\/www.impacttesting.net\/et\/wp-json\/wp\/v2\/comments?post=48"}],"version-history":[{"count":5,"href":"https:\/\/www.impacttesting.net\/et\/wp-json\/wp\/v2\/pages\/48\/revisions"}],"predecessor-version":[{"id":72,"href":"https:\/\/www.impacttesting.net\/et\/wp-json\/wp\/v2\/pages\/48\/revisions\/72"}],"wp:attachment":[{"href":"https:\/\/www.impacttesting.net\/et\/wp-json\/wp\/v2\/media?parent=48"}],"curies":[{"name":"wp","href":"https:\/\/api.w.org\/{rel}","templated":true}]}}