{"id":85,"date":"2025-12-24T07:51:49","date_gmt":"2025-12-24T07:51:49","guid":{"rendered":"https:\/\/www.impacttesting.net\/?page_id=85"},"modified":"2025-12-24T07:51:49","modified_gmt":"2025-12-24T07:51:49","slug":"iso-7765-1","status":"publish","type":"page","link":"https:\/\/www.impacttesting.net\/es\/iso-7765-1\/","title":{"rendered":"ISO 7765-1"},"content":{"rendered":"<section class=\"section\" id=\"section_123349668\">\n\t\t<div class=\"bg section-bg fill bg-fill  bg-loaded\" >\n\n\t\t\t\n\t\t\t\n\t\t\t\n\n\t\t<\/div>\n\n\t\t\n\n\t\t<div class=\"section-content relative\">\n\t\t\t\n\n<div class=\"row\"  id=\"row-1522332253\">\n\n\n\t<div id=\"col-1146014774\" class=\"col small-12 large-12\"  >\n\t\t\t\t<div class=\"col-inner\" style=\"background-color:rgb(92, 171, 188);\" >\n\t\t\t\n\t\t\t\n\n<div class=\"row\"  id=\"row-644739423\">\n\n\n\t<div id=\"col-713596523\" class=\"col small-12 large-12\"  >\n\t\t\t\t<div class=\"col-inner\"  >\n\t\t\t\n\t\t\t\n\n\t<div id=\"text-4291978991\" class=\"text\">\n\t\t\n\n<h1>ISO 7765-1<\/h1>\n\t\t\n<style>\n#text-4291978991 {\n  font-size: 1.5rem;\n  text-align: center;\n}\n<\/style>\n\t<\/div>\n\t\n\t<div id=\"text-3879001638\" class=\"text\">\n\t\t\n\n<h2>M\u00e9todo del dardo de ca\u00edda libre<\/h2>\n\t\t\n<style>\n#text-3879001638 {\n  text-align: center;\n}\n<\/style>\n\t<\/div>\n\t\n\n\t\t<\/div>\n\t\t\t\t\n<style>\n#col-713596523 > .col-inner {\n  padding: 50px 10px 10px 10px;\n}\n<\/style>\n\t<\/div>\n\n\t\n\n<\/div>\n<div class=\"row align-middle align-center\"  id=\"row-1954945378\">\n\n\n\t<div id=\"col-1889137344\" class=\"col medium-11 small-12 large-11\"  >\n\t\t\t\t<div class=\"col-inner\"  >\n\t\t\t\n\t\t\t\n\n<div class=\"row align-center\"  id=\"row-1783600894\">\n\n\n\t<div id=\"col-838493241\" class=\"col medium-7 small-12 large-7\"  >\n\t\t\t\t<div class=\"col-inner\"  >\n\t\t\t\n\t\t\t\n\n<div class=\"row\"  id=\"row-398720591\">\n\n\n\t<div id=\"col-2130110215\" class=\"col small-12 large-12\"  >\n\t\t\t\t<div class=\"col-inner text-center\"  >\n\t\t\t\n\t\t\t\n\n\t<div id=\"text-4004917606\" class=\"text\">\n\t\t\n\n<p>Adoptar <a href=\"https:\/\/www.impacttesting.net\/es\/iso-7765-1\/\"><strong>ISO 7765-1<\/strong><\/a> y utilizando el <strong>m\u00e9todo del dardo de ca\u00edda libre<\/strong> permite a los profesionales de materiales y envases evaluar con precisi\u00f3n <strong>resistencia al impacto del dardo<\/strong>, garantizando que las pel\u00edculas cumplan las normas de durabilidad y seguridad. <strong>ISO 7765-1<\/strong> es ideal para pel\u00edculas y l\u00e1minas de pl\u00e1stico utilizadas en aplicaciones de envasado, agr\u00edcolas, m\u00e9dicas e industriales.<\/p>\n\t\t\n<style>\n#text-4004917606 {\n  color: rgb(0, 0, 0);\n}\n#text-4004917606 > * {\n  color: rgb(0, 0, 0);\n}\n<\/style>\n\t<\/div>\n\t\n\n\t\t<\/div>\n\t\t\t\t\t<\/div>\n\n\t\n\n\t<div id=\"col-2037437084\" class=\"col small-12 large-12\"  >\n\t\t\t\t<div class=\"col-inner text-center\"  >\n\t\t\t\n\t\t\t\n\n<a href=\"https:\/\/www.impacttesting.net\/es\/contact-us\/\" class=\"button primary is-outline\"  style=\"border-radius:99px;\">\n    <span>Contacte con nosotros<\/span>\n  <i class=\"icon-chat\" aria-hidden=\"true\" ><\/i><\/a>\n\n\n\n\t\t<\/div>\n\t\t\t\t\t<\/div>\n\n\t\n\n<\/div>\n\n\t\t<\/div>\n\t\t\t\t\t<\/div>\n\n\t\n\n\t<div id=\"col-1955132089\" class=\"col medium-4 small-12 large-4\"  >\n\t\t\t\t<div class=\"col-inner\"  >\n\t\t\t\n\t\t\t\n\n<div class=\"row\"  id=\"row-1075712049\">\n\n\n\t<div id=\"col-1436106809\" class=\"col small-12 large-12\"  >\n\t\t\t\t<div class=\"col-inner\"  >\n\t\t\t\n\t\t\t\n\n\t<div class=\"img has-hover x md-x lg-x y md-y lg-y\" id=\"image_1454753639\">\n\t\t\t\t\t\t\t\t<div class=\"img-inner dark\" >\n\t\t\t<img decoding=\"async\" width=\"600\" height=\"440\" src=\"https:\/\/www.impacttesting.net\/wp-content\/uploads\/2025\/12\/ISO-7765-1-Free-Falling-Dart-Method.webp\" class=\"attachment-large size-large\" alt=\"ISO 7765-1 M\u00e9todo del dardo en ca\u00edda libre\" srcset=\"https:\/\/www.impacttesting.net\/wp-content\/uploads\/2025\/12\/ISO-7765-1-Free-Falling-Dart-Method.webp 600w, https:\/\/www.impacttesting.net\/wp-content\/uploads\/2025\/12\/ISO-7765-1-Free-Falling-Dart-Method-545x400.webp 545w\" sizes=\"(max-width: 600px) 100vw, 600px\" \/>\t\t\t\t\t\t\n\t\t\t\t\t<\/div>\n\t\t\t\t\t\t\t\t\n<style>\n#image_1454753639 {\n  width: 100%;\n}\n<\/style>\n\t<\/div>\n\t\n\n\n\t\t<\/div>\n\t\t\t\t\t<\/div>\n\n\t\n\n<\/div>\n\n\t\t<\/div>\n\t\t\t\t\t<\/div>\n\n\t\n\n<\/div>\n\n\t\t<\/div>\n\t\t\t\t\t<\/div>\n\n\t\n\n<\/div>\n\n\t\t<\/div>\n\t\t\t\t\t<\/div>\n\n\t\n\n\n<style>\n#row-1522332253 > .col > .col-inner {\n  border-radius: 25px;\n}\n<\/style>\n<\/div>\n\n\t\t<\/div>\n\n\t\t\n<style>\n#section_123349668 {\n  padding-top: 30px;\n  padding-bottom: 30px;\n}\n<\/style>\n\t<\/section>\n\t\n\t<section class=\"section\" id=\"section_2119129538\">\n\t\t<div class=\"bg section-bg fill bg-fill  bg-loaded\" >\n\n\t\t\t\n\t\t\t\n\t\t\t\n\n\t\t<\/div>\n\n\t\t\n\n\t\t<div class=\"section-content relative\">\n\t\t\t\n\n<div class=\"row\"  id=\"row-390834711\">\n\n\n\t<div id=\"col-287536998\" class=\"col small-12 large-12\"  >\n\t\t\t\t<div class=\"col-inner\"  >\n\t\t\t\n\t\t\t\n\n<div class=\"row\"  id=\"row-1536971012\">\n\n\n\t<div id=\"col-902824757\" class=\"col small-12 large-12\"  >\n\t\t\t\t<div class=\"col-inner\"  >\n\t\t\t\n\t\t\t\n\n\t<div id=\"text-3614893607\" class=\"text\">\n\t\t\n\n<h2>ISO 7765-1 y su importancia<\/h2>\n\t\t\n<style>\n#text-3614893607 {\n  font-size: 1.3rem;\n  text-align: center;\n}\n<\/style>\n\t<\/div>\n\t\n\n\t\t<\/div>\n\t\t\t\t\t<\/div>\n\n\t\n\n\t<div id=\"col-1499234396\" class=\"col small-12 large-12\"  >\n\t\t\t\t<div class=\"col-inner\"  >\n\t\t\t\n\t\t\t\n\n<p>Comprender y aplicar <strong>ISO 7765-1<\/strong> es crucial para los profesionales que trabajan con pel\u00edculas de pl\u00e1stico y materiales flexibles. Esta norma internacional describe el procedimiento para determinar la <strong>resistencia al impacto del dardo<\/strong> de una pel\u00edcula de pl\u00e1stico utilizando el <strong>m\u00e9todo del dardo de ca\u00edda libre<\/strong>una prueba esencial de control de calidad. La aplicaci\u00f3n precisa de este m\u00e9todo ayuda a los fabricantes a evaluar la resistencia de los materiales a las cargas de impacto, un indicador de durabilidad y rendimiento en aplicaciones reales. Para industrias como la del envasado, la farmac\u00e9utica, la electr\u00f3nica y la alimentaria, la adhesi\u00f3n a la norma ISO 7765-1 garantiza la fiabilidad, la coherencia y el cumplimiento de las normas mundiales.<\/p>\n\n\t\t<\/div>\n\t\t\t\t\t<\/div>\n\n\t\n\n<\/div>\n\n\t\t<\/div>\n\t\t\t\t\t<\/div>\n\n\t\n\n<\/div>\n<div class=\"row\"  id=\"row-1258077588\">\n\n\n\t<div id=\"col-1598391667\" class=\"col small-12 large-12\"  >\n\t\t\t\t<div class=\"col-inner\"  >\n\t\t\t\n\t\t\t\n\n<div class=\"row\"  id=\"row-1375650508\">\n\n\n\t<div id=\"col-592153898\" class=\"col small-12 large-12\"  >\n\t\t\t\t<div class=\"col-inner\"  >\n\t\t\t\n\t\t\t\n\n<div class=\"row\"  id=\"row-1513468560\">\n\n\n\t<div id=\"col-1398437712\" class=\"col small-12 large-12\"  >\n\t\t\t\t<div class=\"col-inner\"  >\n\t\t\t\n\t\t\t\n\n\t<div id=\"text-1461355638\" class=\"text\">\n\t\t\n\n<h2>Comprender el m\u00e9todo del dardo de ca\u00edda libre<\/h2>\n\t\t\n<style>\n#text-1461355638 {\n  font-size: 1.3rem;\n  text-align: center;\n}\n<\/style>\n\t<\/div>\n\t\n\n\t\t<\/div>\n\t\t\t\t\t<\/div>\n\n\t\n\n<\/div>\n<div class=\"row align-middle\"  id=\"row-317833900\">\n\n\n\t<div id=\"col-1413384666\" class=\"col medium-7 small-12 large-7\"  >\n\t\t\t\t<div class=\"col-inner\"  >\n\t\t\t\n\t\t\t\n\n<div><strong>ISO 7765-1<\/strong> especifica un m\u00e9todo de ensayo para determinar la energ\u00eda necesaria para provocar el fallo de las l\u00e1minas de pl\u00e1stico por el impacto de un dardo en ca\u00edda libre. El ensayo identifica la <strong>masa de fallo por impacto<\/strong>definida como la masa del dardo que provoca el fallo de 50% de las muestras de ensayo en condiciones normalizadas.<\/div>\n<div>Existen dos procedimientos principales:<\/div>\n<ul>\n<li><strong>M\u00e9todo A<\/strong> utiliza un <strong>38 mm<\/strong> di\u00e1metro del dardo lanzado desde <strong>0,66 metros<\/strong>.<\/li>\n<li><strong>M\u00e9todo B<\/strong> emplea un <strong>50 mm<\/strong> di\u00e1metro del dardo lanzado desde <strong>1,5 metros<\/strong>.<\/li>\n<\/ul>\n<p>Cada m\u00e9todo se adapta a distintos tipos y grosores de material, y los resultados obtenidos no son intercambiables.<\/p>\n\n\t\t<\/div>\n\t\t\t\t\t<\/div>\n\n\t\n\n\t<div id=\"col-1093267111\" class=\"col medium-5 small-12 large-5\"  >\n\t\t\t\t<div class=\"col-inner\"  >\n\t\t\t\n\t\t\t\n\n\t<div class=\"img has-hover x md-x lg-x y md-y lg-y\" id=\"image_1125568605\">\n\t\t<a class=\"\" href=\"https:\/\/www.impacttesting.net\/es\/falling-dart-impact-tester\/\" >\t\t\t\t\t\t<div class=\"img-inner dark\" >\n\t\t\t<img decoding=\"async\" width=\"600\" height=\"440\" src=\"https:\/\/www.impacttesting.net\/wp-content\/uploads\/2025\/12\/ISO-7765-1-Free-Falling-Dart-Method.webp\" class=\"attachment-large size-large\" alt=\"ISO 7765-1 M\u00e9todo del dardo en ca\u00edda libre\" srcset=\"https:\/\/www.impacttesting.net\/wp-content\/uploads\/2025\/12\/ISO-7765-1-Free-Falling-Dart-Method.webp 600w, https:\/\/www.impacttesting.net\/wp-content\/uploads\/2025\/12\/ISO-7765-1-Free-Falling-Dart-Method-545x400.webp 545w\" sizes=\"(max-width: 600px) 100vw, 600px\" \/>\t\t\t\t\t\t\n\t\t\t\t\t<\/div>\n\t\t\t\t\t\t<\/a>\t\t\n<style>\n#image_1125568605 {\n  width: 100%;\n}\n<\/style>\n\t<\/div>\n\t\n\n\n\t\t<\/div>\n\t\t\t\t\t<\/div>\n\n\t\n\n<\/div>\n\n\t\t<\/div>\n\t\t\t\t\t<\/div>\n\n\t\n\n<\/div>\n\n\t\t<\/div>\n\t\t\t\t\t<\/div>\n\n\t\n\n<\/div>\n<div class=\"row\"  id=\"row-761145471\">\n\n\n\t<div id=\"col-250154460\" class=\"col small-12 large-12\"  >\n\t\t\t\t<div class=\"col-inner\"  >\n\t\t\t\n\t\t\t\n\n<div class=\"row\"  id=\"row-1228201938\">\n\n\n\t<div id=\"col-239339666\" class=\"col small-12 large-12\"  >\n\t\t\t\t<div class=\"col-inner\"  >\n\t\t\t\n\t\t\t\n\n\t<div id=\"text-1454358231\" class=\"text\">\n\t\t\n\n<h2>M\u00e9todo del dardo de ca\u00edda libre: Importancia y procedimiento<\/h2>\n\t\t\n<style>\n#text-1454358231 {\n  font-size: 1.3rem;\n  text-align: center;\n}\n<\/style>\n\t<\/div>\n\t\n\n\t\t<\/div>\n\t\t\t\t\t<\/div>\n\n\t\n\n<\/div>\n<div class=\"row\"  id=\"row-2018306440\">\n\n\n\t<div id=\"col-1513678941\" class=\"col medium-6 small-12 large-6\"  >\n\t\t\t\t<div class=\"col-inner\"  >\n\t\t\t\n\t\t\t\n\n<h3>Preparaci\u00f3n de ex\u00e1menes<\/h3>\n<p>Antes de realizar la prueba:<\/p>\n<ul>\n<li><strong>Espec\u00edmenes de condici\u00f3n<\/strong> a 23\u00b0C \u00b1 2\u00b0C y 50% \u00b1 5% HR durante al menos 40 horas.<\/li>\n<li>Seleccione espec\u00edmenes con <strong>espesor uniforme<\/strong> (\u00b110% del nominal).<\/li>\n<li>Utilice <strong>30 muestras o m\u00e1s<\/strong> para garantizar la pertinencia estad\u00edstica.<\/li>\n<\/ul>\n\n\t\t<\/div>\n\t\t\t\t\t<\/div>\n\n\t\n\n\t<div id=\"col-687315250\" class=\"col medium-6 small-12 large-6\"  >\n\t\t\t\t<div class=\"col-inner\"  >\n\t\t\t\n\t\t\t\n\n<h3>Requisitos de equipamiento<\/h3>\n<div>Una configuraci\u00f3n de prueba est\u00e1ndar incluye:<\/div>\n<ul>\n<li>A <strong>dardo con cabeza semiesf\u00e9rica<\/strong> y pesos incrementales desmontables.<\/li>\n<li>En <strong>electroim\u00e1n o mec\u00e1nico<\/strong> mecanismo de liberaci\u00f3n para una ca\u00edda controlada.<\/li>\n<li>A <strong>sistema de sujeci\u00f3n de dos piezas<\/strong> para sujetar firmemente la muestra.<\/li>\n<li>A <strong>micr\u00f3metro<\/strong> para una medici\u00f3n precisa del espesor.<\/li>\n<li><strong>Blindaje de seguridad<\/strong> para proteger a los usuarios y al aparato.<\/li>\n<\/ul>\n\n\t\t<\/div>\n\t\t\t\t\t<\/div>\n\n\t\n\n<\/div>\n<div class=\"row align-middle\"  id=\"row-2065345712\">\n\n\n\t<div id=\"col-670096987\" class=\"col small-12 large-12\"  >\n\t\t\t\t<div class=\"col-inner\"  >\n\t\t\t\n\t\t\t\n\n\t<div id=\"text-3694993204\" class=\"text\">\n\t\t\n\n<h3>Ejecuci\u00f3n de la prueba de resistencia al impacto de dardos<\/h3>\n\t\t\n<style>\n#text-3694993204 {\n  text-align: center;\n}\n<\/style>\n\t<\/div>\n\t\n\n\t\t<\/div>\n\t\t\t\t\t<\/div>\n\n\t\n\n\t<div id=\"col-1905764297\" class=\"col medium-6 small-12 large-6\"  >\n\t\t\t\t<div class=\"col-inner\"  >\n\t\t\t\n\t\t\t\n\n<h4>1. Elija el m\u00e9todo de ensayo (A o B):<\/h4>\n<ul>\n<li><strong>M\u00e9todo A<\/strong>: Dardo de 38 mm, altura de ca\u00edda de 0,66 m.<\/li>\n<li><strong>M\u00e9todo B<\/strong>: Dardo de 50 mm, altura de ca\u00edda de 1,5 m.<\/li>\n<\/ul>\n<h4>2. Prepare y sujete la muestra:<\/h4>\n<p>Aseg\u00farese de que la l\u00e1mina quede plana y sin arrugas. Utilice medidas antideslizantes como tela de azafr\u00e1n o papel de lija si es necesario.<\/p>\n<h4>3. Ajuste los pesos del dardo y del incremento:<\/h4>\n<p>Comience con una masa conocida y aum\u00e9ntela o dismin\u00fayala en funci\u00f3n de los resultados de fallos hasta determinar la tasa de fallos 50%.<\/p>\n\n\t\t<\/div>\n\t\t\t\t\t<\/div>\n\n\t\n\n\t<div id=\"col-334738199\" class=\"col medium-6 small-12 large-6\"  >\n\t\t\t\t<div class=\"col-inner\"  >\n\t\t\t\n\t\t\t\n\n<div class=\"video video-fit mb\" style=\"padding-top:56.25%;\"><iframe title=\"Ensayo de impacto por ca\u00edda de dardo sobre pel\u00edcula y l\u00e1mina pl\u00e1stica M\u00e9todo A y M\u00e9todo B ASTM D1709 ISO 7765-1\" width=\"1020\" height=\"574\" src=\"https:\/\/www.youtube.com\/embed\/a3_9M0x3w7U?feature=oembed\" frameborder=\"0\" allow=\"accelerometer; autoplay; clipboard-write; encrypted-media; gyroscope; picture-in-picture; web-share\" referrerpolicy=\"strict-origin-when-cross-origin\" allowfullscreen><\/iframe><\/div>\n\n\n\t\t<\/div>\n\t\t\t\t\t<\/div>\n\n\t\n\n\t<div id=\"col-992983574\" class=\"col small-12 large-12\"  >\n\t\t\t\t<div class=\"col-inner\"  >\n\t\t\t\n\t\t\t\n\n<h4>4. Suelte el dardo:<\/h4>\n<p>Utilice el electroim\u00e1n o el liberador de aire para dejar caer el dardo verticalmente sobre el centro de la muestra.<\/p>\n<h4>5. Registre el resultado:<\/h4>\n<p>Anote si la probeta falla (perforada o rota) o sobrevive. Contin\u00faa hasta que puedas calcular estad\u00edsticamente la masa de fallo por impacto.<\/p>\n<h4>6. Analizar los resultados:<\/h4>\n<p>Eval\u00fae los resultados teniendo en cuenta el espesor de la muestra, la consistencia del material y la tasa de fallos. Los resultados de la norma ISO 7765-1 pueden ser \u00fatiles para comparar materiales, pero no deben normalizarse en funci\u00f3n del grosor.<\/p>\n\n\t\t<\/div>\n\t\t\t\t\t<\/div>\n\n\t\n\n<\/div>\n\n\t\t<\/div>\n\t\t\t\t\t<\/div>\n\n\t\n\n<\/div>\n\n\t\t<\/div>\n\n\t\t\n<style>\n#section_2119129538 {\n  padding-top: 30px;\n  padding-bottom: 30px;\n}\n<\/style>\n\t<\/section>\n\t\n\t<section class=\"section\" id=\"section_1041027260\">\n\t\t<div class=\"bg section-bg fill bg-fill  bg-loaded\" >\n\n\t\t\t\n\t\t\t\n\t\t\t\n\n\t\t<\/div>\n\n\t\t\n\n\t\t<div class=\"section-content relative\">\n\t\t\t\n\n<div class=\"row\"  id=\"row-708738045\">\n\n\n\t<div id=\"col-346458402\" class=\"col small-12 large-12\"  >\n\t\t\t\t<div class=\"col-inner\"  >\n\t\t\t\n\t\t\t\n\n<div class=\"row align-center\"  id=\"row-659276761\">\n\n\n\t<div id=\"col-1741648326\" class=\"col small-12 large-12\"  >\n\t\t\t\t<div class=\"col-inner\"  >\n\t\t\t\n\t\t\t\n\n\t<div id=\"text-3109380092\" class=\"text\">\n\t\t\n\n<h2>Por qu\u00e9 elegir Impacttesting.net<br \/>FDT-01 Comprobador de ca\u00edda de dardos<\/h2>\n\t\t\n<style>\n#text-3109380092 {\n  font-size: 1.4rem;\n  text-align: center;\n}\n<\/style>\n\t<\/div>\n\t\n\n\t\t<\/div>\n\t\t\t\t\t<\/div>\n\n\t\n\n\t<div id=\"col-162279298\" class=\"col small-12 large-12\"  >\n\t\t\t\t<div class=\"col-inner\"  >\n\t\t\t\n\t\t\t\n\n<p>Para garantizar la precisi\u00f3n, la repetibilidad y el cumplimiento de <strong>ISO 7765-1<\/strong>recomendamos el <strong>FDT-01 <a href=\"https:\/\/www.impacttesting.net\/es\/falling-dart-impact-tester\/\">Probador de impacto de dardos <\/a><\/strong>por <strong>Impacttesting.net<\/strong>.<\/p>\n\n\t\t<\/div>\n\t\t\t\t\t<\/div>\n\n\t\n\n\t<div id=\"col-1825622125\" class=\"col medium-7 small-12 large-7\"  >\n\t\t\t\t<div class=\"col-inner text-center\"  >\n\t\t\t\n\t\t\t\n\n\t<div id=\"text-1232176106\" class=\"text\">\n\t\t\n\n<p class=\"\" data-start=\"4386\" data-end=\"4422\">Ajuste preciso de la altura de ca\u00edda del dardo.<br \/>F\u00e1cil montaje de muestras con pinzas neum\u00e1ticas.<br \/>Recogida y an\u00e1lisis de datos de impacto en tiempo real.<br \/>Cumplimiento tanto del m\u00e9todo A como del m\u00e9todo B.<\/p>\n\t\t\n<style>\n#text-1232176106 {\n  font-size: 1.1rem;\n  line-height: 1.3;\n}\n<\/style>\n\t<\/div>\n\t\n\t<div id=\"text-3579912274\" class=\"text\">\n\t\t\n\n<p class=\"\" data-start=\"4676\" data-end=\"4874\">Sus avanzadas funciones de seguridad y sus controles digitales reducen al m\u00ednimo los errores humanos y garantizan resultados fiables y reproducibles, lo que la convierte en una herramienta imprescindible para los productores de pel\u00edculas de envasado, los convertidores y los laboratorios de control de calidad.<\/p>\n\t\t\n<style>\n#text-3579912274 {\n  font-size: 1.1rem;\n}\n<\/style>\n\t<\/div>\n\t\n<a href=\"https:\/\/www.impacttesting.net\/es\/contact-us\/\" class=\"button primary is-outline\"  style=\"border-radius:99px;\">\n    <span>Contacte con nosotros<\/span>\n  <i class=\"icon-chat\" aria-hidden=\"true\" ><\/i><\/a>\n\n\n\n\t\t<\/div>\n\t\t\t\t\t<\/div>\n\n\t\n\n\t<div id=\"col-823866695\" class=\"col medium-4 small-12 large-4\"  >\n\t\t\t\t<div class=\"col-inner text-center\"  >\n\t\t\t\n\t\t\t\n\n\n<div class=\"wpcf7 no-js\" id=\"wpcf7-f10-o1\" lang=\"en-US\" dir=\"ltr\" data-wpcf7-id=\"10\">\n<div class=\"screen-reader-response\"><p role=\"status\" aria-live=\"polite\" aria-atomic=\"true\"><\/p> <ul><\/ul><\/div>\n<form action=\"\/es\/wp-json\/wp\/v2\/pages\/85#wpcf7-f10-o1\" method=\"post\" class=\"wpcf7-form init\" aria-label=\"Formulario de contacto\" novalidate=\"novalidate\" data-status=\"init\" data-trp-original-action=\"\/es\/wp-json\/wp\/v2\/pages\/85#wpcf7-f10-o1\">\n<fieldset class=\"hidden-fields-container\"><input type=\"hidden\" name=\"_wpcf7\" value=\"10\" \/><input type=\"hidden\" name=\"_wpcf7_version\" value=\"6.1.4\" \/><input type=\"hidden\" name=\"_wpcf7_locale\" value=\"en_US\" \/><input type=\"hidden\" name=\"_wpcf7_unit_tag\" value=\"wpcf7-f10-o1\" \/><input type=\"hidden\" name=\"_wpcf7_container_post\" value=\"0\" \/><input type=\"hidden\" name=\"_wpcf7_posted_data_hash\" value=\"\" \/><input type=\"hidden\" name=\"_wpcf7_recaptcha_response\" value=\"\" \/>\n<\/fieldset>\n<p><span class=\"wpcf7-form-control-wrap\" data-name=\"Name\"><input size=\"40\" maxlength=\"400\" class=\"wpcf7-form-control wpcf7-text\" aria-invalid=\"false\" placeholder=\"Su nombre\" value=\"\" type=\"text\" name=\"Name\" \/><\/span><br \/>\n<span class=\"wpcf7-form-control-wrap\" data-name=\"Comapany\"><input size=\"40\" maxlength=\"400\" class=\"wpcf7-form-control wpcf7-text\" aria-invalid=\"false\" placeholder=\"Su empresa\" value=\"\" type=\"text\" name=\"Comapany\" \/><\/span><br \/>\n<span class=\"wpcf7-form-control-wrap\" data-name=\"Email\"><input size=\"40\" maxlength=\"400\" class=\"wpcf7-form-control wpcf7-email wpcf7-validates-as-required wpcf7-text wpcf7-validates-as-email\" aria-required=\"true\" aria-invalid=\"false\" placeholder=\"Su correo electr\u00f3nico\" value=\"\" type=\"email\" name=\"Email\" \/><\/span><br \/>\n<span class=\"wpcf7-form-control-wrap\" data-name=\"Message\"><textarea cols=\"40\" rows=\"10\" maxlength=\"2000\" class=\"wpcf7-form-control wpcf7-textarea\" aria-invalid=\"false\" placeholder=\"Mensaje\" name=\"Message\"><\/textarea><\/span>\n<\/p>\n<p><input class=\"wpcf7-form-control wpcf7-submit has-spinner\" type=\"submit\" value=\"Enviar\" \/>\n<\/p><div class=\"wpcf7-response-output\" aria-hidden=\"true\"><\/div>\n<input type=\"hidden\" name=\"trp-form-language\" value=\"es\"\/><\/form>\n<\/div>\n\n\n\n\t\t<\/div>\n\t\t\t\t\t<\/div>\n\n\t\n\n<\/div>\n\n\t\t<\/div>\n\t\t\t\t\t<\/div>\n\n\t\n\n<\/div>\n\n\t\t<\/div>\n\n\t\t\n<style>\n#section_1041027260 {\n  padding-top: 30px;\n  padding-bottom: 30px;\n  background-color: rgb(232, 234, 241);\n}\n<\/style>\n\t<\/section>","protected":false},"excerpt":{"rendered":"","protected":false},"author":1,"featured_media":0,"parent":0,"menu_order":0,"comment_status":"closed","ping_status":"closed","template":"page-blank.php","meta":{"footnotes":""},"class_list":["post-85","page","type-page","status-publish","hentry"],"_links":{"self":[{"href":"https:\/\/www.impacttesting.net\/es\/wp-json\/wp\/v2\/pages\/85","targetHints":{"allow":["GET"]}}],"collection":[{"href":"https:\/\/www.impacttesting.net\/es\/wp-json\/wp\/v2\/pages"}],"about":[{"href":"https:\/\/www.impacttesting.net\/es\/wp-json\/wp\/v2\/types\/page"}],"author":[{"embeddable":true,"href":"https:\/\/www.impacttesting.net\/es\/wp-json\/wp\/v2\/users\/1"}],"replies":[{"embeddable":true,"href":"https:\/\/www.impacttesting.net\/es\/wp-json\/wp\/v2\/comments?post=85"}],"version-history":[{"count":2,"href":"https:\/\/www.impacttesting.net\/es\/wp-json\/wp\/v2\/pages\/85\/revisions"}],"predecessor-version":[{"id":87,"href":"https:\/\/www.impacttesting.net\/es\/wp-json\/wp\/v2\/pages\/85\/revisions\/87"}],"wp:attachment":[{"href":"https:\/\/www.impacttesting.net\/es\/wp-json\/wp\/v2\/media?parent=85"}],"curies":[{"name":"wp","href":"https:\/\/api.w.org\/{rel}","templated":true}]}}