{"id":79,"date":"2025-12-24T07:35:25","date_gmt":"2025-12-24T07:35:25","guid":{"rendered":"https:\/\/www.impacttesting.net\/?page_id=79"},"modified":"2025-12-24T07:35:25","modified_gmt":"2025-12-24T07:35:25","slug":"falling-dart-impact-tester","status":"publish","type":"page","link":"https:\/\/www.impacttesting.net\/es\/falling-dart-impact-tester\/","title":{"rendered":"FDT-01 Comprobador de impacto de dardos en ca\u00edda"},"content":{"rendered":"<section class=\"section\" id=\"section_50475839\">\n\t\t<div class=\"bg section-bg fill bg-fill  bg-loaded\" >\n\n\t\t\t\n\t\t\t\n\t\t\t\n\n\t\t<\/div>\n\n\t\t\n\n\t\t<div class=\"section-content relative\">\n\t\t\t\n\n<div class=\"row\"  id=\"row-1941152546\">\n\n\n\t<div id=\"col-1590634635\" class=\"col small-12 large-12\"  >\n\t\t\t\t<div class=\"col-inner\" style=\"background-color:rgb(92, 171, 188);\" >\n\t\t\t\n\t\t\t\n\n<div class=\"row\"  id=\"row-237310642\">\n\n\n\t<div id=\"col-247766101\" class=\"col small-12 large-12\"  >\n\t\t\t\t<div class=\"col-inner\"  >\n\t\t\t\n\t\t\t\n\n\t<div id=\"text-760261140\" class=\"text\">\n\t\t\n\n<h1>FDT-01 Comprobador de impacto de dardos en ca\u00edda<\/h1>\n\t\t\n<style>\n#text-760261140 {\n  font-size: 1.5rem;\n  text-align: center;\n}\n<\/style>\n\t<\/div>\n\t\n\n\t\t<\/div>\n\t\t\t\t\n<style>\n#col-247766101 > .col-inner {\n  padding: 50px 10px 10px 10px;\n}\n<\/style>\n\t<\/div>\n\n\t\n\n<\/div>\n<div class=\"row align-middle align-center\"  id=\"row-2004436248\">\n\n\n\t<div id=\"col-21816127\" class=\"col medium-11 small-12 large-11\"  >\n\t\t\t\t<div class=\"col-inner\"  >\n\t\t\t\n\t\t\t\n\n<div class=\"row align-middle align-center\"  id=\"row-610319928\">\n\n\n\t<div id=\"col-1891275665\" class=\"col medium-7 small-12 large-7\"  >\n\t\t\t\t<div class=\"col-inner\"  >\n\t\t\t\n\t\t\t\n\n<div class=\"row\"  id=\"row-892639079\">\n\n\n\t<div id=\"col-2000748641\" class=\"col small-12 large-12\"  >\n\t\t\t\t<div class=\"col-inner text-center\"  >\n\t\t\t\n\t\t\t\n\n\t<div id=\"text-1431805074\" class=\"text\">\n\t\t\n\n<p>En <a href=\"https:\/\/www.impacttesting.net\/es\/falling-dart-impact-tester\/\"><strong>probador de impacto de dardos que caen<\/strong><\/a> es un instrumento especializado que se utiliza para evaluar la resistencia al impacto de pel\u00edculas de pl\u00e1stico, materiales compuestos, l\u00e1minas y papel con un grosor inferior a 1 mm. Esta prueba eval\u00faa la resistencia del material al impacto determinando la energ\u00eda necesaria para provocar el fallo en condiciones controladas. Se utiliza ampliamente en las industrias de envasado, alimentaria, farmac\u00e9utica y electr\u00f3nica para garantizar la durabilidad y el rendimiento de los productos.<\/p>\n\t\t\n<style>\n#text-1431805074 {\n  color: rgb(0, 0, 0);\n}\n#text-1431805074 > * {\n  color: rgb(0, 0, 0);\n}\n<\/style>\n\t<\/div>\n\t\n\n\t\t<\/div>\n\t\t\t\t\t<\/div>\n\n\t\n\n\t<div id=\"col-1179786785\" class=\"col small-12 large-12\"  >\n\t\t\t\t<div class=\"col-inner text-center\"  >\n\t\t\t\n\t\t\t\n\n<a href=\"https:\/\/www.impacttesting.net\/es\/contact-us\/\" class=\"button primary is-outline\"  style=\"border-radius:99px;\">\n    <span>Contacte con nosotros<\/span>\n  <i class=\"icon-chat\" aria-hidden=\"true\" ><\/i><\/a>\n\n\n\n\t\t<\/div>\n\t\t\t\t\t<\/div>\n\n\t\n\n<\/div>\n\n\t\t<\/div>\n\t\t\t\t\t<\/div>\n\n\t\n\n\t<div id=\"col-123420890\" class=\"col medium-3 small-12 large-3\"  >\n\t\t\t\t<div class=\"col-inner\"  >\n\t\t\t\n\t\t\t\n\n<div class=\"row\"  id=\"row-176025022\">\n\n\n\t<div id=\"col-299006143\" class=\"col small-12 large-12\"  >\n\t\t\t\t<div class=\"col-inner text-center\"  >\n\t\t\t\n\t\t\t\n\n\t<div class=\"img has-hover x md-x lg-x y md-y lg-y\" id=\"image_356172434\">\n\t\t\t\t\t\t\t\t<div class=\"img-inner dark\" >\n\t\t\t<img decoding=\"async\" width=\"374\" height=\"800\" src=\"https:\/\/www.impacttesting.net\/wp-content\/uploads\/2025\/12\/Falling-Dart-Impact-Tester-for-Plastic-Film-ASTM-D1709-374x800.webp\" class=\"attachment-large size-large\" alt=\"Ensayo de impacto por ca\u00edda de dardo en pel\u00edcula de pl\u00e1stico ASTM D1709\" srcset=\"https:\/\/www.impacttesting.net\/wp-content\/uploads\/2025\/12\/Falling-Dart-Impact-Tester-for-Plastic-Film-ASTM-D1709-374x800.webp 374w, https:\/\/www.impacttesting.net\/wp-content\/uploads\/2025\/12\/Falling-Dart-Impact-Tester-for-Plastic-Film-ASTM-D1709-187x400.webp 187w, https:\/\/www.impacttesting.net\/wp-content\/uploads\/2025\/12\/Falling-Dart-Impact-Tester-for-Plastic-Film-ASTM-D1709-768x1643.webp 768w, https:\/\/www.impacttesting.net\/wp-content\/uploads\/2025\/12\/Falling-Dart-Impact-Tester-for-Plastic-Film-ASTM-D1709-718x1536.webp 718w, https:\/\/www.impacttesting.net\/wp-content\/uploads\/2025\/12\/Falling-Dart-Impact-Tester-for-Plastic-Film-ASTM-D1709-957x2048.webp 957w, https:\/\/www.impacttesting.net\/wp-content\/uploads\/2025\/12\/Falling-Dart-Impact-Tester-for-Plastic-Film-ASTM-D1709-scaled.webp 1196w\" sizes=\"(max-width: 374px) 100vw, 374px\" \/>\t\t\t\t\t\t\n\t\t\t\t\t<\/div>\n\t\t\t\t\t\t\t\t\n<style>\n#image_356172434 {\n  width: 100%;\n}\n<\/style>\n\t<\/div>\n\t\n\n\n\t\t<\/div>\n\t\t\t\t\t<\/div>\n\n\t\n\n<\/div>\n\n\t\t<\/div>\n\t\t\t\t\t<\/div>\n\n\t\n\n<\/div>\n\n\t\t<\/div>\n\t\t\t\t\t<\/div>\n\n\t\n\n<\/div>\n\n\t\t<\/div>\n\t\t\t\t\t<\/div>\n\n\t\n\n\n<style>\n#row-1941152546 > .col > .col-inner {\n  border-radius: 25px;\n}\n<\/style>\n<\/div>\n\n\t\t<\/div>\n\n\t\t\n<style>\n#section_50475839 {\n  padding-top: 30px;\n  padding-bottom: 30px;\n}\n<\/style>\n\t<\/section>\n\t\n\t<section class=\"section\" id=\"section_1071134566\">\n\t\t<div class=\"bg section-bg fill bg-fill  bg-loaded\" >\n\n\t\t\t\n\t\t\t\n\t\t\t\n\n\t\t<\/div>\n\n\t\t\n\n\t\t<div class=\"section-content relative\">\n\t\t\t\n\n<div class=\"row\"  id=\"row-1706066822\">\n\n\n\t<div id=\"col-1094341651\" class=\"col small-12 large-12\"  >\n\t\t\t\t<div class=\"col-inner\"  >\n\t\t\t\n\t\t\t\n\n<div class=\"row\"  id=\"row-914585069\">\n\n\n\t<div id=\"col-1674130956\" class=\"col small-12 large-12\"  >\n\t\t\t\t<div class=\"col-inner\"  >\n\t\t\t\n\t\t\t\n\n<div class=\"row align-middle align-center\"  id=\"row-1928344480\">\n\n\n\t<div id=\"col-902881376\" class=\"col medium-3 small-12 large-3\"  >\n\t\t\t\t<div class=\"col-inner\"  >\n\t\t\t\n\t\t\t\n\n\t<div class=\"img has-hover x md-x lg-x y md-y lg-y\" id=\"image_214353673\">\n\t\t\t\t\t\t\t\t<div class=\"img-inner dark\" >\n\t\t\t<img decoding=\"async\" width=\"314\" height=\"800\" src=\"https:\/\/www.impacttesting.net\/wp-content\/uploads\/2025\/12\/Falling-Dart-Impact-Tester-for-Plastic-Film-ISO-7765-1-314x800.webp\" class=\"attachment-large size-large\" alt=\"Ensayo de impacto por ca\u00edda de dardo en pel\u00edcula de pl\u00e1stico ISO 7765-1\" srcset=\"https:\/\/www.impacttesting.net\/wp-content\/uploads\/2025\/12\/Falling-Dart-Impact-Tester-for-Plastic-Film-ISO-7765-1-314x800.webp 314w, https:\/\/www.impacttesting.net\/wp-content\/uploads\/2025\/12\/Falling-Dart-Impact-Tester-for-Plastic-Film-ISO-7765-1-157x400.webp 157w, https:\/\/www.impacttesting.net\/wp-content\/uploads\/2025\/12\/Falling-Dart-Impact-Tester-for-Plastic-Film-ISO-7765-1-768x1956.webp 768w, https:\/\/www.impacttesting.net\/wp-content\/uploads\/2025\/12\/Falling-Dart-Impact-Tester-for-Plastic-Film-ISO-7765-1-603x1536.webp 603w, https:\/\/www.impacttesting.net\/wp-content\/uploads\/2025\/12\/Falling-Dart-Impact-Tester-for-Plastic-Film-ISO-7765-1-804x2048.webp 804w, https:\/\/www.impacttesting.net\/wp-content\/uploads\/2025\/12\/Falling-Dart-Impact-Tester-for-Plastic-Film-ISO-7765-1-scaled.webp 1005w\" sizes=\"(max-width: 314px) 100vw, 314px\" \/>\t\t\t\t\t\t\n\t\t\t\t\t<\/div>\n\t\t\t\t\t\t\t\t\n<style>\n#image_214353673 {\n  width: 100%;\n}\n<\/style>\n\t<\/div>\n\t\n\n\n\t\t<\/div>\n\t\t\t\t\n<style>\n#col-902881376 > .col-inner {\n  padding: 0px 30px 0px 0px;\n}\n<\/style>\n\t<\/div>\n\n\t\n\n\t<div id=\"col-338277168\" class=\"col medium-7 small-12 large-7\"  >\n\t\t\t\t<div class=\"col-inner\"  >\n\t\t\t\n\t\t\t\n\n\t<div id=\"text-2500420914\" class=\"text\">\n\t\t\n\n<h2>C\u00f3mo funciona la prueba del dardo en ca\u00edda libre<\/h2>\n\t\t\n<style>\n#text-2500420914 {\n  font-size: 1.3rem;\n  text-align: left;\n}\n<\/style>\n\t<\/div>\n\t\n<p>En <strong>prueba de ca\u00edda libre de dardos<\/strong> implica los siguientes pasos:<\/p>\n<ol>\n<li>Se sujeta firmemente una muestra de pel\u00edcula.<\/li>\n<li>Un dardo con un peso predeterminado se suspende electromagn\u00e9ticamente.<\/li>\n<li>El dardo se lanza desde una altura controlada.<\/li>\n<li>La resistencia al impacto se registra en funci\u00f3n de los resultados de aprobado\/no aprobado de m\u00faltiples ensayos.<\/li>\n<li>El sistema calcula la resistencia al impacto del material en gramos o julios.<\/li>\n<\/ol>\n<a href=\"https:\/\/www.impacttesting.net\/es\/contact-us\/\" target=\"_blank\" class=\"button primary is-outline\" rel=\"noopener\"  style=\"border-radius:99px;\">\n    <span>Contacte con nosotros<\/span>\n  <i class=\"icon-chat\" aria-hidden=\"true\" ><\/i><\/a>\n\n\n\n\t\t<\/div>\n\t\t\t\t\t<\/div>\n\n\t\n\n<\/div>\n\n\t\t<\/div>\n\t\t\t\t\t<\/div>\n\n\t\n\n<\/div>\n\n\t\t<\/div>\n\t\t\t\t\t<\/div>\n\n\t\n\n<\/div>\n<div class=\"row\"  id=\"row-1186169954\">\n\n\n\t<div id=\"col-1262736421\" class=\"col small-12 large-12\"  >\n\t\t\t\t<div class=\"col-inner\"  >\n\t\t\t\n\t\t\t\n\n<div class=\"row align-middle align-center\"  id=\"row-1713400708\">\n\n\n\t<div id=\"col-1082608135\" class=\"col medium-5 small-12 large-5\"  >\n\t\t\t\t<div class=\"col-inner\"  >\n\t\t\t\n\t\t\t\n\n\t<div id=\"text-3929050720\" class=\"text\">\n\t\t\n\n<h2>Probador de impacto de dardos que caen<\/h2>\n\t\t\n<style>\n#text-3929050720 {\n  font-size: 1.3rem;\n}\n<\/style>\n\t<\/div>\n\t\n<table width=\"534\">\n<tbody>\n<tr>\n<td style=\"text-align: center;\" width=\"257\">M\u00e9todo de prueba M\u00e9todo<\/td>\n<td style=\"text-align: center;\" width=\"277\">A o M\u00e9todo B (opcional)<\/td>\n<\/tr>\n<tr>\n<td style=\"text-align: center;\" rowspan=\"2\" width=\"257\">Alcance de la prueba<\/td>\n<td style=\"text-align: center;\" width=\"277\">M\u00e9todo A: 50~2000g\/<\/td>\n<\/tr>\n<tr>\n<td style=\"text-align: center;\" width=\"277\">M\u00e9todo B: 300~2000g<\/td>\n<\/tr>\n<tr>\n<td style=\"text-align: center;\" rowspan=\"2\" width=\"257\">Di\u00e1metro del dardo<\/td>\n<td style=\"text-align: center;\" width=\"277\">M\u00e9todo A: 38\u00b11mm<\/td>\n<\/tr>\n<tr>\n<td style=\"text-align: center;\" width=\"277\">M\u00e9todo B: 50\u00b11mm<\/td>\n<\/tr>\n<tr>\n<td style=\"text-align: center;\" width=\"257\">Altura de impacto<\/td>\n<td style=\"text-align: center;\" width=\"277\">660 mm\/1500 mm<\/td>\n<\/tr>\n<tr>\n<td style=\"text-align: center;\" width=\"257\">Precisi\u00f3n<\/td>\n<td style=\"text-align: center;\" width=\"277\">0,1g (0,1J)<\/td>\n<\/tr>\n<tr>\n<td style=\"text-align: center;\" width=\"257\">Pinza<\/td>\n<td style=\"text-align: center;\" width=\"277\">Pinza neum\u00e1tica<\/td>\n<\/tr>\n<tr>\n<td style=\"text-align: center;\" width=\"257\">Suministro de gas<\/td>\n<td style=\"text-align: center;\" width=\"277\">0,6 MPa \u03a68 mm Tubo de PU<\/td>\n<\/tr>\n<tr>\n<td style=\"text-align: center;\" width=\"257\">Tama\u00f1o de la muestra<\/td>\n<td style=\"text-align: center;\" width=\"277\">&gt; 150 mm x 150 mm<\/td>\n<\/tr>\n<tr>\n<td style=\"text-align: center;\" width=\"257\">Fuente de alimentaci\u00f3n<\/td>\n<td style=\"text-align: center;\" width=\"277\">CA 110~220V 50Hz<\/td>\n<\/tr>\n<tr>\n<td style=\"text-align: center;\" rowspan=\"2\" width=\"257\">Dimensi\u00f3n<\/td>\n<td style=\"text-align: center;\" width=\"277\">M\u00e9todo A: 500*450*1200 mm (LWH)<\/td>\n<\/tr>\n<tr>\n<td style=\"text-align: center;\" width=\"277\">M\u00e9todo B: 500*450*2200 mm (LWH)<\/td>\n<\/tr>\n<\/tbody>\n<\/table>\n\n\t\t<\/div>\n\t\t\t\t\t<\/div>\n\n\t\n\n\t<div id=\"col-414262976\" class=\"col medium-7 small-12 large-7\"  >\n\t\t\t\t<div class=\"col-inner text-left\"  >\n\t\t\t\n\t\t\t\n\n<div class=\"video video-fit mb\" style=\"padding-top:50%;\"><iframe title=\"Ensayo de impacto por ca\u00edda de dardo sobre pel\u00edcula y l\u00e1mina pl\u00e1stica M\u00e9todo A y M\u00e9todo B ASTM D1709 ISO 7765-1\" width=\"1020\" height=\"574\" src=\"https:\/\/www.youtube.com\/embed\/a3_9M0x3w7U?feature=oembed\" frameborder=\"0\" allow=\"accelerometer; autoplay; clipboard-write; encrypted-media; gyroscope; picture-in-picture; web-share\" referrerpolicy=\"strict-origin-when-cross-origin\" allowfullscreen><\/iframe><\/div>\n\n<p>El FDT-01 Falling Dart Impact Tester de Cell Instruments est\u00e1 dise\u00f1ado para realizar pruebas de resistencia al impacto precisas y fiables. Caracter\u00edsticas notables incluyen:<\/p>\n<ul>\n<li><strong>Control PLC y pantalla t\u00e1ctil HMI<\/strong> para un funcionamiento estable y sencillo.<\/li>\n<li><strong>Dos m\u00e9todos de ensayo (A y B)<\/strong> para diferentes necesidades de material.<\/li>\n<li><strong>Suspensi\u00f3n electromagn\u00e9tica de dardos<\/strong> para realizar pruebas precisas y repetibles.<\/li>\n<li><strong>Sujeci\u00f3n neum\u00e1tica<\/strong> para garantizar la estabilidad de la muestra durante el impacto.<\/li>\n<li><strong>C\u00e1lculo autom\u00e1tico de los resultados de las pruebas<\/strong> para eliminar los errores manuales.<\/li>\n<li><strong>Microimpresora integrada e integraci\u00f3n de software<\/strong> para la salida y el an\u00e1lisis de datos.<\/li>\n<\/ul>\n\n\t\t<\/div>\n\t\t\t\t\t<\/div>\n\n\t\n\n<\/div>\n\n\t\t<\/div>\n\t\t\t\t\t<\/div>\n\n\t\n\n<\/div>\n<div class=\"row\"  id=\"row-1767902524\">\n\n\n\t<div id=\"col-107388082\" class=\"col small-12 large-12\"  >\n\t\t\t\t<div class=\"col-inner\"  >\n\t\t\t\n\t\t\t\n\n<div class=\"row\"  id=\"row-303981743\">\n\n\n\t<div id=\"col-380455512\" class=\"col small-12 large-12\"  >\n\t\t\t\t<div class=\"col-inner\"  >\n\t\t\t\n\t\t\t\n\n\t<div id=\"text-3327411638\" class=\"text\">\n\t\t\n\n<h2>M\u00e9todos y normas de ensayo de impacto de dardos<\/h2>\n\t\t\n<style>\n#text-3327411638 {\n  font-size: 1.3rem;\n  text-align: center;\n}\n<\/style>\n\t<\/div>\n\t\n\n\t\t<\/div>\n\t\t\t\t\t<\/div>\n\n\t\n\n<\/div>\n<div class=\"row\"  id=\"row-1455185440\">\n\n\n\t<div id=\"col-1232593743\" class=\"col medium-6 small-12 large-6\"  >\n\t\t\t\t<div class=\"col-inner\"  >\n\t\t\t\n\t\t\t\n\n<h3><a href=\"https:\/\/www.impacttesting.net\/es\/astm-d1709\/\">ASTM D1709<\/a> &amp; <a href=\"https:\/\/www.impacttesting.net\/es\/iso-7765-1\/\">ISO 7765-1<\/a><\/h3>\n<p>En <strong>prueba de impacto de dardo para pel\u00edcula de pl\u00e1stico<\/strong> sigue normas reconocidas internacionalmente, como <strong>ASTM D1709 e ISO 7765-1<\/strong>El objetivo es garantizar la coherencia y la precisi\u00f3n de los resultados. Estas normas describen la metodolog\u00eda para llevar a cabo un <strong>prueba de ca\u00edda libre de dardos<\/strong>en el que un dardo con peso cae desde una altura especificada sobre una muestra de pel\u00edcula, determinando el peso m\u00ednimo necesario para provocar el fallo del material.<\/p>\n\n\t\t<\/div>\n\t\t\t\t\t<\/div>\n\n\t\n\n\t<div id=\"col-72496001\" class=\"col medium-6 small-12 large-6\"  >\n\t\t\t\t<div class=\"col-inner\"  >\n\t\t\t\n\t\t\t\n\n<h3>M\u00e9todos de ensayo: M\u00e9todo A y M\u00e9todo B<\/h3>\n<p>Ambos <strong>ASTM D1709<\/strong> y <strong>ISO 7765-1<\/strong> definen dos m\u00e9todos de ensayo distintos:<\/p>\n<ul>\n<li><strong>M\u00e9todo A<\/strong>: Utiliza un dardo de 38 mm de di\u00e1metro y una altura de impacto de 660 mm.<\/li>\n<li><strong>M\u00e9todo B<\/strong>: Utiliza un dardo de 50 mm de di\u00e1metro y una altura de impacto de 1500 mm (opcional en algunas configuraciones de prueba).<\/li>\n<\/ul>\n\n\t\t<\/div>\n\t\t\t\t\t<\/div>\n\n\t\n\n<\/div>\n\n\t\t<\/div>\n\t\t\t\t\t<\/div>\n\n\t\n\n<\/div>\n<div class=\"row\"  id=\"row-1605316151\">\n\n\n\t<div id=\"col-1042821900\" class=\"col small-12 large-12\"  >\n\t\t\t\t<div class=\"col-inner\"  >\n\t\t\t\n\t\t\t\n\n<div class=\"row\"  id=\"row-1646511676\">\n\n\n\t<div id=\"col-2101641546\" class=\"col small-12 large-12\"  >\n\t\t\t\t<div class=\"col-inner\"  >\n\t\t\t\n\t\t\t\n\n\t<div id=\"text-1029178355\" class=\"text\">\n\t\t\n\n<h2>Aplicaciones del medidor de impacto de ca\u00edda de dardo<\/h2>\n\t\t\n<style>\n#text-1029178355 {\n  font-size: 1.3rem;\n  text-align: center;\n}\n<\/style>\n\t<\/div>\n\t\n<p>En <strong>probador de impacto de dardos que caen<\/strong> se utiliza ampliamente en industrias como:<\/p>\n\n\t\t<\/div>\n\t\t\t\t\t<\/div>\n\n\t\n\n<\/div>\n<div class=\"row align-center row-box-shadow-3-hover\"  id=\"row-1029837627\">\n\n\n\t<div id=\"col-495389136\" class=\"col medium-3 small-6 large-3\"  >\n\t\t\t\t<div class=\"col-inner box-shadow-5-hover\"  >\n\t\t\t\n\t\t\t\n\n\t<div class=\"box has-hover   has-hover box-default box-text-bottom\" >\n\n\t\t<div class=\"box-image\" style=\"width:90%;\">\n\t\t\t\t\t\t<div class=\"\" >\n\t\t\t\t<img decoding=\"async\" width=\"300\" height=\"300\" src=\"https:\/\/www.impacttesting.net\/wp-content\/uploads\/2025\/12\/Plastic-Packaging.webp\" class=\"attachment- size-\" alt=\"Envases de pl\u00e1stico\" srcset=\"https:\/\/www.impacttesting.net\/wp-content\/uploads\/2025\/12\/Plastic-Packaging.webp 300w, https:\/\/www.impacttesting.net\/wp-content\/uploads\/2025\/12\/Plastic-Packaging-280x280.webp 280w\" sizes=\"(max-width: 300px) 100vw, 300px\" \/>\t\t\t\t\t\t\t\t\t\t\t<\/div>\n\t\t\t\t\t<\/div>\n\n\t\t<div class=\"box-text text-center\" >\n\t\t\t<div class=\"box-text-inner\">\n\t\t\t\t\n\n<h3>Envases de pl\u00e1stico<\/h3>\n<p>Garantizar la durabilidad del film en aplicaciones de envasado flexible<\/p>\n\n\t\t\t<\/div>\n\t\t<\/div>\n\t<\/div>\n\t\n\n\t\t<\/div>\n\t\t\t\t\n<style>\n#col-495389136 > .col-inner {\n  padding: 30px 0px 0px 0px;\n}\n<\/style>\n\t<\/div>\n\n\t\n\n\t<div id=\"col-441707714\" class=\"col medium-3 small-6 large-3\"  >\n\t\t\t\t<div class=\"col-inner box-shadow-5-hover\"  >\n\t\t\t\n\t\t\t\n\n\t<div class=\"box has-hover   has-hover box-default box-text-bottom\" >\n\n\t\t<div class=\"box-image\" style=\"width:85%;\">\n\t\t\t\t\t\t<div class=\"\" >\n\t\t\t\t<img decoding=\"async\" width=\"300\" height=\"300\" src=\"https:\/\/www.impacttesting.net\/wp-content\/uploads\/2025\/12\/Medical-and-Pharmaceutical-Packaging.webp\" class=\"attachment- size-\" alt=\"Envases m\u00e9dicos y farmac\u00e9uticos\" srcset=\"https:\/\/www.impacttesting.net\/wp-content\/uploads\/2025\/12\/Medical-and-Pharmaceutical-Packaging.webp 300w, https:\/\/www.impacttesting.net\/wp-content\/uploads\/2025\/12\/Medical-and-Pharmaceutical-Packaging-280x280.webp 280w\" sizes=\"(max-width: 300px) 100vw, 300px\" \/>\t\t\t\t\t\t\t\t\t\t\t<\/div>\n\t\t\t\t\t<\/div>\n\n\t\t<div class=\"box-text text-center\" >\n\t\t\t<div class=\"box-text-inner\">\n\t\t\t\t\n\n<h3>Envases m\u00e9dicos y farmac\u00e9uticos<\/h3>\n<p>Pruebas de resistencia de la pel\u00edcula para materiales est\u00e9riles y de protecci\u00f3n<\/p>\n\n\t\t\t<\/div>\n\t\t<\/div>\n\t<\/div>\n\t\n\n\t\t<\/div>\n\t\t\t\t\n<style>\n#col-441707714 > .col-inner {\n  padding: 30px 0px 0px 0px;\n}\n<\/style>\n\t<\/div>\n\n\t\n\n\t<div id=\"col-866650309\" class=\"col medium-3 small-6 large-3\"  >\n\t\t\t\t<div class=\"col-inner box-shadow-5-hover\"  >\n\t\t\t\n\t\t\t\n\n\t<div class=\"box has-hover   has-hover box-default box-text-bottom\" >\n\n\t\t<div class=\"box-image\" style=\"width:85%;\">\n\t\t\t\t\t\t<div class=\"\" >\n\t\t\t\t<img decoding=\"async\" width=\"300\" height=\"300\" src=\"https:\/\/www.impacttesting.net\/wp-content\/uploads\/2025\/12\/Food-Industry.webp\" class=\"attachment- size-\" alt=\"Industria alimentaria\" srcset=\"https:\/\/www.impacttesting.net\/wp-content\/uploads\/2025\/12\/Food-Industry.webp 300w, https:\/\/www.impacttesting.net\/wp-content\/uploads\/2025\/12\/Food-Industry-280x280.webp 280w\" sizes=\"(max-width: 300px) 100vw, 300px\" \/>\t\t\t\t\t\t\t\t\t\t\t<\/div>\n\t\t\t\t\t<\/div>\n\n\t\t<div class=\"box-text text-center\" >\n\t\t\t<div class=\"box-text-inner\">\n\t\t\t\t\n\n<h3>Industria alimentaria<\/h3>\n<p>Evaluaci\u00f3n de la resistencia de las pel\u00edculas de pl\u00e1stico utilizadas en el almacenamiento y transporte de alimentos<\/p>\n\n\t\t\t<\/div>\n\t\t<\/div>\n\t<\/div>\n\t\n\n\t\t<\/div>\n\t\t\t\t\n<style>\n#col-866650309 > .col-inner {\n  padding: 30px 0px 0px 0px;\n}\n<\/style>\n\t<\/div>\n\n\t\n\n\t<div id=\"col-1061845071\" class=\"col medium-3 small-6 large-3\"  >\n\t\t\t\t<div class=\"col-inner box-shadow-5-hover\"  >\n\t\t\t\n\t\t\t\n\n\t<div class=\"box has-hover   has-hover box-default box-text-bottom\" >\n\n\t\t<div class=\"box-image\" style=\"width:90%;\">\n\t\t\t\t\t\t<div class=\"\" >\n\t\t\t\t<img decoding=\"async\" width=\"300\" height=\"300\" src=\"https:\/\/www.impacttesting.net\/wp-content\/uploads\/2025\/12\/Electronics-and-Consumer-Goods.webp\" class=\"attachment- size-\" alt=\"Electr\u00f3nica y bienes de consumo\" srcset=\"https:\/\/www.impacttesting.net\/wp-content\/uploads\/2025\/12\/Electronics-and-Consumer-Goods.webp 300w, https:\/\/www.impacttesting.net\/wp-content\/uploads\/2025\/12\/Electronics-and-Consumer-Goods-280x280.webp 280w\" sizes=\"(max-width: 300px) 100vw, 300px\" \/>\t\t\t\t\t\t\t\t\t\t\t<\/div>\n\t\t\t\t\t<\/div>\n\n\t\t<div class=\"box-text text-center\" >\n\t\t\t<div class=\"box-text-inner\">\n\t\t\t\t\n\n<h3>Electr\u00f3nica y bienes de consumo<\/h3>\n<p>Verificaci\u00f3n de la resistencia al impacto de pel\u00edculas y revestimientos protectores<\/p>\n\n\t\t\t<\/div>\n\t\t<\/div>\n\t<\/div>\n\t\n\n\t\t<\/div>\n\t\t\t\t\n<style>\n#col-1061845071 > .col-inner {\n  padding: 30px 0px 0px 0px;\n}\n<\/style>\n\t<\/div>\n\n\t\n\n<\/div>\n\n\t\t<\/div>\n\t\t\t\t\t<\/div>\n\n\t\n\n<\/div>\n\n\t\t<\/div>\n\n\t\t\n<style>\n#section_1071134566 {\n  padding-top: 30px;\n  padding-bottom: 30px;\n}\n<\/style>\n\t<\/section>\n\t\n\t<section class=\"section\" id=\"section_68542598\">\n\t\t<div class=\"bg section-bg fill bg-fill  bg-loaded\" >\n\n\t\t\t\n\t\t\t\n\t\t\t\n\n\t\t<\/div>\n\n\t\t\n\n\t\t<div class=\"section-content relative\">\n\t\t\t\n\n<div class=\"row\"  id=\"row-679308672\">\n\n\n\t<div id=\"col-623866522\" class=\"col small-12 large-12\"  >\n\t\t\t\t<div class=\"col-inner\"  >\n\t\t\t\n\t\t\t\n\n<div class=\"row align-equal align-center\"  id=\"row-734133928\">\n\n\n\t<div id=\"col-526680764\" class=\"col small-12 large-12\"  >\n\t\t\t\t<div class=\"col-inner\"  >\n\t\t\t\n\t\t\t\n\n\t<div id=\"text-1254844076\" class=\"text\">\n\t\t\n\n<h2>Por qu\u00e9 elegir Impacttesting.net<br \/>FDT-01 \u00bfProbador de impacto de dardos?<\/h2>\n\t\t\n<style>\n#text-1254844076 {\n  font-size: 1.4rem;\n  text-align: center;\n}\n<\/style>\n\t<\/div>\n\t\n\n\t\t<\/div>\n\t\t\t\t\t<\/div>\n\n\t\n\n\t<div id=\"col-1825356713\" class=\"col medium-8 small-12 large-8\"  >\n\t\t\t\t<div class=\"col-inner text-center\"  >\n\t\t\t\n\t\t\t\n\n\t<div id=\"text-1744748335\" class=\"text\">\n\t\t\n\n<p>Cumplimiento de <strong>ASTM D1709 &amp; ISO 7765-1<\/strong> para realizar pruebas precisas y normalizadas.<br \/>Avanzado <strong>automatizaci\u00f3n y facilidad de uso<\/strong> mediante PLC e interfaz de pantalla t\u00e1ctil.<br \/><strong>Resultados fiables<\/strong> con medici\u00f3n de impactos de alta precisi\u00f3n.<br \/><strong>Opciones personalizables<\/strong> para necesidades exclusivas de ensayo de materiales.<\/p>\n\t\t\n<style>\n#text-1744748335 {\n  font-size: 1.1rem;\n  line-height: 2;\n}\n<\/style>\n\t<\/div>\n\t\n<a href=\"https:\/\/www.impacttesting.net\/es\/contact-us\/\" class=\"button primary is-outline\"  style=\"border-radius:99px;\">\n    <span>Contacte con nosotros<\/span>\n  <i class=\"icon-chat\" aria-hidden=\"true\" ><\/i><\/a>\n\n\n\n\t\t<\/div>\n\t\t\t\t\t<\/div>\n\n\t\n\n\t<div id=\"col-1056706139\" class=\"col medium-4 small-12 large-4\"  >\n\t\t\t\t<div class=\"col-inner text-center\"  >\n\t\t\t\n\t\t\t\n\n\n<div class=\"wpcf7 no-js\" id=\"wpcf7-f10-o1\" lang=\"en-US\" dir=\"ltr\" data-wpcf7-id=\"10\">\n<div class=\"screen-reader-response\"><p role=\"status\" aria-live=\"polite\" aria-atomic=\"true\"><\/p> <ul><\/ul><\/div>\n<form action=\"\/es\/wp-json\/wp\/v2\/pages\/79#wpcf7-f10-o1\" method=\"post\" class=\"wpcf7-form init\" aria-label=\"Formulario de contacto\" novalidate=\"novalidate\" data-status=\"init\" data-trp-original-action=\"\/es\/wp-json\/wp\/v2\/pages\/79#wpcf7-f10-o1\">\n<fieldset class=\"hidden-fields-container\"><input type=\"hidden\" name=\"_wpcf7\" value=\"10\" \/><input type=\"hidden\" name=\"_wpcf7_version\" value=\"6.1.4\" \/><input type=\"hidden\" name=\"_wpcf7_locale\" value=\"en_US\" \/><input type=\"hidden\" name=\"_wpcf7_unit_tag\" value=\"wpcf7-f10-o1\" \/><input type=\"hidden\" name=\"_wpcf7_container_post\" value=\"0\" \/><input type=\"hidden\" name=\"_wpcf7_posted_data_hash\" value=\"\" \/><input type=\"hidden\" name=\"_wpcf7_recaptcha_response\" value=\"\" \/>\n<\/fieldset>\n<p><span class=\"wpcf7-form-control-wrap\" data-name=\"Name\"><input size=\"40\" maxlength=\"400\" class=\"wpcf7-form-control wpcf7-text\" aria-invalid=\"false\" placeholder=\"Su nombre\" value=\"\" type=\"text\" name=\"Name\" \/><\/span><br \/>\n<span class=\"wpcf7-form-control-wrap\" data-name=\"Comapany\"><input size=\"40\" maxlength=\"400\" class=\"wpcf7-form-control wpcf7-text\" aria-invalid=\"false\" placeholder=\"Su empresa\" value=\"\" type=\"text\" name=\"Comapany\" \/><\/span><br \/>\n<span class=\"wpcf7-form-control-wrap\" data-name=\"Email\"><input size=\"40\" maxlength=\"400\" class=\"wpcf7-form-control wpcf7-email wpcf7-validates-as-required wpcf7-text wpcf7-validates-as-email\" aria-required=\"true\" aria-invalid=\"false\" placeholder=\"Su correo electr\u00f3nico\" value=\"\" type=\"email\" name=\"Email\" \/><\/span><br \/>\n<span class=\"wpcf7-form-control-wrap\" data-name=\"Message\"><textarea cols=\"40\" rows=\"10\" maxlength=\"2000\" class=\"wpcf7-form-control wpcf7-textarea\" aria-invalid=\"false\" placeholder=\"Mensaje\" name=\"Message\"><\/textarea><\/span>\n<\/p>\n<p><input class=\"wpcf7-form-control wpcf7-submit has-spinner\" type=\"submit\" value=\"Enviar\" \/>\n<\/p><div class=\"wpcf7-response-output\" aria-hidden=\"true\"><\/div>\n<input type=\"hidden\" name=\"trp-form-language\" value=\"es\"\/><\/form>\n<\/div>\n\n\n\n\t\t<\/div>\n\t\t\t\t\t<\/div>\n\n\t\n\n<\/div>\n\n\t\t<\/div>\n\t\t\t\t\t<\/div>\n\n\t\n\n<\/div>\n\n\t\t<\/div>\n\n\t\t\n<style>\n#section_68542598 {\n  padding-top: 30px;\n  padding-bottom: 30px;\n  background-color: rgb(232, 234, 241);\n}\n<\/style>\n\t<\/section>","protected":false},"excerpt":{"rendered":"","protected":false},"author":1,"featured_media":0,"parent":0,"menu_order":0,"comment_status":"closed","ping_status":"closed","template":"page-blank.php","meta":{"footnotes":""},"class_list":["post-79","page","type-page","status-publish","hentry"],"_links":{"self":[{"href":"https:\/\/www.impacttesting.net\/es\/wp-json\/wp\/v2\/pages\/79","targetHints":{"allow":["GET"]}}],"collection":[{"href":"https:\/\/www.impacttesting.net\/es\/wp-json\/wp\/v2\/pages"}],"about":[{"href":"https:\/\/www.impacttesting.net\/es\/wp-json\/wp\/v2\/types\/page"}],"author":[{"embeddable":true,"href":"https:\/\/www.impacttesting.net\/es\/wp-json\/wp\/v2\/users\/1"}],"replies":[{"embeddable":true,"href":"https:\/\/www.impacttesting.net\/es\/wp-json\/wp\/v2\/comments?post=79"}],"version-history":[{"count":2,"href":"https:\/\/www.impacttesting.net\/es\/wp-json\/wp\/v2\/pages\/79\/revisions"}],"predecessor-version":[{"id":84,"href":"https:\/\/www.impacttesting.net\/es\/wp-json\/wp\/v2\/pages\/79\/revisions\/84"}],"wp:attachment":[{"href":"https:\/\/www.impacttesting.net\/es\/wp-json\/wp\/v2\/media?parent=79"}],"curies":[{"name":"wp","href":"https:\/\/api.w.org\/{rel}","templated":true}]}}