{"id":74,"date":"2025-12-24T06:33:06","date_gmt":"2025-12-24T06:33:06","guid":{"rendered":"https:\/\/www.impacttesting.net\/?page_id=74"},"modified":"2025-12-24T06:33:06","modified_gmt":"2025-12-24T06:33:06","slug":"ball-drop-tester","status":"publish","type":"page","link":"https:\/\/www.impacttesting.net\/es\/ball-drop-tester\/","title":{"rendered":"FBT-01 Comprobador de ca\u00eddas de bolas"},"content":{"rendered":"<section class=\"section\" id=\"section_340936234\">\n\t\t<div class=\"bg section-bg fill bg-fill  bg-loaded\" >\n\n\t\t\t\n\t\t\t\n\t\t\t\n\n\t\t<\/div>\n\n\t\t\n\n\t\t<div class=\"section-content relative\">\n\t\t\t\n\n<div class=\"row\"  id=\"row-721326075\">\n\n\n\t<div id=\"col-2135694553\" class=\"col small-12 large-12\"  >\n\t\t\t\t<div class=\"col-inner\" style=\"background-color:rgb(92, 171, 188);\" >\n\t\t\t\n\t\t\t\n\n<div class=\"row\"  id=\"row-1598497575\">\n\n\n\t<div id=\"col-1015090134\" class=\"col small-12 large-12\"  >\n\t\t\t\t<div class=\"col-inner\"  >\n\t\t\t\n\t\t\t\n\n\t<div id=\"text-3363016799\" class=\"text\">\n\t\t\n\n<h1>FBT-01 Comprobador de ca\u00eddas de bolas<\/h1>\n\t\t\n<style>\n#text-3363016799 {\n  font-size: 1.5rem;\n  text-align: center;\n}\n<\/style>\n\t<\/div>\n\t\n\n\t\t<\/div>\n\t\t\t\t\n<style>\n#col-1015090134 > .col-inner {\n  padding: 50px 10px 10px 10px;\n}\n<\/style>\n\t<\/div>\n\n\t\n\n<\/div>\n<div class=\"row align-middle align-center\"  id=\"row-1496664864\">\n\n\n\t<div id=\"col-859129460\" class=\"col medium-11 small-12 large-11\"  >\n\t\t\t\t<div class=\"col-inner\"  >\n\t\t\t\n\t\t\t\n\n<div class=\"row align-middle align-center\"  id=\"row-1565685181\">\n\n\n\t<div id=\"col-1651735908\" class=\"col medium-7 small-12 large-7\"  >\n\t\t\t\t<div class=\"col-inner\"  >\n\t\t\t\n\t\t\t\n\n<div class=\"row\"  id=\"row-1031069032\">\n\n\n\t<div id=\"col-274293522\" class=\"col small-12 large-12\"  >\n\t\t\t\t<div class=\"col-inner text-center\"  >\n\t\t\t\n\t\t\t\n\n\t<div id=\"text-1247266830\" class=\"text\">\n\t\t\n\n<p>En <a href=\"https:\/\/www.impacttesting.net\/es\/ball-drop-tester\/\"><strong>probador de ca\u00edda de bola<\/strong><\/a> es un instrumento esencial utilizado para evaluar la resistencia al impacto de materiales como l\u00e1minas de pl\u00e1stico, pel\u00edculas y gafas de protecci\u00f3n. Esta prueba es crucial en sectores como el envasado, la automoci\u00f3n y la fabricaci\u00f3n de equipos de seguridad, ya que garantiza que los materiales puedan soportar fuerzas externas sin sufrir da\u00f1os significativos.<\/p>\n\t\t\n<style>\n#text-1247266830 {\n  color: rgb(0, 0, 0);\n}\n#text-1247266830 > * {\n  color: rgb(0, 0, 0);\n}\n<\/style>\n\t<\/div>\n\t\n\n\t\t<\/div>\n\t\t\t\t\t<\/div>\n\n\t\n\n\t<div id=\"col-1436446341\" class=\"col small-12 large-12\"  >\n\t\t\t\t<div class=\"col-inner text-center\"  >\n\t\t\t\n\t\t\t\n\n<a href=\"https:\/\/www.impacttesting.net\/es\/contact-us\/\" class=\"button primary is-outline\"  style=\"border-radius:99px;\">\n    <span>Contacte con nosotros<\/span>\n  <i class=\"icon-chat\" aria-hidden=\"true\" ><\/i><\/a>\n\n\n\n\t\t<\/div>\n\t\t\t\t\t<\/div>\n\n\t\n\n<\/div>\n\n\t\t<\/div>\n\t\t\t\t\t<\/div>\n\n\t\n\n\t<div id=\"col-746823122\" class=\"col medium-3 small-12 large-3\"  >\n\t\t\t\t<div class=\"col-inner\"  >\n\t\t\t\n\t\t\t\n\n<div class=\"row\"  id=\"row-1327170755\">\n\n\n\t<div id=\"col-485961387\" class=\"col small-12 large-12\"  >\n\t\t\t\t<div class=\"col-inner text-center\"  >\n\t\t\t\n\t\t\t\n\n\t<div class=\"img has-hover x md-x lg-x y md-y lg-y\" id=\"image_1030208050\">\n\t\t\t\t\t\t\t\t<div class=\"img-inner dark\" >\n\t\t\t<img decoding=\"async\" width=\"318\" height=\"800\" src=\"https:\/\/www.impacttesting.net\/wp-content\/uploads\/2025\/12\/Ball-Drop-Tester-Ball-Impact-Test-for-Safety-Glasses-318x800.webp\" class=\"attachment-large size-large\" alt=\"Ensayo de ca\u00edda de bola - Ensayo de impacto de bola para gafas de seguridad\" srcset=\"https:\/\/www.impacttesting.net\/wp-content\/uploads\/2025\/12\/Ball-Drop-Tester-Ball-Impact-Test-for-Safety-Glasses-318x800.webp 318w, https:\/\/www.impacttesting.net\/wp-content\/uploads\/2025\/12\/Ball-Drop-Tester-Ball-Impact-Test-for-Safety-Glasses-159x400.webp 159w, https:\/\/www.impacttesting.net\/wp-content\/uploads\/2025\/12\/Ball-Drop-Tester-Ball-Impact-Test-for-Safety-Glasses-768x1934.webp 768w, https:\/\/www.impacttesting.net\/wp-content\/uploads\/2025\/12\/Ball-Drop-Tester-Ball-Impact-Test-for-Safety-Glasses-610x1536.webp 610w, https:\/\/www.impacttesting.net\/wp-content\/uploads\/2025\/12\/Ball-Drop-Tester-Ball-Impact-Test-for-Safety-Glasses-813x2048.webp 813w, https:\/\/www.impacttesting.net\/wp-content\/uploads\/2025\/12\/Ball-Drop-Tester-Ball-Impact-Test-for-Safety-Glasses-scaled.webp 1017w\" sizes=\"(max-width: 318px) 100vw, 318px\" \/>\t\t\t\t\t\t\n\t\t\t\t\t<\/div>\n\t\t\t\t\t\t\t\t\n<style>\n#image_1030208050 {\n  width: 80%;\n}\n<\/style>\n\t<\/div>\n\t\n\n\n\t\t<\/div>\n\t\t\t\t\t<\/div>\n\n\t\n\n<\/div>\n\n\t\t<\/div>\n\t\t\t\t\t<\/div>\n\n\t\n\n<\/div>\n\n\t\t<\/div>\n\t\t\t\t\t<\/div>\n\n\t\n\n<\/div>\n\n\t\t<\/div>\n\t\t\t\t\t<\/div>\n\n\t\n\n\n<style>\n#row-721326075 > .col > .col-inner {\n  border-radius: 25px;\n}\n<\/style>\n<\/div>\n\n\t\t<\/div>\n\n\t\t\n<style>\n#section_340936234 {\n  padding-top: 30px;\n  padding-bottom: 30px;\n}\n<\/style>\n\t<\/section>\n\t\n\t<section class=\"section\" id=\"section_910602389\">\n\t\t<div class=\"bg section-bg fill bg-fill  bg-loaded\" >\n\n\t\t\t\n\t\t\t\n\t\t\t\n\n\t\t<\/div>\n\n\t\t\n\n\t\t<div class=\"section-content relative\">\n\t\t\t\n\n<div class=\"row\"  id=\"row-1092273557\">\n\n\n\t<div id=\"col-1696472118\" class=\"col small-12 large-12\"  >\n\t\t\t\t<div class=\"col-inner\"  >\n\t\t\t\n\t\t\t\n\n<div class=\"row\"  id=\"row-1294821460\">\n\n\n\t<div id=\"col-336245185\" class=\"col small-12 large-12\"  >\n\t\t\t\t<div class=\"col-inner\"  >\n\t\t\t\n\t\t\t\n\n<div class=\"row align-middle align-center\"  id=\"row-1424229869\">\n\n\n\t<div id=\"col-151460688\" class=\"col medium-5 small-12 large-5\"  >\n\t\t\t\t<div class=\"col-inner text-center\"  >\n\t\t\t\n\t\t\t\n\n\t<div class=\"img has-hover x md-x lg-x y md-y lg-y\" id=\"image_590170957\">\n\t\t\t\t\t\t\t\t<div class=\"img-inner dark\" >\n\t\t\t<img decoding=\"async\" width=\"600\" height=\"720\" src=\"https:\/\/www.impacttesting.net\/wp-content\/uploads\/2025\/12\/Ball-Drop-Tester.webp\" class=\"attachment-large size-large\" alt=\"Probador de ca\u00eddas de bolas\" srcset=\"https:\/\/www.impacttesting.net\/wp-content\/uploads\/2025\/12\/Ball-Drop-Tester.webp 600w, https:\/\/www.impacttesting.net\/wp-content\/uploads\/2025\/12\/Ball-Drop-Tester-333x400.webp 333w\" sizes=\"(max-width: 600px) 100vw, 600px\" \/>\t\t\t\t\t\t\n\t\t\t\t\t<\/div>\n\t\t\t\t\t\t\t\t\n<style>\n#image_590170957 {\n  width: 100%;\n}\n<\/style>\n\t<\/div>\n\t\n\n\n\t\t<\/div>\n\t\t\t\t\t<\/div>\n\n\t\n\n\t<div id=\"col-1574050193\" class=\"col medium-7 small-12 large-7\"  >\n\t\t\t\t<div class=\"col-inner text-left\"  >\n\t\t\t\n\t\t\t\n\n\t<div id=\"text-118245446\" class=\"text\">\n\t\t\n\n<h2>Comprender el comprobador de ca\u00edda de bola<\/h2>\n\t\t\n<style>\n#text-118245446 {\n  font-size: 1.3rem;\n  text-align: left;\n}\n<\/style>\n\t<\/div>\n\t\n<p>El dispositivo funciona dejando caer una bola de acero de una masa y un di\u00e1metro especificados desde una altura predeterminada sobre la muestra de ensayo. Se analiza el grado de da\u00f1o o deformaci\u00f3n para evaluar la resistencia al impacto. Este ensayo es especialmente importante para cumplir normas de seguridad como las siguientes <strong><a href=\"https:\/\/www.impacttesting.net\/es\/ansi-z87-1\/\">ANSI Z87.1<\/a> prueba de impacto<\/strong>.<\/p>\n<a href=\"https:\/\/www.impacttesting.net\/es\/contact-us\/\" class=\"button primary is-outline\"  style=\"border-radius:99px;\">\n    <span>Contacte con nosotros<\/span>\n  <\/a>\n\n\n\n\t\t<\/div>\n\t\t\t\t\t<\/div>\n\n\t\n\n<\/div>\n\n\t\t<\/div>\n\t\t\t\t\t<\/div>\n\n\t\n\n<\/div>\n\n\t\t<\/div>\n\t\t\t\t\t<\/div>\n\n\t\n\n<\/div>\n<div class=\"row\"  id=\"row-729624558\">\n\n\n\t<div id=\"col-499278779\" class=\"col small-12 large-12\"  >\n\t\t\t\t<div class=\"col-inner\"  >\n\t\t\t\n\t\t\t\n\n<div class=\"row\"  id=\"row-327574693\">\n\n\n\t<div id=\"col-841168602\" class=\"col small-12 large-12\"  >\n\t\t\t\t<div class=\"col-inner\"  >\n\t\t\t\n\t\t\t\n\n\t<div id=\"text-3702789444\" class=\"text\">\n\t\t\n\n<h2>Prueba de impacto ANSI Z87.1: Requisitos clave<\/h2>\n\t\t\n<style>\n#text-3702789444 {\n  font-size: 1.3rem;\n  text-align: center;\n}\n<\/style>\n\t<\/div>\n\t\n\n\t\t<\/div>\n\t\t\t\t\t<\/div>\n\n\t\n\n<\/div>\n<div class=\"row align-middle align-center\"  id=\"row-354826746\">\n\n\n\t<div id=\"col-92101003\" class=\"col medium-7 small-12 large-7\"  >\n\t\t\t\t<div class=\"col-inner\"  >\n\t\t\t\n\t\t\t\n\n<p>En <strong>Prueba de impacto ANSI Z87.1<\/strong> es un m\u00e9todo normalizado dise\u00f1ado para evaluar la resistencia al impacto de las gafas de protecci\u00f3n. El objetivo de esta prueba es garantizar que las gafas de seguridad, las gafas protectoras y los protectores faciales cumplen los requisitos m\u00ednimos de seguridad para proteger a los usuarios de proyectiles de alta velocidad.<\/p>\n<h3>Aparatos de ensayo y montaje<\/h3>\n<ul>\n<li>Se utiliza un cabezal r\u00edgido para sujetar la muestra de ensayo en posici\u00f3n boca arriba.<\/li>\n<li>A <strong>Bola de acero de 25,4 mm (1,0 pulg.) de di\u00e1metro<\/strong>pesando <strong>68 g (2,4 oz)<\/strong>sirve de proyectil.<\/li>\n<li>La bola de acero se suelta de un <strong>altura de 127 cm<\/strong> a trav\u00e9s de un tubo guiado.<\/li>\n<li>La base de la forma de cabeza tiene una masa de al menos <strong>30 kg (66 lb)<\/strong> para garantizar la estabilidad durante las pruebas.<\/li>\n<\/ul>\n<h3>Procedimiento de ensayo<\/h3>\n<ol>\n<li>El esp\u00e9cimen de ensayo se monta de forma segura en la cabeza, imitando las condiciones de uso del mundo real.<\/li>\n<li>Se coloca un bloque de apoyo detr\u00e1s de la muestra para mantener una alineaci\u00f3n adecuada.<\/li>\n<li>La bola de acero se deja caer sobre la lente o la superficie del material en l\u00ednea con la zona ocular.<\/li>\n<li>La prueba se repite cuatro veces en diferentes puntos de la lente para mayor precisi\u00f3n.<\/li>\n<li>Los da\u00f1os por impacto se analizan para determinar si el material cumple los criterios de seguridad.<\/li>\n<\/ol>\n\n\t\t<\/div>\n\t\t\t\t\t<\/div>\n\n\t\n\n\t<div id=\"col-974587490\" class=\"col medium-4 small-12 large-4\"  >\n\t\t\t\t<div class=\"col-inner\"  >\n\t\t\t\n\t\t\t\n\n<div class=\"video video-fit mb\" style=\"padding-top:200%;\"><iframe title=\"M\u00e1quina de impacto de ca\u00edda de bola para pel\u00edculas y l\u00e1minas de pl\u00e1stico\" width=\"563\" height=\"1000\" src=\"https:\/\/www.youtube.com\/embed\/AvdivZPwIxc?feature=oembed\" frameborder=\"0\" allow=\"accelerometer; autoplay; clipboard-write; encrypted-media; gyroscope; picture-in-picture; web-share\" referrerpolicy=\"strict-origin-when-cross-origin\" allowfullscreen><\/iframe><\/div>\n\n\n\t\t<\/div>\n\t\t\t\t\t<\/div>\n\n\t\n\n<\/div>\n\n\t\t<\/div>\n\t\t\t\t\t<\/div>\n\n\t\n\n<\/div>\n<div class=\"row\"  id=\"row-214041262\">\n\n\n\t<div id=\"col-1377489638\" class=\"col small-12 large-12\"  >\n\t\t\t\t<div class=\"col-inner\"  >\n\t\t\t\n\t\t\t\n\n<div class=\"row\"  id=\"row-234809818\">\n\n\n\t<div id=\"col-522969356\" class=\"col small-12 large-12\"  >\n\t\t\t\t<div class=\"col-inner\"  >\n\t\t\t\n\t\t\t\n\n\t<div id=\"text-2174270400\" class=\"text\">\n\t\t\n\n<h2>FBT-01 Comprobador de impacto de dardos en ca\u00edda<\/h2>\n\t\t\n<style>\n#text-2174270400 {\n  font-size: 1.3rem;\n  text-align: center;\n}\n<\/style>\n\t<\/div>\n\t\n\n\t\t<\/div>\n\t\t\t\t\t<\/div>\n\n\t\n\n<\/div>\n<div class=\"row align-middle align-center\"  id=\"row-800181930\">\n\n\n\t<div id=\"col-879773857\" class=\"col medium-6 small-12 large-6\"  >\n\t\t\t\t<div class=\"col-inner\"  >\n\t\t\t\n\t\t\t\n\n<h3>Caracter\u00edsticas principales:<\/h3>\n<ul>\n<li><strong>Altura de impacto ajustable<\/strong> para escenarios de pruebas personalizados<\/li>\n<li><strong>M\u00faltiples opciones de tama\u00f1o de bola<\/strong> para diversas aplicaciones de ensayo<\/li>\n<li><strong>Suspensi\u00f3n electromagn\u00e9tica de bolas<\/strong> para una sincronizaci\u00f3n precisa de la liberaci\u00f3n<\/li>\n<li><strong>Sujeci\u00f3n neum\u00e1tica de muestras<\/strong> para un posicionamiento seguro de las muestras<\/li>\n<li><strong>Visualizaci\u00f3n del resultado de varias unidades<\/strong> para facilitar la interpretaci\u00f3n de los datos<\/li>\n<li><strong>Microimpresora integrada<\/strong> para la documentaci\u00f3n de resultados in situ<\/li>\n<li><strong>Software profesional opcional<\/strong> para el an\u00e1lisis avanzado de datos<\/li>\n<\/ul>\n\n\t\t<\/div>\n\t\t\t\t\t<\/div>\n\n\t\n\n\t<div id=\"col-850481699\" class=\"col medium-6 small-12 large-6\"  >\n\t\t\t\t<div class=\"col-inner\"  >\n\t\t\t\n\t\t\t\n\n<h3>Especificaciones t\u00e9cnicas:<\/h3>\n<ul>\n<li><strong>Altura de impacto<\/strong>: Ajustable de 300 mm a 600 mm (extensible seg\u00fan sea necesario)<\/li>\n<li><strong>Di\u00e1metros de bola<\/strong>: 23 mm, 25 mm, 28,6 mm, 38,1 mm, 50,8 mm<\/li>\n<li><strong>Precisi\u00f3n<\/strong>: 0,1g (0,1J)<\/li>\n<li><strong>Tama\u00f1o de la muestra<\/strong>: M\u00ednimo 150 mm x 150 mm<\/li>\n<li><strong>Suministro de gas<\/strong>: 0,6 MPa Tubo PU (\u03a68 mm)<\/li>\n<li><strong>Fuente de alimentaci\u00f3n<\/strong>: CA 110~220V, 50Hz<\/li>\n<\/ul>\n\n\t\t<\/div>\n\t\t\t\t\t<\/div>\n\n\t\n\n<\/div>\n\n\t\t<\/div>\n\t\t\t\t\t<\/div>\n\n\t\n\n<\/div>\n<div class=\"row\"  id=\"row-871113338\">\n\n\n\t<div id=\"col-541586495\" class=\"col small-12 large-12\"  >\n\t\t\t\t<div class=\"col-inner\"  >\n\t\t\t\n\t\t\t\n\n<div class=\"row\"  id=\"row-170601309\">\n\n\n\t<div id=\"col-151492558\" class=\"col small-12 large-12\"  >\n\t\t\t\t<div class=\"col-inner\"  >\n\t\t\t\n\t\t\t\n\n\t<div id=\"text-3451761595\" class=\"text\">\n\t\t\n\n<h2>Ensayo de impacto de pelota: Factores que afectan a los resultados<\/h2>\n\t\t\n<style>\n#text-3451761595 {\n  font-size: 1.3rem;\n  text-align: center;\n}\n<\/style>\n\t<\/div>\n\t\n\n\t\t<\/div>\n\t\t\t\t\t<\/div>\n\n\t\n\n\t<div id=\"col-760349459\" class=\"col small-12 large-12\"  >\n\t\t\t\t<div class=\"col-inner\"  >\n\t\t\t\n\t\t\t\n\n<p>El ensayo de impacto de pelota mide la resistencia de los materiales al contacto con un objeto que cae. Varios factores influyen en los resultados del ensayo:<\/p>\n<h4>1. Altura de ca\u00edda<\/h4>\n<p>Las alturas de ca\u00edda m\u00e1s elevadas generan una mayor energ\u00eda de impacto, simulando escenarios m\u00e1s extremos del mundo real.<\/p>\n<h4>2. Tama\u00f1o y masa de la bola<\/h4>\n<p>Las bolas m\u00e1s grandes y pesadas ejercen mayor fuerza en el impacto, lo que influye en el grado de deformaci\u00f3n o rotura de un material.<\/p>\n<h4>3. Propiedades de los materiales<\/h4>\n<p>La dureza, el grosor y la elasticidad contribuyen a la forma en que un material absorbe y dispersa la energ\u00eda del impacto.<\/p>\n\n\t\t<\/div>\n\t\t\t\t\t<\/div>\n\n\t\n\n<\/div>\n\n\t\t<\/div>\n\t\t\t\t\t<\/div>\n\n\t\n\n<\/div>\n\n\t\t<\/div>\n\n\t\t\n<style>\n#section_910602389 {\n  padding-top: 30px;\n  padding-bottom: 30px;\n}\n<\/style>\n\t<\/section>\n\t\n\t<section class=\"section\" id=\"section_471819036\">\n\t\t<div class=\"bg section-bg fill bg-fill  bg-loaded\" >\n\n\t\t\t\n\t\t\t\n\t\t\t\n\n\t\t<\/div>\n\n\t\t\n\n\t\t<div class=\"section-content relative\">\n\t\t\t\n\n<div class=\"row\"  id=\"row-1121356135\">\n\n\n\t<div id=\"col-1248712254\" class=\"col small-12 large-12\"  >\n\t\t\t\t<div class=\"col-inner\"  >\n\t\t\t\n\t\t\t\n\n<div class=\"row align-equal align-center\"  id=\"row-1932531944\">\n\n\n\t<div id=\"col-1719159830\" class=\"col small-12 large-12\"  >\n\t\t\t\t<div class=\"col-inner\"  >\n\t\t\t\n\t\t\t\n\n\t<div id=\"text-1579769737\" class=\"text\">\n\t\t\n\n<h2>Por qu\u00e9 elegir Impacttesting.net<br \/>FBT-01 Comprobador de ca\u00eddas de bolas<\/h2>\n\t\t\n<style>\n#text-1579769737 {\n  font-size: 1.4rem;\n  text-align: center;\n}\n<\/style>\n\t<\/div>\n\t\n\n\t\t<\/div>\n\t\t\t\t\t<\/div>\n\n\t\n\n\t<div id=\"col-1465710041\" class=\"col medium-6 small-12 large-6\"  >\n\t\t\t\t<div class=\"col-inner text-center\"  >\n\t\t\t\n\t\t\t\n\n\t<div id=\"text-3339516886\" class=\"text\">\n\t\t\n\n<p>En <strong>probador de ca\u00edda de bola<\/strong> es una herramienta fundamental para los fabricantes y los profesionales del control de calidad. Ayuda a garantizar que los materiales cumplen los requisitos de resistencia a impactos, proporcionando confianza en la durabilidad del producto y la seguridad del usuario. Tanto si se ensayan gafas de protecci\u00f3n bajo <a href=\"https:\/\/www.impacttesting.net\/es\/ansi-z87-1\/\"><strong>Normas ANSI Z87.1<\/strong><\/a> o la realizaci\u00f3n de <strong>pruebas de impacto de pelotas<\/strong>Este m\u00e9todo desempe\u00f1a un papel fundamental en la evaluaci\u00f3n del rendimiento de los materiales.<\/p>\n\t\t\n<style>\n#text-3339516886 {\n  font-size: 1.1rem;\n  line-height: 2;\n}\n<\/style>\n\t<\/div>\n\t\n<a href=\"https:\/\/www.impacttesting.net\/es\/contact-us\/\" class=\"button primary is-outline\"  style=\"border-radius:99px;\">\n    <span>Contacte con nosotros<\/span>\n  <i class=\"icon-chat\" aria-hidden=\"true\" ><\/i><\/a>\n\n\n\n\t\t<\/div>\n\t\t\t\t\t<\/div>\n\n\t\n\n\t<div id=\"col-744970764\" class=\"col medium-4 small-12 large-4\"  >\n\t\t\t\t<div class=\"col-inner text-center\"  >\n\t\t\t\n\t\t\t\n\n\n<div class=\"wpcf7 no-js\" id=\"wpcf7-f10-o1\" lang=\"en-US\" dir=\"ltr\" data-wpcf7-id=\"10\">\n<div class=\"screen-reader-response\"><p role=\"status\" aria-live=\"polite\" aria-atomic=\"true\"><\/p> <ul><\/ul><\/div>\n<form action=\"\/es\/wp-json\/wp\/v2\/pages\/74#wpcf7-f10-o1\" method=\"post\" class=\"wpcf7-form init\" aria-label=\"Formulario de contacto\" novalidate=\"novalidate\" data-status=\"init\" data-trp-original-action=\"\/es\/wp-json\/wp\/v2\/pages\/74#wpcf7-f10-o1\">\n<fieldset class=\"hidden-fields-container\"><input type=\"hidden\" name=\"_wpcf7\" value=\"10\" \/><input type=\"hidden\" name=\"_wpcf7_version\" value=\"6.1.4\" \/><input type=\"hidden\" name=\"_wpcf7_locale\" value=\"en_US\" \/><input type=\"hidden\" name=\"_wpcf7_unit_tag\" value=\"wpcf7-f10-o1\" \/><input type=\"hidden\" name=\"_wpcf7_container_post\" value=\"0\" \/><input type=\"hidden\" name=\"_wpcf7_posted_data_hash\" value=\"\" \/><input type=\"hidden\" name=\"_wpcf7_recaptcha_response\" value=\"\" \/>\n<\/fieldset>\n<p><span class=\"wpcf7-form-control-wrap\" data-name=\"Name\"><input size=\"40\" maxlength=\"400\" class=\"wpcf7-form-control wpcf7-text\" aria-invalid=\"false\" placeholder=\"Su nombre\" value=\"\" type=\"text\" name=\"Name\" \/><\/span><br \/>\n<span class=\"wpcf7-form-control-wrap\" data-name=\"Comapany\"><input size=\"40\" maxlength=\"400\" class=\"wpcf7-form-control wpcf7-text\" aria-invalid=\"false\" placeholder=\"Su empresa\" value=\"\" type=\"text\" name=\"Comapany\" \/><\/span><br \/>\n<span class=\"wpcf7-form-control-wrap\" data-name=\"Email\"><input size=\"40\" maxlength=\"400\" class=\"wpcf7-form-control wpcf7-email wpcf7-validates-as-required wpcf7-text wpcf7-validates-as-email\" aria-required=\"true\" aria-invalid=\"false\" placeholder=\"Su correo electr\u00f3nico\" value=\"\" type=\"email\" name=\"Email\" \/><\/span><br \/>\n<span class=\"wpcf7-form-control-wrap\" data-name=\"Message\"><textarea cols=\"40\" rows=\"10\" maxlength=\"2000\" class=\"wpcf7-form-control wpcf7-textarea\" aria-invalid=\"false\" placeholder=\"Mensaje\" name=\"Message\"><\/textarea><\/span>\n<\/p>\n<p><input class=\"wpcf7-form-control wpcf7-submit has-spinner\" type=\"submit\" value=\"Enviar\" \/>\n<\/p><div class=\"wpcf7-response-output\" aria-hidden=\"true\"><\/div>\n<input type=\"hidden\" name=\"trp-form-language\" value=\"es\"\/><\/form>\n<\/div>\n\n\n\n\t\t<\/div>\n\t\t\t\t\t<\/div>\n\n\t\n\n<\/div>\n\n\t\t<\/div>\n\t\t\t\t\t<\/div>\n\n\t\n\n<\/div>\n\n\t\t<\/div>\n\n\t\t\n<style>\n#section_471819036 {\n  padding-top: 30px;\n  padding-bottom: 30px;\n  background-color: rgb(232, 234, 241);\n}\n<\/style>\n\t<\/section>","protected":false},"excerpt":{"rendered":"","protected":false},"author":1,"featured_media":0,"parent":0,"menu_order":0,"comment_status":"closed","ping_status":"closed","template":"page-blank.php","meta":{"footnotes":""},"class_list":["post-74","page","type-page","status-publish","hentry"],"_links":{"self":[{"href":"https:\/\/www.impacttesting.net\/es\/wp-json\/wp\/v2\/pages\/74","targetHints":{"allow":["GET"]}}],"collection":[{"href":"https:\/\/www.impacttesting.net\/es\/wp-json\/wp\/v2\/pages"}],"about":[{"href":"https:\/\/www.impacttesting.net\/es\/wp-json\/wp\/v2\/types\/page"}],"author":[{"embeddable":true,"href":"https:\/\/www.impacttesting.net\/es\/wp-json\/wp\/v2\/users\/1"}],"replies":[{"embeddable":true,"href":"https:\/\/www.impacttesting.net\/es\/wp-json\/wp\/v2\/comments?post=74"}],"version-history":[{"count":2,"href":"https:\/\/www.impacttesting.net\/es\/wp-json\/wp\/v2\/pages\/74\/revisions"}],"predecessor-version":[{"id":78,"href":"https:\/\/www.impacttesting.net\/es\/wp-json\/wp\/v2\/pages\/74\/revisions\/78"}],"wp:attachment":[{"href":"https:\/\/www.impacttesting.net\/es\/wp-json\/wp\/v2\/media?parent=74"}],"curies":[{"name":"wp","href":"https:\/\/api.w.org\/{rel}","templated":true}]}}