{"id":66,"date":"2025-12-24T05:51:29","date_gmt":"2025-12-24T05:51:29","guid":{"rendered":"https:\/\/www.impacttesting.net\/?page_id=66"},"modified":"2025-12-24T05:51:29","modified_gmt":"2025-12-24T05:51:29","slug":"astm-d1709","status":"publish","type":"page","link":"https:\/\/www.impacttesting.net\/es\/astm-d1709\/","title":{"rendered":"ASTM D1709"},"content":{"rendered":"<section class=\"section\" id=\"section_258324410\">\n\t\t<div class=\"bg section-bg fill bg-fill  bg-loaded\" >\n\n\t\t\t\n\t\t\t\n\t\t\t\n\n\t\t<\/div>\n\n\t\t\n\n\t\t<div class=\"section-content relative\">\n\t\t\t\n\n<div class=\"row\"  id=\"row-843382909\">\n\n\n\t<div id=\"col-1112535241\" class=\"col small-12 large-12\"  >\n\t\t\t\t<div class=\"col-inner\" style=\"background-color:rgb(92, 171, 188);\" >\n\t\t\t\n\t\t\t\n\n<div class=\"row\"  id=\"row-893677842\">\n\n\n\t<div id=\"col-1744875905\" class=\"col small-12 large-12\"  >\n\t\t\t\t<div class=\"col-inner\"  >\n\t\t\t\n\t\t\t\n\n\t<div id=\"text-2778448354\" class=\"text\">\n\t\t\n\n<h1>ASTM D1709<\/h1>\n\t\t\n<style>\n#text-2778448354 {\n  font-size: 1.5rem;\n  text-align: center;\n}\n<\/style>\n\t<\/div>\n\t\n\t<div id=\"text-3573353301\" class=\"text\">\n\t\t\n\n<h2>M\u00e9todo de ensayo de ca\u00edda de dardos para pel\u00edculas de pl\u00e1stico<\/h2>\n\t\t\n<style>\n#text-3573353301 {\n  text-align: center;\n}\n<\/style>\n\t<\/div>\n\t\n\n\t\t<\/div>\n\t\t\t\t\n<style>\n#col-1744875905 > .col-inner {\n  padding: 50px 10px 10px 10px;\n}\n<\/style>\n\t<\/div>\n\n\t\n\n<\/div>\n<div class=\"row align-middle align-center\"  id=\"row-640080603\">\n\n\n\t<div id=\"col-2142795194\" class=\"col medium-11 small-12 large-11\"  >\n\t\t\t\t<div class=\"col-inner\"  >\n\t\t\t\n\t\t\t\n\n<div class=\"row align-center\"  id=\"row-1794159460\">\n\n\n\t<div id=\"col-356037782\" class=\"col medium-7 small-12 large-7\"  >\n\t\t\t\t<div class=\"col-inner\"  >\n\t\t\t\n\t\t\t\n\n<div class=\"row\"  id=\"row-1347125490\">\n\n\n\t<div id=\"col-1137655864\" class=\"col small-12 large-12\"  >\n\t\t\t\t<div class=\"col-inner text-center\"  >\n\t\t\t\n\t\t\t\n\n\t<div id=\"text-857090562\" class=\"text\">\n\t\t\n\n<p>En <strong>Prueba de ca\u00edda de dardo ASTM D1709<\/strong> es un m\u00e9todo crucial para evaluar la resistencia al impacto de las pel\u00edculas de pl\u00e1stico y materiales similares. Siguiendo los procedimientos est\u00e1ndar, seleccionando el m\u00e9todo de ensayo adecuado y utilizando equipos fiables como el <strong>FDT-01 de Impacttesting.net<\/strong>puede garantizar una calidad constante y el cumplimiento de las normas del sector.<\/p>\n\t\t\n<style>\n#text-857090562 {\n  color: rgb(0, 0, 0);\n}\n#text-857090562 > * {\n  color: rgb(0, 0, 0);\n}\n<\/style>\n\t<\/div>\n\t\n\n\t\t<\/div>\n\t\t\t\t\t<\/div>\n\n\t\n\n\t<div id=\"col-727798839\" class=\"col small-12 large-12\"  >\n\t\t\t\t<div class=\"col-inner text-center\"  >\n\t\t\t\n\t\t\t\n\n<a href=\"https:\/\/www.impacttesting.net\/es\/contact-us\/\" class=\"button primary is-outline\"  style=\"border-radius:99px;\">\n    <span>Contacte con nosotros<\/span>\n  <i class=\"icon-chat\" aria-hidden=\"true\" ><\/i><\/a>\n\n\n\n\t\t<\/div>\n\t\t\t\t\t<\/div>\n\n\t\n\n<\/div>\n\n\t\t<\/div>\n\t\t\t\t\t<\/div>\n\n\t\n\n\t<div id=\"col-562814402\" class=\"col medium-4 small-12 large-4\"  >\n\t\t\t\t<div class=\"col-inner\"  >\n\t\t\t\n\t\t\t\n\n<div class=\"row\"  id=\"row-644038105\">\n\n\n\t<div id=\"col-284410568\" class=\"col small-12 large-12\"  >\n\t\t\t\t<div class=\"col-inner\"  >\n\t\t\t\n\t\t\t\n\n\t<div class=\"img has-hover x md-x lg-x y md-y lg-y\" id=\"image_1121608671\">\n\t\t\t\t\t\t\t\t<div class=\"img-inner dark\" >\n\t\t\t<img decoding=\"async\" width=\"600\" height=\"440\" src=\"https:\/\/www.impacttesting.net\/wp-content\/uploads\/2025\/12\/ASTM-D1709-Dart-Drop-Test-Method-for-Plastic-Film.webp\" class=\"attachment-large size-large\" alt=\"ASTM D1709 M\u00e9todo de ensayo de ca\u00edda de dardos para pel\u00edculas de pl\u00e1stico\" srcset=\"https:\/\/www.impacttesting.net\/wp-content\/uploads\/2025\/12\/ASTM-D1709-Dart-Drop-Test-Method-for-Plastic-Film.webp 600w, https:\/\/www.impacttesting.net\/wp-content\/uploads\/2025\/12\/ASTM-D1709-Dart-Drop-Test-Method-for-Plastic-Film-545x400.webp 545w\" sizes=\"(max-width: 600px) 100vw, 600px\" \/>\t\t\t\t\t\t\n\t\t\t\t\t<\/div>\n\t\t\t\t\t\t\t\t\n<style>\n#image_1121608671 {\n  width: 100%;\n}\n<\/style>\n\t<\/div>\n\t\n\n\n\t\t<\/div>\n\t\t\t\t\t<\/div>\n\n\t\n\n<\/div>\n\n\t\t<\/div>\n\t\t\t\t\t<\/div>\n\n\t\n\n<\/div>\n\n\t\t<\/div>\n\t\t\t\t\t<\/div>\n\n\t\n\n<\/div>\n\n\t\t<\/div>\n\t\t\t\t\t<\/div>\n\n\t\n\n\n<style>\n#row-843382909 > .col > .col-inner {\n  border-radius: 25px;\n}\n<\/style>\n<\/div>\n\n\t\t<\/div>\n\n\t\t\n<style>\n#section_258324410 {\n  padding-top: 30px;\n  padding-bottom: 30px;\n}\n<\/style>\n\t<\/section>\n\t\n\t<section class=\"section\" id=\"section_81480930\">\n\t\t<div class=\"bg section-bg fill bg-fill  bg-loaded\" >\n\n\t\t\t\n\t\t\t\n\t\t\t\n\n\t\t<\/div>\n\n\t\t\n\n\t\t<div class=\"section-content relative\">\n\t\t\t\n\n<div class=\"row\"  id=\"row-770854486\">\n\n\n\t<div id=\"col-1040908167\" class=\"col small-12 large-12\"  >\n\t\t\t\t<div class=\"col-inner\"  >\n\t\t\t\n\t\t\t\n\n<div class=\"row\"  id=\"row-886131049\">\n\n\n\t<div id=\"col-984820269\" class=\"col small-12 large-12\"  >\n\t\t\t\t<div class=\"col-inner\"  >\n\t\t\t\n\t\t\t\n\n\t<div id=\"text-1881190332\" class=\"text\">\n\t\t\n\n<h2>ASTM D1709 y su importancia<\/h2>\n\t\t\n<style>\n#text-1881190332 {\n  font-size: 1.3rem;\n  text-align: center;\n}\n<\/style>\n\t<\/div>\n\t\n\n\t\t<\/div>\n\t\t\t\t\t<\/div>\n\n\t\n\n\t<div id=\"col-697667454\" class=\"col small-12 large-12\"  >\n\t\t\t\t<div class=\"col-inner\"  >\n\t\t\t\n\t\t\t\n\n<p>En la garant\u00eda de calidad de los materiales de envasado flexibles, en particular las pel\u00edculas de pl\u00e1stico, la norma ASTM D1709 desempe\u00f1a un papel fundamental. Esta norma internacional especifica los <strong>m\u00e9todo de ensayo de ca\u00edda de dardos<\/strong>que eval\u00faa la resistencia al impacto de las pel\u00edculas de pl\u00e1stico determinando la energ\u00eda necesaria para provocar un fallo cuando se deja caer un dardo con peso desde una altura fija. Los resultados son esenciales para garantizar el rendimiento del producto durante el transporte, la manipulaci\u00f3n y el uso. Para los fabricantes, los profesionales del control de calidad y los laboratorios que trabajan con pel\u00edculas de pol\u00edmeros, la comprensi\u00f3n y la aplicaci\u00f3n de la norma ASTM D1709 garantizan el cumplimiento de las normas de rendimiento y la coherencia en la producci\u00f3n.<\/p>\n\n\t\t<\/div>\n\t\t\t\t\t<\/div>\n\n\t\n\n<\/div>\n\n\t\t<\/div>\n\t\t\t\t\t<\/div>\n\n\t\n\n<\/div>\n<div class=\"row\"  id=\"row-1521617112\">\n\n\n\t<div id=\"col-364846399\" class=\"col small-12 large-12\"  >\n\t\t\t\t<div class=\"col-inner\"  >\n\t\t\t\n\t\t\t\n\n<div class=\"row\"  id=\"row-146400330\">\n\n\n\t<div id=\"col-1173806180\" class=\"col small-12 large-12\"  >\n\t\t\t\t<div class=\"col-inner\"  >\n\t\t\t\n\t\t\t\n\n<div class=\"row\"  id=\"row-1236028765\">\n\n\n\t<div id=\"col-1092952715\" class=\"col small-12 large-12\"  >\n\t\t\t\t<div class=\"col-inner\"  >\n\t\t\t\n\t\t\t\n\n\t<div id=\"text-1981588257\" class=\"text\">\n\t\t\n\n<h2>Comprender el m\u00e9todo de ensayo de ca\u00edda de dardos<\/h2>\n\t\t\n<style>\n#text-1981588257 {\n  font-size: 1.3rem;\n  text-align: center;\n}\n<\/style>\n\t<\/div>\n\t\n\n\t\t<\/div>\n\t\t\t\t\t<\/div>\n\n\t\n\n<\/div>\n<div class=\"row align-middle\"  id=\"row-895635101\">\n\n\n\t<div id=\"col-1407784172\" class=\"col medium-7 small-12 large-7\"  >\n\t\t\t\t<div class=\"col-inner\"  >\n\t\t\t\n\t\t\t\n\n<p>En <strong>prueba de ca\u00edda de dardos<\/strong> seg\u00fan se define en la norma ASTM D1709 consiste en dejar caer un dardo de cabeza semiesf\u00e9rica sobre una probeta de pel\u00edcula sujeta con abrazaderas para determinar el peso que provoca el fallo 50% de las probetas ensayadas. La prueba proporciona una medida cuantitativa de la resistencia al impacto.<\/p>\n<p>Existen dos m\u00e9todos de ensayo principales:<\/p>\n<ul>\n<li><strong>M\u00e9todo A<\/strong>: Utiliza un dardo de 38,10 mm de di\u00e1metro lanzado desde 0,66 m.<\/li>\n<li><strong>M\u00e9todo B<\/strong>: Utiliza un dardo de 50,80 mm de di\u00e1metro lanzado desde 1,52 m.<\/li>\n<\/ul>\n<p>Cada m\u00e9todo es adecuado para distintos tipos de pel\u00edcula y umbrales de rendimiento. El m\u00e9todo A es m\u00e1s habitual para las pel\u00edculas m\u00e1s ligeras o finas, mientras que el m\u00e9todo B se utiliza cuando se espera un impacto energ\u00e9tico mayor.<\/p>\n\n\t\t<\/div>\n\t\t\t\t\t<\/div>\n\n\t\n\n\t<div id=\"col-2035160553\" class=\"col medium-5 small-12 large-5\"  >\n\t\t\t\t<div class=\"col-inner\"  >\n\t\t\t\n\t\t\t\n\n\t<div class=\"img has-hover x md-x lg-x y md-y lg-y\" id=\"image_1759665003\">\n\t\t\t\t\t\t\t\t<div class=\"img-inner dark\" >\n\t\t\t<img decoding=\"async\" width=\"600\" height=\"440\" src=\"https:\/\/www.impacttesting.net\/wp-content\/uploads\/2025\/12\/ASTM-D1709-Dart-Drop-Test-Method-for-Plastic-Film.webp\" class=\"attachment-large size-large\" alt=\"ASTM D1709 M\u00e9todo de ensayo de ca\u00edda de dardos para pel\u00edculas de pl\u00e1stico\" srcset=\"https:\/\/www.impacttesting.net\/wp-content\/uploads\/2025\/12\/ASTM-D1709-Dart-Drop-Test-Method-for-Plastic-Film.webp 600w, https:\/\/www.impacttesting.net\/wp-content\/uploads\/2025\/12\/ASTM-D1709-Dart-Drop-Test-Method-for-Plastic-Film-545x400.webp 545w\" sizes=\"(max-width: 600px) 100vw, 600px\" \/>\t\t\t\t\t\t\n\t\t\t\t\t<\/div>\n\t\t\t\t\t\t\t\t\n<style>\n#image_1759665003 {\n  width: 100%;\n}\n<\/style>\n\t<\/div>\n\t\n\n\n\t\t<\/div>\n\t\t\t\t\t<\/div>\n\n\t\n\n<\/div>\n\n\t\t<\/div>\n\t\t\t\t\t<\/div>\n\n\t\n\n<\/div>\n\n\t\t<\/div>\n\t\t\t\t\t<\/div>\n\n\t\n\n<\/div>\n<div class=\"row\"  id=\"row-1046672837\">\n\n\n\t<div id=\"col-948528029\" class=\"col small-12 large-12\"  >\n\t\t\t\t<div class=\"col-inner\"  >\n\t\t\t\n\t\t\t\n\n<div class=\"row\"  id=\"row-164016378\">\n\n\n\t<div id=\"col-878326452\" class=\"col small-12 large-12\"  >\n\t\t\t\t<div class=\"col-inner\"  >\n\t\t\t\n\t\t\t\n\n\t<div id=\"text-2871451852\" class=\"text\">\n\t\t\n\n<h2>Pasos clave del procedimiento de ensayo de impacto de dardos<\/h2>\n\t\t\n<style>\n#text-2871451852 {\n  font-size: 1.3rem;\n  text-align: center;\n}\n<\/style>\n\t<\/div>\n\t\n\n\t\t<\/div>\n\t\t\t\t\t<\/div>\n\n\t\n\n<\/div>\n<div class=\"row\"  id=\"row-208722147\">\n\n\n\t<div id=\"col-315487298\" class=\"col medium-6 small-12 large-6\"  >\n\t\t\t\t<div class=\"col-inner\"  >\n\t\t\t\n\t\t\t\n\n<h3>Preparaci\u00f3n de las muestras de ensayo<\/h3>\n<ul>\n<li><strong>Tama\u00f1o y calidad<\/strong>: Aseg\u00farese de que las muestras son lo suficientemente grandes como para extenderse m\u00e1s all\u00e1 de la abrazadera y de que no presentan defectos visibles como agujeros de alfiler o pliegues.<\/li>\n<li><strong>Muestreo<\/strong>: Tome muestras que sean representativas de todo el lote de producci\u00f3n de la pel\u00edcula.<\/li>\n<li><strong>Acondicionamiento<\/strong>: Acondicionar todas las muestras durante al menos 40 horas a 23 \u00b1 2\u00b0C y 50 \u00b1 10% de humedad relativa antes del ensayo, como se indica en ASTM D618.<\/li>\n<\/ul>\n\n\t\t<\/div>\n\t\t\t\t\t<\/div>\n\n\t\n\n\t<div id=\"col-1886679056\" class=\"col medium-6 small-12 large-6\"  >\n\t\t\t\t<div class=\"col-inner\"  >\n\t\t\t\n\t\t\t\n\n<h3>Configuraci\u00f3n del aparato<\/h3>\n<ul>\n<li>Utilice un comprobador de ca\u00edda de dardos homologado como el <strong>FDT-01 de Impacttesting.net<\/strong>que admite tanto el m\u00e9todo A como el B con mecanismos precisos de liberaci\u00f3n de dardos.<\/li>\n<li>Seleccione e inspeccione la cabeza del dardo para asegurarse de que no presenta ara\u00f1azos ni defectos.<\/li>\n<li>Ajuste con precisi\u00f3n la altura de ca\u00edda en funci\u00f3n del m\u00e9todo de ensayo elegido.<\/li>\n<li>Aseg\u00farese de que el lanzamiento del dardo impacta en el centro de la probeta sujeta y de que no se produce ning\u00fan deslizamiento.<\/li>\n<\/ul>\n\n\t\t<\/div>\n\t\t\t\t\t<\/div>\n\n\t\n\n<\/div>\n<div class=\"row align-middle\"  id=\"row-1822615408\">\n\n\n\t<div id=\"col-1905333236\" class=\"col medium-8 small-12 large-8\"  >\n\t\t\t\t<div class=\"col-inner\"  >\n\t\t\t\n\t\t\t\n\n<h3>T\u00e9cnicas de prueba de ca\u00edda de dardos<\/h3>\n<p>Existen dos t\u00e9cnicas principales de ensayo seg\u00fan la norma ASTM D1709:<\/p>\n<h4>M\u00e9todo de la escalera<\/h4>\n<ul>\n<li>Utilice incrementos de peso uniformes (\u0394W).<\/li>\n<li>Aumentar o disminuir el peso del dardo despu\u00e9s de cada probeta en funci\u00f3n del resultado del fallo.<\/li>\n<li>La prueba contin\u00faa hasta que se obtienen 10 fallos (X) y 10 no fallos (0).<\/li>\n<li>Calcular el peso de fallo (WF) mediante la f\u00f3rmula del m\u00e9todo de la escalera:<br \/><strong>WF = W0 + \u0394W(N\/A - 0.5)<\/strong><br \/>D\u00f3nde:<br \/><strong>W<sub>0<\/sub> <\/strong> es el peso inicial<br \/><strong>\u0394W<\/strong> es el incremento<br \/><strong>N<\/strong> es el total de fallos (10)<br \/><strong>A<\/strong> es la suma de los valores de \u00edndice de las muestras fallidas<\/li>\n<\/ul>\n<h4>M\u00e9todo alternativo<\/h4>\n<ul>\n<li>Utilice un peso de dardo fijo para un grupo de espec\u00edmenes (normalmente 10).<\/li>\n<li>Variar el peso del dardo entre los grupos.<\/li>\n<li>Determinar el umbral de fallo utilizando datos trazados o medias m\u00f3viles.<\/li>\n<\/ul>\n<p>Este enfoque se utiliza a menudo en<strong> control de calidad rutinario<\/strong> para comprobaciones r\u00e1pidas.<\/p>\n\n\t\t<\/div>\n\t\t\t\t\t<\/div>\n\n\t\n\n\t<div id=\"col-1784712934\" class=\"col medium-4 small-12 large-4\"  >\n\t\t\t\t<div class=\"col-inner\"  >\n\t\t\t\n\t\t\t\n\n<div class=\"video video-fit mb\" style=\"padding-top:200%;\"><iframe title=\"M\u00e1quina de impacto de ca\u00edda de bola para pel\u00edculas y l\u00e1minas de pl\u00e1stico\" width=\"563\" height=\"1000\" src=\"https:\/\/www.youtube.com\/embed\/AvdivZPwIxc?feature=oembed\" frameborder=\"0\" allow=\"accelerometer; autoplay; clipboard-write; encrypted-media; gyroscope; picture-in-picture; web-share\" referrerpolicy=\"strict-origin-when-cross-origin\" allowfullscreen><\/iframe><\/div>\n\n\n\t\t<\/div>\n\t\t\t\t\t<\/div>\n\n\t\n\n<\/div>\n\n\t\t<\/div>\n\t\t\t\t\t<\/div>\n\n\t\n\n<\/div>\n<div class=\"row\"  id=\"row-1000802745\">\n\n\n\t<div id=\"col-801276734\" class=\"col small-12 large-12\"  >\n\t\t\t\t<div class=\"col-inner\"  >\n\t\t\t\n\t\t\t\n\n<div class=\"row\"  id=\"row-1318924017\">\n\n\n\t<div id=\"col-293720955\" class=\"col small-12 large-12\"  >\n\t\t\t\t<div class=\"col-inner\"  >\n\t\t\t\n\t\t\t\n\n\t<div id=\"text-3155985688\" class=\"text\">\n\t\t\n\n<h2>Problemas comunes y soluciones<\/h2>\n\t\t\n<style>\n#text-3155985688 {\n  font-size: 1.3rem;\n  text-align: center;\n}\n<\/style>\n\t<\/div>\n\t\n\n\t\t<\/div>\n\t\t\t\t\t<\/div>\n\n\t\n\n\t<div id=\"col-1211248224\" class=\"col small-12 large-12\"  >\n\t\t\t\t<div class=\"col-inner\"  >\n\t\t\t\n\t\t\t\n\n\t<div id=\"text-664186217\" class=\"text\">\n\t\t\n\n<p><strong>Deslizamiento de muestras<\/strong>: Utilice abrazaderas y tratamientos de superficie adecuados (por ejemplo, tela de azafr\u00e1n) para evitar el movimiento durante el impacto.<\/p>\n<p><strong>Resultados incoherentes<\/strong>: Verificar las condiciones ambientales, la alineaci\u00f3n de los dardos y la preparaci\u00f3n de las muestras para garantizar la repetibilidad.<\/p>\n<p><strong>Rebote del dardo<\/strong>: Atrapa siempre el dardo despu\u00e9s de que impacte para evitar contactos m\u00faltiples y posibles da\u00f1os en la superficie.<\/p>\n\t\t\n<style>\n#text-664186217 {\n  text-align: center;\n}\n<\/style>\n\t<\/div>\n\t\n\n\t\t<\/div>\n\t\t\t\t\t<\/div>\n\n\t\n\n<\/div>\n\n\t\t<\/div>\n\t\t\t\t\t<\/div>\n\n\t\n\n<\/div>\n\n\t\t<\/div>\n\n\t\t\n<style>\n#section_81480930 {\n  padding-top: 30px;\n  padding-bottom: 30px;\n}\n<\/style>\n\t<\/section>\n\t\n\t<section class=\"section\" id=\"section_1612289594\">\n\t\t<div class=\"bg section-bg fill bg-fill  bg-loaded\" >\n\n\t\t\t\n\t\t\t\n\t\t\t\n\n\t\t<\/div>\n\n\t\t\n\n\t\t<div class=\"section-content relative\">\n\t\t\t\n\n<div class=\"row\"  id=\"row-1825439094\">\n\n\n\t<div id=\"col-1807259244\" class=\"col small-12 large-12\"  >\n\t\t\t\t<div class=\"col-inner\"  >\n\t\t\t\n\t\t\t\n\n<div class=\"row align-center\"  id=\"row-186742992\">\n\n\n\t<div id=\"col-1629826674\" class=\"col small-12 large-12\"  >\n\t\t\t\t<div class=\"col-inner\"  >\n\t\t\t\n\t\t\t\n\n\t<div id=\"text-1887556430\" class=\"text\">\n\t\t\n\n<h2>Por qu\u00e9 elegir Impacttesting.net<br \/>FDT-01 Comprobador de ca\u00edda de dardos<\/h2>\n\t\t\n<style>\n#text-1887556430 {\n  font-size: 1.4rem;\n  text-align: center;\n}\n<\/style>\n\t<\/div>\n\t\n\n\t\t<\/div>\n\t\t\t\t\t<\/div>\n\n\t\n\n\t<div id=\"col-1202173570\" class=\"col small-12 large-12\"  >\n\t\t\t\t<div class=\"col-inner\"  >\n\t\t\t\n\t\t\t\n\n<p>En <strong>FDT-01 <a href=\"https:\/\/www.impacttesting.net\/es\/falling-dart-impact-tester\/\">Probador de impacto de dardos<\/a><\/strong> de <a href=\"https:\/\/www.impacttesting.net\/es\/\">Impacttesting.net<\/a> est\u00e1 dise\u00f1ado espec\u00edficamente para realizar pruebas precisas y eficaces por <a href=\"https:\/\/www.impacttesting.net\/es\/astm-d1709\/\"><strong>ASTM D1709<\/strong><\/a>. Este instrumento:<\/p>\n\n\t\t<\/div>\n\t\t\t\t\t<\/div>\n\n\t\n\n\t<div id=\"col-1278161849\" class=\"col medium-7 small-12 large-7\"  >\n\t\t\t\t<div class=\"col-inner text-center\"  >\n\t\t\t\n\t\t\t\n\n\t<div id=\"text-3619194619\" class=\"text\">\n\t\t\n\n<p>Admite pruebas de los m\u00e9todos A y B<br \/>Ajuste preciso de la altura de ca\u00edda y liberaci\u00f3n de dardos<br \/>Ofrece control digital y adquisici\u00f3n de datos para un seguimiento fiable de los resultados<br \/>Mejora la productividad con una interfaz intuitiva y una construcci\u00f3n robusta<\/p>\n\t\t\n<style>\n#text-3619194619 {\n  font-size: 1.1rem;\n  line-height: 1.3;\n}\n<\/style>\n\t<\/div>\n\t\n\t<div id=\"text-1559671960\" class=\"text\">\n\t\t\n\n<p>Nuestra experiencia en <strong>pruebas de materiales de envasado<\/strong>combinadas con funciones personalizables y soporte de automatizaci\u00f3n, hacen que la FDT-01 sea perfecta para laboratorios, l\u00edneas de producci\u00f3n y agencias de inspecci\u00f3n.<\/p>\n\t\t\n<style>\n#text-1559671960 {\n  font-size: 1.1rem;\n}\n<\/style>\n\t<\/div>\n\t\n<a href=\"https:\/\/www.impacttesting.net\/es\/contact-us\/\" class=\"button primary is-outline\"  style=\"border-radius:99px;\">\n    <span>Contacte con nosotros<\/span>\n  <i class=\"icon-chat\" aria-hidden=\"true\" ><\/i><\/a>\n\n\n\n\t\t<\/div>\n\t\t\t\t\t<\/div>\n\n\t\n\n\t<div id=\"col-102019568\" class=\"col medium-4 small-12 large-4\"  >\n\t\t\t\t<div class=\"col-inner text-center\"  >\n\t\t\t\n\t\t\t\n\n\n<div class=\"wpcf7 no-js\" id=\"wpcf7-f10-o1\" lang=\"en-US\" dir=\"ltr\" data-wpcf7-id=\"10\">\n<div class=\"screen-reader-response\"><p role=\"status\" aria-live=\"polite\" aria-atomic=\"true\"><\/p> <ul><\/ul><\/div>\n<form action=\"\/es\/wp-json\/wp\/v2\/pages\/66#wpcf7-f10-o1\" method=\"post\" class=\"wpcf7-form init\" aria-label=\"Formulario de contacto\" novalidate=\"novalidate\" data-status=\"init\" data-trp-original-action=\"\/es\/wp-json\/wp\/v2\/pages\/66#wpcf7-f10-o1\">\n<fieldset class=\"hidden-fields-container\"><input type=\"hidden\" name=\"_wpcf7\" value=\"10\" \/><input type=\"hidden\" name=\"_wpcf7_version\" value=\"6.1.4\" \/><input type=\"hidden\" name=\"_wpcf7_locale\" value=\"en_US\" \/><input type=\"hidden\" name=\"_wpcf7_unit_tag\" value=\"wpcf7-f10-o1\" \/><input type=\"hidden\" name=\"_wpcf7_container_post\" value=\"0\" \/><input type=\"hidden\" name=\"_wpcf7_posted_data_hash\" value=\"\" \/><input type=\"hidden\" name=\"_wpcf7_recaptcha_response\" value=\"\" \/>\n<\/fieldset>\n<p><span class=\"wpcf7-form-control-wrap\" data-name=\"Name\"><input size=\"40\" maxlength=\"400\" class=\"wpcf7-form-control wpcf7-text\" aria-invalid=\"false\" placeholder=\"Su nombre\" value=\"\" type=\"text\" name=\"Name\" \/><\/span><br \/>\n<span class=\"wpcf7-form-control-wrap\" data-name=\"Comapany\"><input size=\"40\" maxlength=\"400\" class=\"wpcf7-form-control wpcf7-text\" aria-invalid=\"false\" placeholder=\"Su empresa\" value=\"\" type=\"text\" name=\"Comapany\" \/><\/span><br \/>\n<span class=\"wpcf7-form-control-wrap\" data-name=\"Email\"><input size=\"40\" maxlength=\"400\" class=\"wpcf7-form-control wpcf7-email wpcf7-validates-as-required wpcf7-text wpcf7-validates-as-email\" aria-required=\"true\" aria-invalid=\"false\" placeholder=\"Su correo electr\u00f3nico\" value=\"\" type=\"email\" name=\"Email\" \/><\/span><br \/>\n<span class=\"wpcf7-form-control-wrap\" data-name=\"Message\"><textarea cols=\"40\" rows=\"10\" maxlength=\"2000\" class=\"wpcf7-form-control wpcf7-textarea\" aria-invalid=\"false\" placeholder=\"Mensaje\" name=\"Message\"><\/textarea><\/span>\n<\/p>\n<p><input class=\"wpcf7-form-control wpcf7-submit has-spinner\" type=\"submit\" value=\"Enviar\" \/>\n<\/p><div class=\"wpcf7-response-output\" aria-hidden=\"true\"><\/div>\n<input type=\"hidden\" name=\"trp-form-language\" value=\"es\"\/><\/form>\n<\/div>\n\n\n\n\t\t<\/div>\n\t\t\t\t\t<\/div>\n\n\t\n\n<\/div>\n\n\t\t<\/div>\n\t\t\t\t\t<\/div>\n\n\t\n\n<\/div>\n\n\t\t<\/div>\n\n\t\t\n<style>\n#section_1612289594 {\n  padding-top: 30px;\n  padding-bottom: 30px;\n  background-color: rgb(232, 234, 241);\n}\n<\/style>\n\t<\/section>","protected":false},"excerpt":{"rendered":"","protected":false},"author":1,"featured_media":0,"parent":0,"menu_order":0,"comment_status":"closed","ping_status":"closed","template":"page-blank.php","meta":{"footnotes":""},"class_list":["post-66","page","type-page","status-publish","hentry"],"_links":{"self":[{"href":"https:\/\/www.impacttesting.net\/es\/wp-json\/wp\/v2\/pages\/66","targetHints":{"allow":["GET"]}}],"collection":[{"href":"https:\/\/www.impacttesting.net\/es\/wp-json\/wp\/v2\/pages"}],"about":[{"href":"https:\/\/www.impacttesting.net\/es\/wp-json\/wp\/v2\/types\/page"}],"author":[{"embeddable":true,"href":"https:\/\/www.impacttesting.net\/es\/wp-json\/wp\/v2\/users\/1"}],"replies":[{"embeddable":true,"href":"https:\/\/www.impacttesting.net\/es\/wp-json\/wp\/v2\/comments?post=66"}],"version-history":[{"count":1,"href":"https:\/\/www.impacttesting.net\/es\/wp-json\/wp\/v2\/pages\/66\/revisions"}],"predecessor-version":[{"id":73,"href":"https:\/\/www.impacttesting.net\/es\/wp-json\/wp\/v2\/pages\/66\/revisions\/73"}],"wp:attachment":[{"href":"https:\/\/www.impacttesting.net\/es\/wp-json\/wp\/v2\/media?parent=66"}],"curies":[{"name":"wp","href":"https:\/\/api.w.org\/{rel}","templated":true}]}}