{"id":59,"date":"2025-12-24T05:33:37","date_gmt":"2025-12-24T05:33:37","guid":{"rendered":"https:\/\/www.impacttesting.net\/?page_id=59"},"modified":"2025-12-24T06:11:16","modified_gmt":"2025-12-24T06:11:16","slug":"astm-d3420","status":"publish","type":"page","link":"https:\/\/www.impacttesting.net\/es\/astm-d3420\/","title":{"rendered":"ASTM D3420"},"content":{"rendered":"<section class=\"section\" id=\"section_1910049155\">\n\t\t<div class=\"bg section-bg fill bg-fill  bg-loaded\" >\n\n\t\t\t\n\t\t\t\n\t\t\t\n\n\t\t<\/div>\n\n\t\t\n\n\t\t<div class=\"section-content relative\">\n\t\t\t\n\n<div class=\"row\"  id=\"row-1161739851\">\n\n\n\t<div id=\"col-1398720435\" class=\"col small-12 large-12\"  >\n\t\t\t\t<div class=\"col-inner\" style=\"background-color:rgb(92, 171, 188);\" >\n\t\t\t\n\t\t\t\n\n<div class=\"row\"  id=\"row-1713964256\">\n\n\n\t<div id=\"col-1860919851\" class=\"col small-12 large-12\"  >\n\t\t\t\t<div class=\"col-inner\"  >\n\t\t\t\n\t\t\t\n\n\t<div id=\"text-1112091748\" class=\"text\">\n\t\t\n\n<h1>ASTM D1709<\/h1>\n\t\t\n<style>\n#text-1112091748 {\n  font-size: 1.5rem;\n  text-align: center;\n}\n<\/style>\n\t<\/div>\n\t\n\t<div id=\"text-3068290195\" class=\"text\">\n\t\t\n\n<h2>Resistencia al impacto pendular de una pel\u00edcula de pl\u00e1stico<\/h2>\n\t\t\n<style>\n#text-3068290195 {\n  text-align: center;\n}\n<\/style>\n\t<\/div>\n\t\n\n\t\t<\/div>\n\t\t\t\t\n<style>\n#col-1860919851 > .col-inner {\n  padding: 50px 10px 10px 10px;\n}\n<\/style>\n\t<\/div>\n\n\t\n\n<\/div>\n<div class=\"row align-middle align-center\"  id=\"row-1133318261\">\n\n\n\t<div id=\"col-823907663\" class=\"col medium-11 small-12 large-11\"  >\n\t\t\t\t<div class=\"col-inner\"  >\n\t\t\t\n\t\t\t\n\n<div class=\"row align-middle align-center\"  id=\"row-566657394\">\n\n\n\t<div id=\"col-1309297290\" class=\"col medium-7 small-12 large-7\"  >\n\t\t\t\t<div class=\"col-inner\"  >\n\t\t\t\n\t\t\t\n\n<div class=\"row\"  id=\"row-171988538\">\n\n\n\t<div id=\"col-323598536\" class=\"col small-12 large-12\"  >\n\t\t\t\t<div class=\"col-inner text-center\"  >\n\t\t\t\n\t\t\t\n\n\t<div id=\"text-3616811079\" class=\"text\">\n\t\t\n\n<p>La resistencia al impacto desempe\u00f1a un papel fundamental a la hora de evaluar la durabilidad y el rendimiento de un material sometido a tensiones repentinas. <a href=\"https:\/\/www.impacttesting.net\/es\/astm-d3420\/\"><strong>ASTM D3420<\/strong><\/a>el m\u00e9todo de ensayo est\u00e1ndar para <strong>Resistencia al impacto pendular de una pel\u00edcula de pl\u00e1stico<\/strong>proporciona un punto de referencia esencial para determinar la tenacidad de las pel\u00edculas de pl\u00e1stico. Este m\u00e9todo es especialmente valioso para ingenieros de envasado, cient\u00edficos de materiales y profesionales del control de calidad que buscan garantizar que las pel\u00edculas cumplen los requisitos de rendimiento espec\u00edficos de la aplicaci\u00f3n.<\/p>\n\t\t\n<style>\n#text-3616811079 {\n  color: rgb(0, 0, 0);\n}\n#text-3616811079 > * {\n  color: rgb(0, 0, 0);\n}\n<\/style>\n\t<\/div>\n\t\n\n\t\t<\/div>\n\t\t\t\t\t<\/div>\n\n\t\n\n\t<div id=\"col-2060180365\" class=\"col small-12 large-12\"  >\n\t\t\t\t<div class=\"col-inner text-center\"  >\n\t\t\t\n\t\t\t\n\n<a href=\"https:\/\/www.impacttesting.net\/es\/contact-us\/\" class=\"button primary is-outline\"  style=\"border-radius:99px;\">\n    <span>Contacte con nosotros<\/span>\n  <i class=\"icon-chat\" aria-hidden=\"true\" ><\/i><\/a>\n\n\n\n\t\t<\/div>\n\t\t\t\t\t<\/div>\n\n\t\n\n<\/div>\n\n\t\t<\/div>\n\t\t\t\t\t<\/div>\n\n\t\n\n\t<div id=\"col-549466818\" class=\"col medium-5 small-12 large-5\"  >\n\t\t\t\t<div class=\"col-inner\"  >\n\t\t\t\n\t\t\t\n\n<div class=\"row\"  id=\"row-1490452293\">\n\n\n\t<div id=\"col-529295235\" class=\"col small-12 large-12\"  >\n\t\t\t\t<div class=\"col-inner\"  >\n\t\t\t\n\t\t\t\n\n\t<div class=\"img has-hover x md-x lg-x y md-y lg-y\" id=\"image_1921571802\">\n\t\t<a class=\"\" href=\"https:\/\/www.impacttesting.net\/es\/falling-dart-impact-tester\/\" >\t\t\t\t\t\t<div class=\"img-inner dark\" >\n\t\t\t<img decoding=\"async\" width=\"600\" height=\"440\" src=\"https:\/\/www.impacttesting.net\/wp-content\/uploads\/2025\/12\/ASTM-D3420-Pendulum-Impact-Resistance-of-Plastic-Film.webp\" class=\"attachment-large size-large\" alt=\"ASTM D3420 Resistencia al impacto pendular de pel\u00edculas de pl\u00e1stico\" srcset=\"https:\/\/www.impacttesting.net\/wp-content\/uploads\/2025\/12\/ASTM-D3420-Pendulum-Impact-Resistance-of-Plastic-Film.webp 600w, https:\/\/www.impacttesting.net\/wp-content\/uploads\/2025\/12\/ASTM-D3420-Pendulum-Impact-Resistance-of-Plastic-Film-545x400.webp 545w\" sizes=\"(max-width: 600px) 100vw, 600px\" \/>\t\t\t\t\t\t\n\t\t\t\t\t<\/div>\n\t\t\t\t\t\t<\/a>\t\t\n<style>\n#image_1921571802 {\n  width: 100%;\n}\n<\/style>\n\t<\/div>\n\t\n\n\n\t\t<\/div>\n\t\t\t\t\t<\/div>\n\n\t\n\n<\/div>\n\n\t\t<\/div>\n\t\t\t\t\t<\/div>\n\n\t\n\n<\/div>\n\n\t\t<\/div>\n\t\t\t\t\t<\/div>\n\n\t\n\n<\/div>\n\n\t\t<\/div>\n\t\t\t\t\t<\/div>\n\n\t\n\n\n<style>\n#row-1161739851 > .col > .col-inner {\n  border-radius: 25px;\n}\n<\/style>\n<\/div>\n\n\t\t<\/div>\n\n\t\t\n<style>\n#section_1910049155 {\n  padding-top: 30px;\n  padding-bottom: 30px;\n}\n<\/style>\n\t<\/section>\n\t\n\t<section class=\"section\" id=\"section_870236333\">\n\t\t<div class=\"bg section-bg fill bg-fill  bg-loaded\" >\n\n\t\t\t\n\t\t\t\n\t\t\t\n\n\t\t<\/div>\n\n\t\t\n\n\t\t<div class=\"section-content relative\">\n\t\t\t\n\n<div class=\"row\"  id=\"row-903269902\">\n\n\n\t<div id=\"col-589352582\" class=\"col small-12 large-12\"  >\n\t\t\t\t<div class=\"col-inner\"  >\n\t\t\t\n\t\t\t\n\n<div class=\"row\"  id=\"row-1567169578\">\n\n\n\t<div id=\"col-2019164820\" class=\"col small-12 large-12\"  >\n\t\t\t\t<div class=\"col-inner\"  >\n\t\t\t\n\t\t\t\n\n\t<div id=\"text-3876014353\" class=\"text\">\n\t\t\n\n<h2>ASTM D3420 y su importancia<\/h2>\n\t\t\n<style>\n#text-3876014353 {\n  font-size: 1.3rem;\n  text-align: center;\n}\n<\/style>\n\t<\/div>\n\t\n\n\t\t<\/div>\n\t\t\t\t\t<\/div>\n\n\t\n\n\t<div id=\"col-365791659\" class=\"col small-12 large-12\"  >\n\t\t\t\t<div class=\"col-inner\"  >\n\t\t\t\n\t\t\t\n\n<p>La norma ASTM D3420 define un m\u00e9todo para medir la energ\u00eda necesaria para perforar una muestra de pel\u00edcula de pl\u00e1stico utilizando un aparato de p\u00e9ndulo. La energ\u00eda cin\u00e9tica del p\u00e9ndulo imita las fuerzas reales a las que puede verse sometida una pel\u00edcula, por ejemplo, durante el embalaje, el transporte o la manipulaci\u00f3n. El resultado refleja el comportamiento din\u00e1mico a la tracci\u00f3n de la pel\u00edcula, proporcionando una evaluaci\u00f3n m\u00e1s realista que las pruebas de tracci\u00f3n est\u00e1ticas.<\/p>\n\n\t\t<\/div>\n\t\t\t\t\t<\/div>\n\n\t\n\n\t<div id=\"col-1052086106\" class=\"col small-12 large-12\"  >\n\t\t\t\t<div class=\"col-inner\"  >\n\t\t\t\n\t\t\t\n\n\t<div id=\"text-2741146345\" class=\"text\">\n\t\t\n\n<h3>ASTM D3420 - Normas ASTM para ensayos de impacto de pl\u00e1sticos<\/h3>\n\t\t\n<style>\n#text-2741146345 {\n  text-align: center;\n}\n<\/style>\n\t<\/div>\n\t\n\n\t\t<\/div>\n\t\t\t\t\t<\/div>\n\n\t\n\n\t<div id=\"col-2140922388\" class=\"col small-12 large-12\"  >\n\t\t\t\t<div class=\"col-inner\"  >\n\t\t\t\n\t\t\t\n\n<p>La norma ASTM D3420 se centra espec\u00edficamente en <strong>resistencia al impacto pendular<\/strong>convirti\u00e9ndola en una de las m\u00e1s relevantes <strong>Normas ASTM para ensayos de impacto de pl\u00e1sticos<\/strong>. Mientras que otros m\u00e9todos como ASTM D1709 o D4272 prueban propiedades similares, D3420 es particularmente ventajoso porque:<\/p>\n<ul>\n<li>Permite realizar ensayos din\u00e1micos a velocidades de deformaci\u00f3n m\u00e1s elevadas.<\/li>\n<li>Ofrece dos procedimientos de ensayo (Procedimiento A y Procedimiento B) con diferentes tama\u00f1os de probeta y de sonda.<\/li>\n<li>Ofrece resultados basados en la energ\u00eda, que permiten comprender tanto el inicio como la propagaci\u00f3n de los fallos.<\/li>\n<\/ul>\n<p>Esta norma se utiliza ampliamente en la evaluaci\u00f3n de pel\u00edculas fabricadas con <strong>polietileno, polipropileno, PET<\/strong>y otros materiales de envasado comunes.<\/p>\n\n\t\t<\/div>\n\t\t\t\t\t<\/div>\n\n\t\n\n<\/div>\n\n\t\t<\/div>\n\t\t\t\t\t<\/div>\n\n\t\n\n<\/div>\n<div class=\"row\"  id=\"row-309539661\">\n\n\n\t<div id=\"col-898717866\" class=\"col small-12 large-12\"  >\n\t\t\t\t<div class=\"col-inner\"  >\n\t\t\t\n\t\t\t\n\n<div class=\"row\"  id=\"row-1826393614\">\n\n\n\t<div id=\"col-1064885882\" class=\"col small-12 large-12\"  >\n\t\t\t\t<div class=\"col-inner\"  >\n\t\t\t\n\t\t\t\n\n\t<div id=\"text-4108321267\" class=\"text\">\n\t\t\n\n<h2>P\u00e9ndulo de impacto<\/h2>\n\t\t\n<style>\n#text-4108321267 {\n  font-size: 1.3rem;\n  text-align: center;\n}\n<\/style>\n\t<\/div>\n\t\n\n\t\t<\/div>\n\t\t\t\t\t<\/div>\n\n\t\n\n<\/div>\n<div class=\"row\"  id=\"row-24163543\">\n\n\n\t<div id=\"col-1328565882\" class=\"col medium-6 small-12 large-6\"  >\n\t\t\t\t<div class=\"col-inner\"  >\n\t\t\t\n\t\t\t\n\n<h3>Aparatos de ensayo y montaje<\/h3>\n<p>Para realizar las pruebas ASTM D3420, necesitar\u00e1 un p\u00e9ndulo de impacto calibrado. El <a href=\"https:\/\/www.impacttesting.net\/es\/pendulum-impact-tester\/\"><strong>PIT-01 P\u00e9ndulo de impacto<\/strong><\/a> de <strong>Cell Instruments<\/strong> es una soluci\u00f3n excelente que cumple plenamente los requisitos de la norma ASTM D3420 y ofrece:<\/p>\n<ul>\n<li>Medici\u00f3n de energ\u00eda de alta precisi\u00f3n (0,5 J a 5,0 J)<\/li>\n<li>Pesas opcionales para rangos de ensayo flexibles<\/li>\n<li>Lectura digital para facilitar la captura de datos<\/li>\n<li>Dos cabezas de impacto intercambiables para el procedimiento A (apertura de 60 mm) y el procedimiento B (apertura de 89 mm)<\/li>\n<\/ul>\n<p>El comprobador debe montarse sobre una superficie nivelada con un anclaje adecuado para las pruebas de mayor energ\u00eda.<\/p>\n\n\t\t<\/div>\n\t\t\t\t\t<\/div>\n\n\t\n\n\t<div id=\"col-1633386692\" class=\"col medium-6 small-12 large-6\"  >\n\t\t\t\t<div class=\"col-inner\"  >\n\t\t\t\n\t\t\t\n\n<h3>Preparaci\u00f3n y acondicionamiento de muestras<\/h3>\n<p>Una preparaci\u00f3n adecuada de las muestras garantiza resultados precisos y repetibles. Siga estos pasos:<\/p>\n<ul>\n<li><strong>Tipo de muestra<\/strong>: Utilice muestras de pel\u00edcula circulares o cuadradas de 100 mm de di\u00e1metro o 100\u00d7100 mm.<\/li>\n<li><strong>Espesor<\/strong>: Mida con un micr\u00f3metro con una precisi\u00f3n de 0,00125 mm.<\/li>\n<li><strong>Acondicionamiento<\/strong>: Preacondicionar las probetas a 23 \u00b1 2\u00b0C y 50 \u00b1 10% de humedad relativa (seg\u00fan ASTM D618) durante al menos 40 horas.<\/li>\n<\/ul>\n<p>Aseg\u00farese de que las muestras <strong>sin pliegues, defectos ni desigualdades de grosor<\/strong>lo que podr\u00eda distorsionar los resultados.<\/p>\n\n\t\t<\/div>\n\t\t\t\t\t<\/div>\n\n\t\n\n<\/div>\n\n\t\t<\/div>\n\t\t\t\t\t<\/div>\n\n\t\n\n<\/div>\n<div class=\"row\"  id=\"row-158218792\">\n\n\n\t<div id=\"col-2018168653\" class=\"col small-12 large-12\"  >\n\t\t\t\t<div class=\"col-inner\"  >\n\t\t\t\n\t\t\t\n\n<div class=\"row\"  id=\"row-1528011\">\n\n\n\t<div id=\"col-2137601256\" class=\"col small-12 large-12\"  >\n\t\t\t\t<div class=\"col-inner\"  >\n\t\t\t\n\t\t\t\n\n<div class=\"row\"  id=\"row-573153488\">\n\n\n\t<div id=\"col-1459853318\" class=\"col small-12 large-12\"  >\n\t\t\t\t<div class=\"col-inner\"  >\n\t\t\t\n\t\t\t\n\n\t<div id=\"text-3427786484\" class=\"text\">\n\t\t\n\n<h2>Procedimiento de ensayo de impacto pendular<\/h2>\n\t\t\n<style>\n#text-3427786484 {\n  font-size: 1.3rem;\n  text-align: center;\n}\n<\/style>\n\t<\/div>\n\t\n\n\t\t<\/div>\n\t\t\t\t\t<\/div>\n\n\t\n\n<\/div>\n<div class=\"row align-bottom align-center\"  id=\"row-903561040\">\n\n\n\t<div id=\"col-381329227\" class=\"col medium-7 small-12 large-7\"  >\n\t\t\t\t<div class=\"col-inner\"  >\n\t\t\t\n\t\t\t\n\n<ol>\n<li><strong>Sujete la muestra<\/strong> entre dos placas circulares.<\/li>\n<li><strong>Elevar y enganchar el p\u00e9ndulo<\/strong> a su posici\u00f3n inicial.<\/li>\n<li><strong>Poner a cero la lectura<\/strong> y compruebe la alineaci\u00f3n correcta.<\/li>\n<li><strong>Suelta el p\u00e9ndulo<\/strong> para impactar en el centro del esp\u00e9cimen.<\/li>\n<li><strong>Leer el valor energ\u00e9tico<\/strong> desde el dial digital o anal\u00f3gico.<\/li>\n<\/ol>\n<p>Repita este ensayo en al menos cinco espec\u00edmenes para obtener un valor medio para el informe.<\/p>\n<p>Nota: Si el p\u00e9ndulo no consigue perforar la pel\u00edcula, aumente la energ\u00eda de impacto a\u00f1adiendo pesos auxiliares o utilizando una muestra m\u00e1s fina.<\/p>\n\n\t\t<\/div>\n\t\t\t\t\t<\/div>\n\n\t\n\n\t<div id=\"col-606855707\" class=\"col medium-5 small-12 large-5\"  >\n\t\t\t\t<div class=\"col-inner\"  >\n\t\t\t\n\t\t\t\n\n<div class=\"video video-fit mb\" style=\"padding-top:56.25%;\"><iframe title=\"ASTM D3420 Probador de Impacto de P\u00e9ndulo Para L\u00e1minas de Pl\u00e1stico Probador de Impacto\" width=\"1020\" height=\"574\" src=\"https:\/\/www.youtube.com\/embed\/vEx4esxMESw?feature=oembed\" frameborder=\"0\" allow=\"accelerometer; autoplay; clipboard-write; encrypted-media; gyroscope; picture-in-picture; web-share\" referrerpolicy=\"strict-origin-when-cross-origin\" allowfullscreen><\/iframe><\/div>\n\n\n\t\t<\/div>\n\t\t\t\t\t<\/div>\n\n\t\n\n<\/div>\n\n\t\t<\/div>\n\t\t\t\t\t<\/div>\n\n\t\n\n<\/div>\n\n\t\t<\/div>\n\t\t\t\t\t<\/div>\n\n\t\n\n<\/div>\n<div class=\"row\"  id=\"row-1122832405\">\n\n\n\t<div id=\"col-1552962347\" class=\"col small-12 large-12\"  >\n\t\t\t\t<div class=\"col-inner\"  >\n\t\t\t\n\t\t\t\n\n<div class=\"row\"  id=\"row-1533870185\">\n\n\n\t<div id=\"col-1008424150\" class=\"col small-12 large-12\"  >\n\t\t\t\t<div class=\"col-inner\"  >\n\t\t\t\n\t\t\t\n\n<div class=\"row\"  id=\"row-851922096\">\n\n\n\t<div id=\"col-83995675\" class=\"col small-12 large-12\"  >\n\t\t\t\t<div class=\"col-inner\"  >\n\t\t\t\n\t\t\t\n\n\t<div id=\"text-3986696333\" class=\"text\">\n\t\t\n\n<h2>Interpretaci\u00f3n de datos y an\u00e1lisis de resultados<\/h2>\n\t\t\n<style>\n#text-3986696333 {\n  font-size: 1.3rem;\n  text-align: center;\n}\n<\/style>\n\t<\/div>\n\t\n\n\t\t<\/div>\n\t\t\t\t\t<\/div>\n\n\t\n\n<\/div>\n<div class=\"row align-middle align-center\"  id=\"row-659058506\">\n\n\n\t<div id=\"col-993225419\" class=\"col medium-5 small-12 large-5\"  >\n\t\t\t\t<div class=\"col-inner\"  >\n\t\t\t\n\t\t\t\n\n<ol>\n<li>El resultado final representa la energ\u00eda (en julios) necesaria para perforar la pel\u00edcula. Es una medida directa de la resistencia al impacto del material. Los valores m\u00e1s altos indican pel\u00edculas m\u00e1s duras.<\/li>\n<li>Cuando se comparan materiales o lotes, es fundamental garantizar la uniformidad del grosor, las condiciones ambientales y los ajustes de las pinzas para eliminar la variabilidad.<\/li>\n<\/ol>\n\n\t\t<\/div>\n\t\t\t\t\t<\/div>\n\n\t\n\n\t<div id=\"col-373122229\" class=\"col medium-5 small-12 large-5\"  >\n\t\t\t\t<div class=\"col-inner\"  >\n\t\t\t\n\t\t\t\n\n\t<div class=\"img has-hover x md-x lg-x y md-y lg-y\" id=\"image_1637936601\">\n\t\t\t\t\t\t\t\t<div class=\"img-inner dark\" >\n\t\t\t<img decoding=\"async\" width=\"600\" height=\"440\" src=\"https:\/\/www.impacttesting.net\/wp-content\/uploads\/2025\/12\/ASTM-D3420-Pendulum-Impact-Resistance-of-Plastic-Film.webp\" class=\"attachment-large size-large\" alt=\"ASTM D3420 Resistencia al impacto pendular de pel\u00edculas de pl\u00e1stico\" srcset=\"https:\/\/www.impacttesting.net\/wp-content\/uploads\/2025\/12\/ASTM-D3420-Pendulum-Impact-Resistance-of-Plastic-Film.webp 600w, https:\/\/www.impacttesting.net\/wp-content\/uploads\/2025\/12\/ASTM-D3420-Pendulum-Impact-Resistance-of-Plastic-Film-545x400.webp 545w\" sizes=\"(max-width: 600px) 100vw, 600px\" \/>\t\t\t\t\t\t\n\t\t\t\t\t<\/div>\n\t\t\t\t\t\t\t\t\n<style>\n#image_1637936601 {\n  width: 100%;\n}\n<\/style>\n\t<\/div>\n\t\n\n\n\t\t<\/div>\n\t\t\t\t\t<\/div>\n\n\t\n\n<\/div>\n\n\t\t<\/div>\n\t\t\t\t\t<\/div>\n\n\t\n\n<\/div>\n\n\t\t<\/div>\n\t\t\t\t\t<\/div>\n\n\t\n\n<\/div>\n\n\t\t<\/div>\n\n\t\t\n<style>\n#section_870236333 {\n  padding-top: 30px;\n  padding-bottom: 30px;\n}\n<\/style>\n\t<\/section>\n\t\n\t<section class=\"section\" id=\"section_1404640770\">\n\t\t<div class=\"bg section-bg fill bg-fill  bg-loaded\" >\n\n\t\t\t\n\t\t\t\n\t\t\t\n\n\t\t<\/div>\n\n\t\t\n\n\t\t<div class=\"section-content relative\">\n\t\t\t\n\n<div class=\"row\"  id=\"row-1040034013\">\n\n\n\t<div id=\"col-575867578\" class=\"col small-12 large-12\"  >\n\t\t\t\t<div class=\"col-inner\"  >\n\t\t\t\n\t\t\t\n\n<div class=\"row align-center\"  id=\"row-1621517950\">\n\n\n\t<div id=\"col-744535395\" class=\"col small-12 large-12\"  >\n\t\t\t\t<div class=\"col-inner\"  >\n\t\t\t\n\t\t\t\n\n\t<div id=\"text-2315867140\" class=\"text\">\n\t\t\n\n<h2>Por qu\u00e9 elegir Impacttesting.net<br \/>PIT-01 P\u00e9ndulo de impacto<\/h2>\n\t\t\n<style>\n#text-2315867140 {\n  font-size: 1.4rem;\n  text-align: center;\n}\n<\/style>\n\t<\/div>\n\t\n\n\t\t<\/div>\n\t\t\t\t\t<\/div>\n\n\t\n\n\t<div id=\"col-1958475642\" class=\"col small-12 large-12\"  >\n\t\t\t\t<div class=\"col-inner\"  >\n\t\t\t\n\t\t\t\n\n<p>En <a href=\"https:\/\/www.impacttesting.net\/es\/pendulum-impact-tester\/\"><strong>PIT-01 P\u00e9ndulo de impacto<\/strong><\/a> de Impacttesting.net su ingenier\u00eda avanzada y su interfaz f\u00e1cil de usar lo hacen ideal para:<\/p>\n\n\t\t<\/div>\n\t\t\t\t\t<\/div>\n\n\t\n\n\t<div id=\"col-2131567709\" class=\"col medium-7 small-12 large-7\"  >\n\t\t\t\t<div class=\"col-inner text-center\"  >\n\t\t\t\n\t\t\t\n\n\t<div id=\"text-527640891\" class=\"text\">\n\t\t\n\n<p>Control de calidad del film de envasado<br \/>Pruebas de laboratorio de I+D<br \/>Cumplimiento de <a href=\"https:\/\/www.impacttesting.net\/es\/astm-d3420\/\"><strong>ASTM D3420<\/strong><\/a> y normas afines<\/p>\n\t\t\n<style>\n#text-527640891 {\n  font-size: 1.1rem;\n  line-height: 1.3;\n}\n<\/style>\n\t<\/div>\n\t\n\t<div id=\"text-365317968\" class=\"text\">\n\t\t\n\n<p>Al adoptar el PIT-01, los usuarios ganan confianza en la <strong>precisi\u00f3n, repetibilidad y eficacia<\/strong> de sus procesos de pruebas de impacto.<\/p>\n\t\t\n<style>\n#text-365317968 {\n  font-size: 1.1rem;\n}\n<\/style>\n\t<\/div>\n\t\n<a href=\"https:\/\/www.impacttesting.net\/es\/contact-us\/\" class=\"button primary is-outline\"  style=\"border-radius:99px;\">\n    <span>Contacte con nosotros<\/span>\n  <i class=\"icon-chat\" aria-hidden=\"true\" ><\/i><\/a>\n\n\n\n\t\t<\/div>\n\t\t\t\t\t<\/div>\n\n\t\n\n\t<div id=\"col-943965915\" class=\"col medium-4 small-12 large-4\"  >\n\t\t\t\t<div class=\"col-inner text-center\"  >\n\t\t\t\n\t\t\t\n\n\n<div class=\"wpcf7 no-js\" id=\"wpcf7-f10-o1\" lang=\"en-US\" dir=\"ltr\" data-wpcf7-id=\"10\">\n<div class=\"screen-reader-response\"><p role=\"status\" aria-live=\"polite\" aria-atomic=\"true\"><\/p> <ul><\/ul><\/div>\n<form action=\"\/es\/wp-json\/wp\/v2\/pages\/59#wpcf7-f10-o1\" method=\"post\" class=\"wpcf7-form init\" aria-label=\"Formulario de contacto\" novalidate=\"novalidate\" data-status=\"init\" data-trp-original-action=\"\/es\/wp-json\/wp\/v2\/pages\/59#wpcf7-f10-o1\">\n<fieldset class=\"hidden-fields-container\"><input type=\"hidden\" name=\"_wpcf7\" value=\"10\" \/><input type=\"hidden\" name=\"_wpcf7_version\" value=\"6.1.4\" \/><input type=\"hidden\" name=\"_wpcf7_locale\" value=\"en_US\" \/><input type=\"hidden\" name=\"_wpcf7_unit_tag\" value=\"wpcf7-f10-o1\" \/><input type=\"hidden\" name=\"_wpcf7_container_post\" value=\"0\" \/><input type=\"hidden\" name=\"_wpcf7_posted_data_hash\" value=\"\" \/><input type=\"hidden\" name=\"_wpcf7_recaptcha_response\" value=\"\" \/>\n<\/fieldset>\n<p><span class=\"wpcf7-form-control-wrap\" data-name=\"Name\"><input size=\"40\" maxlength=\"400\" class=\"wpcf7-form-control wpcf7-text\" aria-invalid=\"false\" placeholder=\"Su nombre\" value=\"\" type=\"text\" name=\"Name\" \/><\/span><br \/>\n<span class=\"wpcf7-form-control-wrap\" data-name=\"Comapany\"><input size=\"40\" maxlength=\"400\" class=\"wpcf7-form-control wpcf7-text\" aria-invalid=\"false\" placeholder=\"Su empresa\" value=\"\" type=\"text\" name=\"Comapany\" \/><\/span><br \/>\n<span class=\"wpcf7-form-control-wrap\" data-name=\"Email\"><input size=\"40\" maxlength=\"400\" class=\"wpcf7-form-control wpcf7-email wpcf7-validates-as-required wpcf7-text wpcf7-validates-as-email\" aria-required=\"true\" aria-invalid=\"false\" placeholder=\"Su correo electr\u00f3nico\" value=\"\" type=\"email\" name=\"Email\" \/><\/span><br \/>\n<span class=\"wpcf7-form-control-wrap\" data-name=\"Message\"><textarea cols=\"40\" rows=\"10\" maxlength=\"2000\" class=\"wpcf7-form-control wpcf7-textarea\" aria-invalid=\"false\" placeholder=\"Mensaje\" name=\"Message\"><\/textarea><\/span>\n<\/p>\n<p><input class=\"wpcf7-form-control wpcf7-submit has-spinner\" type=\"submit\" value=\"Enviar\" \/>\n<\/p><div class=\"wpcf7-response-output\" aria-hidden=\"true\"><\/div>\n<input type=\"hidden\" name=\"trp-form-language\" value=\"es\"\/><\/form>\n<\/div>\n\n\n\n\t\t<\/div>\n\t\t\t\t\t<\/div>\n\n\t\n\n<\/div>\n\n\t\t<\/div>\n\t\t\t\t\t<\/div>\n\n\t\n\n<\/div>\n\n\t\t<\/div>\n\n\t\t\n<style>\n#section_1404640770 {\n  padding-top: 30px;\n  padding-bottom: 30px;\n  background-color: rgb(232, 234, 241);\n}\n<\/style>\n\t<\/section>","protected":false},"excerpt":{"rendered":"","protected":false},"author":1,"featured_media":0,"parent":0,"menu_order":0,"comment_status":"closed","ping_status":"closed","template":"page-blank.php","meta":{"footnotes":""},"class_list":["post-59","page","type-page","status-publish","hentry"],"_links":{"self":[{"href":"https:\/\/www.impacttesting.net\/es\/wp-json\/wp\/v2\/pages\/59","targetHints":{"allow":["GET"]}}],"collection":[{"href":"https:\/\/www.impacttesting.net\/es\/wp-json\/wp\/v2\/pages"}],"about":[{"href":"https:\/\/www.impacttesting.net\/es\/wp-json\/wp\/v2\/types\/page"}],"author":[{"embeddable":true,"href":"https:\/\/www.impacttesting.net\/es\/wp-json\/wp\/v2\/users\/1"}],"replies":[{"embeddable":true,"href":"https:\/\/www.impacttesting.net\/es\/wp-json\/wp\/v2\/comments?post=59"}],"version-history":[{"count":5,"href":"https:\/\/www.impacttesting.net\/es\/wp-json\/wp\/v2\/pages\/59\/revisions"}],"predecessor-version":[{"id":75,"href":"https:\/\/www.impacttesting.net\/es\/wp-json\/wp\/v2\/pages\/59\/revisions\/75"}],"wp:attachment":[{"href":"https:\/\/www.impacttesting.net\/es\/wp-json\/wp\/v2\/media?parent=59"}],"curies":[{"name":"wp","href":"https:\/\/api.w.org\/{rel}","templated":true}]}}