{"id":57,"date":"2025-12-24T05:15:35","date_gmt":"2025-12-24T05:15:35","guid":{"rendered":"https:\/\/www.impacttesting.net\/?page_id=57"},"modified":"2025-12-24T05:44:13","modified_gmt":"2025-12-24T05:44:13","slug":"ansi-z87-1","status":"publish","type":"page","link":"https:\/\/www.impacttesting.net\/es\/ansi-z87-1\/","title":{"rendered":"ANSI Z87.1"},"content":{"rendered":"<section class=\"section\" id=\"section_1032168266\">\n\t\t<div class=\"bg section-bg fill bg-fill  bg-loaded\" >\n\n\t\t\t\n\t\t\t\n\t\t\t\n\n\t\t<\/div>\n\n\t\t\n\n\t\t<div class=\"section-content relative\">\n\t\t\t\n\n<div class=\"row\"  id=\"row-167922376\">\n\n\n\t<div id=\"col-1611373335\" class=\"col small-12 large-12\"  >\n\t\t\t\t<div class=\"col-inner\" style=\"background-color:rgb(92, 171, 188);\" >\n\t\t\t\n\t\t\t\n\n<div class=\"row\"  id=\"row-1759939660\">\n\n\n\t<div id=\"col-680244621\" class=\"col small-12 large-12\"  >\n\t\t\t\t<div class=\"col-inner\"  >\n\t\t\t\n\t\t\t\n\n\t<div id=\"text-1294376670\" class=\"text\">\n\t\t\n\n<h1>ANSI Z87.1<\/h1>\n\t\t\n<style>\n#text-1294376670 {\n  font-size: 1.5rem;\n  text-align: center;\n}\n<\/style>\n\t<\/div>\n\t\n\t<div id=\"text-969537857\" class=\"text\">\n\t\t\n\n<h2>Ensayo de ca\u00edda de la bola de las gafas de seguridad<\/h2>\n\t\t\n<style>\n#text-969537857 {\n  text-align: center;\n}\n<\/style>\n\t<\/div>\n\t\n\n\t\t<\/div>\n\t\t\t\t\n<style>\n#col-680244621 > .col-inner {\n  padding: 50px 10px 10px 10px;\n}\n<\/style>\n\t<\/div>\n\n\t\n\n<\/div>\n<div class=\"row align-middle align-center\"  id=\"row-724929536\">\n\n\n\t<div id=\"col-2022712104\" class=\"col medium-11 small-12 large-11\"  >\n\t\t\t\t<div class=\"col-inner\"  >\n\t\t\t\n\t\t\t\n\n<div class=\"row align-center\"  id=\"row-1103538124\">\n\n\n\t<div id=\"col-1193040496\" class=\"col medium-7 small-12 large-7\"  >\n\t\t\t\t<div class=\"col-inner\"  >\n\t\t\t\n\t\t\t\n\n<div class=\"row\"  id=\"row-79951364\">\n\n\n\t<div id=\"col-1753847127\" class=\"col small-12 large-12\"  >\n\t\t\t\t<div class=\"col-inner text-center\"  >\n\t\t\t\n\t\t\t\n\n\t<div id=\"text-3514948807\" class=\"text\">\n\t\t\n\n<p><strong>ANSI Z87.1<\/strong> es una norma fundamental desarrollada por el American National Standards Institute (ANSI) en colaboraci\u00f3n con la International Safety Equipment Association (ISEA). Esboza las especificaciones de rendimiento y los criterios de ensayo para las gafas de protecci\u00f3n en entornos ocupacionales y educativos. Esta norma garantiza que <strong>gafas de seguridad, gafas protectoras y pantallas faciales<\/strong> pueden resistir riesgos potenciales como impactos, radiaciones no ionizantes y exposici\u00f3n qu\u00edmica.<\/p>\n\t\t\n<style>\n#text-3514948807 {\n  color: rgb(0, 0, 0);\n}\n#text-3514948807 > * {\n  color: rgb(0, 0, 0);\n}\n<\/style>\n\t<\/div>\n\t\n\n\t\t<\/div>\n\t\t\t\t\t<\/div>\n\n\t\n\n\t<div id=\"col-1676973117\" class=\"col small-12 large-12\"  >\n\t\t\t\t<div class=\"col-inner text-center\"  >\n\t\t\t\n\t\t\t\n\n<a href=\"https:\/\/www.impacttesting.net\/es\/contact-us\/\" class=\"button primary is-outline\"  style=\"border-radius:99px;\">\n    <span>Contacte con nosotros<\/span>\n  <i class=\"icon-chat\" aria-hidden=\"true\" ><\/i><\/a>\n\n\n\n\t\t<\/div>\n\t\t\t\t\t<\/div>\n\n\t\n\n<\/div>\n\n\t\t<\/div>\n\t\t\t\t\t<\/div>\n\n\t\n\n\t<div id=\"col-139603032\" class=\"col medium-4 small-12 large-4\"  >\n\t\t\t\t<div class=\"col-inner\"  >\n\t\t\t\n\t\t\t\n\n<div class=\"row\"  id=\"row-1105476410\">\n\n\n\t<div id=\"col-2111031187\" class=\"col small-12 large-12\"  >\n\t\t\t\t<div class=\"col-inner\"  >\n\t\t\t\n\t\t\t\n\n\t<div class=\"img has-hover x md-x lg-x y md-y lg-y\" id=\"image_522985379\">\n\t\t<a class=\"\" href=\"https:\/\/www.impacttesting.net\/es\/ball-drop-tester\/\" target=\"_blank\" rel=\"noopener\" >\t\t\t\t\t\t<div class=\"img-inner dark\" >\n\t\t\t<img decoding=\"async\" width=\"600\" height=\"440\" src=\"https:\/\/www.impacttesting.net\/wp-content\/uploads\/2025\/12\/ANSI-Z87.1-Drop-Ball-Test-for-Safety-Glasses.webp\" class=\"attachment-large size-large\" alt=\"Prueba de ca\u00edda de bola ANSI Z87.1 para gafas de seguridad\" srcset=\"https:\/\/www.impacttesting.net\/wp-content\/uploads\/2025\/12\/ANSI-Z87.1-Drop-Ball-Test-for-Safety-Glasses.webp 600w, https:\/\/www.impacttesting.net\/wp-content\/uploads\/2025\/12\/ANSI-Z87.1-Drop-Ball-Test-for-Safety-Glasses-545x400.webp 545w\" sizes=\"(max-width: 600px) 100vw, 600px\" \/>\t\t\t\t\t\t\n\t\t\t\t\t<\/div>\n\t\t\t\t\t\t<\/a>\t\t\n<style>\n#image_522985379 {\n  width: 100%;\n}\n<\/style>\n\t<\/div>\n\t\n\n\n\t\t<\/div>\n\t\t\t\t\t<\/div>\n\n\t\n\n<\/div>\n\n\t\t<\/div>\n\t\t\t\t\t<\/div>\n\n\t\n\n<\/div>\n\n\t\t<\/div>\n\t\t\t\t\t<\/div>\n\n\t\n\n<\/div>\n\n\t\t<\/div>\n\t\t\t\t\t<\/div>\n\n\t\n\n\n<style>\n#row-167922376 > .col > .col-inner {\n  border-radius: 25px;\n}\n<\/style>\n<\/div>\n\n\t\t<\/div>\n\n\t\t\n<style>\n#section_1032168266 {\n  padding-top: 30px;\n  padding-bottom: 30px;\n}\n<\/style>\n\t<\/section>\n\t\n\t<section class=\"section\" id=\"section_1405070250\">\n\t\t<div class=\"bg section-bg fill bg-fill  bg-loaded\" >\n\n\t\t\t\n\t\t\t\n\t\t\t\n\n\t\t<\/div>\n\n\t\t\n\n\t\t<div class=\"section-content relative\">\n\t\t\t\n\n<div class=\"row\"  id=\"row-937944189\">\n\n\n\t<div id=\"col-1275736382\" class=\"col small-12 large-12\"  >\n\t\t\t\t<div class=\"col-inner\"  >\n\t\t\t\n\t\t\t\n\n<div class=\"row\"  id=\"row-1202349449\">\n\n\n\t<div id=\"col-422637284\" class=\"col small-12 large-12\"  >\n\t\t\t\t<div class=\"col-inner\"  >\n\t\t\t\n\t\t\t\n\n<div class=\"row\"  id=\"row-960745504\">\n\n\n\t<div id=\"col-1752729379\" class=\"col small-12 large-12\"  >\n\t\t\t\t<div class=\"col-inner\"  >\n\t\t\t\n\t\t\t\n\n\t<div id=\"text-3255278860\" class=\"text\">\n\t\t\n\n<h2>Prueba de ca\u00edda de bola ANSI Z87.1 para gafas de seguridad<\/h2>\n\t\t\n<style>\n#text-3255278860 {\n  font-size: 1.3rem;\n  text-align: center;\n}\n<\/style>\n\t<\/div>\n\t\n<p data-pm-slice=\"1 1 &#091;&#093;\">Una de las evaluaciones fundamentales descritas en la norma ANSI Z87.1 es la <strong>prueba de ca\u00edda de la bola para gafas de seguridad<\/strong>. Este procedimiento es crucial para verificar la resistencia al impacto de las lentes utilizadas en los equipos de protecci\u00f3n individual (EPI).<\/p>\n\n\t\t<\/div>\n\t\t\t\t\t<\/div>\n\n\t\n\n<\/div>\n<div class=\"row\"  id=\"row-1342507697\">\n\n\n\t<div id=\"col-1552083603\" class=\"col medium-6 small-12 large-6\"  >\n\t\t\t\t<div class=\"col-inner\"  >\n\t\t\t\n\t\t\t\n\n<h3>Objetivo y principios de la prueba<\/h3>\n<p>El objetivo de la prueba de ca\u00edda de la bola es simular situaciones reales en las que las gafas de seguridad pueden sufrir un impacto repentino. Eval\u00faa si el material de la lente puede absorber y distribuir la energ\u00eda sin romperse ni penetrar, protegiendo as\u00ed los ojos del usuario.<\/p>\n\t<div class=\"img has-hover x md-x lg-x y md-y lg-y\" id=\"image_1565187256\">\n\t\t\t\t\t\t\t\t<div class=\"img-inner dark\" >\n\t\t\t<img decoding=\"async\" width=\"600\" height=\"200\" src=\"https:\/\/www.impacttesting.net\/wp-content\/uploads\/2025\/12\/ANSI-Z87.1.webp\" class=\"attachment-large size-large\" alt=\"ANSI Z87.1\" \/>\t\t\t\t\t\t\n\t\t\t\t\t<\/div>\n\t\t\t\t\t\t\t\t\n<style>\n#image_1565187256 {\n  width: 85%;\n}\n<\/style>\n\t<\/div>\n\t\n\n\n\t\t<\/div>\n\t\t\t\t\t<\/div>\n\n\t\n\n\t<div id=\"col-1437378657\" class=\"col medium-6 small-12 large-6\"  >\n\t\t\t\t<div class=\"col-inner\"  >\n\t\t\t\n\t\t\t\n\n<h3>C\u00f3mo se realiza la prueba<\/h3>\n<p>Seg\u00fan la secci\u00f3n 9.6 de la norma ANSI Z87.1:<\/p>\n<ul>\n<li>Se utiliza una bola de acero de 25,4 mm de di\u00e1metro (1,0 pulgada) y 68 g de peso (2,4 oz).<\/li>\n<li>La bola se deja caer desde una altura de 127 cm (50 pulgadas) sobre la lente colocada en una forma de cabeza r\u00edgida, que imita la estructura del rostro humano.<\/li>\n<li>La lente debe permanecer intacta, sin fisuras ni penetraciones, tras el impacto.<\/li>\n<li>Cada combinaci\u00f3n de material y revestimiento debe probarse en cuatro dispositivos, lo que garantiza una coherencia fiable.<\/li>\n<\/ul>\n\n\t\t<\/div>\n\t\t\t\t\t<\/div>\n\n\t\n\n<\/div>\n\n\t\t<\/div>\n\t\t\t\t\t<\/div>\n\n\t\n\n<\/div>\n\n\t\t<\/div>\n\t\t\t\t\t<\/div>\n\n\t\n\n<\/div>\n<div class=\"row\"  id=\"row-2055140244\">\n\n\n\t<div id=\"col-1803031818\" class=\"col small-12 large-12\"  >\n\t\t\t\t<div class=\"col-inner\"  >\n\t\t\t\n\t\t\t\n\n<div class=\"row\"  id=\"row-699213442\">\n\n\n\t<div id=\"col-581776585\" class=\"col small-12 large-12\"  >\n\t\t\t\t<div class=\"col-inner\"  >\n\t\t\t\n\t\t\t\n\n\t<div id=\"text-3378382348\" class=\"text\">\n\t\t\n\n<h2>Equipo de ensayo Drop Ball<\/h2>\n\t\t\n<style>\n#text-3378382348 {\n  font-size: 1.3rem;\n  text-align: center;\n}\n<\/style>\n\t<\/div>\n\t\n\n\t\t<\/div>\n\t\t\t\t\t<\/div>\n\n\t\n\n<\/div>\n<div class=\"row align-middle\"  id=\"row-1300642086\">\n\n\n\t<div id=\"col-369839826\" class=\"col medium-6 small-12 large-6\"  >\n\t\t\t\t<div class=\"col-inner\"  >\n\t\t\t\n\t\t\t\n\n<p>Para lograr pruebas repetibles y fiables, se requiere un equipo especializado. El FBT-01 <a href=\"https:\/\/www.impacttesting.net\/es\/ball-drop-tester\/\"><strong>Probador de ca\u00eddas de bolas<\/strong><\/a> de Cell Instruments est\u00e1 dise\u00f1ado para cumplir y superar esta norma. Ofrece:<\/p>\n<ul>\n<li>Desbloqueo electromagn\u00e9tico de precisi\u00f3n para una energ\u00eda de impacto constante.<\/li>\n<li>Altura de impacto y especificaciones de bola ajustables para configuraciones de prueba vers\u00e1tiles.<\/li>\n<li>Pantalla t\u00e1ctil HMI y control PLC para una estabilidad de ensayo de nivel industrial.<\/li>\n<\/ul>\n<p>Esto lo hace ideal para los fabricantes de gafas de protecci\u00f3n, <strong>Departamentos de control de calidad de los EPI<\/strong>y <strong>laboratorios de pruebas de terceros<\/strong> que requieren pruebas de impacto conformes con ANSI.<\/p>\n\n\t\t<\/div>\n\t\t\t\t\t<\/div>\n\n\t\n\n\t<div id=\"col-1283561431\" class=\"col medium-6 small-12 large-6\"  >\n\t\t\t\t<div class=\"col-inner\"  >\n\t\t\t\n\t\t\t\n\n\t<div class=\"img has-hover x md-x lg-x y md-y lg-y\" id=\"image_1852081575\">\n\t\t<a class=\"\" href=\"https:\/\/www.impacttesting.net\/es\/ball-drop-tester\/\" >\t\t\t\t\t\t<div class=\"img-inner dark\" >\n\t\t\t<img decoding=\"async\" width=\"600\" height=\"440\" src=\"https:\/\/www.impacttesting.net\/wp-content\/uploads\/2025\/12\/ANSI-Z87.1-Drop-Ball-Test-for-Safety-Glasses.webp\" class=\"attachment-large size-large\" alt=\"Prueba de ca\u00edda de bola ANSI Z87.1 para gafas de seguridad\" srcset=\"https:\/\/www.impacttesting.net\/wp-content\/uploads\/2025\/12\/ANSI-Z87.1-Drop-Ball-Test-for-Safety-Glasses.webp 600w, https:\/\/www.impacttesting.net\/wp-content\/uploads\/2025\/12\/ANSI-Z87.1-Drop-Ball-Test-for-Safety-Glasses-545x400.webp 545w\" sizes=\"(max-width: 600px) 100vw, 600px\" \/>\t\t\t\t\t\t\n\t\t\t\t\t<\/div>\n\t\t\t\t\t\t<\/a>\t\t\n<style>\n#image_1852081575 {\n  width: 100%;\n}\n<\/style>\n\t<\/div>\n\t\n\n\n\t\t<\/div>\n\t\t\t\t\t<\/div>\n\n\t\n\n<\/div>\n\n\t\t<\/div>\n\t\t\t\t\t<\/div>\n\n\t\n\n<\/div>\n\n\t\t<\/div>\n\n\t\t\n<style>\n#section_1405070250 {\n  padding-top: 30px;\n  padding-bottom: 30px;\n}\n<\/style>\n\t<\/section>\n\t\n\t<section class=\"section\" id=\"section_1548417775\">\n\t\t<div class=\"bg section-bg fill bg-fill  bg-loaded\" >\n\n\t\t\t\n\t\t\t\n\t\t\t\n\n\t\t<\/div>\n\n\t\t\n\n\t\t<div class=\"section-content relative\">\n\t\t\t\n\n<div class=\"row\"  id=\"row-1832978388\">\n\n\n\t<div id=\"col-1676148416\" class=\"col small-12 large-12\"  >\n\t\t\t\t<div class=\"col-inner\"  >\n\t\t\t\n\t\t\t\n\n<div class=\"row align-equal align-center\"  id=\"row-1061939286\">\n\n\n\t<div id=\"col-1872043531\" class=\"col small-12 large-12\"  >\n\t\t\t\t<div class=\"col-inner\"  >\n\t\t\t\n\t\t\t\n\n\t<div id=\"text-4065598866\" class=\"text\">\n\t\t\n\n<h2>Por qu\u00e9 elegir Impacttesting.net<br \/>FBT-01 Comprobador de ca\u00edda de bola<\/h2>\n\t\t\n<style>\n#text-4065598866 {\n  font-size: 1.4rem;\n  text-align: center;\n}\n<\/style>\n\t<\/div>\n\t\n\n\t\t<\/div>\n\t\t\t\t\t<\/div>\n\n\t\n\n\t<div id=\"col-1809285848\" class=\"col medium-6 small-12 large-6\"  >\n\t\t\t\t<div class=\"col-inner text-center\"  >\n\t\t\t\n\t\t\t\n\n\t<div id=\"text-2325562135\" class=\"text\">\n\t\t\n\n<p>Cumplimiento de <a href=\"https:\/\/www.impacttesting.net\/es\/ansi-z87-1\/\"><strong>ANSI Z87.1<\/strong><\/a> mediante pruebas fiables de ca\u00edda de bola garantizan que las gafas de seguridad puedan soportar los riesgos industriales cotidianos. Con las soluciones avanzadas de Cell Instruments como el <strong>FBT-01<\/strong>, ganar\u00e1 confianza en la capacidad de cumplimiento y protecci\u00f3n de su producto.<\/p>\n<p>Deje que Cell Instruments sea su socio para lograr la excelencia en los ensayos de materiales y el cumplimiento de la norma ANSI Z87.1.<\/p>\n\t\t\n<style>\n#text-2325562135 {\n  font-size: 1.1rem;\n  line-height: 2;\n}\n<\/style>\n\t<\/div>\n\t\n<a href=\"https:\/\/www.impacttesting.net\/es\/contact-us\/\" class=\"button primary is-outline\"  style=\"border-radius:99px;\">\n    <span>Contacte con nosotros<\/span>\n  <i class=\"icon-chat\" aria-hidden=\"true\" ><\/i><\/a>\n\n\n\n\t\t<\/div>\n\t\t\t\t\t<\/div>\n\n\t\n\n\t<div id=\"col-202318877\" class=\"col medium-4 small-12 large-4\"  >\n\t\t\t\t<div class=\"col-inner text-center\"  >\n\t\t\t\n\t\t\t\n\n\n<div class=\"wpcf7 no-js\" id=\"wpcf7-f10-o1\" lang=\"en-US\" dir=\"ltr\" data-wpcf7-id=\"10\">\n<div class=\"screen-reader-response\"><p role=\"status\" aria-live=\"polite\" aria-atomic=\"true\"><\/p> <ul><\/ul><\/div>\n<form action=\"\/es\/wp-json\/wp\/v2\/pages\/57#wpcf7-f10-o1\" method=\"post\" class=\"wpcf7-form init\" aria-label=\"Formulario de contacto\" novalidate=\"novalidate\" data-status=\"init\" data-trp-original-action=\"\/es\/wp-json\/wp\/v2\/pages\/57#wpcf7-f10-o1\">\n<fieldset class=\"hidden-fields-container\"><input type=\"hidden\" name=\"_wpcf7\" value=\"10\" \/><input type=\"hidden\" name=\"_wpcf7_version\" value=\"6.1.4\" \/><input type=\"hidden\" name=\"_wpcf7_locale\" value=\"en_US\" \/><input type=\"hidden\" name=\"_wpcf7_unit_tag\" value=\"wpcf7-f10-o1\" \/><input type=\"hidden\" name=\"_wpcf7_container_post\" value=\"0\" \/><input type=\"hidden\" name=\"_wpcf7_posted_data_hash\" value=\"\" \/><input type=\"hidden\" name=\"_wpcf7_recaptcha_response\" value=\"\" \/>\n<\/fieldset>\n<p><span class=\"wpcf7-form-control-wrap\" data-name=\"Name\"><input size=\"40\" maxlength=\"400\" class=\"wpcf7-form-control wpcf7-text\" aria-invalid=\"false\" placeholder=\"Su nombre\" value=\"\" type=\"text\" name=\"Name\" \/><\/span><br \/>\n<span class=\"wpcf7-form-control-wrap\" data-name=\"Comapany\"><input size=\"40\" maxlength=\"400\" class=\"wpcf7-form-control wpcf7-text\" aria-invalid=\"false\" placeholder=\"Su empresa\" value=\"\" type=\"text\" name=\"Comapany\" \/><\/span><br \/>\n<span class=\"wpcf7-form-control-wrap\" data-name=\"Email\"><input size=\"40\" maxlength=\"400\" class=\"wpcf7-form-control wpcf7-email wpcf7-validates-as-required wpcf7-text wpcf7-validates-as-email\" aria-required=\"true\" aria-invalid=\"false\" placeholder=\"Su correo electr\u00f3nico\" value=\"\" type=\"email\" name=\"Email\" \/><\/span><br \/>\n<span class=\"wpcf7-form-control-wrap\" data-name=\"Message\"><textarea cols=\"40\" rows=\"10\" maxlength=\"2000\" class=\"wpcf7-form-control wpcf7-textarea\" aria-invalid=\"false\" placeholder=\"Mensaje\" name=\"Message\"><\/textarea><\/span>\n<\/p>\n<p><input class=\"wpcf7-form-control wpcf7-submit has-spinner\" type=\"submit\" value=\"Enviar\" \/>\n<\/p><div class=\"wpcf7-response-output\" aria-hidden=\"true\"><\/div>\n<input type=\"hidden\" name=\"trp-form-language\" value=\"es\"\/><\/form>\n<\/div>\n\n\n\n\t\t<\/div>\n\t\t\t\t\t<\/div>\n\n\t\n\n<\/div>\n\n\t\t<\/div>\n\t\t\t\t\t<\/div>\n\n\t\n\n<\/div>\n\n\t\t<\/div>\n\n\t\t\n<style>\n#section_1548417775 {\n  padding-top: 30px;\n  padding-bottom: 30px;\n  background-color: rgb(232, 234, 241);\n}\n<\/style>\n\t<\/section>","protected":false},"excerpt":{"rendered":"","protected":false},"author":1,"featured_media":0,"parent":0,"menu_order":0,"comment_status":"closed","ping_status":"closed","template":"page-blank.php","meta":{"footnotes":""},"class_list":["post-57","page","type-page","status-publish","hentry"],"_links":{"self":[{"href":"https:\/\/www.impacttesting.net\/es\/wp-json\/wp\/v2\/pages\/57","targetHints":{"allow":["GET"]}}],"collection":[{"href":"https:\/\/www.impacttesting.net\/es\/wp-json\/wp\/v2\/pages"}],"about":[{"href":"https:\/\/www.impacttesting.net\/es\/wp-json\/wp\/v2\/types\/page"}],"author":[{"embeddable":true,"href":"https:\/\/www.impacttesting.net\/es\/wp-json\/wp\/v2\/users\/1"}],"replies":[{"embeddable":true,"href":"https:\/\/www.impacttesting.net\/es\/wp-json\/wp\/v2\/comments?post=57"}],"version-history":[{"count":4,"href":"https:\/\/www.impacttesting.net\/es\/wp-json\/wp\/v2\/pages\/57\/revisions"}],"predecessor-version":[{"id":68,"href":"https:\/\/www.impacttesting.net\/es\/wp-json\/wp\/v2\/pages\/57\/revisions\/68"}],"wp:attachment":[{"href":"https:\/\/www.impacttesting.net\/es\/wp-json\/wp\/v2\/media?parent=57"}],"curies":[{"name":"wp","href":"https:\/\/api.w.org\/{rel}","templated":true}]}}