{"id":48,"date":"2025-12-24T03:25:25","date_gmt":"2025-12-24T03:25:25","guid":{"rendered":"https:\/\/www.impacttesting.net\/?page_id=48"},"modified":"2025-12-24T05:48:32","modified_gmt":"2025-12-24T05:48:32","slug":"pendulum-impact-tester","status":"publish","type":"page","link":"https:\/\/www.impacttesting.net\/es\/pendulum-impact-tester\/","title":{"rendered":"PIT-01 P\u00e9ndulo de impacto"},"content":{"rendered":"<section class=\"section\" id=\"section_802861093\">\n\t\t<div class=\"bg section-bg fill bg-fill  bg-loaded\" >\n\n\t\t\t\n\t\t\t\n\t\t\t\n\n\t\t<\/div>\n\n\t\t\n\n\t\t<div class=\"section-content relative\">\n\t\t\t\n\n<div class=\"row\"  id=\"row-723237996\">\n\n\n\t<div id=\"col-225289355\" class=\"col small-12 large-12\"  >\n\t\t\t\t<div class=\"col-inner\" style=\"background-color:rgb(92, 171, 188);\" >\n\t\t\t\n\t\t\t\n\n<div class=\"row\"  id=\"row-148785089\">\n\n\n\t<div id=\"col-1604338147\" class=\"col small-12 large-12\"  >\n\t\t\t\t<div class=\"col-inner\"  >\n\t\t\t\n\t\t\t\n\n\t<div id=\"text-2663575858\" class=\"text\">\n\t\t\n\n<h1>PIT-01 P\u00e9ndulo de impacto<\/h1>\n\t\t\n<style>\n#text-2663575858 {\n  font-size: 1.5rem;\n  text-align: center;\n}\n<\/style>\n\t<\/div>\n\t\n\n\t\t<\/div>\n\t\t\t\t\n<style>\n#col-1604338147 > .col-inner {\n  padding: 50px 10px 10px 10px;\n}\n<\/style>\n\t<\/div>\n\n\t\n\n<\/div>\n<div class=\"row align-middle align-center\"  id=\"row-368937096\">\n\n\n\t<div id=\"col-1970023373\" class=\"col medium-11 small-12 large-11\"  >\n\t\t\t\t<div class=\"col-inner\"  >\n\t\t\t\n\t\t\t\n\n<div class=\"row align-middle align-center\"  id=\"row-1687628599\">\n\n\n\t<div id=\"col-1973519207\" class=\"col medium-7 small-12 large-7\"  >\n\t\t\t\t<div class=\"col-inner\"  >\n\t\t\t\n\t\t\t\n\n<div class=\"row\"  id=\"row-378526527\">\n\n\n\t<div id=\"col-1354704601\" class=\"col small-12 large-12\"  >\n\t\t\t\t<div class=\"col-inner text-center\"  >\n\t\t\t\n\t\t\t\n\n\t<div id=\"text-236314015\" class=\"text\">\n\t\t\n\n<p>En <strong>p\u00e9ndulo de impacto<\/strong> mide la capacidad de un material para resistir impactos repentinos registrando la energ\u00eda necesaria para provocar la rotura o la penetraci\u00f3n. <a href=\"https:\/\/www.impacttesting.net\/es\/astm-d3420\/\"><strong>ASTM D3420<\/strong><\/a> proporciona un m\u00e9todo estandarizado para evaluar la resistencia al impacto de las pel\u00edculas de pl\u00e1stico, garantizando un control de calidad y una caracterizaci\u00f3n del material coherentes. Los materiales que se someten a ensayo habitualmente son <strong>pel\u00edculas de pl\u00e1stico, laminados, compuestos, l\u00e1minas y papel utilizados en envases<\/strong>aplicaciones de automoci\u00f3n y construcci\u00f3n.<\/p>\n\t\t\n<style>\n#text-236314015 {\n  color: rgb(0, 0, 0);\n}\n#text-236314015 > * {\n  color: rgb(0, 0, 0);\n}\n<\/style>\n\t<\/div>\n\t\n\n\t\t<\/div>\n\t\t\t\t\t<\/div>\n\n\t\n\n\t<div id=\"col-692206816\" class=\"col small-12 large-12\"  >\n\t\t\t\t<div class=\"col-inner text-center\"  >\n\t\t\t\n\t\t\t\n\n<a href=\"https:\/\/www.impacttesting.net\/es\/contact-us\/\" class=\"button primary is-outline\"  style=\"border-radius:99px;\">\n    <span>Contacte con nosotros<\/span>\n  <i class=\"icon-chat\" aria-hidden=\"true\" ><\/i><\/a>\n\n\n\n\t\t<\/div>\n\t\t\t\t\t<\/div>\n\n\t\n\n<\/div>\n\n\t\t<\/div>\n\t\t\t\t\t<\/div>\n\n\t\n\n\t<div id=\"col-2103814379\" class=\"col medium-4 small-12 large-4\"  >\n\t\t\t\t<div class=\"col-inner\"  >\n\t\t\t\n\t\t\t\n\n<div class=\"row\"  id=\"row-1942219354\">\n\n\n\t<div id=\"col-2089234898\" class=\"col small-12 large-12\"  >\n\t\t\t\t<div class=\"col-inner\"  >\n\t\t\t\n\t\t\t\n\n\t<div class=\"img has-hover x md-x lg-x y md-y lg-y\" id=\"image_1947487884\">\n\t\t\t\t\t\t\t\t<div class=\"img-inner dark\" >\n\t\t\t<img decoding=\"async\" width=\"728\" height=\"800\" src=\"https:\/\/www.impacttesting.net\/wp-content\/uploads\/2025\/12\/Pendulum-Impact-Tester-ASTM-D3420-amp-Spencer-Impact-Test-Impact-Testing-728x800.webp\" class=\"attachment-large size-large\" alt=\"Ensayo de impacto pendular - ASTM D3420 y ensayo de impacto Spencer - Ensayo de impacto\" srcset=\"https:\/\/www.impacttesting.net\/wp-content\/uploads\/2025\/12\/Pendulum-Impact-Tester-ASTM-D3420-amp-Spencer-Impact-Test-Impact-Testing-728x800.webp 728w, https:\/\/www.impacttesting.net\/wp-content\/uploads\/2025\/12\/Pendulum-Impact-Tester-ASTM-D3420-amp-Spencer-Impact-Test-Impact-Testing-364x400.webp 364w, https:\/\/www.impacttesting.net\/wp-content\/uploads\/2025\/12\/Pendulum-Impact-Tester-ASTM-D3420-amp-Spencer-Impact-Test-Impact-Testing-768x844.webp 768w, https:\/\/www.impacttesting.net\/wp-content\/uploads\/2025\/12\/Pendulum-Impact-Tester-ASTM-D3420-amp-Spencer-Impact-Test-Impact-Testing-1397x1536.webp 1397w, https:\/\/www.impacttesting.net\/wp-content\/uploads\/2025\/12\/Pendulum-Impact-Tester-ASTM-D3420-amp-Spencer-Impact-Test-Impact-Testing.webp 1558w\" sizes=\"(max-width: 728px) 100vw, 728px\" \/>\t\t\t\t\t\t\n\t\t\t\t\t<\/div>\n\t\t\t\t\t\t\t\t\n<style>\n#image_1947487884 {\n  width: 100%;\n}\n<\/style>\n\t<\/div>\n\t\n\n\n\t\t<\/div>\n\t\t\t\t\t<\/div>\n\n\t\n\n<\/div>\n\n\t\t<\/div>\n\t\t\t\t\t<\/div>\n\n\t\n\n<\/div>\n\n\t\t<\/div>\n\t\t\t\t\t<\/div>\n\n\t\n\n<\/div>\n\n\t\t<\/div>\n\t\t\t\t\t<\/div>\n\n\t\n\n\n<style>\n#row-723237996 > .col > .col-inner {\n  border-radius: 25px;\n}\n<\/style>\n<\/div>\n\n\t\t<\/div>\n\n\t\t\n<style>\n#section_802861093 {\n  padding-top: 30px;\n  padding-bottom: 30px;\n}\n<\/style>\n\t<\/section>\n\t\n\t<section class=\"section\" id=\"section_1613295550\">\n\t\t<div class=\"bg section-bg fill bg-fill  bg-loaded\" >\n\n\t\t\t\n\t\t\t\n\t\t\t\n\n\t\t<\/div>\n\n\t\t\n\n\t\t<div class=\"section-content relative\">\n\t\t\t\n\n<div class=\"row\"  id=\"row-1014655656\">\n\n\n\t<div id=\"col-661151128\" class=\"col small-12 large-12\"  >\n\t\t\t\t<div class=\"col-inner\"  >\n\t\t\t\n\t\t\t\n\n<div class=\"row\"  id=\"row-1793481852\">\n\n\n\t<div id=\"col-1065374397\" class=\"col small-12 large-12\"  >\n\t\t\t\t<div class=\"col-inner\"  >\n\t\t\t\n\t\t\t\n\n<div class=\"row\"  id=\"row-973859286\">\n\n\n\t<div id=\"col-355167473\" class=\"col small-12 large-12\"  >\n\t\t\t\t<div class=\"col-inner\"  >\n\t\t\t\n\t\t\t\n\n\t<div id=\"text-4137019561\" class=\"text\">\n\t\t\n\n<h2>C\u00f3mo funciona el p\u00e9ndulo de impacto<\/h2>\n\t\t\n<style>\n#text-4137019561 {\n  font-size: 1.3rem;\n  text-align: center;\n}\n<\/style>\n\t<\/div>\n\t\n<p>En <strong>PIT-01 P\u00e9ndulo de impacto<\/strong> por <strong>Impacttesting.net<\/strong> est\u00e1 dise\u00f1ado para proporcionar mediciones de resistencia al impacto precisas y repetibles. El proceso de prueba implica:<\/p>\n\n\t\t<\/div>\n\t\t\t\t\t<\/div>\n\n\t\n\n<\/div>\n<div class=\"row align-middle\"  id=\"row-1176416486\">\n\n\n\t<div id=\"col-1169703159\" class=\"col medium-6 small-12 large-6\"  >\n\t\t\t\t<div class=\"col-inner\"  >\n\t\t\t\n\t\t\t\n\n<ol>\n<li>Preparaci\u00f3n de la muestra: Se selecciona una muestra de espesor y consistencia uniformes.<\/li>\n<li>Sujeci\u00f3n de la muestra: La pel\u00edcula se fija en su lugar mediante un sistema de sujeci\u00f3n neum\u00e1tico.<\/li>\n<li>Liberaci\u00f3n del p\u00e9ndulo: El p\u00e9ndulo, equipado con una cabeza de impacto, se libera autom\u00e1ticamente desde una altura predefinida.<\/li>\n<li>Medici\u00f3n del impacto: Se registra la energ\u00eda absorbida por el material al impactar.<\/li>\n<li>An\u00e1lisis de datos: Los resultados se muestran en una interfaz digital, con una microimpresora opcional para la elaboraci\u00f3n inmediata de informes.<\/li>\n<\/ol>\n\n\t\t<\/div>\n\t\t\t\t\t<\/div>\n\n\t\n\n\t<div id=\"col-453744270\" class=\"col medium-6 small-12 large-6\"  >\n\t\t\t\t<div class=\"col-inner\"  >\n\t\t\t\n\t\t\t\n\n<div class=\"video video-fit mb\" style=\"padding-top:56.25%;\"><iframe title=\"ASTM D3420 Probador de Impacto de P\u00e9ndulo Para L\u00e1minas de Pl\u00e1stico Probador de Impacto\" width=\"1020\" height=\"574\" src=\"https:\/\/www.youtube.com\/embed\/vEx4esxMESw?feature=oembed\" frameborder=\"0\" allow=\"accelerometer; autoplay; clipboard-write; encrypted-media; gyroscope; picture-in-picture; web-share\" referrerpolicy=\"strict-origin-when-cross-origin\" allowfullscreen><\/iframe><\/div>\n\n\n\t\t<\/div>\n\t\t\t\t\t<\/div>\n\n\t\n\n<\/div>\n\n\t\t<\/div>\n\t\t\t\t\t<\/div>\n\n\t\n\n<\/div>\n\n\t\t<\/div>\n\t\t\t\t\t<\/div>\n\n\t\n\n<\/div>\n<div class=\"row\"  id=\"row-1268256297\">\n\n\n\t<div id=\"col-523668711\" class=\"col small-12 large-12\"  >\n\t\t\t\t<div class=\"col-inner\"  >\n\t\t\t\n\t\t\t\n\n<div class=\"row\"  id=\"row-1900479407\">\n\n\n\t<div id=\"col-1141304370\" class=\"col small-12 large-12\"  >\n\t\t\t\t<div class=\"col-inner\"  >\n\t\t\t\n\t\t\t\n\n\t<div id=\"text-4227256427\" class=\"text\">\n\t\t\n\n<h2>ASTM D3420 y ensayo de impacto Spencer<\/h2>\n\t\t\n<style>\n#text-4227256427 {\n  font-size: 1.3rem;\n  text-align: center;\n}\n<\/style>\n\t<\/div>\n\t\n\n\t\t<\/div>\n\t\t\t\t\t<\/div>\n\n\t\n\n\t<div id=\"col-1156496771\" class=\"col small-12 large-12\"  >\n\t\t\t\t<div class=\"col-inner\"  >\n\t\t\t\n\t\t\t\n\n<h3>ASTM D3420 - M\u00e9todo de ensayo para la resistencia al impacto pendular de pel\u00edculas de pl\u00e1stico<\/h3>\n<p><a href=\"https:\/\/www.impacttesting.net\/es\/astm-d3420\/\">ASTM D3420<\/a> especifica un m\u00e9todo para determinar el <strong>resistencia al impacto de las pel\u00edculas de pl\u00e1stico<\/strong> midiendo la energ\u00eda necesaria para que un p\u00e9ndulo penetre en una probeta. La prueba est\u00e1 dise\u00f1ada para proporcionar informaci\u00f3n sobre el comportamiento din\u00e1mico a la tracci\u00f3n de un material en condiciones de alta velocidad de deformaci\u00f3n, por lo que es esencial para la evaluaci\u00f3n de materiales de envasado.<\/p>\n<p>Los aspectos clave de la norma ASTM D3420 incluyen:<\/p>\n<p>Medici\u00f3n de la p\u00e9rdida de energ\u00eda debida al impacto de una sonda pendular sobre la probeta de ensayo.<br \/>Dos procedimientos (A y B) que difieren en el tama\u00f1o de la muestra, con <strong>Procedimiento B, a menudo denominado \"prueba de impacto Spencer\".<\/strong>.<br \/>Importancia en aplicaciones que requieren una gran resistencia al impacto, como las pel\u00edculas para envasado de alimentos y productos farmac\u00e9uticos.<\/p>\n<h3>Prueba de impacto Spencer: Una variante especializada<\/h3>\n<p>En <strong>Prueba de impacto Spencer<\/strong> es una variante de la norma ASTM D3420, normalmente asociada a <strong>Procedimiento B<\/strong>que utiliza un <strong>Pinza para muestras de 89 mm de di\u00e1metro<\/strong>. Este m\u00e9todo se utiliza ampliamente para evaluar las pel\u00edculas empleadas en envases flexibles, garantizando que los materiales puedan soportar tensiones mec\u00e1nicas sin desgarrarse ni perforarse.<\/p>\n\n\t\t<\/div>\n\t\t\t\t\t<\/div>\n\n\t\n\n<\/div>\n\n\t\t<\/div>\n\t\t\t\t\t<\/div>\n\n\t\n\n<\/div>\n<div class=\"row\"  id=\"row-20513620\">\n\n\n\t<div id=\"col-1198474262\" class=\"col small-12 large-12\"  >\n\t\t\t\t<div class=\"col-inner\"  >\n\t\t\t\n\t\t\t\n\n<div class=\"row\"  id=\"row-956632680\">\n\n\n\t<div id=\"col-116419518\" class=\"col small-12 large-12\"  >\n\t\t\t\t<div class=\"col-inner\"  >\n\t\t\t\n\t\t\t\n\n\t<div id=\"text-1833340734\" class=\"text\">\n\t\t\n\n<h2>PIT-01 P\u00e9ndulo de impacto<\/h2>\n\t\t\n<style>\n#text-1833340734 {\n  font-size: 1.3rem;\n  text-align: center;\n}\n<\/style>\n\t<\/div>\n\t\n\n\t\t<\/div>\n\t\t\t\t\t<\/div>\n\n\t\n\n<\/div>\n<div class=\"row\"  id=\"row-1258871488\">\n\n\n\t<div id=\"col-1426740764\" class=\"col medium-6 small-12 large-6\"  >\n\t\t\t\t<div class=\"col-inner\"  >\n\t\t\t\n\t\t\t\n\n<h3>Caracter\u00edsticas principales:<\/h3>\n<p>El p\u00e9ndulo de impacto PIT-01 de Cell Instruments ofrece funciones avanzadas para ensayos de materiales de alta precisi\u00f3n:<\/p>\n<ul>\n<li>Control PLC y pantalla t\u00e1ctil HMI para un manejo sencillo.<\/li>\n<li>Sujeci\u00f3n neum\u00e1tica de las muestras para garantizar un posicionamiento estable.<\/li>\n<li>Liberaci\u00f3n autom\u00e1tica del p\u00e9ndulo para pruebas de impacto consistentes.<\/li>\n<li>Autoestad\u00edstica de datos y microimpresora para una documentaci\u00f3n eficaz de los resultados.<\/li>\n<li>Medici\u00f3n precisa de \u00e1ngulos para c\u00e1lculos exactos de energ\u00eda.<\/li>\n<li>Puerto RS232 y software (opcional) para el an\u00e1lisis avanzado de datos.<\/li>\n<\/ul>\n\n\t\t<\/div>\n\t\t\t\t\t<\/div>\n\n\t\n\n\t<div id=\"col-1590862905\" class=\"col medium-6 small-12 large-6\"  >\n\t\t\t\t<div class=\"col-inner\"  >\n\t\t\t\n\t\t\t\n\n<h3>Especificaciones t\u00e9cnicas:<\/h3>\n<table width=\"360\">\n<tbody>\n<tr>\n<td style=\"text-align: center;\" width=\"143\">Energ\u00eda de impacto<\/td>\n<td style=\"text-align: center;\" width=\"217\">1 J, 2 J, 3 J<\/td>\n<\/tr>\n<tr>\n<td style=\"text-align: center;\" width=\"143\">Resoluci\u00f3n<\/td>\n<td style=\"text-align: center;\" width=\"217\">\u00a00.001 J<\/td>\n<\/tr>\n<tr>\n<td style=\"text-align: center;\" width=\"143\">Tama\u00f1o de la cabeza de impacto<\/td>\n<td style=\"text-align: center;\" width=\"217\">\u042425,4, \u042419, \u042412,7 mm\u00a0<\/td>\n<\/tr>\n<tr>\n<td style=\"text-align: center;\" width=\"143\">Pinza para muestras<\/td>\n<td style=\"text-align: center;\" width=\"217\">Pinza neum\u00e1tica<\/td>\n<\/tr>\n<tr>\n<td style=\"text-align: center;\" width=\"143\">Di\u00e1metro de la abrazadera<\/td>\n<td style=\"text-align: center;\" width=\"217\">\u042489 mm, \u042460 mm<\/td>\n<\/tr>\n<tr>\n<td style=\"text-align: center;\" width=\"143\">Suministro de gas<\/td>\n<td style=\"text-align: center;\" width=\"217\">0,6 MPa \u03a66 mm Tubo de PU<\/td>\n<\/tr>\n<tr>\n<td style=\"text-align: center;\" width=\"143\">Tama\u00f1o de la muestra<\/td>\n<td style=\"text-align: center;\" width=\"217\">100*100 mm o \u0424100 mm<\/td>\n<\/tr>\n<tr>\n<td style=\"text-align: center;\" width=\"143\">Fuente de alimentaci\u00f3n\u00a0<\/td>\n<td style=\"text-align: center;\" width=\"217\">CA 110~220V 50Hz<\/td>\n<\/tr>\n<\/tbody>\n<\/table>\n\n\t\t<\/div>\n\t\t\t\t\t<\/div>\n\n\t\n\n<\/div>\n\n\t\t<\/div>\n\t\t\t\t\t<\/div>\n\n\t\n\n<\/div>\n\n\t\t<\/div>\n\n\t\t\n<style>\n#section_1613295550 {\n  padding-top: 30px;\n  padding-bottom: 30px;\n}\n<\/style>\n\t<\/section>\n\t\n\t<section class=\"section\" id=\"section_2136003845\">\n\t\t<div class=\"bg section-bg fill bg-fill  bg-loaded\" >\n\n\t\t\t\n\t\t\t\n\t\t\t\n\n\t\t<\/div>\n\n\t\t\n\n\t\t<div class=\"section-content relative\">\n\t\t\t\n\n<div class=\"row\"  id=\"row-378644872\">\n\n\n\t<div id=\"col-1719205752\" class=\"col small-12 large-12\"  >\n\t\t\t\t<div class=\"col-inner\"  >\n\t\t\t\n\t\t\t\n\n<div class=\"row align-equal align-center\"  id=\"row-1325865230\">\n\n\n\t<div id=\"col-1227366\" class=\"col small-12 large-12\"  >\n\t\t\t\t<div class=\"col-inner\"  >\n\t\t\t\n\t\t\t\n\n\t<div id=\"text-2471143345\" class=\"text\">\n\t\t\n\n<h2>Por qu\u00e9 elegir Impacttesting.net<br \/>PIT-01 P\u00e9ndulo de impacto<\/h2>\n\t\t\n<style>\n#text-2471143345 {\n  font-size: 1.4rem;\n  text-align: center;\n}\n<\/style>\n\t<\/div>\n\t\n\n\t\t<\/div>\n\t\t\t\t\t<\/div>\n\n\t\n\n\t<div id=\"col-194268861\" class=\"col medium-6 small-12 large-6\"  >\n\t\t\t\t<div class=\"col-inner text-center\"  >\n\t\t\t\n\t\t\t\n\n\t<div id=\"text-2572937005\" class=\"text\">\n\t\t\n\n<p>Mediante la integraci\u00f3n <strong>ensayo de impacto pendular<\/strong> en sus procesos de control de calidad, puede mejorar la durabilidad del producto y el cumplimiento de las normas del sector. <strong>Impacttesting.net<\/strong> ofrece soluciones de vanguardia para satisfacer sus necesidades de ensayo de materiales.<\/p>\n\t\t\n<style>\n#text-2572937005 {\n  font-size: 1.1rem;\n  line-height: 2;\n}\n<\/style>\n\t<\/div>\n\t\n<a href=\"https:\/\/www.impacttesting.net\/es\/contact-us\/\" class=\"button primary is-outline\"  style=\"border-radius:99px;\">\n    <span>Contacte con nosotros<\/span>\n  <i class=\"icon-chat\" aria-hidden=\"true\" ><\/i><\/a>\n\n\n\n\t\t<\/div>\n\t\t\t\t\t<\/div>\n\n\t\n\n\t<div id=\"col-305519290\" class=\"col medium-4 small-12 large-4\"  >\n\t\t\t\t<div class=\"col-inner text-center\"  >\n\t\t\t\n\t\t\t\n\n\n<div class=\"wpcf7 no-js\" id=\"wpcf7-f10-o1\" lang=\"en-US\" dir=\"ltr\" data-wpcf7-id=\"10\">\n<div class=\"screen-reader-response\"><p role=\"status\" aria-live=\"polite\" aria-atomic=\"true\"><\/p> <ul><\/ul><\/div>\n<form action=\"\/es\/wp-json\/wp\/v2\/pages\/48#wpcf7-f10-o1\" method=\"post\" class=\"wpcf7-form init\" aria-label=\"Formulario de contacto\" novalidate=\"novalidate\" data-status=\"init\" data-trp-original-action=\"\/es\/wp-json\/wp\/v2\/pages\/48#wpcf7-f10-o1\">\n<fieldset class=\"hidden-fields-container\"><input type=\"hidden\" name=\"_wpcf7\" value=\"10\" \/><input type=\"hidden\" name=\"_wpcf7_version\" value=\"6.1.4\" \/><input type=\"hidden\" name=\"_wpcf7_locale\" value=\"en_US\" \/><input type=\"hidden\" name=\"_wpcf7_unit_tag\" value=\"wpcf7-f10-o1\" \/><input type=\"hidden\" name=\"_wpcf7_container_post\" value=\"0\" \/><input type=\"hidden\" name=\"_wpcf7_posted_data_hash\" value=\"\" \/><input type=\"hidden\" name=\"_wpcf7_recaptcha_response\" value=\"\" \/>\n<\/fieldset>\n<p><span class=\"wpcf7-form-control-wrap\" data-name=\"Name\"><input size=\"40\" maxlength=\"400\" class=\"wpcf7-form-control wpcf7-text\" aria-invalid=\"false\" placeholder=\"Su nombre\" value=\"\" type=\"text\" name=\"Name\" \/><\/span><br \/>\n<span class=\"wpcf7-form-control-wrap\" data-name=\"Comapany\"><input size=\"40\" maxlength=\"400\" class=\"wpcf7-form-control wpcf7-text\" aria-invalid=\"false\" placeholder=\"Su empresa\" value=\"\" type=\"text\" name=\"Comapany\" \/><\/span><br \/>\n<span class=\"wpcf7-form-control-wrap\" data-name=\"Email\"><input size=\"40\" maxlength=\"400\" class=\"wpcf7-form-control wpcf7-email wpcf7-validates-as-required wpcf7-text wpcf7-validates-as-email\" aria-required=\"true\" aria-invalid=\"false\" placeholder=\"Su correo electr\u00f3nico\" value=\"\" type=\"email\" name=\"Email\" \/><\/span><br \/>\n<span class=\"wpcf7-form-control-wrap\" data-name=\"Message\"><textarea cols=\"40\" rows=\"10\" maxlength=\"2000\" class=\"wpcf7-form-control wpcf7-textarea\" aria-invalid=\"false\" placeholder=\"Mensaje\" name=\"Message\"><\/textarea><\/span>\n<\/p>\n<p><input class=\"wpcf7-form-control wpcf7-submit has-spinner\" type=\"submit\" value=\"Enviar\" \/>\n<\/p><div class=\"wpcf7-response-output\" aria-hidden=\"true\"><\/div>\n<input type=\"hidden\" name=\"trp-form-language\" value=\"es\"\/><\/form>\n<\/div>\n\n\n\n\t\t<\/div>\n\t\t\t\t\t<\/div>\n\n\t\n\n<\/div>\n\n\t\t<\/div>\n\t\t\t\t\t<\/div>\n\n\t\n\n<\/div>\n\n\t\t<\/div>\n\n\t\t\n<style>\n#section_2136003845 {\n  padding-top: 30px;\n  padding-bottom: 30px;\n  background-color: rgb(232, 234, 241);\n}\n<\/style>\n\t<\/section>","protected":false},"excerpt":{"rendered":"","protected":false},"author":1,"featured_media":0,"parent":0,"menu_order":0,"comment_status":"closed","ping_status":"closed","template":"page-blank.php","meta":{"footnotes":""},"class_list":["post-48","page","type-page","status-publish","hentry"],"_links":{"self":[{"href":"https:\/\/www.impacttesting.net\/es\/wp-json\/wp\/v2\/pages\/48","targetHints":{"allow":["GET"]}}],"collection":[{"href":"https:\/\/www.impacttesting.net\/es\/wp-json\/wp\/v2\/pages"}],"about":[{"href":"https:\/\/www.impacttesting.net\/es\/wp-json\/wp\/v2\/types\/page"}],"author":[{"embeddable":true,"href":"https:\/\/www.impacttesting.net\/es\/wp-json\/wp\/v2\/users\/1"}],"replies":[{"embeddable":true,"href":"https:\/\/www.impacttesting.net\/es\/wp-json\/wp\/v2\/comments?post=48"}],"version-history":[{"count":5,"href":"https:\/\/www.impacttesting.net\/es\/wp-json\/wp\/v2\/pages\/48\/revisions"}],"predecessor-version":[{"id":72,"href":"https:\/\/www.impacttesting.net\/es\/wp-json\/wp\/v2\/pages\/48\/revisions\/72"}],"wp:attachment":[{"href":"https:\/\/www.impacttesting.net\/es\/wp-json\/wp\/v2\/media?parent=48"}],"curies":[{"name":"wp","href":"https:\/\/api.w.org\/{rel}","templated":true}]}}