{"id":85,"date":"2025-12-24T07:51:49","date_gmt":"2025-12-24T07:51:49","guid":{"rendered":"https:\/\/www.impacttesting.net\/?page_id=85"},"modified":"2025-12-24T07:51:49","modified_gmt":"2025-12-24T07:51:49","slug":"iso-7765-1","status":"publish","type":"page","link":"https:\/\/www.impacttesting.net\/de\/iso-7765-1\/","title":{"rendered":"ISO 7765-1"},"content":{"rendered":"<section class=\"section\" id=\"section_2115673179\">\n\t\t<div class=\"bg section-bg fill bg-fill  bg-loaded\" >\n\n\t\t\t\n\t\t\t\n\t\t\t\n\n\t\t<\/div>\n\n\t\t\n\n\t\t<div class=\"section-content relative\">\n\t\t\t\n\n<div class=\"row\"  id=\"row-1408795296\">\n\n\n\t<div id=\"col-1435881891\" class=\"col small-12 large-12\"  >\n\t\t\t\t<div class=\"col-inner\" style=\"background-color:rgb(92, 171, 188);\" >\n\t\t\t\n\t\t\t\n\n<div class=\"row\"  id=\"row-235255912\">\n\n\n\t<div id=\"col-111736869\" class=\"col small-12 large-12\"  >\n\t\t\t\t<div class=\"col-inner\"  >\n\t\t\t\n\t\t\t\n\n\t<div id=\"text-2489855730\" class=\"text\">\n\t\t\n\n<h1>ISO 7765-1<\/h1>\n\t\t\n<style>\n#text-2489855730 {\n  font-size: 1.5rem;\n  text-align: center;\n}\n<\/style>\n\t<\/div>\n\t\n\t<div id=\"text-4029232346\" class=\"text\">\n\t\t\n\n<h2>Frei fallende Dart-Methode<\/h2>\n\t\t\n<style>\n#text-4029232346 {\n  text-align: center;\n}\n<\/style>\n\t<\/div>\n\t\n\n\t\t<\/div>\n\t\t\t\t\n<style>\n#col-111736869 > .col-inner {\n  padding: 50px 10px 10px 10px;\n}\n<\/style>\n\t<\/div>\n\n\t\n\n<\/div>\n<div class=\"row align-middle align-center\"  id=\"row-848895507\">\n\n\n\t<div id=\"col-551490764\" class=\"col medium-11 small-12 large-11\"  >\n\t\t\t\t<div class=\"col-inner\"  >\n\t\t\t\n\t\t\t\n\n<div class=\"row align-center\"  id=\"row-934055335\">\n\n\n\t<div id=\"col-868988060\" class=\"col medium-7 small-12 large-7\"  >\n\t\t\t\t<div class=\"col-inner\"  >\n\t\t\t\n\t\t\t\n\n<div class=\"row\"  id=\"row-1572260254\">\n\n\n\t<div id=\"col-1903343329\" class=\"col small-12 large-12\"  >\n\t\t\t\t<div class=\"col-inner text-center\"  >\n\t\t\t\n\t\t\t\n\n\t<div id=\"text-621454772\" class=\"text\">\n\t\t\n\n<p>\u00dcbernahme von <a href=\"https:\/\/www.impacttesting.net\/de\/iso-7765-1\/\"><strong>ISO 7765-1<\/strong><\/a> und die Verwendung des <strong>Freifallpfeil-Methode<\/strong> bef\u00e4higt Material- und Verpackungsexperten zu einer genauen Bewertung <strong>Dartschlagfestigkeit<\/strong>Sie stellen sicher, dass die Folien die Haltbarkeits- und Sicherheitsstandards erf\u00fcllen. <strong>ISO 7765-1<\/strong> ist ideal f\u00fcr Kunststofffolien und -platten, die in der Verpackung, Landwirtschaft, Medizin und Industrie eingesetzt werden.<\/p>\n\t\t\n<style>\n#text-621454772 {\n  color: rgb(0, 0, 0);\n}\n#text-621454772 > * {\n  color: rgb(0, 0, 0);\n}\n<\/style>\n\t<\/div>\n\t\n\n\t\t<\/div>\n\t\t\t\t\t<\/div>\n\n\t\n\n\t<div id=\"col-1609255735\" class=\"col small-12 large-12\"  >\n\t\t\t\t<div class=\"col-inner text-center\"  >\n\t\t\t\n\t\t\t\n\n<a href=\"https:\/\/www.impacttesting.net\/de\/contact-us\/\" class=\"button primary is-outline\"  style=\"border-radius:99px;\">\n    <span>Kontakt<\/span>\n  <i class=\"icon-chat\" aria-hidden=\"true\" ><\/i><\/a>\n\n\n\n\t\t<\/div>\n\t\t\t\t\t<\/div>\n\n\t\n\n<\/div>\n\n\t\t<\/div>\n\t\t\t\t\t<\/div>\n\n\t\n\n\t<div id=\"col-1857398312\" class=\"col medium-4 small-12 large-4\"  >\n\t\t\t\t<div class=\"col-inner\"  >\n\t\t\t\n\t\t\t\n\n<div class=\"row\"  id=\"row-841969563\">\n\n\n\t<div id=\"col-2001069132\" class=\"col small-12 large-12\"  >\n\t\t\t\t<div class=\"col-inner\"  >\n\t\t\t\n\t\t\t\n\n\t<div class=\"img has-hover x md-x lg-x y md-y lg-y\" id=\"image_1814341695\">\n\t\t\t\t\t\t\t\t<div class=\"img-inner dark\" >\n\t\t\t<img decoding=\"async\" width=\"600\" height=\"440\" src=\"https:\/\/www.impacttesting.net\/wp-content\/uploads\/2025\/12\/ISO-7765-1-Free-Falling-Dart-Method.webp\" class=\"attachment-large size-large\" alt=\"ISO 7765-1 Freifallpfeil-Methode\" srcset=\"https:\/\/www.impacttesting.net\/wp-content\/uploads\/2025\/12\/ISO-7765-1-Free-Falling-Dart-Method.webp 600w, https:\/\/www.impacttesting.net\/wp-content\/uploads\/2025\/12\/ISO-7765-1-Free-Falling-Dart-Method-545x400.webp 545w\" sizes=\"(max-width: 600px) 100vw, 600px\" \/>\t\t\t\t\t\t\n\t\t\t\t\t<\/div>\n\t\t\t\t\t\t\t\t\n<style>\n#image_1814341695 {\n  width: 100%;\n}\n<\/style>\n\t<\/div>\n\t\n\n\n\t\t<\/div>\n\t\t\t\t\t<\/div>\n\n\t\n\n<\/div>\n\n\t\t<\/div>\n\t\t\t\t\t<\/div>\n\n\t\n\n<\/div>\n\n\t\t<\/div>\n\t\t\t\t\t<\/div>\n\n\t\n\n<\/div>\n\n\t\t<\/div>\n\t\t\t\t\t<\/div>\n\n\t\n\n\n<style>\n#row-1408795296 > .col > .col-inner {\n  border-radius: 25px;\n}\n<\/style>\n<\/div>\n\n\t\t<\/div>\n\n\t\t\n<style>\n#section_2115673179 {\n  padding-top: 30px;\n  padding-bottom: 30px;\n}\n<\/style>\n\t<\/section>\n\t\n\t<section class=\"section\" id=\"section_777244322\">\n\t\t<div class=\"bg section-bg fill bg-fill  bg-loaded\" >\n\n\t\t\t\n\t\t\t\n\t\t\t\n\n\t\t<\/div>\n\n\t\t\n\n\t\t<div class=\"section-content relative\">\n\t\t\t\n\n<div class=\"row\"  id=\"row-1342875985\">\n\n\n\t<div id=\"col-1093882360\" class=\"col small-12 large-12\"  >\n\t\t\t\t<div class=\"col-inner\"  >\n\t\t\t\n\t\t\t\n\n<div class=\"row\"  id=\"row-886033384\">\n\n\n\t<div id=\"col-1240175694\" class=\"col small-12 large-12\"  >\n\t\t\t\t<div class=\"col-inner\"  >\n\t\t\t\n\t\t\t\n\n\t<div id=\"text-846183004\" class=\"text\">\n\t\t\n\n<h2>ISO 7765-1 und seine Bedeutung<\/h2>\n\t\t\n<style>\n#text-846183004 {\n  font-size: 1.3rem;\n  text-align: center;\n}\n<\/style>\n\t<\/div>\n\t\n\n\t\t<\/div>\n\t\t\t\t\t<\/div>\n\n\t\n\n\t<div id=\"col-2048732353\" class=\"col small-12 large-12\"  >\n\t\t\t\t<div class=\"col-inner\"  >\n\t\t\t\n\t\t\t\n\n<p>Verstehen und umsetzen <strong>ISO 7765-1<\/strong> ist entscheidend f\u00fcr Fachleute, die mit Kunststofffolien und flexiblen Materialien arbeiten. Diese internationale Norm umrei\u00dft das Verfahren zur Bestimmung der <strong>Dartschlagfestigkeit<\/strong> einer Kunststofffolie unter Verwendung des <strong>Freifallpfeil-Methode<\/strong>ein wichtiger Test zur Qualit\u00e4tskontrolle. Die genaue Anwendung dieser Methode hilft den Herstellern zu beurteilen, wie gut die Materialien Sto\u00dfbelastungen standhalten k\u00f6nnen - ein Indikator f\u00fcr die Haltbarkeit und Leistung in realen Anwendungen. In Branchen wie der Verpackungs-, Pharma-, Elektronik- und Lebensmittelbranche gew\u00e4hrleistet die Einhaltung von ISO 7765-1 Zuverl\u00e4ssigkeit, Konsistenz und die Einhaltung globaler Standards.<\/p>\n\n\t\t<\/div>\n\t\t\t\t\t<\/div>\n\n\t\n\n<\/div>\n\n\t\t<\/div>\n\t\t\t\t\t<\/div>\n\n\t\n\n<\/div>\n<div class=\"row\"  id=\"row-148067875\">\n\n\n\t<div id=\"col-1215267685\" class=\"col small-12 large-12\"  >\n\t\t\t\t<div class=\"col-inner\"  >\n\t\t\t\n\t\t\t\n\n<div class=\"row\"  id=\"row-575968285\">\n\n\n\t<div id=\"col-408993907\" class=\"col small-12 large-12\"  >\n\t\t\t\t<div class=\"col-inner\"  >\n\t\t\t\n\t\t\t\n\n<div class=\"row\"  id=\"row-551404218\">\n\n\n\t<div id=\"col-580684863\" class=\"col small-12 large-12\"  >\n\t\t\t\t<div class=\"col-inner\"  >\n\t\t\t\n\t\t\t\n\n\t<div id=\"text-402933546\" class=\"text\">\n\t\t\n\n<h2>Die Methode des frei fallenden Pfeils verstehen<\/h2>\n\t\t\n<style>\n#text-402933546 {\n  font-size: 1.3rem;\n  text-align: center;\n}\n<\/style>\n\t<\/div>\n\t\n\n\t\t<\/div>\n\t\t\t\t\t<\/div>\n\n\t\n\n<\/div>\n<div class=\"row align-middle\"  id=\"row-1523245488\">\n\n\n\t<div id=\"col-1962614492\" class=\"col medium-7 small-12 large-7\"  >\n\t\t\t\t<div class=\"col-inner\"  >\n\t\t\t\n\t\t\t\n\n<div><strong>ISO 7765-1<\/strong> spezifiziert ein Pr\u00fcfverfahren zur Bestimmung der Energie, die erforderlich ist, um ein Versagen von Kunststofffolien durch den Aufprall eines frei fallenden Pfeils zu verursachen. Die Pr\u00fcfung identifiziert die <strong>Masse des Aufprallversagens<\/strong>definiert als die Masse des Pfeils, die unter genormten Bedingungen zum Versagen von 50% der Probek\u00f6rper f\u00fchrt.<\/div>\n<div>Es gibt zwei Hauptverfahren:<\/div>\n<ul>\n<li><strong>Methode A<\/strong> verwendet eine <strong>38 mm<\/strong> Durchmesser des Pfeils, der von <strong>0,66 Meter<\/strong>.<\/li>\n<li><strong>Methode B<\/strong> verwendet eine <strong>50 mm<\/strong> Durchmesser des Pfeils, der von <strong>1,5 Meter<\/strong>.<\/li>\n<\/ul>\n<p>Jede Methode eignet sich f\u00fcr unterschiedliche Materialarten und -dicken, und die erzielten Ergebnisse sind nicht austauschbar.<\/p>\n\n\t\t<\/div>\n\t\t\t\t\t<\/div>\n\n\t\n\n\t<div id=\"col-2139316559\" class=\"col medium-5 small-12 large-5\"  >\n\t\t\t\t<div class=\"col-inner\"  >\n\t\t\t\n\t\t\t\n\n\t<div class=\"img has-hover x md-x lg-x y md-y lg-y\" id=\"image_146816785\">\n\t\t<a class=\"\" href=\"https:\/\/www.impacttesting.net\/de\/falling-dart-impact-tester\/\" >\t\t\t\t\t\t<div class=\"img-inner dark\" >\n\t\t\t<img decoding=\"async\" width=\"600\" height=\"440\" src=\"https:\/\/www.impacttesting.net\/wp-content\/uploads\/2025\/12\/ISO-7765-1-Free-Falling-Dart-Method.webp\" class=\"attachment-large size-large\" alt=\"ISO 7765-1 Freifallpfeil-Methode\" srcset=\"https:\/\/www.impacttesting.net\/wp-content\/uploads\/2025\/12\/ISO-7765-1-Free-Falling-Dart-Method.webp 600w, https:\/\/www.impacttesting.net\/wp-content\/uploads\/2025\/12\/ISO-7765-1-Free-Falling-Dart-Method-545x400.webp 545w\" sizes=\"(max-width: 600px) 100vw, 600px\" \/>\t\t\t\t\t\t\n\t\t\t\t\t<\/div>\n\t\t\t\t\t\t<\/a>\t\t\n<style>\n#image_146816785 {\n  width: 100%;\n}\n<\/style>\n\t<\/div>\n\t\n\n\n\t\t<\/div>\n\t\t\t\t\t<\/div>\n\n\t\n\n<\/div>\n\n\t\t<\/div>\n\t\t\t\t\t<\/div>\n\n\t\n\n<\/div>\n\n\t\t<\/div>\n\t\t\t\t\t<\/div>\n\n\t\n\n<\/div>\n<div class=\"row\"  id=\"row-1401811573\">\n\n\n\t<div id=\"col-1083252866\" class=\"col small-12 large-12\"  >\n\t\t\t\t<div class=\"col-inner\"  >\n\t\t\t\n\t\t\t\n\n<div class=\"row\"  id=\"row-1976199423\">\n\n\n\t<div id=\"col-1487391929\" class=\"col small-12 large-12\"  >\n\t\t\t\t<div class=\"col-inner\"  >\n\t\t\t\n\t\t\t\n\n\t<div id=\"text-3648752533\" class=\"text\">\n\t\t\n\n<h2>Methode des frei fallenden Pfeils: Bedeutung und Ablauf<\/h2>\n\t\t\n<style>\n#text-3648752533 {\n  font-size: 1.3rem;\n  text-align: center;\n}\n<\/style>\n\t<\/div>\n\t\n\n\t\t<\/div>\n\t\t\t\t\t<\/div>\n\n\t\n\n<\/div>\n<div class=\"row\"  id=\"row-519286176\">\n\n\n\t<div id=\"col-669611866\" class=\"col medium-6 small-12 large-6\"  >\n\t\t\t\t<div class=\"col-inner\"  >\n\t\t\t\n\t\t\t\n\n<h3>Vorbereitung auf den Test<\/h3>\n<p>Bevor Sie den Test durchf\u00fchren:<\/p>\n<ul>\n<li><strong>Bedingung: Exemplare<\/strong> bei 23\u00b0C \u00b1 2\u00b0C und 50% \u00b1 5% RH f\u00fcr mindestens 40 Stunden.<\/li>\n<li>W\u00e4hlen Sie Exemplare mit <strong>gleichm\u00e4\u00dfige Dicke<\/strong> (\u00b110% vom Nennwert).<\/li>\n<li>Verwenden Sie <strong>30 oder mehr Proben<\/strong> um die statistische Relevanz zu gew\u00e4hrleisten.<\/li>\n<\/ul>\n\n\t\t<\/div>\n\t\t\t\t\t<\/div>\n\n\t\n\n\t<div id=\"col-1723613109\" class=\"col medium-6 small-12 large-6\"  >\n\t\t\t\t<div class=\"col-inner\"  >\n\t\t\t\n\t\t\t\n\n<h3>Anforderungen an die Ausr\u00fcstung<\/h3>\n<div>Ein Standard-Testaufbau umfasst:<\/div>\n<ul>\n<li>A <strong>Pfeil mit halbkugelf\u00f6rmigem Kopf<\/strong> und abnehmbare inkrementelle Gewichte.<\/li>\n<li>Eine <strong>Elektromagnet oder mechanisch<\/strong> Ausl\u00f6semechanismus f\u00fcr kontrollierten Abwurf.<\/li>\n<li>A <strong>zweiteiliges Spannsystem<\/strong> um das Exemplar fest zu halten.<\/li>\n<li>A <strong>Mikrometer<\/strong> f\u00fcr eine pr\u00e4zise Dickenmessung.<\/li>\n<li><strong>Sicherheitsabschirmung<\/strong> zum Schutz der Benutzer und des Ger\u00e4ts.<\/li>\n<\/ul>\n\n\t\t<\/div>\n\t\t\t\t\t<\/div>\n\n\t\n\n<\/div>\n<div class=\"row align-middle\"  id=\"row-287769224\">\n\n\n\t<div id=\"col-894033455\" class=\"col small-12 large-12\"  >\n\t\t\t\t<div class=\"col-inner\"  >\n\t\t\t\n\t\t\t\n\n\t<div id=\"text-2012961548\" class=\"text\">\n\t\t\n\n<h3>Durchf\u00fchrung des Dart-Schlagfestigkeitstests<\/h3>\n\t\t\n<style>\n#text-2012961548 {\n  text-align: center;\n}\n<\/style>\n\t<\/div>\n\t\n\n\t\t<\/div>\n\t\t\t\t\t<\/div>\n\n\t\n\n\t<div id=\"col-1311984775\" class=\"col medium-6 small-12 large-6\"  >\n\t\t\t\t<div class=\"col-inner\"  >\n\t\t\t\n\t\t\t\n\n<h4>1. W\u00e4hlen Sie die Pr\u00fcfmethode (A oder B):<\/h4>\n<ul>\n<li><strong>Methode A<\/strong>: 38-mm-Pfeil, 0,66 m Fallh\u00f6he.<\/li>\n<li><strong>Methode B<\/strong>: 50-mm-Pfeil, 1,5 m Fallh\u00f6he.<\/li>\n<\/ul>\n<h4>2. Bereiten Sie die Probe vor und klemmen Sie sie ein:<\/h4>\n<p>Achten Sie darauf, dass die Folie flach und faltenfrei liegt. Verwenden Sie bei Bedarf rutschhemmende Ma\u00dfnahmen wie Krokustuch oder Schleifpapier.<\/p>\n<h4>3. Stellen Sie die Abn\u00e4her- und Inkrementalgewichte ein:<\/h4>\n<p>Beginnen Sie mit einer bekannten Masse und erh\u00f6hen oder verringern Sie diese anhand der Ausfallergebnisse, bis die Ausfallrate von 50% ermittelt ist.<\/p>\n\n\t\t<\/div>\n\t\t\t\t\t<\/div>\n\n\t\n\n\t<div id=\"col-890964157\" class=\"col medium-6 small-12 large-6\"  >\n\t\t\t\t<div class=\"col-inner\"  >\n\t\t\t\n\t\t\t\n\n<div class=\"video video-fit mb\" style=\"padding-top:56.25%;\"><iframe title=\"Falling Dart Impact Tester f\u00fcr Kunststofffolien und -platten Methode A und Methode B ASTM D1709 ISO 7765-1\" width=\"1020\" height=\"574\" src=\"https:\/\/www.youtube.com\/embed\/a3_9M0x3w7U?feature=oembed\" frameborder=\"0\" allow=\"accelerometer; autoplay; clipboard-write; encrypted-media; gyroscope; picture-in-picture; web-share\" referrerpolicy=\"strict-origin-when-cross-origin\" allowfullscreen><\/iframe><\/div>\n\n\n\t\t<\/div>\n\t\t\t\t\t<\/div>\n\n\t\n\n\t<div id=\"col-2120891802\" class=\"col small-12 large-12\"  >\n\t\t\t\t<div class=\"col-inner\"  >\n\t\t\t\n\t\t\t\n\n<h4>4. Lassen Sie den Pfeil los:<\/h4>\n<p>Verwenden Sie den Elektromagneten oder den Luftausl\u00f6ser, um den Pfeil senkrecht auf die Mitte der Probe fallen zu lassen.<\/p>\n<h4>5. Halten Sie das Ergebnis fest:<\/h4>\n<p>Notieren Sie, ob die Probe versagt (durchbohrt oder zerbrochen) oder \u00fcberlebt. Fahren Sie fort, bis Sie die Masse des Schlagversagens statistisch berechnen k\u00f6nnen.<\/p>\n<h4>6. Analysieren Sie die Ergebnisse:<\/h4>\n<p>Bewerten Sie die Ergebnisse unter Ber\u00fccksichtigung der Probendicke, der Materialkonsistenz und der Ausfallrate. Die Ergebnisse nach ISO 7765-1 k\u00f6nnen f\u00fcr den Materialvergleich n\u00fctzlich sein, sollten aber nicht f\u00fcr unterschiedliche Dicken normalisiert werden.<\/p>\n\n\t\t<\/div>\n\t\t\t\t\t<\/div>\n\n\t\n\n<\/div>\n\n\t\t<\/div>\n\t\t\t\t\t<\/div>\n\n\t\n\n<\/div>\n\n\t\t<\/div>\n\n\t\t\n<style>\n#section_777244322 {\n  padding-top: 30px;\n  padding-bottom: 30px;\n}\n<\/style>\n\t<\/section>\n\t\n\t<section class=\"section\" id=\"section_1280844877\">\n\t\t<div class=\"bg section-bg fill bg-fill  bg-loaded\" >\n\n\t\t\t\n\t\t\t\n\t\t\t\n\n\t\t<\/div>\n\n\t\t\n\n\t\t<div class=\"section-content relative\">\n\t\t\t\n\n<div class=\"row\"  id=\"row-1210326003\">\n\n\n\t<div id=\"col-1665367218\" class=\"col small-12 large-12\"  >\n\t\t\t\t<div class=\"col-inner\"  >\n\t\t\t\n\t\t\t\n\n<div class=\"row align-center\"  id=\"row-1666899385\">\n\n\n\t<div id=\"col-494176784\" class=\"col small-12 large-12\"  >\n\t\t\t\t<div class=\"col-inner\"  >\n\t\t\t\n\t\t\t\n\n\t<div id=\"text-2573703832\" class=\"text\">\n\t\t\n\n<h2>Warum Impacttesting.net's w\u00e4hlen?<br \/>FDT-01 Dart Drop Tester<\/h2>\n\t\t\n<style>\n#text-2573703832 {\n  font-size: 1.4rem;\n  text-align: center;\n}\n<\/style>\n\t<\/div>\n\t\n\n\t\t<\/div>\n\t\t\t\t\t<\/div>\n\n\t\n\n\t<div id=\"col-954835874\" class=\"col small-12 large-12\"  >\n\t\t\t\t<div class=\"col-inner\"  >\n\t\t\t\n\t\t\t\n\n<p>Zur Gew\u00e4hrleistung von Pr\u00e4zision, Wiederholbarkeit und Einhaltung von <strong>ISO 7765-1<\/strong>empfehlen wir die <strong>FDT-01 <a href=\"https:\/\/www.impacttesting.net\/de\/falling-dart-impact-tester\/\">Dart Impact Tester <\/a><\/strong>von <strong>Impakttesting.net<\/strong>.<\/p>\n\n\t\t<\/div>\n\t\t\t\t\t<\/div>\n\n\t\n\n\t<div id=\"col-1853096785\" class=\"col medium-7 small-12 large-7\"  >\n\t\t\t\t<div class=\"col-inner text-center\"  >\n\t\t\t\n\t\t\t\n\n\t<div id=\"text-1422664741\" class=\"text\">\n\t\t\n\n<p class=\"\" data-start=\"4386\" data-end=\"4422\">Pr\u00e4zise Einstellung der Abn\u00e4herh\u00f6he.<br \/>Einfache Probenmontage mit pneumatischen Klemmen.<br \/>Sammlung und Analyse von Daten \u00fcber die Auswirkungen in Echtzeit.<br \/>\u00dcbereinstimmung mit Methode A und Methode B.<\/p>\n\t\t\n<style>\n#text-1422664741 {\n  font-size: 1.1rem;\n  line-height: 1.3;\n}\n<\/style>\n\t<\/div>\n\t\n\t<div id=\"text-1364004718\" class=\"text\">\n\t\t\n\n<p class=\"\" data-start=\"4676\" data-end=\"4874\">Seine fortschrittlichen Sicherheitsfunktionen und digitalen Steuerungen minimieren menschliche Fehler und sorgen f\u00fcr zuverl\u00e4ssige, reproduzierbare Ergebnisse - ein Muss f\u00fcr Verpackungsfolienhersteller, Verarbeiter und Qualit\u00e4tskontrolllabors.<\/p>\n\t\t\n<style>\n#text-1364004718 {\n  font-size: 1.1rem;\n}\n<\/style>\n\t<\/div>\n\t\n<a href=\"https:\/\/www.impacttesting.net\/de\/contact-us\/\" class=\"button primary is-outline\"  style=\"border-radius:99px;\">\n    <span>Kontakt<\/span>\n  <i class=\"icon-chat\" aria-hidden=\"true\" ><\/i><\/a>\n\n\n\n\t\t<\/div>\n\t\t\t\t\t<\/div>\n\n\t\n\n\t<div id=\"col-2135805487\" class=\"col medium-4 small-12 large-4\"  >\n\t\t\t\t<div class=\"col-inner text-center\"  >\n\t\t\t\n\t\t\t\n\n\n<div class=\"wpcf7 no-js\" id=\"wpcf7-f10-o1\" lang=\"en-US\" dir=\"ltr\" data-wpcf7-id=\"10\">\n<div class=\"screen-reader-response\"><p role=\"status\" aria-live=\"polite\" aria-atomic=\"true\"><\/p> <ul><\/ul><\/div>\n<form action=\"\/de\/wp-json\/wp\/v2\/pages\/85#wpcf7-f10-o1\" method=\"post\" class=\"wpcf7-form init\" aria-label=\"Contact form\" novalidate=\"novalidate\" data-status=\"init\" data-trp-original-action=\"\/de\/wp-json\/wp\/v2\/pages\/85#wpcf7-f10-o1\">\n<fieldset class=\"hidden-fields-container\"><input type=\"hidden\" name=\"_wpcf7\" value=\"10\" \/><input type=\"hidden\" name=\"_wpcf7_version\" value=\"6.1.4\" \/><input type=\"hidden\" name=\"_wpcf7_locale\" value=\"en_US\" \/><input type=\"hidden\" name=\"_wpcf7_unit_tag\" value=\"wpcf7-f10-o1\" \/><input type=\"hidden\" name=\"_wpcf7_container_post\" value=\"0\" \/><input type=\"hidden\" name=\"_wpcf7_posted_data_hash\" value=\"\" \/><input type=\"hidden\" name=\"_wpcf7_recaptcha_response\" value=\"\" \/>\n<\/fieldset>\n<p><span class=\"wpcf7-form-control-wrap\" data-name=\"Name\"><input size=\"40\" maxlength=\"400\" class=\"wpcf7-form-control wpcf7-text\" aria-invalid=\"false\" placeholder=\"Ihr Name\" value=\"\" type=\"text\" name=\"Name\" \/><\/span><br \/>\n<span class=\"wpcf7-form-control-wrap\" data-name=\"Comapany\"><input size=\"40\" maxlength=\"400\" class=\"wpcf7-form-control wpcf7-text\" aria-invalid=\"false\" placeholder=\"Ihr Unternehmen\" value=\"\" type=\"text\" name=\"Comapany\" \/><\/span><br \/>\n<span class=\"wpcf7-form-control-wrap\" data-name=\"Email\"><input size=\"40\" maxlength=\"400\" class=\"wpcf7-form-control wpcf7-email wpcf7-validates-as-required wpcf7-text wpcf7-validates-as-email\" aria-required=\"true\" aria-invalid=\"false\" placeholder=\"Ihre E-Mail*\" value=\"\" type=\"email\" name=\"Email\" \/><\/span><br \/>\n<span class=\"wpcf7-form-control-wrap\" data-name=\"Message\"><textarea cols=\"40\" rows=\"10\" maxlength=\"2000\" class=\"wpcf7-form-control wpcf7-textarea\" aria-invalid=\"false\" placeholder=\"Nachricht\" name=\"Message\"><\/textarea><\/span>\n<\/p>\n<p><input class=\"wpcf7-form-control wpcf7-submit has-spinner\" type=\"submit\" value=\"Einreichen\" \/>\n<\/p><div class=\"wpcf7-response-output\" aria-hidden=\"true\"><\/div>\n<input type=\"hidden\" name=\"trp-form-language\" value=\"de\"\/><\/form>\n<\/div>\n\n\n\n\t\t<\/div>\n\t\t\t\t\t<\/div>\n\n\t\n\n<\/div>\n\n\t\t<\/div>\n\t\t\t\t\t<\/div>\n\n\t\n\n<\/div>\n\n\t\t<\/div>\n\n\t\t\n<style>\n#section_1280844877 {\n  padding-top: 30px;\n  padding-bottom: 30px;\n  background-color: rgb(232, 234, 241);\n}\n<\/style>\n\t<\/section>","protected":false},"excerpt":{"rendered":"","protected":false},"author":1,"featured_media":0,"parent":0,"menu_order":0,"comment_status":"closed","ping_status":"closed","template":"page-blank.php","meta":{"footnotes":""},"class_list":["post-85","page","type-page","status-publish","hentry"],"_links":{"self":[{"href":"https:\/\/www.impacttesting.net\/de\/wp-json\/wp\/v2\/pages\/85","targetHints":{"allow":["GET"]}}],"collection":[{"href":"https:\/\/www.impacttesting.net\/de\/wp-json\/wp\/v2\/pages"}],"about":[{"href":"https:\/\/www.impacttesting.net\/de\/wp-json\/wp\/v2\/types\/page"}],"author":[{"embeddable":true,"href":"https:\/\/www.impacttesting.net\/de\/wp-json\/wp\/v2\/users\/1"}],"replies":[{"embeddable":true,"href":"https:\/\/www.impacttesting.net\/de\/wp-json\/wp\/v2\/comments?post=85"}],"version-history":[{"count":2,"href":"https:\/\/www.impacttesting.net\/de\/wp-json\/wp\/v2\/pages\/85\/revisions"}],"predecessor-version":[{"id":87,"href":"https:\/\/www.impacttesting.net\/de\/wp-json\/wp\/v2\/pages\/85\/revisions\/87"}],"wp:attachment":[{"href":"https:\/\/www.impacttesting.net\/de\/wp-json\/wp\/v2\/media?parent=85"}],"curies":[{"name":"wp","href":"https:\/\/api.w.org\/{rel}","templated":true}]}}