{"id":74,"date":"2025-12-24T06:33:06","date_gmt":"2025-12-24T06:33:06","guid":{"rendered":"https:\/\/www.impacttesting.net\/?page_id=74"},"modified":"2025-12-24T06:33:06","modified_gmt":"2025-12-24T06:33:06","slug":"ball-drop-tester","status":"publish","type":"page","link":"https:\/\/www.impacttesting.net\/de\/ball-drop-tester\/","title":{"rendered":"FBT-01 Kugelfallpr\u00fcfger\u00e4t"},"content":{"rendered":"<section class=\"section\" id=\"section_1777186321\">\n\t\t<div class=\"bg section-bg fill bg-fill  bg-loaded\" >\n\n\t\t\t\n\t\t\t\n\t\t\t\n\n\t\t<\/div>\n\n\t\t\n\n\t\t<div class=\"section-content relative\">\n\t\t\t\n\n<div class=\"row\"  id=\"row-1201912355\">\n\n\n\t<div id=\"col-405647181\" class=\"col small-12 large-12\"  >\n\t\t\t\t<div class=\"col-inner\" style=\"background-color:rgb(92, 171, 188);\" >\n\t\t\t\n\t\t\t\n\n<div class=\"row\"  id=\"row-2002161493\">\n\n\n\t<div id=\"col-472697813\" class=\"col small-12 large-12\"  >\n\t\t\t\t<div class=\"col-inner\"  >\n\t\t\t\n\t\t\t\n\n\t<div id=\"text-2652882513\" class=\"text\">\n\t\t\n\n<h1>FBT-01 Kugelfallpr\u00fcfger\u00e4t<\/h1>\n\t\t\n<style>\n#text-2652882513 {\n  font-size: 1.5rem;\n  text-align: center;\n}\n<\/style>\n\t<\/div>\n\t\n\n\t\t<\/div>\n\t\t\t\t\n<style>\n#col-472697813 > .col-inner {\n  padding: 50px 10px 10px 10px;\n}\n<\/style>\n\t<\/div>\n\n\t\n\n<\/div>\n<div class=\"row align-middle align-center\"  id=\"row-1440551958\">\n\n\n\t<div id=\"col-2019784425\" class=\"col medium-11 small-12 large-11\"  >\n\t\t\t\t<div class=\"col-inner\"  >\n\t\t\t\n\t\t\t\n\n<div class=\"row align-middle align-center\"  id=\"row-1970982768\">\n\n\n\t<div id=\"col-304101043\" class=\"col medium-7 small-12 large-7\"  >\n\t\t\t\t<div class=\"col-inner\"  >\n\t\t\t\n\t\t\t\n\n<div class=\"row\"  id=\"row-676286574\">\n\n\n\t<div id=\"col-2050831610\" class=\"col small-12 large-12\"  >\n\t\t\t\t<div class=\"col-inner text-center\"  >\n\t\t\t\n\t\t\t\n\n\t<div id=\"text-3824726544\" class=\"text\">\n\t\t\n\n<p>Die <a href=\"https:\/\/www.impacttesting.net\/de\/ball-drop-tester\/\"><strong>Kugelfallpr\u00fcfger\u00e4t<\/strong><\/a> ist ein wichtiges Instrument zur Bewertung der Schlagfestigkeit von Materialien wie Kunststoffplatten, Folien und Schutzbrillen. Diese Pr\u00fcfung ist in Branchen wie der Verpackungs-, Automobil- und Sicherheitsausr\u00fcstungsherstellung von entscheidender Bedeutung, da sie sicherstellt, dass die Materialien \u00e4u\u00dferen Kr\u00e4ften ohne gr\u00f6\u00dfere Sch\u00e4den standhalten k\u00f6nnen.<\/p>\n\t\t\n<style>\n#text-3824726544 {\n  color: rgb(0, 0, 0);\n}\n#text-3824726544 > * {\n  color: rgb(0, 0, 0);\n}\n<\/style>\n\t<\/div>\n\t\n\n\t\t<\/div>\n\t\t\t\t\t<\/div>\n\n\t\n\n\t<div id=\"col-608884693\" class=\"col small-12 large-12\"  >\n\t\t\t\t<div class=\"col-inner text-center\"  >\n\t\t\t\n\t\t\t\n\n<a href=\"https:\/\/www.impacttesting.net\/de\/contact-us\/\" class=\"button primary is-outline\"  style=\"border-radius:99px;\">\n    <span>Kontakt<\/span>\n  <i class=\"icon-chat\" aria-hidden=\"true\" ><\/i><\/a>\n\n\n\n\t\t<\/div>\n\t\t\t\t\t<\/div>\n\n\t\n\n<\/div>\n\n\t\t<\/div>\n\t\t\t\t\t<\/div>\n\n\t\n\n\t<div id=\"col-451942662\" class=\"col medium-3 small-12 large-3\"  >\n\t\t\t\t<div class=\"col-inner\"  >\n\t\t\t\n\t\t\t\n\n<div class=\"row\"  id=\"row-1403241320\">\n\n\n\t<div id=\"col-834621120\" class=\"col small-12 large-12\"  >\n\t\t\t\t<div class=\"col-inner text-center\"  >\n\t\t\t\n\t\t\t\n\n\t<div class=\"img has-hover x md-x lg-x y md-y lg-y\" id=\"image_312010299\">\n\t\t\t\t\t\t\t\t<div class=\"img-inner dark\" >\n\t\t\t<img decoding=\"async\" width=\"318\" height=\"800\" src=\"https:\/\/www.impacttesting.net\/wp-content\/uploads\/2025\/12\/Ball-Drop-Tester-Ball-Impact-Test-for-Safety-Glasses-318x800.webp\" class=\"attachment-large size-large\" alt=\"Ball Drop Tester - Kugelschlagtest f\u00fcr Schutzbrillen\" srcset=\"https:\/\/www.impacttesting.net\/wp-content\/uploads\/2025\/12\/Ball-Drop-Tester-Ball-Impact-Test-for-Safety-Glasses-318x800.webp 318w, https:\/\/www.impacttesting.net\/wp-content\/uploads\/2025\/12\/Ball-Drop-Tester-Ball-Impact-Test-for-Safety-Glasses-159x400.webp 159w, https:\/\/www.impacttesting.net\/wp-content\/uploads\/2025\/12\/Ball-Drop-Tester-Ball-Impact-Test-for-Safety-Glasses-768x1934.webp 768w, https:\/\/www.impacttesting.net\/wp-content\/uploads\/2025\/12\/Ball-Drop-Tester-Ball-Impact-Test-for-Safety-Glasses-610x1536.webp 610w, https:\/\/www.impacttesting.net\/wp-content\/uploads\/2025\/12\/Ball-Drop-Tester-Ball-Impact-Test-for-Safety-Glasses-813x2048.webp 813w, https:\/\/www.impacttesting.net\/wp-content\/uploads\/2025\/12\/Ball-Drop-Tester-Ball-Impact-Test-for-Safety-Glasses-scaled.webp 1017w\" sizes=\"(max-width: 318px) 100vw, 318px\" \/>\t\t\t\t\t\t\n\t\t\t\t\t<\/div>\n\t\t\t\t\t\t\t\t\n<style>\n#image_312010299 {\n  width: 80%;\n}\n<\/style>\n\t<\/div>\n\t\n\n\n\t\t<\/div>\n\t\t\t\t\t<\/div>\n\n\t\n\n<\/div>\n\n\t\t<\/div>\n\t\t\t\t\t<\/div>\n\n\t\n\n<\/div>\n\n\t\t<\/div>\n\t\t\t\t\t<\/div>\n\n\t\n\n<\/div>\n\n\t\t<\/div>\n\t\t\t\t\t<\/div>\n\n\t\n\n\n<style>\n#row-1201912355 > .col > .col-inner {\n  border-radius: 25px;\n}\n<\/style>\n<\/div>\n\n\t\t<\/div>\n\n\t\t\n<style>\n#section_1777186321 {\n  padding-top: 30px;\n  padding-bottom: 30px;\n}\n<\/style>\n\t<\/section>\n\t\n\t<section class=\"section\" id=\"section_1907034588\">\n\t\t<div class=\"bg section-bg fill bg-fill  bg-loaded\" >\n\n\t\t\t\n\t\t\t\n\t\t\t\n\n\t\t<\/div>\n\n\t\t\n\n\t\t<div class=\"section-content relative\">\n\t\t\t\n\n<div class=\"row\"  id=\"row-1849393518\">\n\n\n\t<div id=\"col-290332532\" class=\"col small-12 large-12\"  >\n\t\t\t\t<div class=\"col-inner\"  >\n\t\t\t\n\t\t\t\n\n<div class=\"row\"  id=\"row-914979926\">\n\n\n\t<div id=\"col-1721823499\" class=\"col small-12 large-12\"  >\n\t\t\t\t<div class=\"col-inner\"  >\n\t\t\t\n\t\t\t\n\n<div class=\"row align-middle align-center\"  id=\"row-352716899\">\n\n\n\t<div id=\"col-1409039559\" class=\"col medium-5 small-12 large-5\"  >\n\t\t\t\t<div class=\"col-inner text-center\"  >\n\t\t\t\n\t\t\t\n\n\t<div class=\"img has-hover x md-x lg-x y md-y lg-y\" id=\"image_1437632616\">\n\t\t\t\t\t\t\t\t<div class=\"img-inner dark\" >\n\t\t\t<img decoding=\"async\" width=\"600\" height=\"720\" src=\"https:\/\/www.impacttesting.net\/wp-content\/uploads\/2025\/12\/Ball-Drop-Tester.webp\" class=\"attachment-large size-large\" alt=\"Ball Drop Tester\" srcset=\"https:\/\/www.impacttesting.net\/wp-content\/uploads\/2025\/12\/Ball-Drop-Tester.webp 600w, https:\/\/www.impacttesting.net\/wp-content\/uploads\/2025\/12\/Ball-Drop-Tester-333x400.webp 333w\" sizes=\"(max-width: 600px) 100vw, 600px\" \/>\t\t\t\t\t\t\n\t\t\t\t\t<\/div>\n\t\t\t\t\t\t\t\t\n<style>\n#image_1437632616 {\n  width: 100%;\n}\n<\/style>\n\t<\/div>\n\t\n\n\n\t\t<\/div>\n\t\t\t\t\t<\/div>\n\n\t\n\n\t<div id=\"col-23477498\" class=\"col medium-7 small-12 large-7\"  >\n\t\t\t\t<div class=\"col-inner text-left\"  >\n\t\t\t\n\t\t\t\n\n\t<div id=\"text-3588441960\" class=\"text\">\n\t\t\n\n<h2>Den Ball Drop Tester verstehen<\/h2>\n\t\t\n<style>\n#text-3588441960 {\n  font-size: 1.3rem;\n  text-align: left;\n}\n<\/style>\n\t<\/div>\n\t\n<p>Das Ger\u00e4t funktioniert, indem eine Stahlkugel mit einer bestimmten Masse und einem bestimmten Durchmesser aus einer bestimmten H\u00f6he auf das Pr\u00fcfmuster fallen gelassen wird. Der Grad der Besch\u00e4digung oder Verformung wird analysiert, um die Sto\u00dffestigkeit zu bewerten. Diese Pr\u00fcfung ist besonders wichtig f\u00fcr die Einhaltung von Sicherheitsnormen wie <strong><a href=\"https:\/\/www.impacttesting.net\/de\/ansi-z87-1\/\">ANSI Z87.1<\/a> Aufpralltest<\/strong>.<\/p>\n<a href=\"https:\/\/www.impacttesting.net\/de\/contact-us\/\" class=\"button primary is-outline\"  style=\"border-radius:99px;\">\n    <span>Kontakt<\/span>\n  <\/a>\n\n\n\n\t\t<\/div>\n\t\t\t\t\t<\/div>\n\n\t\n\n<\/div>\n\n\t\t<\/div>\n\t\t\t\t\t<\/div>\n\n\t\n\n<\/div>\n\n\t\t<\/div>\n\t\t\t\t\t<\/div>\n\n\t\n\n<\/div>\n<div class=\"row\"  id=\"row-1559678411\">\n\n\n\t<div id=\"col-227138960\" class=\"col small-12 large-12\"  >\n\t\t\t\t<div class=\"col-inner\"  >\n\t\t\t\n\t\t\t\n\n<div class=\"row\"  id=\"row-289050755\">\n\n\n\t<div id=\"col-1253655997\" class=\"col small-12 large-12\"  >\n\t\t\t\t<div class=\"col-inner\"  >\n\t\t\t\n\t\t\t\n\n\t<div id=\"text-3615864118\" class=\"text\">\n\t\t\n\n<h2>ANSI Z87.1-Aufpralltest: Wichtigste Anforderungen<\/h2>\n\t\t\n<style>\n#text-3615864118 {\n  font-size: 1.3rem;\n  text-align: center;\n}\n<\/style>\n\t<\/div>\n\t\n\n\t\t<\/div>\n\t\t\t\t\t<\/div>\n\n\t\n\n<\/div>\n<div class=\"row align-middle align-center\"  id=\"row-119660086\">\n\n\n\t<div id=\"col-578768453\" class=\"col medium-7 small-12 large-7\"  >\n\t\t\t\t<div class=\"col-inner\"  >\n\t\t\t\n\t\t\t\n\n<p>Die <strong>ANSI Z87.1-Aufpralltest<\/strong> ist ein standardisiertes Verfahren zur Bewertung der Schlagfestigkeit von Schutzbrillen. Mit dieser Pr\u00fcfung soll sichergestellt werden, dass Sicherheitsbrillen, Schutzbrillen und Gesichtsschutzschilde die Mindestanforderungen zum Schutz vor Hochgeschwindigkeitsprojektilen erf\u00fcllen.<\/p>\n<h3>Pr\u00fcfger\u00e4t und Aufbau<\/h3>\n<ul>\n<li>Eine starre Kopfform wird verwendet, um den Pr\u00fcfling in einer nach oben gerichteten Position zu fixieren.<\/li>\n<li>A <strong>Stahlkugel mit 25,4 mm (1,0 Zoll) Durchmesser<\/strong>Wiegen <strong>68 g (2,4 Unzen)<\/strong>dient als Projektil.<\/li>\n<li>Die Stahlkugel wird aus einer <strong>H\u00f6he von 127 cm (50 in.)<\/strong> durch ein gef\u00fchrtes Rohr.<\/li>\n<li>Die Basis der Kopfform hat eine Masse von mindestens <strong>30 kg (66 lb)<\/strong> um die Stabilit\u00e4t w\u00e4hrend der Tests zu gew\u00e4hrleisten.<\/li>\n<\/ul>\n<h3>Testverfahren<\/h3>\n<ol>\n<li>Der Pr\u00fcfling wird sicher auf der Kopfform befestigt, um die realen Einsatzbedingungen zu simulieren.<\/li>\n<li>Ein St\u00fctzblock wird hinter der Probe platziert, um die korrekte Ausrichtung zu gew\u00e4hrleisten.<\/li>\n<li>Die Stahlkugel wird auf die Linse oder die Materialoberfl\u00e4che in H\u00f6he der Augenpartie fallen gelassen.<\/li>\n<li>Der Test wird viermal an verschiedenen Stellen des Glases wiederholt, um die Genauigkeit zu gew\u00e4hrleisten.<\/li>\n<li>Der Aufprallschaden wird analysiert, um festzustellen, ob das Material die Sicherheitskriterien erf\u00fcllt.<\/li>\n<\/ol>\n\n\t\t<\/div>\n\t\t\t\t\t<\/div>\n\n\t\n\n\t<div id=\"col-156369036\" class=\"col medium-4 small-12 large-4\"  >\n\t\t\t\t<div class=\"col-inner\"  >\n\t\t\t\n\t\t\t\n\n<div class=\"video video-fit mb\" style=\"padding-top:200%;\"><iframe title=\"Kugelfallpr\u00fcfger\u00e4t f\u00fcr Kunststofffolien und -platten\" width=\"563\" height=\"1000\" src=\"https:\/\/www.youtube.com\/embed\/AvdivZPwIxc?feature=oembed\" frameborder=\"0\" allow=\"accelerometer; autoplay; clipboard-write; encrypted-media; gyroscope; picture-in-picture; web-share\" referrerpolicy=\"strict-origin-when-cross-origin\" allowfullscreen><\/iframe><\/div>\n\n\n\t\t<\/div>\n\t\t\t\t\t<\/div>\n\n\t\n\n<\/div>\n\n\t\t<\/div>\n\t\t\t\t\t<\/div>\n\n\t\n\n<\/div>\n<div class=\"row\"  id=\"row-1870735891\">\n\n\n\t<div id=\"col-1617358910\" class=\"col small-12 large-12\"  >\n\t\t\t\t<div class=\"col-inner\"  >\n\t\t\t\n\t\t\t\n\n<div class=\"row\"  id=\"row-280395651\">\n\n\n\t<div id=\"col-606690744\" class=\"col small-12 large-12\"  >\n\t\t\t\t<div class=\"col-inner\"  >\n\t\t\t\n\t\t\t\n\n\t<div id=\"text-253892252\" class=\"text\">\n\t\t\n\n<h2>FBT-01 Falling Dart Impact Tester<\/h2>\n\t\t\n<style>\n#text-253892252 {\n  font-size: 1.3rem;\n  text-align: center;\n}\n<\/style>\n\t<\/div>\n\t\n\n\t\t<\/div>\n\t\t\t\t\t<\/div>\n\n\t\n\n<\/div>\n<div class=\"row align-middle align-center\"  id=\"row-536341857\">\n\n\n\t<div id=\"col-121503611\" class=\"col medium-6 small-12 large-6\"  >\n\t\t\t\t<div class=\"col-inner\"  >\n\t\t\t\n\t\t\t\n\n<h3>Wesentliche Merkmale:<\/h3>\n<ul>\n<li><strong>Einstellbare Aufprallh\u00f6he<\/strong> f\u00fcr kundenspezifische Testszenarien<\/li>\n<li><strong>Mehrere Kugelgr\u00f6\u00dfenoptionen<\/strong> f\u00fcr vielf\u00e4ltige Pr\u00fcfanwendungen<\/li>\n<li><strong>Elektromagnetische Kugelaufh\u00e4ngung<\/strong> f\u00fcr pr\u00e4zises Timing der Freigabe<\/li>\n<li><strong>Pneumatische Probeneinspannung<\/strong> zur sicheren Positionierung der Probe<\/li>\n<li><strong>Anzeige der Testergebnisse mehrerer Einheiten<\/strong> f\u00fcr eine einfache Datenauswertung<\/li>\n<li><strong>Integrierter Mikrodrucker<\/strong> zur Dokumentation der Ergebnisse vor Ort<\/li>\n<li><strong>Optionale professionelle Software<\/strong> f\u00fcr die erweiterte Datenanalyse<\/li>\n<\/ul>\n\n\t\t<\/div>\n\t\t\t\t\t<\/div>\n\n\t\n\n\t<div id=\"col-1917319371\" class=\"col medium-6 small-12 large-6\"  >\n\t\t\t\t<div class=\"col-inner\"  >\n\t\t\t\n\t\t\t\n\n<h3>Technische Daten:<\/h3>\n<ul>\n<li><strong>Aufprallh\u00f6he<\/strong>: Verstellbar von 300 mm bis 600 mm (je nach Bedarf erweiterbar)<\/li>\n<li><strong>Kugeldurchmesser<\/strong>: 23 mm, 25 mm, 28,6 mm, 38,1 mm, 50,8 mm<\/li>\n<li><strong>Genauigkeit<\/strong>: 0.1g (0.1J)<\/li>\n<li><strong>Probe Gr\u00f6\u00dfe<\/strong>: Mindestens 150 mm x 150 mm<\/li>\n<li><strong>Gasversorgung<\/strong>: 0,6 MPa PU-Rohr (\u03a68 mm)<\/li>\n<li><strong>Stromversorgung<\/strong>: AC 110~220V, 50Hz<\/li>\n<\/ul>\n\n\t\t<\/div>\n\t\t\t\t\t<\/div>\n\n\t\n\n<\/div>\n\n\t\t<\/div>\n\t\t\t\t\t<\/div>\n\n\t\n\n<\/div>\n<div class=\"row\"  id=\"row-1894541727\">\n\n\n\t<div id=\"col-449875745\" class=\"col small-12 large-12\"  >\n\t\t\t\t<div class=\"col-inner\"  >\n\t\t\t\n\t\t\t\n\n<div class=\"row\"  id=\"row-1855258345\">\n\n\n\t<div id=\"col-405429450\" class=\"col small-12 large-12\"  >\n\t\t\t\t<div class=\"col-inner\"  >\n\t\t\t\n\t\t\t\n\n\t<div id=\"text-604462370\" class=\"text\">\n\t\t\n\n<h2>Kugelschlagtest: Faktoren, die die Ergebnisse beeinflussen<\/h2>\n\t\t\n<style>\n#text-604462370 {\n  font-size: 1.3rem;\n  text-align: center;\n}\n<\/style>\n\t<\/div>\n\t\n\n\t\t<\/div>\n\t\t\t\t\t<\/div>\n\n\t\n\n\t<div id=\"col-1826946342\" class=\"col small-12 large-12\"  >\n\t\t\t\t<div class=\"col-inner\"  >\n\t\t\t\n\t\t\t\n\n<p>Bei der Kugelschlagpr\u00fcfung wird gemessen, wie gut Materialien einem heftigen Kontakt mit einem fallenden Gegenstand standhalten. Mehrere Faktoren beeinflussen die Testergebnisse:<\/p>\n<h4>1. Fallh\u00f6he<\/h4>\n<p>H\u00f6here Fallh\u00f6hen erzeugen eine gr\u00f6\u00dfere Aufprallenergie und simulieren damit extremere Szenarien in der Realit\u00e4t.<\/p>\n<h4>2. Gr\u00f6\u00dfe und Masse der Kugel<\/h4>\n<p>Gr\u00f6\u00dfere und schwerere Kugeln \u00fcben beim Aufprall eine gr\u00f6\u00dfere Kraft aus, was sich darauf auswirkt, wie stark sich ein Material verformt oder bricht.<\/p>\n<h4>3. Materialeigenschaften<\/h4>\n<p>Z\u00e4higkeit, Dicke und Elastizit\u00e4t tragen alle dazu bei, wie ein Material die Aufprallenergie absorbiert und ableitet.<\/p>\n\n\t\t<\/div>\n\t\t\t\t\t<\/div>\n\n\t\n\n<\/div>\n\n\t\t<\/div>\n\t\t\t\t\t<\/div>\n\n\t\n\n<\/div>\n\n\t\t<\/div>\n\n\t\t\n<style>\n#section_1907034588 {\n  padding-top: 30px;\n  padding-bottom: 30px;\n}\n<\/style>\n\t<\/section>\n\t\n\t<section class=\"section\" id=\"section_36597873\">\n\t\t<div class=\"bg section-bg fill bg-fill  bg-loaded\" >\n\n\t\t\t\n\t\t\t\n\t\t\t\n\n\t\t<\/div>\n\n\t\t\n\n\t\t<div class=\"section-content relative\">\n\t\t\t\n\n<div class=\"row\"  id=\"row-1970725275\">\n\n\n\t<div id=\"col-919831898\" class=\"col small-12 large-12\"  >\n\t\t\t\t<div class=\"col-inner\"  >\n\t\t\t\n\t\t\t\n\n<div class=\"row align-equal align-center\"  id=\"row-110692734\">\n\n\n\t<div id=\"col-138507181\" class=\"col small-12 large-12\"  >\n\t\t\t\t<div class=\"col-inner\"  >\n\t\t\t\n\t\t\t\n\n\t<div id=\"text-3037292598\" class=\"text\">\n\t\t\n\n<h2>Warum Impacttesting.net's w\u00e4hlen?<br \/>FBT-01 Kugelfallpr\u00fcfger\u00e4t<\/h2>\n\t\t\n<style>\n#text-3037292598 {\n  font-size: 1.4rem;\n  text-align: center;\n}\n<\/style>\n\t<\/div>\n\t\n\n\t\t<\/div>\n\t\t\t\t\t<\/div>\n\n\t\n\n\t<div id=\"col-649786487\" class=\"col medium-6 small-12 large-6\"  >\n\t\t\t\t<div class=\"col-inner text-center\"  >\n\t\t\t\n\t\t\t\n\n\t<div id=\"text-2844622760\" class=\"text\">\n\t\t\n\n<p>Die <strong>Kugelfallpr\u00fcfger\u00e4t<\/strong> ist ein wichtiges Instrument f\u00fcr Hersteller und Qualit\u00e4tskontrolleure. Es hilft sicherzustellen, dass die Materialien die Anforderungen an die Sto\u00dffestigkeit erf\u00fcllen, und schafft Vertrauen in die Haltbarkeit der Produkte und die Sicherheit der Benutzer. Ob die Pr\u00fcfung von Schutzbrillen unter <a href=\"https:\/\/www.impacttesting.net\/de\/ansi-z87-1\/\"><strong>ANSI Z87.1-Normen<\/strong><\/a> oder die Durchf\u00fchrung allgemeiner <strong>Kugelschlagversuche<\/strong>spielt diese Methode eine wichtige Rolle bei der Bewertung der Materialleistung.<\/p>\n\t\t\n<style>\n#text-2844622760 {\n  font-size: 1.1rem;\n  line-height: 2;\n}\n<\/style>\n\t<\/div>\n\t\n<a href=\"https:\/\/www.impacttesting.net\/de\/contact-us\/\" class=\"button primary is-outline\"  style=\"border-radius:99px;\">\n    <span>Kontakt<\/span>\n  <i class=\"icon-chat\" aria-hidden=\"true\" ><\/i><\/a>\n\n\n\n\t\t<\/div>\n\t\t\t\t\t<\/div>\n\n\t\n\n\t<div id=\"col-603359360\" class=\"col medium-4 small-12 large-4\"  >\n\t\t\t\t<div class=\"col-inner text-center\"  >\n\t\t\t\n\t\t\t\n\n\n<div class=\"wpcf7 no-js\" id=\"wpcf7-f10-o1\" lang=\"en-US\" dir=\"ltr\" data-wpcf7-id=\"10\">\n<div class=\"screen-reader-response\"><p role=\"status\" aria-live=\"polite\" aria-atomic=\"true\"><\/p> <ul><\/ul><\/div>\n<form action=\"\/de\/wp-json\/wp\/v2\/pages\/74#wpcf7-f10-o1\" method=\"post\" class=\"wpcf7-form init\" aria-label=\"Contact form\" novalidate=\"novalidate\" data-status=\"init\" data-trp-original-action=\"\/de\/wp-json\/wp\/v2\/pages\/74#wpcf7-f10-o1\">\n<fieldset class=\"hidden-fields-container\"><input type=\"hidden\" name=\"_wpcf7\" value=\"10\" \/><input type=\"hidden\" name=\"_wpcf7_version\" value=\"6.1.4\" \/><input type=\"hidden\" name=\"_wpcf7_locale\" value=\"en_US\" \/><input type=\"hidden\" name=\"_wpcf7_unit_tag\" value=\"wpcf7-f10-o1\" \/><input type=\"hidden\" name=\"_wpcf7_container_post\" value=\"0\" \/><input type=\"hidden\" name=\"_wpcf7_posted_data_hash\" value=\"\" \/><input type=\"hidden\" name=\"_wpcf7_recaptcha_response\" value=\"\" \/>\n<\/fieldset>\n<p><span class=\"wpcf7-form-control-wrap\" data-name=\"Name\"><input size=\"40\" maxlength=\"400\" class=\"wpcf7-form-control wpcf7-text\" aria-invalid=\"false\" placeholder=\"Ihr Name\" value=\"\" type=\"text\" name=\"Name\" \/><\/span><br \/>\n<span class=\"wpcf7-form-control-wrap\" data-name=\"Comapany\"><input size=\"40\" maxlength=\"400\" class=\"wpcf7-form-control wpcf7-text\" aria-invalid=\"false\" placeholder=\"Ihr Unternehmen\" value=\"\" type=\"text\" name=\"Comapany\" \/><\/span><br \/>\n<span class=\"wpcf7-form-control-wrap\" data-name=\"Email\"><input size=\"40\" maxlength=\"400\" class=\"wpcf7-form-control wpcf7-email wpcf7-validates-as-required wpcf7-text wpcf7-validates-as-email\" aria-required=\"true\" aria-invalid=\"false\" placeholder=\"Ihre E-Mail*\" value=\"\" type=\"email\" name=\"Email\" \/><\/span><br \/>\n<span class=\"wpcf7-form-control-wrap\" data-name=\"Message\"><textarea cols=\"40\" rows=\"10\" maxlength=\"2000\" class=\"wpcf7-form-control wpcf7-textarea\" aria-invalid=\"false\" placeholder=\"Nachricht\" name=\"Message\"><\/textarea><\/span>\n<\/p>\n<p><input class=\"wpcf7-form-control wpcf7-submit has-spinner\" type=\"submit\" value=\"Einreichen\" \/>\n<\/p><div class=\"wpcf7-response-output\" aria-hidden=\"true\"><\/div>\n<input type=\"hidden\" name=\"trp-form-language\" value=\"de\"\/><\/form>\n<\/div>\n\n\n\n\t\t<\/div>\n\t\t\t\t\t<\/div>\n\n\t\n\n<\/div>\n\n\t\t<\/div>\n\t\t\t\t\t<\/div>\n\n\t\n\n<\/div>\n\n\t\t<\/div>\n\n\t\t\n<style>\n#section_36597873 {\n  padding-top: 30px;\n  padding-bottom: 30px;\n  background-color: rgb(232, 234, 241);\n}\n<\/style>\n\t<\/section>","protected":false},"excerpt":{"rendered":"","protected":false},"author":1,"featured_media":0,"parent":0,"menu_order":0,"comment_status":"closed","ping_status":"closed","template":"page-blank.php","meta":{"footnotes":""},"class_list":["post-74","page","type-page","status-publish","hentry"],"_links":{"self":[{"href":"https:\/\/www.impacttesting.net\/de\/wp-json\/wp\/v2\/pages\/74","targetHints":{"allow":["GET"]}}],"collection":[{"href":"https:\/\/www.impacttesting.net\/de\/wp-json\/wp\/v2\/pages"}],"about":[{"href":"https:\/\/www.impacttesting.net\/de\/wp-json\/wp\/v2\/types\/page"}],"author":[{"embeddable":true,"href":"https:\/\/www.impacttesting.net\/de\/wp-json\/wp\/v2\/users\/1"}],"replies":[{"embeddable":true,"href":"https:\/\/www.impacttesting.net\/de\/wp-json\/wp\/v2\/comments?post=74"}],"version-history":[{"count":2,"href":"https:\/\/www.impacttesting.net\/de\/wp-json\/wp\/v2\/pages\/74\/revisions"}],"predecessor-version":[{"id":78,"href":"https:\/\/www.impacttesting.net\/de\/wp-json\/wp\/v2\/pages\/74\/revisions\/78"}],"wp:attachment":[{"href":"https:\/\/www.impacttesting.net\/de\/wp-json\/wp\/v2\/media?parent=74"}],"curies":[{"name":"wp","href":"https:\/\/api.w.org\/{rel}","templated":true}]}}