{"id":66,"date":"2025-12-24T05:51:29","date_gmt":"2025-12-24T05:51:29","guid":{"rendered":"https:\/\/www.impacttesting.net\/?page_id=66"},"modified":"2025-12-24T05:51:29","modified_gmt":"2025-12-24T05:51:29","slug":"astm-d1709","status":"publish","type":"page","link":"https:\/\/www.impacttesting.net\/de\/astm-d1709\/","title":{"rendered":"ASTM D1709"},"content":{"rendered":"<section class=\"section\" id=\"section_1972603806\">\n\t\t<div class=\"bg section-bg fill bg-fill  bg-loaded\" >\n\n\t\t\t\n\t\t\t\n\t\t\t\n\n\t\t<\/div>\n\n\t\t\n\n\t\t<div class=\"section-content relative\">\n\t\t\t\n\n<div class=\"row\"  id=\"row-1138095135\">\n\n\n\t<div id=\"col-1285546249\" class=\"col small-12 large-12\"  >\n\t\t\t\t<div class=\"col-inner\" style=\"background-color:rgb(92, 171, 188);\" >\n\t\t\t\n\t\t\t\n\n<div class=\"row\"  id=\"row-333265401\">\n\n\n\t<div id=\"col-1450419679\" class=\"col small-12 large-12\"  >\n\t\t\t\t<div class=\"col-inner\"  >\n\t\t\t\n\t\t\t\n\n\t<div id=\"text-1994706280\" class=\"text\">\n\t\t\n\n<h1>ASTM D1709<\/h1>\n\t\t\n<style>\n#text-1994706280 {\n  font-size: 1.5rem;\n  text-align: center;\n}\n<\/style>\n\t<\/div>\n\t\n\t<div id=\"text-4098747895\" class=\"text\">\n\t\t\n\n<h2>Dart-Falltestverfahren f\u00fcr Kunststofffolien<\/h2>\n\t\t\n<style>\n#text-4098747895 {\n  text-align: center;\n}\n<\/style>\n\t<\/div>\n\t\n\n\t\t<\/div>\n\t\t\t\t\n<style>\n#col-1450419679 > .col-inner {\n  padding: 50px 10px 10px 10px;\n}\n<\/style>\n\t<\/div>\n\n\t\n\n<\/div>\n<div class=\"row align-middle align-center\"  id=\"row-1549233411\">\n\n\n\t<div id=\"col-1649880731\" class=\"col medium-11 small-12 large-11\"  >\n\t\t\t\t<div class=\"col-inner\"  >\n\t\t\t\n\t\t\t\n\n<div class=\"row align-center\"  id=\"row-1044528887\">\n\n\n\t<div id=\"col-1337270212\" class=\"col medium-7 small-12 large-7\"  >\n\t\t\t\t<div class=\"col-inner\"  >\n\t\t\t\n\t\t\t\n\n<div class=\"row\"  id=\"row-1070640117\">\n\n\n\t<div id=\"col-265870171\" class=\"col small-12 large-12\"  >\n\t\t\t\t<div class=\"col-inner text-center\"  >\n\t\t\t\n\t\t\t\n\n\t<div id=\"text-932131421\" class=\"text\">\n\t\t\n\n<p>Die <strong>ASTM D1709 Falltest mit Pfeilen<\/strong> ist eine wichtige Methode zur Bewertung der Schlagfestigkeit von Kunststofffolien und \u00e4hnlichen Materialien. Durch Befolgung der Standardverfahren, Auswahl der richtigen Pr\u00fcfmethode und Verwendung zuverl\u00e4ssiger Ger\u00e4te wie dem <strong>FDT-01 von Impacttesting.net<\/strong>k\u00f6nnen Sie gleichbleibende Qualit\u00e4t und die Einhaltung von Industriestandards gew\u00e4hrleisten.<\/p>\n\t\t\n<style>\n#text-932131421 {\n  color: rgb(0, 0, 0);\n}\n#text-932131421 > * {\n  color: rgb(0, 0, 0);\n}\n<\/style>\n\t<\/div>\n\t\n\n\t\t<\/div>\n\t\t\t\t\t<\/div>\n\n\t\n\n\t<div id=\"col-660104705\" class=\"col small-12 large-12\"  >\n\t\t\t\t<div class=\"col-inner text-center\"  >\n\t\t\t\n\t\t\t\n\n<a href=\"https:\/\/www.impacttesting.net\/de\/contact-us\/\" class=\"button primary is-outline\"  style=\"border-radius:99px;\">\n    <span>Kontakt<\/span>\n  <i class=\"icon-chat\" aria-hidden=\"true\" ><\/i><\/a>\n\n\n\n\t\t<\/div>\n\t\t\t\t\t<\/div>\n\n\t\n\n<\/div>\n\n\t\t<\/div>\n\t\t\t\t\t<\/div>\n\n\t\n\n\t<div id=\"col-1954485346\" class=\"col medium-4 small-12 large-4\"  >\n\t\t\t\t<div class=\"col-inner\"  >\n\t\t\t\n\t\t\t\n\n<div class=\"row\"  id=\"row-375137746\">\n\n\n\t<div id=\"col-758584366\" class=\"col small-12 large-12\"  >\n\t\t\t\t<div class=\"col-inner\"  >\n\t\t\t\n\t\t\t\n\n\t<div class=\"img has-hover x md-x lg-x y md-y lg-y\" id=\"image_759841221\">\n\t\t\t\t\t\t\t\t<div class=\"img-inner dark\" >\n\t\t\t<img decoding=\"async\" width=\"600\" height=\"440\" src=\"https:\/\/www.impacttesting.net\/wp-content\/uploads\/2025\/12\/ASTM-D1709-Dart-Drop-Test-Method-for-Plastic-Film.webp\" class=\"attachment-large size-large\" alt=\"ASTM D1709 Dart Drop Test Method for Plastic Film\" srcset=\"https:\/\/www.impacttesting.net\/wp-content\/uploads\/2025\/12\/ASTM-D1709-Dart-Drop-Test-Method-for-Plastic-Film.webp 600w, https:\/\/www.impacttesting.net\/wp-content\/uploads\/2025\/12\/ASTM-D1709-Dart-Drop-Test-Method-for-Plastic-Film-545x400.webp 545w\" sizes=\"(max-width: 600px) 100vw, 600px\" \/>\t\t\t\t\t\t\n\t\t\t\t\t<\/div>\n\t\t\t\t\t\t\t\t\n<style>\n#image_759841221 {\n  width: 100%;\n}\n<\/style>\n\t<\/div>\n\t\n\n\n\t\t<\/div>\n\t\t\t\t\t<\/div>\n\n\t\n\n<\/div>\n\n\t\t<\/div>\n\t\t\t\t\t<\/div>\n\n\t\n\n<\/div>\n\n\t\t<\/div>\n\t\t\t\t\t<\/div>\n\n\t\n\n<\/div>\n\n\t\t<\/div>\n\t\t\t\t\t<\/div>\n\n\t\n\n\n<style>\n#row-1138095135 > .col > .col-inner {\n  border-radius: 25px;\n}\n<\/style>\n<\/div>\n\n\t\t<\/div>\n\n\t\t\n<style>\n#section_1972603806 {\n  padding-top: 30px;\n  padding-bottom: 30px;\n}\n<\/style>\n\t<\/section>\n\t\n\t<section class=\"section\" id=\"section_1406693656\">\n\t\t<div class=\"bg section-bg fill bg-fill  bg-loaded\" >\n\n\t\t\t\n\t\t\t\n\t\t\t\n\n\t\t<\/div>\n\n\t\t\n\n\t\t<div class=\"section-content relative\">\n\t\t\t\n\n<div class=\"row\"  id=\"row-950690293\">\n\n\n\t<div id=\"col-1246133189\" class=\"col small-12 large-12\"  >\n\t\t\t\t<div class=\"col-inner\"  >\n\t\t\t\n\t\t\t\n\n<div class=\"row\"  id=\"row-427682816\">\n\n\n\t<div id=\"col-1375929493\" class=\"col small-12 large-12\"  >\n\t\t\t\t<div class=\"col-inner\"  >\n\t\t\t\n\t\t\t\n\n\t<div id=\"text-3636785489\" class=\"text\">\n\t\t\n\n<h2>ASTM D1709 und seine Bedeutung<\/h2>\n\t\t\n<style>\n#text-3636785489 {\n  font-size: 1.3rem;\n  text-align: center;\n}\n<\/style>\n\t<\/div>\n\t\n\n\t\t<\/div>\n\t\t\t\t\t<\/div>\n\n\t\n\n\t<div id=\"col-754674336\" class=\"col small-12 large-12\"  >\n\t\t\t\t<div class=\"col-inner\"  >\n\t\t\t\n\t\t\t\n\n<p>Bei der Qualit\u00e4tssicherung von flexiblen Verpackungsmaterialien, insbesondere von Kunststofffolien, spielt die ASTM D1709 eine wichtige Rolle. Diese internationale Norm spezifiziert die <strong>Dart-Falltest-Methode<\/strong>die die Schlagfestigkeit von Kunststofffolien bewertet, indem sie die Energie bestimmt, die erforderlich ist, um einen Bruch zu verursachen, wenn ein gewichteter Pfeil aus einer festen H\u00f6he fallen gelassen wird. Die Ergebnisse sind entscheidend f\u00fcr die Gew\u00e4hrleistung der Produktleistung w\u00e4hrend des Versands, der Handhabung und der Verwendung. F\u00fcr Hersteller, Qualit\u00e4tskontrolleure und Laboratorien, die mit Polymerfolien arbeiten, gew\u00e4hrleistet das Verst\u00e4ndnis und die Umsetzung der ASTM D1709 die Einhaltung der Leistungsstandards und die Konsistenz der Produktion.<\/p>\n\n\t\t<\/div>\n\t\t\t\t\t<\/div>\n\n\t\n\n<\/div>\n\n\t\t<\/div>\n\t\t\t\t\t<\/div>\n\n\t\n\n<\/div>\n<div class=\"row\"  id=\"row-976517368\">\n\n\n\t<div id=\"col-1424003901\" class=\"col small-12 large-12\"  >\n\t\t\t\t<div class=\"col-inner\"  >\n\t\t\t\n\t\t\t\n\n<div class=\"row\"  id=\"row-1288174030\">\n\n\n\t<div id=\"col-697481741\" class=\"col small-12 large-12\"  >\n\t\t\t\t<div class=\"col-inner\"  >\n\t\t\t\n\t\t\t\n\n<div class=\"row\"  id=\"row-1164765001\">\n\n\n\t<div id=\"col-1241267192\" class=\"col small-12 large-12\"  >\n\t\t\t\t<div class=\"col-inner\"  >\n\t\t\t\n\t\t\t\n\n\t<div id=\"text-1225208208\" class=\"text\">\n\t\t\n\n<h2>Zum Verst\u00e4ndnis der Dart-Falltest-Methode<\/h2>\n\t\t\n<style>\n#text-1225208208 {\n  font-size: 1.3rem;\n  text-align: center;\n}\n<\/style>\n\t<\/div>\n\t\n\n\t\t<\/div>\n\t\t\t\t\t<\/div>\n\n\t\n\n<\/div>\n<div class=\"row align-middle\"  id=\"row-548177821\">\n\n\n\t<div id=\"col-1858736309\" class=\"col medium-7 small-12 large-7\"  >\n\t\t\t\t<div class=\"col-inner\"  >\n\t\t\t\n\t\t\t\n\n<p>Die <strong>Dart-Falltest<\/strong> Gem\u00e4\u00df ASTM D1709 wird ein halbkugelf\u00f6rmiger Pfeil auf eine eingespannte Folienprobe fallen gelassen, um das Gewicht zu bestimmen, das zum Versagen der gepr\u00fcften Proben 50% f\u00fchrt. Die Pr\u00fcfung liefert eine quantitative Messung der Schlagfestigkeit.<\/p>\n<p>Es gibt zwei Hauptpr\u00fcfmethoden:<\/p>\n<ul>\n<li><strong>Methode A<\/strong>: Es wird ein Pfeil mit einem Durchmesser von 38,10 mm verwendet, der aus 0,66 m geworfen wird.<\/li>\n<li><strong>Methode B<\/strong>: Es wird ein Pfeil mit einem Durchmesser von 50,80 mm verwendet, der aus 1,52 m geworfen wird.<\/li>\n<\/ul>\n<p>Jede Methode ist f\u00fcr unterschiedliche Folientypen und Leistungsschwellen geeignet. Methode A wird eher bei leichteren oder d\u00fcnneren Folien angewandt, w\u00e4hrend Methode B zum Einsatz kommt, wenn eine h\u00f6here Energieeinwirkung zu erwarten ist.<\/p>\n\n\t\t<\/div>\n\t\t\t\t\t<\/div>\n\n\t\n\n\t<div id=\"col-2038307755\" class=\"col medium-5 small-12 large-5\"  >\n\t\t\t\t<div class=\"col-inner\"  >\n\t\t\t\n\t\t\t\n\n\t<div class=\"img has-hover x md-x lg-x y md-y lg-y\" id=\"image_646927282\">\n\t\t\t\t\t\t\t\t<div class=\"img-inner dark\" >\n\t\t\t<img decoding=\"async\" width=\"600\" height=\"440\" src=\"https:\/\/www.impacttesting.net\/wp-content\/uploads\/2025\/12\/ASTM-D1709-Dart-Drop-Test-Method-for-Plastic-Film.webp\" class=\"attachment-large size-large\" alt=\"ASTM D1709 Dart Drop Test Method for Plastic Film\" srcset=\"https:\/\/www.impacttesting.net\/wp-content\/uploads\/2025\/12\/ASTM-D1709-Dart-Drop-Test-Method-for-Plastic-Film.webp 600w, https:\/\/www.impacttesting.net\/wp-content\/uploads\/2025\/12\/ASTM-D1709-Dart-Drop-Test-Method-for-Plastic-Film-545x400.webp 545w\" sizes=\"(max-width: 600px) 100vw, 600px\" \/>\t\t\t\t\t\t\n\t\t\t\t\t<\/div>\n\t\t\t\t\t\t\t\t\n<style>\n#image_646927282 {\n  width: 100%;\n}\n<\/style>\n\t<\/div>\n\t\n\n\n\t\t<\/div>\n\t\t\t\t\t<\/div>\n\n\t\n\n<\/div>\n\n\t\t<\/div>\n\t\t\t\t\t<\/div>\n\n\t\n\n<\/div>\n\n\t\t<\/div>\n\t\t\t\t\t<\/div>\n\n\t\n\n<\/div>\n<div class=\"row\"  id=\"row-1445203116\">\n\n\n\t<div id=\"col-1326671330\" class=\"col small-12 large-12\"  >\n\t\t\t\t<div class=\"col-inner\"  >\n\t\t\t\n\t\t\t\n\n<div class=\"row\"  id=\"row-1775543843\">\n\n\n\t<div id=\"col-1789959026\" class=\"col small-12 large-12\"  >\n\t\t\t\t<div class=\"col-inner\"  >\n\t\t\t\n\t\t\t\n\n\t<div id=\"text-4120306494\" class=\"text\">\n\t\t\n\n<h2>Die wichtigsten Schritte des Dart-Aufpralltests<\/h2>\n\t\t\n<style>\n#text-4120306494 {\n  font-size: 1.3rem;\n  text-align: center;\n}\n<\/style>\n\t<\/div>\n\t\n\n\t\t<\/div>\n\t\t\t\t\t<\/div>\n\n\t\n\n<\/div>\n<div class=\"row\"  id=\"row-690425169\">\n\n\n\t<div id=\"col-398481991\" class=\"col medium-6 small-12 large-6\"  >\n\t\t\t\t<div class=\"col-inner\"  >\n\t\t\t\n\t\t\t\n\n<h3>Vorbereitung des Pr\u00fcfk\u00f6rpers<\/h3>\n<ul>\n<li><strong>Gr\u00f6\u00dfe und Qualit\u00e4t<\/strong>: Stellen Sie sicher, dass die Proben gro\u00df genug sind, um \u00fcber die Klemme hinaus zu reichen, und dass sie keine sichtbaren Defekte wie Nadell\u00f6cher oder Falten aufweisen.<\/li>\n<li><strong>Probenahme<\/strong>: Nehmen Sie Proben, die repr\u00e4sentativ f\u00fcr die gesamte Folienproduktion sind.<\/li>\n<li><strong>Konditionierung<\/strong>: Konditionieren Sie alle Proben vor der Pr\u00fcfung mindestens 40 Stunden lang bei 23 \u00b1 2\u00b0C und 50 \u00b1 10% relativer Luftfeuchtigkeit, wie in ASTM D618 beschrieben.<\/li>\n<\/ul>\n\n\t\t<\/div>\n\t\t\t\t\t<\/div>\n\n\t\n\n\t<div id=\"col-810239085\" class=\"col medium-6 small-12 large-6\"  >\n\t\t\t\t<div class=\"col-inner\"  >\n\t\t\t\n\t\t\t\n\n<h3>Einrichtung des Ger\u00e4ts<\/h3>\n<ul>\n<li>Verwenden Sie ein zugelassenes Dart-Falltestger\u00e4t wie das <strong>FDT-01 von Impacttesting.net<\/strong>der sowohl die Methode A als auch die Methode B mit pr\u00e4zisen Pfeilabwurfmechanismen unterst\u00fctzt.<\/li>\n<li>W\u00e4hlen Sie den Pfeilkopf aus und \u00fcberpr\u00fcfen Sie ihn, um sicherzustellen, dass er frei von Kratzern oder Defekten ist.<\/li>\n<li>Stellen Sie die Fallh\u00f6he entsprechend der gew\u00e4hlten Pr\u00fcfmethode genau ein.<\/li>\n<li>Achten Sie darauf, dass der Abn\u00e4her die Mitte der eingespannten Probe trifft und nicht verrutscht.<\/li>\n<\/ul>\n\n\t\t<\/div>\n\t\t\t\t\t<\/div>\n\n\t\n\n<\/div>\n<div class=\"row align-middle\"  id=\"row-1078520507\">\n\n\n\t<div id=\"col-757876637\" class=\"col medium-8 small-12 large-8\"  >\n\t\t\t\t<div class=\"col-inner\"  >\n\t\t\t\n\t\t\t\n\n<h3>Dart Drop Testtechniken<\/h3>\n<p>Nach ASTM D1709 gibt es zwei Hauptpr\u00fcfverfahren:<\/p>\n<h4>Methode Treppe<\/h4>\n<ul>\n<li>Verwenden Sie einheitliche Gewichtsabstufungen (\u0394W).<\/li>\n<li>Erh\u00f6hen oder verringern Sie das Abn\u00e4hergewicht nach jeder Probe, je nach dem Ergebnis des Versagens.<\/li>\n<li>Der Test wird fortgesetzt, bis 10 Fehlversuche (X) und 10 Nicht-Fehlversuche (0) erreicht sind.<\/li>\n<li>Berechnen Sie das Versagensgewicht (WF) nach der Formel der Treppenmethode:<br \/><strong>WF = W0 + \u0394W(N\/A - 0,5)<\/strong><br \/>Wo:<br \/><strong>W<sub>0<\/sub> <\/strong> ist das Ausgangsgewicht<br \/><strong>\u0394W<\/strong> ist das Inkrement<br \/><strong>N<\/strong> ist die Gesamtzahl der Ausf\u00e4lle (10)<br \/><strong>A<\/strong> ist die Summe der Indexwerte der ausgefallenen Proben<\/li>\n<\/ul>\n<h4>Alternative Methode<\/h4>\n<ul>\n<li>Verwenden Sie ein festes Pfeilgewicht f\u00fcr eine Gruppe von Proben (normalerweise 10).<\/li>\n<li>Variieren Sie das Gewicht der Pfeile zwischen den Gruppen.<\/li>\n<li>Bestimmen Sie die Ausfallschwelle anhand von aufgezeichneten Daten oder gleitenden Durchschnitten.<\/li>\n<\/ul>\n<p>Dieser Ansatz wird h\u00e4ufig verwendet in<strong> routinem\u00e4\u00dfige Qualit\u00e4tskontrolle<\/strong> f\u00fcr schnelle Kontrollen.<\/p>\n\n\t\t<\/div>\n\t\t\t\t\t<\/div>\n\n\t\n\n\t<div id=\"col-944927815\" class=\"col medium-4 small-12 large-4\"  >\n\t\t\t\t<div class=\"col-inner\"  >\n\t\t\t\n\t\t\t\n\n<div class=\"video video-fit mb\" style=\"padding-top:200%;\"><iframe title=\"Kugelfallpr\u00fcfger\u00e4t f\u00fcr Kunststofffolien und -platten\" width=\"563\" height=\"1000\" src=\"https:\/\/www.youtube.com\/embed\/AvdivZPwIxc?feature=oembed\" frameborder=\"0\" allow=\"accelerometer; autoplay; clipboard-write; encrypted-media; gyroscope; picture-in-picture; web-share\" referrerpolicy=\"strict-origin-when-cross-origin\" allowfullscreen><\/iframe><\/div>\n\n\n\t\t<\/div>\n\t\t\t\t\t<\/div>\n\n\t\n\n<\/div>\n\n\t\t<\/div>\n\t\t\t\t\t<\/div>\n\n\t\n\n<\/div>\n<div class=\"row\"  id=\"row-759218237\">\n\n\n\t<div id=\"col-1766279427\" class=\"col small-12 large-12\"  >\n\t\t\t\t<div class=\"col-inner\"  >\n\t\t\t\n\t\t\t\n\n<div class=\"row\"  id=\"row-1686349744\">\n\n\n\t<div id=\"col-923195304\" class=\"col small-12 large-12\"  >\n\t\t\t\t<div class=\"col-inner\"  >\n\t\t\t\n\t\t\t\n\n\t<div id=\"text-2103414623\" class=\"text\">\n\t\t\n\n<h2>Allgemeine Probleme und L\u00f6sungen<\/h2>\n\t\t\n<style>\n#text-2103414623 {\n  font-size: 1.3rem;\n  text-align: center;\n}\n<\/style>\n\t<\/div>\n\t\n\n\t\t<\/div>\n\t\t\t\t\t<\/div>\n\n\t\n\n\t<div id=\"col-1689443853\" class=\"col small-12 large-12\"  >\n\t\t\t\t<div class=\"col-inner\"  >\n\t\t\t\n\t\t\t\n\n\t<div id=\"text-563535254\" class=\"text\">\n\t\t\n\n<p><strong>Ausrutschen der Probe<\/strong>: Verwenden Sie geeignete Klammern und Oberfl\u00e4chenbehandlungen (z. B. Krokustuch), um Bewegungen beim Aufprall zu verhindern.<\/p>\n<p><strong>Inkonsistente Ergebnisse<\/strong>: \u00dcberpr\u00fcfen Sie die Umgebungsbedingungen, die Ausrichtung der Abn\u00e4her und die Probenvorbereitung, um die Wiederholbarkeit zu gew\u00e4hrleisten.<\/p>\n<p><strong>Dart R\u00fccksto\u00df<\/strong>: Fangen Sie den Pfeil immer auf, nachdem er getroffen hat, um Mehrfachkontakte und m\u00f6gliche Oberfl\u00e4chensch\u00e4den zu vermeiden.<\/p>\n\t\t\n<style>\n#text-563535254 {\n  text-align: center;\n}\n<\/style>\n\t<\/div>\n\t\n\n\t\t<\/div>\n\t\t\t\t\t<\/div>\n\n\t\n\n<\/div>\n\n\t\t<\/div>\n\t\t\t\t\t<\/div>\n\n\t\n\n<\/div>\n\n\t\t<\/div>\n\n\t\t\n<style>\n#section_1406693656 {\n  padding-top: 30px;\n  padding-bottom: 30px;\n}\n<\/style>\n\t<\/section>\n\t\n\t<section class=\"section\" id=\"section_1282635122\">\n\t\t<div class=\"bg section-bg fill bg-fill  bg-loaded\" >\n\n\t\t\t\n\t\t\t\n\t\t\t\n\n\t\t<\/div>\n\n\t\t\n\n\t\t<div class=\"section-content relative\">\n\t\t\t\n\n<div class=\"row\"  id=\"row-1302153024\">\n\n\n\t<div id=\"col-1377973021\" class=\"col small-12 large-12\"  >\n\t\t\t\t<div class=\"col-inner\"  >\n\t\t\t\n\t\t\t\n\n<div class=\"row align-center\"  id=\"row-893015131\">\n\n\n\t<div id=\"col-473392267\" class=\"col small-12 large-12\"  >\n\t\t\t\t<div class=\"col-inner\"  >\n\t\t\t\n\t\t\t\n\n\t<div id=\"text-2659674400\" class=\"text\">\n\t\t\n\n<h2>Warum Impacttesting.net's w\u00e4hlen?<br \/>FDT-01 Dart Drop Tester<\/h2>\n\t\t\n<style>\n#text-2659674400 {\n  font-size: 1.4rem;\n  text-align: center;\n}\n<\/style>\n\t<\/div>\n\t\n\n\t\t<\/div>\n\t\t\t\t\t<\/div>\n\n\t\n\n\t<div id=\"col-1186295944\" class=\"col small-12 large-12\"  >\n\t\t\t\t<div class=\"col-inner\"  >\n\t\t\t\n\t\t\t\n\n<p>Die <strong>FDT-01 <a href=\"https:\/\/www.impacttesting.net\/de\/falling-dart-impact-tester\/\">Dart Impact Tester<\/a><\/strong> von <a href=\"https:\/\/www.impacttesting.net\/de\/\">Impakttesting.net<\/a> wurde speziell f\u00fcr genaue und effiziente Tests pro <a href=\"https:\/\/www.impacttesting.net\/de\/astm-d1709\/\"><strong>ASTM D1709<\/strong><\/a>. Dieses Instrument:<\/p>\n\n\t\t<\/div>\n\t\t\t\t\t<\/div>\n\n\t\n\n\t<div id=\"col-1176939208\" class=\"col medium-7 small-12 large-7\"  >\n\t\t\t\t<div class=\"col-inner text-center\"  >\n\t\t\t\n\t\t\t\n\n\t<div id=\"text-2744668409\" class=\"text\">\n\t\t\n\n<p>Unterst\u00fctzt sowohl Pr\u00fcfungen nach Methode A als auch B<br \/>Pr\u00e4zise Einstellung der Fallh\u00f6he und Ausl\u00f6sung des Abn\u00e4hers<br \/>Bietet digitale Steuerung und Datenerfassung f\u00fcr eine zuverl\u00e4ssige Ergebnisverfolgung<br \/>Verbessert die Produktivit\u00e4t durch eine intuitive Benutzeroberfl\u00e4che und eine robuste Konstruktion<\/p>\n\t\t\n<style>\n#text-2744668409 {\n  font-size: 1.1rem;\n  line-height: 1.3;\n}\n<\/style>\n\t<\/div>\n\t\n\t<div id=\"text-4130450541\" class=\"text\">\n\t\t\n\n<p>Unser Fachwissen in <strong>Pr\u00fcfung von Verpackungsmaterial<\/strong>Kombiniert mit anpassbaren Funktionen und Automatisierungsunterst\u00fctzung ist das FDT-01 die perfekte L\u00f6sung f\u00fcr Labore, Produktionslinien und Pr\u00fcfstellen.<\/p>\n\t\t\n<style>\n#text-4130450541 {\n  font-size: 1.1rem;\n}\n<\/style>\n\t<\/div>\n\t\n<a href=\"https:\/\/www.impacttesting.net\/de\/contact-us\/\" class=\"button primary is-outline\"  style=\"border-radius:99px;\">\n    <span>Kontakt<\/span>\n  <i class=\"icon-chat\" aria-hidden=\"true\" ><\/i><\/a>\n\n\n\n\t\t<\/div>\n\t\t\t\t\t<\/div>\n\n\t\n\n\t<div id=\"col-1288393300\" class=\"col medium-4 small-12 large-4\"  >\n\t\t\t\t<div class=\"col-inner text-center\"  >\n\t\t\t\n\t\t\t\n\n\n<div class=\"wpcf7 no-js\" id=\"wpcf7-f10-o1\" lang=\"en-US\" dir=\"ltr\" data-wpcf7-id=\"10\">\n<div class=\"screen-reader-response\"><p role=\"status\" aria-live=\"polite\" aria-atomic=\"true\"><\/p> <ul><\/ul><\/div>\n<form action=\"\/de\/wp-json\/wp\/v2\/pages\/66#wpcf7-f10-o1\" method=\"post\" class=\"wpcf7-form init\" aria-label=\"Contact form\" novalidate=\"novalidate\" data-status=\"init\" data-trp-original-action=\"\/de\/wp-json\/wp\/v2\/pages\/66#wpcf7-f10-o1\">\n<fieldset class=\"hidden-fields-container\"><input type=\"hidden\" name=\"_wpcf7\" value=\"10\" \/><input type=\"hidden\" name=\"_wpcf7_version\" value=\"6.1.4\" \/><input type=\"hidden\" name=\"_wpcf7_locale\" value=\"en_US\" \/><input type=\"hidden\" name=\"_wpcf7_unit_tag\" value=\"wpcf7-f10-o1\" \/><input type=\"hidden\" name=\"_wpcf7_container_post\" value=\"0\" \/><input type=\"hidden\" name=\"_wpcf7_posted_data_hash\" value=\"\" \/><input type=\"hidden\" name=\"_wpcf7_recaptcha_response\" value=\"\" \/>\n<\/fieldset>\n<p><span class=\"wpcf7-form-control-wrap\" data-name=\"Name\"><input size=\"40\" maxlength=\"400\" class=\"wpcf7-form-control wpcf7-text\" aria-invalid=\"false\" placeholder=\"Ihr Name\" value=\"\" type=\"text\" name=\"Name\" \/><\/span><br \/>\n<span class=\"wpcf7-form-control-wrap\" data-name=\"Comapany\"><input size=\"40\" maxlength=\"400\" class=\"wpcf7-form-control wpcf7-text\" aria-invalid=\"false\" placeholder=\"Ihr Unternehmen\" value=\"\" type=\"text\" name=\"Comapany\" \/><\/span><br \/>\n<span class=\"wpcf7-form-control-wrap\" data-name=\"Email\"><input size=\"40\" maxlength=\"400\" class=\"wpcf7-form-control wpcf7-email wpcf7-validates-as-required wpcf7-text wpcf7-validates-as-email\" aria-required=\"true\" aria-invalid=\"false\" placeholder=\"Ihre E-Mail*\" value=\"\" type=\"email\" name=\"Email\" \/><\/span><br \/>\n<span class=\"wpcf7-form-control-wrap\" data-name=\"Message\"><textarea cols=\"40\" rows=\"10\" maxlength=\"2000\" class=\"wpcf7-form-control wpcf7-textarea\" aria-invalid=\"false\" placeholder=\"Nachricht\" name=\"Message\"><\/textarea><\/span>\n<\/p>\n<p><input class=\"wpcf7-form-control wpcf7-submit has-spinner\" type=\"submit\" value=\"Einreichen\" \/>\n<\/p><div class=\"wpcf7-response-output\" aria-hidden=\"true\"><\/div>\n<input type=\"hidden\" name=\"trp-form-language\" value=\"de\"\/><\/form>\n<\/div>\n\n\n\n\t\t<\/div>\n\t\t\t\t\t<\/div>\n\n\t\n\n<\/div>\n\n\t\t<\/div>\n\t\t\t\t\t<\/div>\n\n\t\n\n<\/div>\n\n\t\t<\/div>\n\n\t\t\n<style>\n#section_1282635122 {\n  padding-top: 30px;\n  padding-bottom: 30px;\n  background-color: rgb(232, 234, 241);\n}\n<\/style>\n\t<\/section>","protected":false},"excerpt":{"rendered":"","protected":false},"author":1,"featured_media":0,"parent":0,"menu_order":0,"comment_status":"closed","ping_status":"closed","template":"page-blank.php","meta":{"footnotes":""},"class_list":["post-66","page","type-page","status-publish","hentry"],"_links":{"self":[{"href":"https:\/\/www.impacttesting.net\/de\/wp-json\/wp\/v2\/pages\/66","targetHints":{"allow":["GET"]}}],"collection":[{"href":"https:\/\/www.impacttesting.net\/de\/wp-json\/wp\/v2\/pages"}],"about":[{"href":"https:\/\/www.impacttesting.net\/de\/wp-json\/wp\/v2\/types\/page"}],"author":[{"embeddable":true,"href":"https:\/\/www.impacttesting.net\/de\/wp-json\/wp\/v2\/users\/1"}],"replies":[{"embeddable":true,"href":"https:\/\/www.impacttesting.net\/de\/wp-json\/wp\/v2\/comments?post=66"}],"version-history":[{"count":1,"href":"https:\/\/www.impacttesting.net\/de\/wp-json\/wp\/v2\/pages\/66\/revisions"}],"predecessor-version":[{"id":73,"href":"https:\/\/www.impacttesting.net\/de\/wp-json\/wp\/v2\/pages\/66\/revisions\/73"}],"wp:attachment":[{"href":"https:\/\/www.impacttesting.net\/de\/wp-json\/wp\/v2\/media?parent=66"}],"curies":[{"name":"wp","href":"https:\/\/api.w.org\/{rel}","templated":true}]}}