{"id":59,"date":"2025-12-24T05:33:37","date_gmt":"2025-12-24T05:33:37","guid":{"rendered":"https:\/\/www.impacttesting.net\/?page_id=59"},"modified":"2025-12-24T06:11:16","modified_gmt":"2025-12-24T06:11:16","slug":"astm-d3420","status":"publish","type":"page","link":"https:\/\/www.impacttesting.net\/de\/astm-d3420\/","title":{"rendered":"ASTM D3420"},"content":{"rendered":"<section class=\"section\" id=\"section_438875113\">\n\t\t<div class=\"bg section-bg fill bg-fill  bg-loaded\" >\n\n\t\t\t\n\t\t\t\n\t\t\t\n\n\t\t<\/div>\n\n\t\t\n\n\t\t<div class=\"section-content relative\">\n\t\t\t\n\n<div class=\"row\"  id=\"row-1099182424\">\n\n\n\t<div id=\"col-2103884872\" class=\"col small-12 large-12\"  >\n\t\t\t\t<div class=\"col-inner\" style=\"background-color:rgb(92, 171, 188);\" >\n\t\t\t\n\t\t\t\n\n<div class=\"row\"  id=\"row-531456970\">\n\n\n\t<div id=\"col-697622536\" class=\"col small-12 large-12\"  >\n\t\t\t\t<div class=\"col-inner\"  >\n\t\t\t\n\t\t\t\n\n\t<div id=\"text-1566856177\" class=\"text\">\n\t\t\n\n<h1>ASTM D1709<\/h1>\n\t\t\n<style>\n#text-1566856177 {\n  font-size: 1.5rem;\n  text-align: center;\n}\n<\/style>\n\t<\/div>\n\t\n\t<div id=\"text-3194726944\" class=\"text\">\n\t\t\n\n<h2>Pendelschlagz\u00e4higkeit von Kunststofffolien<\/h2>\n\t\t\n<style>\n#text-3194726944 {\n  text-align: center;\n}\n<\/style>\n\t<\/div>\n\t\n\n\t\t<\/div>\n\t\t\t\t\n<style>\n#col-697622536 > .col-inner {\n  padding: 50px 10px 10px 10px;\n}\n<\/style>\n\t<\/div>\n\n\t\n\n<\/div>\n<div class=\"row align-middle align-center\"  id=\"row-746250022\">\n\n\n\t<div id=\"col-120220380\" class=\"col medium-11 small-12 large-11\"  >\n\t\t\t\t<div class=\"col-inner\"  >\n\t\t\t\n\t\t\t\n\n<div class=\"row align-middle align-center\"  id=\"row-265580168\">\n\n\n\t<div id=\"col-433779894\" class=\"col medium-7 small-12 large-7\"  >\n\t\t\t\t<div class=\"col-inner\"  >\n\t\t\t\n\t\t\t\n\n<div class=\"row\"  id=\"row-1359932216\">\n\n\n\t<div id=\"col-628473564\" class=\"col small-12 large-12\"  >\n\t\t\t\t<div class=\"col-inner text-center\"  >\n\t\t\t\n\t\t\t\n\n\t<div id=\"text-1294680953\" class=\"text\">\n\t\t\n\n<p>Die Schlagz\u00e4higkeit spielt eine entscheidende Rolle bei der Beurteilung der Haltbarkeit und Leistungsf\u00e4higkeit eines Materials unter pl\u00f6tzlicher Belastung. <a href=\"https:\/\/www.impacttesting.net\/de\/astm-d3420\/\"><strong>ASTM D3420<\/strong><\/a>die Standardpr\u00fcfmethode f\u00fcr <strong>Pendelschlagz\u00e4higkeit von Kunststofffolien<\/strong>bietet einen wichtigen Ma\u00dfstab f\u00fcr die Bestimmung der Z\u00e4higkeit von Kunststofffolien. Diese Methode ist besonders wertvoll f\u00fcr Verpackungsingenieure, Materialwissenschaftler und Qualit\u00e4tskontrolleure, die sicherstellen wollen, dass Folien anwendungsspezifische Leistungsanforderungen erf\u00fcllen.<\/p>\n\t\t\n<style>\n#text-1294680953 {\n  color: rgb(0, 0, 0);\n}\n#text-1294680953 > * {\n  color: rgb(0, 0, 0);\n}\n<\/style>\n\t<\/div>\n\t\n\n\t\t<\/div>\n\t\t\t\t\t<\/div>\n\n\t\n\n\t<div id=\"col-1064462880\" class=\"col small-12 large-12\"  >\n\t\t\t\t<div class=\"col-inner text-center\"  >\n\t\t\t\n\t\t\t\n\n<a href=\"https:\/\/www.impacttesting.net\/de\/contact-us\/\" class=\"button primary is-outline\"  style=\"border-radius:99px;\">\n    <span>Kontakt<\/span>\n  <i class=\"icon-chat\" aria-hidden=\"true\" ><\/i><\/a>\n\n\n\n\t\t<\/div>\n\t\t\t\t\t<\/div>\n\n\t\n\n<\/div>\n\n\t\t<\/div>\n\t\t\t\t\t<\/div>\n\n\t\n\n\t<div id=\"col-1245663991\" class=\"col medium-5 small-12 large-5\"  >\n\t\t\t\t<div class=\"col-inner\"  >\n\t\t\t\n\t\t\t\n\n<div class=\"row\"  id=\"row-2082556347\">\n\n\n\t<div id=\"col-1570129548\" class=\"col small-12 large-12\"  >\n\t\t\t\t<div class=\"col-inner\"  >\n\t\t\t\n\t\t\t\n\n\t<div class=\"img has-hover x md-x lg-x y md-y lg-y\" id=\"image_1660974299\">\n\t\t<a class=\"\" href=\"https:\/\/www.impacttesting.net\/de\/falling-dart-impact-tester\/\" >\t\t\t\t\t\t<div class=\"img-inner dark\" >\n\t\t\t<img decoding=\"async\" width=\"600\" height=\"440\" src=\"https:\/\/www.impacttesting.net\/wp-content\/uploads\/2025\/12\/ASTM-D3420-Pendulum-Impact-Resistance-of-Plastic-Film.webp\" class=\"attachment-large size-large\" alt=\"ASTM D3420 Pendelschlagz\u00e4higkeit von Kunststofffolien\" srcset=\"https:\/\/www.impacttesting.net\/wp-content\/uploads\/2025\/12\/ASTM-D3420-Pendulum-Impact-Resistance-of-Plastic-Film.webp 600w, https:\/\/www.impacttesting.net\/wp-content\/uploads\/2025\/12\/ASTM-D3420-Pendulum-Impact-Resistance-of-Plastic-Film-545x400.webp 545w\" sizes=\"(max-width: 600px) 100vw, 600px\" \/>\t\t\t\t\t\t\n\t\t\t\t\t<\/div>\n\t\t\t\t\t\t<\/a>\t\t\n<style>\n#image_1660974299 {\n  width: 100%;\n}\n<\/style>\n\t<\/div>\n\t\n\n\n\t\t<\/div>\n\t\t\t\t\t<\/div>\n\n\t\n\n<\/div>\n\n\t\t<\/div>\n\t\t\t\t\t<\/div>\n\n\t\n\n<\/div>\n\n\t\t<\/div>\n\t\t\t\t\t<\/div>\n\n\t\n\n<\/div>\n\n\t\t<\/div>\n\t\t\t\t\t<\/div>\n\n\t\n\n\n<style>\n#row-1099182424 > .col > .col-inner {\n  border-radius: 25px;\n}\n<\/style>\n<\/div>\n\n\t\t<\/div>\n\n\t\t\n<style>\n#section_438875113 {\n  padding-top: 30px;\n  padding-bottom: 30px;\n}\n<\/style>\n\t<\/section>\n\t\n\t<section class=\"section\" id=\"section_1361974884\">\n\t\t<div class=\"bg section-bg fill bg-fill  bg-loaded\" >\n\n\t\t\t\n\t\t\t\n\t\t\t\n\n\t\t<\/div>\n\n\t\t\n\n\t\t<div class=\"section-content relative\">\n\t\t\t\n\n<div class=\"row\"  id=\"row-1444360375\">\n\n\n\t<div id=\"col-537157401\" class=\"col small-12 large-12\"  >\n\t\t\t\t<div class=\"col-inner\"  >\n\t\t\t\n\t\t\t\n\n<div class=\"row\"  id=\"row-2054859270\">\n\n\n\t<div id=\"col-1930088923\" class=\"col small-12 large-12\"  >\n\t\t\t\t<div class=\"col-inner\"  >\n\t\t\t\n\t\t\t\n\n\t<div id=\"text-3751185770\" class=\"text\">\n\t\t\n\n<h2>ASTM D3420 und seine Bedeutung<\/h2>\n\t\t\n<style>\n#text-3751185770 {\n  font-size: 1.3rem;\n  text-align: center;\n}\n<\/style>\n\t<\/div>\n\t\n\n\t\t<\/div>\n\t\t\t\t\t<\/div>\n\n\t\n\n\t<div id=\"col-1308650292\" class=\"col small-12 large-12\"  >\n\t\t\t\t<div class=\"col-inner\"  >\n\t\t\t\n\t\t\t\n\n<p>Die Norm ASTM D3420 definiert ein Verfahren zur Messung der Energie, die erforderlich ist, um eine Kunststofffolienprobe mit einem Pendelger\u00e4t zu durchsto\u00dfen. Die kinetische Energie des Pendels ahmt die Kr\u00e4fte nach, denen eine Folie in der Praxis ausgesetzt sein kann, z. B. beim Verpacken, Versenden oder bei der Handhabung. Das Ergebnis spiegelt das dynamische Zugverhalten der Folie wider und bietet eine realistischere Bewertung als statische Zugtests.<\/p>\n\n\t\t<\/div>\n\t\t\t\t\t<\/div>\n\n\t\n\n\t<div id=\"col-1035639099\" class=\"col small-12 large-12\"  >\n\t\t\t\t<div class=\"col-inner\"  >\n\t\t\t\n\t\t\t\n\n\t<div id=\"text-469486465\" class=\"text\">\n\t\t\n\n<h3>ASTM D3420 - ASTM-Normen f\u00fcr die Schlagpr\u00fcfung von Kunststoffen<\/h3>\n\t\t\n<style>\n#text-469486465 {\n  text-align: center;\n}\n<\/style>\n\t<\/div>\n\t\n\n\t\t<\/div>\n\t\t\t\t\t<\/div>\n\n\t\n\n\t<div id=\"col-1344927532\" class=\"col small-12 large-12\"  >\n\t\t\t\t<div class=\"col-inner\"  >\n\t\t\t\n\t\t\t\n\n<p>ASTM D3420 konzentriert sich speziell auf <strong>Pendelschlagfestigkeit<\/strong>und ist damit eine der wichtigsten <strong>ASTM-Normen f\u00fcr die Schlagpr\u00fcfung von Kunststoffen<\/strong>. W\u00e4hrend andere Methoden wie ASTM D1709 oder D4272 \u00e4hnliche Eigenschaften testen, ist D3420 besonders vorteilhaft, weil:<\/p>\n<ul>\n<li>Es erm\u00f6glicht dynamische Pr\u00fcfungen bei h\u00f6heren Dehnungsgeschwindigkeiten.<\/li>\n<li>Es bietet zwei Pr\u00fcfverfahren (Verfahren A und Verfahren B) mit unterschiedlichen Proben- und Sondengr\u00f6\u00dfen.<\/li>\n<li>Es liefert energiebasierte Ergebnisse, die Aufschluss \u00fcber die Ausl\u00f6sung und Ausbreitung von Fehlern geben.<\/li>\n<\/ul>\n<p>Dieser Standard wird h\u00e4ufig f\u00fcr die Bewertung von Filmen verwendet, die aus <strong>Polyethylen, Polypropylen, PET<\/strong>und andere \u00fcbliche Verpackungsmaterialien.<\/p>\n\n\t\t<\/div>\n\t\t\t\t\t<\/div>\n\n\t\n\n<\/div>\n\n\t\t<\/div>\n\t\t\t\t\t<\/div>\n\n\t\n\n<\/div>\n<div class=\"row\"  id=\"row-532303292\">\n\n\n\t<div id=\"col-298504308\" class=\"col small-12 large-12\"  >\n\t\t\t\t<div class=\"col-inner\"  >\n\t\t\t\n\t\t\t\n\n<div class=\"row\"  id=\"row-2009701064\">\n\n\n\t<div id=\"col-815449029\" class=\"col small-12 large-12\"  >\n\t\t\t\t<div class=\"col-inner\"  >\n\t\t\t\n\t\t\t\n\n\t<div id=\"text-3028019771\" class=\"text\">\n\t\t\n\n<h2>Verwandte Pendelschlagwerke<\/h2>\n\t\t\n<style>\n#text-3028019771 {\n  font-size: 1.3rem;\n  text-align: center;\n}\n<\/style>\n\t<\/div>\n\t\n\n\t\t<\/div>\n\t\t\t\t\t<\/div>\n\n\t\n\n<\/div>\n<div class=\"row\"  id=\"row-291085071\">\n\n\n\t<div id=\"col-432451320\" class=\"col medium-6 small-12 large-6\"  >\n\t\t\t\t<div class=\"col-inner\"  >\n\t\t\t\n\t\t\t\n\n<h3>Pr\u00fcfger\u00e4t und Aufbau<\/h3>\n<p>F\u00fcr die Durchf\u00fchrung von Tests nach ASTM D3420 ben\u00f6tigen Sie ein kalibriertes Pendelschlagwerk. Das <a href=\"https:\/\/www.impacttesting.net\/de\/pendulum-impact-tester\/\"><strong>PIT-01 Pendelschlagwerk<\/strong><\/a> von <strong>Cell Instruments<\/strong> ist eine hervorragende L\u00f6sung, die die Anforderungen der ASTM D3420 vollst\u00e4ndig erf\u00fcllt und bietet:<\/p>\n<ul>\n<li>Hochpr\u00e4zise Energiemessung (0,5 J bis 5,0 J)<\/li>\n<li>Optionale Gewichte f\u00fcr flexible Pr\u00fcfbereiche<\/li>\n<li>Digitale Ablesung f\u00fcr einfache Datenerfassung<\/li>\n<li>Zwei austauschbare Schlagk\u00f6pfe f\u00fcr Verfahren A (60 mm \u00d6ffnung) und Verfahren B (89 mm \u00d6ffnung)<\/li>\n<\/ul>\n<p>F\u00fcr Tests mit h\u00f6herer Energie sollte das Pr\u00fcfger\u00e4t auf einer ebenen Fl\u00e4che mit geeigneter Verankerung montiert werden.<\/p>\n\n\t\t<\/div>\n\t\t\t\t\t<\/div>\n\n\t\n\n\t<div id=\"col-226392730\" class=\"col medium-6 small-12 large-6\"  >\n\t\t\t\t<div class=\"col-inner\"  >\n\t\t\t\n\t\t\t\n\n<h3>Probenvorbereitung und -aufbereitung<\/h3>\n<p>Eine ordnungsgem\u00e4\u00dfe Probenvorbereitung gew\u00e4hrleistet genaue und reproduzierbare Ergebnisse. Befolgen Sie diese Schritte:<\/p>\n<ul>\n<li><strong>Typ der Probe<\/strong>: Verwenden Sie runde oder quadratische Folienproben - 100 mm Durchmesser oder 100\u00d7100 mm.<\/li>\n<li><strong>Dicke<\/strong>: Messen Sie mit einer Messschraube auf 0,00125 mm genau.<\/li>\n<li><strong>Konditionierung<\/strong>: Die Proben werden bei 23 \u00b1 2\u00b0C und 50 \u00b1 10% relativer Luftfeuchtigkeit (gem\u00e4\u00df ASTM D618) mindestens 40 Stunden lang vorkonditioniert.<\/li>\n<\/ul>\n<p>Sicherstellen, dass die Proben <strong>frei von Falten, M\u00e4ngeln oder ungleichm\u00e4\u00dfiger Dicke<\/strong>was die Ergebnisse verf\u00e4lschen k\u00f6nnte.<\/p>\n\n\t\t<\/div>\n\t\t\t\t\t<\/div>\n\n\t\n\n<\/div>\n\n\t\t<\/div>\n\t\t\t\t\t<\/div>\n\n\t\n\n<\/div>\n<div class=\"row\"  id=\"row-2113260091\">\n\n\n\t<div id=\"col-1357102479\" class=\"col small-12 large-12\"  >\n\t\t\t\t<div class=\"col-inner\"  >\n\t\t\t\n\t\t\t\n\n<div class=\"row\"  id=\"row-845587988\">\n\n\n\t<div id=\"col-1501426695\" class=\"col small-12 large-12\"  >\n\t\t\t\t<div class=\"col-inner\"  >\n\t\t\t\n\t\t\t\n\n<div class=\"row\"  id=\"row-1823574111\">\n\n\n\t<div id=\"col-1536609345\" class=\"col small-12 large-12\"  >\n\t\t\t\t<div class=\"col-inner\"  >\n\t\t\t\n\t\t\t\n\n\t<div id=\"text-3445174069\" class=\"text\">\n\t\t\n\n<h2>\u00dcbersicht \u00fcber das Verfahren der Pendelschlagpr\u00fcfung<\/h2>\n\t\t\n<style>\n#text-3445174069 {\n  font-size: 1.3rem;\n  text-align: center;\n}\n<\/style>\n\t<\/div>\n\t\n\n\t\t<\/div>\n\t\t\t\t\t<\/div>\n\n\t\n\n<\/div>\n<div class=\"row align-bottom align-center\"  id=\"row-1317945964\">\n\n\n\t<div id=\"col-446952879\" class=\"col medium-7 small-12 large-7\"  >\n\t\t\t\t<div class=\"col-inner\"  >\n\t\t\t\n\t\t\t\n\n<ol>\n<li><strong>Einspannen der Probe<\/strong> zwischen zwei kreisf\u00f6rmigen Platten.<\/li>\n<li><strong>Das Pendel anheben und einrasten lassen<\/strong> in seine Ausgangsposition zur\u00fcck.<\/li>\n<li><strong>Nullstellung der Anzeige<\/strong> und pr\u00fcfen Sie die korrekte Ausrichtung.<\/li>\n<li><strong>Das Pendel loslassen<\/strong> auf die Mitte der Probe zu treffen.<\/li>\n<li><strong>Lesen Sie den Energiewert ab<\/strong> \u00fcber das digitale oder analoge Zifferblatt.<\/li>\n<\/ol>\n<p>Wiederholen Sie diesen Test an mindestens f\u00fcnf Proben, um einen Durchschnittswert f\u00fcr die Berichterstattung zu erhalten.<\/p>\n<p>Hinweis: Wenn das Pendel die Folie nicht durchschl\u00e4gt, erh\u00f6hen Sie die Aufprallenergie, indem Sie Zusatzgewichte hinzuf\u00fcgen oder eine d\u00fcnnere Probe verwenden.<\/p>\n\n\t\t<\/div>\n\t\t\t\t\t<\/div>\n\n\t\n\n\t<div id=\"col-553288515\" class=\"col medium-5 small-12 large-5\"  >\n\t\t\t\t<div class=\"col-inner\"  >\n\t\t\t\n\t\t\t\n\n<div class=\"video video-fit mb\" style=\"padding-top:56.25%;\"><iframe title=\"ASTM D3420 Pendelschlagwerk f\u00fcr Kunststofffolien Schlagpr\u00fcfger\u00e4t\" width=\"1020\" height=\"574\" src=\"https:\/\/www.youtube.com\/embed\/vEx4esxMESw?feature=oembed\" frameborder=\"0\" allow=\"accelerometer; autoplay; clipboard-write; encrypted-media; gyroscope; picture-in-picture; web-share\" referrerpolicy=\"strict-origin-when-cross-origin\" allowfullscreen><\/iframe><\/div>\n\n\n\t\t<\/div>\n\t\t\t\t\t<\/div>\n\n\t\n\n<\/div>\n\n\t\t<\/div>\n\t\t\t\t\t<\/div>\n\n\t\n\n<\/div>\n\n\t\t<\/div>\n\t\t\t\t\t<\/div>\n\n\t\n\n<\/div>\n<div class=\"row\"  id=\"row-1393529301\">\n\n\n\t<div id=\"col-1348706784\" class=\"col small-12 large-12\"  >\n\t\t\t\t<div class=\"col-inner\"  >\n\t\t\t\n\t\t\t\n\n<div class=\"row\"  id=\"row-2056286024\">\n\n\n\t<div id=\"col-457237286\" class=\"col small-12 large-12\"  >\n\t\t\t\t<div class=\"col-inner\"  >\n\t\t\t\n\t\t\t\n\n<div class=\"row\"  id=\"row-29787478\">\n\n\n\t<div id=\"col-1811161608\" class=\"col small-12 large-12\"  >\n\t\t\t\t<div class=\"col-inner\"  >\n\t\t\t\n\t\t\t\n\n\t<div id=\"text-1233820172\" class=\"text\">\n\t\t\n\n<h2>Datenauswertung und Ergebnisanalyse<\/h2>\n\t\t\n<style>\n#text-1233820172 {\n  font-size: 1.3rem;\n  text-align: center;\n}\n<\/style>\n\t<\/div>\n\t\n\n\t\t<\/div>\n\t\t\t\t\t<\/div>\n\n\t\n\n<\/div>\n<div class=\"row align-middle align-center\"  id=\"row-116424187\">\n\n\n\t<div id=\"col-1134931887\" class=\"col medium-5 small-12 large-5\"  >\n\t\t\t\t<div class=\"col-inner\"  >\n\t\t\t\n\t\t\t\n\n<ol>\n<li>Das Endergebnis gibt die Energie (in Joule) an, die erforderlich ist, um die Folie zu durchsto\u00dfen. Dies ist ein direktes Ma\u00df f\u00fcr die Sto\u00dffestigkeit des Materials. H\u00f6here Werte stehen f\u00fcr h\u00e4rtere Folien.<\/li>\n<li>Beim Vergleich von Materialien oder Chargen ist es von entscheidender Bedeutung, dass die Dicke, die Umgebungsbedingungen und die Klammereinstellungen einheitlich sind, um Schwankungen zu vermeiden.<\/li>\n<\/ol>\n\n\t\t<\/div>\n\t\t\t\t\t<\/div>\n\n\t\n\n\t<div id=\"col-1850769339\" class=\"col medium-5 small-12 large-5\"  >\n\t\t\t\t<div class=\"col-inner\"  >\n\t\t\t\n\t\t\t\n\n\t<div class=\"img has-hover x md-x lg-x y md-y lg-y\" id=\"image_1117235109\">\n\t\t\t\t\t\t\t\t<div class=\"img-inner dark\" >\n\t\t\t<img decoding=\"async\" width=\"600\" height=\"440\" src=\"https:\/\/www.impacttesting.net\/wp-content\/uploads\/2025\/12\/ASTM-D3420-Pendulum-Impact-Resistance-of-Plastic-Film.webp\" class=\"attachment-large size-large\" alt=\"ASTM D3420 Pendelschlagz\u00e4higkeit von Kunststofffolien\" srcset=\"https:\/\/www.impacttesting.net\/wp-content\/uploads\/2025\/12\/ASTM-D3420-Pendulum-Impact-Resistance-of-Plastic-Film.webp 600w, https:\/\/www.impacttesting.net\/wp-content\/uploads\/2025\/12\/ASTM-D3420-Pendulum-Impact-Resistance-of-Plastic-Film-545x400.webp 545w\" sizes=\"(max-width: 600px) 100vw, 600px\" \/>\t\t\t\t\t\t\n\t\t\t\t\t<\/div>\n\t\t\t\t\t\t\t\t\n<style>\n#image_1117235109 {\n  width: 100%;\n}\n<\/style>\n\t<\/div>\n\t\n\n\n\t\t<\/div>\n\t\t\t\t\t<\/div>\n\n\t\n\n<\/div>\n\n\t\t<\/div>\n\t\t\t\t\t<\/div>\n\n\t\n\n<\/div>\n\n\t\t<\/div>\n\t\t\t\t\t<\/div>\n\n\t\n\n<\/div>\n\n\t\t<\/div>\n\n\t\t\n<style>\n#section_1361974884 {\n  padding-top: 30px;\n  padding-bottom: 30px;\n}\n<\/style>\n\t<\/section>\n\t\n\t<section class=\"section\" id=\"section_2020161491\">\n\t\t<div class=\"bg section-bg fill bg-fill  bg-loaded\" >\n\n\t\t\t\n\t\t\t\n\t\t\t\n\n\t\t<\/div>\n\n\t\t\n\n\t\t<div class=\"section-content relative\">\n\t\t\t\n\n<div class=\"row\"  id=\"row-11686394\">\n\n\n\t<div id=\"col-817913679\" class=\"col small-12 large-12\"  >\n\t\t\t\t<div class=\"col-inner\"  >\n\t\t\t\n\t\t\t\n\n<div class=\"row align-center\"  id=\"row-1826312653\">\n\n\n\t<div id=\"col-583438806\" class=\"col small-12 large-12\"  >\n\t\t\t\t<div class=\"col-inner\"  >\n\t\t\t\n\t\t\t\n\n\t<div id=\"text-3144024588\" class=\"text\">\n\t\t\n\n<h2>Warum Impacttesting.net's w\u00e4hlen?<br \/>PIT-01 Pendelschlagwerk<\/h2>\n\t\t\n<style>\n#text-3144024588 {\n  font-size: 1.4rem;\n  text-align: center;\n}\n<\/style>\n\t<\/div>\n\t\n\n\t\t<\/div>\n\t\t\t\t\t<\/div>\n\n\t\n\n\t<div id=\"col-738058615\" class=\"col small-12 large-12\"  >\n\t\t\t\t<div class=\"col-inner\"  >\n\t\t\t\n\t\t\t\n\n<p>Die <a href=\"https:\/\/www.impacttesting.net\/de\/pendulum-impact-tester\/\"><strong>PIT-01 Pendelschlagwerk<\/strong><\/a> von Impacttesting.net ist durch seine fortschrittliche Technik und benutzerfreundliche Oberfl\u00e4che ideal f\u00fcr:<\/p>\n\n\t\t<\/div>\n\t\t\t\t\t<\/div>\n\n\t\n\n\t<div id=\"col-1927212967\" class=\"col medium-7 small-12 large-7\"  >\n\t\t\t\t<div class=\"col-inner text-center\"  >\n\t\t\t\n\t\t\t\n\n\t<div id=\"text-3960174116\" class=\"text\">\n\t\t\n\n<p>Qualit\u00e4tskontrolle von Verpackungsfolien<br \/>F&amp;E-Tests im Labor<br \/>\u00dcbereinstimmung mit <a href=\"https:\/\/www.impacttesting.net\/de\/astm-d3420\/\"><strong>ASTM D3420<\/strong><\/a> und verwandte Normen<\/p>\n\t\t\n<style>\n#text-3960174116 {\n  font-size: 1.1rem;\n  line-height: 1.3;\n}\n<\/style>\n\t<\/div>\n\t\n\t<div id=\"text-661916008\" class=\"text\">\n\t\t\n\n<p>Durch die Einf\u00fchrung von PIT-01 gewinnen die Nutzer Vertrauen in die <strong>Genauigkeit, Wiederholbarkeit und Effizienz<\/strong> ihrer Verfahren zur Pr\u00fcfung der Auswirkungen.<\/p>\n\t\t\n<style>\n#text-661916008 {\n  font-size: 1.1rem;\n}\n<\/style>\n\t<\/div>\n\t\n<a href=\"https:\/\/www.impacttesting.net\/de\/contact-us\/\" class=\"button primary is-outline\"  style=\"border-radius:99px;\">\n    <span>Kontakt<\/span>\n  <i class=\"icon-chat\" aria-hidden=\"true\" ><\/i><\/a>\n\n\n\n\t\t<\/div>\n\t\t\t\t\t<\/div>\n\n\t\n\n\t<div id=\"col-41735534\" class=\"col medium-4 small-12 large-4\"  >\n\t\t\t\t<div class=\"col-inner text-center\"  >\n\t\t\t\n\t\t\t\n\n\n<div class=\"wpcf7 no-js\" id=\"wpcf7-f10-o1\" lang=\"en-US\" dir=\"ltr\" data-wpcf7-id=\"10\">\n<div class=\"screen-reader-response\"><p role=\"status\" aria-live=\"polite\" aria-atomic=\"true\"><\/p> <ul><\/ul><\/div>\n<form action=\"\/de\/wp-json\/wp\/v2\/pages\/59#wpcf7-f10-o1\" method=\"post\" class=\"wpcf7-form init\" aria-label=\"Contact form\" novalidate=\"novalidate\" data-status=\"init\" data-trp-original-action=\"\/de\/wp-json\/wp\/v2\/pages\/59#wpcf7-f10-o1\">\n<fieldset class=\"hidden-fields-container\"><input type=\"hidden\" name=\"_wpcf7\" value=\"10\" \/><input type=\"hidden\" name=\"_wpcf7_version\" value=\"6.1.4\" \/><input type=\"hidden\" name=\"_wpcf7_locale\" value=\"en_US\" \/><input type=\"hidden\" name=\"_wpcf7_unit_tag\" value=\"wpcf7-f10-o1\" \/><input type=\"hidden\" name=\"_wpcf7_container_post\" value=\"0\" \/><input type=\"hidden\" name=\"_wpcf7_posted_data_hash\" value=\"\" \/><input type=\"hidden\" name=\"_wpcf7_recaptcha_response\" value=\"\" \/>\n<\/fieldset>\n<p><span class=\"wpcf7-form-control-wrap\" data-name=\"Name\"><input size=\"40\" maxlength=\"400\" class=\"wpcf7-form-control wpcf7-text\" aria-invalid=\"false\" placeholder=\"Ihr Name\" value=\"\" type=\"text\" name=\"Name\" \/><\/span><br \/>\n<span class=\"wpcf7-form-control-wrap\" data-name=\"Comapany\"><input size=\"40\" maxlength=\"400\" class=\"wpcf7-form-control wpcf7-text\" aria-invalid=\"false\" placeholder=\"Ihr Unternehmen\" value=\"\" type=\"text\" name=\"Comapany\" \/><\/span><br \/>\n<span class=\"wpcf7-form-control-wrap\" data-name=\"Email\"><input size=\"40\" maxlength=\"400\" class=\"wpcf7-form-control wpcf7-email wpcf7-validates-as-required wpcf7-text wpcf7-validates-as-email\" aria-required=\"true\" aria-invalid=\"false\" placeholder=\"Ihre E-Mail*\" value=\"\" type=\"email\" name=\"Email\" \/><\/span><br \/>\n<span class=\"wpcf7-form-control-wrap\" data-name=\"Message\"><textarea cols=\"40\" rows=\"10\" maxlength=\"2000\" class=\"wpcf7-form-control wpcf7-textarea\" aria-invalid=\"false\" placeholder=\"Nachricht\" name=\"Message\"><\/textarea><\/span>\n<\/p>\n<p><input class=\"wpcf7-form-control wpcf7-submit has-spinner\" type=\"submit\" value=\"Einreichen\" \/>\n<\/p><div class=\"wpcf7-response-output\" aria-hidden=\"true\"><\/div>\n<input type=\"hidden\" name=\"trp-form-language\" value=\"de\"\/><\/form>\n<\/div>\n\n\n\n\t\t<\/div>\n\t\t\t\t\t<\/div>\n\n\t\n\n<\/div>\n\n\t\t<\/div>\n\t\t\t\t\t<\/div>\n\n\t\n\n<\/div>\n\n\t\t<\/div>\n\n\t\t\n<style>\n#section_2020161491 {\n  padding-top: 30px;\n  padding-bottom: 30px;\n  background-color: rgb(232, 234, 241);\n}\n<\/style>\n\t<\/section>","protected":false},"excerpt":{"rendered":"","protected":false},"author":1,"featured_media":0,"parent":0,"menu_order":0,"comment_status":"closed","ping_status":"closed","template":"page-blank.php","meta":{"footnotes":""},"class_list":["post-59","page","type-page","status-publish","hentry"],"_links":{"self":[{"href":"https:\/\/www.impacttesting.net\/de\/wp-json\/wp\/v2\/pages\/59","targetHints":{"allow":["GET"]}}],"collection":[{"href":"https:\/\/www.impacttesting.net\/de\/wp-json\/wp\/v2\/pages"}],"about":[{"href":"https:\/\/www.impacttesting.net\/de\/wp-json\/wp\/v2\/types\/page"}],"author":[{"embeddable":true,"href":"https:\/\/www.impacttesting.net\/de\/wp-json\/wp\/v2\/users\/1"}],"replies":[{"embeddable":true,"href":"https:\/\/www.impacttesting.net\/de\/wp-json\/wp\/v2\/comments?post=59"}],"version-history":[{"count":5,"href":"https:\/\/www.impacttesting.net\/de\/wp-json\/wp\/v2\/pages\/59\/revisions"}],"predecessor-version":[{"id":75,"href":"https:\/\/www.impacttesting.net\/de\/wp-json\/wp\/v2\/pages\/59\/revisions\/75"}],"wp:attachment":[{"href":"https:\/\/www.impacttesting.net\/de\/wp-json\/wp\/v2\/media?parent=59"}],"curies":[{"name":"wp","href":"https:\/\/api.w.org\/{rel}","templated":true}]}}