{"id":48,"date":"2025-12-24T03:25:25","date_gmt":"2025-12-24T03:25:25","guid":{"rendered":"https:\/\/www.impacttesting.net\/?page_id=48"},"modified":"2025-12-24T05:48:32","modified_gmt":"2025-12-24T05:48:32","slug":"pendulum-impact-tester","status":"publish","type":"page","link":"https:\/\/www.impacttesting.net\/de\/pendulum-impact-tester\/","title":{"rendered":"PIT-01 Pendelschlagwerk"},"content":{"rendered":"<section class=\"section\" id=\"section_200634195\">\n\t\t<div class=\"bg section-bg fill bg-fill  bg-loaded\" >\n\n\t\t\t\n\t\t\t\n\t\t\t\n\n\t\t<\/div>\n\n\t\t\n\n\t\t<div class=\"section-content relative\">\n\t\t\t\n\n<div class=\"row\"  id=\"row-478695117\">\n\n\n\t<div id=\"col-1967378464\" class=\"col small-12 large-12\"  >\n\t\t\t\t<div class=\"col-inner\" style=\"background-color:rgb(92, 171, 188);\" >\n\t\t\t\n\t\t\t\n\n<div class=\"row\"  id=\"row-1712670313\">\n\n\n\t<div id=\"col-127694856\" class=\"col small-12 large-12\"  >\n\t\t\t\t<div class=\"col-inner\"  >\n\t\t\t\n\t\t\t\n\n\t<div id=\"text-1635747529\" class=\"text\">\n\t\t\n\n<h1>PIT-01 Pendelschlagwerk<\/h1>\n\t\t\n<style>\n#text-1635747529 {\n  font-size: 1.5rem;\n  text-align: center;\n}\n<\/style>\n\t<\/div>\n\t\n\n\t\t<\/div>\n\t\t\t\t\n<style>\n#col-127694856 > .col-inner {\n  padding: 50px 10px 10px 10px;\n}\n<\/style>\n\t<\/div>\n\n\t\n\n<\/div>\n<div class=\"row align-middle align-center\"  id=\"row-885952402\">\n\n\n\t<div id=\"col-804296154\" class=\"col medium-11 small-12 large-11\"  >\n\t\t\t\t<div class=\"col-inner\"  >\n\t\t\t\n\t\t\t\n\n<div class=\"row align-middle align-center\"  id=\"row-316741008\">\n\n\n\t<div id=\"col-1933766315\" class=\"col medium-7 small-12 large-7\"  >\n\t\t\t\t<div class=\"col-inner\"  >\n\t\t\t\n\t\t\t\n\n<div class=\"row\"  id=\"row-534205599\">\n\n\n\t<div id=\"col-1733040872\" class=\"col small-12 large-12\"  >\n\t\t\t\t<div class=\"col-inner text-center\"  >\n\t\t\t\n\t\t\t\n\n\t<div id=\"text-4118223875\" class=\"text\">\n\t\t\n\n<p>Die <strong>Pendelschlagwerk<\/strong> misst die F\u00e4higkeit eines Materials, pl\u00f6tzlichen St\u00f6\u00dfen zu widerstehen, indem die Energie aufgezeichnet wird, die erforderlich ist, um einen Bruch oder ein Eindringen zu verursachen. <a href=\"https:\/\/www.impacttesting.net\/de\/astm-d3420\/\"><strong>ASTM D3420<\/strong><\/a> bietet eine standardisierte Methode zur Bewertung der Schlagz\u00e4higkeit von Kunststofffolien und gew\u00e4hrleistet eine einheitliche Qualit\u00e4tskontrolle und Materialcharakterisierung. Zu den h\u00e4ufig getesteten Materialien geh\u00f6ren <strong>Kunststofffolien, Laminate, Verbundstoffe, Folien und Papier, die in Verpackungen verwendet werden<\/strong>, Automobil- und Bauanwendungen.<\/p>\n\t\t\n<style>\n#text-4118223875 {\n  color: rgb(0, 0, 0);\n}\n#text-4118223875 > * {\n  color: rgb(0, 0, 0);\n}\n<\/style>\n\t<\/div>\n\t\n\n\t\t<\/div>\n\t\t\t\t\t<\/div>\n\n\t\n\n\t<div id=\"col-1349515970\" class=\"col small-12 large-12\"  >\n\t\t\t\t<div class=\"col-inner text-center\"  >\n\t\t\t\n\t\t\t\n\n<a href=\"https:\/\/www.impacttesting.net\/de\/contact-us\/\" class=\"button primary is-outline\"  style=\"border-radius:99px;\">\n    <span>Kontakt<\/span>\n  <i class=\"icon-chat\" aria-hidden=\"true\" ><\/i><\/a>\n\n\n\n\t\t<\/div>\n\t\t\t\t\t<\/div>\n\n\t\n\n<\/div>\n\n\t\t<\/div>\n\t\t\t\t\t<\/div>\n\n\t\n\n\t<div id=\"col-122294260\" class=\"col medium-4 small-12 large-4\"  >\n\t\t\t\t<div class=\"col-inner\"  >\n\t\t\t\n\t\t\t\n\n<div class=\"row\"  id=\"row-2003104494\">\n\n\n\t<div id=\"col-1529183730\" class=\"col small-12 large-12\"  >\n\t\t\t\t<div class=\"col-inner\"  >\n\t\t\t\n\t\t\t\n\n\t<div class=\"img has-hover x md-x lg-x y md-y lg-y\" id=\"image_388292350\">\n\t\t\t\t\t\t\t\t<div class=\"img-inner dark\" >\n\t\t\t<img decoding=\"async\" width=\"728\" height=\"800\" src=\"https:\/\/www.impacttesting.net\/wp-content\/uploads\/2025\/12\/Pendulum-Impact-Tester-ASTM-D3420-amp-Spencer-Impact-Test-Impact-Testing-728x800.webp\" class=\"attachment-large size-large\" alt=\"Pendelschlagwerk - ASTM D3420 &amp; Spencer Schlagpr\u00fcfung - Schlagpr\u00fcfung\" srcset=\"https:\/\/www.impacttesting.net\/wp-content\/uploads\/2025\/12\/Pendulum-Impact-Tester-ASTM-D3420-amp-Spencer-Impact-Test-Impact-Testing-728x800.webp 728w, https:\/\/www.impacttesting.net\/wp-content\/uploads\/2025\/12\/Pendulum-Impact-Tester-ASTM-D3420-amp-Spencer-Impact-Test-Impact-Testing-364x400.webp 364w, https:\/\/www.impacttesting.net\/wp-content\/uploads\/2025\/12\/Pendulum-Impact-Tester-ASTM-D3420-amp-Spencer-Impact-Test-Impact-Testing-768x844.webp 768w, https:\/\/www.impacttesting.net\/wp-content\/uploads\/2025\/12\/Pendulum-Impact-Tester-ASTM-D3420-amp-Spencer-Impact-Test-Impact-Testing-1397x1536.webp 1397w, https:\/\/www.impacttesting.net\/wp-content\/uploads\/2025\/12\/Pendulum-Impact-Tester-ASTM-D3420-amp-Spencer-Impact-Test-Impact-Testing.webp 1558w\" sizes=\"(max-width: 728px) 100vw, 728px\" \/>\t\t\t\t\t\t\n\t\t\t\t\t<\/div>\n\t\t\t\t\t\t\t\t\n<style>\n#image_388292350 {\n  width: 100%;\n}\n<\/style>\n\t<\/div>\n\t\n\n\n\t\t<\/div>\n\t\t\t\t\t<\/div>\n\n\t\n\n<\/div>\n\n\t\t<\/div>\n\t\t\t\t\t<\/div>\n\n\t\n\n<\/div>\n\n\t\t<\/div>\n\t\t\t\t\t<\/div>\n\n\t\n\n<\/div>\n\n\t\t<\/div>\n\t\t\t\t\t<\/div>\n\n\t\n\n\n<style>\n#row-478695117 > .col > .col-inner {\n  border-radius: 25px;\n}\n<\/style>\n<\/div>\n\n\t\t<\/div>\n\n\t\t\n<style>\n#section_200634195 {\n  padding-top: 30px;\n  padding-bottom: 30px;\n}\n<\/style>\n\t<\/section>\n\t\n\t<section class=\"section\" id=\"section_313743524\">\n\t\t<div class=\"bg section-bg fill bg-fill  bg-loaded\" >\n\n\t\t\t\n\t\t\t\n\t\t\t\n\n\t\t<\/div>\n\n\t\t\n\n\t\t<div class=\"section-content relative\">\n\t\t\t\n\n<div class=\"row\"  id=\"row-1900210820\">\n\n\n\t<div id=\"col-1006813011\" class=\"col small-12 large-12\"  >\n\t\t\t\t<div class=\"col-inner\"  >\n\t\t\t\n\t\t\t\n\n<div class=\"row\"  id=\"row-2073835836\">\n\n\n\t<div id=\"col-761895906\" class=\"col small-12 large-12\"  >\n\t\t\t\t<div class=\"col-inner\"  >\n\t\t\t\n\t\t\t\n\n<div class=\"row\"  id=\"row-1266024774\">\n\n\n\t<div id=\"col-396402213\" class=\"col small-12 large-12\"  >\n\t\t\t\t<div class=\"col-inner\"  >\n\t\t\t\n\t\t\t\n\n\t<div id=\"text-2737316077\" class=\"text\">\n\t\t\n\n<h2>Wie das Pendelschlagwerk funktioniert<\/h2>\n\t\t\n<style>\n#text-2737316077 {\n  font-size: 1.3rem;\n  text-align: center;\n}\n<\/style>\n\t<\/div>\n\t\n<p>Die <strong>PIT-01 Pendelschlagwerk<\/strong> von <strong>Impakttesting.net<\/strong> wurde entwickelt, um pr\u00e4zise und wiederholbare Messungen der Sto\u00dffestigkeit zu erm\u00f6glichen. Das Pr\u00fcfverfahren umfasst:<\/p>\n\n\t\t<\/div>\n\t\t\t\t\t<\/div>\n\n\t\n\n<\/div>\n<div class=\"row align-middle\"  id=\"row-825133110\">\n\n\n\t<div id=\"col-1823944862\" class=\"col medium-6 small-12 large-6\"  >\n\t\t\t\t<div class=\"col-inner\"  >\n\t\t\t\n\t\t\t\n\n<ol>\n<li>Vorbereitung der Probe: Es wird eine Probe von gleichm\u00e4\u00dfiger Dicke und Konsistenz ausgew\u00e4hlt.<\/li>\n<li>Einspannen der Probe: Der Film wird mit einem pneumatischen Klemmsystem fixiert.<\/li>\n<li>Pendelausl\u00f6sung: Das mit einem Schlagkopf ausgestattete Pendel wird automatisch aus einer vordefinierten H\u00f6he ausgel\u00f6st.<\/li>\n<li>Messung des Aufpralls: Die vom Material beim Aufprall absorbierte Energie wird aufgezeichnet.<\/li>\n<li>Datenanalyse: Die Ergebnisse werden auf einer digitalen Schnittstelle angezeigt, mit einem optionalen Mikrodrucker f\u00fcr die sofortige Berichterstattung.<\/li>\n<\/ol>\n\n\t\t<\/div>\n\t\t\t\t\t<\/div>\n\n\t\n\n\t<div id=\"col-1991843004\" class=\"col medium-6 small-12 large-6\"  >\n\t\t\t\t<div class=\"col-inner\"  >\n\t\t\t\n\t\t\t\n\n<div class=\"video video-fit mb\" style=\"padding-top:56.25%;\"><iframe title=\"ASTM D3420 Pendelschlagwerk f\u00fcr Kunststofffolien Schlagpr\u00fcfger\u00e4t\" width=\"1020\" height=\"574\" src=\"https:\/\/www.youtube.com\/embed\/vEx4esxMESw?feature=oembed\" frameborder=\"0\" allow=\"accelerometer; autoplay; clipboard-write; encrypted-media; gyroscope; picture-in-picture; web-share\" referrerpolicy=\"strict-origin-when-cross-origin\" allowfullscreen><\/iframe><\/div>\n\n\n\t\t<\/div>\n\t\t\t\t\t<\/div>\n\n\t\n\n<\/div>\n\n\t\t<\/div>\n\t\t\t\t\t<\/div>\n\n\t\n\n<\/div>\n\n\t\t<\/div>\n\t\t\t\t\t<\/div>\n\n\t\n\n<\/div>\n<div class=\"row\"  id=\"row-1845358695\">\n\n\n\t<div id=\"col-1825387536\" class=\"col small-12 large-12\"  >\n\t\t\t\t<div class=\"col-inner\"  >\n\t\t\t\n\t\t\t\n\n<div class=\"row\"  id=\"row-589861163\">\n\n\n\t<div id=\"col-304997805\" class=\"col small-12 large-12\"  >\n\t\t\t\t<div class=\"col-inner\"  >\n\t\t\t\n\t\t\t\n\n\t<div id=\"text-513417748\" class=\"text\">\n\t\t\n\n<h2>ASTM D3420 und Spencer Impact Test<\/h2>\n\t\t\n<style>\n#text-513417748 {\n  font-size: 1.3rem;\n  text-align: center;\n}\n<\/style>\n\t<\/div>\n\t\n\n\t\t<\/div>\n\t\t\t\t\t<\/div>\n\n\t\n\n\t<div id=\"col-1679687150\" class=\"col small-12 large-12\"  >\n\t\t\t\t<div class=\"col-inner\"  >\n\t\t\t\n\t\t\t\n\n<h3>ASTM D3420 - Pr\u00fcfverfahren f\u00fcr die Pendelschlagz\u00e4higkeit von Kunststofffolien<\/h3>\n<p><a href=\"https:\/\/www.impacttesting.net\/de\/astm-d3420\/\">ASTM D3420<\/a> spezifiziert eine Methode zur Bestimmung der <strong>Schlagfestigkeit von Kunststofffolien<\/strong> durch Messung der Energie, die ein Pendelschlagwerk ben\u00f6tigt, um eine Probe zu durchdringen. Der Test wurde entwickelt, um Einblicke in das dynamische Zugverhalten eines Materials unter Bedingungen mit hoher Dehnungsrate zu geben, was ihn f\u00fcr die Bewertung von Verpackungsmaterial unerl\u00e4sslich macht.<\/p>\n<p>Zu den wichtigsten Aspekten der ASTM D3420 geh\u00f6ren:<\/p>\n<p>Messung des Energieverlusts durch den Aufprall einer Pendelsonde auf den Pr\u00fcfling.<br \/>Zwei Verfahren (A und B), die sich im Stichprobenumfang unterscheiden, mit <strong>Verfahren B wird oft als Spencer Impact Test bezeichnet<\/strong>.<br \/>Wichtig f\u00fcr Anwendungen, die eine hohe Schlagfestigkeit erfordern, wie z. B. Lebensmittel- und Pharmaverpackungsfolien.<\/p>\n<h3>Spencer-Aufpralltest: Eine spezialisierte Variante<\/h3>\n<p>Die <strong>Spencer-Aufpralltest<\/strong> ist eine Variante der ASTM D3420, die normalerweise mit <strong>Verfahren B<\/strong>die ein <strong>89-mm-Durchmesser-Probenhalter<\/strong>. Diese Methode wird h\u00e4ufig zur Bewertung von Folien f\u00fcr flexible Verpackungen verwendet, um sicherzustellen, dass die Materialien mechanischen Belastungen standhalten, ohne zu rei\u00dfen oder durchzustechen.<\/p>\n\n\t\t<\/div>\n\t\t\t\t\t<\/div>\n\n\t\n\n<\/div>\n\n\t\t<\/div>\n\t\t\t\t\t<\/div>\n\n\t\n\n<\/div>\n<div class=\"row\"  id=\"row-1913943859\">\n\n\n\t<div id=\"col-446317380\" class=\"col small-12 large-12\"  >\n\t\t\t\t<div class=\"col-inner\"  >\n\t\t\t\n\t\t\t\n\n<div class=\"row\"  id=\"row-1931360924\">\n\n\n\t<div id=\"col-1645249272\" class=\"col small-12 large-12\"  >\n\t\t\t\t<div class=\"col-inner\"  >\n\t\t\t\n\t\t\t\n\n\t<div id=\"text-606647500\" class=\"text\">\n\t\t\n\n<h2>PIT-01 Pendelschlagwerk<\/h2>\n\t\t\n<style>\n#text-606647500 {\n  font-size: 1.3rem;\n  text-align: center;\n}\n<\/style>\n\t<\/div>\n\t\n\n\t\t<\/div>\n\t\t\t\t\t<\/div>\n\n\t\n\n<\/div>\n<div class=\"row\"  id=\"row-628219732\">\n\n\n\t<div id=\"col-1686638294\" class=\"col medium-6 small-12 large-6\"  >\n\t\t\t\t<div class=\"col-inner\"  >\n\t\t\t\n\t\t\t\n\n<h3>Wesentliche Merkmale:<\/h3>\n<p>Das Pendelschlagwerk PIT-01 von Cell Instruments bietet fortschrittliche Funktionen f\u00fcr hochpr\u00e4zise Materialpr\u00fcfungen:<\/p>\n<ul>\n<li>PLC-Steuerung und HMI-Touchscreen f\u00fcr einfache Bedienung.<\/li>\n<li>Pneumatische Probenklemmung f\u00fcr eine stabile Positionierung.<\/li>\n<li>Automatische Pendelausl\u00f6sung f\u00fcr konsistente Schlagpr\u00fcfungen.<\/li>\n<li>Data Auto-Statistics &amp; Microprinter f\u00fcr eine effiziente Ergebnisdokumentation.<\/li>\n<li>Pr\u00e4zise Winkelmessung f\u00fcr genaue Energieberechnungen.<\/li>\n<li>RS232-Anschluss und Software (optional) f\u00fcr erweiterte Datenanalyse.<\/li>\n<\/ul>\n\n\t\t<\/div>\n\t\t\t\t\t<\/div>\n\n\t\n\n\t<div id=\"col-276202023\" class=\"col medium-6 small-12 large-6\"  >\n\t\t\t\t<div class=\"col-inner\"  >\n\t\t\t\n\t\t\t\n\n<h3>Technische Daten:<\/h3>\n<table width=\"360\">\n<tbody>\n<tr>\n<td style=\"text-align: center;\" width=\"143\">Aufprallenergie<\/td>\n<td style=\"text-align: center;\" width=\"217\">1 J, 2 J, 3 J<\/td>\n<\/tr>\n<tr>\n<td style=\"text-align: center;\" width=\"143\">Aufl\u00f6sung<\/td>\n<td style=\"text-align: center;\" width=\"217\">\u00a00.001 J<\/td>\n<\/tr>\n<tr>\n<td style=\"text-align: center;\" width=\"143\">Schlagkopfgr\u00f6\u00dfe<\/td>\n<td style=\"text-align: center;\" width=\"217\">\u042425,4, \u042419, \u042412,7 mm\u00a0<\/td>\n<\/tr>\n<tr>\n<td style=\"text-align: center;\" width=\"143\">Probenklemme<\/td>\n<td style=\"text-align: center;\" width=\"217\">Pneumatische Klemme<\/td>\n<\/tr>\n<tr>\n<td style=\"text-align: center;\" width=\"143\">Durchmesser der Klemme<\/td>\n<td style=\"text-align: center;\" width=\"217\">\u042489 mm, \u042460 mm<\/td>\n<\/tr>\n<tr>\n<td style=\"text-align: center;\" width=\"143\">Gasversorgung<\/td>\n<td style=\"text-align: center;\" width=\"217\">0,6 MPa \u03a66 mm PU-Schlauch<\/td>\n<\/tr>\n<tr>\n<td style=\"text-align: center;\" width=\"143\">Probe Gr\u00f6\u00dfe<\/td>\n<td style=\"text-align: center;\" width=\"217\">100*100 mm oder \u0424100 mm<\/td>\n<\/tr>\n<tr>\n<td style=\"text-align: center;\" width=\"143\">Stromversorgung\u00a0<\/td>\n<td style=\"text-align: center;\" width=\"217\">AC 110~220V 50Hz<\/td>\n<\/tr>\n<\/tbody>\n<\/table>\n\n\t\t<\/div>\n\t\t\t\t\t<\/div>\n\n\t\n\n<\/div>\n\n\t\t<\/div>\n\t\t\t\t\t<\/div>\n\n\t\n\n<\/div>\n\n\t\t<\/div>\n\n\t\t\n<style>\n#section_313743524 {\n  padding-top: 30px;\n  padding-bottom: 30px;\n}\n<\/style>\n\t<\/section>\n\t\n\t<section class=\"section\" id=\"section_2138874732\">\n\t\t<div class=\"bg section-bg fill bg-fill  bg-loaded\" >\n\n\t\t\t\n\t\t\t\n\t\t\t\n\n\t\t<\/div>\n\n\t\t\n\n\t\t<div class=\"section-content relative\">\n\t\t\t\n\n<div class=\"row\"  id=\"row-921048180\">\n\n\n\t<div id=\"col-851754196\" class=\"col small-12 large-12\"  >\n\t\t\t\t<div class=\"col-inner\"  >\n\t\t\t\n\t\t\t\n\n<div class=\"row align-equal align-center\"  id=\"row-2147349005\">\n\n\n\t<div id=\"col-1285662969\" class=\"col small-12 large-12\"  >\n\t\t\t\t<div class=\"col-inner\"  >\n\t\t\t\n\t\t\t\n\n\t<div id=\"text-3957181174\" class=\"text\">\n\t\t\n\n<h2>Warum Impacttesting.net's w\u00e4hlen?<br \/>PIT-01 Pendelschlagwerk<\/h2>\n\t\t\n<style>\n#text-3957181174 {\n  font-size: 1.4rem;\n  text-align: center;\n}\n<\/style>\n\t<\/div>\n\t\n\n\t\t<\/div>\n\t\t\t\t\t<\/div>\n\n\t\n\n\t<div id=\"col-1833534471\" class=\"col medium-6 small-12 large-6\"  >\n\t\t\t\t<div class=\"col-inner text-center\"  >\n\t\t\t\n\t\t\t\n\n\t<div id=\"text-3968035561\" class=\"text\">\n\t\t\n\n<p>Durch die Integration von <strong>Pendelschlagversuch<\/strong> in Ihre Qualit\u00e4tskontrollprozesse integrieren, k\u00f6nnen Sie die Haltbarkeit Ihrer Produkte und die Einhaltung von Industrienormen verbessern. <strong>Impakttesting.net<\/strong> bietet hochmoderne L\u00f6sungen f\u00fcr Ihren Bedarf an Materialpr\u00fcfungen.<\/p>\n\t\t\n<style>\n#text-3968035561 {\n  font-size: 1.1rem;\n  line-height: 2;\n}\n<\/style>\n\t<\/div>\n\t\n<a href=\"https:\/\/www.impacttesting.net\/de\/contact-us\/\" class=\"button primary is-outline\"  style=\"border-radius:99px;\">\n    <span>Kontakt<\/span>\n  <i class=\"icon-chat\" aria-hidden=\"true\" ><\/i><\/a>\n\n\n\n\t\t<\/div>\n\t\t\t\t\t<\/div>\n\n\t\n\n\t<div id=\"col-1349919915\" class=\"col medium-4 small-12 large-4\"  >\n\t\t\t\t<div class=\"col-inner text-center\"  >\n\t\t\t\n\t\t\t\n\n\n<div class=\"wpcf7 no-js\" id=\"wpcf7-f10-o1\" lang=\"en-US\" dir=\"ltr\" data-wpcf7-id=\"10\">\n<div class=\"screen-reader-response\"><p role=\"status\" aria-live=\"polite\" aria-atomic=\"true\"><\/p> <ul><\/ul><\/div>\n<form action=\"\/de\/wp-json\/wp\/v2\/pages\/48#wpcf7-f10-o1\" method=\"post\" class=\"wpcf7-form init\" aria-label=\"Contact form\" novalidate=\"novalidate\" data-status=\"init\" data-trp-original-action=\"\/de\/wp-json\/wp\/v2\/pages\/48#wpcf7-f10-o1\">\n<fieldset class=\"hidden-fields-container\"><input type=\"hidden\" name=\"_wpcf7\" value=\"10\" \/><input type=\"hidden\" name=\"_wpcf7_version\" value=\"6.1.4\" \/><input type=\"hidden\" name=\"_wpcf7_locale\" value=\"en_US\" \/><input type=\"hidden\" name=\"_wpcf7_unit_tag\" value=\"wpcf7-f10-o1\" \/><input type=\"hidden\" name=\"_wpcf7_container_post\" value=\"0\" \/><input type=\"hidden\" name=\"_wpcf7_posted_data_hash\" value=\"\" \/><input type=\"hidden\" name=\"_wpcf7_recaptcha_response\" value=\"\" \/>\n<\/fieldset>\n<p><span class=\"wpcf7-form-control-wrap\" data-name=\"Name\"><input size=\"40\" maxlength=\"400\" class=\"wpcf7-form-control wpcf7-text\" aria-invalid=\"false\" placeholder=\"Ihr Name\" value=\"\" type=\"text\" name=\"Name\" \/><\/span><br \/>\n<span class=\"wpcf7-form-control-wrap\" data-name=\"Comapany\"><input size=\"40\" maxlength=\"400\" class=\"wpcf7-form-control wpcf7-text\" aria-invalid=\"false\" placeholder=\"Ihr Unternehmen\" value=\"\" type=\"text\" name=\"Comapany\" \/><\/span><br \/>\n<span class=\"wpcf7-form-control-wrap\" data-name=\"Email\"><input size=\"40\" maxlength=\"400\" class=\"wpcf7-form-control wpcf7-email wpcf7-validates-as-required wpcf7-text wpcf7-validates-as-email\" aria-required=\"true\" aria-invalid=\"false\" placeholder=\"Ihre E-Mail*\" value=\"\" type=\"email\" name=\"Email\" \/><\/span><br \/>\n<span class=\"wpcf7-form-control-wrap\" data-name=\"Message\"><textarea cols=\"40\" rows=\"10\" maxlength=\"2000\" class=\"wpcf7-form-control wpcf7-textarea\" aria-invalid=\"false\" placeholder=\"Nachricht\" name=\"Message\"><\/textarea><\/span>\n<\/p>\n<p><input class=\"wpcf7-form-control wpcf7-submit has-spinner\" type=\"submit\" value=\"Einreichen\" \/>\n<\/p><div class=\"wpcf7-response-output\" aria-hidden=\"true\"><\/div>\n<input type=\"hidden\" name=\"trp-form-language\" value=\"de\"\/><\/form>\n<\/div>\n\n\n\n\t\t<\/div>\n\t\t\t\t\t<\/div>\n\n\t\n\n<\/div>\n\n\t\t<\/div>\n\t\t\t\t\t<\/div>\n\n\t\n\n<\/div>\n\n\t\t<\/div>\n\n\t\t\n<style>\n#section_2138874732 {\n  padding-top: 30px;\n  padding-bottom: 30px;\n  background-color: rgb(232, 234, 241);\n}\n<\/style>\n\t<\/section>","protected":false},"excerpt":{"rendered":"","protected":false},"author":1,"featured_media":0,"parent":0,"menu_order":0,"comment_status":"closed","ping_status":"closed","template":"page-blank.php","meta":{"footnotes":""},"class_list":["post-48","page","type-page","status-publish","hentry"],"_links":{"self":[{"href":"https:\/\/www.impacttesting.net\/de\/wp-json\/wp\/v2\/pages\/48","targetHints":{"allow":["GET"]}}],"collection":[{"href":"https:\/\/www.impacttesting.net\/de\/wp-json\/wp\/v2\/pages"}],"about":[{"href":"https:\/\/www.impacttesting.net\/de\/wp-json\/wp\/v2\/types\/page"}],"author":[{"embeddable":true,"href":"https:\/\/www.impacttesting.net\/de\/wp-json\/wp\/v2\/users\/1"}],"replies":[{"embeddable":true,"href":"https:\/\/www.impacttesting.net\/de\/wp-json\/wp\/v2\/comments?post=48"}],"version-history":[{"count":5,"href":"https:\/\/www.impacttesting.net\/de\/wp-json\/wp\/v2\/pages\/48\/revisions"}],"predecessor-version":[{"id":72,"href":"https:\/\/www.impacttesting.net\/de\/wp-json\/wp\/v2\/pages\/48\/revisions\/72"}],"wp:attachment":[{"href":"https:\/\/www.impacttesting.net\/de\/wp-json\/wp\/v2\/media?parent=48"}],"curies":[{"name":"wp","href":"https:\/\/api.w.org\/{rel}","templated":true}]}}