{"id":66,"date":"2025-12-24T05:51:29","date_gmt":"2025-12-24T05:51:29","guid":{"rendered":"https:\/\/www.impacttesting.net\/?page_id=66"},"modified":"2025-12-24T05:51:29","modified_gmt":"2025-12-24T05:51:29","slug":"astm-d1709","status":"publish","type":"page","link":"https:\/\/www.impacttesting.net\/da\/astm-d1709\/","title":{"rendered":"ASTM D1709"},"content":{"rendered":"<section class=\"section\" id=\"section_238518464\">\n\t\t<div class=\"bg section-bg fill bg-fill  bg-loaded\" >\n\n\t\t\t\n\t\t\t\n\t\t\t\n\n\t\t<\/div>\n\n\t\t\n\n\t\t<div class=\"section-content relative\">\n\t\t\t\n\n<div class=\"row\"  id=\"row-1940664289\">\n\n\n\t<div id=\"col-477559891\" class=\"col small-12 large-12\"  >\n\t\t\t\t<div class=\"col-inner\" style=\"background-color:rgb(92, 171, 188);\" >\n\t\t\t\n\t\t\t\n\n<div class=\"row\"  id=\"row-1244263588\">\n\n\n\t<div id=\"col-1174407852\" class=\"col small-12 large-12\"  >\n\t\t\t\t<div class=\"col-inner\"  >\n\t\t\t\n\t\t\t\n\n\t<div id=\"text-2125427085\" class=\"text\">\n\t\t\n\n<h1>ASTM D1709<\/h1>\n\t\t\n<style>\n#text-2125427085 {\n  font-size: 1.5rem;\n  text-align: center;\n}\n<\/style>\n\t<\/div>\n\t\n\t<div id=\"text-834953618\" class=\"text\">\n\t\t\n\n<h2>Dart Drop Test Method for Plastic Film<\/h2>\n\t\t\n<style>\n#text-834953618 {\n  text-align: center;\n}\n<\/style>\n\t<\/div>\n\t\n\n\t\t<\/div>\n\t\t\t\t\n<style>\n#col-1174407852 > .col-inner {\n  padding: 50px 10px 10px 10px;\n}\n<\/style>\n\t<\/div>\n\n\t\n\n<\/div>\n<div class=\"row align-middle align-center\"  id=\"row-595646442\">\n\n\n\t<div id=\"col-1160502706\" class=\"col medium-11 small-12 large-11\"  >\n\t\t\t\t<div class=\"col-inner\"  >\n\t\t\t\n\t\t\t\n\n<div class=\"row align-center\"  id=\"row-483498624\">\n\n\n\t<div id=\"col-511044123\" class=\"col medium-7 small-12 large-7\"  >\n\t\t\t\t<div class=\"col-inner\"  >\n\t\t\t\n\t\t\t\n\n<div class=\"row\"  id=\"row-958477377\">\n\n\n\t<div id=\"col-735918753\" class=\"col small-12 large-12\"  >\n\t\t\t\t<div class=\"col-inner text-center\"  >\n\t\t\t\n\t\t\t\n\n\t<div id=\"text-4070326855\" class=\"text\">\n\t\t\n\n<p>Den <strong>ASTM D1709 dr\u00e5betest med pil<\/strong> er en vigtig metode til at vurdere slagfastheden af plastfilm og lignende materialer. Ved at f\u00f8lge standardprocedurerne, v\u00e6lge den rigtige testmetode og bruge p\u00e5lideligt udstyr som f.eks. <strong>FDT-01 fra Impacttesting.net<\/strong>kan du sikre ensartet kvalitet og overholdelse af industristandarder.<\/p>\n\t\t\n<style>\n#text-4070326855 {\n  color: rgb(0, 0, 0);\n}\n#text-4070326855 > * {\n  color: rgb(0, 0, 0);\n}\n<\/style>\n\t<\/div>\n\t\n\n\t\t<\/div>\n\t\t\t\t\t<\/div>\n\n\t\n\n\t<div id=\"col-417391792\" class=\"col small-12 large-12\"  >\n\t\t\t\t<div class=\"col-inner text-center\"  >\n\t\t\t\n\t\t\t\n\n<a href=\"https:\/\/www.impacttesting.net\/da\/contact-us\/\" class=\"button primary is-outline\"  style=\"border-radius:99px;\">\n    <span>Kontakt os<\/span>\n  <i class=\"icon-chat\" aria-hidden=\"true\" ><\/i><\/a>\n\n\n\n\t\t<\/div>\n\t\t\t\t\t<\/div>\n\n\t\n\n<\/div>\n\n\t\t<\/div>\n\t\t\t\t\t<\/div>\n\n\t\n\n\t<div id=\"col-880288201\" class=\"col medium-4 small-12 large-4\"  >\n\t\t\t\t<div class=\"col-inner\"  >\n\t\t\t\n\t\t\t\n\n<div class=\"row\"  id=\"row-1279021302\">\n\n\n\t<div id=\"col-662227288\" class=\"col small-12 large-12\"  >\n\t\t\t\t<div class=\"col-inner\"  >\n\t\t\t\n\t\t\t\n\n\t<div class=\"img has-hover x md-x lg-x y md-y lg-y\" id=\"image_1212067721\">\n\t\t\t\t\t\t\t\t<div class=\"img-inner dark\" >\n\t\t\t<img decoding=\"async\" width=\"600\" height=\"440\" src=\"https:\/\/www.impacttesting.net\/wp-content\/uploads\/2025\/12\/ASTM-D1709-Dart-Drop-Test-Method-for-Plastic-Film.webp\" class=\"attachment-large size-large\" alt=\"ASTM D1709 Dart Drop Test Method for Plastic Film\" srcset=\"https:\/\/www.impacttesting.net\/wp-content\/uploads\/2025\/12\/ASTM-D1709-Dart-Drop-Test-Method-for-Plastic-Film.webp 600w, https:\/\/www.impacttesting.net\/wp-content\/uploads\/2025\/12\/ASTM-D1709-Dart-Drop-Test-Method-for-Plastic-Film-545x400.webp 545w\" sizes=\"(max-width: 600px) 100vw, 600px\" \/>\t\t\t\t\t\t\n\t\t\t\t\t<\/div>\n\t\t\t\t\t\t\t\t\n<style>\n#image_1212067721 {\n  width: 100%;\n}\n<\/style>\n\t<\/div>\n\t\n\n\n\t\t<\/div>\n\t\t\t\t\t<\/div>\n\n\t\n\n<\/div>\n\n\t\t<\/div>\n\t\t\t\t\t<\/div>\n\n\t\n\n<\/div>\n\n\t\t<\/div>\n\t\t\t\t\t<\/div>\n\n\t\n\n<\/div>\n\n\t\t<\/div>\n\t\t\t\t\t<\/div>\n\n\t\n\n\n<style>\n#row-1940664289 > .col > .col-inner {\n  border-radius: 25px;\n}\n<\/style>\n<\/div>\n\n\t\t<\/div>\n\n\t\t\n<style>\n#section_238518464 {\n  padding-top: 30px;\n  padding-bottom: 30px;\n}\n<\/style>\n\t<\/section>\n\t\n\t<section class=\"section\" id=\"section_380176901\">\n\t\t<div class=\"bg section-bg fill bg-fill  bg-loaded\" >\n\n\t\t\t\n\t\t\t\n\t\t\t\n\n\t\t<\/div>\n\n\t\t\n\n\t\t<div class=\"section-content relative\">\n\t\t\t\n\n<div class=\"row\"  id=\"row-1339513626\">\n\n\n\t<div id=\"col-2121737574\" class=\"col small-12 large-12\"  >\n\t\t\t\t<div class=\"col-inner\"  >\n\t\t\t\n\t\t\t\n\n<div class=\"row\"  id=\"row-1792504904\">\n\n\n\t<div id=\"col-562183580\" class=\"col small-12 large-12\"  >\n\t\t\t\t<div class=\"col-inner\"  >\n\t\t\t\n\t\t\t\n\n\t<div id=\"text-1857277326\" class=\"text\">\n\t\t\n\n<h2>ASTM D1709 og dens betydning<\/h2>\n\t\t\n<style>\n#text-1857277326 {\n  font-size: 1.3rem;\n  text-align: center;\n}\n<\/style>\n\t<\/div>\n\t\n\n\t\t<\/div>\n\t\t\t\t\t<\/div>\n\n\t\n\n\t<div id=\"col-1336743215\" class=\"col small-12 large-12\"  >\n\t\t\t\t<div class=\"col-inner\"  >\n\t\t\t\n\t\t\t\n\n<p>I kvalitetssikringen af fleksible emballagematerialer, is\u00e6r plastfilm, spiller ASTM D1709 en afg\u00f8rende rolle. Denne internationale standard specificerer <strong>Metode til dr\u00e5betest med pil<\/strong>, som evaluerer plastfoliers slagfasthed ved at bestemme den energi, der kr\u00e6ves for at for\u00e5rsage brud, n\u00e5r en v\u00e6gtet pil slippes fra en fast h\u00f8jde. Resultaterne er afg\u00f8rende for at sikre produktets ydeevne under forsendelse, h\u00e5ndtering og brug. For producenter, fagfolk inden for kvalitetskontrol og laboratorier, der arbejder med polymerfilm, sikrer forst\u00e5else og implementering af ASTM D1709 overholdelse af pr\u00e6stationsstandarder og ensartethed i produktionen.<\/p>\n\n\t\t<\/div>\n\t\t\t\t\t<\/div>\n\n\t\n\n<\/div>\n\n\t\t<\/div>\n\t\t\t\t\t<\/div>\n\n\t\n\n<\/div>\n<div class=\"row\"  id=\"row-427267142\">\n\n\n\t<div id=\"col-815788074\" class=\"col small-12 large-12\"  >\n\t\t\t\t<div class=\"col-inner\"  >\n\t\t\t\n\t\t\t\n\n<div class=\"row\"  id=\"row-737133907\">\n\n\n\t<div id=\"col-374472068\" class=\"col small-12 large-12\"  >\n\t\t\t\t<div class=\"col-inner\"  >\n\t\t\t\n\t\t\t\n\n<div class=\"row\"  id=\"row-2098610204\">\n\n\n\t<div id=\"col-366546363\" class=\"col small-12 large-12\"  >\n\t\t\t\t<div class=\"col-inner\"  >\n\t\t\t\n\t\t\t\n\n\t<div id=\"text-677807983\" class=\"text\">\n\t\t\n\n<h2>Forst\u00e5else af Dart Drop Test-metoden<\/h2>\n\t\t\n<style>\n#text-677807983 {\n  font-size: 1.3rem;\n  text-align: center;\n}\n<\/style>\n\t<\/div>\n\t\n\n\t\t<\/div>\n\t\t\t\t\t<\/div>\n\n\t\n\n<\/div>\n<div class=\"row align-middle\"  id=\"row-620374589\">\n\n\n\t<div id=\"col-1280743852\" class=\"col medium-7 small-12 large-7\"  >\n\t\t\t\t<div class=\"col-inner\"  >\n\t\t\t\n\t\t\t\n\n<p>Den <strong>Dart drop test<\/strong> som defineret i ASTM D1709 indeb\u00e6rer, at man lader en pil med halvkugleformet hoved falde ned p\u00e5 en fastsp\u00e6ndt foliepr\u00f8ve for at bestemme den v\u00e6gt, der for\u00e5rsager 50%-svigt i de testede pr\u00f8ver. Testen giver en kvantitativ m\u00e5ling af slagfastheden.<\/p>\n<p>Der er to prim\u00e6re testmetoder:<\/p>\n<ul>\n<li><strong>Metode A<\/strong>: Bruger en pil med en diameter p\u00e5 38,10 mm, der kastes fra 0,66 m.<\/li>\n<li><strong>Metode B<\/strong>: Bruger en pil med en diameter p\u00e5 50,80 mm, der kastes fra 1,52 m.<\/li>\n<\/ul>\n<p>Hver metode er velegnet til forskellige filmtyper og pr\u00e6stationsgr\u00e6nser. Metode A er mere almindelig for lettere eller tyndere film, mens metode B bruges, n\u00e5r der forventes en h\u00f8jere energip\u00e5virkning.<\/p>\n\n\t\t<\/div>\n\t\t\t\t\t<\/div>\n\n\t\n\n\t<div id=\"col-370311790\" class=\"col medium-5 small-12 large-5\"  >\n\t\t\t\t<div class=\"col-inner\"  >\n\t\t\t\n\t\t\t\n\n\t<div class=\"img has-hover x md-x lg-x y md-y lg-y\" id=\"image_1529870221\">\n\t\t\t\t\t\t\t\t<div class=\"img-inner dark\" >\n\t\t\t<img decoding=\"async\" width=\"600\" height=\"440\" src=\"https:\/\/www.impacttesting.net\/wp-content\/uploads\/2025\/12\/ASTM-D1709-Dart-Drop-Test-Method-for-Plastic-Film.webp\" class=\"attachment-large size-large\" alt=\"ASTM D1709 Dart Drop Test Method for Plastic Film\" srcset=\"https:\/\/www.impacttesting.net\/wp-content\/uploads\/2025\/12\/ASTM-D1709-Dart-Drop-Test-Method-for-Plastic-Film.webp 600w, https:\/\/www.impacttesting.net\/wp-content\/uploads\/2025\/12\/ASTM-D1709-Dart-Drop-Test-Method-for-Plastic-Film-545x400.webp 545w\" sizes=\"(max-width: 600px) 100vw, 600px\" \/>\t\t\t\t\t\t\n\t\t\t\t\t<\/div>\n\t\t\t\t\t\t\t\t\n<style>\n#image_1529870221 {\n  width: 100%;\n}\n<\/style>\n\t<\/div>\n\t\n\n\n\t\t<\/div>\n\t\t\t\t\t<\/div>\n\n\t\n\n<\/div>\n\n\t\t<\/div>\n\t\t\t\t\t<\/div>\n\n\t\n\n<\/div>\n\n\t\t<\/div>\n\t\t\t\t\t<\/div>\n\n\t\n\n<\/div>\n<div class=\"row\"  id=\"row-833376638\">\n\n\n\t<div id=\"col-1491092354\" class=\"col small-12 large-12\"  >\n\t\t\t\t<div class=\"col-inner\"  >\n\t\t\t\n\t\t\t\n\n<div class=\"row\"  id=\"row-960734546\">\n\n\n\t<div id=\"col-1732247661\" class=\"col small-12 large-12\"  >\n\t\t\t\t<div class=\"col-inner\"  >\n\t\t\t\n\t\t\t\n\n\t<div id=\"text-875107084\" class=\"text\">\n\t\t\n\n<h2>De vigtigste trin i testproceduren for pileslag<\/h2>\n\t\t\n<style>\n#text-875107084 {\n  font-size: 1.3rem;\n  text-align: center;\n}\n<\/style>\n\t<\/div>\n\t\n\n\t\t<\/div>\n\t\t\t\t\t<\/div>\n\n\t\n\n<\/div>\n<div class=\"row\"  id=\"row-417071957\">\n\n\n\t<div id=\"col-2066571520\" class=\"col medium-6 small-12 large-6\"  >\n\t\t\t\t<div class=\"col-inner\"  >\n\t\t\t\n\t\t\t\n\n<h3>Forberedelse af testpr\u00f8ver<\/h3>\n<ul>\n<li><strong>St\u00f8rrelse og kvalitet<\/strong>: S\u00f8rg for, at pr\u00f8verne er store nok til at r\u00e6kke ud over klemmen og fri for synlige defekter som huller eller folder.<\/li>\n<li><strong>Pr\u00f8veudtagning<\/strong>: Tag pr\u00f8ver, der er repr\u00e6sentative for hele filmproduktionen.<\/li>\n<li><strong>Konditionering<\/strong>: Konditioner alle pr\u00f8ver i mindst 40 timer ved 23 \u00b1 2 \u00b0C og 50 \u00b1 10% relativ luftfugtighed f\u00f8r testning, som beskrevet i ASTM D618.<\/li>\n<\/ul>\n\n\t\t<\/div>\n\t\t\t\t\t<\/div>\n\n\t\n\n\t<div id=\"col-1947383963\" class=\"col medium-6 small-12 large-6\"  >\n\t\t\t\t<div class=\"col-inner\"  >\n\t\t\t\n\t\t\t\n\n<h3>Ops\u00e6tning af apparater<\/h3>\n<ul>\n<li>Brug en godkendt darttester som f.eks. <strong>FDT-01 fra Impacttesting.net<\/strong>som underst\u00f8tter b\u00e5de metode A og B med pr\u00e6cise mekanismer til udl\u00f8sning af pile.<\/li>\n<li>V\u00e6lg og inspic\u00e9r pilhovedet for at sikre, at det er fri for ridser eller defekter.<\/li>\n<li>Juster faldh\u00f8jden n\u00f8jagtigt ud fra den valgte testmetode.<\/li>\n<li>S\u00f8rg for, at pilens frig\u00f8relse rammer midten af den fastsp\u00e6ndte pr\u00f8ve, og at der ikke sker nogen udskridning.<\/li>\n<\/ul>\n\n\t\t<\/div>\n\t\t\t\t\t<\/div>\n\n\t\n\n<\/div>\n<div class=\"row align-middle\"  id=\"row-729866687\">\n\n\n\t<div id=\"col-203387295\" class=\"col medium-8 small-12 large-8\"  >\n\t\t\t\t<div class=\"col-inner\"  >\n\t\t\t\n\t\t\t\n\n<h3>Teknikker til test af pilefald<\/h3>\n<p>Der er to prim\u00e6re testteknikker under ASTM D1709:<\/p>\n<h4>Trappe-metoden<\/h4>\n<ul>\n<li>Brug ensartede v\u00e6gtfor\u00f8gelser (\u0394W).<\/li>\n<li>For\u00f8g eller reducer pilens v\u00e6gt efter hver pr\u00f8ve afh\u00e6ngigt af fejlresultatet.<\/li>\n<li>Testen forts\u00e6tter, indtil der er opn\u00e5et 10 fejl (X) og 10 ikke-fejl (0).<\/li>\n<li>Beregn svigtv\u00e6gten (WF) ved hj\u00e6lp af formlen for trappemetoden:<br \/><strong>WF = W0 + \u0394W(N\/A - 0,5)<\/strong><br \/>Hvor?<br \/><strong>W<sub>0<\/sub> <\/strong> er den oprindelige v\u00e6gt<br \/><strong>\u0394W<\/strong> er tilv\u00e6ksten<br \/><strong>N<\/strong> er det samlede antal fejl (10)<br \/><strong>A<\/strong> er summen af indeksv\u00e6rdier for mislykkede pr\u00f8ver<\/li>\n<\/ul>\n<h4>Alternativ metode<\/h4>\n<ul>\n<li>Brug en fast pilv\u00e6gt til en gruppe af pr\u00f8ver (normalt 10).<\/li>\n<li>Vari\u00e9r pilens v\u00e6gt mellem grupperne.<\/li>\n<li>Bestem fejlt\u00e6rsklen ved hj\u00e6lp af plottede data eller glidende gennemsnit.<\/li>\n<\/ul>\n<p>Denne tilgang bruges ofte i<strong> rutinem\u00e6ssig kvalitetskontrol<\/strong> til hurtige tjek.<\/p>\n\n\t\t<\/div>\n\t\t\t\t\t<\/div>\n\n\t\n\n\t<div id=\"col-55978244\" class=\"col medium-4 small-12 large-4\"  >\n\t\t\t\t<div class=\"col-inner\"  >\n\t\t\t\n\t\t\t\n\n<div class=\"video video-fit mb\" style=\"padding-top:200%;\"><iframe title=\"Falling ball impact tester til plastfilm og -plader\" width=\"563\" height=\"1000\" src=\"https:\/\/www.youtube.com\/embed\/AvdivZPwIxc?feature=oembed\" frameborder=\"0\" allow=\"accelerometer; autoplay; clipboard-write; encrypted-media; gyroscope; picture-in-picture; web-share\" referrerpolicy=\"strict-origin-when-cross-origin\" allowfullscreen><\/iframe><\/div>\n\n\n\t\t<\/div>\n\t\t\t\t\t<\/div>\n\n\t\n\n<\/div>\n\n\t\t<\/div>\n\t\t\t\t\t<\/div>\n\n\t\n\n<\/div>\n<div class=\"row\"  id=\"row-1145048555\">\n\n\n\t<div id=\"col-1727129183\" class=\"col small-12 large-12\"  >\n\t\t\t\t<div class=\"col-inner\"  >\n\t\t\t\n\t\t\t\n\n<div class=\"row\"  id=\"row-1988335444\">\n\n\n\t<div id=\"col-555828559\" class=\"col small-12 large-12\"  >\n\t\t\t\t<div class=\"col-inner\"  >\n\t\t\t\n\t\t\t\n\n\t<div id=\"text-867274918\" class=\"text\">\n\t\t\n\n<h2>Almindelige problemer og l\u00f8sninger<\/h2>\n\t\t\n<style>\n#text-867274918 {\n  font-size: 1.3rem;\n  text-align: center;\n}\n<\/style>\n\t<\/div>\n\t\n\n\t\t<\/div>\n\t\t\t\t\t<\/div>\n\n\t\n\n\t<div id=\"col-330312587\" class=\"col small-12 large-12\"  >\n\t\t\t\t<div class=\"col-inner\"  >\n\t\t\t\n\t\t\t\n\n\t<div id=\"text-1758252687\" class=\"text\">\n\t\t\n\n<p><strong>Udskridning af pr\u00f8ve<\/strong>: Brug passende klemmer og overfladebehandlinger (f.eks. krokusdug) for at forhindre bev\u00e6gelse under p\u00e5virkning.<\/p>\n<p><strong>Inkonsekvente resultater<\/strong>: Kontroll\u00e9r milj\u00f8forhold, piletilpasning og pr\u00f8veforberedelse for at sikre repeterbarhed.<\/p>\n<p><strong>Dart-rebond<\/strong>: Fang altid pilen, n\u00e5r den rammer, for at undg\u00e5 flere kontakter og mulig beskadigelse af overfladen.<\/p>\n\t\t\n<style>\n#text-1758252687 {\n  text-align: center;\n}\n<\/style>\n\t<\/div>\n\t\n\n\t\t<\/div>\n\t\t\t\t\t<\/div>\n\n\t\n\n<\/div>\n\n\t\t<\/div>\n\t\t\t\t\t<\/div>\n\n\t\n\n<\/div>\n\n\t\t<\/div>\n\n\t\t\n<style>\n#section_380176901 {\n  padding-top: 30px;\n  padding-bottom: 30px;\n}\n<\/style>\n\t<\/section>\n\t\n\t<section class=\"section\" id=\"section_159038347\">\n\t\t<div class=\"bg section-bg fill bg-fill  bg-loaded\" >\n\n\t\t\t\n\t\t\t\n\t\t\t\n\n\t\t<\/div>\n\n\t\t\n\n\t\t<div class=\"section-content relative\">\n\t\t\t\n\n<div class=\"row\"  id=\"row-996092661\">\n\n\n\t<div id=\"col-835790279\" class=\"col small-12 large-12\"  >\n\t\t\t\t<div class=\"col-inner\"  >\n\t\t\t\n\t\t\t\n\n<div class=\"row align-center\"  id=\"row-1787418375\">\n\n\n\t<div id=\"col-550268368\" class=\"col small-12 large-12\"  >\n\t\t\t\t<div class=\"col-inner\"  >\n\t\t\t\n\t\t\t\n\n\t<div id=\"text-576389057\" class=\"text\">\n\t\t\n\n<h2>Hvorfor v\u00e6lge Impacttesting.net's<br \/>FDT-01 Dart Drop Tester<\/h2>\n\t\t\n<style>\n#text-576389057 {\n  font-size: 1.4rem;\n  text-align: center;\n}\n<\/style>\n\t<\/div>\n\t\n\n\t\t<\/div>\n\t\t\t\t\t<\/div>\n\n\t\n\n\t<div id=\"col-1246545924\" class=\"col small-12 large-12\"  >\n\t\t\t\t<div class=\"col-inner\"  >\n\t\t\t\n\t\t\t\n\n<p>Den <strong>FDT-01 <a href=\"https:\/\/www.impacttesting.net\/da\/falling-dart-impact-tester\/\">Dart Impact Tester<\/a><\/strong> fra <a href=\"https:\/\/www.impacttesting.net\/da\/\">Impacttesting.net<\/a> er udviklet specielt til n\u00f8jagtig og effektiv testning pr. <a href=\"https:\/\/www.impacttesting.net\/da\/astm-d1709\/\"><strong>ASTM D1709<\/strong><\/a>. Dette instrument:<\/p>\n\n\t\t<\/div>\n\t\t\t\t\t<\/div>\n\n\t\n\n\t<div id=\"col-994335725\" class=\"col medium-7 small-12 large-7\"  >\n\t\t\t\t<div class=\"col-inner text-center\"  >\n\t\t\t\n\t\t\t\n\n\t<div id=\"text-2424105477\" class=\"text\">\n\t\t\n\n<p>Underst\u00f8tter b\u00e5de metode A- og B-test<br \/>Har pr\u00e6cis justering af faldh\u00f8jde og piludl\u00f8ser<br \/>Tilbyder digital kontrol og dataindsamling til p\u00e5lidelig resultatsporing<br \/>\u00d8ger produktiviteten med intuitiv brugerflade og robust konstruktion<\/p>\n\t\t\n<style>\n#text-2424105477 {\n  font-size: 1.1rem;\n  line-height: 1.3;\n}\n<\/style>\n\t<\/div>\n\t\n\t<div id=\"text-3085639749\" class=\"text\">\n\t\t\n\n<p>Vores ekspertise i <strong>Test af emballagemateriale<\/strong>kombineret med brugertilpassede funktioner og automatiseringsst\u00f8tte g\u00f8r FDT-01 til en perfekt l\u00f8sning for laboratorier, produktionslinjer og inspektionsbureauer.<\/p>\n\t\t\n<style>\n#text-3085639749 {\n  font-size: 1.1rem;\n}\n<\/style>\n\t<\/div>\n\t\n<a href=\"https:\/\/www.impacttesting.net\/da\/contact-us\/\" class=\"button primary is-outline\"  style=\"border-radius:99px;\">\n    <span>Kontakt os<\/span>\n  <i class=\"icon-chat\" aria-hidden=\"true\" ><\/i><\/a>\n\n\n\n\t\t<\/div>\n\t\t\t\t\t<\/div>\n\n\t\n\n\t<div id=\"col-485236056\" class=\"col medium-4 small-12 large-4\"  >\n\t\t\t\t<div class=\"col-inner text-center\"  >\n\t\t\t\n\t\t\t\n\n\n<div class=\"wpcf7 no-js\" id=\"wpcf7-f10-o1\" lang=\"en-US\" dir=\"ltr\" data-wpcf7-id=\"10\">\n<div class=\"screen-reader-response\"><p role=\"status\" aria-live=\"polite\" aria-atomic=\"true\"><\/p> <ul><\/ul><\/div>\n<form action=\"\/da\/wp-json\/wp\/v2\/pages\/66#wpcf7-f10-o1\" method=\"post\" class=\"wpcf7-form init\" aria-label=\"Contact form\" novalidate=\"novalidate\" data-status=\"init\" data-trp-original-action=\"\/da\/wp-json\/wp\/v2\/pages\/66#wpcf7-f10-o1\">\n<fieldset class=\"hidden-fields-container\"><input type=\"hidden\" name=\"_wpcf7\" value=\"10\" \/><input type=\"hidden\" name=\"_wpcf7_version\" value=\"6.1.4\" \/><input type=\"hidden\" name=\"_wpcf7_locale\" value=\"en_US\" \/><input type=\"hidden\" name=\"_wpcf7_unit_tag\" value=\"wpcf7-f10-o1\" \/><input type=\"hidden\" name=\"_wpcf7_container_post\" value=\"0\" \/><input type=\"hidden\" name=\"_wpcf7_posted_data_hash\" value=\"\" \/><input type=\"hidden\" name=\"_wpcf7_recaptcha_response\" value=\"\" \/>\n<\/fieldset>\n<p><span class=\"wpcf7-form-control-wrap\" data-name=\"Name\"><input size=\"40\" maxlength=\"400\" class=\"wpcf7-form-control wpcf7-text\" aria-invalid=\"false\" placeholder=\"Dit navn\" value=\"\" type=\"text\" name=\"Name\" \/><\/span><br \/>\n<span class=\"wpcf7-form-control-wrap\" data-name=\"Comapany\"><input size=\"40\" maxlength=\"400\" class=\"wpcf7-form-control wpcf7-text\" aria-invalid=\"false\" placeholder=\"Dit firma\" value=\"\" type=\"text\" name=\"Comapany\" \/><\/span><br \/>\n<span class=\"wpcf7-form-control-wrap\" data-name=\"Email\"><input size=\"40\" maxlength=\"400\" class=\"wpcf7-form-control wpcf7-email wpcf7-validates-as-required wpcf7-text wpcf7-validates-as-email\" aria-required=\"true\" aria-invalid=\"false\" placeholder=\"Din e-mail*\" value=\"\" type=\"email\" name=\"Email\" \/><\/span><br \/>\n<span class=\"wpcf7-form-control-wrap\" data-name=\"Message\"><textarea cols=\"40\" rows=\"10\" maxlength=\"2000\" class=\"wpcf7-form-control wpcf7-textarea\" aria-invalid=\"false\" placeholder=\"Besked\" name=\"Message\"><\/textarea><\/span>\n<\/p>\n<p><input class=\"wpcf7-form-control wpcf7-submit has-spinner\" type=\"submit\" value=\"Indsend\" \/>\n<\/p><div class=\"wpcf7-response-output\" aria-hidden=\"true\"><\/div>\n<input type=\"hidden\" name=\"trp-form-language\" value=\"da\"\/><\/form>\n<\/div>\n\n\n\n\t\t<\/div>\n\t\t\t\t\t<\/div>\n\n\t\n\n<\/div>\n\n\t\t<\/div>\n\t\t\t\t\t<\/div>\n\n\t\n\n<\/div>\n\n\t\t<\/div>\n\n\t\t\n<style>\n#section_159038347 {\n  padding-top: 30px;\n  padding-bottom: 30px;\n  background-color: rgb(232, 234, 241);\n}\n<\/style>\n\t<\/section>","protected":false},"excerpt":{"rendered":"","protected":false},"author":1,"featured_media":0,"parent":0,"menu_order":0,"comment_status":"closed","ping_status":"closed","template":"page-blank.php","meta":{"footnotes":""},"class_list":["post-66","page","type-page","status-publish","hentry"],"_links":{"self":[{"href":"https:\/\/www.impacttesting.net\/da\/wp-json\/wp\/v2\/pages\/66","targetHints":{"allow":["GET"]}}],"collection":[{"href":"https:\/\/www.impacttesting.net\/da\/wp-json\/wp\/v2\/pages"}],"about":[{"href":"https:\/\/www.impacttesting.net\/da\/wp-json\/wp\/v2\/types\/page"}],"author":[{"embeddable":true,"href":"https:\/\/www.impacttesting.net\/da\/wp-json\/wp\/v2\/users\/1"}],"replies":[{"embeddable":true,"href":"https:\/\/www.impacttesting.net\/da\/wp-json\/wp\/v2\/comments?post=66"}],"version-history":[{"count":1,"href":"https:\/\/www.impacttesting.net\/da\/wp-json\/wp\/v2\/pages\/66\/revisions"}],"predecessor-version":[{"id":73,"href":"https:\/\/www.impacttesting.net\/da\/wp-json\/wp\/v2\/pages\/66\/revisions\/73"}],"wp:attachment":[{"href":"https:\/\/www.impacttesting.net\/da\/wp-json\/wp\/v2\/media?parent=66"}],"curies":[{"name":"wp","href":"https:\/\/api.w.org\/{rel}","templated":true}]}}