{"id":59,"date":"2025-12-24T05:33:37","date_gmt":"2025-12-24T05:33:37","guid":{"rendered":"https:\/\/www.impacttesting.net\/?page_id=59"},"modified":"2025-12-24T06:11:16","modified_gmt":"2025-12-24T06:11:16","slug":"astm-d3420","status":"publish","type":"page","link":"https:\/\/www.impacttesting.net\/da\/astm-d3420\/","title":{"rendered":"ASTM D3420"},"content":{"rendered":"<section class=\"section\" id=\"section_1625594179\">\n\t\t<div class=\"bg section-bg fill bg-fill  bg-loaded\" >\n\n\t\t\t\n\t\t\t\n\t\t\t\n\n\t\t<\/div>\n\n\t\t\n\n\t\t<div class=\"section-content relative\">\n\t\t\t\n\n<div class=\"row\"  id=\"row-406490016\">\n\n\n\t<div id=\"col-1154520948\" class=\"col small-12 large-12\"  >\n\t\t\t\t<div class=\"col-inner\" style=\"background-color:rgb(92, 171, 188);\" >\n\t\t\t\n\t\t\t\n\n<div class=\"row\"  id=\"row-1017037271\">\n\n\n\t<div id=\"col-1696910506\" class=\"col small-12 large-12\"  >\n\t\t\t\t<div class=\"col-inner\"  >\n\t\t\t\n\t\t\t\n\n\t<div id=\"text-4097352561\" class=\"text\">\n\t\t\n\n<h1>ASTM D1709<\/h1>\n\t\t\n<style>\n#text-4097352561 {\n  font-size: 1.5rem;\n  text-align: center;\n}\n<\/style>\n\t<\/div>\n\t\n\t<div id=\"text-135778701\" class=\"text\">\n\t\t\n\n<h2>Plastfilms modstandsdygtighed over for pendulslag<\/h2>\n\t\t\n<style>\n#text-135778701 {\n  text-align: center;\n}\n<\/style>\n\t<\/div>\n\t\n\n\t\t<\/div>\n\t\t\t\t\n<style>\n#col-1696910506 > .col-inner {\n  padding: 50px 10px 10px 10px;\n}\n<\/style>\n\t<\/div>\n\n\t\n\n<\/div>\n<div class=\"row align-middle align-center\"  id=\"row-1380851200\">\n\n\n\t<div id=\"col-429363579\" class=\"col medium-11 small-12 large-11\"  >\n\t\t\t\t<div class=\"col-inner\"  >\n\t\t\t\n\t\t\t\n\n<div class=\"row align-middle align-center\"  id=\"row-1886039639\">\n\n\n\t<div id=\"col-393078177\" class=\"col medium-7 small-12 large-7\"  >\n\t\t\t\t<div class=\"col-inner\"  >\n\t\t\t\n\t\t\t\n\n<div class=\"row\"  id=\"row-1158522451\">\n\n\n\t<div id=\"col-1649989190\" class=\"col small-12 large-12\"  >\n\t\t\t\t<div class=\"col-inner text-center\"  >\n\t\t\t\n\t\t\t\n\n\t<div id=\"text-1721739159\" class=\"text\">\n\t\t\n\n<p>Slagfasthed spiller en afg\u00f8rende rolle i vurderingen af et materiales holdbarhed og ydeevne under pludselig stress. <a href=\"https:\/\/www.impacttesting.net\/da\/astm-d3420\/\"><strong>ASTM D3420<\/strong><\/a>, standardtestmetoden for <strong>Plastfilms modstandsdygtighed over for pendulslag<\/strong>giver et vigtigt benchmark til bestemmelse af plastfoliers sejhed. Denne metode er is\u00e6r v\u00e6rdifuld for emballageingeni\u00f8rer, materialeforskere og fagfolk inden for kvalitetskontrol, der \u00f8nsker at sikre, at film opfylder applikationsspecifikke krav til ydeevne.<\/p>\n\t\t\n<style>\n#text-1721739159 {\n  color: rgb(0, 0, 0);\n}\n#text-1721739159 > * {\n  color: rgb(0, 0, 0);\n}\n<\/style>\n\t<\/div>\n\t\n\n\t\t<\/div>\n\t\t\t\t\t<\/div>\n\n\t\n\n\t<div id=\"col-220958848\" class=\"col small-12 large-12\"  >\n\t\t\t\t<div class=\"col-inner text-center\"  >\n\t\t\t\n\t\t\t\n\n<a href=\"https:\/\/www.impacttesting.net\/da\/contact-us\/\" class=\"button primary is-outline\"  style=\"border-radius:99px;\">\n    <span>Kontakt os<\/span>\n  <i class=\"icon-chat\" aria-hidden=\"true\" ><\/i><\/a>\n\n\n\n\t\t<\/div>\n\t\t\t\t\t<\/div>\n\n\t\n\n<\/div>\n\n\t\t<\/div>\n\t\t\t\t\t<\/div>\n\n\t\n\n\t<div id=\"col-1430467345\" class=\"col medium-5 small-12 large-5\"  >\n\t\t\t\t<div class=\"col-inner\"  >\n\t\t\t\n\t\t\t\n\n<div class=\"row\"  id=\"row-463730046\">\n\n\n\t<div id=\"col-1488051736\" class=\"col small-12 large-12\"  >\n\t\t\t\t<div class=\"col-inner\"  >\n\t\t\t\n\t\t\t\n\n\t<div class=\"img has-hover x md-x lg-x y md-y lg-y\" id=\"image_1609185235\">\n\t\t<a class=\"\" href=\"https:\/\/www.impacttesting.net\/da\/falling-dart-impact-tester\/\" >\t\t\t\t\t\t<div class=\"img-inner dark\" >\n\t\t\t<img decoding=\"async\" width=\"600\" height=\"440\" src=\"https:\/\/www.impacttesting.net\/wp-content\/uploads\/2025\/12\/ASTM-D3420-Pendulum-Impact-Resistance-of-Plastic-Film.webp\" class=\"attachment-large size-large\" alt=\"ASTM D3420 Plastfilms modstandsdygtighed over for pendulslag\" srcset=\"https:\/\/www.impacttesting.net\/wp-content\/uploads\/2025\/12\/ASTM-D3420-Pendulum-Impact-Resistance-of-Plastic-Film.webp 600w, https:\/\/www.impacttesting.net\/wp-content\/uploads\/2025\/12\/ASTM-D3420-Pendulum-Impact-Resistance-of-Plastic-Film-545x400.webp 545w\" sizes=\"(max-width: 600px) 100vw, 600px\" \/>\t\t\t\t\t\t\n\t\t\t\t\t<\/div>\n\t\t\t\t\t\t<\/a>\t\t\n<style>\n#image_1609185235 {\n  width: 100%;\n}\n<\/style>\n\t<\/div>\n\t\n\n\n\t\t<\/div>\n\t\t\t\t\t<\/div>\n\n\t\n\n<\/div>\n\n\t\t<\/div>\n\t\t\t\t\t<\/div>\n\n\t\n\n<\/div>\n\n\t\t<\/div>\n\t\t\t\t\t<\/div>\n\n\t\n\n<\/div>\n\n\t\t<\/div>\n\t\t\t\t\t<\/div>\n\n\t\n\n\n<style>\n#row-406490016 > .col > .col-inner {\n  border-radius: 25px;\n}\n<\/style>\n<\/div>\n\n\t\t<\/div>\n\n\t\t\n<style>\n#section_1625594179 {\n  padding-top: 30px;\n  padding-bottom: 30px;\n}\n<\/style>\n\t<\/section>\n\t\n\t<section class=\"section\" id=\"section_1036469982\">\n\t\t<div class=\"bg section-bg fill bg-fill  bg-loaded\" >\n\n\t\t\t\n\t\t\t\n\t\t\t\n\n\t\t<\/div>\n\n\t\t\n\n\t\t<div class=\"section-content relative\">\n\t\t\t\n\n<div class=\"row\"  id=\"row-836782383\">\n\n\n\t<div id=\"col-294102705\" class=\"col small-12 large-12\"  >\n\t\t\t\t<div class=\"col-inner\"  >\n\t\t\t\n\t\t\t\n\n<div class=\"row\"  id=\"row-428722644\">\n\n\n\t<div id=\"col-1689834380\" class=\"col small-12 large-12\"  >\n\t\t\t\t<div class=\"col-inner\"  >\n\t\t\t\n\t\t\t\n\n\t<div id=\"text-2909132732\" class=\"text\">\n\t\t\n\n<h2>ASTM D3420 og dens betydning<\/h2>\n\t\t\n<style>\n#text-2909132732 {\n  font-size: 1.3rem;\n  text-align: center;\n}\n<\/style>\n\t<\/div>\n\t\n\n\t\t<\/div>\n\t\t\t\t\t<\/div>\n\n\t\n\n\t<div id=\"col-682804137\" class=\"col small-12 large-12\"  >\n\t\t\t\t<div class=\"col-inner\"  >\n\t\t\t\n\t\t\t\n\n<p>ASTM D3420-standarden definerer en metode til at m\u00e5le den energi, der kr\u00e6ves for at punktere en plastfilm ved hj\u00e6lp af et pendulapparat. Pendulets kinetiske energi efterligner de kr\u00e6fter, som en film kan blive udsat for i den virkelige verden, f.eks. under emballering, forsendelse eller h\u00e5ndtering. Resultatet afspejler filmens dynamiske tr\u00e6kadf\u00e6rd, hvilket giver en mere realistisk vurdering end statiske tr\u00e6ktests.<\/p>\n\n\t\t<\/div>\n\t\t\t\t\t<\/div>\n\n\t\n\n\t<div id=\"col-1159472709\" class=\"col small-12 large-12\"  >\n\t\t\t\t<div class=\"col-inner\"  >\n\t\t\t\n\t\t\t\n\n\t<div id=\"text-759619296\" class=\"text\">\n\t\t\n\n<h3>ASTM D3420 - ASTM-standarder for slagpr\u00f8vning af plast<\/h3>\n\t\t\n<style>\n#text-759619296 {\n  text-align: center;\n}\n<\/style>\n\t<\/div>\n\t\n\n\t\t<\/div>\n\t\t\t\t\t<\/div>\n\n\t\n\n\t<div id=\"col-1161905238\" class=\"col small-12 large-12\"  >\n\t\t\t\t<div class=\"col-inner\"  >\n\t\t\t\n\t\t\t\n\n<p>ASTM D3420 fokuserer specifikt p\u00e5 <strong>modstandsdygtighed over for pendulslag<\/strong>hvilket g\u00f8r den til en af de mest relevante <strong>ASTM-standarder for slagpr\u00f8vning af plast<\/strong>. Mens andre metoder som ASTM D1709 eller D4272 tester lignende egenskaber, er D3420 s\u00e6rlig fordelagtig, fordi:<\/p>\n<ul>\n<li>Det giver mulighed for dynamisk testning ved h\u00f8jere belastningshastigheder.<\/li>\n<li>Den tilbyder to testprocedurer (Procedure A og Procedure B) med forskellige pr\u00f8ve- og probest\u00f8rrelser.<\/li>\n<li>Det giver energibaserede resultater, der giver indsigt i b\u00e5de fejlinitiering og -udbredelse.<\/li>\n<\/ul>\n<p>Denne standard bruges i vid udstr\u00e6kning til at evaluere film fremstillet af <strong>polyethylen, polypropylen, PET<\/strong>og andre almindelige emballagematerialer.<\/p>\n\n\t\t<\/div>\n\t\t\t\t\t<\/div>\n\n\t\n\n<\/div>\n\n\t\t<\/div>\n\t\t\t\t\t<\/div>\n\n\t\n\n<\/div>\n<div class=\"row\"  id=\"row-28198956\">\n\n\n\t<div id=\"col-1160673611\" class=\"col small-12 large-12\"  >\n\t\t\t\t<div class=\"col-inner\"  >\n\t\t\t\n\t\t\t\n\n<div class=\"row\"  id=\"row-1357589154\">\n\n\n\t<div id=\"col-1009073520\" class=\"col small-12 large-12\"  >\n\t\t\t\t<div class=\"col-inner\"  >\n\t\t\t\n\t\t\t\n\n\t<div id=\"text-3341807131\" class=\"text\">\n\t\t\n\n<h2>Relateret pendul-slagpr\u00f8veapparat<\/h2>\n\t\t\n<style>\n#text-3341807131 {\n  font-size: 1.3rem;\n  text-align: center;\n}\n<\/style>\n\t<\/div>\n\t\n\n\t\t<\/div>\n\t\t\t\t\t<\/div>\n\n\t\n\n<\/div>\n<div class=\"row\"  id=\"row-1302402811\">\n\n\n\t<div id=\"col-1599018887\" class=\"col medium-6 small-12 large-6\"  >\n\t\t\t\t<div class=\"col-inner\"  >\n\t\t\t\n\t\t\t\n\n<h3>Testudstyr og ops\u00e6tning<\/h3>\n<p>For at udf\u00f8re ASTM D3420-tests skal du bruge en kalibreret pendulslagtester. Den <a href=\"https:\/\/www.impacttesting.net\/da\/pendulum-impact-tester\/\"><strong>PIT-01 Pendul-slagpr\u00f8veapparat<\/strong><\/a> fra <strong>Cell Instruments<\/strong> er en fremragende l\u00f8sning, der fuldt ud overholder kravene i ASTM D3420 og tilbyder:<\/p>\n<ul>\n<li>Energim\u00e5ling med h\u00f8j pr\u00e6cision (0,5 J til 5,0 J)<\/li>\n<li>Valgfri v\u00e6gte til fleksible testomr\u00e5der<\/li>\n<li>Digital udl\u00e6sning for nem dataindsamling<\/li>\n<li>To udskiftelige slaghoveder til procedure A (60 mm \u00e5bning) og procedure B (89 mm \u00e5bning)<\/li>\n<\/ul>\n<p>Testeren skal monteres p\u00e5 en plan overflade med korrekt forankring til tests med h\u00f8jere energi.<\/p>\n\n\t\t<\/div>\n\t\t\t\t\t<\/div>\n\n\t\n\n\t<div id=\"col-913001904\" class=\"col medium-6 small-12 large-6\"  >\n\t\t\t\t<div class=\"col-inner\"  >\n\t\t\t\n\t\t\t\n\n<h3>Forberedelse og konditionering af pr\u00f8ver<\/h3>\n<p>Korrekt pr\u00f8veforberedelse sikrer n\u00f8jagtige og gentagelige resultater. F\u00f8lg disse trin:<\/p>\n<ul>\n<li><strong>Pr\u00f8vetype<\/strong>: Brug cirkul\u00e6re eller firkantede filmpr\u00f8ver med en diameter p\u00e5 100 mm eller 100\u00d7100 mm.<\/li>\n<li><strong>Tykkelse<\/strong>: M\u00e5l til n\u00e6rmeste 0,00125 mm med et mikrometer.<\/li>\n<li><strong>Konditionering<\/strong>: Forbehandl pr\u00f8verne ved 23 \u00b1 2 \u00b0C og 50 \u00b1 10% relativ luftfugtighed (i henhold til ASTM D618) i mindst 40 timer.<\/li>\n<\/ul>\n<p>S\u00f8rg for, at pr\u00f8verne er <strong>fri for folder, defekter eller uj\u00e6vn tykkelse<\/strong>hvilket kan sk\u00e6vvride resultaterne.<\/p>\n\n\t\t<\/div>\n\t\t\t\t\t<\/div>\n\n\t\n\n<\/div>\n\n\t\t<\/div>\n\t\t\t\t\t<\/div>\n\n\t\n\n<\/div>\n<div class=\"row\"  id=\"row-605769560\">\n\n\n\t<div id=\"col-1075692832\" class=\"col small-12 large-12\"  >\n\t\t\t\t<div class=\"col-inner\"  >\n\t\t\t\n\t\t\t\n\n<div class=\"row\"  id=\"row-1397212092\">\n\n\n\t<div id=\"col-1212688333\" class=\"col small-12 large-12\"  >\n\t\t\t\t<div class=\"col-inner\"  >\n\t\t\t\n\t\t\t\n\n<div class=\"row\"  id=\"row-46638105\">\n\n\n\t<div id=\"col-808733181\" class=\"col small-12 large-12\"  >\n\t\t\t\t<div class=\"col-inner\"  >\n\t\t\t\n\t\t\t\n\n\t<div id=\"text-3124516623\" class=\"text\">\n\t\t\n\n<h2>Oversigt over proceduren for test af pendulslag<\/h2>\n\t\t\n<style>\n#text-3124516623 {\n  font-size: 1.3rem;\n  text-align: center;\n}\n<\/style>\n\t<\/div>\n\t\n\n\t\t<\/div>\n\t\t\t\t\t<\/div>\n\n\t\n\n<\/div>\n<div class=\"row align-bottom align-center\"  id=\"row-1803371133\">\n\n\n\t<div id=\"col-1980864735\" class=\"col medium-7 small-12 large-7\"  >\n\t\t\t\t<div class=\"col-inner\"  >\n\t\t\t\n\t\t\t\n\n<ol>\n<li><strong>Sp\u00e6nd pr\u00f8ven fast<\/strong> mellem to cirkul\u00e6re plader.<\/li>\n<li><strong>L\u00f8ft og l\u00e5s pendulet<\/strong> til sin startposition.<\/li>\n<li><strong>Nulstil udl\u00e6sningen<\/strong> og kontroller, at den er korrekt justeret.<\/li>\n<li><strong>Slip pendulet l\u00f8s<\/strong> for at ramme midten af pr\u00f8ven.<\/li>\n<li><strong>L\u00e6s energiv\u00e6rdien<\/strong> fra den digitale eller analoge drejeknap.<\/li>\n<\/ol>\n<p>Gentag denne test p\u00e5 mindst fem pr\u00f8ver for at f\u00e5 en gennemsnitsv\u00e6rdi til rapportering.<\/p>\n<p>Bem\u00e6rk: Hvis pendulet ikke punkterer filmen, skal du \u00f8ge anslagsenergien ved at tilf\u00f8je ekstra v\u00e6gte eller bruge en tyndere pr\u00f8ve.<\/p>\n\n\t\t<\/div>\n\t\t\t\t\t<\/div>\n\n\t\n\n\t<div id=\"col-109243645\" class=\"col medium-5 small-12 large-5\"  >\n\t\t\t\t<div class=\"col-inner\"  >\n\t\t\t\n\t\t\t\n\n<div class=\"video video-fit mb\" style=\"padding-top:56.25%;\"><iframe title=\"ASTM D3420 Pendulslagtester til slagtester af plastfolieplader\" width=\"1020\" height=\"574\" src=\"https:\/\/www.youtube.com\/embed\/vEx4esxMESw?feature=oembed\" frameborder=\"0\" allow=\"accelerometer; autoplay; clipboard-write; encrypted-media; gyroscope; picture-in-picture; web-share\" referrerpolicy=\"strict-origin-when-cross-origin\" allowfullscreen><\/iframe><\/div>\n\n\n\t\t<\/div>\n\t\t\t\t\t<\/div>\n\n\t\n\n<\/div>\n\n\t\t<\/div>\n\t\t\t\t\t<\/div>\n\n\t\n\n<\/div>\n\n\t\t<\/div>\n\t\t\t\t\t<\/div>\n\n\t\n\n<\/div>\n<div class=\"row\"  id=\"row-623734324\">\n\n\n\t<div id=\"col-1826581661\" class=\"col small-12 large-12\"  >\n\t\t\t\t<div class=\"col-inner\"  >\n\t\t\t\n\t\t\t\n\n<div class=\"row\"  id=\"row-265428526\">\n\n\n\t<div id=\"col-1151373403\" class=\"col small-12 large-12\"  >\n\t\t\t\t<div class=\"col-inner\"  >\n\t\t\t\n\t\t\t\n\n<div class=\"row\"  id=\"row-944106991\">\n\n\n\t<div id=\"col-283847860\" class=\"col small-12 large-12\"  >\n\t\t\t\t<div class=\"col-inner\"  >\n\t\t\t\n\t\t\t\n\n\t<div id=\"text-1938793992\" class=\"text\">\n\t\t\n\n<h2>Fortolkning af data og analyse af resultater<\/h2>\n\t\t\n<style>\n#text-1938793992 {\n  font-size: 1.3rem;\n  text-align: center;\n}\n<\/style>\n\t<\/div>\n\t\n\n\t\t<\/div>\n\t\t\t\t\t<\/div>\n\n\t\n\n<\/div>\n<div class=\"row align-middle align-center\"  id=\"row-1149555464\">\n\n\n\t<div id=\"col-1922945658\" class=\"col medium-5 small-12 large-5\"  >\n\t\t\t\t<div class=\"col-inner\"  >\n\t\t\t\n\t\t\t\n\n<ol>\n<li>Det endelige resultat repr\u00e6senterer den energi (i joule), der skal til for at punktere filmen. Det er et direkte m\u00e5l for materialets slagfasthed. H\u00f8jere v\u00e6rdier indikerer h\u00e5rdere film.<\/li>\n<li>N\u00e5r man sammenligner materialer eller partier, er det afg\u00f8rende at sikre ensartet tykkelse, milj\u00f8forhold og klemmeindstillinger for at eliminere variabilitet.<\/li>\n<\/ol>\n\n\t\t<\/div>\n\t\t\t\t\t<\/div>\n\n\t\n\n\t<div id=\"col-393481631\" class=\"col medium-5 small-12 large-5\"  >\n\t\t\t\t<div class=\"col-inner\"  >\n\t\t\t\n\t\t\t\n\n\t<div class=\"img has-hover x md-x lg-x y md-y lg-y\" id=\"image_447057126\">\n\t\t\t\t\t\t\t\t<div class=\"img-inner dark\" >\n\t\t\t<img decoding=\"async\" width=\"600\" height=\"440\" src=\"https:\/\/www.impacttesting.net\/wp-content\/uploads\/2025\/12\/ASTM-D3420-Pendulum-Impact-Resistance-of-Plastic-Film.webp\" class=\"attachment-large size-large\" alt=\"ASTM D3420 Plastfilms modstandsdygtighed over for pendulslag\" srcset=\"https:\/\/www.impacttesting.net\/wp-content\/uploads\/2025\/12\/ASTM-D3420-Pendulum-Impact-Resistance-of-Plastic-Film.webp 600w, https:\/\/www.impacttesting.net\/wp-content\/uploads\/2025\/12\/ASTM-D3420-Pendulum-Impact-Resistance-of-Plastic-Film-545x400.webp 545w\" sizes=\"(max-width: 600px) 100vw, 600px\" \/>\t\t\t\t\t\t\n\t\t\t\t\t<\/div>\n\t\t\t\t\t\t\t\t\n<style>\n#image_447057126 {\n  width: 100%;\n}\n<\/style>\n\t<\/div>\n\t\n\n\n\t\t<\/div>\n\t\t\t\t\t<\/div>\n\n\t\n\n<\/div>\n\n\t\t<\/div>\n\t\t\t\t\t<\/div>\n\n\t\n\n<\/div>\n\n\t\t<\/div>\n\t\t\t\t\t<\/div>\n\n\t\n\n<\/div>\n\n\t\t<\/div>\n\n\t\t\n<style>\n#section_1036469982 {\n  padding-top: 30px;\n  padding-bottom: 30px;\n}\n<\/style>\n\t<\/section>\n\t\n\t<section class=\"section\" id=\"section_965875931\">\n\t\t<div class=\"bg section-bg fill bg-fill  bg-loaded\" >\n\n\t\t\t\n\t\t\t\n\t\t\t\n\n\t\t<\/div>\n\n\t\t\n\n\t\t<div class=\"section-content relative\">\n\t\t\t\n\n<div class=\"row\"  id=\"row-977333304\">\n\n\n\t<div id=\"col-2007644184\" class=\"col small-12 large-12\"  >\n\t\t\t\t<div class=\"col-inner\"  >\n\t\t\t\n\t\t\t\n\n<div class=\"row align-center\"  id=\"row-881499478\">\n\n\n\t<div id=\"col-940419437\" class=\"col small-12 large-12\"  >\n\t\t\t\t<div class=\"col-inner\"  >\n\t\t\t\n\t\t\t\n\n\t<div id=\"text-1845180302\" class=\"text\">\n\t\t\n\n<h2>Hvorfor v\u00e6lge Impacttesting.net's<br \/>PIT-01 Pendul-slagpr\u00f8veapparat<\/h2>\n\t\t\n<style>\n#text-1845180302 {\n  font-size: 1.4rem;\n  text-align: center;\n}\n<\/style>\n\t<\/div>\n\t\n\n\t\t<\/div>\n\t\t\t\t\t<\/div>\n\n\t\n\n\t<div id=\"col-408311479\" class=\"col small-12 large-12\"  >\n\t\t\t\t<div class=\"col-inner\"  >\n\t\t\t\n\t\t\t\n\n<p>Den <a href=\"https:\/\/www.impacttesting.net\/da\/pendulum-impact-tester\/\"><strong>PIT-01 Pendul-slagpr\u00f8veapparat<\/strong><\/a> fra Impacttesting.net er avanceret teknik og brugervenlig gr\u00e6nseflade g\u00f8r den ideel til:<\/p>\n\n\t\t<\/div>\n\t\t\t\t\t<\/div>\n\n\t\n\n\t<div id=\"col-1006776387\" class=\"col medium-7 small-12 large-7\"  >\n\t\t\t\t<div class=\"col-inner text-center\"  >\n\t\t\t\n\t\t\t\n\n\t<div id=\"text-249971812\" class=\"text\">\n\t\t\n\n<p>Kvalitetskontrol af emballagefilm<br \/>R&amp;D-test i laboratoriet<br \/>Overensstemmelse med <a href=\"https:\/\/www.impacttesting.net\/da\/astm-d3420\/\"><strong>ASTM D3420<\/strong><\/a> og relaterede standarder<\/p>\n\t\t\n<style>\n#text-249971812 {\n  font-size: 1.1rem;\n  line-height: 1.3;\n}\n<\/style>\n\t<\/div>\n\t\n\t<div id=\"text-2879549657\" class=\"text\">\n\t\t\n\n<p>Ved at anvende PIT-01 f\u00e5r brugerne tillid til <strong>n\u00f8jagtighed, repeterbarhed og effektivitet<\/strong> af deres effekttestprocesser.<\/p>\n\t\t\n<style>\n#text-2879549657 {\n  font-size: 1.1rem;\n}\n<\/style>\n\t<\/div>\n\t\n<a href=\"https:\/\/www.impacttesting.net\/da\/contact-us\/\" class=\"button primary is-outline\"  style=\"border-radius:99px;\">\n    <span>Kontakt os<\/span>\n  <i class=\"icon-chat\" aria-hidden=\"true\" ><\/i><\/a>\n\n\n\n\t\t<\/div>\n\t\t\t\t\t<\/div>\n\n\t\n\n\t<div id=\"col-1917130264\" class=\"col medium-4 small-12 large-4\"  >\n\t\t\t\t<div class=\"col-inner text-center\"  >\n\t\t\t\n\t\t\t\n\n\n<div class=\"wpcf7 no-js\" id=\"wpcf7-f10-o1\" lang=\"en-US\" dir=\"ltr\" data-wpcf7-id=\"10\">\n<div class=\"screen-reader-response\"><p role=\"status\" aria-live=\"polite\" aria-atomic=\"true\"><\/p> <ul><\/ul><\/div>\n<form action=\"\/da\/wp-json\/wp\/v2\/pages\/59#wpcf7-f10-o1\" method=\"post\" class=\"wpcf7-form init\" aria-label=\"Contact form\" novalidate=\"novalidate\" data-status=\"init\" data-trp-original-action=\"\/da\/wp-json\/wp\/v2\/pages\/59#wpcf7-f10-o1\">\n<fieldset class=\"hidden-fields-container\"><input type=\"hidden\" name=\"_wpcf7\" value=\"10\" \/><input type=\"hidden\" name=\"_wpcf7_version\" value=\"6.1.4\" \/><input type=\"hidden\" name=\"_wpcf7_locale\" value=\"en_US\" \/><input type=\"hidden\" name=\"_wpcf7_unit_tag\" value=\"wpcf7-f10-o1\" \/><input type=\"hidden\" name=\"_wpcf7_container_post\" value=\"0\" \/><input type=\"hidden\" name=\"_wpcf7_posted_data_hash\" value=\"\" \/><input type=\"hidden\" name=\"_wpcf7_recaptcha_response\" value=\"\" \/>\n<\/fieldset>\n<p><span class=\"wpcf7-form-control-wrap\" data-name=\"Name\"><input size=\"40\" maxlength=\"400\" class=\"wpcf7-form-control wpcf7-text\" aria-invalid=\"false\" placeholder=\"Dit navn\" value=\"\" type=\"text\" name=\"Name\" \/><\/span><br \/>\n<span class=\"wpcf7-form-control-wrap\" data-name=\"Comapany\"><input size=\"40\" maxlength=\"400\" class=\"wpcf7-form-control wpcf7-text\" aria-invalid=\"false\" placeholder=\"Dit firma\" value=\"\" type=\"text\" name=\"Comapany\" \/><\/span><br \/>\n<span class=\"wpcf7-form-control-wrap\" data-name=\"Email\"><input size=\"40\" maxlength=\"400\" class=\"wpcf7-form-control wpcf7-email wpcf7-validates-as-required wpcf7-text wpcf7-validates-as-email\" aria-required=\"true\" aria-invalid=\"false\" placeholder=\"Din e-mail*\" value=\"\" type=\"email\" name=\"Email\" \/><\/span><br \/>\n<span class=\"wpcf7-form-control-wrap\" data-name=\"Message\"><textarea cols=\"40\" rows=\"10\" maxlength=\"2000\" class=\"wpcf7-form-control wpcf7-textarea\" aria-invalid=\"false\" placeholder=\"Besked\" name=\"Message\"><\/textarea><\/span>\n<\/p>\n<p><input class=\"wpcf7-form-control wpcf7-submit has-spinner\" type=\"submit\" value=\"Indsend\" \/>\n<\/p><div class=\"wpcf7-response-output\" aria-hidden=\"true\"><\/div>\n<input type=\"hidden\" name=\"trp-form-language\" value=\"da\"\/><\/form>\n<\/div>\n\n\n\n\t\t<\/div>\n\t\t\t\t\t<\/div>\n\n\t\n\n<\/div>\n\n\t\t<\/div>\n\t\t\t\t\t<\/div>\n\n\t\n\n<\/div>\n\n\t\t<\/div>\n\n\t\t\n<style>\n#section_965875931 {\n  padding-top: 30px;\n  padding-bottom: 30px;\n  background-color: rgb(232, 234, 241);\n}\n<\/style>\n\t<\/section>","protected":false},"excerpt":{"rendered":"","protected":false},"author":1,"featured_media":0,"parent":0,"menu_order":0,"comment_status":"closed","ping_status":"closed","template":"page-blank.php","meta":{"footnotes":""},"class_list":["post-59","page","type-page","status-publish","hentry"],"_links":{"self":[{"href":"https:\/\/www.impacttesting.net\/da\/wp-json\/wp\/v2\/pages\/59","targetHints":{"allow":["GET"]}}],"collection":[{"href":"https:\/\/www.impacttesting.net\/da\/wp-json\/wp\/v2\/pages"}],"about":[{"href":"https:\/\/www.impacttesting.net\/da\/wp-json\/wp\/v2\/types\/page"}],"author":[{"embeddable":true,"href":"https:\/\/www.impacttesting.net\/da\/wp-json\/wp\/v2\/users\/1"}],"replies":[{"embeddable":true,"href":"https:\/\/www.impacttesting.net\/da\/wp-json\/wp\/v2\/comments?post=59"}],"version-history":[{"count":5,"href":"https:\/\/www.impacttesting.net\/da\/wp-json\/wp\/v2\/pages\/59\/revisions"}],"predecessor-version":[{"id":75,"href":"https:\/\/www.impacttesting.net\/da\/wp-json\/wp\/v2\/pages\/59\/revisions\/75"}],"wp:attachment":[{"href":"https:\/\/www.impacttesting.net\/da\/wp-json\/wp\/v2\/media?parent=59"}],"curies":[{"name":"wp","href":"https:\/\/api.w.org\/{rel}","templated":true}]}}