{"id":85,"date":"2025-12-24T07:51:49","date_gmt":"2025-12-24T07:51:49","guid":{"rendered":"https:\/\/www.impacttesting.net\/?page_id=85"},"modified":"2025-12-24T07:51:49","modified_gmt":"2025-12-24T07:51:49","slug":"iso-7765-1","status":"publish","type":"page","link":"https:\/\/www.impacttesting.net\/cs\/iso-7765-1\/","title":{"rendered":"ISO 7765-1"},"content":{"rendered":"<section class=\"section\" id=\"section_1087762135\">\n\t\t<div class=\"bg section-bg fill bg-fill  bg-loaded\" >\n\n\t\t\t\n\t\t\t\n\t\t\t\n\n\t\t<\/div>\n\n\t\t\n\n\t\t<div class=\"section-content relative\">\n\t\t\t\n\n<div class=\"row\"  id=\"row-87385530\">\n\n\n\t<div id=\"col-700393559\" class=\"col small-12 large-12\"  >\n\t\t\t\t<div class=\"col-inner\" style=\"background-color:rgb(92, 171, 188);\" >\n\t\t\t\n\t\t\t\n\n<div class=\"row\"  id=\"row-967760252\">\n\n\n\t<div id=\"col-25593921\" class=\"col small-12 large-12\"  >\n\t\t\t\t<div class=\"col-inner\"  >\n\t\t\t\n\t\t\t\n\n\t<div id=\"text-3640266949\" class=\"text\">\n\t\t\n\n<h1>ISO 7765-1<\/h1>\n\t\t\n<style>\n#text-3640266949 {\n  font-size: 1.5rem;\n  text-align: center;\n}\n<\/style>\n\t<\/div>\n\t\n\t<div id=\"text-2740233436\" class=\"text\">\n\t\t\n\n<h2>Metoda voln\u011b padaj\u00edc\u00edch \u0161ipek<\/h2>\n\t\t\n<style>\n#text-2740233436 {\n  text-align: center;\n}\n<\/style>\n\t<\/div>\n\t\n\n\t\t<\/div>\n\t\t\t\t\n<style>\n#col-25593921 > .col-inner {\n  padding: 50px 10px 10px 10px;\n}\n<\/style>\n\t<\/div>\n\n\t\n\n<\/div>\n<div class=\"row align-middle align-center\"  id=\"row-562896356\">\n\n\n\t<div id=\"col-807134306\" class=\"col medium-11 small-12 large-11\"  >\n\t\t\t\t<div class=\"col-inner\"  >\n\t\t\t\n\t\t\t\n\n<div class=\"row align-center\"  id=\"row-526775664\">\n\n\n\t<div id=\"col-1329641486\" class=\"col medium-7 small-12 large-7\"  >\n\t\t\t\t<div class=\"col-inner\"  >\n\t\t\t\n\t\t\t\n\n<div class=\"row\"  id=\"row-1950561223\">\n\n\n\t<div id=\"col-2060963422\" class=\"col small-12 large-12\"  >\n\t\t\t\t<div class=\"col-inner text-center\"  >\n\t\t\t\n\t\t\t\n\n\t<div id=\"text-2105968734\" class=\"text\">\n\t\t\n\n<p>P\u0159ijet\u00ed <a href=\"https:\/\/www.impacttesting.net\/cs\/iso-7765-1\/\"><strong>ISO 7765-1<\/strong><\/a> a pomoc\u00ed <strong>metoda voln\u011b padaj\u00edc\u00edch \u0161ipek<\/strong> umo\u017e\u0148uje profesion\u00e1l\u016fm v oblasti materi\u00e1l\u016f a obal\u016f p\u0159esn\u011b vyhodnotit <strong>odolnost \u0161ipky proti n\u00e1razu<\/strong>, \u010d\u00edm\u017e se zajist\u00ed, \u017ee f\u00f3lie spl\u0148uj\u00ed trvanlivost a bezpe\u010dnostn\u00ed normy. <strong>ISO 7765-1<\/strong> je ide\u00e1ln\u00ed pro plastov\u00e9 f\u00f3lie a f\u00f3lie pou\u017e\u00edvan\u00e9 v obalov\u00e9 technice, zem\u011bd\u011blstv\u00ed, zdravotnictv\u00ed a pr\u016fmyslu.<\/p>\n\t\t\n<style>\n#text-2105968734 {\n  color: rgb(0, 0, 0);\n}\n#text-2105968734 > * {\n  color: rgb(0, 0, 0);\n}\n<\/style>\n\t<\/div>\n\t\n\n\t\t<\/div>\n\t\t\t\t\t<\/div>\n\n\t\n\n\t<div id=\"col-1965064626\" class=\"col small-12 large-12\"  >\n\t\t\t\t<div class=\"col-inner text-center\"  >\n\t\t\t\n\t\t\t\n\n<a href=\"https:\/\/www.impacttesting.net\/cs\/contact-us\/\" class=\"button primary is-outline\"  style=\"border-radius:99px;\">\n    <span>Kontaktujte n\u00e1s<\/span>\n  <i class=\"icon-chat\" aria-hidden=\"true\" ><\/i><\/a>\n\n\n\n\t\t<\/div>\n\t\t\t\t\t<\/div>\n\n\t\n\n<\/div>\n\n\t\t<\/div>\n\t\t\t\t\t<\/div>\n\n\t\n\n\t<div id=\"col-794403571\" class=\"col medium-4 small-12 large-4\"  >\n\t\t\t\t<div class=\"col-inner\"  >\n\t\t\t\n\t\t\t\n\n<div class=\"row\"  id=\"row-1902076136\">\n\n\n\t<div id=\"col-2123788254\" class=\"col small-12 large-12\"  >\n\t\t\t\t<div class=\"col-inner\"  >\n\t\t\t\n\t\t\t\n\n\t<div class=\"img has-hover x md-x lg-x y md-y lg-y\" id=\"image_1516148136\">\n\t\t\t\t\t\t\t\t<div class=\"img-inner dark\" >\n\t\t\t<img decoding=\"async\" width=\"600\" height=\"440\" src=\"https:\/\/www.impacttesting.net\/wp-content\/uploads\/2025\/12\/ISO-7765-1-Free-Falling-Dart-Method.webp\" class=\"attachment-large size-large\" alt=\"ISO 7765-1 Metoda voln\u011b padaj\u00edc\u00edch \u0161ipek\" srcset=\"https:\/\/www.impacttesting.net\/wp-content\/uploads\/2025\/12\/ISO-7765-1-Free-Falling-Dart-Method.webp 600w, https:\/\/www.impacttesting.net\/wp-content\/uploads\/2025\/12\/ISO-7765-1-Free-Falling-Dart-Method-545x400.webp 545w\" sizes=\"(max-width: 600px) 100vw, 600px\" \/>\t\t\t\t\t\t\n\t\t\t\t\t<\/div>\n\t\t\t\t\t\t\t\t\n<style>\n#image_1516148136 {\n  width: 100%;\n}\n<\/style>\n\t<\/div>\n\t\n\n\n\t\t<\/div>\n\t\t\t\t\t<\/div>\n\n\t\n\n<\/div>\n\n\t\t<\/div>\n\t\t\t\t\t<\/div>\n\n\t\n\n<\/div>\n\n\t\t<\/div>\n\t\t\t\t\t<\/div>\n\n\t\n\n<\/div>\n\n\t\t<\/div>\n\t\t\t\t\t<\/div>\n\n\t\n\n\n<style>\n#row-87385530 > .col > .col-inner {\n  border-radius: 25px;\n}\n<\/style>\n<\/div>\n\n\t\t<\/div>\n\n\t\t\n<style>\n#section_1087762135 {\n  padding-top: 30px;\n  padding-bottom: 30px;\n}\n<\/style>\n\t<\/section>\n\t\n\t<section class=\"section\" id=\"section_510716032\">\n\t\t<div class=\"bg section-bg fill bg-fill  bg-loaded\" >\n\n\t\t\t\n\t\t\t\n\t\t\t\n\n\t\t<\/div>\n\n\t\t\n\n\t\t<div class=\"section-content relative\">\n\t\t\t\n\n<div class=\"row\"  id=\"row-1857739086\">\n\n\n\t<div id=\"col-2042128390\" class=\"col small-12 large-12\"  >\n\t\t\t\t<div class=\"col-inner\"  >\n\t\t\t\n\t\t\t\n\n<div class=\"row\"  id=\"row-1851673140\">\n\n\n\t<div id=\"col-928964955\" class=\"col small-12 large-12\"  >\n\t\t\t\t<div class=\"col-inner\"  >\n\t\t\t\n\t\t\t\n\n\t<div id=\"text-308986782\" class=\"text\">\n\t\t\n\n<h2>ISO 7765-1 a jej\u00ed v\u00fdznam<\/h2>\n\t\t\n<style>\n#text-308986782 {\n  font-size: 1.3rem;\n  text-align: center;\n}\n<\/style>\n\t<\/div>\n\t\n\n\t\t<\/div>\n\t\t\t\t\t<\/div>\n\n\t\n\n\t<div id=\"col-49255375\" class=\"col small-12 large-12\"  >\n\t\t\t\t<div class=\"col-inner\"  >\n\t\t\t\n\t\t\t\n\n<p>Porozum\u011bn\u00ed a prov\u00e1d\u011bn\u00ed <strong>ISO 7765-1<\/strong> je pro odborn\u00edky pracuj\u00edc\u00ed s plastov\u00fdmi f\u00f3liemi a pru\u017en\u00fdmi materi\u00e1ly z\u00e1sadn\u00ed. Tato mezin\u00e1rodn\u00ed norma popisuje postup pro stanoven\u00ed <strong>odolnost \u0161ipky proti n\u00e1razu<\/strong> plastov\u00e9 f\u00f3lie pomoc\u00ed <strong>metoda voln\u011b padaj\u00edc\u00edch \u0161ipek<\/strong>, co\u017e je z\u00e1kladn\u00ed test kontroly kvality. P\u0159esn\u00e9 pou\u017eit\u00ed t\u00e9to metody pom\u00e1h\u00e1 v\u00fdrobc\u016fm posoudit, jak dob\u0159e materi\u00e1ly odol\u00e1vaj\u00ed n\u00e1razov\u00e9mu zat\u00ed\u017een\u00ed - co\u017e je ukazatel trvanlivosti a v\u00fdkonu v re\u00e1ln\u00fdch aplikac\u00edch. V pr\u016fmyslov\u00fdch odv\u011btv\u00edch, jako jsou obaly, l\u00e9\u010diva, elektronika a potraviny, zaji\u0161\u0165uje dodr\u017eov\u00e1n\u00ed normy ISO 7765-1 spolehlivost, konzistenci a shodu s celosv\u011btov\u00fdmi normami.<\/p>\n\n\t\t<\/div>\n\t\t\t\t\t<\/div>\n\n\t\n\n<\/div>\n\n\t\t<\/div>\n\t\t\t\t\t<\/div>\n\n\t\n\n<\/div>\n<div class=\"row\"  id=\"row-699648630\">\n\n\n\t<div id=\"col-119798169\" class=\"col small-12 large-12\"  >\n\t\t\t\t<div class=\"col-inner\"  >\n\t\t\t\n\t\t\t\n\n<div class=\"row\"  id=\"row-650119529\">\n\n\n\t<div id=\"col-1451848169\" class=\"col small-12 large-12\"  >\n\t\t\t\t<div class=\"col-inner\"  >\n\t\t\t\n\t\t\t\n\n<div class=\"row\"  id=\"row-2027447939\">\n\n\n\t<div id=\"col-100107077\" class=\"col small-12 large-12\"  >\n\t\t\t\t<div class=\"col-inner\"  >\n\t\t\t\n\t\t\t\n\n\t<div id=\"text-4250214914\" class=\"text\">\n\t\t\n\n<h2>Porozum\u011bn\u00ed metod\u011b voln\u011b padaj\u00edc\u00edch \u0161ipek<\/h2>\n\t\t\n<style>\n#text-4250214914 {\n  font-size: 1.3rem;\n  text-align: center;\n}\n<\/style>\n\t<\/div>\n\t\n\n\t\t<\/div>\n\t\t\t\t\t<\/div>\n\n\t\n\n<\/div>\n<div class=\"row align-middle\"  id=\"row-1929905617\">\n\n\n\t<div id=\"col-1794836565\" class=\"col medium-7 small-12 large-7\"  >\n\t\t\t\t<div class=\"col-inner\"  >\n\t\t\t\n\t\t\t\n\n<div><strong>ISO 7765-1<\/strong> specifikuje zku\u0161ebn\u00ed metodu pro stanoven\u00ed energie pot\u0159ebn\u00e9 k po\u0161kozen\u00ed plastov\u00fdch f\u00f3li\u00ed n\u00e1razem voln\u011b padaj\u00edc\u00ed \u0161ipky. Zkou\u0161ka ur\u010duje <strong>n\u00e1razov\u00e1 poruchov\u00e1 hmotnost<\/strong>, definovan\u00e1 jako hmotnost \u0161ipky, kter\u00e1 za normalizovan\u00fdch podm\u00ednek zp\u016fsob\u00ed selh\u00e1n\u00ed 50% zku\u0161ebn\u00edch vzork\u016f.<\/div>\n<div>Existuj\u00ed dva z\u00e1kladn\u00ed postupy:<\/div>\n<ul>\n<li><strong>Metoda A<\/strong> pou\u017e\u00edv\u00e1 <strong>38 mm<\/strong> pr\u016fm\u011br \u0161ipky upu\u0161t\u011bn\u00e9 z <strong>0,66 m<\/strong>.<\/li>\n<li><strong>Metoda B<\/strong> zam\u011bstn\u00e1v\u00e1 <strong>50 mm<\/strong> pr\u016fm\u011br \u0161ipky upu\u0161t\u011bn\u00e9 z <strong>1,5 metru<\/strong>.<\/li>\n<\/ul>\n<p>Ka\u017ed\u00e1 metoda je ur\u010dena pro r\u016fzn\u00e9 typy a tlou\u0161\u0165ky materi\u00e1l\u016f a z\u00edskan\u00e9 v\u00fdsledky nejsou vz\u00e1jemn\u011b zam\u011bniteln\u00e9.<\/p>\n\n\t\t<\/div>\n\t\t\t\t\t<\/div>\n\n\t\n\n\t<div id=\"col-276705422\" class=\"col medium-5 small-12 large-5\"  >\n\t\t\t\t<div class=\"col-inner\"  >\n\t\t\t\n\t\t\t\n\n\t<div class=\"img has-hover x md-x lg-x y md-y lg-y\" id=\"image_905295235\">\n\t\t<a class=\"\" href=\"https:\/\/www.impacttesting.net\/cs\/falling-dart-impact-tester\/\" >\t\t\t\t\t\t<div class=\"img-inner dark\" >\n\t\t\t<img decoding=\"async\" width=\"600\" height=\"440\" src=\"https:\/\/www.impacttesting.net\/wp-content\/uploads\/2025\/12\/ISO-7765-1-Free-Falling-Dart-Method.webp\" class=\"attachment-large size-large\" alt=\"ISO 7765-1 Metoda voln\u011b padaj\u00edc\u00edch \u0161ipek\" srcset=\"https:\/\/www.impacttesting.net\/wp-content\/uploads\/2025\/12\/ISO-7765-1-Free-Falling-Dart-Method.webp 600w, https:\/\/www.impacttesting.net\/wp-content\/uploads\/2025\/12\/ISO-7765-1-Free-Falling-Dart-Method-545x400.webp 545w\" sizes=\"(max-width: 600px) 100vw, 600px\" \/>\t\t\t\t\t\t\n\t\t\t\t\t<\/div>\n\t\t\t\t\t\t<\/a>\t\t\n<style>\n#image_905295235 {\n  width: 100%;\n}\n<\/style>\n\t<\/div>\n\t\n\n\n\t\t<\/div>\n\t\t\t\t\t<\/div>\n\n\t\n\n<\/div>\n\n\t\t<\/div>\n\t\t\t\t\t<\/div>\n\n\t\n\n<\/div>\n\n\t\t<\/div>\n\t\t\t\t\t<\/div>\n\n\t\n\n<\/div>\n<div class=\"row\"  id=\"row-1355537968\">\n\n\n\t<div id=\"col-1398080132\" class=\"col small-12 large-12\"  >\n\t\t\t\t<div class=\"col-inner\"  >\n\t\t\t\n\t\t\t\n\n<div class=\"row\"  id=\"row-1439762998\">\n\n\n\t<div id=\"col-41230018\" class=\"col small-12 large-12\"  >\n\t\t\t\t<div class=\"col-inner\"  >\n\t\t\t\n\t\t\t\n\n\t<div id=\"text-2980845204\" class=\"text\">\n\t\t\n\n<h2>Metoda voln\u011b padaj\u00edc\u00edch \u0161ipek: V\u00fdznam a postup<\/h2>\n\t\t\n<style>\n#text-2980845204 {\n  font-size: 1.3rem;\n  text-align: center;\n}\n<\/style>\n\t<\/div>\n\t\n\n\t\t<\/div>\n\t\t\t\t\t<\/div>\n\n\t\n\n<\/div>\n<div class=\"row\"  id=\"row-604673612\">\n\n\n\t<div id=\"col-363589798\" class=\"col medium-6 small-12 large-6\"  >\n\t\t\t\t<div class=\"col-inner\"  >\n\t\t\t\n\t\t\t\n\n<h3>P\u0159\u00edprava na test<\/h3>\n<p>P\u0159ed proveden\u00edm testu:<\/p>\n<ul>\n<li><strong>Vzorky stavu<\/strong> p\u0159i 23 \u00b0C \u00b1 2 \u00b0C a relativn\u00ed vlhkosti 50% \u00b1 5% po dobu nejm\u00e9n\u011b 40 hodin.<\/li>\n<li>Vyberte vzorky s <strong>rovnom\u011brn\u00e1 tlou\u0161\u0165ka<\/strong> (\u00b110% od jmenovit\u00e9 hodnoty).<\/li>\n<li>Pou\u017eijte <strong>30 nebo v\u00edce vzork\u016f<\/strong> aby byla zaji\u0161t\u011bna statistick\u00e1 relevance.<\/li>\n<\/ul>\n\n\t\t<\/div>\n\t\t\t\t\t<\/div>\n\n\t\n\n\t<div id=\"col-127966642\" class=\"col medium-6 small-12 large-6\"  >\n\t\t\t\t<div class=\"col-inner\"  >\n\t\t\t\n\t\t\t\n\n<h3>Po\u017eadavky na vybaven\u00ed<\/h3>\n<div>Standardn\u00ed testovac\u00ed sestava zahrnuje:<\/div>\n<ul>\n<li>A <strong>\u0161ipka s polokulovitou hlavou<\/strong> a odn\u00edmateln\u00e1 p\u0159\u00edr\u016fstkov\u00e1 z\u00e1va\u017e\u00ed.<\/li>\n<li>. <strong>elektromagnet nebo mechanick\u00fd<\/strong> uvol\u0148ovac\u00ed mechanismus pro \u0159\u00edzen\u00fd pokles.<\/li>\n<li>A <strong>dvoud\u00edln\u00fd up\u00ednac\u00ed syst\u00e9m<\/strong> pevn\u011b dr\u017eet vzorek.<\/li>\n<li>A <strong>mikrometr<\/strong> pro p\u0159esn\u00e9 m\u011b\u0159en\u00ed tlou\u0161\u0165ky.<\/li>\n<li><strong>Bezpe\u010dnostn\u00ed st\u00edn\u011bn\u00ed<\/strong> k ochran\u011b u\u017eivatel\u016f a p\u0159\u00edstroje.<\/li>\n<\/ul>\n\n\t\t<\/div>\n\t\t\t\t\t<\/div>\n\n\t\n\n<\/div>\n<div class=\"row align-middle\"  id=\"row-1168581082\">\n\n\n\t<div id=\"col-119429227\" class=\"col small-12 large-12\"  >\n\t\t\t\t<div class=\"col-inner\"  >\n\t\t\t\n\t\t\t\n\n\t<div id=\"text-3537361815\" class=\"text\">\n\t\t\n\n<h3>Proveden\u00ed testu odolnosti \u0161ipek proti n\u00e1razu<\/h3>\n\t\t\n<style>\n#text-3537361815 {\n  text-align: center;\n}\n<\/style>\n\t<\/div>\n\t\n\n\t\t<\/div>\n\t\t\t\t\t<\/div>\n\n\t\n\n\t<div id=\"col-1219570413\" class=\"col medium-6 small-12 large-6\"  >\n\t\t\t\t<div class=\"col-inner\"  >\n\t\t\t\n\t\t\t\n\n<h4>1. Vyberte zku\u0161ebn\u00ed metodu (A nebo B):<\/h4>\n<ul>\n<li><strong>Metoda A<\/strong>: 38 mm \u0161ipka, v\u00fd\u0161ka p\u00e1du 0,66 m.<\/li>\n<li><strong>Metoda B<\/strong>: 50 mm \u0161ipka, v\u00fd\u0161ka p\u00e1du 1,5 m.<\/li>\n<\/ul>\n<h4>2. P\u0159\u00edprava a upnut\u00ed vzorku:<\/h4>\n<p>Ujist\u011bte se, \u017ee f\u00f3lie le\u017e\u00ed rovn\u011b a nen\u00ed poma\u010dkan\u00e1. V p\u0159\u00edpad\u011b pot\u0159eby pou\u017eijte protiskluzov\u00e9 prost\u0159edky, jako je krokusov\u00e1 tkanina nebo brusn\u00fd pap\u00edr.<\/p>\n<h4>3. Nastavte \u0161ipky a inkrement\u00e1ln\u00ed z\u00e1va\u017e\u00ed:<\/h4>\n<p>Za\u010dn\u011bte se zn\u00e1mou hmotnost\u00ed a na z\u00e1klad\u011b v\u00fdsledk\u016f poruch ji zvy\u0161ujte nebo sni\u017eujte, dokud nebude stanovena m\u00edra poruch 50%.<\/p>\n\n\t\t<\/div>\n\t\t\t\t\t<\/div>\n\n\t\n\n\t<div id=\"col-317083270\" class=\"col medium-6 small-12 large-6\"  >\n\t\t\t\t<div class=\"col-inner\"  >\n\t\t\t\n\t\t\t\n\n<div class=\"video video-fit mb\" style=\"padding-top:56.25%;\"><iframe title=\"Zkou\u0161ka n\u00e1razem padaj\u00edc\u00ed \u0161ipkou na platov\u00e9 f\u00f3lie a listy Metoda A a Metoda B ASTM D1709 ISO 7765-1\" width=\"1020\" height=\"574\" src=\"https:\/\/www.youtube.com\/embed\/a3_9M0x3w7U?feature=oembed\" frameborder=\"0\" allow=\"accelerometer; autoplay; clipboard-write; encrypted-media; gyroscope; picture-in-picture; web-share\" referrerpolicy=\"strict-origin-when-cross-origin\" allowfullscreen><\/iframe><\/div>\n\n\n\t\t<\/div>\n\t\t\t\t\t<\/div>\n\n\t\n\n\t<div id=\"col-274743150\" class=\"col small-12 large-12\"  >\n\t\t\t\t<div class=\"col-inner\"  >\n\t\t\t\n\t\t\t\n\n<h4>4. Vypus\u0165te \u0161ipku:<\/h4>\n<p>Pomoc\u00ed elektromagnetu nebo vzduchov\u00e9ho uvol\u0148ova\u010de pus\u0165te \u0161ipku svisle na st\u0159ed vzorku.<\/p>\n<h4>5. Zaznamenejte v\u00fdsledek:<\/h4>\n<p>Zaznamenejte, zda vzorek selhal (byl prop\u00edchnut nebo roztr\u017een), nebo p\u0159e\u017eil. Pokra\u010dujte, dokud nebudete moci statisticky vypo\u010d\u00edtat hmotnost p\u0159i selh\u00e1n\u00ed n\u00e1razem.<\/p>\n<h4>6. Anal\u00fdza v\u00fdsledk\u016f:<\/h4>\n<p>Vyhodno\u0165te v\u00fdsledky s ohledem na tlou\u0161\u0165ku vzorku, konzistenci materi\u00e1lu a m\u00edru selh\u00e1n\u00ed. V\u00fdsledky podle normy ISO 7765-1 mohou b\u00fdt u\u017eite\u010dn\u00e9 pro porovn\u00e1n\u00ed materi\u00e1l\u016f, ale nem\u011bly by b\u00fdt normalizov\u00e1ny pro r\u016fzn\u00e9 tlou\u0161\u0165ky.<\/p>\n\n\t\t<\/div>\n\t\t\t\t\t<\/div>\n\n\t\n\n<\/div>\n\n\t\t<\/div>\n\t\t\t\t\t<\/div>\n\n\t\n\n<\/div>\n\n\t\t<\/div>\n\n\t\t\n<style>\n#section_510716032 {\n  padding-top: 30px;\n  padding-bottom: 30px;\n}\n<\/style>\n\t<\/section>\n\t\n\t<section class=\"section\" id=\"section_1542098193\">\n\t\t<div class=\"bg section-bg fill bg-fill  bg-loaded\" >\n\n\t\t\t\n\t\t\t\n\t\t\t\n\n\t\t<\/div>\n\n\t\t\n\n\t\t<div class=\"section-content relative\">\n\t\t\t\n\n<div class=\"row\"  id=\"row-1056658892\">\n\n\n\t<div id=\"col-267923481\" class=\"col small-12 large-12\"  >\n\t\t\t\t<div class=\"col-inner\"  >\n\t\t\t\n\t\t\t\n\n<div class=\"row align-center\"  id=\"row-659360749\">\n\n\n\t<div id=\"col-1607897953\" class=\"col small-12 large-12\"  >\n\t\t\t\t<div class=\"col-inner\"  >\n\t\t\t\n\t\t\t\n\n\t<div id=\"text-3281987605\" class=\"text\">\n\t\t\n\n<h2>Pro\u010d si vybrat Impacttesting.net?<br \/>Tester \u0161ipek FDT-01<\/h2>\n\t\t\n<style>\n#text-3281987605 {\n  font-size: 1.4rem;\n  text-align: center;\n}\n<\/style>\n\t<\/div>\n\t\n\n\t\t<\/div>\n\t\t\t\t\t<\/div>\n\n\t\n\n\t<div id=\"col-632729138\" class=\"col small-12 large-12\"  >\n\t\t\t\t<div class=\"col-inner\"  >\n\t\t\t\n\t\t\t\n\n<p>Pro zaji\u0161t\u011bn\u00ed p\u0159esnosti, opakovatelnosti a souladu s po\u017eadavky na <strong>ISO 7765-1<\/strong>, doporu\u010dujeme <strong>FDT-01 <a href=\"https:\/\/www.impacttesting.net\/cs\/falling-dart-impact-tester\/\">\u0160ipkov\u00fd n\u00e1razov\u00fd tester <\/a><\/strong>podle <strong>Impacttesting.net<\/strong>.<\/p>\n\n\t\t<\/div>\n\t\t\t\t\t<\/div>\n\n\t\n\n\t<div id=\"col-1783090942\" class=\"col medium-7 small-12 large-7\"  >\n\t\t\t\t<div class=\"col-inner text-center\"  >\n\t\t\t\n\t\t\t\n\n\t<div id=\"text-2148803242\" class=\"text\">\n\t\t\n\n<p class=\"\" data-start=\"4386\" data-end=\"4422\">P\u0159esn\u00e9 nastaven\u00ed v\u00fd\u0161ky p\u00e1du \u0161ipky.<br \/>Snadn\u00e1 mont\u00e1\u017e vzork\u016f pomoc\u00ed pneumatick\u00fdch svorek.<br \/>Sb\u011br a anal\u00fdza dat o dopadech v re\u00e1ln\u00e9m \u010dase.<br \/>Shoda s metodou A i metodou B.<\/p>\n\t\t\n<style>\n#text-2148803242 {\n  font-size: 1.1rem;\n  line-height: 1.3;\n}\n<\/style>\n\t<\/div>\n\t\n\t<div id=\"text-203674654\" class=\"text\">\n\t\t\n\n<p class=\"\" data-start=\"4676\" data-end=\"4874\">Jeho pokro\u010dil\u00e9 bezpe\u010dnostn\u00ed funkce a digit\u00e1ln\u00ed ovl\u00e1d\u00e1n\u00ed minimalizuj\u00ed lidsk\u00e9 chyby a zaji\u0161\u0165uj\u00ed spolehliv\u00e9 a reprodukovateln\u00e9 v\u00fdsledky, tak\u017ee je vhodn\u00fd pro v\u00fdrobce obalov\u00fdch f\u00f3li\u00ed, zpracovatele a laborato\u0159e kontroly kvality.<\/p>\n\t\t\n<style>\n#text-203674654 {\n  font-size: 1.1rem;\n}\n<\/style>\n\t<\/div>\n\t\n<a href=\"https:\/\/www.impacttesting.net\/cs\/contact-us\/\" class=\"button primary is-outline\"  style=\"border-radius:99px;\">\n    <span>Kontaktujte n\u00e1s<\/span>\n  <i class=\"icon-chat\" aria-hidden=\"true\" ><\/i><\/a>\n\n\n\n\t\t<\/div>\n\t\t\t\t\t<\/div>\n\n\t\n\n\t<div id=\"col-1063035182\" class=\"col medium-4 small-12 large-4\"  >\n\t\t\t\t<div class=\"col-inner text-center\"  >\n\t\t\t\n\t\t\t\n\n\n<div class=\"wpcf7 no-js\" id=\"wpcf7-f10-o1\" lang=\"en-US\" dir=\"ltr\" data-wpcf7-id=\"10\">\n<div class=\"screen-reader-response\"><p role=\"status\" aria-live=\"polite\" aria-atomic=\"true\"><\/p> <ul><\/ul><\/div>\n<form action=\"\/cs\/wp-json\/wp\/v2\/pages\/85#wpcf7-f10-o1\" method=\"post\" class=\"wpcf7-form init\" aria-label=\"Contact form\" novalidate=\"novalidate\" data-status=\"init\" data-trp-original-action=\"\/cs\/wp-json\/wp\/v2\/pages\/85#wpcf7-f10-o1\">\n<fieldset class=\"hidden-fields-container\"><input type=\"hidden\" name=\"_wpcf7\" value=\"10\" \/><input type=\"hidden\" name=\"_wpcf7_version\" value=\"6.1.4\" \/><input type=\"hidden\" name=\"_wpcf7_locale\" value=\"en_US\" \/><input type=\"hidden\" name=\"_wpcf7_unit_tag\" value=\"wpcf7-f10-o1\" \/><input type=\"hidden\" name=\"_wpcf7_container_post\" value=\"0\" \/><input type=\"hidden\" name=\"_wpcf7_posted_data_hash\" value=\"\" \/><input type=\"hidden\" name=\"_wpcf7_recaptcha_response\" value=\"\" \/>\n<\/fieldset>\n<p><span class=\"wpcf7-form-control-wrap\" data-name=\"Name\"><input size=\"40\" maxlength=\"400\" class=\"wpcf7-form-control wpcf7-text\" aria-invalid=\"false\" placeholder=\"Va\u0161e jm\u00e9no\" value=\"\" type=\"text\" name=\"Name\" \/><\/span><br \/>\n<span class=\"wpcf7-form-control-wrap\" data-name=\"Comapany\"><input size=\"40\" maxlength=\"400\" class=\"wpcf7-form-control wpcf7-text\" aria-invalid=\"false\" placeholder=\"Va\u0161e spole\u010dnost\" value=\"\" type=\"text\" name=\"Comapany\" \/><\/span><br \/>\n<span class=\"wpcf7-form-control-wrap\" data-name=\"Email\"><input size=\"40\" maxlength=\"400\" class=\"wpcf7-form-control wpcf7-email wpcf7-validates-as-required wpcf7-text wpcf7-validates-as-email\" aria-required=\"true\" aria-invalid=\"false\" placeholder=\"V\u00e1\u0161 e-mail*\" value=\"\" type=\"email\" name=\"Email\" \/><\/span><br \/>\n<span class=\"wpcf7-form-control-wrap\" data-name=\"Message\"><textarea cols=\"40\" rows=\"10\" maxlength=\"2000\" class=\"wpcf7-form-control wpcf7-textarea\" aria-invalid=\"false\" placeholder=\"Zpr\u00e1va\" name=\"Message\"><\/textarea><\/span>\n<\/p>\n<p><input class=\"wpcf7-form-control wpcf7-submit has-spinner\" type=\"submit\" value=\"Odeslat\" \/>\n<\/p><div class=\"wpcf7-response-output\" aria-hidden=\"true\"><\/div>\n<input type=\"hidden\" name=\"trp-form-language\" value=\"cs\"\/><\/form>\n<\/div>\n\n\n\n\t\t<\/div>\n\t\t\t\t\t<\/div>\n\n\t\n\n<\/div>\n\n\t\t<\/div>\n\t\t\t\t\t<\/div>\n\n\t\n\n<\/div>\n\n\t\t<\/div>\n\n\t\t\n<style>\n#section_1542098193 {\n  padding-top: 30px;\n  padding-bottom: 30px;\n  background-color: rgb(232, 234, 241);\n}\n<\/style>\n\t<\/section>","protected":false},"excerpt":{"rendered":"","protected":false},"author":1,"featured_media":0,"parent":0,"menu_order":0,"comment_status":"closed","ping_status":"closed","template":"page-blank.php","meta":{"footnotes":""},"class_list":["post-85","page","type-page","status-publish","hentry"],"_links":{"self":[{"href":"https:\/\/www.impacttesting.net\/cs\/wp-json\/wp\/v2\/pages\/85","targetHints":{"allow":["GET"]}}],"collection":[{"href":"https:\/\/www.impacttesting.net\/cs\/wp-json\/wp\/v2\/pages"}],"about":[{"href":"https:\/\/www.impacttesting.net\/cs\/wp-json\/wp\/v2\/types\/page"}],"author":[{"embeddable":true,"href":"https:\/\/www.impacttesting.net\/cs\/wp-json\/wp\/v2\/users\/1"}],"replies":[{"embeddable":true,"href":"https:\/\/www.impacttesting.net\/cs\/wp-json\/wp\/v2\/comments?post=85"}],"version-history":[{"count":2,"href":"https:\/\/www.impacttesting.net\/cs\/wp-json\/wp\/v2\/pages\/85\/revisions"}],"predecessor-version":[{"id":87,"href":"https:\/\/www.impacttesting.net\/cs\/wp-json\/wp\/v2\/pages\/85\/revisions\/87"}],"wp:attachment":[{"href":"https:\/\/www.impacttesting.net\/cs\/wp-json\/wp\/v2\/media?parent=85"}],"curies":[{"name":"wp","href":"https:\/\/api.w.org\/{rel}","templated":true}]}}