{"id":74,"date":"2025-12-24T06:33:06","date_gmt":"2025-12-24T06:33:06","guid":{"rendered":"https:\/\/www.impacttesting.net\/?page_id=74"},"modified":"2025-12-24T06:33:06","modified_gmt":"2025-12-24T06:33:06","slug":"ball-drop-tester","status":"publish","type":"page","link":"https:\/\/www.impacttesting.net\/cs\/ball-drop-tester\/","title":{"rendered":"FBT-01 Tester p\u00e1du koule"},"content":{"rendered":"<section class=\"section\" id=\"section_1119354557\">\n\t\t<div class=\"bg section-bg fill bg-fill  bg-loaded\" >\n\n\t\t\t\n\t\t\t\n\t\t\t\n\n\t\t<\/div>\n\n\t\t\n\n\t\t<div class=\"section-content relative\">\n\t\t\t\n\n<div class=\"row\"  id=\"row-713737156\">\n\n\n\t<div id=\"col-516979004\" class=\"col small-12 large-12\"  >\n\t\t\t\t<div class=\"col-inner\" style=\"background-color:rgb(92, 171, 188);\" >\n\t\t\t\n\t\t\t\n\n<div class=\"row\"  id=\"row-762164837\">\n\n\n\t<div id=\"col-598990012\" class=\"col small-12 large-12\"  >\n\t\t\t\t<div class=\"col-inner\"  >\n\t\t\t\n\t\t\t\n\n\t<div id=\"text-3689208388\" class=\"text\">\n\t\t\n\n<h1>FBT-01 Tester p\u00e1du koule<\/h1>\n\t\t\n<style>\n#text-3689208388 {\n  font-size: 1.5rem;\n  text-align: center;\n}\n<\/style>\n\t<\/div>\n\t\n\n\t\t<\/div>\n\t\t\t\t\n<style>\n#col-598990012 > .col-inner {\n  padding: 50px 10px 10px 10px;\n}\n<\/style>\n\t<\/div>\n\n\t\n\n<\/div>\n<div class=\"row align-middle align-center\"  id=\"row-238704547\">\n\n\n\t<div id=\"col-189564130\" class=\"col medium-11 small-12 large-11\"  >\n\t\t\t\t<div class=\"col-inner\"  >\n\t\t\t\n\t\t\t\n\n<div class=\"row align-middle align-center\"  id=\"row-1566881065\">\n\n\n\t<div id=\"col-827822014\" class=\"col medium-7 small-12 large-7\"  >\n\t\t\t\t<div class=\"col-inner\"  >\n\t\t\t\n\t\t\t\n\n<div class=\"row\"  id=\"row-1004969760\">\n\n\n\t<div id=\"col-1375323901\" class=\"col small-12 large-12\"  >\n\t\t\t\t<div class=\"col-inner text-center\"  >\n\t\t\t\n\t\t\t\n\n\t<div id=\"text-543149635\" class=\"text\">\n\t\t\n\n<p>Na str\u00e1nk\u00e1ch <a href=\"https:\/\/www.impacttesting.net\/cs\/ball-drop-tester\/\"><strong>tester p\u00e1du koule<\/strong><\/a> je z\u00e1kladn\u00edm n\u00e1strojem pro hodnocen\u00ed odolnosti materi\u00e1l\u016f, jako jsou plastov\u00e9 desky, f\u00f3lie a ochrann\u00e9 br\u00fdle, proti n\u00e1razu. Tato zkou\u0161ka m\u00e1 z\u00e1sadn\u00ed v\u00fdznam v pr\u016fmyslov\u00fdch odv\u011btv\u00edch, jako je v\u00fdroba obal\u016f, automobil\u016f a bezpe\u010dnostn\u00edch za\u0159\u00edzen\u00ed, a zaji\u0161\u0165uje, aby materi\u00e1ly odolaly vn\u011bj\u0161\u00edm sil\u00e1m bez v\u00fdrazn\u00e9ho po\u0161kozen\u00ed.<\/p>\n\t\t\n<style>\n#text-543149635 {\n  color: rgb(0, 0, 0);\n}\n#text-543149635 > * {\n  color: rgb(0, 0, 0);\n}\n<\/style>\n\t<\/div>\n\t\n\n\t\t<\/div>\n\t\t\t\t\t<\/div>\n\n\t\n\n\t<div id=\"col-753197506\" class=\"col small-12 large-12\"  >\n\t\t\t\t<div class=\"col-inner text-center\"  >\n\t\t\t\n\t\t\t\n\n<a href=\"https:\/\/www.impacttesting.net\/cs\/contact-us\/\" class=\"button primary is-outline\"  style=\"border-radius:99px;\">\n    <span>Kontaktujte n\u00e1s<\/span>\n  <i class=\"icon-chat\" aria-hidden=\"true\" ><\/i><\/a>\n\n\n\n\t\t<\/div>\n\t\t\t\t\t<\/div>\n\n\t\n\n<\/div>\n\n\t\t<\/div>\n\t\t\t\t\t<\/div>\n\n\t\n\n\t<div id=\"col-1410825286\" class=\"col medium-3 small-12 large-3\"  >\n\t\t\t\t<div class=\"col-inner\"  >\n\t\t\t\n\t\t\t\n\n<div class=\"row\"  id=\"row-531389727\">\n\n\n\t<div id=\"col-822769086\" class=\"col small-12 large-12\"  >\n\t\t\t\t<div class=\"col-inner text-center\"  >\n\t\t\t\n\t\t\t\n\n\t<div class=\"img has-hover x md-x lg-x y md-y lg-y\" id=\"image_822401745\">\n\t\t\t\t\t\t\t\t<div class=\"img-inner dark\" >\n\t\t\t<img decoding=\"async\" width=\"318\" height=\"800\" src=\"https:\/\/www.impacttesting.net\/wp-content\/uploads\/2025\/12\/Ball-Drop-Tester-Ball-Impact-Test-for-Safety-Glasses-318x800.webp\" class=\"attachment-large size-large\" alt=\"Zkou\u0161ka n\u00e1razu m\u00ed\u010dku - zkou\u0161ka n\u00e1razu m\u00ed\u010dku pro ochrann\u00e9 br\u00fdle\" srcset=\"https:\/\/www.impacttesting.net\/wp-content\/uploads\/2025\/12\/Ball-Drop-Tester-Ball-Impact-Test-for-Safety-Glasses-318x800.webp 318w, https:\/\/www.impacttesting.net\/wp-content\/uploads\/2025\/12\/Ball-Drop-Tester-Ball-Impact-Test-for-Safety-Glasses-159x400.webp 159w, https:\/\/www.impacttesting.net\/wp-content\/uploads\/2025\/12\/Ball-Drop-Tester-Ball-Impact-Test-for-Safety-Glasses-768x1934.webp 768w, https:\/\/www.impacttesting.net\/wp-content\/uploads\/2025\/12\/Ball-Drop-Tester-Ball-Impact-Test-for-Safety-Glasses-610x1536.webp 610w, https:\/\/www.impacttesting.net\/wp-content\/uploads\/2025\/12\/Ball-Drop-Tester-Ball-Impact-Test-for-Safety-Glasses-813x2048.webp 813w, https:\/\/www.impacttesting.net\/wp-content\/uploads\/2025\/12\/Ball-Drop-Tester-Ball-Impact-Test-for-Safety-Glasses-scaled.webp 1017w\" sizes=\"(max-width: 318px) 100vw, 318px\" \/>\t\t\t\t\t\t\n\t\t\t\t\t<\/div>\n\t\t\t\t\t\t\t\t\n<style>\n#image_822401745 {\n  width: 80%;\n}\n<\/style>\n\t<\/div>\n\t\n\n\n\t\t<\/div>\n\t\t\t\t\t<\/div>\n\n\t\n\n<\/div>\n\n\t\t<\/div>\n\t\t\t\t\t<\/div>\n\n\t\n\n<\/div>\n\n\t\t<\/div>\n\t\t\t\t\t<\/div>\n\n\t\n\n<\/div>\n\n\t\t<\/div>\n\t\t\t\t\t<\/div>\n\n\t\n\n\n<style>\n#row-713737156 > .col > .col-inner {\n  border-radius: 25px;\n}\n<\/style>\n<\/div>\n\n\t\t<\/div>\n\n\t\t\n<style>\n#section_1119354557 {\n  padding-top: 30px;\n  padding-bottom: 30px;\n}\n<\/style>\n\t<\/section>\n\t\n\t<section class=\"section\" id=\"section_620842516\">\n\t\t<div class=\"bg section-bg fill bg-fill  bg-loaded\" >\n\n\t\t\t\n\t\t\t\n\t\t\t\n\n\t\t<\/div>\n\n\t\t\n\n\t\t<div class=\"section-content relative\">\n\t\t\t\n\n<div class=\"row\"  id=\"row-219187901\">\n\n\n\t<div id=\"col-1203930986\" class=\"col small-12 large-12\"  >\n\t\t\t\t<div class=\"col-inner\"  >\n\t\t\t\n\t\t\t\n\n<div class=\"row\"  id=\"row-1416899413\">\n\n\n\t<div id=\"col-431051272\" class=\"col small-12 large-12\"  >\n\t\t\t\t<div class=\"col-inner\"  >\n\t\t\t\n\t\t\t\n\n<div class=\"row align-middle align-center\"  id=\"row-42896366\">\n\n\n\t<div id=\"col-541475689\" class=\"col medium-5 small-12 large-5\"  >\n\t\t\t\t<div class=\"col-inner text-center\"  >\n\t\t\t\n\t\t\t\n\n\t<div class=\"img has-hover x md-x lg-x y md-y lg-y\" id=\"image_1578461015\">\n\t\t\t\t\t\t\t\t<div class=\"img-inner dark\" >\n\t\t\t<img decoding=\"async\" width=\"600\" height=\"720\" src=\"https:\/\/www.impacttesting.net\/wp-content\/uploads\/2025\/12\/Ball-Drop-Tester.webp\" class=\"attachment-large size-large\" alt=\"Tester p\u00e1du koule\" srcset=\"https:\/\/www.impacttesting.net\/wp-content\/uploads\/2025\/12\/Ball-Drop-Tester.webp 600w, https:\/\/www.impacttesting.net\/wp-content\/uploads\/2025\/12\/Ball-Drop-Tester-333x400.webp 333w\" sizes=\"(max-width: 600px) 100vw, 600px\" \/>\t\t\t\t\t\t\n\t\t\t\t\t<\/div>\n\t\t\t\t\t\t\t\t\n<style>\n#image_1578461015 {\n  width: 100%;\n}\n<\/style>\n\t<\/div>\n\t\n\n\n\t\t<\/div>\n\t\t\t\t\t<\/div>\n\n\t\n\n\t<div id=\"col-1270468870\" class=\"col medium-7 small-12 large-7\"  >\n\t\t\t\t<div class=\"col-inner text-left\"  >\n\t\t\t\n\t\t\t\n\n\t<div id=\"text-1905933499\" class=\"text\">\n\t\t\n\n<h2>Porozum\u011bn\u00ed testeru Ball Drop Tester<\/h2>\n\t\t\n<style>\n#text-1905933499 {\n  font-size: 1.3rem;\n  text-align: left;\n}\n<\/style>\n\t<\/div>\n\t\n<p>Za\u0159\u00edzen\u00ed funguje tak, \u017ee na zku\u0161ebn\u00ed vzorek dopadne z p\u0159edem stanoven\u00e9 v\u00fd\u0161ky ocelov\u00e1 kuli\u010dka o stanoven\u00e9 hmotnosti a pr\u016fm\u011bru. Pro posouzen\u00ed odolnosti proti n\u00e1razu se analyzuje stupe\u0148 po\u0161kozen\u00ed nebo deformace. Tato zkou\u0161ka je d\u016fle\u017eit\u00e1 zejm\u00e9na p\u0159i dodr\u017eov\u00e1n\u00ed bezpe\u010dnostn\u00edch norem, jako jsou nap\u0159. <strong><a href=\"https:\/\/www.impacttesting.net\/cs\/ansi-z87-1\/\">ANSI Z87.1<\/a> n\u00e1razov\u00e1 zkou\u0161ka<\/strong>.<\/p>\n<a href=\"https:\/\/www.impacttesting.net\/cs\/contact-us\/\" class=\"button primary is-outline\"  style=\"border-radius:99px;\">\n    <span>Kontaktujte n\u00e1s<\/span>\n  <\/a>\n\n\n\n\t\t<\/div>\n\t\t\t\t\t<\/div>\n\n\t\n\n<\/div>\n\n\t\t<\/div>\n\t\t\t\t\t<\/div>\n\n\t\n\n<\/div>\n\n\t\t<\/div>\n\t\t\t\t\t<\/div>\n\n\t\n\n<\/div>\n<div class=\"row\"  id=\"row-912319207\">\n\n\n\t<div id=\"col-1555504495\" class=\"col small-12 large-12\"  >\n\t\t\t\t<div class=\"col-inner\"  >\n\t\t\t\n\t\t\t\n\n<div class=\"row\"  id=\"row-377942086\">\n\n\n\t<div id=\"col-1892645998\" class=\"col small-12 large-12\"  >\n\t\t\t\t<div class=\"col-inner\"  >\n\t\t\t\n\t\t\t\n\n\t<div id=\"text-3681594115\" class=\"text\">\n\t\t\n\n<h2>N\u00e1razov\u00fd test podle normy ANSI Z87.1: Kl\u00ed\u010dov\u00e9 po\u017eadavky<\/h2>\n\t\t\n<style>\n#text-3681594115 {\n  font-size: 1.3rem;\n  text-align: center;\n}\n<\/style>\n\t<\/div>\n\t\n\n\t\t<\/div>\n\t\t\t\t\t<\/div>\n\n\t\n\n<\/div>\n<div class=\"row align-middle align-center\"  id=\"row-1671788657\">\n\n\n\t<div id=\"col-1385530628\" class=\"col medium-7 small-12 large-7\"  >\n\t\t\t\t<div class=\"col-inner\"  >\n\t\t\t\n\t\t\t\n\n<p>Na str\u00e1nk\u00e1ch <strong>N\u00e1razov\u00fd test podle normy ANSI Z87.1<\/strong> je standardizovan\u00e1 metoda ur\u010den\u00e1 k hodnocen\u00ed odolnosti ochrann\u00fdch br\u00fdl\u00ed proti n\u00e1razu. \u00da\u010delem t\u00e9to zkou\u0161ky je zajistit, aby ochrann\u00e9 br\u00fdle, br\u00fdle a obli\u010dejov\u00e9 \u0161t\u00edty spl\u0148ovaly minim\u00e1ln\u00ed bezpe\u010dnostn\u00ed po\u017eadavky na ochranu u\u017eivatel\u016f p\u0159ed projektily s vysokou rychlost\u00ed.<\/p>\n<h3>Testovac\u00ed za\u0159\u00edzen\u00ed a nastaven\u00ed<\/h3>\n<ul>\n<li>K zaji\u0161t\u011bn\u00ed zku\u0161ebn\u00edho vzorku v poloze \u010delem vzh\u016fru se pou\u017e\u00edv\u00e1 pevn\u00fd model hlavy.<\/li>\n<li>A <strong>Ocelov\u00e1 kuli\u010dka o pr\u016fm\u011bru 25,4 mm (1,0 palce)<\/strong>, v\u00e1\u017een\u00ed <strong>68 g (2,4 oz)<\/strong>, slou\u017e\u00ed jako projektil.<\/li>\n<li>Ocelov\u00e1 kuli\u010dka se uvoln\u00ed z <strong>v\u00fd\u0161ka 127 cm (50 palc\u016f)<\/strong> skrz vedenou trubici.<\/li>\n<li>Z\u00e1kladna makety hlavy m\u00e1 hmotnost nejm\u00e9n\u011b <strong>30 kg (66 lb)<\/strong> aby byla zaji\u0161t\u011bna stabilita b\u011bhem testov\u00e1n\u00ed.<\/li>\n<\/ul>\n<h3>Zku\u0161ebn\u00ed postup<\/h3>\n<ol>\n<li>Zku\u0161ebn\u00ed vzorek je bezpe\u010dn\u011b upevn\u011bn na maket\u011b hlavy, co\u017e napodobuje podm\u00ednky re\u00e1ln\u00e9ho pou\u017eit\u00ed.<\/li>\n<li>Za vzorek se um\u00edst\u00ed op\u011brn\u00fd blok, kter\u00fd udr\u017euje spr\u00e1vn\u00e9 zarovn\u00e1n\u00ed.<\/li>\n<li>Ocelov\u00e1 kuli\u010dka se upust\u00ed na povrch \u010do\u010dky nebo materi\u00e1lu v linii s oblast\u00ed oka.<\/li>\n<li>Test se opakuje \u010dty\u0159ikr\u00e1t na r\u016fzn\u00fdch m\u00edstech \u010do\u010dky, aby se dos\u00e1hlo p\u0159esnosti.<\/li>\n<li>Po\u0161kozen\u00ed n\u00e1razem se analyzuje, aby se zjistilo, zda materi\u00e1l spl\u0148uje bezpe\u010dnostn\u00ed krit\u00e9ria.<\/li>\n<\/ol>\n\n\t\t<\/div>\n\t\t\t\t\t<\/div>\n\n\t\n\n\t<div id=\"col-1548765897\" class=\"col medium-4 small-12 large-4\"  >\n\t\t\t\t<div class=\"col-inner\"  >\n\t\t\t\n\t\t\t\n\n<div class=\"video video-fit mb\" style=\"padding-top:200%;\"><iframe title=\"Zkou\u0161ka n\u00e1razem padaj\u00edc\u00ed koule do plastov\u00fdch f\u00f3li\u00ed a desek\" width=\"563\" height=\"1000\" src=\"https:\/\/www.youtube.com\/embed\/AvdivZPwIxc?feature=oembed\" frameborder=\"0\" allow=\"accelerometer; autoplay; clipboard-write; encrypted-media; gyroscope; picture-in-picture; web-share\" referrerpolicy=\"strict-origin-when-cross-origin\" allowfullscreen><\/iframe><\/div>\n\n\n\t\t<\/div>\n\t\t\t\t\t<\/div>\n\n\t\n\n<\/div>\n\n\t\t<\/div>\n\t\t\t\t\t<\/div>\n\n\t\n\n<\/div>\n<div class=\"row\"  id=\"row-1904974509\">\n\n\n\t<div id=\"col-1334840055\" class=\"col small-12 large-12\"  >\n\t\t\t\t<div class=\"col-inner\"  >\n\t\t\t\n\t\t\t\n\n<div class=\"row\"  id=\"row-1784119779\">\n\n\n\t<div id=\"col-1820054033\" class=\"col small-12 large-12\"  >\n\t\t\t\t<div class=\"col-inner\"  >\n\t\t\t\n\t\t\t\n\n\t<div id=\"text-4291335615\" class=\"text\">\n\t\t\n\n<h2>FBT-01 Tester n\u00e1raz\u016f padaj\u00edc\u00edmi \u0161ipkami<\/h2>\n\t\t\n<style>\n#text-4291335615 {\n  font-size: 1.3rem;\n  text-align: center;\n}\n<\/style>\n\t<\/div>\n\t\n\n\t\t<\/div>\n\t\t\t\t\t<\/div>\n\n\t\n\n<\/div>\n<div class=\"row align-middle align-center\"  id=\"row-1109588357\">\n\n\n\t<div id=\"col-817661356\" class=\"col medium-6 small-12 large-6\"  >\n\t\t\t\t<div class=\"col-inner\"  >\n\t\t\t\n\t\t\t\n\n<h3>Kl\u00ed\u010dov\u00e9 vlastnosti:<\/h3>\n<ul>\n<li><strong>Nastaviteln\u00e1 v\u00fd\u0161ka n\u00e1razu<\/strong> pro p\u0159izp\u016fsoben\u00e9 testovac\u00ed sc\u00e9n\u00e1\u0159e<\/li>\n<li><strong>V\u00edce mo\u017enost\u00ed velikosti m\u00ed\u010de<\/strong> pro r\u016fzn\u00e9 testovac\u00ed aplikace<\/li>\n<li><strong>Elektromagnetick\u00e9 kuli\u010dkov\u00e9 zav\u011b\u0161en\u00ed<\/strong> pro p\u0159esn\u00e9 na\u010dasov\u00e1n\u00ed uvoln\u011bn\u00ed<\/li>\n<li><strong>Pneumatick\u00e9 up\u00edn\u00e1n\u00ed vzork\u016f<\/strong> pro bezpe\u010dn\u00e9 um\u00edst\u011bn\u00ed vzorku<\/li>\n<li><strong>Zobrazen\u00ed v\u00fdsledk\u016f testu v\u00edce jednotek<\/strong> pro snadnou interpretaci dat<\/li>\n<li><strong>Integrovan\u00e1 mikrotisk\u00e1rna<\/strong> pro dokumentaci v\u00fdsledk\u016f na m\u00edst\u011b<\/li>\n<li><strong>Voliteln\u00fd profesion\u00e1ln\u00ed software<\/strong> pro pokro\u010dilou anal\u00fdzu dat<\/li>\n<\/ul>\n\n\t\t<\/div>\n\t\t\t\t\t<\/div>\n\n\t\n\n\t<div id=\"col-1069455619\" class=\"col medium-6 small-12 large-6\"  >\n\t\t\t\t<div class=\"col-inner\"  >\n\t\t\t\n\t\t\t\n\n<h3>Technick\u00e9 specifikace:<\/h3>\n<ul>\n<li><strong>V\u00fd\u0161ka n\u00e1razu<\/strong>: Nastaviteln\u00fd v rozmez\u00ed 300 a\u017e 600 mm (lze roz\u0161\u00ed\u0159it podle pot\u0159eby)<\/li>\n<li><strong>Pr\u016fm\u011bry koul\u00ed<\/strong>: 23 mm, 25 mm, 28,6 mm, 38,1 mm, 50,8 mm<\/li>\n<li><strong>P\u0159esnost<\/strong>: 0,1 g (0,1 J)<\/li>\n<li><strong>Velikost vzorku<\/strong>: Minim\u00e1ln\u011b 150 mm x 150 mm<\/li>\n<li><strong>Z\u00e1sobov\u00e1n\u00ed plynem<\/strong>: 0,6 MPa PU trubka (\u03a68 mm)<\/li>\n<li><strong>Nap\u00e1jen\u00ed<\/strong>: AC 110~220V, 50Hz<\/li>\n<\/ul>\n\n\t\t<\/div>\n\t\t\t\t\t<\/div>\n\n\t\n\n<\/div>\n\n\t\t<\/div>\n\t\t\t\t\t<\/div>\n\n\t\n\n<\/div>\n<div class=\"row\"  id=\"row-1838423362\">\n\n\n\t<div id=\"col-1940551172\" class=\"col small-12 large-12\"  >\n\t\t\t\t<div class=\"col-inner\"  >\n\t\t\t\n\t\t\t\n\n<div class=\"row\"  id=\"row-1080695318\">\n\n\n\t<div id=\"col-1146383832\" class=\"col small-12 large-12\"  >\n\t\t\t\t<div class=\"col-inner\"  >\n\t\t\t\n\t\t\t\n\n\t<div id=\"text-654534310\" class=\"text\">\n\t\t\n\n<h2>Test n\u00e1razu m\u00ed\u010de: Faktory ovliv\u0148uj\u00edc\u00ed v\u00fdsledky<\/h2>\n\t\t\n<style>\n#text-654534310 {\n  font-size: 1.3rem;\n  text-align: center;\n}\n<\/style>\n\t<\/div>\n\t\n\n\t\t<\/div>\n\t\t\t\t\t<\/div>\n\n\t\n\n\t<div id=\"col-2034807655\" class=\"col small-12 large-12\"  >\n\t\t\t\t<div class=\"col-inner\"  >\n\t\t\t\n\t\t\t\n\n<p>Zkou\u0161ka n\u00e1razem m\u00ed\u010de m\u011b\u0159\u00ed, jak dob\u0159e materi\u00e1ly odol\u00e1vaj\u00ed silov\u00e9mu kontaktu s padaj\u00edc\u00edm p\u0159edm\u011btem. V\u00fdsledky testu ovliv\u0148uje n\u011bkolik faktor\u016f:<\/p>\n<h4>1. V\u00fd\u0161ka p\u00e1du<\/h4>\n<p>V\u011bt\u0161\u00ed v\u00fd\u0161ky p\u00e1du vytv\u00e1\u0159ej\u00ed v\u011bt\u0161\u00ed energii n\u00e1razu, co\u017e simuluje extr\u00e9mn\u011bj\u0161\u00ed sc\u00e9n\u00e1\u0159e v re\u00e1ln\u00e9m sv\u011bt\u011b.<\/p>\n<h4>2. Velikost a hmotnost koule<\/h4>\n<p>V\u011bt\u0161\u00ed a t\u011b\u017e\u0161\u00ed koule p\u016fsob\u00ed p\u0159i n\u00e1razu v\u011bt\u0161\u00ed silou, co\u017e ovliv\u0148uje, jak moc se materi\u00e1l deformuje nebo rozbije.<\/p>\n<h4>3. Vlastnosti materi\u00e1lu<\/h4>\n<p>Hou\u017eevnatost, tlou\u0161\u0165ka a pru\u017enost p\u0159isp\u00edvaj\u00ed k tomu, jak materi\u00e1l absorbuje a rozptyluje energii n\u00e1razu.<\/p>\n\n\t\t<\/div>\n\t\t\t\t\t<\/div>\n\n\t\n\n<\/div>\n\n\t\t<\/div>\n\t\t\t\t\t<\/div>\n\n\t\n\n<\/div>\n\n\t\t<\/div>\n\n\t\t\n<style>\n#section_620842516 {\n  padding-top: 30px;\n  padding-bottom: 30px;\n}\n<\/style>\n\t<\/section>\n\t\n\t<section class=\"section\" id=\"section_486524971\">\n\t\t<div class=\"bg section-bg fill bg-fill  bg-loaded\" >\n\n\t\t\t\n\t\t\t\n\t\t\t\n\n\t\t<\/div>\n\n\t\t\n\n\t\t<div class=\"section-content relative\">\n\t\t\t\n\n<div class=\"row\"  id=\"row-198885398\">\n\n\n\t<div id=\"col-1004745712\" class=\"col small-12 large-12\"  >\n\t\t\t\t<div class=\"col-inner\"  >\n\t\t\t\n\t\t\t\n\n<div class=\"row align-equal align-center\"  id=\"row-886798199\">\n\n\n\t<div id=\"col-1884582509\" class=\"col small-12 large-12\"  >\n\t\t\t\t<div class=\"col-inner\"  >\n\t\t\t\n\t\t\t\n\n\t<div id=\"text-2078672215\" class=\"text\">\n\t\t\n\n<h2>Pro\u010d si vybrat Impacttesting.net?<br \/>FBT-01 Tester p\u00e1du koule<\/h2>\n\t\t\n<style>\n#text-2078672215 {\n  font-size: 1.4rem;\n  text-align: center;\n}\n<\/style>\n\t<\/div>\n\t\n\n\t\t<\/div>\n\t\t\t\t\t<\/div>\n\n\t\n\n\t<div id=\"col-1940509404\" class=\"col medium-6 small-12 large-6\"  >\n\t\t\t\t<div class=\"col-inner text-center\"  >\n\t\t\t\n\t\t\t\n\n\t<div id=\"text-2790113357\" class=\"text\">\n\t\t\n\n<p>Na str\u00e1nk\u00e1ch <strong>tester p\u00e1du koule<\/strong> je d\u016fle\u017eit\u00fdm n\u00e1strojem pro v\u00fdrobce a odborn\u00edky na kontrolu kvality. Pom\u00e1h\u00e1 zajistit, aby materi\u00e1ly spl\u0148ovaly po\u017eadavky na odolnost proti n\u00e1razu, a poskytuje tak jistotu trvanlivosti v\u00fdrobku a bezpe\u010dnosti u\u017eivatele. A\u0165 u\u017e testujete ochrann\u00e9 br\u00fdle podle <a href=\"https:\/\/www.impacttesting.net\/cs\/ansi-z87-1\/\"><strong>Normy ANSI Z87.1<\/strong><\/a> nebo prov\u00e1d\u011bn\u00ed obecn\u00fdch <strong>zkou\u0161ky n\u00e1razem m\u00ed\u010de<\/strong>, hraje tato metoda z\u00e1sadn\u00ed roli p\u0159i hodnocen\u00ed vlastnost\u00ed materi\u00e1lu.<\/p>\n\t\t\n<style>\n#text-2790113357 {\n  font-size: 1.1rem;\n  line-height: 2;\n}\n<\/style>\n\t<\/div>\n\t\n<a href=\"https:\/\/www.impacttesting.net\/cs\/contact-us\/\" class=\"button primary is-outline\"  style=\"border-radius:99px;\">\n    <span>Kontaktujte n\u00e1s<\/span>\n  <i class=\"icon-chat\" aria-hidden=\"true\" ><\/i><\/a>\n\n\n\n\t\t<\/div>\n\t\t\t\t\t<\/div>\n\n\t\n\n\t<div id=\"col-554664648\" class=\"col medium-4 small-12 large-4\"  >\n\t\t\t\t<div class=\"col-inner text-center\"  >\n\t\t\t\n\t\t\t\n\n\n<div class=\"wpcf7 no-js\" id=\"wpcf7-f10-o1\" lang=\"en-US\" dir=\"ltr\" data-wpcf7-id=\"10\">\n<div class=\"screen-reader-response\"><p role=\"status\" aria-live=\"polite\" aria-atomic=\"true\"><\/p> <ul><\/ul><\/div>\n<form action=\"\/cs\/wp-json\/wp\/v2\/pages\/74#wpcf7-f10-o1\" method=\"post\" class=\"wpcf7-form init\" aria-label=\"Contact form\" novalidate=\"novalidate\" data-status=\"init\" data-trp-original-action=\"\/cs\/wp-json\/wp\/v2\/pages\/74#wpcf7-f10-o1\">\n<fieldset class=\"hidden-fields-container\"><input type=\"hidden\" name=\"_wpcf7\" value=\"10\" \/><input type=\"hidden\" name=\"_wpcf7_version\" value=\"6.1.4\" \/><input type=\"hidden\" name=\"_wpcf7_locale\" value=\"en_US\" \/><input type=\"hidden\" name=\"_wpcf7_unit_tag\" value=\"wpcf7-f10-o1\" \/><input type=\"hidden\" name=\"_wpcf7_container_post\" value=\"0\" \/><input type=\"hidden\" name=\"_wpcf7_posted_data_hash\" value=\"\" \/><input type=\"hidden\" name=\"_wpcf7_recaptcha_response\" value=\"\" \/>\n<\/fieldset>\n<p><span class=\"wpcf7-form-control-wrap\" data-name=\"Name\"><input size=\"40\" maxlength=\"400\" class=\"wpcf7-form-control wpcf7-text\" aria-invalid=\"false\" placeholder=\"Va\u0161e jm\u00e9no\" value=\"\" type=\"text\" name=\"Name\" \/><\/span><br \/>\n<span class=\"wpcf7-form-control-wrap\" data-name=\"Comapany\"><input size=\"40\" maxlength=\"400\" class=\"wpcf7-form-control wpcf7-text\" aria-invalid=\"false\" placeholder=\"Va\u0161e spole\u010dnost\" value=\"\" type=\"text\" name=\"Comapany\" \/><\/span><br \/>\n<span class=\"wpcf7-form-control-wrap\" data-name=\"Email\"><input size=\"40\" maxlength=\"400\" class=\"wpcf7-form-control wpcf7-email wpcf7-validates-as-required wpcf7-text wpcf7-validates-as-email\" aria-required=\"true\" aria-invalid=\"false\" placeholder=\"V\u00e1\u0161 e-mail*\" value=\"\" type=\"email\" name=\"Email\" \/><\/span><br \/>\n<span class=\"wpcf7-form-control-wrap\" data-name=\"Message\"><textarea cols=\"40\" rows=\"10\" maxlength=\"2000\" class=\"wpcf7-form-control wpcf7-textarea\" aria-invalid=\"false\" placeholder=\"Zpr\u00e1va\" name=\"Message\"><\/textarea><\/span>\n<\/p>\n<p><input class=\"wpcf7-form-control wpcf7-submit has-spinner\" type=\"submit\" value=\"Odeslat\" \/>\n<\/p><div class=\"wpcf7-response-output\" aria-hidden=\"true\"><\/div>\n<input type=\"hidden\" name=\"trp-form-language\" value=\"cs\"\/><\/form>\n<\/div>\n\n\n\n\t\t<\/div>\n\t\t\t\t\t<\/div>\n\n\t\n\n<\/div>\n\n\t\t<\/div>\n\t\t\t\t\t<\/div>\n\n\t\n\n<\/div>\n\n\t\t<\/div>\n\n\t\t\n<style>\n#section_486524971 {\n  padding-top: 30px;\n  padding-bottom: 30px;\n  background-color: rgb(232, 234, 241);\n}\n<\/style>\n\t<\/section>","protected":false},"excerpt":{"rendered":"","protected":false},"author":1,"featured_media":0,"parent":0,"menu_order":0,"comment_status":"closed","ping_status":"closed","template":"page-blank.php","meta":{"footnotes":""},"class_list":["post-74","page","type-page","status-publish","hentry"],"_links":{"self":[{"href":"https:\/\/www.impacttesting.net\/cs\/wp-json\/wp\/v2\/pages\/74","targetHints":{"allow":["GET"]}}],"collection":[{"href":"https:\/\/www.impacttesting.net\/cs\/wp-json\/wp\/v2\/pages"}],"about":[{"href":"https:\/\/www.impacttesting.net\/cs\/wp-json\/wp\/v2\/types\/page"}],"author":[{"embeddable":true,"href":"https:\/\/www.impacttesting.net\/cs\/wp-json\/wp\/v2\/users\/1"}],"replies":[{"embeddable":true,"href":"https:\/\/www.impacttesting.net\/cs\/wp-json\/wp\/v2\/comments?post=74"}],"version-history":[{"count":2,"href":"https:\/\/www.impacttesting.net\/cs\/wp-json\/wp\/v2\/pages\/74\/revisions"}],"predecessor-version":[{"id":78,"href":"https:\/\/www.impacttesting.net\/cs\/wp-json\/wp\/v2\/pages\/74\/revisions\/78"}],"wp:attachment":[{"href":"https:\/\/www.impacttesting.net\/cs\/wp-json\/wp\/v2\/media?parent=74"}],"curies":[{"name":"wp","href":"https:\/\/api.w.org\/{rel}","templated":true}]}}