{"id":66,"date":"2025-12-24T05:51:29","date_gmt":"2025-12-24T05:51:29","guid":{"rendered":"https:\/\/www.impacttesting.net\/?page_id=66"},"modified":"2025-12-24T05:51:29","modified_gmt":"2025-12-24T05:51:29","slug":"astm-d1709","status":"publish","type":"page","link":"https:\/\/www.impacttesting.net\/cs\/astm-d1709\/","title":{"rendered":"ASTM D1709"},"content":{"rendered":"<section class=\"section\" id=\"section_19272755\">\n\t\t<div class=\"bg section-bg fill bg-fill  bg-loaded\" >\n\n\t\t\t\n\t\t\t\n\t\t\t\n\n\t\t<\/div>\n\n\t\t\n\n\t\t<div class=\"section-content relative\">\n\t\t\t\n\n<div class=\"row\"  id=\"row-1480945766\">\n\n\n\t<div id=\"col-1195968296\" class=\"col small-12 large-12\"  >\n\t\t\t\t<div class=\"col-inner\" style=\"background-color:rgb(92, 171, 188);\" >\n\t\t\t\n\t\t\t\n\n<div class=\"row\"  id=\"row-1962409290\">\n\n\n\t<div id=\"col-890184698\" class=\"col small-12 large-12\"  >\n\t\t\t\t<div class=\"col-inner\"  >\n\t\t\t\n\t\t\t\n\n\t<div id=\"text-2480690655\" class=\"text\">\n\t\t\n\n<h1>ASTM D1709<\/h1>\n\t\t\n<style>\n#text-2480690655 {\n  font-size: 1.5rem;\n  text-align: center;\n}\n<\/style>\n\t<\/div>\n\t\n\t<div id=\"text-2191350291\" class=\"text\">\n\t\t\n\n<h2>Zku\u0161ebn\u00ed metoda p\u00e1du \u0161ipky pro plastovou f\u00f3lii<\/h2>\n\t\t\n<style>\n#text-2191350291 {\n  text-align: center;\n}\n<\/style>\n\t<\/div>\n\t\n\n\t\t<\/div>\n\t\t\t\t\n<style>\n#col-890184698 > .col-inner {\n  padding: 50px 10px 10px 10px;\n}\n<\/style>\n\t<\/div>\n\n\t\n\n<\/div>\n<div class=\"row align-middle align-center\"  id=\"row-825831461\">\n\n\n\t<div id=\"col-78537715\" class=\"col medium-11 small-12 large-11\"  >\n\t\t\t\t<div class=\"col-inner\"  >\n\t\t\t\n\t\t\t\n\n<div class=\"row align-center\"  id=\"row-240469969\">\n\n\n\t<div id=\"col-597449796\" class=\"col medium-7 small-12 large-7\"  >\n\t\t\t\t<div class=\"col-inner\"  >\n\t\t\t\n\t\t\t\n\n<div class=\"row\"  id=\"row-1330066080\">\n\n\n\t<div id=\"col-700425719\" class=\"col small-12 large-12\"  >\n\t\t\t\t<div class=\"col-inner text-center\"  >\n\t\t\t\n\t\t\t\n\n\t<div id=\"text-1079877654\" class=\"text\">\n\t\t\n\n<p>Na str\u00e1nk\u00e1ch <strong>Zkou\u0161ka p\u00e1dem \u0161ipky podle normy ASTM D1709<\/strong> je z\u00e1sadn\u00ed metodou pro posouzen\u00ed odolnosti plastov\u00fdch f\u00f3li\u00ed a podobn\u00fdch materi\u00e1l\u016f proti n\u00e1razu. Dodr\u017eov\u00e1n\u00edm standardn\u00edch postup\u016f, v\u00fdb\u011brem spr\u00e1vn\u00e9 zku\u0161ebn\u00ed metody a pou\u017eit\u00edm spolehliv\u00e9ho za\u0159\u00edzen\u00ed, jako je nap\u0159. <strong>FDT-01 od Impacttesting.net<\/strong>, m\u016f\u017eete zajistit konzistentn\u00ed kvalitu a soulad s pr\u016fmyslov\u00fdmi normami.<\/p>\n\t\t\n<style>\n#text-1079877654 {\n  color: rgb(0, 0, 0);\n}\n#text-1079877654 > * {\n  color: rgb(0, 0, 0);\n}\n<\/style>\n\t<\/div>\n\t\n\n\t\t<\/div>\n\t\t\t\t\t<\/div>\n\n\t\n\n\t<div id=\"col-1981516727\" class=\"col small-12 large-12\"  >\n\t\t\t\t<div class=\"col-inner text-center\"  >\n\t\t\t\n\t\t\t\n\n<a href=\"https:\/\/www.impacttesting.net\/cs\/contact-us\/\" class=\"button primary is-outline\"  style=\"border-radius:99px;\">\n    <span>Kontaktujte n\u00e1s<\/span>\n  <i class=\"icon-chat\" aria-hidden=\"true\" ><\/i><\/a>\n\n\n\n\t\t<\/div>\n\t\t\t\t\t<\/div>\n\n\t\n\n<\/div>\n\n\t\t<\/div>\n\t\t\t\t\t<\/div>\n\n\t\n\n\t<div id=\"col-222156635\" class=\"col medium-4 small-12 large-4\"  >\n\t\t\t\t<div class=\"col-inner\"  >\n\t\t\t\n\t\t\t\n\n<div class=\"row\"  id=\"row-1690970142\">\n\n\n\t<div id=\"col-373956429\" class=\"col small-12 large-12\"  >\n\t\t\t\t<div class=\"col-inner\"  >\n\t\t\t\n\t\t\t\n\n\t<div class=\"img has-hover x md-x lg-x y md-y lg-y\" id=\"image_40020419\">\n\t\t\t\t\t\t\t\t<div class=\"img-inner dark\" >\n\t\t\t<img decoding=\"async\" width=\"600\" height=\"440\" src=\"https:\/\/www.impacttesting.net\/wp-content\/uploads\/2025\/12\/ASTM-D1709-Dart-Drop-Test-Method-for-Plastic-Film.webp\" class=\"attachment-large size-large\" alt=\"ASTM D1709 Metoda zkou\u0161en\u00ed plastov\u00fdch f\u00f3li\u00ed p\u00e1dem ze \u0161ipky\" srcset=\"https:\/\/www.impacttesting.net\/wp-content\/uploads\/2025\/12\/ASTM-D1709-Dart-Drop-Test-Method-for-Plastic-Film.webp 600w, https:\/\/www.impacttesting.net\/wp-content\/uploads\/2025\/12\/ASTM-D1709-Dart-Drop-Test-Method-for-Plastic-Film-545x400.webp 545w\" sizes=\"(max-width: 600px) 100vw, 600px\" \/>\t\t\t\t\t\t\n\t\t\t\t\t<\/div>\n\t\t\t\t\t\t\t\t\n<style>\n#image_40020419 {\n  width: 100%;\n}\n<\/style>\n\t<\/div>\n\t\n\n\n\t\t<\/div>\n\t\t\t\t\t<\/div>\n\n\t\n\n<\/div>\n\n\t\t<\/div>\n\t\t\t\t\t<\/div>\n\n\t\n\n<\/div>\n\n\t\t<\/div>\n\t\t\t\t\t<\/div>\n\n\t\n\n<\/div>\n\n\t\t<\/div>\n\t\t\t\t\t<\/div>\n\n\t\n\n\n<style>\n#row-1480945766 > .col > .col-inner {\n  border-radius: 25px;\n}\n<\/style>\n<\/div>\n\n\t\t<\/div>\n\n\t\t\n<style>\n#section_19272755 {\n  padding-top: 30px;\n  padding-bottom: 30px;\n}\n<\/style>\n\t<\/section>\n\t\n\t<section class=\"section\" id=\"section_668398280\">\n\t\t<div class=\"bg section-bg fill bg-fill  bg-loaded\" >\n\n\t\t\t\n\t\t\t\n\t\t\t\n\n\t\t<\/div>\n\n\t\t\n\n\t\t<div class=\"section-content relative\">\n\t\t\t\n\n<div class=\"row\"  id=\"row-520409013\">\n\n\n\t<div id=\"col-1785117897\" class=\"col small-12 large-12\"  >\n\t\t\t\t<div class=\"col-inner\"  >\n\t\t\t\n\t\t\t\n\n<div class=\"row\"  id=\"row-1459500285\">\n\n\n\t<div id=\"col-1835646812\" class=\"col small-12 large-12\"  >\n\t\t\t\t<div class=\"col-inner\"  >\n\t\t\t\n\t\t\t\n\n\t<div id=\"text-1931739271\" class=\"text\">\n\t\t\n\n<h2>ASTM D1709 a jej\u00ed v\u00fdznam<\/h2>\n\t\t\n<style>\n#text-1931739271 {\n  font-size: 1.3rem;\n  text-align: center;\n}\n<\/style>\n\t<\/div>\n\t\n\n\t\t<\/div>\n\t\t\t\t\t<\/div>\n\n\t\n\n\t<div id=\"col-1890746923\" class=\"col small-12 large-12\"  >\n\t\t\t\t<div class=\"col-inner\"  >\n\t\t\t\n\t\t\t\n\n<p>P\u0159i zaji\u0161\u0165ov\u00e1n\u00ed kvality pru\u017en\u00fdch obalov\u00fdch materi\u00e1l\u016f, zejm\u00e9na plastov\u00fdch f\u00f3li\u00ed, hraje norma ASTM D1709 z\u00e1sadn\u00ed roli. Tato mezin\u00e1rodn\u00ed norma specifikuje <strong>metoda zkou\u0161ky p\u00e1dem \u0161ipky<\/strong>, kter\u00fd hodnot\u00ed odolnost plastov\u00fdch f\u00f3li\u00ed proti n\u00e1razu stanoven\u00edm energie pot\u0159ebn\u00e9 k selh\u00e1n\u00ed p\u0159i p\u00e1du zat\u00ed\u017een\u00e9 \u0161ipky z pevn\u00e9 v\u00fd\u0161ky. V\u00fdsledky jsou z\u00e1sadn\u00ed pro zaji\u0161t\u011bn\u00ed vlastnost\u00ed v\u00fdrobku p\u0159i p\u0159eprav\u011b, manipulaci a pou\u017e\u00edv\u00e1n\u00ed. Pro v\u00fdrobce, odborn\u00edky na kontrolu kvality a laborato\u0159e pracuj\u00edc\u00ed s polymern\u00edmi f\u00f3liemi je pochopen\u00ed a zaveden\u00ed normy ASTM D1709 z\u00e1rukou dodr\u017eov\u00e1n\u00ed v\u00fdkonnostn\u00edch norem a konzistence v\u00fdroby.<\/p>\n\n\t\t<\/div>\n\t\t\t\t\t<\/div>\n\n\t\n\n<\/div>\n\n\t\t<\/div>\n\t\t\t\t\t<\/div>\n\n\t\n\n<\/div>\n<div class=\"row\"  id=\"row-1846548755\">\n\n\n\t<div id=\"col-702721639\" class=\"col small-12 large-12\"  >\n\t\t\t\t<div class=\"col-inner\"  >\n\t\t\t\n\t\t\t\n\n<div class=\"row\"  id=\"row-1840143645\">\n\n\n\t<div id=\"col-1667945350\" class=\"col small-12 large-12\"  >\n\t\t\t\t<div class=\"col-inner\"  >\n\t\t\t\n\t\t\t\n\n<div class=\"row\"  id=\"row-1525123786\">\n\n\n\t<div id=\"col-1630368356\" class=\"col small-12 large-12\"  >\n\t\t\t\t<div class=\"col-inner\"  >\n\t\t\t\n\t\t\t\n\n\t<div id=\"text-357772244\" class=\"text\">\n\t\t\n\n<h2>Porozum\u011bn\u00ed metod\u011b zkou\u0161en\u00ed p\u00e1dem \u0161ipky<\/h2>\n\t\t\n<style>\n#text-357772244 {\n  font-size: 1.3rem;\n  text-align: center;\n}\n<\/style>\n\t<\/div>\n\t\n\n\t\t<\/div>\n\t\t\t\t\t<\/div>\n\n\t\n\n<\/div>\n<div class=\"row align-middle\"  id=\"row-1630203773\">\n\n\n\t<div id=\"col-33965866\" class=\"col medium-7 small-12 large-7\"  >\n\t\t\t\t<div class=\"col-inner\"  >\n\t\t\t\n\t\t\t\n\n<p>Na str\u00e1nk\u00e1ch <strong>zkou\u0161ka p\u00e1dem \u0161ipky<\/strong> podle normy ASTM D1709 spo\u010d\u00edv\u00e1 ve vr\u017een\u00ed \u0161ipky s p\u016flkulatou hlavou na upnut\u00fd vzorek f\u00f3lie za \u00fa\u010delem stanoven\u00ed hmotnosti, kter\u00e1 zp\u016fsob\u00ed selh\u00e1n\u00ed testovan\u00fdch vzork\u016f 50%. Zkou\u0161ka poskytuje kvantitativn\u00ed m\u011b\u0159en\u00ed odolnosti proti n\u00e1razu.<\/p>\n<p>Existuj\u00ed dv\u011b z\u00e1kladn\u00ed testovac\u00ed metody:<\/p>\n<ul>\n<li><strong>Metoda A<\/strong>: Pou\u017e\u00edv\u00e1 se \u0161ipka o pr\u016fm\u011bru 38,10 mm hozen\u00e1 z v\u00fd\u0161ky 0,66 m.<\/li>\n<li><strong>Metoda B<\/strong>: Pou\u017e\u00edv\u00e1 se \u0161ipka o pr\u016fm\u011bru 50,80 mm hozen\u00e1 z v\u00fd\u0161ky 1,52 m.<\/li>\n<\/ul>\n<p>Ka\u017ed\u00e1 metoda je vhodn\u00e1 pro r\u016fzn\u00e9 typy film\u016f a v\u00fdkonnostn\u00ed limity. Metoda A je obvyklej\u0161\u00ed pro leh\u010d\u00ed nebo ten\u010d\u00ed f\u00f3lie, zat\u00edmco metoda B se pou\u017e\u00edv\u00e1, pokud se o\u010dek\u00e1v\u00e1 n\u00e1raz s vy\u0161\u0161\u00ed energi\u00ed.<\/p>\n\n\t\t<\/div>\n\t\t\t\t\t<\/div>\n\n\t\n\n\t<div id=\"col-2008812013\" class=\"col medium-5 small-12 large-5\"  >\n\t\t\t\t<div class=\"col-inner\"  >\n\t\t\t\n\t\t\t\n\n\t<div class=\"img has-hover x md-x lg-x y md-y lg-y\" id=\"image_2143303748\">\n\t\t\t\t\t\t\t\t<div class=\"img-inner dark\" >\n\t\t\t<img decoding=\"async\" width=\"600\" height=\"440\" src=\"https:\/\/www.impacttesting.net\/wp-content\/uploads\/2025\/12\/ASTM-D1709-Dart-Drop-Test-Method-for-Plastic-Film.webp\" class=\"attachment-large size-large\" alt=\"ASTM D1709 Metoda zkou\u0161en\u00ed plastov\u00fdch f\u00f3li\u00ed p\u00e1dem ze \u0161ipky\" srcset=\"https:\/\/www.impacttesting.net\/wp-content\/uploads\/2025\/12\/ASTM-D1709-Dart-Drop-Test-Method-for-Plastic-Film.webp 600w, https:\/\/www.impacttesting.net\/wp-content\/uploads\/2025\/12\/ASTM-D1709-Dart-Drop-Test-Method-for-Plastic-Film-545x400.webp 545w\" sizes=\"(max-width: 600px) 100vw, 600px\" \/>\t\t\t\t\t\t\n\t\t\t\t\t<\/div>\n\t\t\t\t\t\t\t\t\n<style>\n#image_2143303748 {\n  width: 100%;\n}\n<\/style>\n\t<\/div>\n\t\n\n\n\t\t<\/div>\n\t\t\t\t\t<\/div>\n\n\t\n\n<\/div>\n\n\t\t<\/div>\n\t\t\t\t\t<\/div>\n\n\t\n\n<\/div>\n\n\t\t<\/div>\n\t\t\t\t\t<\/div>\n\n\t\n\n<\/div>\n<div class=\"row\"  id=\"row-742311167\">\n\n\n\t<div id=\"col-1822899297\" class=\"col small-12 large-12\"  >\n\t\t\t\t<div class=\"col-inner\"  >\n\t\t\t\n\t\t\t\n\n<div class=\"row\"  id=\"row-1584099319\">\n\n\n\t<div id=\"col-350123987\" class=\"col small-12 large-12\"  >\n\t\t\t\t<div class=\"col-inner\"  >\n\t\t\t\n\t\t\t\n\n\t<div id=\"text-4174327159\" class=\"text\">\n\t\t\n\n<h2>Kl\u00ed\u010dov\u00e9 kroky v postupu n\u00e1razov\u00e9 zkou\u0161ky \u0161ipek<\/h2>\n\t\t\n<style>\n#text-4174327159 {\n  font-size: 1.3rem;\n  text-align: center;\n}\n<\/style>\n\t<\/div>\n\t\n\n\t\t<\/div>\n\t\t\t\t\t<\/div>\n\n\t\n\n<\/div>\n<div class=\"row\"  id=\"row-1576420623\">\n\n\n\t<div id=\"col-1762074943\" class=\"col medium-6 small-12 large-6\"  >\n\t\t\t\t<div class=\"col-inner\"  >\n\t\t\t\n\t\t\t\n\n<h3>P\u0159\u00edprava zku\u0161ebn\u00edho vzorku<\/h3>\n<ul>\n<li><strong>Velikost a kvalita<\/strong>: Ujist\u011bte se, \u017ee vzorky jsou dostate\u010dn\u011b velk\u00e9, aby p\u0159esahovaly svorku, a nemaj\u00ed viditeln\u00e9 vady, jako jsou d\u00edrky nebo z\u00e1hyby.<\/li>\n<li><strong>Odb\u011br vzork\u016f<\/strong>: Odeberte vzorky, kter\u00e9 jsou reprezentativn\u00ed pro celou v\u00fdrobn\u00ed d\u00e1vku filmu.<\/li>\n<li><strong>Kondice<\/strong>: V\u0161echny vzorky p\u0159ed zkou\u0161kou kondicionujte nejm\u00e9n\u011b 40 hodin p\u0159i teplot\u011b 23 \u00b1 2 \u00b0C a relativn\u00ed vlhkosti 50 \u00b1 10%, jak je uvedeno v norm\u011b ASTM D618.<\/li>\n<\/ul>\n\n\t\t<\/div>\n\t\t\t\t\t<\/div>\n\n\t\n\n\t<div id=\"col-2085108259\" class=\"col medium-6 small-12 large-6\"  >\n\t\t\t\t<div class=\"col-inner\"  >\n\t\t\t\n\t\t\t\n\n<h3>Nastaven\u00ed p\u0159\u00edstroje<\/h3>\n<ul>\n<li>Pou\u017eijte schv\u00e1len\u00fd tester p\u00e1du \u0161ipek, jako je nap\u0159. <strong>FDT-01 od Impacttesting.net<\/strong>, kter\u00fd podporuje metodu A i B s p\u0159esn\u00fdmi mechanismy uvol\u0148ov\u00e1n\u00ed \u0161ipek.<\/li>\n<li>Vyberte a zkontrolujte hlavici \u0161ipky, zda nen\u00ed po\u0161kr\u00e1ban\u00e1 nebo po\u0161kozen\u00e1.<\/li>\n<li>P\u0159esn\u011b nastavte v\u00fd\u0161ku p\u00e1du na z\u00e1klad\u011b zvolen\u00e9 zku\u0161ebn\u00ed metody.<\/li>\n<li>Ujist\u011bte se, \u017ee uvoln\u011bn\u00ed \u0161ipky dopad\u00e1 na st\u0159ed upnut\u00e9ho vzorku a \u017ee nedoch\u00e1z\u00ed ke sklouznut\u00ed.<\/li>\n<\/ul>\n\n\t\t<\/div>\n\t\t\t\t\t<\/div>\n\n\t\n\n<\/div>\n<div class=\"row align-middle\"  id=\"row-1201285779\">\n\n\n\t<div id=\"col-2058795794\" class=\"col medium-8 small-12 large-8\"  >\n\t\t\t\t<div class=\"col-inner\"  >\n\t\t\t\n\t\t\t\n\n<h3>Techniky testov\u00e1n\u00ed p\u00e1du \u0161ipky<\/h3>\n<p>Podle normy ASTM D1709 existuj\u00ed dv\u011b hlavn\u00ed zku\u0161ebn\u00ed techniky:<\/p>\n<h4>Schodi\u0161\u0165ov\u00e1 metoda<\/h4>\n<ul>\n<li>Pou\u017e\u00edvejte jednotn\u00e9 p\u0159\u00edr\u016fstky hmotnosti (\u0394W).<\/li>\n<li>Po ka\u017ed\u00e9m vzorku zvy\u0161te nebo sni\u017ete hmotnost \u0161ipky v z\u00e1vislosti na v\u00fdsledku selh\u00e1n\u00ed.<\/li>\n<li>Test pokra\u010duje, dokud nen\u00ed dosa\u017eeno 10 selh\u00e1n\u00ed (X) a 10 neselh\u00e1n\u00ed (0).<\/li>\n<li>Vypo\u010d\u00edtejte hmotnost p\u0159i poru\u0161e (WF) pomoc\u00ed vzorce pro schodi\u0161\u0165ovou metodu:<br \/><strong>WF = W0 + \u0394W(N\/A - 0,5)<\/strong><br \/>Kde:<br \/><strong>W<sub>0<\/sub> <\/strong> je po\u010d\u00e1te\u010dn\u00ed hmotnost<br \/><strong>\u0394W<\/strong> je p\u0159\u00edr\u016fstek<br \/><strong>N<\/strong> je celkov\u00fd po\u010det selh\u00e1n\u00ed (10)<br \/><strong>A<\/strong> je sou\u010det hodnot index\u016f ne\u00fasp\u011b\u0161n\u00fdch vzork\u016f<\/li>\n<\/ul>\n<h4>Alternativn\u00ed metoda<\/h4>\n<ul>\n<li>Pro skupinu vzork\u016f (obvykle 10) pou\u017eijte pevnou hmotnost \u0161ipky.<\/li>\n<li>Hmotnost \u0161ipek ve skupin\u00e1ch se m\u016f\u017ee m\u011bnit.<\/li>\n<li>Ur\u010dete pr\u00e1h selh\u00e1n\u00ed pomoc\u00ed vynesen\u00fdch dat nebo klouzav\u00fdch pr\u016fm\u011br\u016f.<\/li>\n<\/ul>\n<p>Tento p\u0159\u00edstup se \u010dasto pou\u017e\u00edv\u00e1 v<strong> b\u011b\u017en\u00e1 kontrola kvality<\/strong> pro rychlou kontrolu.<\/p>\n\n\t\t<\/div>\n\t\t\t\t\t<\/div>\n\n\t\n\n\t<div id=\"col-1585297522\" class=\"col medium-4 small-12 large-4\"  >\n\t\t\t\t<div class=\"col-inner\"  >\n\t\t\t\n\t\t\t\n\n<div class=\"video video-fit mb\" style=\"padding-top:200%;\"><iframe title=\"Zkou\u0161ka n\u00e1razem padaj\u00edc\u00ed koule do plastov\u00fdch f\u00f3li\u00ed a desek\" width=\"563\" height=\"1000\" src=\"https:\/\/www.youtube.com\/embed\/AvdivZPwIxc?feature=oembed\" frameborder=\"0\" allow=\"accelerometer; autoplay; clipboard-write; encrypted-media; gyroscope; picture-in-picture; web-share\" referrerpolicy=\"strict-origin-when-cross-origin\" allowfullscreen><\/iframe><\/div>\n\n\n\t\t<\/div>\n\t\t\t\t\t<\/div>\n\n\t\n\n<\/div>\n\n\t\t<\/div>\n\t\t\t\t\t<\/div>\n\n\t\n\n<\/div>\n<div class=\"row\"  id=\"row-202927660\">\n\n\n\t<div id=\"col-818851490\" class=\"col small-12 large-12\"  >\n\t\t\t\t<div class=\"col-inner\"  >\n\t\t\t\n\t\t\t\n\n<div class=\"row\"  id=\"row-1355764262\">\n\n\n\t<div id=\"col-1004282875\" class=\"col small-12 large-12\"  >\n\t\t\t\t<div class=\"col-inner\"  >\n\t\t\t\n\t\t\t\n\n\t<div id=\"text-1377619269\" class=\"text\">\n\t\t\n\n<h2>B\u011b\u017en\u00e9 probl\u00e9my a jejich \u0159e\u0161en\u00ed<\/h2>\n\t\t\n<style>\n#text-1377619269 {\n  font-size: 1.3rem;\n  text-align: center;\n}\n<\/style>\n\t<\/div>\n\t\n\n\t\t<\/div>\n\t\t\t\t\t<\/div>\n\n\t\n\n\t<div id=\"col-334375085\" class=\"col small-12 large-12\"  >\n\t\t\t\t<div class=\"col-inner\"  >\n\t\t\t\n\t\t\t\n\n\t<div id=\"text-3426012759\" class=\"text\">\n\t\t\n\n<p><strong>Skluz vzorku<\/strong>: Pou\u017eijte vhodn\u00e9 svorky a povrchovou \u00fapravu (nap\u0159. krokusovou tkaninu), abyste zabr\u00e1nili pohybu p\u0159i n\u00e1razu.<\/p>\n<p><strong>Nekonzistentn\u00ed v\u00fdsledky<\/strong>: Ov\u011b\u0159te podm\u00ednky prost\u0159ed\u00ed, zarovn\u00e1n\u00ed \u0161ipek a p\u0159\u00edpravu vzork\u016f, abyste zajistili opakovatelnost.<\/p>\n<p><strong>Odraz \u0161ipky<\/strong>: \u0160ipku po z\u00e1sahu v\u017edy zachy\u0165te, aby nedo\u0161lo k v\u00edcen\u00e1sobn\u00e9mu kontaktu a mo\u017en\u00e9mu po\u0161kozen\u00ed povrchu.<\/p>\n\t\t\n<style>\n#text-3426012759 {\n  text-align: center;\n}\n<\/style>\n\t<\/div>\n\t\n\n\t\t<\/div>\n\t\t\t\t\t<\/div>\n\n\t\n\n<\/div>\n\n\t\t<\/div>\n\t\t\t\t\t<\/div>\n\n\t\n\n<\/div>\n\n\t\t<\/div>\n\n\t\t\n<style>\n#section_668398280 {\n  padding-top: 30px;\n  padding-bottom: 30px;\n}\n<\/style>\n\t<\/section>\n\t\n\t<section class=\"section\" id=\"section_2028948965\">\n\t\t<div class=\"bg section-bg fill bg-fill  bg-loaded\" >\n\n\t\t\t\n\t\t\t\n\t\t\t\n\n\t\t<\/div>\n\n\t\t\n\n\t\t<div class=\"section-content relative\">\n\t\t\t\n\n<div class=\"row\"  id=\"row-1993300785\">\n\n\n\t<div id=\"col-1117767074\" class=\"col small-12 large-12\"  >\n\t\t\t\t<div class=\"col-inner\"  >\n\t\t\t\n\t\t\t\n\n<div class=\"row align-center\"  id=\"row-866075588\">\n\n\n\t<div id=\"col-2054947823\" class=\"col small-12 large-12\"  >\n\t\t\t\t<div class=\"col-inner\"  >\n\t\t\t\n\t\t\t\n\n\t<div id=\"text-830736985\" class=\"text\">\n\t\t\n\n<h2>Pro\u010d si vybrat Impacttesting.net?<br \/>Tester \u0161ipek FDT-01<\/h2>\n\t\t\n<style>\n#text-830736985 {\n  font-size: 1.4rem;\n  text-align: center;\n}\n<\/style>\n\t<\/div>\n\t\n\n\t\t<\/div>\n\t\t\t\t\t<\/div>\n\n\t\n\n\t<div id=\"col-1527798298\" class=\"col small-12 large-12\"  >\n\t\t\t\t<div class=\"col-inner\"  >\n\t\t\t\n\t\t\t\n\n<p>Na str\u00e1nk\u00e1ch <strong>FDT-01 <a href=\"https:\/\/www.impacttesting.net\/cs\/falling-dart-impact-tester\/\">\u0160ipkov\u00fd n\u00e1razov\u00fd tester<\/a><\/strong> z <a href=\"https:\/\/www.impacttesting.net\/cs\/\">Impacttesting.net<\/a> je navr\u017een speci\u00e1ln\u011b pro p\u0159esn\u00e9 a efektivn\u00ed testov\u00e1n\u00ed na <a href=\"https:\/\/www.impacttesting.net\/cs\/astm-d1709\/\"><strong>ASTM D1709<\/strong><\/a>. Tento n\u00e1stroj:<\/p>\n\n\t\t<\/div>\n\t\t\t\t\t<\/div>\n\n\t\n\n\t<div id=\"col-551517416\" class=\"col medium-7 small-12 large-7\"  >\n\t\t\t\t<div class=\"col-inner text-center\"  >\n\t\t\t\n\t\t\t\n\n\t<div id=\"text-322124700\" class=\"text\">\n\t\t\n\n<p>Podporuje testov\u00e1n\u00ed metodou A i B<br \/>P\u0159esn\u00e9 nastaven\u00ed v\u00fd\u0161ky p\u00e1du a uvoln\u011bn\u00ed \u0161ipky<br \/>Nab\u00edz\u00ed digit\u00e1ln\u00ed \u0159\u00edzen\u00ed a sb\u011br dat pro spolehliv\u00e9 sledov\u00e1n\u00ed v\u00fdsledk\u016f<br \/>Zvy\u0161uje produktivitu d\u00edky intuitivn\u00edmu rozhran\u00ed a robustn\u00ed konstrukci<\/p>\n\t\t\n<style>\n#text-322124700 {\n  font-size: 1.1rem;\n  line-height: 1.3;\n}\n<\/style>\n\t<\/div>\n\t\n\t<div id=\"text-402094462\" class=\"text\">\n\t\t\n\n<p>Na\u0161e odborn\u00e9 znalosti v oblasti <strong>testov\u00e1n\u00ed obalov\u00fdch materi\u00e1l\u016f<\/strong>v kombinaci s p\u0159izp\u016fsobiteln\u00fdmi funkcemi a podporou automatizace je FDT-01 ide\u00e1ln\u00ed pro laborato\u0159e, v\u00fdrobn\u00ed linky a kontroln\u00ed agentury.<\/p>\n\t\t\n<style>\n#text-402094462 {\n  font-size: 1.1rem;\n}\n<\/style>\n\t<\/div>\n\t\n<a href=\"https:\/\/www.impacttesting.net\/cs\/contact-us\/\" class=\"button primary is-outline\"  style=\"border-radius:99px;\">\n    <span>Kontaktujte n\u00e1s<\/span>\n  <i class=\"icon-chat\" aria-hidden=\"true\" ><\/i><\/a>\n\n\n\n\t\t<\/div>\n\t\t\t\t\t<\/div>\n\n\t\n\n\t<div id=\"col-1635922482\" class=\"col medium-4 small-12 large-4\"  >\n\t\t\t\t<div class=\"col-inner text-center\"  >\n\t\t\t\n\t\t\t\n\n\n<div class=\"wpcf7 no-js\" id=\"wpcf7-f10-o1\" lang=\"en-US\" dir=\"ltr\" data-wpcf7-id=\"10\">\n<div class=\"screen-reader-response\"><p role=\"status\" aria-live=\"polite\" aria-atomic=\"true\"><\/p> <ul><\/ul><\/div>\n<form action=\"\/cs\/wp-json\/wp\/v2\/pages\/66#wpcf7-f10-o1\" method=\"post\" class=\"wpcf7-form init\" aria-label=\"Contact form\" novalidate=\"novalidate\" data-status=\"init\" data-trp-original-action=\"\/cs\/wp-json\/wp\/v2\/pages\/66#wpcf7-f10-o1\">\n<fieldset class=\"hidden-fields-container\"><input type=\"hidden\" name=\"_wpcf7\" value=\"10\" \/><input type=\"hidden\" name=\"_wpcf7_version\" value=\"6.1.4\" \/><input type=\"hidden\" name=\"_wpcf7_locale\" value=\"en_US\" \/><input type=\"hidden\" name=\"_wpcf7_unit_tag\" value=\"wpcf7-f10-o1\" \/><input type=\"hidden\" name=\"_wpcf7_container_post\" value=\"0\" \/><input type=\"hidden\" name=\"_wpcf7_posted_data_hash\" value=\"\" \/><input type=\"hidden\" name=\"_wpcf7_recaptcha_response\" value=\"\" \/>\n<\/fieldset>\n<p><span class=\"wpcf7-form-control-wrap\" data-name=\"Name\"><input size=\"40\" maxlength=\"400\" class=\"wpcf7-form-control wpcf7-text\" aria-invalid=\"false\" placeholder=\"Va\u0161e jm\u00e9no\" value=\"\" type=\"text\" name=\"Name\" \/><\/span><br \/>\n<span class=\"wpcf7-form-control-wrap\" data-name=\"Comapany\"><input size=\"40\" maxlength=\"400\" class=\"wpcf7-form-control wpcf7-text\" aria-invalid=\"false\" placeholder=\"Va\u0161e spole\u010dnost\" value=\"\" type=\"text\" name=\"Comapany\" \/><\/span><br \/>\n<span class=\"wpcf7-form-control-wrap\" data-name=\"Email\"><input size=\"40\" maxlength=\"400\" class=\"wpcf7-form-control wpcf7-email wpcf7-validates-as-required wpcf7-text wpcf7-validates-as-email\" aria-required=\"true\" aria-invalid=\"false\" placeholder=\"V\u00e1\u0161 e-mail*\" value=\"\" type=\"email\" name=\"Email\" \/><\/span><br \/>\n<span class=\"wpcf7-form-control-wrap\" data-name=\"Message\"><textarea cols=\"40\" rows=\"10\" maxlength=\"2000\" class=\"wpcf7-form-control wpcf7-textarea\" aria-invalid=\"false\" placeholder=\"Zpr\u00e1va\" name=\"Message\"><\/textarea><\/span>\n<\/p>\n<p><input class=\"wpcf7-form-control wpcf7-submit has-spinner\" type=\"submit\" value=\"Odeslat\" \/>\n<\/p><div class=\"wpcf7-response-output\" aria-hidden=\"true\"><\/div>\n<input type=\"hidden\" name=\"trp-form-language\" value=\"cs\"\/><\/form>\n<\/div>\n\n\n\n\t\t<\/div>\n\t\t\t\t\t<\/div>\n\n\t\n\n<\/div>\n\n\t\t<\/div>\n\t\t\t\t\t<\/div>\n\n\t\n\n<\/div>\n\n\t\t<\/div>\n\n\t\t\n<style>\n#section_2028948965 {\n  padding-top: 30px;\n  padding-bottom: 30px;\n  background-color: rgb(232, 234, 241);\n}\n<\/style>\n\t<\/section>","protected":false},"excerpt":{"rendered":"","protected":false},"author":1,"featured_media":0,"parent":0,"menu_order":0,"comment_status":"closed","ping_status":"closed","template":"page-blank.php","meta":{"footnotes":""},"class_list":["post-66","page","type-page","status-publish","hentry"],"_links":{"self":[{"href":"https:\/\/www.impacttesting.net\/cs\/wp-json\/wp\/v2\/pages\/66","targetHints":{"allow":["GET"]}}],"collection":[{"href":"https:\/\/www.impacttesting.net\/cs\/wp-json\/wp\/v2\/pages"}],"about":[{"href":"https:\/\/www.impacttesting.net\/cs\/wp-json\/wp\/v2\/types\/page"}],"author":[{"embeddable":true,"href":"https:\/\/www.impacttesting.net\/cs\/wp-json\/wp\/v2\/users\/1"}],"replies":[{"embeddable":true,"href":"https:\/\/www.impacttesting.net\/cs\/wp-json\/wp\/v2\/comments?post=66"}],"version-history":[{"count":1,"href":"https:\/\/www.impacttesting.net\/cs\/wp-json\/wp\/v2\/pages\/66\/revisions"}],"predecessor-version":[{"id":73,"href":"https:\/\/www.impacttesting.net\/cs\/wp-json\/wp\/v2\/pages\/66\/revisions\/73"}],"wp:attachment":[{"href":"https:\/\/www.impacttesting.net\/cs\/wp-json\/wp\/v2\/media?parent=66"}],"curies":[{"name":"wp","href":"https:\/\/api.w.org\/{rel}","templated":true}]}}