{"id":57,"date":"2025-12-24T05:15:35","date_gmt":"2025-12-24T05:15:35","guid":{"rendered":"https:\/\/www.impacttesting.net\/?page_id=57"},"modified":"2025-12-24T05:44:13","modified_gmt":"2025-12-24T05:44:13","slug":"ansi-z87-1","status":"publish","type":"page","link":"https:\/\/www.impacttesting.net\/cs\/ansi-z87-1\/","title":{"rendered":"ANSI Z87.1"},"content":{"rendered":"<section class=\"section\" id=\"section_1948024950\">\n\t\t<div class=\"bg section-bg fill bg-fill  bg-loaded\" >\n\n\t\t\t\n\t\t\t\n\t\t\t\n\n\t\t<\/div>\n\n\t\t\n\n\t\t<div class=\"section-content relative\">\n\t\t\t\n\n<div class=\"row\"  id=\"row-1329743292\">\n\n\n\t<div id=\"col-24250258\" class=\"col small-12 large-12\"  >\n\t\t\t\t<div class=\"col-inner\" style=\"background-color:rgb(92, 171, 188);\" >\n\t\t\t\n\t\t\t\n\n<div class=\"row\"  id=\"row-848926319\">\n\n\n\t<div id=\"col-940656346\" class=\"col small-12 large-12\"  >\n\t\t\t\t<div class=\"col-inner\"  >\n\t\t\t\n\t\t\t\n\n\t<div id=\"text-1986678592\" class=\"text\">\n\t\t\n\n<h1>ANSI Z87.1<\/h1>\n\t\t\n<style>\n#text-1986678592 {\n  font-size: 1.5rem;\n  text-align: center;\n}\n<\/style>\n\t<\/div>\n\t\n\t<div id=\"text-4157249656\" class=\"text\">\n\t\t\n\n<h2>Test p\u00e1dem m\u00ed\u010de pro ochrann\u00e9 br\u00fdle<\/h2>\n\t\t\n<style>\n#text-4157249656 {\n  text-align: center;\n}\n<\/style>\n\t<\/div>\n\t\n\n\t\t<\/div>\n\t\t\t\t\n<style>\n#col-940656346 > .col-inner {\n  padding: 50px 10px 10px 10px;\n}\n<\/style>\n\t<\/div>\n\n\t\n\n<\/div>\n<div class=\"row align-middle align-center\"  id=\"row-1094301146\">\n\n\n\t<div id=\"col-1602451301\" class=\"col medium-11 small-12 large-11\"  >\n\t\t\t\t<div class=\"col-inner\"  >\n\t\t\t\n\t\t\t\n\n<div class=\"row align-center\"  id=\"row-708439675\">\n\n\n\t<div id=\"col-2144128555\" class=\"col medium-7 small-12 large-7\"  >\n\t\t\t\t<div class=\"col-inner\"  >\n\t\t\t\n\t\t\t\n\n<div class=\"row\"  id=\"row-657254905\">\n\n\n\t<div id=\"col-1637826382\" class=\"col small-12 large-12\"  >\n\t\t\t\t<div class=\"col-inner text-center\"  >\n\t\t\t\n\t\t\t\n\n\t<div id=\"text-2405516673\" class=\"text\">\n\t\t\n\n<p><strong>ANSI Z87.1<\/strong> je kritick\u00e1 norma vypracovan\u00e1 Americk\u00fdm n\u00e1rodn\u00edm normaliza\u010dn\u00edm institutem (ANSI) ve spolupr\u00e1ci s Mezin\u00e1rodn\u00ed asociac\u00ed pro bezpe\u010dnostn\u00ed za\u0159\u00edzen\u00ed (ISEA). Stanovuje specifikace v\u00fdkonu a krit\u00e9ria zkou\u0161en\u00ed ochrann\u00fdch br\u00fdl\u00ed v pracovn\u00edm a vzd\u011bl\u00e1vac\u00edm prost\u0159ed\u00ed. Tato norma zaji\u0161\u0165uje, \u017ee <strong>ochrann\u00e9 br\u00fdle, br\u00fdle a obli\u010dejov\u00e9 \u0161t\u00edty.<\/strong> odol\u00e1vaj\u00ed potenci\u00e1ln\u00edm nebezpe\u010d\u00edm, jako jsou n\u00e1razy, neionizuj\u00edc\u00ed z\u00e1\u0159en\u00ed a p\u016fsoben\u00ed chemick\u00fdch l\u00e1tek.<\/p>\n\t\t\n<style>\n#text-2405516673 {\n  color: rgb(0, 0, 0);\n}\n#text-2405516673 > * {\n  color: rgb(0, 0, 0);\n}\n<\/style>\n\t<\/div>\n\t\n\n\t\t<\/div>\n\t\t\t\t\t<\/div>\n\n\t\n\n\t<div id=\"col-1175945525\" class=\"col small-12 large-12\"  >\n\t\t\t\t<div class=\"col-inner text-center\"  >\n\t\t\t\n\t\t\t\n\n<a href=\"https:\/\/www.impacttesting.net\/cs\/contact-us\/\" class=\"button primary is-outline\"  style=\"border-radius:99px;\">\n    <span>Kontaktujte n\u00e1s<\/span>\n  <i class=\"icon-chat\" aria-hidden=\"true\" ><\/i><\/a>\n\n\n\n\t\t<\/div>\n\t\t\t\t\t<\/div>\n\n\t\n\n<\/div>\n\n\t\t<\/div>\n\t\t\t\t\t<\/div>\n\n\t\n\n\t<div id=\"col-416827632\" class=\"col medium-4 small-12 large-4\"  >\n\t\t\t\t<div class=\"col-inner\"  >\n\t\t\t\n\t\t\t\n\n<div class=\"row\"  id=\"row-1177884921\">\n\n\n\t<div id=\"col-1201110137\" class=\"col small-12 large-12\"  >\n\t\t\t\t<div class=\"col-inner\"  >\n\t\t\t\n\t\t\t\n\n\t<div class=\"img has-hover x md-x lg-x y md-y lg-y\" id=\"image_1903091412\">\n\t\t<a class=\"\" href=\"https:\/\/www.impacttesting.net\/cs\/ball-drop-tester\/\" target=\"_blank\" rel=\"noopener\" >\t\t\t\t\t\t<div class=\"img-inner dark\" >\n\t\t\t<img decoding=\"async\" width=\"600\" height=\"440\" src=\"https:\/\/www.impacttesting.net\/wp-content\/uploads\/2025\/12\/ANSI-Z87.1-Drop-Ball-Test-for-Safety-Glasses.webp\" class=\"attachment-large size-large\" alt=\"ANSI Z87.1 Zkou\u0161ka p\u00e1dem z koule pro ochrann\u00e9 br\u00fdle\" srcset=\"https:\/\/www.impacttesting.net\/wp-content\/uploads\/2025\/12\/ANSI-Z87.1-Drop-Ball-Test-for-Safety-Glasses.webp 600w, https:\/\/www.impacttesting.net\/wp-content\/uploads\/2025\/12\/ANSI-Z87.1-Drop-Ball-Test-for-Safety-Glasses-545x400.webp 545w\" sizes=\"(max-width: 600px) 100vw, 600px\" \/>\t\t\t\t\t\t\n\t\t\t\t\t<\/div>\n\t\t\t\t\t\t<\/a>\t\t\n<style>\n#image_1903091412 {\n  width: 100%;\n}\n<\/style>\n\t<\/div>\n\t\n\n\n\t\t<\/div>\n\t\t\t\t\t<\/div>\n\n\t\n\n<\/div>\n\n\t\t<\/div>\n\t\t\t\t\t<\/div>\n\n\t\n\n<\/div>\n\n\t\t<\/div>\n\t\t\t\t\t<\/div>\n\n\t\n\n<\/div>\n\n\t\t<\/div>\n\t\t\t\t\t<\/div>\n\n\t\n\n\n<style>\n#row-1329743292 > .col > .col-inner {\n  border-radius: 25px;\n}\n<\/style>\n<\/div>\n\n\t\t<\/div>\n\n\t\t\n<style>\n#section_1948024950 {\n  padding-top: 30px;\n  padding-bottom: 30px;\n}\n<\/style>\n\t<\/section>\n\t\n\t<section class=\"section\" id=\"section_491729261\">\n\t\t<div class=\"bg section-bg fill bg-fill  bg-loaded\" >\n\n\t\t\t\n\t\t\t\n\t\t\t\n\n\t\t<\/div>\n\n\t\t\n\n\t\t<div class=\"section-content relative\">\n\t\t\t\n\n<div class=\"row\"  id=\"row-1469193288\">\n\n\n\t<div id=\"col-2086276437\" class=\"col small-12 large-12\"  >\n\t\t\t\t<div class=\"col-inner\"  >\n\t\t\t\n\t\t\t\n\n<div class=\"row\"  id=\"row-1595573806\">\n\n\n\t<div id=\"col-237651033\" class=\"col small-12 large-12\"  >\n\t\t\t\t<div class=\"col-inner\"  >\n\t\t\t\n\t\t\t\n\n<div class=\"row\"  id=\"row-939529508\">\n\n\n\t<div id=\"col-219117699\" class=\"col small-12 large-12\"  >\n\t\t\t\t<div class=\"col-inner\"  >\n\t\t\t\n\t\t\t\n\n\t<div id=\"text-369132125\" class=\"text\">\n\t\t\n\n<h2>ANSI Z87.1 Zkou\u0161ka p\u00e1dem z koule pro ochrann\u00e9 br\u00fdle<\/h2>\n\t\t\n<style>\n#text-369132125 {\n  font-size: 1.3rem;\n  text-align: center;\n}\n<\/style>\n\t<\/div>\n\t\n<p data-pm-slice=\"1 1 &#091;&#093;\">Jedn\u00edm ze z\u00e1kladn\u00edch posouzen\u00ed uveden\u00fdch v norm\u011b ANSI Z87.1 je <strong>drop ball test pro ochrann\u00e9 br\u00fdle<\/strong>. Tento postup m\u00e1 z\u00e1sadn\u00ed v\u00fdznam pro ov\u011b\u0159en\u00ed odolnosti \u010do\u010dek pou\u017e\u00edvan\u00fdch v osobn\u00edch ochrann\u00fdch prost\u0159edc\u00edch (OOP) proti n\u00e1razu.<\/p>\n\n\t\t<\/div>\n\t\t\t\t\t<\/div>\n\n\t\n\n<\/div>\n<div class=\"row\"  id=\"row-374151489\">\n\n\n\t<div id=\"col-516169305\" class=\"col medium-6 small-12 large-6\"  >\n\t\t\t\t<div class=\"col-inner\"  >\n\t\t\t\n\t\t\t\n\n<h3>\u00da\u010del a z\u00e1sady testu<\/h3>\n<p>\u00da\u010delem testu drop ball je simulovat re\u00e1ln\u00e9 sc\u00e9n\u00e1\u0159e, p\u0159i kter\u00fdch mohou b\u00fdt ochrann\u00e9 br\u00fdle vystaveny n\u00e1hl\u00e9mu n\u00e1razu. Hodnot\u00ed se, zda materi\u00e1l \u010do\u010dek dok\u00e1\u017ee absorbovat a rozlo\u017eit energii, ani\u017e by se rozt\u0159\u00ed\u0161tily nebo prorazily, a chr\u00e1n\u00ed tak o\u010di u\u017eivatele.<\/p>\n\t<div class=\"img has-hover x md-x lg-x y md-y lg-y\" id=\"image_1270630811\">\n\t\t\t\t\t\t\t\t<div class=\"img-inner dark\" >\n\t\t\t<img decoding=\"async\" width=\"600\" height=\"200\" src=\"https:\/\/www.impacttesting.net\/wp-content\/uploads\/2025\/12\/ANSI-Z87.1.webp\" class=\"attachment-large size-large\" alt=\"ANSI Z87.1\" \/>\t\t\t\t\t\t\n\t\t\t\t\t<\/div>\n\t\t\t\t\t\t\t\t\n<style>\n#image_1270630811 {\n  width: 85%;\n}\n<\/style>\n\t<\/div>\n\t\n\n\n\t\t<\/div>\n\t\t\t\t\t<\/div>\n\n\t\n\n\t<div id=\"col-759217815\" class=\"col medium-6 small-12 large-6\"  >\n\t\t\t\t<div class=\"col-inner\"  >\n\t\t\t\n\t\t\t\n\n<h3>Jak se test prov\u00e1d\u00ed<\/h3>\n<p>Podle odd\u00edlu 9.6 normy ANSI Z87.1:<\/p>\n<ul>\n<li>Pou\u017e\u00edv\u00e1 se ocelov\u00e1 kuli\u010dka o pr\u016fm\u011bru 25,4 mm (1,0 palce) a hmotnosti 68 g (2,4 oz).<\/li>\n<li>M\u00ed\u010d se pou\u0161t\u00ed z v\u00fd\u0161ky 127 cm na \u010do\u010dku um\u00edst\u011bnou na pevn\u00e9m modelu hlavy, kter\u00fd kop\u00edruje strukturu lidsk\u00e9ho obli\u010deje.<\/li>\n<li>Po n\u00e1razu mus\u00ed z\u016fstat \u010do\u010dka neporu\u0161en\u00e1, bez prasklin nebo pr\u016fraz\u016f.<\/li>\n<li>Ka\u017ed\u00e1 kombinace materi\u00e1lu a povlaku mus\u00ed b\u00fdt testov\u00e1na na \u010dty\u0159ech za\u0159\u00edzen\u00edch, aby byla zaji\u0161t\u011bna spolehliv\u00e1 konzistence.<\/li>\n<\/ul>\n\n\t\t<\/div>\n\t\t\t\t\t<\/div>\n\n\t\n\n<\/div>\n\n\t\t<\/div>\n\t\t\t\t\t<\/div>\n\n\t\n\n<\/div>\n\n\t\t<\/div>\n\t\t\t\t\t<\/div>\n\n\t\n\n<\/div>\n<div class=\"row\"  id=\"row-424437643\">\n\n\n\t<div id=\"col-1335265692\" class=\"col small-12 large-12\"  >\n\t\t\t\t<div class=\"col-inner\"  >\n\t\t\t\n\t\t\t\n\n<div class=\"row\"  id=\"row-2092088086\">\n\n\n\t<div id=\"col-1575934447\" class=\"col small-12 large-12\"  >\n\t\t\t\t<div class=\"col-inner\"  >\n\t\t\t\n\t\t\t\n\n\t<div id=\"text-3837793266\" class=\"text\">\n\t\t\n\n<h2>Testovac\u00ed za\u0159\u00edzen\u00ed Drop Ball<\/h2>\n\t\t\n<style>\n#text-3837793266 {\n  font-size: 1.3rem;\n  text-align: center;\n}\n<\/style>\n\t<\/div>\n\t\n\n\t\t<\/div>\n\t\t\t\t\t<\/div>\n\n\t\n\n<\/div>\n<div class=\"row align-middle\"  id=\"row-298449678\">\n\n\n\t<div id=\"col-1516700302\" class=\"col medium-6 small-12 large-6\"  >\n\t\t\t\t<div class=\"col-inner\"  >\n\t\t\t\n\t\t\t\n\n<p>K dosa\u017een\u00ed opakovateln\u00e9ho a spolehliv\u00e9ho testov\u00e1n\u00ed je zapot\u0159eb\u00ed specializovan\u00e9 vybaven\u00ed. Za\u0159\u00edzen\u00ed FBT-01 <a href=\"https:\/\/www.impacttesting.net\/cs\/ball-drop-tester\/\"><strong>Tester p\u00e1du koule<\/strong><\/a> od spole\u010dnosti Cell Instruments je navr\u017een tak, aby tuto normu spl\u0148oval a p\u0159ekra\u010doval. Nab\u00edz\u00ed:<\/p>\n<ul>\n<li>P\u0159esn\u00e9 elektromagnetick\u00e9 uvol\u0148ov\u00e1n\u00ed m\u00ed\u010dku pro konzistentn\u00ed energii \u00faderu.<\/li>\n<li>Nastaviteln\u00e1 v\u00fd\u0161ka n\u00e1razu a specifikace m\u00ed\u010de pro univerz\u00e1ln\u00ed testovac\u00ed nastaven\u00ed.<\/li>\n<li>Dotykov\u00fd displej HMI a \u0159\u00edzen\u00ed PLC pro stabilitu testov\u00e1n\u00ed na pr\u016fmyslov\u00e9 \u00farovni.<\/li>\n<\/ul>\n<p>D\u00edky tomu je ide\u00e1ln\u00ed pro v\u00fdrobce ochrann\u00fdch br\u00fdl\u00ed, <strong>Odd\u011blen\u00ed kontroly kvality osobn\u00edch ochrann\u00fdch prost\u0159edk\u016f<\/strong>a <strong>zku\u0161ebn\u00ed laborato\u0159e t\u0159et\u00edch stran<\/strong> kter\u00e9 vy\u017eaduj\u00ed n\u00e1razov\u00e9 zkou\u0161ky podle normy ANSI.<\/p>\n\n\t\t<\/div>\n\t\t\t\t\t<\/div>\n\n\t\n\n\t<div id=\"col-973827518\" class=\"col medium-6 small-12 large-6\"  >\n\t\t\t\t<div class=\"col-inner\"  >\n\t\t\t\n\t\t\t\n\n\t<div class=\"img has-hover x md-x lg-x y md-y lg-y\" id=\"image_91128926\">\n\t\t<a class=\"\" href=\"https:\/\/www.impacttesting.net\/cs\/ball-drop-tester\/\" >\t\t\t\t\t\t<div class=\"img-inner dark\" >\n\t\t\t<img decoding=\"async\" width=\"600\" height=\"440\" src=\"https:\/\/www.impacttesting.net\/wp-content\/uploads\/2025\/12\/ANSI-Z87.1-Drop-Ball-Test-for-Safety-Glasses.webp\" class=\"attachment-large size-large\" alt=\"ANSI Z87.1 Zkou\u0161ka p\u00e1dem z koule pro ochrann\u00e9 br\u00fdle\" srcset=\"https:\/\/www.impacttesting.net\/wp-content\/uploads\/2025\/12\/ANSI-Z87.1-Drop-Ball-Test-for-Safety-Glasses.webp 600w, https:\/\/www.impacttesting.net\/wp-content\/uploads\/2025\/12\/ANSI-Z87.1-Drop-Ball-Test-for-Safety-Glasses-545x400.webp 545w\" sizes=\"(max-width: 600px) 100vw, 600px\" \/>\t\t\t\t\t\t\n\t\t\t\t\t<\/div>\n\t\t\t\t\t\t<\/a>\t\t\n<style>\n#image_91128926 {\n  width: 100%;\n}\n<\/style>\n\t<\/div>\n\t\n\n\n\t\t<\/div>\n\t\t\t\t\t<\/div>\n\n\t\n\n<\/div>\n\n\t\t<\/div>\n\t\t\t\t\t<\/div>\n\n\t\n\n<\/div>\n\n\t\t<\/div>\n\n\t\t\n<style>\n#section_491729261 {\n  padding-top: 30px;\n  padding-bottom: 30px;\n}\n<\/style>\n\t<\/section>\n\t\n\t<section class=\"section\" id=\"section_1647215703\">\n\t\t<div class=\"bg section-bg fill bg-fill  bg-loaded\" >\n\n\t\t\t\n\t\t\t\n\t\t\t\n\n\t\t<\/div>\n\n\t\t\n\n\t\t<div class=\"section-content relative\">\n\t\t\t\n\n<div class=\"row\"  id=\"row-1709379917\">\n\n\n\t<div id=\"col-450042532\" class=\"col small-12 large-12\"  >\n\t\t\t\t<div class=\"col-inner\"  >\n\t\t\t\n\t\t\t\n\n<div class=\"row align-equal align-center\"  id=\"row-1564446277\">\n\n\n\t<div id=\"col-1820220794\" class=\"col small-12 large-12\"  >\n\t\t\t\t<div class=\"col-inner\"  >\n\t\t\t\n\t\t\t\n\n\t<div id=\"text-4161988924\" class=\"text\">\n\t\t\n\n<h2>Pro\u010d si vybrat Impacttesting.net?<br \/>FBT-01 Tester kapek<\/h2>\n\t\t\n<style>\n#text-4161988924 {\n  font-size: 1.4rem;\n  text-align: center;\n}\n<\/style>\n\t<\/div>\n\t\n\n\t\t<\/div>\n\t\t\t\t\t<\/div>\n\n\t\n\n\t<div id=\"col-2089378204\" class=\"col medium-6 small-12 large-6\"  >\n\t\t\t\t<div class=\"col-inner text-center\"  >\n\t\t\t\n\t\t\t\n\n\t<div id=\"text-735649668\" class=\"text\">\n\t\t\n\n<p>Dodr\u017eov\u00e1n\u00ed <a href=\"https:\/\/www.impacttesting.net\/cs\/ansi-z87-1\/\"><strong>ANSI Z87.1<\/strong><\/a> d\u00edky spolehliv\u00e9mu testov\u00e1n\u00ed drop ball zaru\u010duje, \u017ee ochrann\u00e9 br\u00fdle vydr\u017e\u00ed ka\u017edodenn\u00ed pr\u016fmyslov\u00e9 nebezpe\u010d\u00ed. D\u00edky pokro\u010dil\u00fdm \u0159e\u0161en\u00edm spole\u010dnosti Cell Instruments, jako jsou nap\u0159. <strong>FBT-01<\/strong>, z\u00edsk\u00e1te jistotu, \u017ee v\u00e1\u0161 produkt spl\u0148uje po\u017eadavky a je schopen ochrany.<\/p>\n<p>Dovolte spole\u010dnosti Cell Instruments, aby se stala va\u0161\u00edm partnerem p\u0159i dosahov\u00e1n\u00ed dokonalosti v oblasti testov\u00e1n\u00ed materi\u00e1l\u016f a dodr\u017eov\u00e1n\u00ed normy ANSI Z87.1.<\/p>\n\t\t\n<style>\n#text-735649668 {\n  font-size: 1.1rem;\n  line-height: 2;\n}\n<\/style>\n\t<\/div>\n\t\n<a href=\"https:\/\/www.impacttesting.net\/cs\/contact-us\/\" class=\"button primary is-outline\"  style=\"border-radius:99px;\">\n    <span>Kontaktujte n\u00e1s<\/span>\n  <i class=\"icon-chat\" aria-hidden=\"true\" ><\/i><\/a>\n\n\n\n\t\t<\/div>\n\t\t\t\t\t<\/div>\n\n\t\n\n\t<div id=\"col-1476624394\" class=\"col medium-4 small-12 large-4\"  >\n\t\t\t\t<div class=\"col-inner text-center\"  >\n\t\t\t\n\t\t\t\n\n\n<div class=\"wpcf7 no-js\" id=\"wpcf7-f10-o1\" lang=\"en-US\" dir=\"ltr\" data-wpcf7-id=\"10\">\n<div class=\"screen-reader-response\"><p role=\"status\" aria-live=\"polite\" aria-atomic=\"true\"><\/p> <ul><\/ul><\/div>\n<form action=\"\/cs\/wp-json\/wp\/v2\/pages\/57#wpcf7-f10-o1\" method=\"post\" class=\"wpcf7-form init\" aria-label=\"Contact form\" novalidate=\"novalidate\" data-status=\"init\" data-trp-original-action=\"\/cs\/wp-json\/wp\/v2\/pages\/57#wpcf7-f10-o1\">\n<fieldset class=\"hidden-fields-container\"><input type=\"hidden\" name=\"_wpcf7\" value=\"10\" \/><input type=\"hidden\" name=\"_wpcf7_version\" value=\"6.1.4\" \/><input type=\"hidden\" name=\"_wpcf7_locale\" value=\"en_US\" \/><input type=\"hidden\" name=\"_wpcf7_unit_tag\" value=\"wpcf7-f10-o1\" \/><input type=\"hidden\" name=\"_wpcf7_container_post\" value=\"0\" \/><input type=\"hidden\" name=\"_wpcf7_posted_data_hash\" value=\"\" \/><input type=\"hidden\" name=\"_wpcf7_recaptcha_response\" value=\"\" \/>\n<\/fieldset>\n<p><span class=\"wpcf7-form-control-wrap\" data-name=\"Name\"><input size=\"40\" maxlength=\"400\" class=\"wpcf7-form-control wpcf7-text\" aria-invalid=\"false\" placeholder=\"Va\u0161e jm\u00e9no\" value=\"\" type=\"text\" name=\"Name\" \/><\/span><br \/>\n<span class=\"wpcf7-form-control-wrap\" data-name=\"Comapany\"><input size=\"40\" maxlength=\"400\" class=\"wpcf7-form-control wpcf7-text\" aria-invalid=\"false\" placeholder=\"Va\u0161e spole\u010dnost\" value=\"\" type=\"text\" name=\"Comapany\" \/><\/span><br \/>\n<span class=\"wpcf7-form-control-wrap\" data-name=\"Email\"><input size=\"40\" maxlength=\"400\" class=\"wpcf7-form-control wpcf7-email wpcf7-validates-as-required wpcf7-text wpcf7-validates-as-email\" aria-required=\"true\" aria-invalid=\"false\" placeholder=\"V\u00e1\u0161 e-mail*\" value=\"\" type=\"email\" name=\"Email\" \/><\/span><br \/>\n<span class=\"wpcf7-form-control-wrap\" data-name=\"Message\"><textarea cols=\"40\" rows=\"10\" maxlength=\"2000\" class=\"wpcf7-form-control wpcf7-textarea\" aria-invalid=\"false\" placeholder=\"Zpr\u00e1va\" name=\"Message\"><\/textarea><\/span>\n<\/p>\n<p><input class=\"wpcf7-form-control wpcf7-submit has-spinner\" type=\"submit\" value=\"Odeslat\" \/>\n<\/p><div class=\"wpcf7-response-output\" aria-hidden=\"true\"><\/div>\n<input type=\"hidden\" name=\"trp-form-language\" value=\"cs\"\/><\/form>\n<\/div>\n\n\n\n\t\t<\/div>\n\t\t\t\t\t<\/div>\n\n\t\n\n<\/div>\n\n\t\t<\/div>\n\t\t\t\t\t<\/div>\n\n\t\n\n<\/div>\n\n\t\t<\/div>\n\n\t\t\n<style>\n#section_1647215703 {\n  padding-top: 30px;\n  padding-bottom: 30px;\n  background-color: rgb(232, 234, 241);\n}\n<\/style>\n\t<\/section>","protected":false},"excerpt":{"rendered":"","protected":false},"author":1,"featured_media":0,"parent":0,"menu_order":0,"comment_status":"closed","ping_status":"closed","template":"page-blank.php","meta":{"footnotes":""},"class_list":["post-57","page","type-page","status-publish","hentry"],"_links":{"self":[{"href":"https:\/\/www.impacttesting.net\/cs\/wp-json\/wp\/v2\/pages\/57","targetHints":{"allow":["GET"]}}],"collection":[{"href":"https:\/\/www.impacttesting.net\/cs\/wp-json\/wp\/v2\/pages"}],"about":[{"href":"https:\/\/www.impacttesting.net\/cs\/wp-json\/wp\/v2\/types\/page"}],"author":[{"embeddable":true,"href":"https:\/\/www.impacttesting.net\/cs\/wp-json\/wp\/v2\/users\/1"}],"replies":[{"embeddable":true,"href":"https:\/\/www.impacttesting.net\/cs\/wp-json\/wp\/v2\/comments?post=57"}],"version-history":[{"count":4,"href":"https:\/\/www.impacttesting.net\/cs\/wp-json\/wp\/v2\/pages\/57\/revisions"}],"predecessor-version":[{"id":68,"href":"https:\/\/www.impacttesting.net\/cs\/wp-json\/wp\/v2\/pages\/57\/revisions\/68"}],"wp:attachment":[{"href":"https:\/\/www.impacttesting.net\/cs\/wp-json\/wp\/v2\/media?parent=57"}],"curies":[{"name":"wp","href":"https:\/\/api.w.org\/{rel}","templated":true}]}}