{"id":48,"date":"2025-12-24T03:25:25","date_gmt":"2025-12-24T03:25:25","guid":{"rendered":"https:\/\/www.impacttesting.net\/?page_id=48"},"modified":"2025-12-24T05:48:32","modified_gmt":"2025-12-24T05:48:32","slug":"pendulum-impact-tester","status":"publish","type":"page","link":"https:\/\/www.impacttesting.net\/cs\/pendulum-impact-tester\/","title":{"rendered":"PIT-01 kyvadlov\u00e1 r\u00e1zov\u00e1 zkou\u0161e\u010dka"},"content":{"rendered":"<section class=\"section\" id=\"section_1985105240\">\n\t\t<div class=\"bg section-bg fill bg-fill  bg-loaded\" >\n\n\t\t\t\n\t\t\t\n\t\t\t\n\n\t\t<\/div>\n\n\t\t\n\n\t\t<div class=\"section-content relative\">\n\t\t\t\n\n<div class=\"row\"  id=\"row-616887160\">\n\n\n\t<div id=\"col-1404285224\" class=\"col small-12 large-12\"  >\n\t\t\t\t<div class=\"col-inner\" style=\"background-color:rgb(92, 171, 188);\" >\n\t\t\t\n\t\t\t\n\n<div class=\"row\"  id=\"row-1195488057\">\n\n\n\t<div id=\"col-1269420277\" class=\"col small-12 large-12\"  >\n\t\t\t\t<div class=\"col-inner\"  >\n\t\t\t\n\t\t\t\n\n\t<div id=\"text-4073192637\" class=\"text\">\n\t\t\n\n<h1>PIT-01 kyvadlov\u00e1 r\u00e1zov\u00e1 zkou\u0161e\u010dka<\/h1>\n\t\t\n<style>\n#text-4073192637 {\n  font-size: 1.5rem;\n  text-align: center;\n}\n<\/style>\n\t<\/div>\n\t\n\n\t\t<\/div>\n\t\t\t\t\n<style>\n#col-1269420277 > .col-inner {\n  padding: 50px 10px 10px 10px;\n}\n<\/style>\n\t<\/div>\n\n\t\n\n<\/div>\n<div class=\"row align-middle align-center\"  id=\"row-1381546909\">\n\n\n\t<div id=\"col-1502031357\" class=\"col medium-11 small-12 large-11\"  >\n\t\t\t\t<div class=\"col-inner\"  >\n\t\t\t\n\t\t\t\n\n<div class=\"row align-middle align-center\"  id=\"row-1835599056\">\n\n\n\t<div id=\"col-1560150300\" class=\"col medium-7 small-12 large-7\"  >\n\t\t\t\t<div class=\"col-inner\"  >\n\t\t\t\n\t\t\t\n\n<div class=\"row\"  id=\"row-1077223390\">\n\n\n\t<div id=\"col-2040084112\" class=\"col small-12 large-12\"  >\n\t\t\t\t<div class=\"col-inner text-center\"  >\n\t\t\t\n\t\t\t\n\n\t<div id=\"text-33404563\" class=\"text\">\n\t\t\n\n<p>Na str\u00e1nk\u00e1ch <strong>kyvadlov\u00fd n\u00e1razov\u00fd tester<\/strong> m\u011b\u0159\u00ed schopnost materi\u00e1lu odol\u00e1vat n\u00e1hl\u00fdm n\u00e1raz\u016fm t\u00edm, \u017ee zaznamen\u00e1v\u00e1 energii pot\u0159ebnou k jeho protr\u017een\u00ed nebo prora\u017een\u00ed. <a href=\"https:\/\/www.impacttesting.net\/cs\/astm-d3420\/\"><strong>ASTM D3420<\/strong><\/a> poskytuje standardizovanou metodu hodnocen\u00ed odolnosti plastov\u00fdch f\u00f3li\u00ed proti n\u00e1razu, kter\u00e1 zaji\u0161\u0165uje d\u016fslednou kontrolu kvality a charakterizaci materi\u00e1lu. Mezi b\u011b\u017en\u011b testovan\u00e9 materi\u00e1ly pat\u0159\u00ed <strong>plastov\u00e9 f\u00f3lie, lamin\u00e1ty, kompozity, f\u00f3lie a pap\u00edr pou\u017e\u00edvan\u00e9 v obalech.<\/strong>, v automobilov\u00e9m pr\u016fmyslu a ve stavebnictv\u00ed.<\/p>\n\t\t\n<style>\n#text-33404563 {\n  color: rgb(0, 0, 0);\n}\n#text-33404563 > * {\n  color: rgb(0, 0, 0);\n}\n<\/style>\n\t<\/div>\n\t\n\n\t\t<\/div>\n\t\t\t\t\t<\/div>\n\n\t\n\n\t<div id=\"col-715125050\" class=\"col small-12 large-12\"  >\n\t\t\t\t<div class=\"col-inner text-center\"  >\n\t\t\t\n\t\t\t\n\n<a href=\"https:\/\/www.impacttesting.net\/cs\/contact-us\/\" class=\"button primary is-outline\"  style=\"border-radius:99px;\">\n    <span>Kontaktujte n\u00e1s<\/span>\n  <i class=\"icon-chat\" aria-hidden=\"true\" ><\/i><\/a>\n\n\n\n\t\t<\/div>\n\t\t\t\t\t<\/div>\n\n\t\n\n<\/div>\n\n\t\t<\/div>\n\t\t\t\t\t<\/div>\n\n\t\n\n\t<div id=\"col-542125915\" class=\"col medium-4 small-12 large-4\"  >\n\t\t\t\t<div class=\"col-inner\"  >\n\t\t\t\n\t\t\t\n\n<div class=\"row\"  id=\"row-1290166597\">\n\n\n\t<div id=\"col-1494494253\" class=\"col small-12 large-12\"  >\n\t\t\t\t<div class=\"col-inner\"  >\n\t\t\t\n\t\t\t\n\n\t<div class=\"img has-hover x md-x lg-x y md-y lg-y\" id=\"image_1954274649\">\n\t\t\t\t\t\t\t\t<div class=\"img-inner dark\" >\n\t\t\t<img decoding=\"async\" width=\"728\" height=\"800\" src=\"https:\/\/www.impacttesting.net\/wp-content\/uploads\/2025\/12\/Pendulum-Impact-Tester-ASTM-D3420-amp-Spencer-Impact-Test-Impact-Testing-728x800.webp\" class=\"attachment-large size-large\" alt=\"Kyvadlov\u00fd n\u00e1razov\u00fd test - ASTM D3420 &amp; Spencer Impact Test - R\u00e1zov\u00e9 zkou\u0161ky\" srcset=\"https:\/\/www.impacttesting.net\/wp-content\/uploads\/2025\/12\/Pendulum-Impact-Tester-ASTM-D3420-amp-Spencer-Impact-Test-Impact-Testing-728x800.webp 728w, https:\/\/www.impacttesting.net\/wp-content\/uploads\/2025\/12\/Pendulum-Impact-Tester-ASTM-D3420-amp-Spencer-Impact-Test-Impact-Testing-364x400.webp 364w, https:\/\/www.impacttesting.net\/wp-content\/uploads\/2025\/12\/Pendulum-Impact-Tester-ASTM-D3420-amp-Spencer-Impact-Test-Impact-Testing-768x844.webp 768w, https:\/\/www.impacttesting.net\/wp-content\/uploads\/2025\/12\/Pendulum-Impact-Tester-ASTM-D3420-amp-Spencer-Impact-Test-Impact-Testing-1397x1536.webp 1397w, https:\/\/www.impacttesting.net\/wp-content\/uploads\/2025\/12\/Pendulum-Impact-Tester-ASTM-D3420-amp-Spencer-Impact-Test-Impact-Testing.webp 1558w\" sizes=\"(max-width: 728px) 100vw, 728px\" \/>\t\t\t\t\t\t\n\t\t\t\t\t<\/div>\n\t\t\t\t\t\t\t\t\n<style>\n#image_1954274649 {\n  width: 100%;\n}\n<\/style>\n\t<\/div>\n\t\n\n\n\t\t<\/div>\n\t\t\t\t\t<\/div>\n\n\t\n\n<\/div>\n\n\t\t<\/div>\n\t\t\t\t\t<\/div>\n\n\t\n\n<\/div>\n\n\t\t<\/div>\n\t\t\t\t\t<\/div>\n\n\t\n\n<\/div>\n\n\t\t<\/div>\n\t\t\t\t\t<\/div>\n\n\t\n\n\n<style>\n#row-616887160 > .col > .col-inner {\n  border-radius: 25px;\n}\n<\/style>\n<\/div>\n\n\t\t<\/div>\n\n\t\t\n<style>\n#section_1985105240 {\n  padding-top: 30px;\n  padding-bottom: 30px;\n}\n<\/style>\n\t<\/section>\n\t\n\t<section class=\"section\" id=\"section_98747981\">\n\t\t<div class=\"bg section-bg fill bg-fill  bg-loaded\" >\n\n\t\t\t\n\t\t\t\n\t\t\t\n\n\t\t<\/div>\n\n\t\t\n\n\t\t<div class=\"section-content relative\">\n\t\t\t\n\n<div class=\"row\"  id=\"row-1928634793\">\n\n\n\t<div id=\"col-587306522\" class=\"col small-12 large-12\"  >\n\t\t\t\t<div class=\"col-inner\"  >\n\t\t\t\n\t\t\t\n\n<div class=\"row\"  id=\"row-1467050464\">\n\n\n\t<div id=\"col-336715464\" class=\"col small-12 large-12\"  >\n\t\t\t\t<div class=\"col-inner\"  >\n\t\t\t\n\t\t\t\n\n<div class=\"row\"  id=\"row-420929476\">\n\n\n\t<div id=\"col-792202742\" class=\"col small-12 large-12\"  >\n\t\t\t\t<div class=\"col-inner\"  >\n\t\t\t\n\t\t\t\n\n\t<div id=\"text-2294659234\" class=\"text\">\n\t\t\n\n<h2>Jak funguje kyvadlov\u00e1 n\u00e1razov\u00e1 zkou\u0161e\u010dka<\/h2>\n\t\t\n<style>\n#text-2294659234 {\n  font-size: 1.3rem;\n  text-align: center;\n}\n<\/style>\n\t<\/div>\n\t\n<p>Na str\u00e1nk\u00e1ch <strong>PIT-01 kyvadlov\u00e1 r\u00e1zov\u00e1 zkou\u0161e\u010dka<\/strong> podle <strong>Impacttesting.net<\/strong> je navr\u017een tak, aby poskytoval p\u0159esn\u00e9 a opakovateln\u00e9 m\u011b\u0159en\u00ed odolnosti proti n\u00e1razu. Proces testov\u00e1n\u00ed zahrnuje:<\/p>\n\n\t\t<\/div>\n\t\t\t\t\t<\/div>\n\n\t\n\n<\/div>\n<div class=\"row align-middle\"  id=\"row-1948835827\">\n\n\n\t<div id=\"col-2108534667\" class=\"col medium-6 small-12 large-6\"  >\n\t\t\t\t<div class=\"col-inner\"  >\n\t\t\t\n\t\t\t\n\n<ol>\n<li>P\u0159\u00edprava vzork\u016f: Vybere se vzorek o stejn\u00e9 tlou\u0161\u0165ce a konzistenci.<\/li>\n<li>Up\u00edn\u00e1n\u00ed vzork\u016f: F\u00f3lie je zaji\u0161t\u011bna na m\u00edst\u011b pomoc\u00ed pneumatick\u00e9ho up\u00ednac\u00edho syst\u00e9mu.<\/li>\n<li>Uvoln\u011bn\u00ed kyvadla: Kyvadlo vybaven\u00e9 n\u00e1razovou hlavic\u00ed se automaticky uvoln\u00ed z p\u0159edem definovan\u00e9 v\u00fd\u0161ky.<\/li>\n<li>M\u011b\u0159en\u00ed dopadu: P\u0159i n\u00e1razu se zaznamen\u00e1 energie pohlcen\u00e1 materi\u00e1lem.<\/li>\n<li>Anal\u00fdza dat: V\u00fdsledky se zobrazuj\u00ed na digit\u00e1ln\u00edm rozhran\u00ed s volitelnou mikrotisk\u00e1rnou pro okam\u017eit\u00e9 hl\u00e1\u0161en\u00ed.<\/li>\n<\/ol>\n\n\t\t<\/div>\n\t\t\t\t\t<\/div>\n\n\t\n\n\t<div id=\"col-894573007\" class=\"col medium-6 small-12 large-6\"  >\n\t\t\t\t<div class=\"col-inner\"  >\n\t\t\t\n\t\t\t\n\n<div class=\"video video-fit mb\" style=\"padding-top:56.25%;\"><iframe title=\"ASTM D3420 kyvadlov\u00fd n\u00e1razov\u00fd tester pro plastov\u00e9 f\u00f3lie N\u00e1razov\u00fd tester pro plastov\u00e9 f\u00f3lie\" width=\"1020\" height=\"574\" src=\"https:\/\/www.youtube.com\/embed\/vEx4esxMESw?feature=oembed\" frameborder=\"0\" allow=\"accelerometer; autoplay; clipboard-write; encrypted-media; gyroscope; picture-in-picture; web-share\" referrerpolicy=\"strict-origin-when-cross-origin\" allowfullscreen><\/iframe><\/div>\n\n\n\t\t<\/div>\n\t\t\t\t\t<\/div>\n\n\t\n\n<\/div>\n\n\t\t<\/div>\n\t\t\t\t\t<\/div>\n\n\t\n\n<\/div>\n\n\t\t<\/div>\n\t\t\t\t\t<\/div>\n\n\t\n\n<\/div>\n<div class=\"row\"  id=\"row-1806862067\">\n\n\n\t<div id=\"col-819489680\" class=\"col small-12 large-12\"  >\n\t\t\t\t<div class=\"col-inner\"  >\n\t\t\t\n\t\t\t\n\n<div class=\"row\"  id=\"row-352211918\">\n\n\n\t<div id=\"col-847711931\" class=\"col small-12 large-12\"  >\n\t\t\t\t<div class=\"col-inner\"  >\n\t\t\t\n\t\t\t\n\n\t<div id=\"text-414125382\" class=\"text\">\n\t\t\n\n<h2>ASTM D3420 a Spencerova n\u00e1razov\u00e1 zkou\u0161ka<\/h2>\n\t\t\n<style>\n#text-414125382 {\n  font-size: 1.3rem;\n  text-align: center;\n}\n<\/style>\n\t<\/div>\n\t\n\n\t\t<\/div>\n\t\t\t\t\t<\/div>\n\n\t\n\n\t<div id=\"col-677562014\" class=\"col small-12 large-12\"  >\n\t\t\t\t<div class=\"col-inner\"  >\n\t\t\t\n\t\t\t\n\n<h3>ASTM D3420 - Zku\u0161ebn\u00ed metoda pro stanoven\u00ed odolnosti plastov\u00e9 f\u00f3lie proti kyvadlov\u00e9mu n\u00e1razu<\/h3>\n<p><a href=\"https:\/\/www.impacttesting.net\/cs\/astm-d3420\/\">ASTM D3420<\/a> ur\u010duje metodu pro stanoven\u00ed <strong>odolnost plastov\u00fdch f\u00f3li\u00ed proti n\u00e1razu<\/strong> m\u011b\u0159en\u00edm energie pot\u0159ebn\u00e9 k prora\u017een\u00ed zku\u0161ebn\u00edho vzorku kyvadlov\u00fdm n\u00e1razov\u00fdm t\u011blesem. Zkou\u0161ka je navr\u017eena tak, aby poskytla informace o dynamick\u00e9m chov\u00e1n\u00ed materi\u00e1lu v tahu za podm\u00ednek vysok\u00e9 deforma\u010dn\u00ed rychlosti, co\u017e je nezbytn\u00e9 pro hodnocen\u00ed obalov\u00fdch materi\u00e1l\u016f.<\/p>\n<p>Mezi kl\u00ed\u010dov\u00e9 aspekty normy ASTM D3420 pat\u0159\u00ed:<\/p>\n<p>M\u011b\u0159en\u00ed energetick\u00fdch ztr\u00e1t zp\u016fsoben\u00fdch n\u00e1razem kyvadlov\u00e9 sondy na zku\u0161ebn\u00ed vzorek.<br \/>Dva postupy (A a B) li\u0161\u00edc\u00ed se velikost\u00ed vzorku, s <strong>Postup B \u010dasto ozna\u010dovan\u00fd jako Spencerova n\u00e1razov\u00e1 zkou\u0161ka<\/strong>.<br \/>V\u00fdznam v aplikac\u00edch vy\u017eaduj\u00edc\u00edch vysokou odolnost proti n\u00e1razu, jako jsou potravin\u00e1\u0159sk\u00e9 a farmaceutick\u00e9 obalov\u00e9 f\u00f3lie.<\/p>\n<h3>Spencer\u016fv n\u00e1razov\u00fd test: Specializovan\u00e1 varianta<\/h3>\n<p>Na str\u00e1nk\u00e1ch <strong>Spencer\u016fv n\u00e1razov\u00fd test<\/strong> je variantou normy ASTM D3420, kter\u00e1 je obvykle spojena s. <strong>Postup B<\/strong>, kter\u00fd pou\u017e\u00edv\u00e1 <strong>Svorka na vzorky o pr\u016fm\u011bru 89 mm<\/strong>. Tato metoda je \u0161iroce pou\u017e\u00edv\u00e1na pro hodnocen\u00ed f\u00f3li\u00ed pou\u017e\u00edvan\u00fdch v pru\u017en\u00fdch obalech a zaji\u0161\u0165uje, \u017ee materi\u00e1ly vydr\u017e\u00ed mechanick\u00e9 nam\u00e1h\u00e1n\u00ed bez roztr\u017een\u00ed nebo protr\u017een\u00ed.<\/p>\n\n\t\t<\/div>\n\t\t\t\t\t<\/div>\n\n\t\n\n<\/div>\n\n\t\t<\/div>\n\t\t\t\t\t<\/div>\n\n\t\n\n<\/div>\n<div class=\"row\"  id=\"row-1794027208\">\n\n\n\t<div id=\"col-1136195867\" class=\"col small-12 large-12\"  >\n\t\t\t\t<div class=\"col-inner\"  >\n\t\t\t\n\t\t\t\n\n<div class=\"row\"  id=\"row-484926793\">\n\n\n\t<div id=\"col-64282948\" class=\"col small-12 large-12\"  >\n\t\t\t\t<div class=\"col-inner\"  >\n\t\t\t\n\t\t\t\n\n\t<div id=\"text-914108657\" class=\"text\">\n\t\t\n\n<h2>PIT-01 kyvadlov\u00e1 r\u00e1zov\u00e1 zkou\u0161e\u010dka<\/h2>\n\t\t\n<style>\n#text-914108657 {\n  font-size: 1.3rem;\n  text-align: center;\n}\n<\/style>\n\t<\/div>\n\t\n\n\t\t<\/div>\n\t\t\t\t\t<\/div>\n\n\t\n\n<\/div>\n<div class=\"row\"  id=\"row-186364407\">\n\n\n\t<div id=\"col-850876183\" class=\"col medium-6 small-12 large-6\"  >\n\t\t\t\t<div class=\"col-inner\"  >\n\t\t\t\n\t\t\t\n\n<h3>Kl\u00ed\u010dov\u00e9 vlastnosti:<\/h3>\n<p>Kyvadlov\u00fd r\u00e1zov\u00fd tester Cell Instruments' PIT-01 nab\u00edz\u00ed pokro\u010dil\u00e9 funkce pro vysoce p\u0159esn\u00e9 testov\u00e1n\u00ed materi\u00e1l\u016f:<\/p>\n<ul>\n<li>\u0158\u00edzen\u00ed PLC a dotykov\u00fd displej HMI pro snadn\u00e9 ovl\u00e1d\u00e1n\u00ed.<\/li>\n<li>Pneumatick\u00e9 up\u00edn\u00e1n\u00ed vzork\u016f zaji\u0161\u0165uj\u00edc\u00ed stabiln\u00ed polohov\u00e1n\u00ed.<\/li>\n<li>Automatick\u00e9 uvoln\u011bn\u00ed kyvadla pro konzistentn\u00ed n\u00e1razov\u00e9 zkou\u0161ky.<\/li>\n<li>Automatick\u00e1 statistika dat a mikrotisk\u00e1rna pro efektivn\u00ed dokumentaci v\u00fdsledk\u016f.<\/li>\n<li>P\u0159esn\u00e9 m\u011b\u0159en\u00ed \u00fahlu pro p\u0159esn\u00e9 v\u00fdpo\u010dty energie.<\/li>\n<li>Port RS232 a software (voliteln\u00fd) pro pokro\u010dilou anal\u00fdzu dat.<\/li>\n<\/ul>\n\n\t\t<\/div>\n\t\t\t\t\t<\/div>\n\n\t\n\n\t<div id=\"col-101848871\" class=\"col medium-6 small-12 large-6\"  >\n\t\t\t\t<div class=\"col-inner\"  >\n\t\t\t\n\t\t\t\n\n<h3>Technick\u00e9 specifikace:<\/h3>\n<table width=\"360\">\n<tbody>\n<tr>\n<td style=\"text-align: center;\" width=\"143\">Impact Energy<\/td>\n<td style=\"text-align: center;\" width=\"217\">1 J, 2 J, 3 J<\/td>\n<\/tr>\n<tr>\n<td style=\"text-align: center;\" width=\"143\">Rozli\u0161en\u00ed<\/td>\n<td style=\"text-align: center;\" width=\"217\">\u00a00.001 J<\/td>\n<\/tr>\n<tr>\n<td style=\"text-align: center;\" width=\"143\">Velikost n\u00e1razov\u00e9 hlavy<\/td>\n<td style=\"text-align: center;\" width=\"217\">\u042425,4, \u042419, \u042412,7 mm\u00a0<\/td>\n<\/tr>\n<tr>\n<td style=\"text-align: center;\" width=\"143\">Svorka na vzorky<\/td>\n<td style=\"text-align: center;\" width=\"217\">Pneumatick\u00e1 svorka<\/td>\n<\/tr>\n<tr>\n<td style=\"text-align: center;\" width=\"143\">Pr\u016fm\u011br svorky<\/td>\n<td style=\"text-align: center;\" width=\"217\">\u042489 mm, \u042460 mm<\/td>\n<\/tr>\n<tr>\n<td style=\"text-align: center;\" width=\"143\">Z\u00e1sobov\u00e1n\u00ed plynem<\/td>\n<td style=\"text-align: center;\" width=\"217\">0,6 MPa \u03a66 mm PU trubky<\/td>\n<\/tr>\n<tr>\n<td style=\"text-align: center;\" width=\"143\">Velikost vzorku<\/td>\n<td style=\"text-align: center;\" width=\"217\">100*100 mm nebo \u0424100 mm<\/td>\n<\/tr>\n<tr>\n<td style=\"text-align: center;\" width=\"143\">Nap\u00e1jen\u00ed\u00a0<\/td>\n<td style=\"text-align: center;\" width=\"217\">AC 110~220V 50Hz<\/td>\n<\/tr>\n<\/tbody>\n<\/table>\n\n\t\t<\/div>\n\t\t\t\t\t<\/div>\n\n\t\n\n<\/div>\n\n\t\t<\/div>\n\t\t\t\t\t<\/div>\n\n\t\n\n<\/div>\n\n\t\t<\/div>\n\n\t\t\n<style>\n#section_98747981 {\n  padding-top: 30px;\n  padding-bottom: 30px;\n}\n<\/style>\n\t<\/section>\n\t\n\t<section class=\"section\" id=\"section_1227773470\">\n\t\t<div class=\"bg section-bg fill bg-fill  bg-loaded\" >\n\n\t\t\t\n\t\t\t\n\t\t\t\n\n\t\t<\/div>\n\n\t\t\n\n\t\t<div class=\"section-content relative\">\n\t\t\t\n\n<div class=\"row\"  id=\"row-613448822\">\n\n\n\t<div id=\"col-940150152\" class=\"col small-12 large-12\"  >\n\t\t\t\t<div class=\"col-inner\"  >\n\t\t\t\n\t\t\t\n\n<div class=\"row align-equal align-center\"  id=\"row-1343186002\">\n\n\n\t<div id=\"col-431257987\" class=\"col small-12 large-12\"  >\n\t\t\t\t<div class=\"col-inner\"  >\n\t\t\t\n\t\t\t\n\n\t<div id=\"text-4082484375\" class=\"text\">\n\t\t\n\n<h2>Pro\u010d si vybrat Impacttesting.net?<br \/>PIT-01 kyvadlov\u00e1 r\u00e1zov\u00e1 zkou\u0161e\u010dka<\/h2>\n\t\t\n<style>\n#text-4082484375 {\n  font-size: 1.4rem;\n  text-align: center;\n}\n<\/style>\n\t<\/div>\n\t\n\n\t\t<\/div>\n\t\t\t\t\t<\/div>\n\n\t\n\n\t<div id=\"col-1458023277\" class=\"col medium-6 small-12 large-6\"  >\n\t\t\t\t<div class=\"col-inner text-center\"  >\n\t\t\t\n\t\t\t\n\n\t<div id=\"text-337410751\" class=\"text\">\n\t\t\n\n<p>Integrac\u00ed <strong>kyvadlov\u00e1 n\u00e1razov\u00e1 zkou\u0161ka<\/strong> do sv\u00fdch proces\u016f kontroly kvality, m\u016f\u017eete zv\u00fd\u0161it trvanlivost v\u00fdrobk\u016f a jejich soulad s pr\u016fmyslov\u00fdmi normami. <strong>Impacttesting.net<\/strong> poskytuje nejmodern\u011bj\u0161\u00ed \u0159e\u0161en\u00ed pro spln\u011bn\u00ed va\u0161ich pot\u0159eb v oblasti testov\u00e1n\u00ed materi\u00e1l\u016f.<\/p>\n\t\t\n<style>\n#text-337410751 {\n  font-size: 1.1rem;\n  line-height: 2;\n}\n<\/style>\n\t<\/div>\n\t\n<a href=\"https:\/\/www.impacttesting.net\/cs\/contact-us\/\" class=\"button primary is-outline\"  style=\"border-radius:99px;\">\n    <span>Kontaktujte n\u00e1s<\/span>\n  <i class=\"icon-chat\" aria-hidden=\"true\" ><\/i><\/a>\n\n\n\n\t\t<\/div>\n\t\t\t\t\t<\/div>\n\n\t\n\n\t<div id=\"col-1699055036\" class=\"col medium-4 small-12 large-4\"  >\n\t\t\t\t<div class=\"col-inner text-center\"  >\n\t\t\t\n\t\t\t\n\n\n<div class=\"wpcf7 no-js\" id=\"wpcf7-f10-o1\" lang=\"en-US\" dir=\"ltr\" data-wpcf7-id=\"10\">\n<div class=\"screen-reader-response\"><p role=\"status\" aria-live=\"polite\" aria-atomic=\"true\"><\/p> <ul><\/ul><\/div>\n<form action=\"\/cs\/wp-json\/wp\/v2\/pages\/48#wpcf7-f10-o1\" method=\"post\" class=\"wpcf7-form init\" aria-label=\"Contact form\" novalidate=\"novalidate\" data-status=\"init\" data-trp-original-action=\"\/cs\/wp-json\/wp\/v2\/pages\/48#wpcf7-f10-o1\">\n<fieldset class=\"hidden-fields-container\"><input type=\"hidden\" name=\"_wpcf7\" value=\"10\" \/><input type=\"hidden\" name=\"_wpcf7_version\" value=\"6.1.4\" \/><input type=\"hidden\" name=\"_wpcf7_locale\" value=\"en_US\" \/><input type=\"hidden\" name=\"_wpcf7_unit_tag\" value=\"wpcf7-f10-o1\" \/><input type=\"hidden\" name=\"_wpcf7_container_post\" value=\"0\" \/><input type=\"hidden\" name=\"_wpcf7_posted_data_hash\" value=\"\" \/><input type=\"hidden\" name=\"_wpcf7_recaptcha_response\" value=\"\" \/>\n<\/fieldset>\n<p><span class=\"wpcf7-form-control-wrap\" data-name=\"Name\"><input size=\"40\" maxlength=\"400\" class=\"wpcf7-form-control wpcf7-text\" aria-invalid=\"false\" placeholder=\"Va\u0161e jm\u00e9no\" value=\"\" type=\"text\" name=\"Name\" \/><\/span><br \/>\n<span class=\"wpcf7-form-control-wrap\" data-name=\"Comapany\"><input size=\"40\" maxlength=\"400\" class=\"wpcf7-form-control wpcf7-text\" aria-invalid=\"false\" placeholder=\"Va\u0161e spole\u010dnost\" value=\"\" type=\"text\" name=\"Comapany\" \/><\/span><br \/>\n<span class=\"wpcf7-form-control-wrap\" data-name=\"Email\"><input size=\"40\" maxlength=\"400\" class=\"wpcf7-form-control wpcf7-email wpcf7-validates-as-required wpcf7-text wpcf7-validates-as-email\" aria-required=\"true\" aria-invalid=\"false\" placeholder=\"V\u00e1\u0161 e-mail*\" value=\"\" type=\"email\" name=\"Email\" \/><\/span><br \/>\n<span class=\"wpcf7-form-control-wrap\" data-name=\"Message\"><textarea cols=\"40\" rows=\"10\" maxlength=\"2000\" class=\"wpcf7-form-control wpcf7-textarea\" aria-invalid=\"false\" placeholder=\"Zpr\u00e1va\" name=\"Message\"><\/textarea><\/span>\n<\/p>\n<p><input class=\"wpcf7-form-control wpcf7-submit has-spinner\" type=\"submit\" value=\"Odeslat\" \/>\n<\/p><div class=\"wpcf7-response-output\" aria-hidden=\"true\"><\/div>\n<input type=\"hidden\" name=\"trp-form-language\" value=\"cs\"\/><\/form>\n<\/div>\n\n\n\n\t\t<\/div>\n\t\t\t\t\t<\/div>\n\n\t\n\n<\/div>\n\n\t\t<\/div>\n\t\t\t\t\t<\/div>\n\n\t\n\n<\/div>\n\n\t\t<\/div>\n\n\t\t\n<style>\n#section_1227773470 {\n  padding-top: 30px;\n  padding-bottom: 30px;\n  background-color: rgb(232, 234, 241);\n}\n<\/style>\n\t<\/section>","protected":false},"excerpt":{"rendered":"","protected":false},"author":1,"featured_media":0,"parent":0,"menu_order":0,"comment_status":"closed","ping_status":"closed","template":"page-blank.php","meta":{"footnotes":""},"class_list":["post-48","page","type-page","status-publish","hentry"],"_links":{"self":[{"href":"https:\/\/www.impacttesting.net\/cs\/wp-json\/wp\/v2\/pages\/48","targetHints":{"allow":["GET"]}}],"collection":[{"href":"https:\/\/www.impacttesting.net\/cs\/wp-json\/wp\/v2\/pages"}],"about":[{"href":"https:\/\/www.impacttesting.net\/cs\/wp-json\/wp\/v2\/types\/page"}],"author":[{"embeddable":true,"href":"https:\/\/www.impacttesting.net\/cs\/wp-json\/wp\/v2\/users\/1"}],"replies":[{"embeddable":true,"href":"https:\/\/www.impacttesting.net\/cs\/wp-json\/wp\/v2\/comments?post=48"}],"version-history":[{"count":5,"href":"https:\/\/www.impacttesting.net\/cs\/wp-json\/wp\/v2\/pages\/48\/revisions"}],"predecessor-version":[{"id":72,"href":"https:\/\/www.impacttesting.net\/cs\/wp-json\/wp\/v2\/pages\/48\/revisions\/72"}],"wp:attachment":[{"href":"https:\/\/www.impacttesting.net\/cs\/wp-json\/wp\/v2\/media?parent=48"}],"curies":[{"name":"wp","href":"https:\/\/api.w.org\/{rel}","templated":true}]}}